{"id":219023,"date":"2025-05-14T14:28:05","date_gmt":"2025-05-14T12:28:05","guid":{"rendered":"https:\/\/shop.bantam.ch\/produit\/table-a-manger-de-camping-stable\/"},"modified":"2026-04-18T22:49:28","modified_gmt":"2026-04-18T20:49:28","slug":"table-a-manger-de-camping-stable","status":"publish","type":"product","link":"https:\/\/shop.bantam.ch\/fr\/produit\/table-a-manger-de-camping-stable\/","title":{"rendered":"Table \u00e0 manger de camping stable"},"content":{"rendered":"<p>La table est \u00e9l\u00e9gante, avec des coins et des bords arrondis et des pieds de table l\u00e9g\u00e8rement inclin\u00e9s. Les quatre pieds de la table sont r\u00e9glables en hauteur et en inclinaison, la table est donc toujours parfaitement plane. Le cadre de base en acier est pliable, la table n&rsquo;a ainsi que 6 cm d&rsquo;\u00e9paisseur pour le transport.<br \/>Le plateau de table n&rsquo;a pas de rebord si bien que l&rsquo;eau et la salet\u00e9 peuvent s&rsquo;\u00e9couler librement et le nettoyage en est grandement facilit\u00e9. Le mat\u00e9riau du plateau est r\u00e9sistant aux UV, aux intemp\u00e9ries, \u00e0 la rupture et aux chocs, aux br\u00fblures de cigarettes et \u00e0 la chaleur jusqu&rsquo;\u00e0 180 \u00b0C. Un plateau de table ne pourrait gu\u00e8re \u00eatre plus r\u00e9sistant !<br \/>Le plateau provient d&rsquo;un grand sp\u00e9cialiste autrichien et l&rsquo;assemblage a lieu dans notre usine au Danemark, o\u00f9 le cadre est \u00e9galement fabriqu\u00e9.<br \/>100 % Made in Europe !<\/p>\n","protected":false},"excerpt":{"rendered":"<p>La table est \u00e9l\u00e9gante, avec des coins et des bords arrondis et des pieds de table l\u00e9g\u00e8rement inclin\u00e9s. Les quatre pieds de la table sont r\u00e9glables en hauteur et en inclinaison, la table est donc toujours parfaitement plane. Le cadre de base en acier est pliable, la table n&rsquo;a ainsi que 6 cm d&rsquo;\u00e9paisseur pour [&hellip;]<\/p>\n","protected":false},"featured_media":219033,"template":"","meta":{"_acf_changed":false},"product_featured_cat":[],"product_brand":[3090],"product_cat":[4053],"product_tag":[],"class_list":{"0":"post-219023","1":"product","2":"type-product","3":"status-publish","4":"has-post-thumbnail","6":"product_brand-isabella","7":"product_cat-tables-de-camping","9":"first","10":"instock","11":"taxable","12":"shipping-taxable","13":"purchasable","14":"product-type-variable"},"acf":[],"yoast_head":"<!-- This site is optimized with the Yoast SEO plugin v27.4 - https:\/\/yoast.com\/product\/yoast-seo-wordpress\/ -->\n<title>Table \u00e0 manger de camping stable - Bantam Wankm\u00fcller SA<\/title>\n<meta name=\"robots\" content=\"index, follow, max-snippet:-1, max-image-preview:large, max-video-preview:-1\" \/>\n<link rel=\"canonical\" href=\"https:\/\/shop.bantam.ch\/fr\/produit\/table-a-manger-de-camping-stable\/\" \/>\n<meta property=\"og:locale\" content=\"fr_FR\" \/>\n<meta property=\"og:type\" content=\"article\" \/>\n<meta property=\"og:title\" content=\"Table \u00e0 manger de camping stable - Bantam Wankm\u00fcller SA\" \/>\n<meta property=\"og:description\" content=\"La table est \u00e9l\u00e9gante, avec des coins et des bords arrondis et des pieds de table l\u00e9g\u00e8rement inclin\u00e9s. Les quatre pieds de la table sont r\u00e9glables en hauteur et en inclinaison, la table est donc toujours parfaitement plane. Le cadre de base en acier est pliable, la table n&rsquo;a ainsi que 6 cm d&rsquo;\u00e9paisseur pour [&hellip;]\" \/>\n<meta property=\"og:url\" content=\"https:\/\/shop.bantam.ch\/fr\/produit\/table-a-manger-de-camping-stable\/\" \/>\n<meta property=\"og:site_name\" content=\"Bantam Wankm\u00fcller SA\" \/>\n<meta property=\"article:modified_time\" content=\"2026-04-18T20:49:28+00:00\" \/>\n<meta name=\"twitter:card\" content=\"summary_large_image\" \/>\n<meta name=\"twitter:label1\" content=\"Dur\u00e9e de lecture estim\u00e9e\" \/>\n\t<meta name=\"twitter:data1\" content=\"1 minute\" \/>\n<script type=\"application\/ld+json\" class=\"yoast-schema-graph\">{\"@context\":\"https:\\\/\\\/schema.org\",\"@graph\":[{\"@type\":\"WebPage\",\"@id\":\"https:\\\/\\\/shop.bantam.ch\\\/fr\\\/produit\\\/table-a-manger-de-camping-stable\\\/\",\"url\":\"https:\\\/\\\/shop.bantam.ch\\\/fr\\\/produit\\\/table-a-manger-de-camping-stable\\\/\",\"name\":\"Table \u00e0 manger de camping stable - Bantam Wankm\u00fcller SA\",\"isPartOf\":{\"@id\":\"https:\\\/\\\/shop.bantam.ch\\\/fr\\\/#website\"},\"primaryImageOfPage\":{\"@id\":\"https:\\\/\\\/shop.bantam.ch\\\/fr\\\/produit\\\/table-a-manger-de-camping-stable\\\/#primaryimage\"},\"image\":{\"@id\":\"https:\\\/\\\/shop.bantam.ch\\\/fr\\\/produit\\\/table-a-manger-de-camping-stable\\\/#primaryimage\"},\"thumbnailUrl\":\"https:\\\/\\\/shop.bantam.ch\\\/wp-content\\\/uploads\\\/2025\\\/05\\\/996023311-2.jpg\",\"datePublished\":\"2025-05-14T12:28:05+00:00\",\"dateModified\":\"2026-04-18T20:49:28+00:00\",\"breadcrumb\":{\"@id\":\"https:\\\/\\\/shop.bantam.ch\\\/fr\\\/produit\\\/table-a-manger-de-camping-stable\\\/#breadcrumb\"},\"inLanguage\":\"fr-FR\",\"potentialAction\":[{\"@type\":\"ReadAction\",\"target\":[\"https:\\\/\\\/shop.bantam.ch\\\/fr\\\/produit\\\/table-a-manger-de-camping-stable\\\/\"]}]},{\"@type\":\"ImageObject\",\"inLanguage\":\"fr-FR\",\"@id\":\"https:\\\/\\\/shop.bantam.ch\\\/fr\\\/produit\\\/table-a-manger-de-camping-stable\\\/#primaryimage\",\"url\":\"https:\\\/\\\/shop.bantam.ch\\\/wp-content\\\/uploads\\\/2025\\\/05\\\/996023311-2.jpg\",\"contentUrl\":\"https:\\\/\\\/shop.bantam.ch\\\/wp-content\\\/uploads\\\/2025\\\/05\\\/996023311-2.jpg\",\"width\":1000,\"height\":751},{\"@type\":\"BreadcrumbList\",\"@id\":\"https:\\\/\\\/shop.bantam.ch\\\/fr\\\/produit\\\/table-a-manger-de-camping-stable\\\/#breadcrumb\",\"itemListElement\":[{\"@type\":\"ListItem\",\"position\":1,\"name\":\"Accueil\",\"item\":\"https:\\\/\\\/shop.bantam.ch\\\/fr\\\/\"},{\"@type\":\"ListItem\",\"position\":2,\"name\":\"Boutique\",\"item\":\"https:\\\/\\\/shop.bantam.ch\\\/fr\\\/boutique\\\/\"},{\"@type\":\"ListItem\",\"position\":3,\"name\":\"Table \u00e0 manger de camping stable\"}]},{\"@type\":\"WebSite\",\"@id\":\"https:\\\/\\\/shop.bantam.ch\\\/fr\\\/#website\",\"url\":\"https:\\\/\\\/shop.bantam.ch\\\/fr\\\/\",\"name\":\"Bantam Wankm\u00fcller SA\",\"description\":\"\",\"publisher\":{\"@id\":\"https:\\\/\\\/shop.bantam.ch\\\/fr\\\/#organization\"},\"inLanguage\":\"fr-FR\"},{\"@type\":\"Organization\",\"@id\":\"https:\\\/\\\/shop.bantam.ch\\\/fr\\\/#organization\",\"name\":\"Bantam Wankm\u00fcller SA\",\"url\":\"https:\\\/\\\/shop.bantam.ch\\\/fr\\\/\",\"logo\":{\"@type\":\"ImageObject\",\"inLanguage\":\"fr-FR\",\"@id\":\"https:\\\/\\\/shop.bantam.ch\\\/fr\\\/#\\\/schema\\\/logo\\\/image\\\/\",\"url\":\"https:\\\/\\\/shop.bantam.ch\\\/wp-content\\\/uploads\\\/2022\\\/12\\\/bantam-logo.png\",\"contentUrl\":\"https:\\\/\\\/shop.bantam.ch\\\/wp-content\\\/uploads\\\/2022\\\/12\\\/bantam-logo.png\",\"width\":320,\"height\":71,\"caption\":\"Bantam Wankm\u00fcller SA\"},\"image\":{\"@id\":\"https:\\\/\\\/shop.bantam.ch\\\/fr\\\/#\\\/schema\\\/logo\\\/image\\\/\"}}]}<\/script>\n<!-- \/ Yoast SEO plugin. -->","yoast_head_json":{"title":"Table \u00e0 manger de camping stable - Bantam Wankm\u00fcller SA","robots":{"index":"index","follow":"follow","max-snippet":"max-snippet:-1","max-image-preview":"max-image-preview:large","max-video-preview":"max-video-preview:-1"},"canonical":"https:\/\/shop.bantam.ch\/fr\/produit\/table-a-manger-de-camping-stable\/","og_locale":"fr_FR","og_type":"article","og_title":"Table \u00e0 manger de camping stable - Bantam Wankm\u00fcller SA","og_description":"La table est \u00e9l\u00e9gante, avec des coins et des bords arrondis et des pieds de table l\u00e9g\u00e8rement inclin\u00e9s. Les quatre pieds de la table sont r\u00e9glables en hauteur et en inclinaison, la table est donc toujours parfaitement plane. Le cadre de base en acier est pliable, la table n&rsquo;a ainsi que 6 cm d&rsquo;\u00e9paisseur pour [&hellip;]","og_url":"https:\/\/shop.bantam.ch\/fr\/produit\/table-a-manger-de-camping-stable\/","og_site_name":"Bantam Wankm\u00fcller SA","article_modified_time":"2026-04-18T20:49:28+00:00","twitter_card":"summary_large_image","twitter_misc":{"Dur\u00e9e de lecture estim\u00e9e":"1 minute"},"schema":{"@context":"https:\/\/schema.org","@graph":[{"@type":"WebPage","@id":"https:\/\/shop.bantam.ch\/fr\/produit\/table-a-manger-de-camping-stable\/","url":"https:\/\/shop.bantam.ch\/fr\/produit\/table-a-manger-de-camping-stable\/","name":"Table \u00e0 manger de camping stable - Bantam Wankm\u00fcller SA","isPartOf":{"@id":"https:\/\/shop.bantam.ch\/fr\/#website"},"primaryImageOfPage":{"@id":"https:\/\/shop.bantam.ch\/fr\/produit\/table-a-manger-de-camping-stable\/#primaryimage"},"image":{"@id":"https:\/\/shop.bantam.ch\/fr\/produit\/table-a-manger-de-camping-stable\/#primaryimage"},"thumbnailUrl":"https:\/\/shop.bantam.ch\/wp-content\/uploads\/2025\/05\/996023311-2.jpg","datePublished":"2025-05-14T12:28:05+00:00","dateModified":"2026-04-18T20:49:28+00:00","breadcrumb":{"@id":"https:\/\/shop.bantam.ch\/fr\/produit\/table-a-manger-de-camping-stable\/#breadcrumb"},"inLanguage":"fr-FR","potentialAction":[{"@type":"ReadAction","target":["https:\/\/shop.bantam.ch\/fr\/produit\/table-a-manger-de-camping-stable\/"]}]},{"@type":"ImageObject","inLanguage":"fr-FR","@id":"https:\/\/shop.bantam.ch\/fr\/produit\/table-a-manger-de-camping-stable\/#primaryimage","url":"https:\/\/shop.bantam.ch\/wp-content\/uploads\/2025\/05\/996023311-2.jpg","contentUrl":"https:\/\/shop.bantam.ch\/wp-content\/uploads\/2025\/05\/996023311-2.jpg","width":1000,"height":751},{"@type":"BreadcrumbList","@id":"https:\/\/shop.bantam.ch\/fr\/produit\/table-a-manger-de-camping-stable\/#breadcrumb","itemListElement":[{"@type":"ListItem","position":1,"name":"Accueil","item":"https:\/\/shop.bantam.ch\/fr\/"},{"@type":"ListItem","position":2,"name":"Boutique","item":"https:\/\/shop.bantam.ch\/fr\/boutique\/"},{"@type":"ListItem","position":3,"name":"Table \u00e0 manger de camping stable"}]},{"@type":"WebSite","@id":"https:\/\/shop.bantam.ch\/fr\/#website","url":"https:\/\/shop.bantam.ch\/fr\/","name":"Bantam Wankm\u00fcller SA","description":"","publisher":{"@id":"https:\/\/shop.bantam.ch\/fr\/#organization"},"inLanguage":"fr-FR"},{"@type":"Organization","@id":"https:\/\/shop.bantam.ch\/fr\/#organization","name":"Bantam Wankm\u00fcller SA","url":"https:\/\/shop.bantam.ch\/fr\/","logo":{"@type":"ImageObject","inLanguage":"fr-FR","@id":"https:\/\/shop.bantam.ch\/fr\/#\/schema\/logo\/image\/","url":"https:\/\/shop.bantam.ch\/wp-content\/uploads\/2022\/12\/bantam-logo.png","contentUrl":"https:\/\/shop.bantam.ch\/wp-content\/uploads\/2022\/12\/bantam-logo.png","width":320,"height":71,"caption":"Bantam Wankm\u00fcller SA"},"image":{"@id":"https:\/\/shop.bantam.ch\/fr\/#\/schema\/logo\/image\/"}}]}},"_links":{"self":[{"href":"https:\/\/shop.bantam.ch\/fr\/wp-json\/wp\/v2\/product\/219023","targetHints":{"allow":["GET"]}}],"collection":[{"href":"https:\/\/shop.bantam.ch\/fr\/wp-json\/wp\/v2\/product"}],"about":[{"href":"https:\/\/shop.bantam.ch\/fr\/wp-json\/wp\/v2\/types\/product"}],"wp:featuredmedia":[{"embeddable":true,"href":"https:\/\/shop.bantam.ch\/fr\/wp-json\/wp\/v2\/media\/219033"}],"wp:attachment":[{"href":"https:\/\/shop.bantam.ch\/fr\/wp-json\/wp\/v2\/media?parent=219023"}],"wp:term":[{"taxonomy":"product_featured_cat","embeddable":true,"href":"https:\/\/shop.bantam.ch\/fr\/wp-json\/wp\/v2\/product_featured_cat?post=219023"},{"taxonomy":"product_brand","embeddable":true,"href":"https:\/\/shop.bantam.ch\/fr\/wp-json\/wp\/v2\/product_brand?post=219023"},{"taxonomy":"product_cat","embeddable":true,"href":"https:\/\/shop.bantam.ch\/fr\/wp-json\/wp\/v2\/product_cat?post=219023"},{"taxonomy":"product_tag","embeddable":true,"href":"https:\/\/shop.bantam.ch\/fr\/wp-json\/wp\/v2\/product_tag?post=219023"}],"curies":[{"name":"wp","href":"https:\/\/api.w.org\/{rel}","templated":true}]}}