{"id":217489,"date":"2025-03-25T15:07:16","date_gmt":"2025-03-25T14:07:16","guid":{"rendered":"https:\/\/shop.bantam.ch\/produit\/guide-bretagne-petit-fute\/"},"modified":"2026-04-20T23:34:04","modified_gmt":"2026-04-20T21:34:04","slug":"guide-bretagne-petit-fute","status":"publish","type":"product","link":"https:\/\/shop.bantam.ch\/fr\/produit\/guide-bretagne-petit-fute\/","title":{"rendered":"Guide Bretagne Petit Fut\u00e9"},"content":{"rendered":"<p>La Bretagne est une r\u00e9gion fran\u00e7aise compos\u00e9e de quatre d\u00e9partements bien diff\u00e9rents et pourtant unis par cette appartenance commune : les C\u00f4tes-d\u2019Armor, le Finist\u00e8re, l&rsquo;Ille-et-Vilaine et le Morbihan. Destination de vacances par excellence, la Bretagne compte ports de p\u00eache et terres agricoles, sites touristiques et lieux myst\u00e9rieux, bois et for\u00eats, histoires et l\u00e9gendes, mus\u00e9es et parcs de loisirs. C&rsquo;est une terre de contrastes qui offre un v\u00e9ritable patchwork de lieux \u00e0 d\u00e9couvrir. On peut ainsi y venir pour pratiquer des activit\u00e9s nautiques, participer aux nombreux festivals de musique, comme le Festival Interceltique ou les Vieilles Charrues. La Bretagne vous pr\u00e9sentera ses chapelles, mais aussi ses menhirs et ses dolmens&#8230; Elle vous laissera \u00e9galement d\u00e9couvrir ses \u00eeles : Belle-\u00cele-en-Mer, Br\u00e9hat, Ouessant, Mol\u00e8ne, Groix, Les Gl\u00e9nans.<\/p>\n","protected":false},"excerpt":{"rendered":"<p>La Bretagne est une r\u00e9gion fran\u00e7aise compos\u00e9e de quatre d\u00e9partements bien diff\u00e9rents et pourtant unis par cette appartenance commune : les C\u00f4tes-d\u2019Armor, le Finist\u00e8re, l&rsquo;Ille-et-Vilaine et le Morbihan. Destination de vacances par excellence, la Bretagne compte ports de p\u00eache et terres agricoles, sites touristiques et lieux myst\u00e9rieux, bois et for\u00eats, histoires et l\u00e9gendes, mus\u00e9es et [&hellip;]<\/p>\n","protected":false},"featured_media":217487,"template":"","meta":{"_acf_changed":false},"product_featured_cat":[],"product_brand":[3740],"product_cat":[4345],"product_tag":[],"class_list":{"0":"post-217489","1":"product","2":"type-product","3":"status-publish","4":"has-post-thumbnail","6":"product_brand-bantam","7":"product_cat-guides-des-emplacements","9":"first","10":"instock","11":"taxable","12":"shipping-taxable","13":"purchasable","14":"product-type-simple"},"acf":[],"yoast_head":"<!-- This site is optimized with the Yoast SEO plugin v27.4 - https:\/\/yoast.com\/product\/yoast-seo-wordpress\/ -->\n<title>Guide Bretagne Petit Fut\u00e9 - Bantam Wankm\u00fcller SA<\/title>\n<meta name=\"robots\" content=\"index, follow, max-snippet:-1, max-image-preview:large, max-video-preview:-1\" \/>\n<link rel=\"canonical\" href=\"https:\/\/shop.bantam.ch\/fr\/produit\/guide-bretagne-petit-fute\/\" \/>\n<meta property=\"og:locale\" content=\"fr_FR\" \/>\n<meta property=\"og:type\" content=\"article\" \/>\n<meta property=\"og:title\" content=\"Guide Bretagne Petit Fut\u00e9 - Bantam Wankm\u00fcller SA\" \/>\n<meta property=\"og:description\" content=\"La Bretagne est une r\u00e9gion fran\u00e7aise compos\u00e9e de quatre d\u00e9partements bien diff\u00e9rents et pourtant unis par cette appartenance commune : les C\u00f4tes-d\u2019Armor, le Finist\u00e8re, l&rsquo;Ille-et-Vilaine et le Morbihan. Destination de vacances par excellence, la Bretagne compte ports de p\u00eache et terres agricoles, sites touristiques et lieux myst\u00e9rieux, bois et for\u00eats, histoires et l\u00e9gendes, mus\u00e9es et [&hellip;]\" \/>\n<meta property=\"og:url\" content=\"https:\/\/shop.bantam.ch\/fr\/produit\/guide-bretagne-petit-fute\/\" \/>\n<meta property=\"og:site_name\" content=\"Bantam Wankm\u00fcller SA\" \/>\n<meta property=\"article:modified_time\" content=\"2026-04-20T21:34:04+00:00\" \/>\n<meta property=\"og:image\" content=\"https:\/\/shop.bantam.ch\/wp-content\/uploads\/2025\/03\/Guide-Bretagne-2025-Petit-Fute.jpg\" \/>\n\t<meta property=\"og:image:width\" content=\"340\" \/>\n\t<meta property=\"og:image:height\" content=\"340\" \/>\n\t<meta property=\"og:image:type\" content=\"image\/jpeg\" \/>\n<meta name=\"twitter:card\" content=\"summary_large_image\" \/>\n<meta name=\"twitter:label1\" content=\"Dur\u00e9e de lecture estim\u00e9e\" \/>\n\t<meta name=\"twitter:data1\" content=\"1 minute\" \/>\n<script type=\"application\/ld+json\" class=\"yoast-schema-graph\">{\"@context\":\"https:\\\/\\\/schema.org\",\"@graph\":[{\"@type\":\"WebPage\",\"@id\":\"https:\\\/\\\/shop.bantam.ch\\\/fr\\\/produit\\\/guide-bretagne-petit-fute\\\/\",\"url\":\"https:\\\/\\\/shop.bantam.ch\\\/fr\\\/produit\\\/guide-bretagne-petit-fute\\\/\",\"name\":\"Guide Bretagne Petit Fut\u00e9 - Bantam Wankm\u00fcller SA\",\"isPartOf\":{\"@id\":\"https:\\\/\\\/shop.bantam.ch\\\/fr\\\/#website\"},\"primaryImageOfPage\":{\"@id\":\"https:\\\/\\\/shop.bantam.ch\\\/fr\\\/produit\\\/guide-bretagne-petit-fute\\\/#primaryimage\"},\"image\":{\"@id\":\"https:\\\/\\\/shop.bantam.ch\\\/fr\\\/produit\\\/guide-bretagne-petit-fute\\\/#primaryimage\"},\"thumbnailUrl\":\"https:\\\/\\\/shop.bantam.ch\\\/wp-content\\\/uploads\\\/2025\\\/03\\\/Guide-Bretagne-2025-Petit-Fute.jpg\",\"datePublished\":\"2025-03-25T14:07:16+00:00\",\"dateModified\":\"2026-04-20T21:34:04+00:00\",\"breadcrumb\":{\"@id\":\"https:\\\/\\\/shop.bantam.ch\\\/fr\\\/produit\\\/guide-bretagne-petit-fute\\\/#breadcrumb\"},\"inLanguage\":\"fr-FR\",\"potentialAction\":[{\"@type\":\"ReadAction\",\"target\":[\"https:\\\/\\\/shop.bantam.ch\\\/fr\\\/produit\\\/guide-bretagne-petit-fute\\\/\"]}]},{\"@type\":\"ImageObject\",\"inLanguage\":\"fr-FR\",\"@id\":\"https:\\\/\\\/shop.bantam.ch\\\/fr\\\/produit\\\/guide-bretagne-petit-fute\\\/#primaryimage\",\"url\":\"https:\\\/\\\/shop.bantam.ch\\\/wp-content\\\/uploads\\\/2025\\\/03\\\/Guide-Bretagne-2025-Petit-Fute.jpg\",\"contentUrl\":\"https:\\\/\\\/shop.bantam.ch\\\/wp-content\\\/uploads\\\/2025\\\/03\\\/Guide-Bretagne-2025-Petit-Fute.jpg\",\"width\":340,\"height\":340},{\"@type\":\"BreadcrumbList\",\"@id\":\"https:\\\/\\\/shop.bantam.ch\\\/fr\\\/produit\\\/guide-bretagne-petit-fute\\\/#breadcrumb\",\"itemListElement\":[{\"@type\":\"ListItem\",\"position\":1,\"name\":\"Accueil\",\"item\":\"https:\\\/\\\/shop.bantam.ch\\\/fr\\\/\"},{\"@type\":\"ListItem\",\"position\":2,\"name\":\"Boutique\",\"item\":\"https:\\\/\\\/shop.bantam.ch\\\/fr\\\/boutique\\\/\"},{\"@type\":\"ListItem\",\"position\":3,\"name\":\"Guide Bretagne Petit Fut\u00e9\"}]},{\"@type\":\"WebSite\",\"@id\":\"https:\\\/\\\/shop.bantam.ch\\\/fr\\\/#website\",\"url\":\"https:\\\/\\\/shop.bantam.ch\\\/fr\\\/\",\"name\":\"Bantam Wankm\u00fcller SA\",\"description\":\"\",\"publisher\":{\"@id\":\"https:\\\/\\\/shop.bantam.ch\\\/fr\\\/#organization\"},\"inLanguage\":\"fr-FR\"},{\"@type\":\"Organization\",\"@id\":\"https:\\\/\\\/shop.bantam.ch\\\/fr\\\/#organization\",\"name\":\"Bantam Wankm\u00fcller SA\",\"url\":\"https:\\\/\\\/shop.bantam.ch\\\/fr\\\/\",\"logo\":{\"@type\":\"ImageObject\",\"inLanguage\":\"fr-FR\",\"@id\":\"https:\\\/\\\/shop.bantam.ch\\\/fr\\\/#\\\/schema\\\/logo\\\/image\\\/\",\"url\":\"https:\\\/\\\/shop.bantam.ch\\\/wp-content\\\/uploads\\\/2022\\\/12\\\/bantam-logo.png\",\"contentUrl\":\"https:\\\/\\\/shop.bantam.ch\\\/wp-content\\\/uploads\\\/2022\\\/12\\\/bantam-logo.png\",\"width\":320,\"height\":71,\"caption\":\"Bantam Wankm\u00fcller SA\"},\"image\":{\"@id\":\"https:\\\/\\\/shop.bantam.ch\\\/fr\\\/#\\\/schema\\\/logo\\\/image\\\/\"}}]}<\/script>\n<!-- \/ Yoast SEO plugin. -->","yoast_head_json":{"title":"Guide Bretagne Petit Fut\u00e9 - Bantam Wankm\u00fcller SA","robots":{"index":"index","follow":"follow","max-snippet":"max-snippet:-1","max-image-preview":"max-image-preview:large","max-video-preview":"max-video-preview:-1"},"canonical":"https:\/\/shop.bantam.ch\/fr\/produit\/guide-bretagne-petit-fute\/","og_locale":"fr_FR","og_type":"article","og_title":"Guide Bretagne Petit Fut\u00e9 - Bantam Wankm\u00fcller SA","og_description":"La Bretagne est une r\u00e9gion fran\u00e7aise compos\u00e9e de quatre d\u00e9partements bien diff\u00e9rents et pourtant unis par cette appartenance commune : les C\u00f4tes-d\u2019Armor, le Finist\u00e8re, l&rsquo;Ille-et-Vilaine et le Morbihan. Destination de vacances par excellence, la Bretagne compte ports de p\u00eache et terres agricoles, sites touristiques et lieux myst\u00e9rieux, bois et for\u00eats, histoires et l\u00e9gendes, mus\u00e9es et [&hellip;]","og_url":"https:\/\/shop.bantam.ch\/fr\/produit\/guide-bretagne-petit-fute\/","og_site_name":"Bantam Wankm\u00fcller SA","article_modified_time":"2026-04-20T21:34:04+00:00","og_image":[{"width":340,"height":340,"url":"https:\/\/shop.bantam.ch\/wp-content\/uploads\/2025\/03\/Guide-Bretagne-2025-Petit-Fute.jpg","type":"image\/jpeg"}],"twitter_card":"summary_large_image","twitter_misc":{"Dur\u00e9e de lecture estim\u00e9e":"1 minute"},"schema":{"@context":"https:\/\/schema.org","@graph":[{"@type":"WebPage","@id":"https:\/\/shop.bantam.ch\/fr\/produit\/guide-bretagne-petit-fute\/","url":"https:\/\/shop.bantam.ch\/fr\/produit\/guide-bretagne-petit-fute\/","name":"Guide Bretagne Petit Fut\u00e9 - Bantam Wankm\u00fcller SA","isPartOf":{"@id":"https:\/\/shop.bantam.ch\/fr\/#website"},"primaryImageOfPage":{"@id":"https:\/\/shop.bantam.ch\/fr\/produit\/guide-bretagne-petit-fute\/#primaryimage"},"image":{"@id":"https:\/\/shop.bantam.ch\/fr\/produit\/guide-bretagne-petit-fute\/#primaryimage"},"thumbnailUrl":"https:\/\/shop.bantam.ch\/wp-content\/uploads\/2025\/03\/Guide-Bretagne-2025-Petit-Fute.jpg","datePublished":"2025-03-25T14:07:16+00:00","dateModified":"2026-04-20T21:34:04+00:00","breadcrumb":{"@id":"https:\/\/shop.bantam.ch\/fr\/produit\/guide-bretagne-petit-fute\/#breadcrumb"},"inLanguage":"fr-FR","potentialAction":[{"@type":"ReadAction","target":["https:\/\/shop.bantam.ch\/fr\/produit\/guide-bretagne-petit-fute\/"]}]},{"@type":"ImageObject","inLanguage":"fr-FR","@id":"https:\/\/shop.bantam.ch\/fr\/produit\/guide-bretagne-petit-fute\/#primaryimage","url":"https:\/\/shop.bantam.ch\/wp-content\/uploads\/2025\/03\/Guide-Bretagne-2025-Petit-Fute.jpg","contentUrl":"https:\/\/shop.bantam.ch\/wp-content\/uploads\/2025\/03\/Guide-Bretagne-2025-Petit-Fute.jpg","width":340,"height":340},{"@type":"BreadcrumbList","@id":"https:\/\/shop.bantam.ch\/fr\/produit\/guide-bretagne-petit-fute\/#breadcrumb","itemListElement":[{"@type":"ListItem","position":1,"name":"Accueil","item":"https:\/\/shop.bantam.ch\/fr\/"},{"@type":"ListItem","position":2,"name":"Boutique","item":"https:\/\/shop.bantam.ch\/fr\/boutique\/"},{"@type":"ListItem","position":3,"name":"Guide Bretagne Petit Fut\u00e9"}]},{"@type":"WebSite","@id":"https:\/\/shop.bantam.ch\/fr\/#website","url":"https:\/\/shop.bantam.ch\/fr\/","name":"Bantam Wankm\u00fcller SA","description":"","publisher":{"@id":"https:\/\/shop.bantam.ch\/fr\/#organization"},"inLanguage":"fr-FR"},{"@type":"Organization","@id":"https:\/\/shop.bantam.ch\/fr\/#organization","name":"Bantam Wankm\u00fcller SA","url":"https:\/\/shop.bantam.ch\/fr\/","logo":{"@type":"ImageObject","inLanguage":"fr-FR","@id":"https:\/\/shop.bantam.ch\/fr\/#\/schema\/logo\/image\/","url":"https:\/\/shop.bantam.ch\/wp-content\/uploads\/2022\/12\/bantam-logo.png","contentUrl":"https:\/\/shop.bantam.ch\/wp-content\/uploads\/2022\/12\/bantam-logo.png","width":320,"height":71,"caption":"Bantam Wankm\u00fcller SA"},"image":{"@id":"https:\/\/shop.bantam.ch\/fr\/#\/schema\/logo\/image\/"}}]}},"_links":{"self":[{"href":"https:\/\/shop.bantam.ch\/fr\/wp-json\/wp\/v2\/product\/217489","targetHints":{"allow":["GET"]}}],"collection":[{"href":"https:\/\/shop.bantam.ch\/fr\/wp-json\/wp\/v2\/product"}],"about":[{"href":"https:\/\/shop.bantam.ch\/fr\/wp-json\/wp\/v2\/types\/product"}],"wp:featuredmedia":[{"embeddable":true,"href":"https:\/\/shop.bantam.ch\/fr\/wp-json\/wp\/v2\/media\/217487"}],"wp:attachment":[{"href":"https:\/\/shop.bantam.ch\/fr\/wp-json\/wp\/v2\/media?parent=217489"}],"wp:term":[{"taxonomy":"product_featured_cat","embeddable":true,"href":"https:\/\/shop.bantam.ch\/fr\/wp-json\/wp\/v2\/product_featured_cat?post=217489"},{"taxonomy":"product_brand","embeddable":true,"href":"https:\/\/shop.bantam.ch\/fr\/wp-json\/wp\/v2\/product_brand?post=217489"},{"taxonomy":"product_cat","embeddable":true,"href":"https:\/\/shop.bantam.ch\/fr\/wp-json\/wp\/v2\/product_cat?post=217489"},{"taxonomy":"product_tag","embeddable":true,"href":"https:\/\/shop.bantam.ch\/fr\/wp-json\/wp\/v2\/product_tag?post=217489"}],"curies":[{"name":"wp","href":"https:\/\/api.w.org\/{rel}","templated":true}]}}