{"id":217485,"date":"2025-03-25T15:05:26","date_gmt":"2025-03-25T14:05:26","guid":{"rendered":"https:\/\/shop.bantam.ch\/produit\/guide-savoie-mont-blanc-petit-fute\/"},"modified":"2026-04-19T23:39:54","modified_gmt":"2026-04-19T21:39:54","slug":"guide-savoie-mont-blanc-petit-fute","status":"publish","type":"product","link":"https:\/\/shop.bantam.ch\/fr\/produit\/guide-savoie-mont-blanc-petit-fute\/","title":{"rendered":"Guide Savoie Mont-Blanc Petit Fut\u00e9"},"content":{"rendered":"<p>Le tourisme en Savoie Mont Blanc, le paradis blanc des skieurs, doit s&rsquo;adapter aux \u00e9l\u00e9ments. La crise sanitaire et le r\u00e9chauffement climatique ont acc\u00e9l\u00e9r\u00e9 une nouvelle orientation pour les 114 stations de Savoie Mont Blanc, des stations d\u00e9sormais \u00ab 4 saisons \u00bb. La pratique de la randonn\u00e9e, m\u00eame en raquettes, prend le pas sur le ski. VTT, trail, parapente, canyoning, rafting&#8230; Les activit\u00e9s \u00ab outdoor \u00bb se multiplient autour des nombreux lacs alpins et sur les alpages, alors que le patrimoine d\u00e9voile toutes ses richesses. En cuisine quand les sp\u00e9cialit\u00e9s du terroir \u00e0 base de fromages fondus laissent la place \u00e0 une cuisine plus raffin\u00e9e, orient\u00e9e vers le v\u00e9g\u00e9tal. Des grandes adresses \u00e9toil\u00e9es \u00e0 l&rsquo;auberge du bout du monde, le Petit Fut\u00e9 Savoie Mont Blanc vous r\u00e9gale. Pour un s\u00e9jour parfait, choisissez votre mode d&rsquo;h\u00e9bergement. Des d\u00f4mes en pleine nature sauvage aux chambres luxueuses des palaces, votre guide vous ouvre toutes les portes. Un Petit Fut\u00e9 Savoie Mont Blanc 4 saisons qui r\u00e9pond \u00e0 toutes vos envies de montagne.<\/p>\n","protected":false},"excerpt":{"rendered":"<p>Le tourisme en Savoie Mont Blanc, le paradis blanc des skieurs, doit s&rsquo;adapter aux \u00e9l\u00e9ments. La crise sanitaire et le r\u00e9chauffement climatique ont acc\u00e9l\u00e9r\u00e9 une nouvelle orientation pour les 114 stations de Savoie Mont Blanc, des stations d\u00e9sormais \u00ab 4 saisons \u00bb. La pratique de la randonn\u00e9e, m\u00eame en raquettes, prend le pas sur le [&hellip;]<\/p>\n","protected":false},"featured_media":217483,"template":"","meta":{"_acf_changed":false},"product_featured_cat":[],"product_brand":[3740],"product_cat":[4345],"product_tag":[],"class_list":{"0":"post-217485","1":"product","2":"type-product","3":"status-publish","4":"has-post-thumbnail","6":"product_brand-bantam","7":"product_cat-guides-des-emplacements","9":"first","10":"instock","11":"taxable","12":"shipping-taxable","13":"purchasable","14":"product-type-simple"},"acf":[],"yoast_head":"<!-- This site is optimized with the Yoast SEO plugin v27.4 - https:\/\/yoast.com\/product\/yoast-seo-wordpress\/ -->\n<title>Guide Savoie Mont-Blanc Petit Fut\u00e9 - Bantam Wankm\u00fcller SA<\/title>\n<meta name=\"robots\" content=\"index, follow, max-snippet:-1, max-image-preview:large, max-video-preview:-1\" \/>\n<link rel=\"canonical\" href=\"https:\/\/shop.bantam.ch\/fr\/produit\/guide-savoie-mont-blanc-petit-fute\/\" \/>\n<meta property=\"og:locale\" content=\"fr_FR\" \/>\n<meta property=\"og:type\" content=\"article\" \/>\n<meta property=\"og:title\" content=\"Guide Savoie Mont-Blanc Petit Fut\u00e9 - Bantam Wankm\u00fcller SA\" \/>\n<meta property=\"og:description\" content=\"Le tourisme en Savoie Mont Blanc, le paradis blanc des skieurs, doit s&rsquo;adapter aux \u00e9l\u00e9ments. La crise sanitaire et le r\u00e9chauffement climatique ont acc\u00e9l\u00e9r\u00e9 une nouvelle orientation pour les 114 stations de Savoie Mont Blanc, des stations d\u00e9sormais \u00ab 4 saisons \u00bb. La pratique de la randonn\u00e9e, m\u00eame en raquettes, prend le pas sur le [&hellip;]\" \/>\n<meta property=\"og:url\" content=\"https:\/\/shop.bantam.ch\/fr\/produit\/guide-savoie-mont-blanc-petit-fute\/\" \/>\n<meta property=\"og:site_name\" content=\"Bantam Wankm\u00fcller SA\" \/>\n<meta property=\"article:modified_time\" content=\"2026-04-19T21:39:54+00:00\" \/>\n<meta property=\"og:image\" content=\"https:\/\/shop.bantam.ch\/wp-content\/uploads\/2025\/03\/Guide-Savoie-Mont-Blanc-2024-Petit-Fute.jpg\" \/>\n\t<meta property=\"og:image:width\" content=\"340\" \/>\n\t<meta property=\"og:image:height\" content=\"340\" \/>\n\t<meta property=\"og:image:type\" content=\"image\/jpeg\" \/>\n<meta name=\"twitter:card\" content=\"summary_large_image\" \/>\n<meta name=\"twitter:label1\" content=\"Dur\u00e9e de lecture estim\u00e9e\" \/>\n\t<meta name=\"twitter:data1\" content=\"1 minute\" \/>\n<script type=\"application\/ld+json\" class=\"yoast-schema-graph\">{\"@context\":\"https:\\\/\\\/schema.org\",\"@graph\":[{\"@type\":\"WebPage\",\"@id\":\"https:\\\/\\\/shop.bantam.ch\\\/fr\\\/produit\\\/guide-savoie-mont-blanc-petit-fute\\\/\",\"url\":\"https:\\\/\\\/shop.bantam.ch\\\/fr\\\/produit\\\/guide-savoie-mont-blanc-petit-fute\\\/\",\"name\":\"Guide Savoie Mont-Blanc Petit Fut\u00e9 - Bantam Wankm\u00fcller SA\",\"isPartOf\":{\"@id\":\"https:\\\/\\\/shop.bantam.ch\\\/fr\\\/#website\"},\"primaryImageOfPage\":{\"@id\":\"https:\\\/\\\/shop.bantam.ch\\\/fr\\\/produit\\\/guide-savoie-mont-blanc-petit-fute\\\/#primaryimage\"},\"image\":{\"@id\":\"https:\\\/\\\/shop.bantam.ch\\\/fr\\\/produit\\\/guide-savoie-mont-blanc-petit-fute\\\/#primaryimage\"},\"thumbnailUrl\":\"https:\\\/\\\/shop.bantam.ch\\\/wp-content\\\/uploads\\\/2025\\\/03\\\/Guide-Savoie-Mont-Blanc-2024-Petit-Fute.jpg\",\"datePublished\":\"2025-03-25T14:05:26+00:00\",\"dateModified\":\"2026-04-19T21:39:54+00:00\",\"breadcrumb\":{\"@id\":\"https:\\\/\\\/shop.bantam.ch\\\/fr\\\/produit\\\/guide-savoie-mont-blanc-petit-fute\\\/#breadcrumb\"},\"inLanguage\":\"fr-FR\",\"potentialAction\":[{\"@type\":\"ReadAction\",\"target\":[\"https:\\\/\\\/shop.bantam.ch\\\/fr\\\/produit\\\/guide-savoie-mont-blanc-petit-fute\\\/\"]}]},{\"@type\":\"ImageObject\",\"inLanguage\":\"fr-FR\",\"@id\":\"https:\\\/\\\/shop.bantam.ch\\\/fr\\\/produit\\\/guide-savoie-mont-blanc-petit-fute\\\/#primaryimage\",\"url\":\"https:\\\/\\\/shop.bantam.ch\\\/wp-content\\\/uploads\\\/2025\\\/03\\\/Guide-Savoie-Mont-Blanc-2024-Petit-Fute.jpg\",\"contentUrl\":\"https:\\\/\\\/shop.bantam.ch\\\/wp-content\\\/uploads\\\/2025\\\/03\\\/Guide-Savoie-Mont-Blanc-2024-Petit-Fute.jpg\",\"width\":340,\"height\":340},{\"@type\":\"BreadcrumbList\",\"@id\":\"https:\\\/\\\/shop.bantam.ch\\\/fr\\\/produit\\\/guide-savoie-mont-blanc-petit-fute\\\/#breadcrumb\",\"itemListElement\":[{\"@type\":\"ListItem\",\"position\":1,\"name\":\"Accueil\",\"item\":\"https:\\\/\\\/shop.bantam.ch\\\/fr\\\/\"},{\"@type\":\"ListItem\",\"position\":2,\"name\":\"Boutique\",\"item\":\"https:\\\/\\\/shop.bantam.ch\\\/fr\\\/boutique\\\/\"},{\"@type\":\"ListItem\",\"position\":3,\"name\":\"Guide Savoie Mont-Blanc Petit Fut\u00e9\"}]},{\"@type\":\"WebSite\",\"@id\":\"https:\\\/\\\/shop.bantam.ch\\\/fr\\\/#website\",\"url\":\"https:\\\/\\\/shop.bantam.ch\\\/fr\\\/\",\"name\":\"Bantam Wankm\u00fcller SA\",\"description\":\"\",\"publisher\":{\"@id\":\"https:\\\/\\\/shop.bantam.ch\\\/fr\\\/#organization\"},\"inLanguage\":\"fr-FR\"},{\"@type\":\"Organization\",\"@id\":\"https:\\\/\\\/shop.bantam.ch\\\/fr\\\/#organization\",\"name\":\"Bantam Wankm\u00fcller SA\",\"url\":\"https:\\\/\\\/shop.bantam.ch\\\/fr\\\/\",\"logo\":{\"@type\":\"ImageObject\",\"inLanguage\":\"fr-FR\",\"@id\":\"https:\\\/\\\/shop.bantam.ch\\\/fr\\\/#\\\/schema\\\/logo\\\/image\\\/\",\"url\":\"https:\\\/\\\/shop.bantam.ch\\\/wp-content\\\/uploads\\\/2022\\\/12\\\/bantam-logo.png\",\"contentUrl\":\"https:\\\/\\\/shop.bantam.ch\\\/wp-content\\\/uploads\\\/2022\\\/12\\\/bantam-logo.png\",\"width\":320,\"height\":71,\"caption\":\"Bantam Wankm\u00fcller SA\"},\"image\":{\"@id\":\"https:\\\/\\\/shop.bantam.ch\\\/fr\\\/#\\\/schema\\\/logo\\\/image\\\/\"}}]}<\/script>\n<!-- \/ Yoast SEO plugin. -->","yoast_head_json":{"title":"Guide Savoie Mont-Blanc Petit Fut\u00e9 - Bantam Wankm\u00fcller SA","robots":{"index":"index","follow":"follow","max-snippet":"max-snippet:-1","max-image-preview":"max-image-preview:large","max-video-preview":"max-video-preview:-1"},"canonical":"https:\/\/shop.bantam.ch\/fr\/produit\/guide-savoie-mont-blanc-petit-fute\/","og_locale":"fr_FR","og_type":"article","og_title":"Guide Savoie Mont-Blanc Petit Fut\u00e9 - Bantam Wankm\u00fcller SA","og_description":"Le tourisme en Savoie Mont Blanc, le paradis blanc des skieurs, doit s&rsquo;adapter aux \u00e9l\u00e9ments. La crise sanitaire et le r\u00e9chauffement climatique ont acc\u00e9l\u00e9r\u00e9 une nouvelle orientation pour les 114 stations de Savoie Mont Blanc, des stations d\u00e9sormais \u00ab 4 saisons \u00bb. La pratique de la randonn\u00e9e, m\u00eame en raquettes, prend le pas sur le [&hellip;]","og_url":"https:\/\/shop.bantam.ch\/fr\/produit\/guide-savoie-mont-blanc-petit-fute\/","og_site_name":"Bantam Wankm\u00fcller SA","article_modified_time":"2026-04-19T21:39:54+00:00","og_image":[{"width":340,"height":340,"url":"https:\/\/shop.bantam.ch\/wp-content\/uploads\/2025\/03\/Guide-Savoie-Mont-Blanc-2024-Petit-Fute.jpg","type":"image\/jpeg"}],"twitter_card":"summary_large_image","twitter_misc":{"Dur\u00e9e de lecture estim\u00e9e":"1 minute"},"schema":{"@context":"https:\/\/schema.org","@graph":[{"@type":"WebPage","@id":"https:\/\/shop.bantam.ch\/fr\/produit\/guide-savoie-mont-blanc-petit-fute\/","url":"https:\/\/shop.bantam.ch\/fr\/produit\/guide-savoie-mont-blanc-petit-fute\/","name":"Guide Savoie Mont-Blanc Petit Fut\u00e9 - Bantam Wankm\u00fcller SA","isPartOf":{"@id":"https:\/\/shop.bantam.ch\/fr\/#website"},"primaryImageOfPage":{"@id":"https:\/\/shop.bantam.ch\/fr\/produit\/guide-savoie-mont-blanc-petit-fute\/#primaryimage"},"image":{"@id":"https:\/\/shop.bantam.ch\/fr\/produit\/guide-savoie-mont-blanc-petit-fute\/#primaryimage"},"thumbnailUrl":"https:\/\/shop.bantam.ch\/wp-content\/uploads\/2025\/03\/Guide-Savoie-Mont-Blanc-2024-Petit-Fute.jpg","datePublished":"2025-03-25T14:05:26+00:00","dateModified":"2026-04-19T21:39:54+00:00","breadcrumb":{"@id":"https:\/\/shop.bantam.ch\/fr\/produit\/guide-savoie-mont-blanc-petit-fute\/#breadcrumb"},"inLanguage":"fr-FR","potentialAction":[{"@type":"ReadAction","target":["https:\/\/shop.bantam.ch\/fr\/produit\/guide-savoie-mont-blanc-petit-fute\/"]}]},{"@type":"ImageObject","inLanguage":"fr-FR","@id":"https:\/\/shop.bantam.ch\/fr\/produit\/guide-savoie-mont-blanc-petit-fute\/#primaryimage","url":"https:\/\/shop.bantam.ch\/wp-content\/uploads\/2025\/03\/Guide-Savoie-Mont-Blanc-2024-Petit-Fute.jpg","contentUrl":"https:\/\/shop.bantam.ch\/wp-content\/uploads\/2025\/03\/Guide-Savoie-Mont-Blanc-2024-Petit-Fute.jpg","width":340,"height":340},{"@type":"BreadcrumbList","@id":"https:\/\/shop.bantam.ch\/fr\/produit\/guide-savoie-mont-blanc-petit-fute\/#breadcrumb","itemListElement":[{"@type":"ListItem","position":1,"name":"Accueil","item":"https:\/\/shop.bantam.ch\/fr\/"},{"@type":"ListItem","position":2,"name":"Boutique","item":"https:\/\/shop.bantam.ch\/fr\/boutique\/"},{"@type":"ListItem","position":3,"name":"Guide Savoie Mont-Blanc Petit Fut\u00e9"}]},{"@type":"WebSite","@id":"https:\/\/shop.bantam.ch\/fr\/#website","url":"https:\/\/shop.bantam.ch\/fr\/","name":"Bantam Wankm\u00fcller SA","description":"","publisher":{"@id":"https:\/\/shop.bantam.ch\/fr\/#organization"},"inLanguage":"fr-FR"},{"@type":"Organization","@id":"https:\/\/shop.bantam.ch\/fr\/#organization","name":"Bantam Wankm\u00fcller SA","url":"https:\/\/shop.bantam.ch\/fr\/","logo":{"@type":"ImageObject","inLanguage":"fr-FR","@id":"https:\/\/shop.bantam.ch\/fr\/#\/schema\/logo\/image\/","url":"https:\/\/shop.bantam.ch\/wp-content\/uploads\/2022\/12\/bantam-logo.png","contentUrl":"https:\/\/shop.bantam.ch\/wp-content\/uploads\/2022\/12\/bantam-logo.png","width":320,"height":71,"caption":"Bantam Wankm\u00fcller SA"},"image":{"@id":"https:\/\/shop.bantam.ch\/fr\/#\/schema\/logo\/image\/"}}]}},"_links":{"self":[{"href":"https:\/\/shop.bantam.ch\/fr\/wp-json\/wp\/v2\/product\/217485","targetHints":{"allow":["GET"]}}],"collection":[{"href":"https:\/\/shop.bantam.ch\/fr\/wp-json\/wp\/v2\/product"}],"about":[{"href":"https:\/\/shop.bantam.ch\/fr\/wp-json\/wp\/v2\/types\/product"}],"wp:featuredmedia":[{"embeddable":true,"href":"https:\/\/shop.bantam.ch\/fr\/wp-json\/wp\/v2\/media\/217483"}],"wp:attachment":[{"href":"https:\/\/shop.bantam.ch\/fr\/wp-json\/wp\/v2\/media?parent=217485"}],"wp:term":[{"taxonomy":"product_featured_cat","embeddable":true,"href":"https:\/\/shop.bantam.ch\/fr\/wp-json\/wp\/v2\/product_featured_cat?post=217485"},{"taxonomy":"product_brand","embeddable":true,"href":"https:\/\/shop.bantam.ch\/fr\/wp-json\/wp\/v2\/product_brand?post=217485"},{"taxonomy":"product_cat","embeddable":true,"href":"https:\/\/shop.bantam.ch\/fr\/wp-json\/wp\/v2\/product_cat?post=217485"},{"taxonomy":"product_tag","embeddable":true,"href":"https:\/\/shop.bantam.ch\/fr\/wp-json\/wp\/v2\/product_tag?post=217485"}],"curies":[{"name":"wp","href":"https:\/\/api.w.org\/{rel}","templated":true}]}}