{"id":216978,"date":"2025-03-14T17:09:54","date_gmt":"2025-03-14T16:09:54","guid":{"rendered":"https:\/\/shop.bantam.ch\/produit\/refroidisseur-a-compresseur-outwell-arctic-chill\/"},"modified":"2026-04-18T02:07:45","modified_gmt":"2026-04-18T00:07:45","slug":"refroidisseur-a-compresseur-outwell-arctic-chill","status":"publish","type":"product","link":"https:\/\/shop.bantam.ch\/fr\/produit\/refroidisseur-a-compresseur-outwell-arctic-chill\/","title":{"rendered":"Refroidisseur \u00e0 compresseur Outwell Arctic Chill"},"content":{"rendered":"<p>Disponibles en diff\u00e9rentes tailles, les glaci\u00e8res \u00e0 compresseur Arctic Chill sont la solution parfaite et simple d&rsquo;utilisation pour r\u00e9frig\u00e9rer les aliments jusqu&rsquo;\u00e0 -20\u02daC avec une alimentation \u00e9lectrique de 230V\/12V. Le design sans fioritures comprend des fonctions importantes telles que le contr\u00f4le de la temp\u00e9rature via l&rsquo;\u00e9cran Led ou une application Bluetooth gratuite, une protection contre les sous-tensions, une protection contre le basculement de 40 degr\u00e9s, une prise de charge USB 5V\/1A et un \u00e9clairage int\u00e9rieur.<\/p>\n<ul>\n<li>Glaci\u00e8re \u00e0 compresseur<\/li>\n<li>Plage de temp\u00e9rature -20 \u00b0C \u00e0 +20 \u00b0C<\/li>\n<li>Temp\u00e9rature ambiante recommand\u00e9e de 16 \u00b0C \u00e0 43 \u00b0C<\/li>\n<li>Contr\u00f4le et surveillance Bluetooth avec l&rsquo;application gratuite Outwell<\/li>\n<li>Prise de charge USB 5 V\/1 A<\/li>\n<li>Affichage et commande par LED<\/li>\n<li>Lampe int\u00e9rieure<\/li>\n<li>Bo\u00eetier et couvercle en plastique robuste<\/li>\n<li>Le couvercle amovible s&rsquo;ouvre \u00e0 gauche ou \u00e0 droite<\/li>\n<li>Int\u00e9rieur \u00e9tanche \u00e0 l&rsquo;eau<\/li>\n<li>Poign\u00e9e plate int\u00e9gr\u00e9e avec point de fixation<\/li>\n<li>Peut \u00eatre utilis\u00e9 pour 12V et 230V<\/li>\n<li>Adaptateur 230 V et c\u00e2ble pour prises de l&rsquo;UE et du Royaume-Uni inclus dans la livraison<\/li>\n<li>250 cm de c\u00e2ble 12 V et 210 cm de c\u00e2ble 230 V<\/li>\n<li>Protection contre les sous-tensions<\/li>\n<li>S\u00e9curit\u00e9 anti-basculement jusqu&rsquo;\u00e0 40&nbsp;\u00b0C<\/li>\n<\/ul>\n","protected":false},"excerpt":{"rendered":"<p>Disponibles en diff\u00e9rentes tailles, les glaci\u00e8res \u00e0 compresseur Arctic Chill sont la solution parfaite et simple d&rsquo;utilisation pour r\u00e9frig\u00e9rer les aliments jusqu&rsquo;\u00e0 -20\u02daC avec une alimentation \u00e9lectrique de 230V\/12V. Le design sans fioritures comprend des fonctions importantes telles que le contr\u00f4le de la temp\u00e9rature via l&rsquo;\u00e9cran Led ou une application Bluetooth gratuite, une protection contre [&hellip;]<\/p>\n","protected":false},"featured_media":216968,"template":"","meta":{"_acf_changed":false},"product_featured_cat":[],"product_brand":[],"product_cat":[4545],"product_tag":[],"class_list":{"0":"post-216978","1":"product","2":"type-product","3":"status-publish","4":"has-post-thumbnail","6":"product_cat-glacieres-a-compression","8":"first","9":"instock","10":"taxable","11":"shipping-taxable","12":"purchasable","13":"product-type-variable"},"acf":[],"yoast_head":"<!-- This site is optimized with the Yoast SEO plugin v27.4 - https:\/\/yoast.com\/product\/yoast-seo-wordpress\/ -->\n<title>Refroidisseur \u00e0 compresseur Outwell Arctic Chill - Bantam Wankm\u00fcller SA<\/title>\n<meta name=\"robots\" content=\"index, follow, max-snippet:-1, max-image-preview:large, max-video-preview:-1\" \/>\n<link rel=\"canonical\" href=\"https:\/\/shop.bantam.ch\/fr\/produit\/refroidisseur-a-compresseur-outwell-arctic-chill\/\" \/>\n<meta property=\"og:locale\" content=\"fr_FR\" \/>\n<meta property=\"og:type\" content=\"article\" \/>\n<meta property=\"og:title\" content=\"Refroidisseur \u00e0 compresseur Outwell Arctic Chill - Bantam Wankm\u00fcller SA\" \/>\n<meta property=\"og:description\" content=\"Disponibles en diff\u00e9rentes tailles, les glaci\u00e8res \u00e0 compresseur Arctic Chill sont la solution parfaite et simple d&rsquo;utilisation pour r\u00e9frig\u00e9rer les aliments jusqu&rsquo;\u00e0 -20\u02daC avec une alimentation \u00e9lectrique de 230V\/12V. Le design sans fioritures comprend des fonctions importantes telles que le contr\u00f4le de la temp\u00e9rature via l&rsquo;\u00e9cran Led ou une application Bluetooth gratuite, une protection contre [&hellip;]\" \/>\n<meta property=\"og:url\" content=\"https:\/\/shop.bantam.ch\/fr\/produit\/refroidisseur-a-compresseur-outwell-arctic-chill\/\" \/>\n<meta property=\"og:site_name\" content=\"Bantam Wankm\u00fcller SA\" \/>\n<meta property=\"article:modified_time\" content=\"2026-04-18T00:07:45+00:00\" \/>\n<meta name=\"twitter:card\" content=\"summary_large_image\" \/>\n<meta name=\"twitter:label1\" content=\"Dur\u00e9e de lecture estim\u00e9e\" \/>\n\t<meta name=\"twitter:data1\" content=\"1 minute\" \/>\n<script type=\"application\/ld+json\" class=\"yoast-schema-graph\">{\"@context\":\"https:\\\/\\\/schema.org\",\"@graph\":[{\"@type\":\"WebPage\",\"@id\":\"https:\\\/\\\/shop.bantam.ch\\\/fr\\\/produit\\\/refroidisseur-a-compresseur-outwell-arctic-chill\\\/\",\"url\":\"https:\\\/\\\/shop.bantam.ch\\\/fr\\\/produit\\\/refroidisseur-a-compresseur-outwell-arctic-chill\\\/\",\"name\":\"Refroidisseur \u00e0 compresseur Outwell Arctic Chill - Bantam Wankm\u00fcller SA\",\"isPartOf\":{\"@id\":\"https:\\\/\\\/shop.bantam.ch\\\/fr\\\/#website\"},\"primaryImageOfPage\":{\"@id\":\"https:\\\/\\\/shop.bantam.ch\\\/fr\\\/produit\\\/refroidisseur-a-compresseur-outwell-arctic-chill\\\/#primaryimage\"},\"image\":{\"@id\":\"https:\\\/\\\/shop.bantam.ch\\\/fr\\\/produit\\\/refroidisseur-a-compresseur-outwell-arctic-chill\\\/#primaryimage\"},\"thumbnailUrl\":\"https:\\\/\\\/shop.bantam.ch\\\/wp-content\\\/uploads\\\/2025\\\/03\\\/Movera-L-9984935100.jpg\",\"datePublished\":\"2025-03-14T16:09:54+00:00\",\"dateModified\":\"2026-04-18T00:07:45+00:00\",\"breadcrumb\":{\"@id\":\"https:\\\/\\\/shop.bantam.ch\\\/fr\\\/produit\\\/refroidisseur-a-compresseur-outwell-arctic-chill\\\/#breadcrumb\"},\"inLanguage\":\"fr-FR\",\"potentialAction\":[{\"@type\":\"ReadAction\",\"target\":[\"https:\\\/\\\/shop.bantam.ch\\\/fr\\\/produit\\\/refroidisseur-a-compresseur-outwell-arctic-chill\\\/\"]}]},{\"@type\":\"ImageObject\",\"inLanguage\":\"fr-FR\",\"@id\":\"https:\\\/\\\/shop.bantam.ch\\\/fr\\\/produit\\\/refroidisseur-a-compresseur-outwell-arctic-chill\\\/#primaryimage\",\"url\":\"https:\\\/\\\/shop.bantam.ch\\\/wp-content\\\/uploads\\\/2025\\\/03\\\/Movera-L-9984935100.jpg\",\"contentUrl\":\"https:\\\/\\\/shop.bantam.ch\\\/wp-content\\\/uploads\\\/2025\\\/03\\\/Movera-L-9984935100.jpg\",\"width\":640,\"height\":360},{\"@type\":\"BreadcrumbList\",\"@id\":\"https:\\\/\\\/shop.bantam.ch\\\/fr\\\/produit\\\/refroidisseur-a-compresseur-outwell-arctic-chill\\\/#breadcrumb\",\"itemListElement\":[{\"@type\":\"ListItem\",\"position\":1,\"name\":\"Accueil\",\"item\":\"https:\\\/\\\/shop.bantam.ch\\\/fr\\\/\"},{\"@type\":\"ListItem\",\"position\":2,\"name\":\"Boutique\",\"item\":\"https:\\\/\\\/shop.bantam.ch\\\/fr\\\/boutique\\\/\"},{\"@type\":\"ListItem\",\"position\":3,\"name\":\"Refroidisseur \u00e0 compresseur Outwell Arctic Chill\"}]},{\"@type\":\"WebSite\",\"@id\":\"https:\\\/\\\/shop.bantam.ch\\\/fr\\\/#website\",\"url\":\"https:\\\/\\\/shop.bantam.ch\\\/fr\\\/\",\"name\":\"Bantam Wankm\u00fcller SA\",\"description\":\"\",\"publisher\":{\"@id\":\"https:\\\/\\\/shop.bantam.ch\\\/fr\\\/#organization\"},\"inLanguage\":\"fr-FR\"},{\"@type\":\"Organization\",\"@id\":\"https:\\\/\\\/shop.bantam.ch\\\/fr\\\/#organization\",\"name\":\"Bantam Wankm\u00fcller SA\",\"url\":\"https:\\\/\\\/shop.bantam.ch\\\/fr\\\/\",\"logo\":{\"@type\":\"ImageObject\",\"inLanguage\":\"fr-FR\",\"@id\":\"https:\\\/\\\/shop.bantam.ch\\\/fr\\\/#\\\/schema\\\/logo\\\/image\\\/\",\"url\":\"https:\\\/\\\/shop.bantam.ch\\\/wp-content\\\/uploads\\\/2022\\\/12\\\/bantam-logo.png\",\"contentUrl\":\"https:\\\/\\\/shop.bantam.ch\\\/wp-content\\\/uploads\\\/2022\\\/12\\\/bantam-logo.png\",\"width\":320,\"height\":71,\"caption\":\"Bantam Wankm\u00fcller SA\"},\"image\":{\"@id\":\"https:\\\/\\\/shop.bantam.ch\\\/fr\\\/#\\\/schema\\\/logo\\\/image\\\/\"}}]}<\/script>\n<!-- \/ Yoast SEO plugin. -->","yoast_head_json":{"title":"Refroidisseur \u00e0 compresseur Outwell Arctic Chill - Bantam Wankm\u00fcller SA","robots":{"index":"index","follow":"follow","max-snippet":"max-snippet:-1","max-image-preview":"max-image-preview:large","max-video-preview":"max-video-preview:-1"},"canonical":"https:\/\/shop.bantam.ch\/fr\/produit\/refroidisseur-a-compresseur-outwell-arctic-chill\/","og_locale":"fr_FR","og_type":"article","og_title":"Refroidisseur \u00e0 compresseur Outwell Arctic Chill - Bantam Wankm\u00fcller SA","og_description":"Disponibles en diff\u00e9rentes tailles, les glaci\u00e8res \u00e0 compresseur Arctic Chill sont la solution parfaite et simple d&rsquo;utilisation pour r\u00e9frig\u00e9rer les aliments jusqu&rsquo;\u00e0 -20\u02daC avec une alimentation \u00e9lectrique de 230V\/12V. Le design sans fioritures comprend des fonctions importantes telles que le contr\u00f4le de la temp\u00e9rature via l&rsquo;\u00e9cran Led ou une application Bluetooth gratuite, une protection contre [&hellip;]","og_url":"https:\/\/shop.bantam.ch\/fr\/produit\/refroidisseur-a-compresseur-outwell-arctic-chill\/","og_site_name":"Bantam Wankm\u00fcller SA","article_modified_time":"2026-04-18T00:07:45+00:00","twitter_card":"summary_large_image","twitter_misc":{"Dur\u00e9e de lecture estim\u00e9e":"1 minute"},"schema":{"@context":"https:\/\/schema.org","@graph":[{"@type":"WebPage","@id":"https:\/\/shop.bantam.ch\/fr\/produit\/refroidisseur-a-compresseur-outwell-arctic-chill\/","url":"https:\/\/shop.bantam.ch\/fr\/produit\/refroidisseur-a-compresseur-outwell-arctic-chill\/","name":"Refroidisseur \u00e0 compresseur Outwell Arctic Chill - Bantam Wankm\u00fcller SA","isPartOf":{"@id":"https:\/\/shop.bantam.ch\/fr\/#website"},"primaryImageOfPage":{"@id":"https:\/\/shop.bantam.ch\/fr\/produit\/refroidisseur-a-compresseur-outwell-arctic-chill\/#primaryimage"},"image":{"@id":"https:\/\/shop.bantam.ch\/fr\/produit\/refroidisseur-a-compresseur-outwell-arctic-chill\/#primaryimage"},"thumbnailUrl":"https:\/\/shop.bantam.ch\/wp-content\/uploads\/2025\/03\/Movera-L-9984935100.jpg","datePublished":"2025-03-14T16:09:54+00:00","dateModified":"2026-04-18T00:07:45+00:00","breadcrumb":{"@id":"https:\/\/shop.bantam.ch\/fr\/produit\/refroidisseur-a-compresseur-outwell-arctic-chill\/#breadcrumb"},"inLanguage":"fr-FR","potentialAction":[{"@type":"ReadAction","target":["https:\/\/shop.bantam.ch\/fr\/produit\/refroidisseur-a-compresseur-outwell-arctic-chill\/"]}]},{"@type":"ImageObject","inLanguage":"fr-FR","@id":"https:\/\/shop.bantam.ch\/fr\/produit\/refroidisseur-a-compresseur-outwell-arctic-chill\/#primaryimage","url":"https:\/\/shop.bantam.ch\/wp-content\/uploads\/2025\/03\/Movera-L-9984935100.jpg","contentUrl":"https:\/\/shop.bantam.ch\/wp-content\/uploads\/2025\/03\/Movera-L-9984935100.jpg","width":640,"height":360},{"@type":"BreadcrumbList","@id":"https:\/\/shop.bantam.ch\/fr\/produit\/refroidisseur-a-compresseur-outwell-arctic-chill\/#breadcrumb","itemListElement":[{"@type":"ListItem","position":1,"name":"Accueil","item":"https:\/\/shop.bantam.ch\/fr\/"},{"@type":"ListItem","position":2,"name":"Boutique","item":"https:\/\/shop.bantam.ch\/fr\/boutique\/"},{"@type":"ListItem","position":3,"name":"Refroidisseur \u00e0 compresseur Outwell Arctic Chill"}]},{"@type":"WebSite","@id":"https:\/\/shop.bantam.ch\/fr\/#website","url":"https:\/\/shop.bantam.ch\/fr\/","name":"Bantam Wankm\u00fcller SA","description":"","publisher":{"@id":"https:\/\/shop.bantam.ch\/fr\/#organization"},"inLanguage":"fr-FR"},{"@type":"Organization","@id":"https:\/\/shop.bantam.ch\/fr\/#organization","name":"Bantam Wankm\u00fcller SA","url":"https:\/\/shop.bantam.ch\/fr\/","logo":{"@type":"ImageObject","inLanguage":"fr-FR","@id":"https:\/\/shop.bantam.ch\/fr\/#\/schema\/logo\/image\/","url":"https:\/\/shop.bantam.ch\/wp-content\/uploads\/2022\/12\/bantam-logo.png","contentUrl":"https:\/\/shop.bantam.ch\/wp-content\/uploads\/2022\/12\/bantam-logo.png","width":320,"height":71,"caption":"Bantam Wankm\u00fcller SA"},"image":{"@id":"https:\/\/shop.bantam.ch\/fr\/#\/schema\/logo\/image\/"}}]}},"_links":{"self":[{"href":"https:\/\/shop.bantam.ch\/fr\/wp-json\/wp\/v2\/product\/216978","targetHints":{"allow":["GET"]}}],"collection":[{"href":"https:\/\/shop.bantam.ch\/fr\/wp-json\/wp\/v2\/product"}],"about":[{"href":"https:\/\/shop.bantam.ch\/fr\/wp-json\/wp\/v2\/types\/product"}],"wp:featuredmedia":[{"embeddable":true,"href":"https:\/\/shop.bantam.ch\/fr\/wp-json\/wp\/v2\/media\/216968"}],"wp:attachment":[{"href":"https:\/\/shop.bantam.ch\/fr\/wp-json\/wp\/v2\/media?parent=216978"}],"wp:term":[{"taxonomy":"product_featured_cat","embeddable":true,"href":"https:\/\/shop.bantam.ch\/fr\/wp-json\/wp\/v2\/product_featured_cat?post=216978"},{"taxonomy":"product_brand","embeddable":true,"href":"https:\/\/shop.bantam.ch\/fr\/wp-json\/wp\/v2\/product_brand?post=216978"},{"taxonomy":"product_cat","embeddable":true,"href":"https:\/\/shop.bantam.ch\/fr\/wp-json\/wp\/v2\/product_cat?post=216978"},{"taxonomy":"product_tag","embeddable":true,"href":"https:\/\/shop.bantam.ch\/fr\/wp-json\/wp\/v2\/product_tag?post=216978"}],"curies":[{"name":"wp","href":"https:\/\/api.w.org\/{rel}","templated":true}]}}