{"id":216934,"date":"2025-03-14T17:08:59","date_gmt":"2025-03-14T16:08:59","guid":{"rendered":"https:\/\/shop.bantam.ch\/produit\/barre-de-son-audio-cas104bt-avec-acr-et-bt-noir\/"},"modified":"2026-05-02T23:28:19","modified_gmt":"2026-05-02T21:28:19","slug":"barre-de-son-audio-cas104bt-avec-acr-et-bt-noir","status":"publish","type":"product","link":"https:\/\/shop.bantam.ch\/fr\/produit\/barre-de-son-audio-cas104bt-avec-acr-et-bt-noir\/","title":{"rendered":"Barre de son Audio CAS104BT avec ACR et BT noir"},"content":{"rendered":"<p>La barre de son Caratec CAS104BT assure une reproduction sonore claire et puissante gr\u00e2ce \u00e0 deux haut-parleurs \u00e0 large bande et une membrane passive suppl\u00e9mentaire, malgr\u00e9 ses dimensions compactes. La barre de son est reli\u00e9e \u00e0 la prise HDMI-ARC ou \u00e0 la prise casque du t\u00e9l\u00e9viseur \u00e0 l&rsquo;aide de l&rsquo;un des c\u00e2bles fournis. L&rsquo;alimentation \u00e9lectrique s&rsquo;effectue \u00e0 l&rsquo;aide du c\u00e2ble en Y fourni vers les t\u00e9l\u00e9viseurs \u00e9quip\u00e9s d&rsquo;une prise creuse de 2,1\/5,5 mm. En alternative, le raccordement de l&rsquo;alimentation \u00e9lectrique s&rsquo;effectue avec le c\u00e2ble \u00e0 extr\u00e9mit\u00e9s libres sur des prises 12V prot\u00e9g\u00e9es par des fusibles. Le montage s&rsquo;effectue \u00e0 l&rsquo;aide de deux supports qui sont simplement mont\u00e9s entre le t\u00e9l\u00e9viseur et un support TV. La hauteur est r\u00e9glable, ce qui fait que le CAS104BT convient \u00e0 la plupart des t\u00e9l\u00e9viseurs. La barre de son est \u00e9quip\u00e9e d&rsquo;ARC (pour une mise en marche\/arr\u00eat automatique par le t\u00e9l\u00e9viseur), de Bluetooth (pour le streaming depuis un smartphone ou une tablette) et d&rsquo;une t\u00e9l\u00e9commande.<br \/>\nContenu de la livraison : Barre de son CAS104BT incluse, c\u00e2ble de raccordement audio jack 3,5 mm, c\u00e2ble d&rsquo;alimentation plug &amp; play (adaptateur Y), c\u00e2ble d&rsquo;alimentation, support de montage TV, kit de vis, c\u00e2ble de raccordement ARC et condition de t\u00e9l\u00e9commande IR.<\/p>\n","protected":false},"excerpt":{"rendered":"<p>La barre de son Caratec CAS104BT assure une reproduction sonore claire et puissante gr\u00e2ce \u00e0 deux haut-parleurs \u00e0 large bande et une membrane passive suppl\u00e9mentaire, malgr\u00e9 ses dimensions compactes. La barre de son est reli\u00e9e \u00e0 la prise HDMI-ARC ou \u00e0 la prise casque du t\u00e9l\u00e9viseur \u00e0 l&rsquo;aide de l&rsquo;un des c\u00e2bles fournis. L&rsquo;alimentation \u00e9lectrique [&hellip;]<\/p>\n","protected":false},"featured_media":216930,"template":"","meta":{"_acf_changed":false},"product_featured_cat":[],"product_brand":[],"product_cat":[4497],"product_tag":[],"class_list":{"0":"post-216934","1":"product","2":"type-product","3":"status-publish","4":"has-post-thumbnail","6":"product_cat-barres-de-son","8":"first","9":"instock","10":"taxable","11":"shipping-taxable","12":"purchasable","13":"product-type-simple"},"acf":[],"yoast_head":"<!-- This site is optimized with the Yoast SEO plugin v27.5 - https:\/\/yoast.com\/product\/yoast-seo-wordpress\/ -->\n<title>Barre de son Audio CAS104BT avec ACR et BT noir - Bantam<\/title>\n<meta name=\"robots\" content=\"index, follow, max-snippet:-1, max-image-preview:large, max-video-preview:-1\" \/>\n<link rel=\"canonical\" href=\"https:\/\/shop.bantam.ch\/fr\/produit\/barre-de-son-audio-cas104bt-avec-acr-et-bt-noir\/\" \/>\n<meta property=\"og:locale\" content=\"fr_FR\" \/>\n<meta property=\"og:type\" content=\"article\" \/>\n<meta property=\"og:title\" content=\"Barre de son Audio CAS104BT avec ACR et BT noir - Bantam\" \/>\n<meta property=\"og:description\" content=\"La barre de son Caratec CAS104BT assure une reproduction sonore claire et puissante gr\u00e2ce \u00e0 deux haut-parleurs \u00e0 large bande et une membrane passive suppl\u00e9mentaire, malgr\u00e9 ses dimensions compactes. La barre de son est reli\u00e9e \u00e0 la prise HDMI-ARC ou \u00e0 la prise casque du t\u00e9l\u00e9viseur \u00e0 l&rsquo;aide de l&rsquo;un des c\u00e2bles fournis. L&rsquo;alimentation \u00e9lectrique [&hellip;]\" \/>\n<meta property=\"og:url\" content=\"https:\/\/shop.bantam.ch\/fr\/produit\/barre-de-son-audio-cas104bt-avec-acr-et-bt-noir\/\" \/>\n<meta property=\"og:site_name\" content=\"Bantam\" \/>\n<meta property=\"article:modified_time\" content=\"2026-05-02T21:28:19+00:00\" \/>\n<meta name=\"twitter:card\" content=\"summary_large_image\" \/>\n<meta name=\"twitter:label1\" content=\"Dur\u00e9e de lecture estim\u00e9e\" \/>\n\t<meta name=\"twitter:data1\" content=\"1 minute\" \/>\n<script type=\"application\/ld+json\" class=\"yoast-schema-graph\">{\"@context\":\"https:\\\/\\\/schema.org\",\"@graph\":[{\"@type\":\"WebPage\",\"@id\":\"https:\\\/\\\/shop.bantam.ch\\\/fr\\\/produit\\\/barre-de-son-audio-cas104bt-avec-acr-et-bt-noir\\\/\",\"url\":\"https:\\\/\\\/shop.bantam.ch\\\/fr\\\/produit\\\/barre-de-son-audio-cas104bt-avec-acr-et-bt-noir\\\/\",\"name\":\"Barre de son Audio CAS104BT avec ACR et BT noir - Bantam\",\"isPartOf\":{\"@id\":\"https:\\\/\\\/shop.bantam.ch\\\/fr\\\/#website\"},\"primaryImageOfPage\":{\"@id\":\"https:\\\/\\\/shop.bantam.ch\\\/fr\\\/produit\\\/barre-de-son-audio-cas104bt-avec-acr-et-bt-noir\\\/#primaryimage\"},\"image\":{\"@id\":\"https:\\\/\\\/shop.bantam.ch\\\/fr\\\/produit\\\/barre-de-son-audio-cas104bt-avec-acr-et-bt-noir\\\/#primaryimage\"},\"thumbnailUrl\":\"https:\\\/\\\/shop.bantam.ch\\\/wp-content\\\/uploads\\\/2025\\\/03\\\/Movera-L-9975857100.jpg\",\"datePublished\":\"2025-03-14T16:08:59+00:00\",\"dateModified\":\"2026-05-02T21:28:19+00:00\",\"breadcrumb\":{\"@id\":\"https:\\\/\\\/shop.bantam.ch\\\/fr\\\/produit\\\/barre-de-son-audio-cas104bt-avec-acr-et-bt-noir\\\/#breadcrumb\"},\"inLanguage\":\"fr-FR\",\"potentialAction\":[{\"@type\":\"ReadAction\",\"target\":[\"https:\\\/\\\/shop.bantam.ch\\\/fr\\\/produit\\\/barre-de-son-audio-cas104bt-avec-acr-et-bt-noir\\\/\"]}]},{\"@type\":\"ImageObject\",\"inLanguage\":\"fr-FR\",\"@id\":\"https:\\\/\\\/shop.bantam.ch\\\/fr\\\/produit\\\/barre-de-son-audio-cas104bt-avec-acr-et-bt-noir\\\/#primaryimage\",\"url\":\"https:\\\/\\\/shop.bantam.ch\\\/wp-content\\\/uploads\\\/2025\\\/03\\\/Movera-L-9975857100.jpg\",\"contentUrl\":\"https:\\\/\\\/shop.bantam.ch\\\/wp-content\\\/uploads\\\/2025\\\/03\\\/Movera-L-9975857100.jpg\",\"width\":640,\"height\":427},{\"@type\":\"BreadcrumbList\",\"@id\":\"https:\\\/\\\/shop.bantam.ch\\\/fr\\\/produit\\\/barre-de-son-audio-cas104bt-avec-acr-et-bt-noir\\\/#breadcrumb\",\"itemListElement\":[{\"@type\":\"ListItem\",\"position\":1,\"name\":\"Accueil\",\"item\":\"https:\\\/\\\/shop.bantam.ch\\\/fr\\\/\"},{\"@type\":\"ListItem\",\"position\":2,\"name\":\"Boutique\",\"item\":\"https:\\\/\\\/shop.bantam.ch\\\/fr\\\/boutique\\\/\"},{\"@type\":\"ListItem\",\"position\":3,\"name\":\"Barre de son Audio CAS104BT avec ACR et BT noir\"}]},{\"@type\":\"WebSite\",\"@id\":\"https:\\\/\\\/shop.bantam.ch\\\/fr\\\/#website\",\"url\":\"https:\\\/\\\/shop.bantam.ch\\\/fr\\\/\",\"name\":\"Bantam\",\"description\":\"\",\"publisher\":{\"@id\":\"https:\\\/\\\/shop.bantam.ch\\\/fr\\\/#organization\"},\"inLanguage\":\"fr-FR\"},{\"@type\":\"Organization\",\"@id\":\"https:\\\/\\\/shop.bantam.ch\\\/fr\\\/#organization\",\"name\":\"Bantam\",\"url\":\"https:\\\/\\\/shop.bantam.ch\\\/fr\\\/\",\"logo\":{\"@type\":\"ImageObject\",\"inLanguage\":\"fr-FR\",\"@id\":\"https:\\\/\\\/shop.bantam.ch\\\/fr\\\/#\\\/schema\\\/logo\\\/image\\\/\",\"url\":\"https:\\\/\\\/shop.bantam.ch\\\/wp-content\\\/uploads\\\/2022\\\/12\\\/bantam-logo.png\",\"contentUrl\":\"https:\\\/\\\/shop.bantam.ch\\\/wp-content\\\/uploads\\\/2022\\\/12\\\/bantam-logo.png\",\"width\":320,\"height\":71,\"caption\":\"Bantam\"},\"image\":{\"@id\":\"https:\\\/\\\/shop.bantam.ch\\\/fr\\\/#\\\/schema\\\/logo\\\/image\\\/\"}}]}<\/script>\n<!-- \/ Yoast SEO plugin. -->","yoast_head_json":{"title":"Barre de son Audio CAS104BT avec ACR et BT noir - Bantam","robots":{"index":"index","follow":"follow","max-snippet":"max-snippet:-1","max-image-preview":"max-image-preview:large","max-video-preview":"max-video-preview:-1"},"canonical":"https:\/\/shop.bantam.ch\/fr\/produit\/barre-de-son-audio-cas104bt-avec-acr-et-bt-noir\/","og_locale":"fr_FR","og_type":"article","og_title":"Barre de son Audio CAS104BT avec ACR et BT noir - Bantam","og_description":"La barre de son Caratec CAS104BT assure une reproduction sonore claire et puissante gr\u00e2ce \u00e0 deux haut-parleurs \u00e0 large bande et une membrane passive suppl\u00e9mentaire, malgr\u00e9 ses dimensions compactes. La barre de son est reli\u00e9e \u00e0 la prise HDMI-ARC ou \u00e0 la prise casque du t\u00e9l\u00e9viseur \u00e0 l&rsquo;aide de l&rsquo;un des c\u00e2bles fournis. L&rsquo;alimentation \u00e9lectrique [&hellip;]","og_url":"https:\/\/shop.bantam.ch\/fr\/produit\/barre-de-son-audio-cas104bt-avec-acr-et-bt-noir\/","og_site_name":"Bantam","article_modified_time":"2026-05-02T21:28:19+00:00","twitter_card":"summary_large_image","twitter_misc":{"Dur\u00e9e de lecture estim\u00e9e":"1 minute"},"schema":{"@context":"https:\/\/schema.org","@graph":[{"@type":"WebPage","@id":"https:\/\/shop.bantam.ch\/fr\/produit\/barre-de-son-audio-cas104bt-avec-acr-et-bt-noir\/","url":"https:\/\/shop.bantam.ch\/fr\/produit\/barre-de-son-audio-cas104bt-avec-acr-et-bt-noir\/","name":"Barre de son Audio CAS104BT avec ACR et BT noir - Bantam","isPartOf":{"@id":"https:\/\/shop.bantam.ch\/fr\/#website"},"primaryImageOfPage":{"@id":"https:\/\/shop.bantam.ch\/fr\/produit\/barre-de-son-audio-cas104bt-avec-acr-et-bt-noir\/#primaryimage"},"image":{"@id":"https:\/\/shop.bantam.ch\/fr\/produit\/barre-de-son-audio-cas104bt-avec-acr-et-bt-noir\/#primaryimage"},"thumbnailUrl":"https:\/\/shop.bantam.ch\/wp-content\/uploads\/2025\/03\/Movera-L-9975857100.jpg","datePublished":"2025-03-14T16:08:59+00:00","dateModified":"2026-05-02T21:28:19+00:00","breadcrumb":{"@id":"https:\/\/shop.bantam.ch\/fr\/produit\/barre-de-son-audio-cas104bt-avec-acr-et-bt-noir\/#breadcrumb"},"inLanguage":"fr-FR","potentialAction":[{"@type":"ReadAction","target":["https:\/\/shop.bantam.ch\/fr\/produit\/barre-de-son-audio-cas104bt-avec-acr-et-bt-noir\/"]}]},{"@type":"ImageObject","inLanguage":"fr-FR","@id":"https:\/\/shop.bantam.ch\/fr\/produit\/barre-de-son-audio-cas104bt-avec-acr-et-bt-noir\/#primaryimage","url":"https:\/\/shop.bantam.ch\/wp-content\/uploads\/2025\/03\/Movera-L-9975857100.jpg","contentUrl":"https:\/\/shop.bantam.ch\/wp-content\/uploads\/2025\/03\/Movera-L-9975857100.jpg","width":640,"height":427},{"@type":"BreadcrumbList","@id":"https:\/\/shop.bantam.ch\/fr\/produit\/barre-de-son-audio-cas104bt-avec-acr-et-bt-noir\/#breadcrumb","itemListElement":[{"@type":"ListItem","position":1,"name":"Accueil","item":"https:\/\/shop.bantam.ch\/fr\/"},{"@type":"ListItem","position":2,"name":"Boutique","item":"https:\/\/shop.bantam.ch\/fr\/boutique\/"},{"@type":"ListItem","position":3,"name":"Barre de son Audio CAS104BT avec ACR et BT noir"}]},{"@type":"WebSite","@id":"https:\/\/shop.bantam.ch\/fr\/#website","url":"https:\/\/shop.bantam.ch\/fr\/","name":"Bantam","description":"","publisher":{"@id":"https:\/\/shop.bantam.ch\/fr\/#organization"},"inLanguage":"fr-FR"},{"@type":"Organization","@id":"https:\/\/shop.bantam.ch\/fr\/#organization","name":"Bantam","url":"https:\/\/shop.bantam.ch\/fr\/","logo":{"@type":"ImageObject","inLanguage":"fr-FR","@id":"https:\/\/shop.bantam.ch\/fr\/#\/schema\/logo\/image\/","url":"https:\/\/shop.bantam.ch\/wp-content\/uploads\/2022\/12\/bantam-logo.png","contentUrl":"https:\/\/shop.bantam.ch\/wp-content\/uploads\/2022\/12\/bantam-logo.png","width":320,"height":71,"caption":"Bantam"},"image":{"@id":"https:\/\/shop.bantam.ch\/fr\/#\/schema\/logo\/image\/"}}]}},"_links":{"self":[{"href":"https:\/\/shop.bantam.ch\/fr\/wp-json\/wp\/v2\/product\/216934","targetHints":{"allow":["GET"]}}],"collection":[{"href":"https:\/\/shop.bantam.ch\/fr\/wp-json\/wp\/v2\/product"}],"about":[{"href":"https:\/\/shop.bantam.ch\/fr\/wp-json\/wp\/v2\/types\/product"}],"wp:featuredmedia":[{"embeddable":true,"href":"https:\/\/shop.bantam.ch\/fr\/wp-json\/wp\/v2\/media\/216930"}],"wp:attachment":[{"href":"https:\/\/shop.bantam.ch\/fr\/wp-json\/wp\/v2\/media?parent=216934"}],"wp:term":[{"taxonomy":"product_featured_cat","embeddable":true,"href":"https:\/\/shop.bantam.ch\/fr\/wp-json\/wp\/v2\/product_featured_cat?post=216934"},{"taxonomy":"product_brand","embeddable":true,"href":"https:\/\/shop.bantam.ch\/fr\/wp-json\/wp\/v2\/product_brand?post=216934"},{"taxonomy":"product_cat","embeddable":true,"href":"https:\/\/shop.bantam.ch\/fr\/wp-json\/wp\/v2\/product_cat?post=216934"},{"taxonomy":"product_tag","embeddable":true,"href":"https:\/\/shop.bantam.ch\/fr\/wp-json\/wp\/v2\/product_tag?post=216934"}],"curies":[{"name":"wp","href":"https:\/\/api.w.org\/{rel}","templated":true}]}}