{"id":216928,"date":"2025-03-14T17:08:52","date_gmt":"2025-03-14T16:08:52","guid":{"rendered":"https:\/\/shop.bantam.ch\/produit\/kit-de-base-geyser-25-m-de-tuyau-10-buses-10-raccords-en-t-3-bouchons-5-fixations-de-tuyau\/"},"modified":"2026-05-11T23:29:48","modified_gmt":"2026-05-11T21:29:48","slug":"kit-de-base-geyser-25-m-de-tuyau-10-buses-10-raccords-en-t-3-bouchons-5-fixations-de-tuyau","status":"publish","type":"product","link":"https:\/\/shop.bantam.ch\/fr\/produit\/kit-de-base-geyser-25-m-de-tuyau-10-buses-10-raccords-en-t-3-bouchons-5-fixations-de-tuyau\/","title":{"rendered":"Kit de base Geyser 25 m de tuyau 10 buses 10 raccords en T 3 bouchons 5 fixations de tuyau"},"content":{"rendered":"<p>Le Geyser Kit Base contient tous les \u00e9l\u00e9ments n\u00e9cessaires pour \u00e9liminer les moustiques de ton jardin, de ta zone verte ou de ta terrasse \u00e0 l&rsquo;aide d&rsquo;un n\u00e9buliseur Geyser et pour les tenir \u00e0 distance.<br \/>\nLe kit peut \u00eatre mont\u00e9 de mani\u00e8re simple et intuitive, en fonction de la taille de la zone \u00e0 d\u00e9limiter.<br \/>\nInclus dans le kit :<\/p>\n<ul>\n<li>25 m de tuyau (4-6 mm\/ 1\/4 pouce)<\/li>\n<li>10 x buses avec fonction de jet de brouillard ultra-fin<\/li>\n<li>10 x raccords de tuyau en T<\/li>\n<li>3 bouchons de fermeture<\/li>\n<li>5 fixations de tuyau\n\t<\/li>\n<\/ul>\n","protected":false},"excerpt":{"rendered":"<p>Le Geyser Kit Base contient tous les \u00e9l\u00e9ments n\u00e9cessaires pour \u00e9liminer les moustiques de ton jardin, de ta zone verte ou de ta terrasse \u00e0 l&rsquo;aide d&rsquo;un n\u00e9buliseur Geyser et pour les tenir \u00e0 distance. Le kit peut \u00eatre mont\u00e9 de mani\u00e8re simple et intuitive, en fonction de la taille de la zone \u00e0 d\u00e9limiter. [&hellip;]<\/p>\n","protected":false},"featured_media":216926,"template":"","meta":{"_acf_changed":false},"product_featured_cat":[],"product_brand":[],"product_cat":[4933],"product_tag":[],"class_list":{"0":"post-216928","1":"product","2":"type-product","3":"status-publish","4":"has-post-thumbnail","6":"product_cat-pieges-et-repulsifs-a-insectes","8":"first","9":"instock","10":"taxable","11":"shipping-taxable","12":"purchasable","13":"product-type-simple"},"acf":[],"yoast_head":"<!-- This site is optimized with the Yoast SEO plugin v27.5 - https:\/\/yoast.com\/product\/yoast-seo-wordpress\/ -->\n<title>Kit de base Geyser 25 m de tuyau 10 buses 10 raccords en T 3 bouchons 5 fixations de tuyau - Bantam<\/title>\n<meta name=\"robots\" content=\"index, follow, max-snippet:-1, max-image-preview:large, max-video-preview:-1\" \/>\n<link rel=\"canonical\" href=\"https:\/\/shop.bantam.ch\/fr\/produit\/kit-de-base-geyser-25-m-de-tuyau-10-buses-10-raccords-en-t-3-bouchons-5-fixations-de-tuyau\/\" \/>\n<meta property=\"og:locale\" content=\"fr_FR\" \/>\n<meta property=\"og:type\" content=\"article\" \/>\n<meta property=\"og:title\" content=\"Kit de base Geyser 25 m de tuyau 10 buses 10 raccords en T 3 bouchons 5 fixations de tuyau - Bantam\" \/>\n<meta property=\"og:description\" content=\"Le Geyser Kit Base contient tous les \u00e9l\u00e9ments n\u00e9cessaires pour \u00e9liminer les moustiques de ton jardin, de ta zone verte ou de ta terrasse \u00e0 l&rsquo;aide d&rsquo;un n\u00e9buliseur Geyser et pour les tenir \u00e0 distance. Le kit peut \u00eatre mont\u00e9 de mani\u00e8re simple et intuitive, en fonction de la taille de la zone \u00e0 d\u00e9limiter. [&hellip;]\" \/>\n<meta property=\"og:url\" content=\"https:\/\/shop.bantam.ch\/fr\/produit\/kit-de-base-geyser-25-m-de-tuyau-10-buses-10-raccords-en-t-3-bouchons-5-fixations-de-tuyau\/\" \/>\n<meta property=\"og:site_name\" content=\"Bantam\" \/>\n<meta property=\"article:modified_time\" content=\"2026-05-11T21:29:48+00:00\" \/>\n<meta name=\"twitter:card\" content=\"summary_large_image\" \/>\n<script type=\"application\/ld+json\" class=\"yoast-schema-graph\">{\"@context\":\"https:\\\/\\\/schema.org\",\"@graph\":[{\"@type\":\"WebPage\",\"@id\":\"https:\\\/\\\/shop.bantam.ch\\\/fr\\\/produit\\\/kit-de-base-geyser-25-m-de-tuyau-10-buses-10-raccords-en-t-3-bouchons-5-fixations-de-tuyau\\\/\",\"url\":\"https:\\\/\\\/shop.bantam.ch\\\/fr\\\/produit\\\/kit-de-base-geyser-25-m-de-tuyau-10-buses-10-raccords-en-t-3-bouchons-5-fixations-de-tuyau\\\/\",\"name\":\"Kit de base Geyser 25 m de tuyau 10 buses 10 raccords en T 3 bouchons 5 fixations de tuyau - Bantam\",\"isPartOf\":{\"@id\":\"https:\\\/\\\/shop.bantam.ch\\\/fr\\\/#website\"},\"primaryImageOfPage\":{\"@id\":\"https:\\\/\\\/shop.bantam.ch\\\/fr\\\/produit\\\/kit-de-base-geyser-25-m-de-tuyau-10-buses-10-raccords-en-t-3-bouchons-5-fixations-de-tuyau\\\/#primaryimage\"},\"image\":{\"@id\":\"https:\\\/\\\/shop.bantam.ch\\\/fr\\\/produit\\\/kit-de-base-geyser-25-m-de-tuyau-10-buses-10-raccords-en-t-3-bouchons-5-fixations-de-tuyau\\\/#primaryimage\"},\"thumbnailUrl\":\"https:\\\/\\\/shop.bantam.ch\\\/wp-content\\\/uploads\\\/2025\\\/03\\\/Movera-L-9975854100.jpg\",\"datePublished\":\"2025-03-14T16:08:52+00:00\",\"dateModified\":\"2026-05-11T21:29:48+00:00\",\"breadcrumb\":{\"@id\":\"https:\\\/\\\/shop.bantam.ch\\\/fr\\\/produit\\\/kit-de-base-geyser-25-m-de-tuyau-10-buses-10-raccords-en-t-3-bouchons-5-fixations-de-tuyau\\\/#breadcrumb\"},\"inLanguage\":\"fr-FR\",\"potentialAction\":[{\"@type\":\"ReadAction\",\"target\":[\"https:\\\/\\\/shop.bantam.ch\\\/fr\\\/produit\\\/kit-de-base-geyser-25-m-de-tuyau-10-buses-10-raccords-en-t-3-bouchons-5-fixations-de-tuyau\\\/\"]}]},{\"@type\":\"ImageObject\",\"inLanguage\":\"fr-FR\",\"@id\":\"https:\\\/\\\/shop.bantam.ch\\\/fr\\\/produit\\\/kit-de-base-geyser-25-m-de-tuyau-10-buses-10-raccords-en-t-3-bouchons-5-fixations-de-tuyau\\\/#primaryimage\",\"url\":\"https:\\\/\\\/shop.bantam.ch\\\/wp-content\\\/uploads\\\/2025\\\/03\\\/Movera-L-9975854100.jpg\",\"contentUrl\":\"https:\\\/\\\/shop.bantam.ch\\\/wp-content\\\/uploads\\\/2025\\\/03\\\/Movera-L-9975854100.jpg\",\"width\":640,\"height\":659},{\"@type\":\"BreadcrumbList\",\"@id\":\"https:\\\/\\\/shop.bantam.ch\\\/fr\\\/produit\\\/kit-de-base-geyser-25-m-de-tuyau-10-buses-10-raccords-en-t-3-bouchons-5-fixations-de-tuyau\\\/#breadcrumb\",\"itemListElement\":[{\"@type\":\"ListItem\",\"position\":1,\"name\":\"Accueil\",\"item\":\"https:\\\/\\\/shop.bantam.ch\\\/fr\\\/\"},{\"@type\":\"ListItem\",\"position\":2,\"name\":\"Boutique\",\"item\":\"https:\\\/\\\/shop.bantam.ch\\\/fr\\\/boutique\\\/\"},{\"@type\":\"ListItem\",\"position\":3,\"name\":\"Kit de base Geyser 25 m de tuyau 10 buses 10 raccords en T 3 bouchons 5 fixations de tuyau\"}]},{\"@type\":\"WebSite\",\"@id\":\"https:\\\/\\\/shop.bantam.ch\\\/fr\\\/#website\",\"url\":\"https:\\\/\\\/shop.bantam.ch\\\/fr\\\/\",\"name\":\"Bantam\",\"description\":\"\",\"publisher\":{\"@id\":\"https:\\\/\\\/shop.bantam.ch\\\/fr\\\/#organization\"},\"inLanguage\":\"fr-FR\"},{\"@type\":\"Organization\",\"@id\":\"https:\\\/\\\/shop.bantam.ch\\\/fr\\\/#organization\",\"name\":\"Bantam\",\"url\":\"https:\\\/\\\/shop.bantam.ch\\\/fr\\\/\",\"logo\":{\"@type\":\"ImageObject\",\"inLanguage\":\"fr-FR\",\"@id\":\"https:\\\/\\\/shop.bantam.ch\\\/fr\\\/#\\\/schema\\\/logo\\\/image\\\/\",\"url\":\"https:\\\/\\\/shop.bantam.ch\\\/wp-content\\\/uploads\\\/2022\\\/12\\\/bantam-logo.png\",\"contentUrl\":\"https:\\\/\\\/shop.bantam.ch\\\/wp-content\\\/uploads\\\/2022\\\/12\\\/bantam-logo.png\",\"width\":320,\"height\":71,\"caption\":\"Bantam\"},\"image\":{\"@id\":\"https:\\\/\\\/shop.bantam.ch\\\/fr\\\/#\\\/schema\\\/logo\\\/image\\\/\"}}]}<\/script>\n<!-- \/ Yoast SEO plugin. -->","yoast_head_json":{"title":"Kit de base Geyser 25 m de tuyau 10 buses 10 raccords en T 3 bouchons 5 fixations de tuyau - Bantam","robots":{"index":"index","follow":"follow","max-snippet":"max-snippet:-1","max-image-preview":"max-image-preview:large","max-video-preview":"max-video-preview:-1"},"canonical":"https:\/\/shop.bantam.ch\/fr\/produit\/kit-de-base-geyser-25-m-de-tuyau-10-buses-10-raccords-en-t-3-bouchons-5-fixations-de-tuyau\/","og_locale":"fr_FR","og_type":"article","og_title":"Kit de base Geyser 25 m de tuyau 10 buses 10 raccords en T 3 bouchons 5 fixations de tuyau - Bantam","og_description":"Le Geyser Kit Base contient tous les \u00e9l\u00e9ments n\u00e9cessaires pour \u00e9liminer les moustiques de ton jardin, de ta zone verte ou de ta terrasse \u00e0 l&rsquo;aide d&rsquo;un n\u00e9buliseur Geyser et pour les tenir \u00e0 distance. Le kit peut \u00eatre mont\u00e9 de mani\u00e8re simple et intuitive, en fonction de la taille de la zone \u00e0 d\u00e9limiter. [&hellip;]","og_url":"https:\/\/shop.bantam.ch\/fr\/produit\/kit-de-base-geyser-25-m-de-tuyau-10-buses-10-raccords-en-t-3-bouchons-5-fixations-de-tuyau\/","og_site_name":"Bantam","article_modified_time":"2026-05-11T21:29:48+00:00","twitter_card":"summary_large_image","schema":{"@context":"https:\/\/schema.org","@graph":[{"@type":"WebPage","@id":"https:\/\/shop.bantam.ch\/fr\/produit\/kit-de-base-geyser-25-m-de-tuyau-10-buses-10-raccords-en-t-3-bouchons-5-fixations-de-tuyau\/","url":"https:\/\/shop.bantam.ch\/fr\/produit\/kit-de-base-geyser-25-m-de-tuyau-10-buses-10-raccords-en-t-3-bouchons-5-fixations-de-tuyau\/","name":"Kit de base Geyser 25 m de tuyau 10 buses 10 raccords en T 3 bouchons 5 fixations de tuyau - Bantam","isPartOf":{"@id":"https:\/\/shop.bantam.ch\/fr\/#website"},"primaryImageOfPage":{"@id":"https:\/\/shop.bantam.ch\/fr\/produit\/kit-de-base-geyser-25-m-de-tuyau-10-buses-10-raccords-en-t-3-bouchons-5-fixations-de-tuyau\/#primaryimage"},"image":{"@id":"https:\/\/shop.bantam.ch\/fr\/produit\/kit-de-base-geyser-25-m-de-tuyau-10-buses-10-raccords-en-t-3-bouchons-5-fixations-de-tuyau\/#primaryimage"},"thumbnailUrl":"https:\/\/shop.bantam.ch\/wp-content\/uploads\/2025\/03\/Movera-L-9975854100.jpg","datePublished":"2025-03-14T16:08:52+00:00","dateModified":"2026-05-11T21:29:48+00:00","breadcrumb":{"@id":"https:\/\/shop.bantam.ch\/fr\/produit\/kit-de-base-geyser-25-m-de-tuyau-10-buses-10-raccords-en-t-3-bouchons-5-fixations-de-tuyau\/#breadcrumb"},"inLanguage":"fr-FR","potentialAction":[{"@type":"ReadAction","target":["https:\/\/shop.bantam.ch\/fr\/produit\/kit-de-base-geyser-25-m-de-tuyau-10-buses-10-raccords-en-t-3-bouchons-5-fixations-de-tuyau\/"]}]},{"@type":"ImageObject","inLanguage":"fr-FR","@id":"https:\/\/shop.bantam.ch\/fr\/produit\/kit-de-base-geyser-25-m-de-tuyau-10-buses-10-raccords-en-t-3-bouchons-5-fixations-de-tuyau\/#primaryimage","url":"https:\/\/shop.bantam.ch\/wp-content\/uploads\/2025\/03\/Movera-L-9975854100.jpg","contentUrl":"https:\/\/shop.bantam.ch\/wp-content\/uploads\/2025\/03\/Movera-L-9975854100.jpg","width":640,"height":659},{"@type":"BreadcrumbList","@id":"https:\/\/shop.bantam.ch\/fr\/produit\/kit-de-base-geyser-25-m-de-tuyau-10-buses-10-raccords-en-t-3-bouchons-5-fixations-de-tuyau\/#breadcrumb","itemListElement":[{"@type":"ListItem","position":1,"name":"Accueil","item":"https:\/\/shop.bantam.ch\/fr\/"},{"@type":"ListItem","position":2,"name":"Boutique","item":"https:\/\/shop.bantam.ch\/fr\/boutique\/"},{"@type":"ListItem","position":3,"name":"Kit de base Geyser 25 m de tuyau 10 buses 10 raccords en T 3 bouchons 5 fixations de tuyau"}]},{"@type":"WebSite","@id":"https:\/\/shop.bantam.ch\/fr\/#website","url":"https:\/\/shop.bantam.ch\/fr\/","name":"Bantam","description":"","publisher":{"@id":"https:\/\/shop.bantam.ch\/fr\/#organization"},"inLanguage":"fr-FR"},{"@type":"Organization","@id":"https:\/\/shop.bantam.ch\/fr\/#organization","name":"Bantam","url":"https:\/\/shop.bantam.ch\/fr\/","logo":{"@type":"ImageObject","inLanguage":"fr-FR","@id":"https:\/\/shop.bantam.ch\/fr\/#\/schema\/logo\/image\/","url":"https:\/\/shop.bantam.ch\/wp-content\/uploads\/2022\/12\/bantam-logo.png","contentUrl":"https:\/\/shop.bantam.ch\/wp-content\/uploads\/2022\/12\/bantam-logo.png","width":320,"height":71,"caption":"Bantam"},"image":{"@id":"https:\/\/shop.bantam.ch\/fr\/#\/schema\/logo\/image\/"}}]}},"_links":{"self":[{"href":"https:\/\/shop.bantam.ch\/fr\/wp-json\/wp\/v2\/product\/216928","targetHints":{"allow":["GET"]}}],"collection":[{"href":"https:\/\/shop.bantam.ch\/fr\/wp-json\/wp\/v2\/product"}],"about":[{"href":"https:\/\/shop.bantam.ch\/fr\/wp-json\/wp\/v2\/types\/product"}],"wp:featuredmedia":[{"embeddable":true,"href":"https:\/\/shop.bantam.ch\/fr\/wp-json\/wp\/v2\/media\/216926"}],"wp:attachment":[{"href":"https:\/\/shop.bantam.ch\/fr\/wp-json\/wp\/v2\/media?parent=216928"}],"wp:term":[{"taxonomy":"product_featured_cat","embeddable":true,"href":"https:\/\/shop.bantam.ch\/fr\/wp-json\/wp\/v2\/product_featured_cat?post=216928"},{"taxonomy":"product_brand","embeddable":true,"href":"https:\/\/shop.bantam.ch\/fr\/wp-json\/wp\/v2\/product_brand?post=216928"},{"taxonomy":"product_cat","embeddable":true,"href":"https:\/\/shop.bantam.ch\/fr\/wp-json\/wp\/v2\/product_cat?post=216928"},{"taxonomy":"product_tag","embeddable":true,"href":"https:\/\/shop.bantam.ch\/fr\/wp-json\/wp\/v2\/product_tag?post=216928"}],"curies":[{"name":"wp","href":"https:\/\/api.w.org\/{rel}","templated":true}]}}