{"id":216916,"date":"2025-03-14T17:08:37","date_gmt":"2025-03-14T16:08:37","guid":{"rendered":"https:\/\/shop.bantam.ch\/produit\/entretien-des-matieres-plastiques\/"},"modified":"2026-04-18T23:35:41","modified_gmt":"2026-04-18T21:35:41","slug":"entretien-des-matieres-plastiques","status":"publish","type":"product","link":"https:\/\/shop.bantam.ch\/fr\/produit\/entretien-des-matieres-plastiques\/","title":{"rendered":"Entretien des mati\u00e8res plastiques"},"content":{"rendered":"<p>Entretenir et rafra\u00eechir correctement les mati\u00e8res plastiques<br \/>\nGel transparent \u00e0 utiliser \u00e0 l&rsquo;ext\u00e9rieur de tous les v\u00e9hicules de camping.<br \/>\nEntretient et embellit les pi\u00e8ces en plastique non peintes et assure, en une seule op\u00e9ration, la protection du plastique.<br \/>\nen une seule op\u00e9ration pour une pr\u00e9paration compl\u00e8te du plastique, une<br \/>\nprotection et conservation durable avec un brillant intense. Prot\u00e8ge les<br \/>\nles surfaces trait\u00e9es de mani\u00e8re optimale contre les influences environnementales agressives,<br \/>\ndes rayons UV et d&rsquo;un r\u00e9encrassement trop rapide. Contient du silicone.<\/p>\n<ul>\n<li>facile \u00e0 utiliser<\/li>\n<li>prot\u00e8ge contre les influences environnementales<\/li>\n<li>a un effet antisalissure et hydrofuge<\/li>\n<li>protection et entretien de tous les plastiques non vernis<\/li>\n<\/ul>\n","protected":false},"excerpt":{"rendered":"<p>Entretenir et rafra\u00eechir correctement les mati\u00e8res plastiques Gel transparent \u00e0 utiliser \u00e0 l&rsquo;ext\u00e9rieur de tous les v\u00e9hicules de camping. Entretient et embellit les pi\u00e8ces en plastique non peintes et assure, en une seule op\u00e9ration, la protection du plastique. en une seule op\u00e9ration pour une pr\u00e9paration compl\u00e8te du plastique, une protection et conservation durable avec un [&hellip;]<\/p>\n","protected":false},"featured_media":216914,"template":"","meta":{"_acf_changed":false},"product_featured_cat":[],"product_brand":[],"product_cat":[5089],"product_tag":[],"class_list":{"0":"post-216916","1":"product","2":"type-product","3":"status-publish","4":"has-post-thumbnail","6":"product_cat-produits-de-polissage","8":"first","9":"instock","10":"taxable","11":"shipping-taxable","12":"purchasable","13":"product-type-simple"},"acf":[],"yoast_head":"<!-- This site is optimized with the Yoast SEO plugin v27.4 - https:\/\/yoast.com\/product\/yoast-seo-wordpress\/ -->\n<title>Entretien des mati\u00e8res plastiques - Bantam Wankm\u00fcller SA<\/title>\n<meta name=\"robots\" content=\"index, follow, max-snippet:-1, max-image-preview:large, max-video-preview:-1\" \/>\n<link rel=\"canonical\" href=\"https:\/\/shop.bantam.ch\/fr\/produit\/entretien-des-matieres-plastiques\/\" \/>\n<meta property=\"og:locale\" content=\"fr_FR\" \/>\n<meta property=\"og:type\" content=\"article\" \/>\n<meta property=\"og:title\" content=\"Entretien des mati\u00e8res plastiques - Bantam Wankm\u00fcller SA\" \/>\n<meta property=\"og:description\" content=\"Entretenir et rafra\u00eechir correctement les mati\u00e8res plastiques Gel transparent \u00e0 utiliser \u00e0 l&rsquo;ext\u00e9rieur de tous les v\u00e9hicules de camping. Entretient et embellit les pi\u00e8ces en plastique non peintes et assure, en une seule op\u00e9ration, la protection du plastique. en une seule op\u00e9ration pour une pr\u00e9paration compl\u00e8te du plastique, une protection et conservation durable avec un [&hellip;]\" \/>\n<meta property=\"og:url\" content=\"https:\/\/shop.bantam.ch\/fr\/produit\/entretien-des-matieres-plastiques\/\" \/>\n<meta property=\"og:site_name\" content=\"Bantam Wankm\u00fcller SA\" \/>\n<meta property=\"article:modified_time\" content=\"2026-04-18T21:35:41+00:00\" \/>\n<meta name=\"twitter:card\" content=\"summary_large_image\" \/>\n<meta name=\"twitter:label1\" content=\"Dur\u00e9e de lecture estim\u00e9e\" \/>\n\t<meta name=\"twitter:data1\" content=\"1 minute\" \/>\n<script type=\"application\/ld+json\" class=\"yoast-schema-graph\">{\"@context\":\"https:\\\/\\\/schema.org\",\"@graph\":[{\"@type\":\"WebPage\",\"@id\":\"https:\\\/\\\/shop.bantam.ch\\\/fr\\\/produit\\\/entretien-des-matieres-plastiques\\\/\",\"url\":\"https:\\\/\\\/shop.bantam.ch\\\/fr\\\/produit\\\/entretien-des-matieres-plastiques\\\/\",\"name\":\"Entretien des mati\u00e8res plastiques - Bantam Wankm\u00fcller SA\",\"isPartOf\":{\"@id\":\"https:\\\/\\\/shop.bantam.ch\\\/fr\\\/#website\"},\"primaryImageOfPage\":{\"@id\":\"https:\\\/\\\/shop.bantam.ch\\\/fr\\\/produit\\\/entretien-des-matieres-plastiques\\\/#primaryimage\"},\"image\":{\"@id\":\"https:\\\/\\\/shop.bantam.ch\\\/fr\\\/produit\\\/entretien-des-matieres-plastiques\\\/#primaryimage\"},\"thumbnailUrl\":\"https:\\\/\\\/shop.bantam.ch\\\/wp-content\\\/uploads\\\/2025\\\/03\\\/Movera-L-9975849100.png\",\"datePublished\":\"2025-03-14T16:08:37+00:00\",\"dateModified\":\"2026-04-18T21:35:41+00:00\",\"breadcrumb\":{\"@id\":\"https:\\\/\\\/shop.bantam.ch\\\/fr\\\/produit\\\/entretien-des-matieres-plastiques\\\/#breadcrumb\"},\"inLanguage\":\"fr-FR\",\"potentialAction\":[{\"@type\":\"ReadAction\",\"target\":[\"https:\\\/\\\/shop.bantam.ch\\\/fr\\\/produit\\\/entretien-des-matieres-plastiques\\\/\"]}]},{\"@type\":\"ImageObject\",\"inLanguage\":\"fr-FR\",\"@id\":\"https:\\\/\\\/shop.bantam.ch\\\/fr\\\/produit\\\/entretien-des-matieres-plastiques\\\/#primaryimage\",\"url\":\"https:\\\/\\\/shop.bantam.ch\\\/wp-content\\\/uploads\\\/2025\\\/03\\\/Movera-L-9975849100.png\",\"contentUrl\":\"https:\\\/\\\/shop.bantam.ch\\\/wp-content\\\/uploads\\\/2025\\\/03\\\/Movera-L-9975849100.png\",\"width\":640,\"height\":1567},{\"@type\":\"BreadcrumbList\",\"@id\":\"https:\\\/\\\/shop.bantam.ch\\\/fr\\\/produit\\\/entretien-des-matieres-plastiques\\\/#breadcrumb\",\"itemListElement\":[{\"@type\":\"ListItem\",\"position\":1,\"name\":\"Accueil\",\"item\":\"https:\\\/\\\/shop.bantam.ch\\\/fr\\\/\"},{\"@type\":\"ListItem\",\"position\":2,\"name\":\"Boutique\",\"item\":\"https:\\\/\\\/shop.bantam.ch\\\/fr\\\/boutique\\\/\"},{\"@type\":\"ListItem\",\"position\":3,\"name\":\"Entretien des mati\u00e8res plastiques\"}]},{\"@type\":\"WebSite\",\"@id\":\"https:\\\/\\\/shop.bantam.ch\\\/fr\\\/#website\",\"url\":\"https:\\\/\\\/shop.bantam.ch\\\/fr\\\/\",\"name\":\"Bantam Wankm\u00fcller SA\",\"description\":\"\",\"publisher\":{\"@id\":\"https:\\\/\\\/shop.bantam.ch\\\/fr\\\/#organization\"},\"inLanguage\":\"fr-FR\"},{\"@type\":\"Organization\",\"@id\":\"https:\\\/\\\/shop.bantam.ch\\\/fr\\\/#organization\",\"name\":\"Bantam Wankm\u00fcller SA\",\"url\":\"https:\\\/\\\/shop.bantam.ch\\\/fr\\\/\",\"logo\":{\"@type\":\"ImageObject\",\"inLanguage\":\"fr-FR\",\"@id\":\"https:\\\/\\\/shop.bantam.ch\\\/fr\\\/#\\\/schema\\\/logo\\\/image\\\/\",\"url\":\"https:\\\/\\\/shop.bantam.ch\\\/wp-content\\\/uploads\\\/2022\\\/12\\\/bantam-logo.png\",\"contentUrl\":\"https:\\\/\\\/shop.bantam.ch\\\/wp-content\\\/uploads\\\/2022\\\/12\\\/bantam-logo.png\",\"width\":320,\"height\":71,\"caption\":\"Bantam Wankm\u00fcller SA\"},\"image\":{\"@id\":\"https:\\\/\\\/shop.bantam.ch\\\/fr\\\/#\\\/schema\\\/logo\\\/image\\\/\"}}]}<\/script>\n<!-- \/ Yoast SEO plugin. -->","yoast_head_json":{"title":"Entretien des mati\u00e8res plastiques - Bantam Wankm\u00fcller SA","robots":{"index":"index","follow":"follow","max-snippet":"max-snippet:-1","max-image-preview":"max-image-preview:large","max-video-preview":"max-video-preview:-1"},"canonical":"https:\/\/shop.bantam.ch\/fr\/produit\/entretien-des-matieres-plastiques\/","og_locale":"fr_FR","og_type":"article","og_title":"Entretien des mati\u00e8res plastiques - Bantam Wankm\u00fcller SA","og_description":"Entretenir et rafra\u00eechir correctement les mati\u00e8res plastiques Gel transparent \u00e0 utiliser \u00e0 l&rsquo;ext\u00e9rieur de tous les v\u00e9hicules de camping. Entretient et embellit les pi\u00e8ces en plastique non peintes et assure, en une seule op\u00e9ration, la protection du plastique. en une seule op\u00e9ration pour une pr\u00e9paration compl\u00e8te du plastique, une protection et conservation durable avec un [&hellip;]","og_url":"https:\/\/shop.bantam.ch\/fr\/produit\/entretien-des-matieres-plastiques\/","og_site_name":"Bantam Wankm\u00fcller SA","article_modified_time":"2026-04-18T21:35:41+00:00","twitter_card":"summary_large_image","twitter_misc":{"Dur\u00e9e de lecture estim\u00e9e":"1 minute"},"schema":{"@context":"https:\/\/schema.org","@graph":[{"@type":"WebPage","@id":"https:\/\/shop.bantam.ch\/fr\/produit\/entretien-des-matieres-plastiques\/","url":"https:\/\/shop.bantam.ch\/fr\/produit\/entretien-des-matieres-plastiques\/","name":"Entretien des mati\u00e8res plastiques - Bantam Wankm\u00fcller SA","isPartOf":{"@id":"https:\/\/shop.bantam.ch\/fr\/#website"},"primaryImageOfPage":{"@id":"https:\/\/shop.bantam.ch\/fr\/produit\/entretien-des-matieres-plastiques\/#primaryimage"},"image":{"@id":"https:\/\/shop.bantam.ch\/fr\/produit\/entretien-des-matieres-plastiques\/#primaryimage"},"thumbnailUrl":"https:\/\/shop.bantam.ch\/wp-content\/uploads\/2025\/03\/Movera-L-9975849100.png","datePublished":"2025-03-14T16:08:37+00:00","dateModified":"2026-04-18T21:35:41+00:00","breadcrumb":{"@id":"https:\/\/shop.bantam.ch\/fr\/produit\/entretien-des-matieres-plastiques\/#breadcrumb"},"inLanguage":"fr-FR","potentialAction":[{"@type":"ReadAction","target":["https:\/\/shop.bantam.ch\/fr\/produit\/entretien-des-matieres-plastiques\/"]}]},{"@type":"ImageObject","inLanguage":"fr-FR","@id":"https:\/\/shop.bantam.ch\/fr\/produit\/entretien-des-matieres-plastiques\/#primaryimage","url":"https:\/\/shop.bantam.ch\/wp-content\/uploads\/2025\/03\/Movera-L-9975849100.png","contentUrl":"https:\/\/shop.bantam.ch\/wp-content\/uploads\/2025\/03\/Movera-L-9975849100.png","width":640,"height":1567},{"@type":"BreadcrumbList","@id":"https:\/\/shop.bantam.ch\/fr\/produit\/entretien-des-matieres-plastiques\/#breadcrumb","itemListElement":[{"@type":"ListItem","position":1,"name":"Accueil","item":"https:\/\/shop.bantam.ch\/fr\/"},{"@type":"ListItem","position":2,"name":"Boutique","item":"https:\/\/shop.bantam.ch\/fr\/boutique\/"},{"@type":"ListItem","position":3,"name":"Entretien des mati\u00e8res plastiques"}]},{"@type":"WebSite","@id":"https:\/\/shop.bantam.ch\/fr\/#website","url":"https:\/\/shop.bantam.ch\/fr\/","name":"Bantam Wankm\u00fcller SA","description":"","publisher":{"@id":"https:\/\/shop.bantam.ch\/fr\/#organization"},"inLanguage":"fr-FR"},{"@type":"Organization","@id":"https:\/\/shop.bantam.ch\/fr\/#organization","name":"Bantam Wankm\u00fcller SA","url":"https:\/\/shop.bantam.ch\/fr\/","logo":{"@type":"ImageObject","inLanguage":"fr-FR","@id":"https:\/\/shop.bantam.ch\/fr\/#\/schema\/logo\/image\/","url":"https:\/\/shop.bantam.ch\/wp-content\/uploads\/2022\/12\/bantam-logo.png","contentUrl":"https:\/\/shop.bantam.ch\/wp-content\/uploads\/2022\/12\/bantam-logo.png","width":320,"height":71,"caption":"Bantam Wankm\u00fcller SA"},"image":{"@id":"https:\/\/shop.bantam.ch\/fr\/#\/schema\/logo\/image\/"}}]}},"_links":{"self":[{"href":"https:\/\/shop.bantam.ch\/fr\/wp-json\/wp\/v2\/product\/216916","targetHints":{"allow":["GET"]}}],"collection":[{"href":"https:\/\/shop.bantam.ch\/fr\/wp-json\/wp\/v2\/product"}],"about":[{"href":"https:\/\/shop.bantam.ch\/fr\/wp-json\/wp\/v2\/types\/product"}],"wp:featuredmedia":[{"embeddable":true,"href":"https:\/\/shop.bantam.ch\/fr\/wp-json\/wp\/v2\/media\/216914"}],"wp:attachment":[{"href":"https:\/\/shop.bantam.ch\/fr\/wp-json\/wp\/v2\/media?parent=216916"}],"wp:term":[{"taxonomy":"product_featured_cat","embeddable":true,"href":"https:\/\/shop.bantam.ch\/fr\/wp-json\/wp\/v2\/product_featured_cat?post=216916"},{"taxonomy":"product_brand","embeddable":true,"href":"https:\/\/shop.bantam.ch\/fr\/wp-json\/wp\/v2\/product_brand?post=216916"},{"taxonomy":"product_cat","embeddable":true,"href":"https:\/\/shop.bantam.ch\/fr\/wp-json\/wp\/v2\/product_cat?post=216916"},{"taxonomy":"product_tag","embeddable":true,"href":"https:\/\/shop.bantam.ch\/fr\/wp-json\/wp\/v2\/product_tag?post=216916"}],"curies":[{"name":"wp","href":"https:\/\/api.w.org\/{rel}","templated":true}]}}