{"id":216912,"date":"2025-03-14T17:08:30","date_gmt":"2025-03-14T16:08:30","guid":{"rendered":"https:\/\/shop.bantam.ch\/produit\/diesel-fluide\/"},"modified":"2026-04-18T23:35:41","modified_gmt":"2026-04-18T21:35:41","slug":"diesel-fluide","status":"publish","type":"product","link":"https:\/\/shop.bantam.ch\/fr\/produit\/diesel-fluide\/","title":{"rendered":"Diesel fluide"},"content":{"rendered":"<p>Augmente la fluidit\u00e9 et la capacit\u00e9 de filtration du diesel. Rend le diesel r\u00e9sistant \u00e0 l&rsquo;hiver jusqu&rsquo;\u00e0 -31 \u00b0C, en fonction de la qualit\u00e9 du diesel. Garantit la s\u00e9curit\u00e9 de fonctionnement de tous les moteurs diesel \u00e0 basses temp\u00e9ratures. Pour une efficacit\u00e9 optimale en ce qui concerne la pr\u00e9vention de la pr\u00e9cipitation de la paraffine, l&rsquo;ajout doit avoir lieu environ 5 \u00b0C avant que le point de nuage (point de trouble) ne soit atteint. Remarque : sensible au gel, \u00e0 stocker au-dessus de 0 \u00b0C !<\/p>\n","protected":false},"excerpt":{"rendered":"<p>Augmente la fluidit\u00e9 et la capacit\u00e9 de filtration du diesel. Rend le diesel r\u00e9sistant \u00e0 l&rsquo;hiver jusqu&rsquo;\u00e0 -31 \u00b0C, en fonction de la qualit\u00e9 du diesel. Garantit la s\u00e9curit\u00e9 de fonctionnement de tous les moteurs diesel \u00e0 basses temp\u00e9ratures. Pour une efficacit\u00e9 optimale en ce qui concerne la pr\u00e9vention de la pr\u00e9cipitation de la paraffine, [&hellip;]<\/p>\n","protected":false},"featured_media":216910,"template":"","meta":{"_acf_changed":false},"product_featured_cat":[],"product_brand":[],"product_cat":[5091],"product_tag":[],"class_list":{"0":"post-216912","1":"product","2":"type-product","3":"status-publish","4":"has-post-thumbnail","6":"product_cat-detergent-special","8":"first","9":"instock","10":"taxable","11":"shipping-taxable","12":"purchasable","13":"product-type-simple"},"acf":[],"yoast_head":"<!-- This site is optimized with the Yoast SEO plugin v27.4 - https:\/\/yoast.com\/product\/yoast-seo-wordpress\/ -->\n<title>Diesel fluide - Bantam Wankm\u00fcller SA<\/title>\n<meta name=\"robots\" content=\"index, follow, max-snippet:-1, max-image-preview:large, max-video-preview:-1\" \/>\n<link rel=\"canonical\" href=\"https:\/\/shop.bantam.ch\/fr\/produit\/diesel-fluide\/\" \/>\n<meta property=\"og:locale\" content=\"fr_FR\" \/>\n<meta property=\"og:type\" content=\"article\" \/>\n<meta property=\"og:title\" content=\"Diesel fluide - Bantam Wankm\u00fcller SA\" \/>\n<meta property=\"og:description\" content=\"Augmente la fluidit\u00e9 et la capacit\u00e9 de filtration du diesel. Rend le diesel r\u00e9sistant \u00e0 l&rsquo;hiver jusqu&rsquo;\u00e0 -31 \u00b0C, en fonction de la qualit\u00e9 du diesel. Garantit la s\u00e9curit\u00e9 de fonctionnement de tous les moteurs diesel \u00e0 basses temp\u00e9ratures. Pour une efficacit\u00e9 optimale en ce qui concerne la pr\u00e9vention de la pr\u00e9cipitation de la paraffine, [&hellip;]\" \/>\n<meta property=\"og:url\" content=\"https:\/\/shop.bantam.ch\/fr\/produit\/diesel-fluide\/\" \/>\n<meta property=\"og:site_name\" content=\"Bantam Wankm\u00fcller SA\" \/>\n<meta property=\"article:modified_time\" content=\"2026-04-18T21:35:41+00:00\" \/>\n<meta name=\"twitter:card\" content=\"summary_large_image\" \/>\n<script type=\"application\/ld+json\" class=\"yoast-schema-graph\">{\"@context\":\"https:\\\/\\\/schema.org\",\"@graph\":[{\"@type\":\"WebPage\",\"@id\":\"https:\\\/\\\/shop.bantam.ch\\\/fr\\\/produit\\\/diesel-fluide\\\/\",\"url\":\"https:\\\/\\\/shop.bantam.ch\\\/fr\\\/produit\\\/diesel-fluide\\\/\",\"name\":\"Diesel fluide - Bantam Wankm\u00fcller SA\",\"isPartOf\":{\"@id\":\"https:\\\/\\\/shop.bantam.ch\\\/fr\\\/#website\"},\"primaryImageOfPage\":{\"@id\":\"https:\\\/\\\/shop.bantam.ch\\\/fr\\\/produit\\\/diesel-fluide\\\/#primaryimage\"},\"image\":{\"@id\":\"https:\\\/\\\/shop.bantam.ch\\\/fr\\\/produit\\\/diesel-fluide\\\/#primaryimage\"},\"thumbnailUrl\":\"https:\\\/\\\/shop.bantam.ch\\\/wp-content\\\/uploads\\\/2025\\\/03\\\/Movera-L-9975848100.jpg\",\"datePublished\":\"2025-03-14T16:08:30+00:00\",\"dateModified\":\"2026-04-18T21:35:41+00:00\",\"breadcrumb\":{\"@id\":\"https:\\\/\\\/shop.bantam.ch\\\/fr\\\/produit\\\/diesel-fluide\\\/#breadcrumb\"},\"inLanguage\":\"fr-FR\",\"potentialAction\":[{\"@type\":\"ReadAction\",\"target\":[\"https:\\\/\\\/shop.bantam.ch\\\/fr\\\/produit\\\/diesel-fluide\\\/\"]}]},{\"@type\":\"ImageObject\",\"inLanguage\":\"fr-FR\",\"@id\":\"https:\\\/\\\/shop.bantam.ch\\\/fr\\\/produit\\\/diesel-fluide\\\/#primaryimage\",\"url\":\"https:\\\/\\\/shop.bantam.ch\\\/wp-content\\\/uploads\\\/2025\\\/03\\\/Movera-L-9975848100.jpg\",\"contentUrl\":\"https:\\\/\\\/shop.bantam.ch\\\/wp-content\\\/uploads\\\/2025\\\/03\\\/Movera-L-9975848100.jpg\",\"width\":640,\"height\":788},{\"@type\":\"BreadcrumbList\",\"@id\":\"https:\\\/\\\/shop.bantam.ch\\\/fr\\\/produit\\\/diesel-fluide\\\/#breadcrumb\",\"itemListElement\":[{\"@type\":\"ListItem\",\"position\":1,\"name\":\"Accueil\",\"item\":\"https:\\\/\\\/shop.bantam.ch\\\/fr\\\/\"},{\"@type\":\"ListItem\",\"position\":2,\"name\":\"Boutique\",\"item\":\"https:\\\/\\\/shop.bantam.ch\\\/fr\\\/boutique\\\/\"},{\"@type\":\"ListItem\",\"position\":3,\"name\":\"Diesel fluide\"}]},{\"@type\":\"WebSite\",\"@id\":\"https:\\\/\\\/shop.bantam.ch\\\/fr\\\/#website\",\"url\":\"https:\\\/\\\/shop.bantam.ch\\\/fr\\\/\",\"name\":\"Bantam Wankm\u00fcller SA\",\"description\":\"\",\"publisher\":{\"@id\":\"https:\\\/\\\/shop.bantam.ch\\\/fr\\\/#organization\"},\"inLanguage\":\"fr-FR\"},{\"@type\":\"Organization\",\"@id\":\"https:\\\/\\\/shop.bantam.ch\\\/fr\\\/#organization\",\"name\":\"Bantam Wankm\u00fcller SA\",\"url\":\"https:\\\/\\\/shop.bantam.ch\\\/fr\\\/\",\"logo\":{\"@type\":\"ImageObject\",\"inLanguage\":\"fr-FR\",\"@id\":\"https:\\\/\\\/shop.bantam.ch\\\/fr\\\/#\\\/schema\\\/logo\\\/image\\\/\",\"url\":\"https:\\\/\\\/shop.bantam.ch\\\/wp-content\\\/uploads\\\/2022\\\/12\\\/bantam-logo.png\",\"contentUrl\":\"https:\\\/\\\/shop.bantam.ch\\\/wp-content\\\/uploads\\\/2022\\\/12\\\/bantam-logo.png\",\"width\":320,\"height\":71,\"caption\":\"Bantam Wankm\u00fcller SA\"},\"image\":{\"@id\":\"https:\\\/\\\/shop.bantam.ch\\\/fr\\\/#\\\/schema\\\/logo\\\/image\\\/\"}}]}<\/script>\n<!-- \/ Yoast SEO plugin. -->","yoast_head_json":{"title":"Diesel fluide - Bantam Wankm\u00fcller SA","robots":{"index":"index","follow":"follow","max-snippet":"max-snippet:-1","max-image-preview":"max-image-preview:large","max-video-preview":"max-video-preview:-1"},"canonical":"https:\/\/shop.bantam.ch\/fr\/produit\/diesel-fluide\/","og_locale":"fr_FR","og_type":"article","og_title":"Diesel fluide - Bantam Wankm\u00fcller SA","og_description":"Augmente la fluidit\u00e9 et la capacit\u00e9 de filtration du diesel. Rend le diesel r\u00e9sistant \u00e0 l&rsquo;hiver jusqu&rsquo;\u00e0 -31 \u00b0C, en fonction de la qualit\u00e9 du diesel. Garantit la s\u00e9curit\u00e9 de fonctionnement de tous les moteurs diesel \u00e0 basses temp\u00e9ratures. Pour une efficacit\u00e9 optimale en ce qui concerne la pr\u00e9vention de la pr\u00e9cipitation de la paraffine, [&hellip;]","og_url":"https:\/\/shop.bantam.ch\/fr\/produit\/diesel-fluide\/","og_site_name":"Bantam Wankm\u00fcller SA","article_modified_time":"2026-04-18T21:35:41+00:00","twitter_card":"summary_large_image","schema":{"@context":"https:\/\/schema.org","@graph":[{"@type":"WebPage","@id":"https:\/\/shop.bantam.ch\/fr\/produit\/diesel-fluide\/","url":"https:\/\/shop.bantam.ch\/fr\/produit\/diesel-fluide\/","name":"Diesel fluide - Bantam Wankm\u00fcller SA","isPartOf":{"@id":"https:\/\/shop.bantam.ch\/fr\/#website"},"primaryImageOfPage":{"@id":"https:\/\/shop.bantam.ch\/fr\/produit\/diesel-fluide\/#primaryimage"},"image":{"@id":"https:\/\/shop.bantam.ch\/fr\/produit\/diesel-fluide\/#primaryimage"},"thumbnailUrl":"https:\/\/shop.bantam.ch\/wp-content\/uploads\/2025\/03\/Movera-L-9975848100.jpg","datePublished":"2025-03-14T16:08:30+00:00","dateModified":"2026-04-18T21:35:41+00:00","breadcrumb":{"@id":"https:\/\/shop.bantam.ch\/fr\/produit\/diesel-fluide\/#breadcrumb"},"inLanguage":"fr-FR","potentialAction":[{"@type":"ReadAction","target":["https:\/\/shop.bantam.ch\/fr\/produit\/diesel-fluide\/"]}]},{"@type":"ImageObject","inLanguage":"fr-FR","@id":"https:\/\/shop.bantam.ch\/fr\/produit\/diesel-fluide\/#primaryimage","url":"https:\/\/shop.bantam.ch\/wp-content\/uploads\/2025\/03\/Movera-L-9975848100.jpg","contentUrl":"https:\/\/shop.bantam.ch\/wp-content\/uploads\/2025\/03\/Movera-L-9975848100.jpg","width":640,"height":788},{"@type":"BreadcrumbList","@id":"https:\/\/shop.bantam.ch\/fr\/produit\/diesel-fluide\/#breadcrumb","itemListElement":[{"@type":"ListItem","position":1,"name":"Accueil","item":"https:\/\/shop.bantam.ch\/fr\/"},{"@type":"ListItem","position":2,"name":"Boutique","item":"https:\/\/shop.bantam.ch\/fr\/boutique\/"},{"@type":"ListItem","position":3,"name":"Diesel fluide"}]},{"@type":"WebSite","@id":"https:\/\/shop.bantam.ch\/fr\/#website","url":"https:\/\/shop.bantam.ch\/fr\/","name":"Bantam Wankm\u00fcller SA","description":"","publisher":{"@id":"https:\/\/shop.bantam.ch\/fr\/#organization"},"inLanguage":"fr-FR"},{"@type":"Organization","@id":"https:\/\/shop.bantam.ch\/fr\/#organization","name":"Bantam Wankm\u00fcller SA","url":"https:\/\/shop.bantam.ch\/fr\/","logo":{"@type":"ImageObject","inLanguage":"fr-FR","@id":"https:\/\/shop.bantam.ch\/fr\/#\/schema\/logo\/image\/","url":"https:\/\/shop.bantam.ch\/wp-content\/uploads\/2022\/12\/bantam-logo.png","contentUrl":"https:\/\/shop.bantam.ch\/wp-content\/uploads\/2022\/12\/bantam-logo.png","width":320,"height":71,"caption":"Bantam Wankm\u00fcller SA"},"image":{"@id":"https:\/\/shop.bantam.ch\/fr\/#\/schema\/logo\/image\/"}}]}},"_links":{"self":[{"href":"https:\/\/shop.bantam.ch\/fr\/wp-json\/wp\/v2\/product\/216912","targetHints":{"allow":["GET"]}}],"collection":[{"href":"https:\/\/shop.bantam.ch\/fr\/wp-json\/wp\/v2\/product"}],"about":[{"href":"https:\/\/shop.bantam.ch\/fr\/wp-json\/wp\/v2\/types\/product"}],"wp:featuredmedia":[{"embeddable":true,"href":"https:\/\/shop.bantam.ch\/fr\/wp-json\/wp\/v2\/media\/216910"}],"wp:attachment":[{"href":"https:\/\/shop.bantam.ch\/fr\/wp-json\/wp\/v2\/media?parent=216912"}],"wp:term":[{"taxonomy":"product_featured_cat","embeddable":true,"href":"https:\/\/shop.bantam.ch\/fr\/wp-json\/wp\/v2\/product_featured_cat?post=216912"},{"taxonomy":"product_brand","embeddable":true,"href":"https:\/\/shop.bantam.ch\/fr\/wp-json\/wp\/v2\/product_brand?post=216912"},{"taxonomy":"product_cat","embeddable":true,"href":"https:\/\/shop.bantam.ch\/fr\/wp-json\/wp\/v2\/product_cat?post=216912"},{"taxonomy":"product_tag","embeddable":true,"href":"https:\/\/shop.bantam.ch\/fr\/wp-json\/wp\/v2\/product_tag?post=216912"}],"curies":[{"name":"wp","href":"https:\/\/api.w.org\/{rel}","templated":true}]}}