{"id":216908,"date":"2025-03-14T17:08:22","date_gmt":"2025-03-14T16:08:22","guid":{"rendered":"https:\/\/shop.bantam.ch\/produit\/eliminateur-de-traces-de-pluie-liqui-moly\/"},"modified":"2026-04-17T23:32:21","modified_gmt":"2026-04-17T21:32:21","slug":"eliminateur-de-traces-de-pluie-liqui-moly","status":"publish","type":"product","link":"https:\/\/shop.bantam.ch\/fr\/produit\/eliminateur-de-traces-de-pluie-liqui-moly\/","title":{"rendered":"\u00c9liminateur de traces de pluie LIQUI MOLY"},"content":{"rendered":"<p>Elimine sans effort, en une seule op\u00e9ration et sans eau, les traces de pluie disgracieuses, les fientes d&rsquo;oiseaux, les r\u00e9sidus d&rsquo;insectes, les taches d&rsquo;eau, etc. sur les v\u00e9hicules de camping et vitrifie simultan\u00e9ment leur surface avec de la cire de carnauba. Procure un brillant \u00e9clatant avec une excellente profondeur de couleur, \u00e9galise les tr\u00e8s fines rayures et prot\u00e8ge la peinture de mani\u00e8re optimale contre les influences environnementales nocives.<br \/>\nPour l&rsquo;ext\u00e9rieur des v\u00e9hicules de camping.<\/p>\n","protected":false},"excerpt":{"rendered":"<p>Elimine sans effort, en une seule op\u00e9ration et sans eau, les traces de pluie disgracieuses, les fientes d&rsquo;oiseaux, les r\u00e9sidus d&rsquo;insectes, les taches d&rsquo;eau, etc. sur les v\u00e9hicules de camping et vitrifie simultan\u00e9ment leur surface avec de la cire de carnauba. Procure un brillant \u00e9clatant avec une excellente profondeur de couleur, \u00e9galise les tr\u00e8s fines [&hellip;]<\/p>\n","protected":false},"featured_media":216906,"template":"","meta":{"_acf_changed":false},"product_featured_cat":[],"product_brand":[],"product_cat":[5091],"product_tag":[],"class_list":{"0":"post-216908","1":"product","2":"type-product","3":"status-publish","4":"has-post-thumbnail","6":"product_cat-detergent-special","8":"first","9":"instock","10":"taxable","11":"shipping-taxable","12":"purchasable","13":"product-type-simple"},"acf":[],"yoast_head":"<!-- This site is optimized with the Yoast SEO plugin v27.4 - https:\/\/yoast.com\/product\/yoast-seo-wordpress\/ -->\n<title>\u00c9liminateur de traces de pluie LIQUI MOLY - Bantam Wankm\u00fcller SA<\/title>\n<meta name=\"robots\" content=\"index, follow, max-snippet:-1, max-image-preview:large, max-video-preview:-1\" \/>\n<link rel=\"canonical\" href=\"https:\/\/shop.bantam.ch\/fr\/produit\/eliminateur-de-traces-de-pluie-liqui-moly\/\" \/>\n<meta property=\"og:locale\" content=\"fr_FR\" \/>\n<meta property=\"og:type\" content=\"article\" \/>\n<meta property=\"og:title\" content=\"\u00c9liminateur de traces de pluie LIQUI MOLY - Bantam Wankm\u00fcller SA\" \/>\n<meta property=\"og:description\" content=\"Elimine sans effort, en une seule op\u00e9ration et sans eau, les traces de pluie disgracieuses, les fientes d&rsquo;oiseaux, les r\u00e9sidus d&rsquo;insectes, les taches d&rsquo;eau, etc. sur les v\u00e9hicules de camping et vitrifie simultan\u00e9ment leur surface avec de la cire de carnauba. Procure un brillant \u00e9clatant avec une excellente profondeur de couleur, \u00e9galise les tr\u00e8s fines [&hellip;]\" \/>\n<meta property=\"og:url\" content=\"https:\/\/shop.bantam.ch\/fr\/produit\/eliminateur-de-traces-de-pluie-liqui-moly\/\" \/>\n<meta property=\"og:site_name\" content=\"Bantam Wankm\u00fcller SA\" \/>\n<meta property=\"article:modified_time\" content=\"2026-04-17T21:32:21+00:00\" \/>\n<meta name=\"twitter:card\" content=\"summary_large_image\" \/>\n<script type=\"application\/ld+json\" class=\"yoast-schema-graph\">{\"@context\":\"https:\\\/\\\/schema.org\",\"@graph\":[{\"@type\":\"WebPage\",\"@id\":\"https:\\\/\\\/shop.bantam.ch\\\/fr\\\/produit\\\/eliminateur-de-traces-de-pluie-liqui-moly\\\/\",\"url\":\"https:\\\/\\\/shop.bantam.ch\\\/fr\\\/produit\\\/eliminateur-de-traces-de-pluie-liqui-moly\\\/\",\"name\":\"\u00c9liminateur de traces de pluie LIQUI MOLY - Bantam Wankm\u00fcller SA\",\"isPartOf\":{\"@id\":\"https:\\\/\\\/shop.bantam.ch\\\/fr\\\/#website\"},\"primaryImageOfPage\":{\"@id\":\"https:\\\/\\\/shop.bantam.ch\\\/fr\\\/produit\\\/eliminateur-de-traces-de-pluie-liqui-moly\\\/#primaryimage\"},\"image\":{\"@id\":\"https:\\\/\\\/shop.bantam.ch\\\/fr\\\/produit\\\/eliminateur-de-traces-de-pluie-liqui-moly\\\/#primaryimage\"},\"thumbnailUrl\":\"https:\\\/\\\/shop.bantam.ch\\\/wp-content\\\/uploads\\\/2025\\\/03\\\/Movera-L-9975847100.png\",\"datePublished\":\"2025-03-14T16:08:22+00:00\",\"dateModified\":\"2026-04-17T21:32:21+00:00\",\"breadcrumb\":{\"@id\":\"https:\\\/\\\/shop.bantam.ch\\\/fr\\\/produit\\\/eliminateur-de-traces-de-pluie-liqui-moly\\\/#breadcrumb\"},\"inLanguage\":\"fr-FR\",\"potentialAction\":[{\"@type\":\"ReadAction\",\"target\":[\"https:\\\/\\\/shop.bantam.ch\\\/fr\\\/produit\\\/eliminateur-de-traces-de-pluie-liqui-moly\\\/\"]}]},{\"@type\":\"ImageObject\",\"inLanguage\":\"fr-FR\",\"@id\":\"https:\\\/\\\/shop.bantam.ch\\\/fr\\\/produit\\\/eliminateur-de-traces-de-pluie-liqui-moly\\\/#primaryimage\",\"url\":\"https:\\\/\\\/shop.bantam.ch\\\/wp-content\\\/uploads\\\/2025\\\/03\\\/Movera-L-9975847100.png\",\"contentUrl\":\"https:\\\/\\\/shop.bantam.ch\\\/wp-content\\\/uploads\\\/2025\\\/03\\\/Movera-L-9975847100.png\",\"width\":640,\"height\":1596},{\"@type\":\"BreadcrumbList\",\"@id\":\"https:\\\/\\\/shop.bantam.ch\\\/fr\\\/produit\\\/eliminateur-de-traces-de-pluie-liqui-moly\\\/#breadcrumb\",\"itemListElement\":[{\"@type\":\"ListItem\",\"position\":1,\"name\":\"Accueil\",\"item\":\"https:\\\/\\\/shop.bantam.ch\\\/fr\\\/\"},{\"@type\":\"ListItem\",\"position\":2,\"name\":\"Boutique\",\"item\":\"https:\\\/\\\/shop.bantam.ch\\\/fr\\\/boutique\\\/\"},{\"@type\":\"ListItem\",\"position\":3,\"name\":\"\u00c9liminateur de traces de pluie LIQUI MOLY\"}]},{\"@type\":\"WebSite\",\"@id\":\"https:\\\/\\\/shop.bantam.ch\\\/fr\\\/#website\",\"url\":\"https:\\\/\\\/shop.bantam.ch\\\/fr\\\/\",\"name\":\"Bantam Wankm\u00fcller SA\",\"description\":\"\",\"publisher\":{\"@id\":\"https:\\\/\\\/shop.bantam.ch\\\/fr\\\/#organization\"},\"inLanguage\":\"fr-FR\"},{\"@type\":\"Organization\",\"@id\":\"https:\\\/\\\/shop.bantam.ch\\\/fr\\\/#organization\",\"name\":\"Bantam Wankm\u00fcller SA\",\"url\":\"https:\\\/\\\/shop.bantam.ch\\\/fr\\\/\",\"logo\":{\"@type\":\"ImageObject\",\"inLanguage\":\"fr-FR\",\"@id\":\"https:\\\/\\\/shop.bantam.ch\\\/fr\\\/#\\\/schema\\\/logo\\\/image\\\/\",\"url\":\"https:\\\/\\\/shop.bantam.ch\\\/wp-content\\\/uploads\\\/2022\\\/12\\\/bantam-logo.png\",\"contentUrl\":\"https:\\\/\\\/shop.bantam.ch\\\/wp-content\\\/uploads\\\/2022\\\/12\\\/bantam-logo.png\",\"width\":320,\"height\":71,\"caption\":\"Bantam Wankm\u00fcller SA\"},\"image\":{\"@id\":\"https:\\\/\\\/shop.bantam.ch\\\/fr\\\/#\\\/schema\\\/logo\\\/image\\\/\"}}]}<\/script>\n<!-- \/ Yoast SEO plugin. -->","yoast_head_json":{"title":"\u00c9liminateur de traces de pluie LIQUI MOLY - Bantam Wankm\u00fcller SA","robots":{"index":"index","follow":"follow","max-snippet":"max-snippet:-1","max-image-preview":"max-image-preview:large","max-video-preview":"max-video-preview:-1"},"canonical":"https:\/\/shop.bantam.ch\/fr\/produit\/eliminateur-de-traces-de-pluie-liqui-moly\/","og_locale":"fr_FR","og_type":"article","og_title":"\u00c9liminateur de traces de pluie LIQUI MOLY - Bantam Wankm\u00fcller SA","og_description":"Elimine sans effort, en une seule op\u00e9ration et sans eau, les traces de pluie disgracieuses, les fientes d&rsquo;oiseaux, les r\u00e9sidus d&rsquo;insectes, les taches d&rsquo;eau, etc. sur les v\u00e9hicules de camping et vitrifie simultan\u00e9ment leur surface avec de la cire de carnauba. Procure un brillant \u00e9clatant avec une excellente profondeur de couleur, \u00e9galise les tr\u00e8s fines [&hellip;]","og_url":"https:\/\/shop.bantam.ch\/fr\/produit\/eliminateur-de-traces-de-pluie-liqui-moly\/","og_site_name":"Bantam Wankm\u00fcller SA","article_modified_time":"2026-04-17T21:32:21+00:00","twitter_card":"summary_large_image","schema":{"@context":"https:\/\/schema.org","@graph":[{"@type":"WebPage","@id":"https:\/\/shop.bantam.ch\/fr\/produit\/eliminateur-de-traces-de-pluie-liqui-moly\/","url":"https:\/\/shop.bantam.ch\/fr\/produit\/eliminateur-de-traces-de-pluie-liqui-moly\/","name":"\u00c9liminateur de traces de pluie LIQUI MOLY - Bantam Wankm\u00fcller SA","isPartOf":{"@id":"https:\/\/shop.bantam.ch\/fr\/#website"},"primaryImageOfPage":{"@id":"https:\/\/shop.bantam.ch\/fr\/produit\/eliminateur-de-traces-de-pluie-liqui-moly\/#primaryimage"},"image":{"@id":"https:\/\/shop.bantam.ch\/fr\/produit\/eliminateur-de-traces-de-pluie-liqui-moly\/#primaryimage"},"thumbnailUrl":"https:\/\/shop.bantam.ch\/wp-content\/uploads\/2025\/03\/Movera-L-9975847100.png","datePublished":"2025-03-14T16:08:22+00:00","dateModified":"2026-04-17T21:32:21+00:00","breadcrumb":{"@id":"https:\/\/shop.bantam.ch\/fr\/produit\/eliminateur-de-traces-de-pluie-liqui-moly\/#breadcrumb"},"inLanguage":"fr-FR","potentialAction":[{"@type":"ReadAction","target":["https:\/\/shop.bantam.ch\/fr\/produit\/eliminateur-de-traces-de-pluie-liqui-moly\/"]}]},{"@type":"ImageObject","inLanguage":"fr-FR","@id":"https:\/\/shop.bantam.ch\/fr\/produit\/eliminateur-de-traces-de-pluie-liqui-moly\/#primaryimage","url":"https:\/\/shop.bantam.ch\/wp-content\/uploads\/2025\/03\/Movera-L-9975847100.png","contentUrl":"https:\/\/shop.bantam.ch\/wp-content\/uploads\/2025\/03\/Movera-L-9975847100.png","width":640,"height":1596},{"@type":"BreadcrumbList","@id":"https:\/\/shop.bantam.ch\/fr\/produit\/eliminateur-de-traces-de-pluie-liqui-moly\/#breadcrumb","itemListElement":[{"@type":"ListItem","position":1,"name":"Accueil","item":"https:\/\/shop.bantam.ch\/fr\/"},{"@type":"ListItem","position":2,"name":"Boutique","item":"https:\/\/shop.bantam.ch\/fr\/boutique\/"},{"@type":"ListItem","position":3,"name":"\u00c9liminateur de traces de pluie LIQUI MOLY"}]},{"@type":"WebSite","@id":"https:\/\/shop.bantam.ch\/fr\/#website","url":"https:\/\/shop.bantam.ch\/fr\/","name":"Bantam Wankm\u00fcller SA","description":"","publisher":{"@id":"https:\/\/shop.bantam.ch\/fr\/#organization"},"inLanguage":"fr-FR"},{"@type":"Organization","@id":"https:\/\/shop.bantam.ch\/fr\/#organization","name":"Bantam Wankm\u00fcller SA","url":"https:\/\/shop.bantam.ch\/fr\/","logo":{"@type":"ImageObject","inLanguage":"fr-FR","@id":"https:\/\/shop.bantam.ch\/fr\/#\/schema\/logo\/image\/","url":"https:\/\/shop.bantam.ch\/wp-content\/uploads\/2022\/12\/bantam-logo.png","contentUrl":"https:\/\/shop.bantam.ch\/wp-content\/uploads\/2022\/12\/bantam-logo.png","width":320,"height":71,"caption":"Bantam Wankm\u00fcller SA"},"image":{"@id":"https:\/\/shop.bantam.ch\/fr\/#\/schema\/logo\/image\/"}}]}},"_links":{"self":[{"href":"https:\/\/shop.bantam.ch\/fr\/wp-json\/wp\/v2\/product\/216908","targetHints":{"allow":["GET"]}}],"collection":[{"href":"https:\/\/shop.bantam.ch\/fr\/wp-json\/wp\/v2\/product"}],"about":[{"href":"https:\/\/shop.bantam.ch\/fr\/wp-json\/wp\/v2\/types\/product"}],"wp:featuredmedia":[{"embeddable":true,"href":"https:\/\/shop.bantam.ch\/fr\/wp-json\/wp\/v2\/media\/216906"}],"wp:attachment":[{"href":"https:\/\/shop.bantam.ch\/fr\/wp-json\/wp\/v2\/media?parent=216908"}],"wp:term":[{"taxonomy":"product_featured_cat","embeddable":true,"href":"https:\/\/shop.bantam.ch\/fr\/wp-json\/wp\/v2\/product_featured_cat?post=216908"},{"taxonomy":"product_brand","embeddable":true,"href":"https:\/\/shop.bantam.ch\/fr\/wp-json\/wp\/v2\/product_brand?post=216908"},{"taxonomy":"product_cat","embeddable":true,"href":"https:\/\/shop.bantam.ch\/fr\/wp-json\/wp\/v2\/product_cat?post=216908"},{"taxonomy":"product_tag","embeddable":true,"href":"https:\/\/shop.bantam.ch\/fr\/wp-json\/wp\/v2\/product_tag?post=216908"}],"curies":[{"name":"wp","href":"https:\/\/api.w.org\/{rel}","templated":true}]}}