{"id":216904,"date":"2025-03-14T17:08:15","date_gmt":"2025-03-14T16:08:15","guid":{"rendered":"https:\/\/shop.bantam.ch\/produit\/impregnation-de-tentes-et-de-stores-liqui-moly\/"},"modified":"2026-04-18T23:35:40","modified_gmt":"2026-04-18T21:35:40","slug":"impregnation-de-tentes-et-de-stores-liqui-moly","status":"publish","type":"product","link":"https:\/\/shop.bantam.ch\/fr\/produit\/impregnation-de-tentes-et-de-stores-liqui-moly\/","title":{"rendered":"Impr\u00e9gnation de tentes et de stores LIQUI MOLY"},"content":{"rendered":"<p>Scelle et impr\u00e8gne les tissus de tentes et de stores disponibles dans le commerce. Convient parfaitement comme protection universelle contre l&rsquo;humidit\u00e9 et les taches. Repousse l&rsquo;eau de mani\u00e8re fiable et prot\u00e8ge contre la formation de taches dues au pollen, aux fientes d&rsquo;oiseaux, etc. Maintient le tissu souple et perm\u00e9able \u00e0 l&rsquo;air.<\/p>\n","protected":false},"excerpt":{"rendered":"<p>Scelle et impr\u00e8gne les tissus de tentes et de stores disponibles dans le commerce. Convient parfaitement comme protection universelle contre l&rsquo;humidit\u00e9 et les taches. Repousse l&rsquo;eau de mani\u00e8re fiable et prot\u00e8ge contre la formation de taches dues au pollen, aux fientes d&rsquo;oiseaux, etc. Maintient le tissu souple et perm\u00e9able \u00e0 l&rsquo;air.<\/p>\n","protected":false},"featured_media":216902,"template":"","meta":{"_acf_changed":false},"product_featured_cat":[],"product_brand":[],"product_cat":[5093],"product_tag":[],"class_list":{"0":"post-216904","1":"product","2":"type-product","3":"status-publish","4":"has-post-thumbnail","6":"product_cat-scellage","8":"first","9":"instock","10":"taxable","11":"shipping-taxable","12":"purchasable","13":"product-type-simple"},"acf":[],"yoast_head":"<!-- This site is optimized with the Yoast SEO plugin v27.4 - https:\/\/yoast.com\/product\/yoast-seo-wordpress\/ -->\n<title>Impr\u00e9gnation de tentes et de stores LIQUI MOLY - Bantam Wankm\u00fcller SA<\/title>\n<meta name=\"robots\" content=\"index, follow, max-snippet:-1, max-image-preview:large, max-video-preview:-1\" \/>\n<link rel=\"canonical\" href=\"https:\/\/shop.bantam.ch\/fr\/produit\/impregnation-de-tentes-et-de-stores-liqui-moly\/\" \/>\n<meta property=\"og:locale\" content=\"fr_FR\" \/>\n<meta property=\"og:type\" content=\"article\" \/>\n<meta property=\"og:title\" content=\"Impr\u00e9gnation de tentes et de stores LIQUI MOLY - Bantam Wankm\u00fcller SA\" \/>\n<meta property=\"og:description\" content=\"Scelle et impr\u00e8gne les tissus de tentes et de stores disponibles dans le commerce. Convient parfaitement comme protection universelle contre l&rsquo;humidit\u00e9 et les taches. Repousse l&rsquo;eau de mani\u00e8re fiable et prot\u00e8ge contre la formation de taches dues au pollen, aux fientes d&rsquo;oiseaux, etc. Maintient le tissu souple et perm\u00e9able \u00e0 l&rsquo;air.\" \/>\n<meta property=\"og:url\" content=\"https:\/\/shop.bantam.ch\/fr\/produit\/impregnation-de-tentes-et-de-stores-liqui-moly\/\" \/>\n<meta property=\"og:site_name\" content=\"Bantam Wankm\u00fcller SA\" \/>\n<meta property=\"article:modified_time\" content=\"2026-04-18T21:35:40+00:00\" \/>\n<meta name=\"twitter:card\" content=\"summary_large_image\" \/>\n<script type=\"application\/ld+json\" class=\"yoast-schema-graph\">{\"@context\":\"https:\\\/\\\/schema.org\",\"@graph\":[{\"@type\":\"WebPage\",\"@id\":\"https:\\\/\\\/shop.bantam.ch\\\/fr\\\/produit\\\/impregnation-de-tentes-et-de-stores-liqui-moly\\\/\",\"url\":\"https:\\\/\\\/shop.bantam.ch\\\/fr\\\/produit\\\/impregnation-de-tentes-et-de-stores-liqui-moly\\\/\",\"name\":\"Impr\u00e9gnation de tentes et de stores LIQUI MOLY - Bantam Wankm\u00fcller SA\",\"isPartOf\":{\"@id\":\"https:\\\/\\\/shop.bantam.ch\\\/fr\\\/#website\"},\"primaryImageOfPage\":{\"@id\":\"https:\\\/\\\/shop.bantam.ch\\\/fr\\\/produit\\\/impregnation-de-tentes-et-de-stores-liqui-moly\\\/#primaryimage\"},\"image\":{\"@id\":\"https:\\\/\\\/shop.bantam.ch\\\/fr\\\/produit\\\/impregnation-de-tentes-et-de-stores-liqui-moly\\\/#primaryimage\"},\"thumbnailUrl\":\"https:\\\/\\\/shop.bantam.ch\\\/wp-content\\\/uploads\\\/2025\\\/03\\\/Movera-L-9975846100.png\",\"datePublished\":\"2025-03-14T16:08:15+00:00\",\"dateModified\":\"2026-04-18T21:35:40+00:00\",\"breadcrumb\":{\"@id\":\"https:\\\/\\\/shop.bantam.ch\\\/fr\\\/produit\\\/impregnation-de-tentes-et-de-stores-liqui-moly\\\/#breadcrumb\"},\"inLanguage\":\"fr-FR\",\"potentialAction\":[{\"@type\":\"ReadAction\",\"target\":[\"https:\\\/\\\/shop.bantam.ch\\\/fr\\\/produit\\\/impregnation-de-tentes-et-de-stores-liqui-moly\\\/\"]}]},{\"@type\":\"ImageObject\",\"inLanguage\":\"fr-FR\",\"@id\":\"https:\\\/\\\/shop.bantam.ch\\\/fr\\\/produit\\\/impregnation-de-tentes-et-de-stores-liqui-moly\\\/#primaryimage\",\"url\":\"https:\\\/\\\/shop.bantam.ch\\\/wp-content\\\/uploads\\\/2025\\\/03\\\/Movera-L-9975846100.png\",\"contentUrl\":\"https:\\\/\\\/shop.bantam.ch\\\/wp-content\\\/uploads\\\/2025\\\/03\\\/Movera-L-9975846100.png\",\"width\":640,\"height\":1845},{\"@type\":\"BreadcrumbList\",\"@id\":\"https:\\\/\\\/shop.bantam.ch\\\/fr\\\/produit\\\/impregnation-de-tentes-et-de-stores-liqui-moly\\\/#breadcrumb\",\"itemListElement\":[{\"@type\":\"ListItem\",\"position\":1,\"name\":\"Accueil\",\"item\":\"https:\\\/\\\/shop.bantam.ch\\\/fr\\\/\"},{\"@type\":\"ListItem\",\"position\":2,\"name\":\"Boutique\",\"item\":\"https:\\\/\\\/shop.bantam.ch\\\/fr\\\/boutique\\\/\"},{\"@type\":\"ListItem\",\"position\":3,\"name\":\"Impr\u00e9gnation de tentes et de stores LIQUI MOLY\"}]},{\"@type\":\"WebSite\",\"@id\":\"https:\\\/\\\/shop.bantam.ch\\\/fr\\\/#website\",\"url\":\"https:\\\/\\\/shop.bantam.ch\\\/fr\\\/\",\"name\":\"Bantam Wankm\u00fcller SA\",\"description\":\"\",\"publisher\":{\"@id\":\"https:\\\/\\\/shop.bantam.ch\\\/fr\\\/#organization\"},\"inLanguage\":\"fr-FR\"},{\"@type\":\"Organization\",\"@id\":\"https:\\\/\\\/shop.bantam.ch\\\/fr\\\/#organization\",\"name\":\"Bantam Wankm\u00fcller SA\",\"url\":\"https:\\\/\\\/shop.bantam.ch\\\/fr\\\/\",\"logo\":{\"@type\":\"ImageObject\",\"inLanguage\":\"fr-FR\",\"@id\":\"https:\\\/\\\/shop.bantam.ch\\\/fr\\\/#\\\/schema\\\/logo\\\/image\\\/\",\"url\":\"https:\\\/\\\/shop.bantam.ch\\\/wp-content\\\/uploads\\\/2022\\\/12\\\/bantam-logo.png\",\"contentUrl\":\"https:\\\/\\\/shop.bantam.ch\\\/wp-content\\\/uploads\\\/2022\\\/12\\\/bantam-logo.png\",\"width\":320,\"height\":71,\"caption\":\"Bantam Wankm\u00fcller SA\"},\"image\":{\"@id\":\"https:\\\/\\\/shop.bantam.ch\\\/fr\\\/#\\\/schema\\\/logo\\\/image\\\/\"}}]}<\/script>\n<!-- \/ Yoast SEO plugin. -->","yoast_head_json":{"title":"Impr\u00e9gnation de tentes et de stores LIQUI MOLY - Bantam Wankm\u00fcller SA","robots":{"index":"index","follow":"follow","max-snippet":"max-snippet:-1","max-image-preview":"max-image-preview:large","max-video-preview":"max-video-preview:-1"},"canonical":"https:\/\/shop.bantam.ch\/fr\/produit\/impregnation-de-tentes-et-de-stores-liqui-moly\/","og_locale":"fr_FR","og_type":"article","og_title":"Impr\u00e9gnation de tentes et de stores LIQUI MOLY - Bantam Wankm\u00fcller SA","og_description":"Scelle et impr\u00e8gne les tissus de tentes et de stores disponibles dans le commerce. Convient parfaitement comme protection universelle contre l&rsquo;humidit\u00e9 et les taches. Repousse l&rsquo;eau de mani\u00e8re fiable et prot\u00e8ge contre la formation de taches dues au pollen, aux fientes d&rsquo;oiseaux, etc. Maintient le tissu souple et perm\u00e9able \u00e0 l&rsquo;air.","og_url":"https:\/\/shop.bantam.ch\/fr\/produit\/impregnation-de-tentes-et-de-stores-liqui-moly\/","og_site_name":"Bantam Wankm\u00fcller SA","article_modified_time":"2026-04-18T21:35:40+00:00","twitter_card":"summary_large_image","schema":{"@context":"https:\/\/schema.org","@graph":[{"@type":"WebPage","@id":"https:\/\/shop.bantam.ch\/fr\/produit\/impregnation-de-tentes-et-de-stores-liqui-moly\/","url":"https:\/\/shop.bantam.ch\/fr\/produit\/impregnation-de-tentes-et-de-stores-liqui-moly\/","name":"Impr\u00e9gnation de tentes et de stores LIQUI MOLY - Bantam Wankm\u00fcller SA","isPartOf":{"@id":"https:\/\/shop.bantam.ch\/fr\/#website"},"primaryImageOfPage":{"@id":"https:\/\/shop.bantam.ch\/fr\/produit\/impregnation-de-tentes-et-de-stores-liqui-moly\/#primaryimage"},"image":{"@id":"https:\/\/shop.bantam.ch\/fr\/produit\/impregnation-de-tentes-et-de-stores-liqui-moly\/#primaryimage"},"thumbnailUrl":"https:\/\/shop.bantam.ch\/wp-content\/uploads\/2025\/03\/Movera-L-9975846100.png","datePublished":"2025-03-14T16:08:15+00:00","dateModified":"2026-04-18T21:35:40+00:00","breadcrumb":{"@id":"https:\/\/shop.bantam.ch\/fr\/produit\/impregnation-de-tentes-et-de-stores-liqui-moly\/#breadcrumb"},"inLanguage":"fr-FR","potentialAction":[{"@type":"ReadAction","target":["https:\/\/shop.bantam.ch\/fr\/produit\/impregnation-de-tentes-et-de-stores-liqui-moly\/"]}]},{"@type":"ImageObject","inLanguage":"fr-FR","@id":"https:\/\/shop.bantam.ch\/fr\/produit\/impregnation-de-tentes-et-de-stores-liqui-moly\/#primaryimage","url":"https:\/\/shop.bantam.ch\/wp-content\/uploads\/2025\/03\/Movera-L-9975846100.png","contentUrl":"https:\/\/shop.bantam.ch\/wp-content\/uploads\/2025\/03\/Movera-L-9975846100.png","width":640,"height":1845},{"@type":"BreadcrumbList","@id":"https:\/\/shop.bantam.ch\/fr\/produit\/impregnation-de-tentes-et-de-stores-liqui-moly\/#breadcrumb","itemListElement":[{"@type":"ListItem","position":1,"name":"Accueil","item":"https:\/\/shop.bantam.ch\/fr\/"},{"@type":"ListItem","position":2,"name":"Boutique","item":"https:\/\/shop.bantam.ch\/fr\/boutique\/"},{"@type":"ListItem","position":3,"name":"Impr\u00e9gnation de tentes et de stores LIQUI MOLY"}]},{"@type":"WebSite","@id":"https:\/\/shop.bantam.ch\/fr\/#website","url":"https:\/\/shop.bantam.ch\/fr\/","name":"Bantam Wankm\u00fcller SA","description":"","publisher":{"@id":"https:\/\/shop.bantam.ch\/fr\/#organization"},"inLanguage":"fr-FR"},{"@type":"Organization","@id":"https:\/\/shop.bantam.ch\/fr\/#organization","name":"Bantam Wankm\u00fcller SA","url":"https:\/\/shop.bantam.ch\/fr\/","logo":{"@type":"ImageObject","inLanguage":"fr-FR","@id":"https:\/\/shop.bantam.ch\/fr\/#\/schema\/logo\/image\/","url":"https:\/\/shop.bantam.ch\/wp-content\/uploads\/2022\/12\/bantam-logo.png","contentUrl":"https:\/\/shop.bantam.ch\/wp-content\/uploads\/2022\/12\/bantam-logo.png","width":320,"height":71,"caption":"Bantam Wankm\u00fcller SA"},"image":{"@id":"https:\/\/shop.bantam.ch\/fr\/#\/schema\/logo\/image\/"}}]}},"_links":{"self":[{"href":"https:\/\/shop.bantam.ch\/fr\/wp-json\/wp\/v2\/product\/216904","targetHints":{"allow":["GET"]}}],"collection":[{"href":"https:\/\/shop.bantam.ch\/fr\/wp-json\/wp\/v2\/product"}],"about":[{"href":"https:\/\/shop.bantam.ch\/fr\/wp-json\/wp\/v2\/types\/product"}],"wp:featuredmedia":[{"embeddable":true,"href":"https:\/\/shop.bantam.ch\/fr\/wp-json\/wp\/v2\/media\/216902"}],"wp:attachment":[{"href":"https:\/\/shop.bantam.ch\/fr\/wp-json\/wp\/v2\/media?parent=216904"}],"wp:term":[{"taxonomy":"product_featured_cat","embeddable":true,"href":"https:\/\/shop.bantam.ch\/fr\/wp-json\/wp\/v2\/product_featured_cat?post=216904"},{"taxonomy":"product_brand","embeddable":true,"href":"https:\/\/shop.bantam.ch\/fr\/wp-json\/wp\/v2\/product_brand?post=216904"},{"taxonomy":"product_cat","embeddable":true,"href":"https:\/\/shop.bantam.ch\/fr\/wp-json\/wp\/v2\/product_cat?post=216904"},{"taxonomy":"product_tag","embeddable":true,"href":"https:\/\/shop.bantam.ch\/fr\/wp-json\/wp\/v2\/product_tag?post=216904"}],"curies":[{"name":"wp","href":"https:\/\/api.w.org\/{rel}","templated":true}]}}