{"id":216880,"date":"2025-03-14T17:07:34","date_gmt":"2025-03-14T16:07:34","guid":{"rendered":"https:\/\/shop.bantam.ch\/produit\/additif-anti-bacterien-pour-diesel\/"},"modified":"2026-04-18T23:35:27","modified_gmt":"2026-04-18T21:35:27","slug":"additif-anti-bacterien-pour-diesel","status":"publish","type":"product","link":"https:\/\/shop.bantam.ch\/fr\/produit\/additif-anti-bacterien-pour-diesel\/","title":{"rendered":"Additif anti-bact\u00e9rien pour diesel"},"content":{"rendered":"<p>Biocide tr\u00e8s efficace avec un large spectre d&rsquo;action contre les bact\u00e9ries, les levures et les moisissures. Convient parfaitement \u00e0 une utilisation pr\u00e9ventive dans les v\u00e9hicules diesel immobilis\u00e9s depuis longtemps ou peu utilis\u00e9s, tels que les engins de chantier, les v\u00e9hicules utilitaires, les camping-cars, les voitures particuli\u00e8res, les r\u00e9servoirs de stockage, etc. ainsi que pour la d\u00e9sinfection des syst\u00e8mes de r\u00e9servoirs d\u00e9j\u00e0 infect\u00e9s.<\/p>\n","protected":false},"excerpt":{"rendered":"<p>Biocide tr\u00e8s efficace avec un large spectre d&rsquo;action contre les bact\u00e9ries, les levures et les moisissures. Convient parfaitement \u00e0 une utilisation pr\u00e9ventive dans les v\u00e9hicules diesel immobilis\u00e9s depuis longtemps ou peu utilis\u00e9s, tels que les engins de chantier, les v\u00e9hicules utilitaires, les camping-cars, les voitures particuli\u00e8res, les r\u00e9servoirs de stockage, etc. ainsi que pour la [&hellip;]<\/p>\n","protected":false},"featured_media":216878,"template":"","meta":{"_acf_changed":false},"product_featured_cat":[],"product_brand":[],"product_cat":[5091],"product_tag":[],"class_list":{"0":"post-216880","1":"product","2":"type-product","3":"status-publish","4":"has-post-thumbnail","6":"product_cat-detergent-special","8":"first","9":"instock","10":"taxable","11":"shipping-taxable","12":"purchasable","13":"product-type-simple"},"acf":[],"yoast_head":"<!-- This site is optimized with the Yoast SEO plugin v27.4 - https:\/\/yoast.com\/product\/yoast-seo-wordpress\/ -->\n<title>Additif anti-bact\u00e9rien pour diesel - Bantam Wankm\u00fcller SA<\/title>\n<meta name=\"robots\" content=\"index, follow, max-snippet:-1, max-image-preview:large, max-video-preview:-1\" \/>\n<link rel=\"canonical\" href=\"https:\/\/shop.bantam.ch\/fr\/produit\/additif-anti-bacterien-pour-diesel\/\" \/>\n<meta property=\"og:locale\" content=\"fr_FR\" \/>\n<meta property=\"og:type\" content=\"article\" \/>\n<meta property=\"og:title\" content=\"Additif anti-bact\u00e9rien pour diesel - Bantam Wankm\u00fcller SA\" \/>\n<meta property=\"og:description\" content=\"Biocide tr\u00e8s efficace avec un large spectre d&rsquo;action contre les bact\u00e9ries, les levures et les moisissures. Convient parfaitement \u00e0 une utilisation pr\u00e9ventive dans les v\u00e9hicules diesel immobilis\u00e9s depuis longtemps ou peu utilis\u00e9s, tels que les engins de chantier, les v\u00e9hicules utilitaires, les camping-cars, les voitures particuli\u00e8res, les r\u00e9servoirs de stockage, etc. ainsi que pour la [&hellip;]\" \/>\n<meta property=\"og:url\" content=\"https:\/\/shop.bantam.ch\/fr\/produit\/additif-anti-bacterien-pour-diesel\/\" \/>\n<meta property=\"og:site_name\" content=\"Bantam Wankm\u00fcller SA\" \/>\n<meta property=\"article:modified_time\" content=\"2026-04-18T21:35:27+00:00\" \/>\n<meta name=\"twitter:card\" content=\"summary_large_image\" \/>\n<script type=\"application\/ld+json\" class=\"yoast-schema-graph\">{\"@context\":\"https:\\\/\\\/schema.org\",\"@graph\":[{\"@type\":\"WebPage\",\"@id\":\"https:\\\/\\\/shop.bantam.ch\\\/fr\\\/produit\\\/additif-anti-bacterien-pour-diesel\\\/\",\"url\":\"https:\\\/\\\/shop.bantam.ch\\\/fr\\\/produit\\\/additif-anti-bacterien-pour-diesel\\\/\",\"name\":\"Additif anti-bact\u00e9rien pour diesel - Bantam Wankm\u00fcller SA\",\"isPartOf\":{\"@id\":\"https:\\\/\\\/shop.bantam.ch\\\/fr\\\/#website\"},\"primaryImageOfPage\":{\"@id\":\"https:\\\/\\\/shop.bantam.ch\\\/fr\\\/produit\\\/additif-anti-bacterien-pour-diesel\\\/#primaryimage\"},\"image\":{\"@id\":\"https:\\\/\\\/shop.bantam.ch\\\/fr\\\/produit\\\/additif-anti-bacterien-pour-diesel\\\/#primaryimage\"},\"thumbnailUrl\":\"https:\\\/\\\/shop.bantam.ch\\\/wp-content\\\/uploads\\\/2025\\\/03\\\/Movera-L-9975838100.png\",\"datePublished\":\"2025-03-14T16:07:34+00:00\",\"dateModified\":\"2026-04-18T21:35:27+00:00\",\"breadcrumb\":{\"@id\":\"https:\\\/\\\/shop.bantam.ch\\\/fr\\\/produit\\\/additif-anti-bacterien-pour-diesel\\\/#breadcrumb\"},\"inLanguage\":\"fr-FR\",\"potentialAction\":[{\"@type\":\"ReadAction\",\"target\":[\"https:\\\/\\\/shop.bantam.ch\\\/fr\\\/produit\\\/additif-anti-bacterien-pour-diesel\\\/\"]}]},{\"@type\":\"ImageObject\",\"inLanguage\":\"fr-FR\",\"@id\":\"https:\\\/\\\/shop.bantam.ch\\\/fr\\\/produit\\\/additif-anti-bacterien-pour-diesel\\\/#primaryimage\",\"url\":\"https:\\\/\\\/shop.bantam.ch\\\/wp-content\\\/uploads\\\/2025\\\/03\\\/Movera-L-9975838100.png\",\"contentUrl\":\"https:\\\/\\\/shop.bantam.ch\\\/wp-content\\\/uploads\\\/2025\\\/03\\\/Movera-L-9975838100.png\",\"width\":640,\"height\":802},{\"@type\":\"BreadcrumbList\",\"@id\":\"https:\\\/\\\/shop.bantam.ch\\\/fr\\\/produit\\\/additif-anti-bacterien-pour-diesel\\\/#breadcrumb\",\"itemListElement\":[{\"@type\":\"ListItem\",\"position\":1,\"name\":\"Accueil\",\"item\":\"https:\\\/\\\/shop.bantam.ch\\\/fr\\\/\"},{\"@type\":\"ListItem\",\"position\":2,\"name\":\"Boutique\",\"item\":\"https:\\\/\\\/shop.bantam.ch\\\/fr\\\/boutique\\\/\"},{\"@type\":\"ListItem\",\"position\":3,\"name\":\"Additif anti-bact\u00e9rien pour diesel\"}]},{\"@type\":\"WebSite\",\"@id\":\"https:\\\/\\\/shop.bantam.ch\\\/fr\\\/#website\",\"url\":\"https:\\\/\\\/shop.bantam.ch\\\/fr\\\/\",\"name\":\"Bantam Wankm\u00fcller SA\",\"description\":\"\",\"publisher\":{\"@id\":\"https:\\\/\\\/shop.bantam.ch\\\/fr\\\/#organization\"},\"inLanguage\":\"fr-FR\"},{\"@type\":\"Organization\",\"@id\":\"https:\\\/\\\/shop.bantam.ch\\\/fr\\\/#organization\",\"name\":\"Bantam Wankm\u00fcller SA\",\"url\":\"https:\\\/\\\/shop.bantam.ch\\\/fr\\\/\",\"logo\":{\"@type\":\"ImageObject\",\"inLanguage\":\"fr-FR\",\"@id\":\"https:\\\/\\\/shop.bantam.ch\\\/fr\\\/#\\\/schema\\\/logo\\\/image\\\/\",\"url\":\"https:\\\/\\\/shop.bantam.ch\\\/wp-content\\\/uploads\\\/2022\\\/12\\\/bantam-logo.png\",\"contentUrl\":\"https:\\\/\\\/shop.bantam.ch\\\/wp-content\\\/uploads\\\/2022\\\/12\\\/bantam-logo.png\",\"width\":320,\"height\":71,\"caption\":\"Bantam Wankm\u00fcller SA\"},\"image\":{\"@id\":\"https:\\\/\\\/shop.bantam.ch\\\/fr\\\/#\\\/schema\\\/logo\\\/image\\\/\"}}]}<\/script>\n<!-- \/ Yoast SEO plugin. -->","yoast_head_json":{"title":"Additif anti-bact\u00e9rien pour diesel - Bantam Wankm\u00fcller SA","robots":{"index":"index","follow":"follow","max-snippet":"max-snippet:-1","max-image-preview":"max-image-preview:large","max-video-preview":"max-video-preview:-1"},"canonical":"https:\/\/shop.bantam.ch\/fr\/produit\/additif-anti-bacterien-pour-diesel\/","og_locale":"fr_FR","og_type":"article","og_title":"Additif anti-bact\u00e9rien pour diesel - Bantam Wankm\u00fcller SA","og_description":"Biocide tr\u00e8s efficace avec un large spectre d&rsquo;action contre les bact\u00e9ries, les levures et les moisissures. Convient parfaitement \u00e0 une utilisation pr\u00e9ventive dans les v\u00e9hicules diesel immobilis\u00e9s depuis longtemps ou peu utilis\u00e9s, tels que les engins de chantier, les v\u00e9hicules utilitaires, les camping-cars, les voitures particuli\u00e8res, les r\u00e9servoirs de stockage, etc. ainsi que pour la [&hellip;]","og_url":"https:\/\/shop.bantam.ch\/fr\/produit\/additif-anti-bacterien-pour-diesel\/","og_site_name":"Bantam Wankm\u00fcller SA","article_modified_time":"2026-04-18T21:35:27+00:00","twitter_card":"summary_large_image","schema":{"@context":"https:\/\/schema.org","@graph":[{"@type":"WebPage","@id":"https:\/\/shop.bantam.ch\/fr\/produit\/additif-anti-bacterien-pour-diesel\/","url":"https:\/\/shop.bantam.ch\/fr\/produit\/additif-anti-bacterien-pour-diesel\/","name":"Additif anti-bact\u00e9rien pour diesel - Bantam Wankm\u00fcller SA","isPartOf":{"@id":"https:\/\/shop.bantam.ch\/fr\/#website"},"primaryImageOfPage":{"@id":"https:\/\/shop.bantam.ch\/fr\/produit\/additif-anti-bacterien-pour-diesel\/#primaryimage"},"image":{"@id":"https:\/\/shop.bantam.ch\/fr\/produit\/additif-anti-bacterien-pour-diesel\/#primaryimage"},"thumbnailUrl":"https:\/\/shop.bantam.ch\/wp-content\/uploads\/2025\/03\/Movera-L-9975838100.png","datePublished":"2025-03-14T16:07:34+00:00","dateModified":"2026-04-18T21:35:27+00:00","breadcrumb":{"@id":"https:\/\/shop.bantam.ch\/fr\/produit\/additif-anti-bacterien-pour-diesel\/#breadcrumb"},"inLanguage":"fr-FR","potentialAction":[{"@type":"ReadAction","target":["https:\/\/shop.bantam.ch\/fr\/produit\/additif-anti-bacterien-pour-diesel\/"]}]},{"@type":"ImageObject","inLanguage":"fr-FR","@id":"https:\/\/shop.bantam.ch\/fr\/produit\/additif-anti-bacterien-pour-diesel\/#primaryimage","url":"https:\/\/shop.bantam.ch\/wp-content\/uploads\/2025\/03\/Movera-L-9975838100.png","contentUrl":"https:\/\/shop.bantam.ch\/wp-content\/uploads\/2025\/03\/Movera-L-9975838100.png","width":640,"height":802},{"@type":"BreadcrumbList","@id":"https:\/\/shop.bantam.ch\/fr\/produit\/additif-anti-bacterien-pour-diesel\/#breadcrumb","itemListElement":[{"@type":"ListItem","position":1,"name":"Accueil","item":"https:\/\/shop.bantam.ch\/fr\/"},{"@type":"ListItem","position":2,"name":"Boutique","item":"https:\/\/shop.bantam.ch\/fr\/boutique\/"},{"@type":"ListItem","position":3,"name":"Additif anti-bact\u00e9rien pour diesel"}]},{"@type":"WebSite","@id":"https:\/\/shop.bantam.ch\/fr\/#website","url":"https:\/\/shop.bantam.ch\/fr\/","name":"Bantam Wankm\u00fcller SA","description":"","publisher":{"@id":"https:\/\/shop.bantam.ch\/fr\/#organization"},"inLanguage":"fr-FR"},{"@type":"Organization","@id":"https:\/\/shop.bantam.ch\/fr\/#organization","name":"Bantam Wankm\u00fcller SA","url":"https:\/\/shop.bantam.ch\/fr\/","logo":{"@type":"ImageObject","inLanguage":"fr-FR","@id":"https:\/\/shop.bantam.ch\/fr\/#\/schema\/logo\/image\/","url":"https:\/\/shop.bantam.ch\/wp-content\/uploads\/2022\/12\/bantam-logo.png","contentUrl":"https:\/\/shop.bantam.ch\/wp-content\/uploads\/2022\/12\/bantam-logo.png","width":320,"height":71,"caption":"Bantam Wankm\u00fcller SA"},"image":{"@id":"https:\/\/shop.bantam.ch\/fr\/#\/schema\/logo\/image\/"}}]}},"_links":{"self":[{"href":"https:\/\/shop.bantam.ch\/fr\/wp-json\/wp\/v2\/product\/216880","targetHints":{"allow":["GET"]}}],"collection":[{"href":"https:\/\/shop.bantam.ch\/fr\/wp-json\/wp\/v2\/product"}],"about":[{"href":"https:\/\/shop.bantam.ch\/fr\/wp-json\/wp\/v2\/types\/product"}],"wp:featuredmedia":[{"embeddable":true,"href":"https:\/\/shop.bantam.ch\/fr\/wp-json\/wp\/v2\/media\/216878"}],"wp:attachment":[{"href":"https:\/\/shop.bantam.ch\/fr\/wp-json\/wp\/v2\/media?parent=216880"}],"wp:term":[{"taxonomy":"product_featured_cat","embeddable":true,"href":"https:\/\/shop.bantam.ch\/fr\/wp-json\/wp\/v2\/product_featured_cat?post=216880"},{"taxonomy":"product_brand","embeddable":true,"href":"https:\/\/shop.bantam.ch\/fr\/wp-json\/wp\/v2\/product_brand?post=216880"},{"taxonomy":"product_cat","embeddable":true,"href":"https:\/\/shop.bantam.ch\/fr\/wp-json\/wp\/v2\/product_cat?post=216880"},{"taxonomy":"product_tag","embeddable":true,"href":"https:\/\/shop.bantam.ch\/fr\/wp-json\/wp\/v2\/product_tag?post=216880"}],"curies":[{"name":"wp","href":"https:\/\/api.w.org\/{rel}","templated":true}]}}