{"id":216858,"date":"2025-03-14T17:07:03","date_gmt":"2025-03-14T16:07:03","guid":{"rendered":"https:\/\/shop.bantam.ch\/produit\/televiseur-smart-tv-19-pouces\/"},"modified":"2026-05-10T23:31:06","modified_gmt":"2026-05-10T21:31:06","slug":"televiseur-smart-tv-19-pouces","status":"publish","type":"product","link":"https:\/\/shop.bantam.ch\/fr\/produit\/televiseur-smart-tv-19-pouces\/","title":{"rendered":"T\u00e9l\u00e9viseur Smart TV 19 pouces"},"content":{"rendered":"<p>Cet appareil moderne allie technologie et confort pour offrir une exp\u00e9rience de divertissement impressionnante. Avec Android 14.0 int\u00e9gr\u00e9, vous pouvez profiter de mises \u00e0 jour simples et gratuites qui garantissent des applications et des fonctions toujours actuelles. Gr\u00e2ce au WiFi int\u00e9gr\u00e9 et \u00e0 la fonction CAST, vous pouvez diffuser sans effort du contenu depuis vos appareils. La r\u00e9solution HD de 1366 x 768 pixels garantit une qualit\u00e9 d&rsquo;image claire et nette, tandis que la tr\u00e8s faible consommation d&rsquo;\u00e9nergie dans la classe \u00e9nerg\u00e9tique A (seulement 19W) m\u00e9nage non seulement l&rsquo;environnement, mais aussi votre facture d&rsquo;\u00e9lectricit\u00e9. Un interrupteur MARCHE\/ARR\u00caT pratique est int\u00e9gr\u00e9 pour faciliter encore plus le fonctionnement. Le tuner compatible ULTRA HD DVB-T2 vous permet de recevoir une multitude de cha\u00eenes de t\u00e9l\u00e9vision dans une qualit\u00e9 optimale. L&rsquo;appareil se distingue par son design \u00e9l\u00e9gant en noir brillant et s&rsquo;int\u00e8gre parfaitement dans tout environnement. Pour plus de flexibilit\u00e9, il dispose d&rsquo;un port USB qui permet de lire des fichiers audio et vid\u00e9o. Sa compatibilit\u00e9 avec 12\/24\/220V le rend particuli\u00e8rement polyvalent.<br \/>\nComprend un c\u00e2ble allume-cigare de 12V et une prise de 220V.<\/p>\n","protected":false},"excerpt":{"rendered":"<p>Cet appareil moderne allie technologie et confort pour offrir une exp\u00e9rience de divertissement impressionnante. Avec Android 14.0 int\u00e9gr\u00e9, vous pouvez profiter de mises \u00e0 jour simples et gratuites qui garantissent des applications et des fonctions toujours actuelles. Gr\u00e2ce au WiFi int\u00e9gr\u00e9 et \u00e0 la fonction CAST, vous pouvez diffuser sans effort du contenu depuis vos [&hellip;]<\/p>\n","protected":false},"featured_media":216856,"template":"","meta":{"_acf_changed":false},"product_featured_cat":[],"product_brand":[],"product_cat":[4505],"product_tag":[],"class_list":{"0":"post-216858","1":"product","2":"type-product","3":"status-publish","4":"has-post-thumbnail","6":"product_cat-televiseurs","8":"first","9":"instock","10":"taxable","11":"shipping-taxable","12":"purchasable","13":"product-type-simple"},"acf":[],"yoast_head":"<!-- This site is optimized with the Yoast SEO plugin v27.5 - https:\/\/yoast.com\/product\/yoast-seo-wordpress\/ -->\n<title>T\u00e9l\u00e9viseur Smart TV 19 pouces - Bantam<\/title>\n<meta name=\"robots\" content=\"index, follow, max-snippet:-1, max-image-preview:large, max-video-preview:-1\" \/>\n<link rel=\"canonical\" href=\"https:\/\/shop.bantam.ch\/fr\/produit\/televiseur-smart-tv-19-pouces\/\" \/>\n<meta property=\"og:locale\" content=\"fr_FR\" \/>\n<meta property=\"og:type\" content=\"article\" \/>\n<meta property=\"og:title\" content=\"T\u00e9l\u00e9viseur Smart TV 19 pouces - Bantam\" \/>\n<meta property=\"og:description\" content=\"Cet appareil moderne allie technologie et confort pour offrir une exp\u00e9rience de divertissement impressionnante. Avec Android 14.0 int\u00e9gr\u00e9, vous pouvez profiter de mises \u00e0 jour simples et gratuites qui garantissent des applications et des fonctions toujours actuelles. Gr\u00e2ce au WiFi int\u00e9gr\u00e9 et \u00e0 la fonction CAST, vous pouvez diffuser sans effort du contenu depuis vos [&hellip;]\" \/>\n<meta property=\"og:url\" content=\"https:\/\/shop.bantam.ch\/fr\/produit\/televiseur-smart-tv-19-pouces\/\" \/>\n<meta property=\"og:site_name\" content=\"Bantam\" \/>\n<meta property=\"article:modified_time\" content=\"2026-05-10T21:31:06+00:00\" \/>\n<meta name=\"twitter:card\" content=\"summary_large_image\" \/>\n<meta name=\"twitter:label1\" content=\"Dur\u00e9e de lecture estim\u00e9e\" \/>\n\t<meta name=\"twitter:data1\" content=\"1 minute\" \/>\n<script type=\"application\/ld+json\" class=\"yoast-schema-graph\">{\"@context\":\"https:\\\/\\\/schema.org\",\"@graph\":[{\"@type\":\"WebPage\",\"@id\":\"https:\\\/\\\/shop.bantam.ch\\\/fr\\\/produit\\\/televiseur-smart-tv-19-pouces\\\/\",\"url\":\"https:\\\/\\\/shop.bantam.ch\\\/fr\\\/produit\\\/televiseur-smart-tv-19-pouces\\\/\",\"name\":\"T\u00e9l\u00e9viseur Smart TV 19 pouces - Bantam\",\"isPartOf\":{\"@id\":\"https:\\\/\\\/shop.bantam.ch\\\/fr\\\/#website\"},\"primaryImageOfPage\":{\"@id\":\"https:\\\/\\\/shop.bantam.ch\\\/fr\\\/produit\\\/televiseur-smart-tv-19-pouces\\\/#primaryimage\"},\"image\":{\"@id\":\"https:\\\/\\\/shop.bantam.ch\\\/fr\\\/produit\\\/televiseur-smart-tv-19-pouces\\\/#primaryimage\"},\"thumbnailUrl\":\"https:\\\/\\\/shop.bantam.ch\\\/wp-content\\\/uploads\\\/2025\\\/03\\\/Movera-L-9975835100.jpg\",\"datePublished\":\"2025-03-14T16:07:03+00:00\",\"dateModified\":\"2026-05-10T21:31:06+00:00\",\"breadcrumb\":{\"@id\":\"https:\\\/\\\/shop.bantam.ch\\\/fr\\\/produit\\\/televiseur-smart-tv-19-pouces\\\/#breadcrumb\"},\"inLanguage\":\"fr-FR\",\"potentialAction\":[{\"@type\":\"ReadAction\",\"target\":[\"https:\\\/\\\/shop.bantam.ch\\\/fr\\\/produit\\\/televiseur-smart-tv-19-pouces\\\/\"]}]},{\"@type\":\"ImageObject\",\"inLanguage\":\"fr-FR\",\"@id\":\"https:\\\/\\\/shop.bantam.ch\\\/fr\\\/produit\\\/televiseur-smart-tv-19-pouces\\\/#primaryimage\",\"url\":\"https:\\\/\\\/shop.bantam.ch\\\/wp-content\\\/uploads\\\/2025\\\/03\\\/Movera-L-9975835100.jpg\",\"contentUrl\":\"https:\\\/\\\/shop.bantam.ch\\\/wp-content\\\/uploads\\\/2025\\\/03\\\/Movera-L-9975835100.jpg\",\"width\":640,\"height\":411},{\"@type\":\"BreadcrumbList\",\"@id\":\"https:\\\/\\\/shop.bantam.ch\\\/fr\\\/produit\\\/televiseur-smart-tv-19-pouces\\\/#breadcrumb\",\"itemListElement\":[{\"@type\":\"ListItem\",\"position\":1,\"name\":\"Accueil\",\"item\":\"https:\\\/\\\/shop.bantam.ch\\\/fr\\\/\"},{\"@type\":\"ListItem\",\"position\":2,\"name\":\"Boutique\",\"item\":\"https:\\\/\\\/shop.bantam.ch\\\/fr\\\/boutique\\\/\"},{\"@type\":\"ListItem\",\"position\":3,\"name\":\"T\u00e9l\u00e9viseur Smart TV 19 pouces\"}]},{\"@type\":\"WebSite\",\"@id\":\"https:\\\/\\\/shop.bantam.ch\\\/fr\\\/#website\",\"url\":\"https:\\\/\\\/shop.bantam.ch\\\/fr\\\/\",\"name\":\"Bantam\",\"description\":\"\",\"publisher\":{\"@id\":\"https:\\\/\\\/shop.bantam.ch\\\/fr\\\/#organization\"},\"inLanguage\":\"fr-FR\"},{\"@type\":\"Organization\",\"@id\":\"https:\\\/\\\/shop.bantam.ch\\\/fr\\\/#organization\",\"name\":\"Bantam\",\"url\":\"https:\\\/\\\/shop.bantam.ch\\\/fr\\\/\",\"logo\":{\"@type\":\"ImageObject\",\"inLanguage\":\"fr-FR\",\"@id\":\"https:\\\/\\\/shop.bantam.ch\\\/fr\\\/#\\\/schema\\\/logo\\\/image\\\/\",\"url\":\"https:\\\/\\\/shop.bantam.ch\\\/wp-content\\\/uploads\\\/2022\\\/12\\\/bantam-logo.png\",\"contentUrl\":\"https:\\\/\\\/shop.bantam.ch\\\/wp-content\\\/uploads\\\/2022\\\/12\\\/bantam-logo.png\",\"width\":320,\"height\":71,\"caption\":\"Bantam\"},\"image\":{\"@id\":\"https:\\\/\\\/shop.bantam.ch\\\/fr\\\/#\\\/schema\\\/logo\\\/image\\\/\"}}]}<\/script>\n<!-- \/ Yoast SEO plugin. -->","yoast_head_json":{"title":"T\u00e9l\u00e9viseur Smart TV 19 pouces - Bantam","robots":{"index":"index","follow":"follow","max-snippet":"max-snippet:-1","max-image-preview":"max-image-preview:large","max-video-preview":"max-video-preview:-1"},"canonical":"https:\/\/shop.bantam.ch\/fr\/produit\/televiseur-smart-tv-19-pouces\/","og_locale":"fr_FR","og_type":"article","og_title":"T\u00e9l\u00e9viseur Smart TV 19 pouces - Bantam","og_description":"Cet appareil moderne allie technologie et confort pour offrir une exp\u00e9rience de divertissement impressionnante. Avec Android 14.0 int\u00e9gr\u00e9, vous pouvez profiter de mises \u00e0 jour simples et gratuites qui garantissent des applications et des fonctions toujours actuelles. Gr\u00e2ce au WiFi int\u00e9gr\u00e9 et \u00e0 la fonction CAST, vous pouvez diffuser sans effort du contenu depuis vos [&hellip;]","og_url":"https:\/\/shop.bantam.ch\/fr\/produit\/televiseur-smart-tv-19-pouces\/","og_site_name":"Bantam","article_modified_time":"2026-05-10T21:31:06+00:00","twitter_card":"summary_large_image","twitter_misc":{"Dur\u00e9e de lecture estim\u00e9e":"1 minute"},"schema":{"@context":"https:\/\/schema.org","@graph":[{"@type":"WebPage","@id":"https:\/\/shop.bantam.ch\/fr\/produit\/televiseur-smart-tv-19-pouces\/","url":"https:\/\/shop.bantam.ch\/fr\/produit\/televiseur-smart-tv-19-pouces\/","name":"T\u00e9l\u00e9viseur Smart TV 19 pouces - Bantam","isPartOf":{"@id":"https:\/\/shop.bantam.ch\/fr\/#website"},"primaryImageOfPage":{"@id":"https:\/\/shop.bantam.ch\/fr\/produit\/televiseur-smart-tv-19-pouces\/#primaryimage"},"image":{"@id":"https:\/\/shop.bantam.ch\/fr\/produit\/televiseur-smart-tv-19-pouces\/#primaryimage"},"thumbnailUrl":"https:\/\/shop.bantam.ch\/wp-content\/uploads\/2025\/03\/Movera-L-9975835100.jpg","datePublished":"2025-03-14T16:07:03+00:00","dateModified":"2026-05-10T21:31:06+00:00","breadcrumb":{"@id":"https:\/\/shop.bantam.ch\/fr\/produit\/televiseur-smart-tv-19-pouces\/#breadcrumb"},"inLanguage":"fr-FR","potentialAction":[{"@type":"ReadAction","target":["https:\/\/shop.bantam.ch\/fr\/produit\/televiseur-smart-tv-19-pouces\/"]}]},{"@type":"ImageObject","inLanguage":"fr-FR","@id":"https:\/\/shop.bantam.ch\/fr\/produit\/televiseur-smart-tv-19-pouces\/#primaryimage","url":"https:\/\/shop.bantam.ch\/wp-content\/uploads\/2025\/03\/Movera-L-9975835100.jpg","contentUrl":"https:\/\/shop.bantam.ch\/wp-content\/uploads\/2025\/03\/Movera-L-9975835100.jpg","width":640,"height":411},{"@type":"BreadcrumbList","@id":"https:\/\/shop.bantam.ch\/fr\/produit\/televiseur-smart-tv-19-pouces\/#breadcrumb","itemListElement":[{"@type":"ListItem","position":1,"name":"Accueil","item":"https:\/\/shop.bantam.ch\/fr\/"},{"@type":"ListItem","position":2,"name":"Boutique","item":"https:\/\/shop.bantam.ch\/fr\/boutique\/"},{"@type":"ListItem","position":3,"name":"T\u00e9l\u00e9viseur Smart TV 19 pouces"}]},{"@type":"WebSite","@id":"https:\/\/shop.bantam.ch\/fr\/#website","url":"https:\/\/shop.bantam.ch\/fr\/","name":"Bantam","description":"","publisher":{"@id":"https:\/\/shop.bantam.ch\/fr\/#organization"},"inLanguage":"fr-FR"},{"@type":"Organization","@id":"https:\/\/shop.bantam.ch\/fr\/#organization","name":"Bantam","url":"https:\/\/shop.bantam.ch\/fr\/","logo":{"@type":"ImageObject","inLanguage":"fr-FR","@id":"https:\/\/shop.bantam.ch\/fr\/#\/schema\/logo\/image\/","url":"https:\/\/shop.bantam.ch\/wp-content\/uploads\/2022\/12\/bantam-logo.png","contentUrl":"https:\/\/shop.bantam.ch\/wp-content\/uploads\/2022\/12\/bantam-logo.png","width":320,"height":71,"caption":"Bantam"},"image":{"@id":"https:\/\/shop.bantam.ch\/fr\/#\/schema\/logo\/image\/"}}]}},"_links":{"self":[{"href":"https:\/\/shop.bantam.ch\/fr\/wp-json\/wp\/v2\/product\/216858","targetHints":{"allow":["GET"]}}],"collection":[{"href":"https:\/\/shop.bantam.ch\/fr\/wp-json\/wp\/v2\/product"}],"about":[{"href":"https:\/\/shop.bantam.ch\/fr\/wp-json\/wp\/v2\/types\/product"}],"wp:featuredmedia":[{"embeddable":true,"href":"https:\/\/shop.bantam.ch\/fr\/wp-json\/wp\/v2\/media\/216856"}],"wp:attachment":[{"href":"https:\/\/shop.bantam.ch\/fr\/wp-json\/wp\/v2\/media?parent=216858"}],"wp:term":[{"taxonomy":"product_featured_cat","embeddable":true,"href":"https:\/\/shop.bantam.ch\/fr\/wp-json\/wp\/v2\/product_featured_cat?post=216858"},{"taxonomy":"product_brand","embeddable":true,"href":"https:\/\/shop.bantam.ch\/fr\/wp-json\/wp\/v2\/product_brand?post=216858"},{"taxonomy":"product_cat","embeddable":true,"href":"https:\/\/shop.bantam.ch\/fr\/wp-json\/wp\/v2\/product_cat?post=216858"},{"taxonomy":"product_tag","embeddable":true,"href":"https:\/\/shop.bantam.ch\/fr\/wp-json\/wp\/v2\/product_tag?post=216858"}],"curies":[{"name":"wp","href":"https:\/\/api.w.org\/{rel}","templated":true}]}}