{"id":216830,"date":"2025-03-14T17:06:21","date_gmt":"2025-03-14T16:06:21","guid":{"rendered":"https:\/\/shop.bantam.ch\/produit\/commutateur-de-commande-pour-cam-440-sc-commutation-fb\/"},"modified":"2026-04-21T23:36:44","modified_gmt":"2026-04-21T21:36:44","slug":"commutateur-de-commande-pour-cam-440-sc-commutation-fb","status":"publish","type":"product","link":"https:\/\/shop.bantam.ch\/fr\/produit\/commutateur-de-commande-pour-cam-440-sc-commutation-fb\/","title":{"rendered":"Commutateur de commande pour CAM 440 SC, commutation FB"},"content":{"rendered":"<p>Ce commutateur de commande \u00e9tend les fonctionnalit\u00e9s de votre cam\u00e9ra double vision Dometic PerfectView CAM 440. Les deux boutons vous permettent de passer facilement de la vision de pr\u00e8s \u00e0 la vision de loin, que vous soyez en train de reculer ou d&rsquo;avancer. Si vous avez mont\u00e9 une cam\u00e9ra suppl\u00e9mentaire CAM 440E, vous pouvez utiliser le commutateur pour passer d&rsquo;une cam\u00e9ra \u00e0 l&rsquo;autre si n\u00e9cessaire.<\/p>\n","protected":false},"excerpt":{"rendered":"<p>Ce commutateur de commande \u00e9tend les fonctionnalit\u00e9s de votre cam\u00e9ra double vision Dometic PerfectView CAM 440. Les deux boutons vous permettent de passer facilement de la vision de pr\u00e8s \u00e0 la vision de loin, que vous soyez en train de reculer ou d&rsquo;avancer. Si vous avez mont\u00e9 une cam\u00e9ra suppl\u00e9mentaire CAM 440E, vous pouvez utiliser [&hellip;]<\/p>\n","protected":false},"featured_media":216828,"template":"","meta":{"_acf_changed":false},"product_featured_cat":[],"product_brand":[],"product_cat":[5003],"product_tag":[],"class_list":{"0":"post-216830","1":"product","2":"type-product","3":"status-publish","4":"has-post-thumbnail","6":"product_cat-accessoires-pour-cameras-de-recul","8":"first","9":"instock","10":"taxable","11":"shipping-taxable","12":"purchasable","13":"product-type-simple"},"acf":[],"yoast_head":"<!-- This site is optimized with the Yoast SEO plugin v27.4 - https:\/\/yoast.com\/product\/yoast-seo-wordpress\/ -->\n<title>Commutateur de commande pour CAM 440 SC, commutation FB - Bantam Wankm\u00fcller SA<\/title>\n<meta name=\"robots\" content=\"index, follow, max-snippet:-1, max-image-preview:large, max-video-preview:-1\" \/>\n<link rel=\"canonical\" href=\"https:\/\/shop.bantam.ch\/fr\/produit\/commutateur-de-commande-pour-cam-440-sc-commutation-fb\/\" \/>\n<meta property=\"og:locale\" content=\"fr_FR\" \/>\n<meta property=\"og:type\" content=\"article\" \/>\n<meta property=\"og:title\" content=\"Commutateur de commande pour CAM 440 SC, commutation FB - Bantam Wankm\u00fcller SA\" \/>\n<meta property=\"og:description\" content=\"Ce commutateur de commande \u00e9tend les fonctionnalit\u00e9s de votre cam\u00e9ra double vision Dometic PerfectView CAM 440. Les deux boutons vous permettent de passer facilement de la vision de pr\u00e8s \u00e0 la vision de loin, que vous soyez en train de reculer ou d&rsquo;avancer. Si vous avez mont\u00e9 une cam\u00e9ra suppl\u00e9mentaire CAM 440E, vous pouvez utiliser [&hellip;]\" \/>\n<meta property=\"og:url\" content=\"https:\/\/shop.bantam.ch\/fr\/produit\/commutateur-de-commande-pour-cam-440-sc-commutation-fb\/\" \/>\n<meta property=\"og:site_name\" content=\"Bantam Wankm\u00fcller SA\" \/>\n<meta property=\"article:modified_time\" content=\"2026-04-21T21:36:44+00:00\" \/>\n<meta name=\"twitter:card\" content=\"summary_large_image\" \/>\n<script type=\"application\/ld+json\" class=\"yoast-schema-graph\">{\"@context\":\"https:\\\/\\\/schema.org\",\"@graph\":[{\"@type\":\"WebPage\",\"@id\":\"https:\\\/\\\/shop.bantam.ch\\\/fr\\\/produit\\\/commutateur-de-commande-pour-cam-440-sc-commutation-fb\\\/\",\"url\":\"https:\\\/\\\/shop.bantam.ch\\\/fr\\\/produit\\\/commutateur-de-commande-pour-cam-440-sc-commutation-fb\\\/\",\"name\":\"Commutateur de commande pour CAM 440 SC, commutation FB - Bantam Wankm\u00fcller SA\",\"isPartOf\":{\"@id\":\"https:\\\/\\\/shop.bantam.ch\\\/fr\\\/#website\"},\"primaryImageOfPage\":{\"@id\":\"https:\\\/\\\/shop.bantam.ch\\\/fr\\\/produit\\\/commutateur-de-commande-pour-cam-440-sc-commutation-fb\\\/#primaryimage\"},\"image\":{\"@id\":\"https:\\\/\\\/shop.bantam.ch\\\/fr\\\/produit\\\/commutateur-de-commande-pour-cam-440-sc-commutation-fb\\\/#primaryimage\"},\"thumbnailUrl\":\"https:\\\/\\\/shop.bantam.ch\\\/wp-content\\\/uploads\\\/2025\\\/03\\\/Movera-L-9975824100.jpg\",\"datePublished\":\"2025-03-14T16:06:21+00:00\",\"dateModified\":\"2026-04-21T21:36:44+00:00\",\"breadcrumb\":{\"@id\":\"https:\\\/\\\/shop.bantam.ch\\\/fr\\\/produit\\\/commutateur-de-commande-pour-cam-440-sc-commutation-fb\\\/#breadcrumb\"},\"inLanguage\":\"fr-FR\",\"potentialAction\":[{\"@type\":\"ReadAction\",\"target\":[\"https:\\\/\\\/shop.bantam.ch\\\/fr\\\/produit\\\/commutateur-de-commande-pour-cam-440-sc-commutation-fb\\\/\"]}]},{\"@type\":\"ImageObject\",\"inLanguage\":\"fr-FR\",\"@id\":\"https:\\\/\\\/shop.bantam.ch\\\/fr\\\/produit\\\/commutateur-de-commande-pour-cam-440-sc-commutation-fb\\\/#primaryimage\",\"url\":\"https:\\\/\\\/shop.bantam.ch\\\/wp-content\\\/uploads\\\/2025\\\/03\\\/Movera-L-9975824100.jpg\",\"contentUrl\":\"https:\\\/\\\/shop.bantam.ch\\\/wp-content\\\/uploads\\\/2025\\\/03\\\/Movera-L-9975824100.jpg\",\"width\":640,\"height\":640},{\"@type\":\"BreadcrumbList\",\"@id\":\"https:\\\/\\\/shop.bantam.ch\\\/fr\\\/produit\\\/commutateur-de-commande-pour-cam-440-sc-commutation-fb\\\/#breadcrumb\",\"itemListElement\":[{\"@type\":\"ListItem\",\"position\":1,\"name\":\"Accueil\",\"item\":\"https:\\\/\\\/shop.bantam.ch\\\/fr\\\/\"},{\"@type\":\"ListItem\",\"position\":2,\"name\":\"Boutique\",\"item\":\"https:\\\/\\\/shop.bantam.ch\\\/fr\\\/boutique\\\/\"},{\"@type\":\"ListItem\",\"position\":3,\"name\":\"Commutateur de commande pour CAM 440 SC, commutation FB\"}]},{\"@type\":\"WebSite\",\"@id\":\"https:\\\/\\\/shop.bantam.ch\\\/fr\\\/#website\",\"url\":\"https:\\\/\\\/shop.bantam.ch\\\/fr\\\/\",\"name\":\"Bantam Wankm\u00fcller SA\",\"description\":\"\",\"publisher\":{\"@id\":\"https:\\\/\\\/shop.bantam.ch\\\/fr\\\/#organization\"},\"inLanguage\":\"fr-FR\"},{\"@type\":\"Organization\",\"@id\":\"https:\\\/\\\/shop.bantam.ch\\\/fr\\\/#organization\",\"name\":\"Bantam Wankm\u00fcller SA\",\"url\":\"https:\\\/\\\/shop.bantam.ch\\\/fr\\\/\",\"logo\":{\"@type\":\"ImageObject\",\"inLanguage\":\"fr-FR\",\"@id\":\"https:\\\/\\\/shop.bantam.ch\\\/fr\\\/#\\\/schema\\\/logo\\\/image\\\/\",\"url\":\"https:\\\/\\\/shop.bantam.ch\\\/wp-content\\\/uploads\\\/2022\\\/12\\\/bantam-logo.png\",\"contentUrl\":\"https:\\\/\\\/shop.bantam.ch\\\/wp-content\\\/uploads\\\/2022\\\/12\\\/bantam-logo.png\",\"width\":320,\"height\":71,\"caption\":\"Bantam Wankm\u00fcller SA\"},\"image\":{\"@id\":\"https:\\\/\\\/shop.bantam.ch\\\/fr\\\/#\\\/schema\\\/logo\\\/image\\\/\"}}]}<\/script>\n<!-- \/ Yoast SEO plugin. -->","yoast_head_json":{"title":"Commutateur de commande pour CAM 440 SC, commutation FB - Bantam Wankm\u00fcller SA","robots":{"index":"index","follow":"follow","max-snippet":"max-snippet:-1","max-image-preview":"max-image-preview:large","max-video-preview":"max-video-preview:-1"},"canonical":"https:\/\/shop.bantam.ch\/fr\/produit\/commutateur-de-commande-pour-cam-440-sc-commutation-fb\/","og_locale":"fr_FR","og_type":"article","og_title":"Commutateur de commande pour CAM 440 SC, commutation FB - Bantam Wankm\u00fcller SA","og_description":"Ce commutateur de commande \u00e9tend les fonctionnalit\u00e9s de votre cam\u00e9ra double vision Dometic PerfectView CAM 440. Les deux boutons vous permettent de passer facilement de la vision de pr\u00e8s \u00e0 la vision de loin, que vous soyez en train de reculer ou d&rsquo;avancer. Si vous avez mont\u00e9 une cam\u00e9ra suppl\u00e9mentaire CAM 440E, vous pouvez utiliser [&hellip;]","og_url":"https:\/\/shop.bantam.ch\/fr\/produit\/commutateur-de-commande-pour-cam-440-sc-commutation-fb\/","og_site_name":"Bantam Wankm\u00fcller SA","article_modified_time":"2026-04-21T21:36:44+00:00","twitter_card":"summary_large_image","schema":{"@context":"https:\/\/schema.org","@graph":[{"@type":"WebPage","@id":"https:\/\/shop.bantam.ch\/fr\/produit\/commutateur-de-commande-pour-cam-440-sc-commutation-fb\/","url":"https:\/\/shop.bantam.ch\/fr\/produit\/commutateur-de-commande-pour-cam-440-sc-commutation-fb\/","name":"Commutateur de commande pour CAM 440 SC, commutation FB - Bantam Wankm\u00fcller SA","isPartOf":{"@id":"https:\/\/shop.bantam.ch\/fr\/#website"},"primaryImageOfPage":{"@id":"https:\/\/shop.bantam.ch\/fr\/produit\/commutateur-de-commande-pour-cam-440-sc-commutation-fb\/#primaryimage"},"image":{"@id":"https:\/\/shop.bantam.ch\/fr\/produit\/commutateur-de-commande-pour-cam-440-sc-commutation-fb\/#primaryimage"},"thumbnailUrl":"https:\/\/shop.bantam.ch\/wp-content\/uploads\/2025\/03\/Movera-L-9975824100.jpg","datePublished":"2025-03-14T16:06:21+00:00","dateModified":"2026-04-21T21:36:44+00:00","breadcrumb":{"@id":"https:\/\/shop.bantam.ch\/fr\/produit\/commutateur-de-commande-pour-cam-440-sc-commutation-fb\/#breadcrumb"},"inLanguage":"fr-FR","potentialAction":[{"@type":"ReadAction","target":["https:\/\/shop.bantam.ch\/fr\/produit\/commutateur-de-commande-pour-cam-440-sc-commutation-fb\/"]}]},{"@type":"ImageObject","inLanguage":"fr-FR","@id":"https:\/\/shop.bantam.ch\/fr\/produit\/commutateur-de-commande-pour-cam-440-sc-commutation-fb\/#primaryimage","url":"https:\/\/shop.bantam.ch\/wp-content\/uploads\/2025\/03\/Movera-L-9975824100.jpg","contentUrl":"https:\/\/shop.bantam.ch\/wp-content\/uploads\/2025\/03\/Movera-L-9975824100.jpg","width":640,"height":640},{"@type":"BreadcrumbList","@id":"https:\/\/shop.bantam.ch\/fr\/produit\/commutateur-de-commande-pour-cam-440-sc-commutation-fb\/#breadcrumb","itemListElement":[{"@type":"ListItem","position":1,"name":"Accueil","item":"https:\/\/shop.bantam.ch\/fr\/"},{"@type":"ListItem","position":2,"name":"Boutique","item":"https:\/\/shop.bantam.ch\/fr\/boutique\/"},{"@type":"ListItem","position":3,"name":"Commutateur de commande pour CAM 440 SC, commutation FB"}]},{"@type":"WebSite","@id":"https:\/\/shop.bantam.ch\/fr\/#website","url":"https:\/\/shop.bantam.ch\/fr\/","name":"Bantam Wankm\u00fcller SA","description":"","publisher":{"@id":"https:\/\/shop.bantam.ch\/fr\/#organization"},"inLanguage":"fr-FR"},{"@type":"Organization","@id":"https:\/\/shop.bantam.ch\/fr\/#organization","name":"Bantam Wankm\u00fcller SA","url":"https:\/\/shop.bantam.ch\/fr\/","logo":{"@type":"ImageObject","inLanguage":"fr-FR","@id":"https:\/\/shop.bantam.ch\/fr\/#\/schema\/logo\/image\/","url":"https:\/\/shop.bantam.ch\/wp-content\/uploads\/2022\/12\/bantam-logo.png","contentUrl":"https:\/\/shop.bantam.ch\/wp-content\/uploads\/2022\/12\/bantam-logo.png","width":320,"height":71,"caption":"Bantam Wankm\u00fcller SA"},"image":{"@id":"https:\/\/shop.bantam.ch\/fr\/#\/schema\/logo\/image\/"}}]}},"_links":{"self":[{"href":"https:\/\/shop.bantam.ch\/fr\/wp-json\/wp\/v2\/product\/216830","targetHints":{"allow":["GET"]}}],"collection":[{"href":"https:\/\/shop.bantam.ch\/fr\/wp-json\/wp\/v2\/product"}],"about":[{"href":"https:\/\/shop.bantam.ch\/fr\/wp-json\/wp\/v2\/types\/product"}],"wp:featuredmedia":[{"embeddable":true,"href":"https:\/\/shop.bantam.ch\/fr\/wp-json\/wp\/v2\/media\/216828"}],"wp:attachment":[{"href":"https:\/\/shop.bantam.ch\/fr\/wp-json\/wp\/v2\/media?parent=216830"}],"wp:term":[{"taxonomy":"product_featured_cat","embeddable":true,"href":"https:\/\/shop.bantam.ch\/fr\/wp-json\/wp\/v2\/product_featured_cat?post=216830"},{"taxonomy":"product_brand","embeddable":true,"href":"https:\/\/shop.bantam.ch\/fr\/wp-json\/wp\/v2\/product_brand?post=216830"},{"taxonomy":"product_cat","embeddable":true,"href":"https:\/\/shop.bantam.ch\/fr\/wp-json\/wp\/v2\/product_cat?post=216830"},{"taxonomy":"product_tag","embeddable":true,"href":"https:\/\/shop.bantam.ch\/fr\/wp-json\/wp\/v2\/product_tag?post=216830"}],"curies":[{"name":"wp","href":"https:\/\/api.w.org\/{rel}","templated":true}]}}