{"id":216826,"date":"2025-03-14T17:06:15","date_gmt":"2025-03-14T16:06:15","guid":{"rendered":"https:\/\/shop.bantam.ch\/produit\/camera-unique-cam-440-noire\/"},"modified":"2026-04-17T23:31:53","modified_gmt":"2026-04-17T21:31:53","slug":"camera-unique-cam-440-noire","status":"publish","type":"product","link":"https:\/\/shop.bantam.ch\/fr\/produit\/camera-unique-cam-440-noire\/","title":{"rendered":"Cam\u00e9ra unique CAM 440 noire"},"content":{"rendered":"<p>Cette cam\u00e9ra sph\u00e9rique compacte est un module suppl\u00e9mentaire pour le set de base CAM 440. Elle se branche simplement sur le faisceau de c\u00e2bles pr\u00e9par\u00e9 de la CAM 440 et offre les m\u00eames fonctions : Vue arri\u00e8re de la zone proche du v\u00e9hicule et vue zoom\u00e9e \u00e0 distance. Lorsqu&rsquo;elle est mont\u00e9e \u00e0 l&rsquo;arri\u00e8re inf\u00e9rieur, la cam\u00e9ra vous aide \u00e0 garder un \u0153il sur les zones importantes cach\u00e9es sous un porte-v\u00e9los ou un pont \u00e9l\u00e9vateur. Mont\u00e9e sur le c\u00f4t\u00e9, elle permet de circuler en toute s\u00e9curit\u00e9 dans les rues \u00e9troites et les all\u00e9es.<\/p>\n<p>R\u00fcckansicht: AHD:H:165\u00b15\u00b0V:115\u00b15\u00b0CVBS:170\u00b15\u00b0V:103\u00b15\u00b0&nbsp;<br \/>\nVue de loin : AHD:H:113\u00b15\u00b0V:68\u00b15\u00b0CVBS:104\u00b15\u00b0V:62\u00b15<\/p>\n","protected":false},"excerpt":{"rendered":"<p>Cette cam\u00e9ra sph\u00e9rique compacte est un module suppl\u00e9mentaire pour le set de base CAM 440. Elle se branche simplement sur le faisceau de c\u00e2bles pr\u00e9par\u00e9 de la CAM 440 et offre les m\u00eames fonctions : Vue arri\u00e8re de la zone proche du v\u00e9hicule et vue zoom\u00e9e \u00e0 distance. Lorsqu&rsquo;elle est mont\u00e9e \u00e0 l&rsquo;arri\u00e8re inf\u00e9rieur, la [&hellip;]<\/p>\n","protected":false},"featured_media":216820,"template":"","meta":{"_acf_changed":false},"product_featured_cat":[],"product_brand":[],"product_cat":[5001],"product_tag":[],"class_list":{"0":"post-216826","1":"product","2":"type-product","3":"status-publish","4":"has-post-thumbnail","6":"product_cat-cameras","8":"first","9":"instock","10":"taxable","11":"shipping-taxable","12":"purchasable","13":"product-type-simple"},"acf":[],"yoast_head":"<!-- This site is optimized with the Yoast SEO plugin v27.4 - https:\/\/yoast.com\/product\/yoast-seo-wordpress\/ -->\n<title>Cam\u00e9ra unique CAM 440 noire - Bantam Wankm\u00fcller SA<\/title>\n<meta name=\"robots\" content=\"index, follow, max-snippet:-1, max-image-preview:large, max-video-preview:-1\" \/>\n<link rel=\"canonical\" href=\"https:\/\/shop.bantam.ch\/fr\/produit\/camera-unique-cam-440-noire\/\" \/>\n<meta property=\"og:locale\" content=\"fr_FR\" \/>\n<meta property=\"og:type\" content=\"article\" \/>\n<meta property=\"og:title\" content=\"Cam\u00e9ra unique CAM 440 noire - Bantam Wankm\u00fcller SA\" \/>\n<meta property=\"og:description\" content=\"Cette cam\u00e9ra sph\u00e9rique compacte est un module suppl\u00e9mentaire pour le set de base CAM 440. Elle se branche simplement sur le faisceau de c\u00e2bles pr\u00e9par\u00e9 de la CAM 440 et offre les m\u00eames fonctions : Vue arri\u00e8re de la zone proche du v\u00e9hicule et vue zoom\u00e9e \u00e0 distance. Lorsqu&rsquo;elle est mont\u00e9e \u00e0 l&rsquo;arri\u00e8re inf\u00e9rieur, la [&hellip;]\" \/>\n<meta property=\"og:url\" content=\"https:\/\/shop.bantam.ch\/fr\/produit\/camera-unique-cam-440-noire\/\" \/>\n<meta property=\"og:site_name\" content=\"Bantam Wankm\u00fcller SA\" \/>\n<meta property=\"article:modified_time\" content=\"2026-04-17T21:31:53+00:00\" \/>\n<meta name=\"twitter:card\" content=\"summary_large_image\" \/>\n<meta name=\"twitter:label1\" content=\"Dur\u00e9e de lecture estim\u00e9e\" \/>\n\t<meta name=\"twitter:data1\" content=\"1 minute\" \/>\n<script type=\"application\/ld+json\" class=\"yoast-schema-graph\">{\"@context\":\"https:\\\/\\\/schema.org\",\"@graph\":[{\"@type\":\"WebPage\",\"@id\":\"https:\\\/\\\/shop.bantam.ch\\\/fr\\\/produit\\\/camera-unique-cam-440-noire\\\/\",\"url\":\"https:\\\/\\\/shop.bantam.ch\\\/fr\\\/produit\\\/camera-unique-cam-440-noire\\\/\",\"name\":\"Cam\u00e9ra unique CAM 440 noire - Bantam Wankm\u00fcller SA\",\"isPartOf\":{\"@id\":\"https:\\\/\\\/shop.bantam.ch\\\/fr\\\/#website\"},\"primaryImageOfPage\":{\"@id\":\"https:\\\/\\\/shop.bantam.ch\\\/fr\\\/produit\\\/camera-unique-cam-440-noire\\\/#primaryimage\"},\"image\":{\"@id\":\"https:\\\/\\\/shop.bantam.ch\\\/fr\\\/produit\\\/camera-unique-cam-440-noire\\\/#primaryimage\"},\"thumbnailUrl\":\"https:\\\/\\\/shop.bantam.ch\\\/wp-content\\\/uploads\\\/2025\\\/03\\\/Movera-L-9975823100.jpg\",\"datePublished\":\"2025-03-14T16:06:15+00:00\",\"dateModified\":\"2026-04-17T21:31:53+00:00\",\"breadcrumb\":{\"@id\":\"https:\\\/\\\/shop.bantam.ch\\\/fr\\\/produit\\\/camera-unique-cam-440-noire\\\/#breadcrumb\"},\"inLanguage\":\"fr-FR\",\"potentialAction\":[{\"@type\":\"ReadAction\",\"target\":[\"https:\\\/\\\/shop.bantam.ch\\\/fr\\\/produit\\\/camera-unique-cam-440-noire\\\/\"]}]},{\"@type\":\"ImageObject\",\"inLanguage\":\"fr-FR\",\"@id\":\"https:\\\/\\\/shop.bantam.ch\\\/fr\\\/produit\\\/camera-unique-cam-440-noire\\\/#primaryimage\",\"url\":\"https:\\\/\\\/shop.bantam.ch\\\/wp-content\\\/uploads\\\/2025\\\/03\\\/Movera-L-9975823100.jpg\",\"contentUrl\":\"https:\\\/\\\/shop.bantam.ch\\\/wp-content\\\/uploads\\\/2025\\\/03\\\/Movera-L-9975823100.jpg\",\"width\":640,\"height\":640},{\"@type\":\"BreadcrumbList\",\"@id\":\"https:\\\/\\\/shop.bantam.ch\\\/fr\\\/produit\\\/camera-unique-cam-440-noire\\\/#breadcrumb\",\"itemListElement\":[{\"@type\":\"ListItem\",\"position\":1,\"name\":\"Accueil\",\"item\":\"https:\\\/\\\/shop.bantam.ch\\\/fr\\\/\"},{\"@type\":\"ListItem\",\"position\":2,\"name\":\"Boutique\",\"item\":\"https:\\\/\\\/shop.bantam.ch\\\/fr\\\/boutique\\\/\"},{\"@type\":\"ListItem\",\"position\":3,\"name\":\"Cam\u00e9ra unique CAM 440 noire\"}]},{\"@type\":\"WebSite\",\"@id\":\"https:\\\/\\\/shop.bantam.ch\\\/fr\\\/#website\",\"url\":\"https:\\\/\\\/shop.bantam.ch\\\/fr\\\/\",\"name\":\"Bantam Wankm\u00fcller SA\",\"description\":\"\",\"publisher\":{\"@id\":\"https:\\\/\\\/shop.bantam.ch\\\/fr\\\/#organization\"},\"inLanguage\":\"fr-FR\"},{\"@type\":\"Organization\",\"@id\":\"https:\\\/\\\/shop.bantam.ch\\\/fr\\\/#organization\",\"name\":\"Bantam Wankm\u00fcller SA\",\"url\":\"https:\\\/\\\/shop.bantam.ch\\\/fr\\\/\",\"logo\":{\"@type\":\"ImageObject\",\"inLanguage\":\"fr-FR\",\"@id\":\"https:\\\/\\\/shop.bantam.ch\\\/fr\\\/#\\\/schema\\\/logo\\\/image\\\/\",\"url\":\"https:\\\/\\\/shop.bantam.ch\\\/wp-content\\\/uploads\\\/2022\\\/12\\\/bantam-logo.png\",\"contentUrl\":\"https:\\\/\\\/shop.bantam.ch\\\/wp-content\\\/uploads\\\/2022\\\/12\\\/bantam-logo.png\",\"width\":320,\"height\":71,\"caption\":\"Bantam Wankm\u00fcller SA\"},\"image\":{\"@id\":\"https:\\\/\\\/shop.bantam.ch\\\/fr\\\/#\\\/schema\\\/logo\\\/image\\\/\"}}]}<\/script>\n<!-- \/ Yoast SEO plugin. -->","yoast_head_json":{"title":"Cam\u00e9ra unique CAM 440 noire - Bantam Wankm\u00fcller SA","robots":{"index":"index","follow":"follow","max-snippet":"max-snippet:-1","max-image-preview":"max-image-preview:large","max-video-preview":"max-video-preview:-1"},"canonical":"https:\/\/shop.bantam.ch\/fr\/produit\/camera-unique-cam-440-noire\/","og_locale":"fr_FR","og_type":"article","og_title":"Cam\u00e9ra unique CAM 440 noire - Bantam Wankm\u00fcller SA","og_description":"Cette cam\u00e9ra sph\u00e9rique compacte est un module suppl\u00e9mentaire pour le set de base CAM 440. Elle se branche simplement sur le faisceau de c\u00e2bles pr\u00e9par\u00e9 de la CAM 440 et offre les m\u00eames fonctions : Vue arri\u00e8re de la zone proche du v\u00e9hicule et vue zoom\u00e9e \u00e0 distance. Lorsqu&rsquo;elle est mont\u00e9e \u00e0 l&rsquo;arri\u00e8re inf\u00e9rieur, la [&hellip;]","og_url":"https:\/\/shop.bantam.ch\/fr\/produit\/camera-unique-cam-440-noire\/","og_site_name":"Bantam Wankm\u00fcller SA","article_modified_time":"2026-04-17T21:31:53+00:00","twitter_card":"summary_large_image","twitter_misc":{"Dur\u00e9e de lecture estim\u00e9e":"1 minute"},"schema":{"@context":"https:\/\/schema.org","@graph":[{"@type":"WebPage","@id":"https:\/\/shop.bantam.ch\/fr\/produit\/camera-unique-cam-440-noire\/","url":"https:\/\/shop.bantam.ch\/fr\/produit\/camera-unique-cam-440-noire\/","name":"Cam\u00e9ra unique CAM 440 noire - Bantam Wankm\u00fcller SA","isPartOf":{"@id":"https:\/\/shop.bantam.ch\/fr\/#website"},"primaryImageOfPage":{"@id":"https:\/\/shop.bantam.ch\/fr\/produit\/camera-unique-cam-440-noire\/#primaryimage"},"image":{"@id":"https:\/\/shop.bantam.ch\/fr\/produit\/camera-unique-cam-440-noire\/#primaryimage"},"thumbnailUrl":"https:\/\/shop.bantam.ch\/wp-content\/uploads\/2025\/03\/Movera-L-9975823100.jpg","datePublished":"2025-03-14T16:06:15+00:00","dateModified":"2026-04-17T21:31:53+00:00","breadcrumb":{"@id":"https:\/\/shop.bantam.ch\/fr\/produit\/camera-unique-cam-440-noire\/#breadcrumb"},"inLanguage":"fr-FR","potentialAction":[{"@type":"ReadAction","target":["https:\/\/shop.bantam.ch\/fr\/produit\/camera-unique-cam-440-noire\/"]}]},{"@type":"ImageObject","inLanguage":"fr-FR","@id":"https:\/\/shop.bantam.ch\/fr\/produit\/camera-unique-cam-440-noire\/#primaryimage","url":"https:\/\/shop.bantam.ch\/wp-content\/uploads\/2025\/03\/Movera-L-9975823100.jpg","contentUrl":"https:\/\/shop.bantam.ch\/wp-content\/uploads\/2025\/03\/Movera-L-9975823100.jpg","width":640,"height":640},{"@type":"BreadcrumbList","@id":"https:\/\/shop.bantam.ch\/fr\/produit\/camera-unique-cam-440-noire\/#breadcrumb","itemListElement":[{"@type":"ListItem","position":1,"name":"Accueil","item":"https:\/\/shop.bantam.ch\/fr\/"},{"@type":"ListItem","position":2,"name":"Boutique","item":"https:\/\/shop.bantam.ch\/fr\/boutique\/"},{"@type":"ListItem","position":3,"name":"Cam\u00e9ra unique CAM 440 noire"}]},{"@type":"WebSite","@id":"https:\/\/shop.bantam.ch\/fr\/#website","url":"https:\/\/shop.bantam.ch\/fr\/","name":"Bantam Wankm\u00fcller SA","description":"","publisher":{"@id":"https:\/\/shop.bantam.ch\/fr\/#organization"},"inLanguage":"fr-FR"},{"@type":"Organization","@id":"https:\/\/shop.bantam.ch\/fr\/#organization","name":"Bantam Wankm\u00fcller SA","url":"https:\/\/shop.bantam.ch\/fr\/","logo":{"@type":"ImageObject","inLanguage":"fr-FR","@id":"https:\/\/shop.bantam.ch\/fr\/#\/schema\/logo\/image\/","url":"https:\/\/shop.bantam.ch\/wp-content\/uploads\/2022\/12\/bantam-logo.png","contentUrl":"https:\/\/shop.bantam.ch\/wp-content\/uploads\/2022\/12\/bantam-logo.png","width":320,"height":71,"caption":"Bantam Wankm\u00fcller SA"},"image":{"@id":"https:\/\/shop.bantam.ch\/fr\/#\/schema\/logo\/image\/"}}]}},"_links":{"self":[{"href":"https:\/\/shop.bantam.ch\/fr\/wp-json\/wp\/v2\/product\/216826","targetHints":{"allow":["GET"]}}],"collection":[{"href":"https:\/\/shop.bantam.ch\/fr\/wp-json\/wp\/v2\/product"}],"about":[{"href":"https:\/\/shop.bantam.ch\/fr\/wp-json\/wp\/v2\/types\/product"}],"wp:featuredmedia":[{"embeddable":true,"href":"https:\/\/shop.bantam.ch\/fr\/wp-json\/wp\/v2\/media\/216820"}],"wp:attachment":[{"href":"https:\/\/shop.bantam.ch\/fr\/wp-json\/wp\/v2\/media?parent=216826"}],"wp:term":[{"taxonomy":"product_featured_cat","embeddable":true,"href":"https:\/\/shop.bantam.ch\/fr\/wp-json\/wp\/v2\/product_featured_cat?post=216826"},{"taxonomy":"product_brand","embeddable":true,"href":"https:\/\/shop.bantam.ch\/fr\/wp-json\/wp\/v2\/product_brand?post=216826"},{"taxonomy":"product_cat","embeddable":true,"href":"https:\/\/shop.bantam.ch\/fr\/wp-json\/wp\/v2\/product_cat?post=216826"},{"taxonomy":"product_tag","embeddable":true,"href":"https:\/\/shop.bantam.ch\/fr\/wp-json\/wp\/v2\/product_tag?post=216826"}],"curies":[{"name":"wp","href":"https:\/\/api.w.org\/{rel}","templated":true}]}}