{"id":216762,"date":"2025-03-14T17:04:58","date_gmt":"2025-03-14T16:04:58","guid":{"rendered":"https:\/\/shop.bantam.ch\/produit\/camera-de-recul-perfectview-cam35-2-0-noire\/"},"modified":"2026-04-18T23:34:57","modified_gmt":"2026-04-18T21:34:57","slug":"camera-de-recul-perfectview-cam35-2-0-noire","status":"publish","type":"product","link":"https:\/\/shop.bantam.ch\/fr\/produit\/camera-de-recul-perfectview-cam35-2-0-noire\/","title":{"rendered":"Cam\u00e9ra de recul PerfectView CAM35 2.0 noire"},"content":{"rendered":"<p>La PerfectView CAM35 2.0 TWIN est une cam\u00e9ra ultramoderne sp\u00e9cialement con\u00e7ue pour le FIAT Ducato X250 et X290. Un montage s\u00fbr sans per\u00e7age est garanti. La console compacte pour feux stop dispose d&rsquo;un objectif grand angle de 150\u00b0 pour une vision de pr\u00e8s optimale en marche arri\u00e8re et d&rsquo;un objectif avec un angle de vue diagonal de 90\u00b0 pour une vision de loin parfaite en marche avant. Profitez d&rsquo;une meilleure vision nocturne et de formats vid\u00e9o AHD\/CVBS s\u00e9lectionnables. Gr\u00e2ce \u00e0 une complexit\u00e9 r\u00e9duite et \u00e0 un adaptateur 2 en 1 pour la plupart des moniteurs, cette cam\u00e9ra de recul moderne garantit une s\u00e9curit\u00e9 et un confort maximum sur la route.<\/p>\n","protected":false},"excerpt":{"rendered":"<p>La PerfectView CAM35 2.0 TWIN est une cam\u00e9ra ultramoderne sp\u00e9cialement con\u00e7ue pour le FIAT Ducato X250 et X290. Un montage s\u00fbr sans per\u00e7age est garanti. La console compacte pour feux stop dispose d&rsquo;un objectif grand angle de 150\u00b0 pour une vision de pr\u00e8s optimale en marche arri\u00e8re et d&rsquo;un objectif avec un angle de vue [&hellip;]<\/p>\n","protected":false},"featured_media":216760,"template":"","meta":{"_acf_changed":false},"product_featured_cat":[],"product_brand":[],"product_cat":[5001],"product_tag":[],"class_list":{"0":"post-216762","1":"product","2":"type-product","3":"status-publish","4":"has-post-thumbnail","6":"product_cat-cameras","8":"first","9":"instock","10":"taxable","11":"shipping-taxable","12":"purchasable","13":"product-type-simple"},"acf":[],"yoast_head":"<!-- This site is optimized with the Yoast SEO plugin v27.4 - https:\/\/yoast.com\/product\/yoast-seo-wordpress\/ -->\n<title>Cam\u00e9ra de recul PerfectView CAM35 2.0 noire - Bantam Wankm\u00fcller SA<\/title>\n<meta name=\"robots\" content=\"index, follow, max-snippet:-1, max-image-preview:large, max-video-preview:-1\" \/>\n<link rel=\"canonical\" href=\"https:\/\/shop.bantam.ch\/fr\/produit\/camera-de-recul-perfectview-cam35-2-0-noire\/\" \/>\n<meta property=\"og:locale\" content=\"fr_FR\" \/>\n<meta property=\"og:type\" content=\"article\" \/>\n<meta property=\"og:title\" content=\"Cam\u00e9ra de recul PerfectView CAM35 2.0 noire - Bantam Wankm\u00fcller SA\" \/>\n<meta property=\"og:description\" content=\"La PerfectView CAM35 2.0 TWIN est une cam\u00e9ra ultramoderne sp\u00e9cialement con\u00e7ue pour le FIAT Ducato X250 et X290. Un montage s\u00fbr sans per\u00e7age est garanti. La console compacte pour feux stop dispose d&rsquo;un objectif grand angle de 150\u00b0 pour une vision de pr\u00e8s optimale en marche arri\u00e8re et d&rsquo;un objectif avec un angle de vue [&hellip;]\" \/>\n<meta property=\"og:url\" content=\"https:\/\/shop.bantam.ch\/fr\/produit\/camera-de-recul-perfectview-cam35-2-0-noire\/\" \/>\n<meta property=\"og:site_name\" content=\"Bantam Wankm\u00fcller SA\" \/>\n<meta property=\"article:modified_time\" content=\"2026-04-18T21:34:57+00:00\" \/>\n<meta name=\"twitter:card\" content=\"summary_large_image\" \/>\n<meta name=\"twitter:label1\" content=\"Dur\u00e9e de lecture estim\u00e9e\" \/>\n\t<meta name=\"twitter:data1\" content=\"1 minute\" \/>\n<script type=\"application\/ld+json\" class=\"yoast-schema-graph\">{\"@context\":\"https:\\\/\\\/schema.org\",\"@graph\":[{\"@type\":\"WebPage\",\"@id\":\"https:\\\/\\\/shop.bantam.ch\\\/fr\\\/produit\\\/camera-de-recul-perfectview-cam35-2-0-noire\\\/\",\"url\":\"https:\\\/\\\/shop.bantam.ch\\\/fr\\\/produit\\\/camera-de-recul-perfectview-cam35-2-0-noire\\\/\",\"name\":\"Cam\u00e9ra de recul PerfectView CAM35 2.0 noire - Bantam Wankm\u00fcller SA\",\"isPartOf\":{\"@id\":\"https:\\\/\\\/shop.bantam.ch\\\/fr\\\/#website\"},\"primaryImageOfPage\":{\"@id\":\"https:\\\/\\\/shop.bantam.ch\\\/fr\\\/produit\\\/camera-de-recul-perfectview-cam35-2-0-noire\\\/#primaryimage\"},\"image\":{\"@id\":\"https:\\\/\\\/shop.bantam.ch\\\/fr\\\/produit\\\/camera-de-recul-perfectview-cam35-2-0-noire\\\/#primaryimage\"},\"thumbnailUrl\":\"https:\\\/\\\/shop.bantam.ch\\\/wp-content\\\/uploads\\\/2025\\\/03\\\/Movera-L-9975805100.png\",\"datePublished\":\"2025-03-14T16:04:58+00:00\",\"dateModified\":\"2026-04-18T21:34:57+00:00\",\"breadcrumb\":{\"@id\":\"https:\\\/\\\/shop.bantam.ch\\\/fr\\\/produit\\\/camera-de-recul-perfectview-cam35-2-0-noire\\\/#breadcrumb\"},\"inLanguage\":\"fr-FR\",\"potentialAction\":[{\"@type\":\"ReadAction\",\"target\":[\"https:\\\/\\\/shop.bantam.ch\\\/fr\\\/produit\\\/camera-de-recul-perfectview-cam35-2-0-noire\\\/\"]}]},{\"@type\":\"ImageObject\",\"inLanguage\":\"fr-FR\",\"@id\":\"https:\\\/\\\/shop.bantam.ch\\\/fr\\\/produit\\\/camera-de-recul-perfectview-cam35-2-0-noire\\\/#primaryimage\",\"url\":\"https:\\\/\\\/shop.bantam.ch\\\/wp-content\\\/uploads\\\/2025\\\/03\\\/Movera-L-9975805100.png\",\"contentUrl\":\"https:\\\/\\\/shop.bantam.ch\\\/wp-content\\\/uploads\\\/2025\\\/03\\\/Movera-L-9975805100.png\",\"width\":640,\"height\":640},{\"@type\":\"BreadcrumbList\",\"@id\":\"https:\\\/\\\/shop.bantam.ch\\\/fr\\\/produit\\\/camera-de-recul-perfectview-cam35-2-0-noire\\\/#breadcrumb\",\"itemListElement\":[{\"@type\":\"ListItem\",\"position\":1,\"name\":\"Accueil\",\"item\":\"https:\\\/\\\/shop.bantam.ch\\\/fr\\\/\"},{\"@type\":\"ListItem\",\"position\":2,\"name\":\"Boutique\",\"item\":\"https:\\\/\\\/shop.bantam.ch\\\/fr\\\/boutique\\\/\"},{\"@type\":\"ListItem\",\"position\":3,\"name\":\"Cam\u00e9ra de recul PerfectView CAM35 2.0 noire\"}]},{\"@type\":\"WebSite\",\"@id\":\"https:\\\/\\\/shop.bantam.ch\\\/fr\\\/#website\",\"url\":\"https:\\\/\\\/shop.bantam.ch\\\/fr\\\/\",\"name\":\"Bantam Wankm\u00fcller SA\",\"description\":\"\",\"publisher\":{\"@id\":\"https:\\\/\\\/shop.bantam.ch\\\/fr\\\/#organization\"},\"inLanguage\":\"fr-FR\"},{\"@type\":\"Organization\",\"@id\":\"https:\\\/\\\/shop.bantam.ch\\\/fr\\\/#organization\",\"name\":\"Bantam Wankm\u00fcller SA\",\"url\":\"https:\\\/\\\/shop.bantam.ch\\\/fr\\\/\",\"logo\":{\"@type\":\"ImageObject\",\"inLanguage\":\"fr-FR\",\"@id\":\"https:\\\/\\\/shop.bantam.ch\\\/fr\\\/#\\\/schema\\\/logo\\\/image\\\/\",\"url\":\"https:\\\/\\\/shop.bantam.ch\\\/wp-content\\\/uploads\\\/2022\\\/12\\\/bantam-logo.png\",\"contentUrl\":\"https:\\\/\\\/shop.bantam.ch\\\/wp-content\\\/uploads\\\/2022\\\/12\\\/bantam-logo.png\",\"width\":320,\"height\":71,\"caption\":\"Bantam Wankm\u00fcller SA\"},\"image\":{\"@id\":\"https:\\\/\\\/shop.bantam.ch\\\/fr\\\/#\\\/schema\\\/logo\\\/image\\\/\"}}]}<\/script>\n<!-- \/ Yoast SEO plugin. -->","yoast_head_json":{"title":"Cam\u00e9ra de recul PerfectView CAM35 2.0 noire - Bantam Wankm\u00fcller SA","robots":{"index":"index","follow":"follow","max-snippet":"max-snippet:-1","max-image-preview":"max-image-preview:large","max-video-preview":"max-video-preview:-1"},"canonical":"https:\/\/shop.bantam.ch\/fr\/produit\/camera-de-recul-perfectview-cam35-2-0-noire\/","og_locale":"fr_FR","og_type":"article","og_title":"Cam\u00e9ra de recul PerfectView CAM35 2.0 noire - Bantam Wankm\u00fcller SA","og_description":"La PerfectView CAM35 2.0 TWIN est une cam\u00e9ra ultramoderne sp\u00e9cialement con\u00e7ue pour le FIAT Ducato X250 et X290. Un montage s\u00fbr sans per\u00e7age est garanti. La console compacte pour feux stop dispose d&rsquo;un objectif grand angle de 150\u00b0 pour une vision de pr\u00e8s optimale en marche arri\u00e8re et d&rsquo;un objectif avec un angle de vue [&hellip;]","og_url":"https:\/\/shop.bantam.ch\/fr\/produit\/camera-de-recul-perfectview-cam35-2-0-noire\/","og_site_name":"Bantam Wankm\u00fcller SA","article_modified_time":"2026-04-18T21:34:57+00:00","twitter_card":"summary_large_image","twitter_misc":{"Dur\u00e9e de lecture estim\u00e9e":"1 minute"},"schema":{"@context":"https:\/\/schema.org","@graph":[{"@type":"WebPage","@id":"https:\/\/shop.bantam.ch\/fr\/produit\/camera-de-recul-perfectview-cam35-2-0-noire\/","url":"https:\/\/shop.bantam.ch\/fr\/produit\/camera-de-recul-perfectview-cam35-2-0-noire\/","name":"Cam\u00e9ra de recul PerfectView CAM35 2.0 noire - Bantam Wankm\u00fcller SA","isPartOf":{"@id":"https:\/\/shop.bantam.ch\/fr\/#website"},"primaryImageOfPage":{"@id":"https:\/\/shop.bantam.ch\/fr\/produit\/camera-de-recul-perfectview-cam35-2-0-noire\/#primaryimage"},"image":{"@id":"https:\/\/shop.bantam.ch\/fr\/produit\/camera-de-recul-perfectview-cam35-2-0-noire\/#primaryimage"},"thumbnailUrl":"https:\/\/shop.bantam.ch\/wp-content\/uploads\/2025\/03\/Movera-L-9975805100.png","datePublished":"2025-03-14T16:04:58+00:00","dateModified":"2026-04-18T21:34:57+00:00","breadcrumb":{"@id":"https:\/\/shop.bantam.ch\/fr\/produit\/camera-de-recul-perfectview-cam35-2-0-noire\/#breadcrumb"},"inLanguage":"fr-FR","potentialAction":[{"@type":"ReadAction","target":["https:\/\/shop.bantam.ch\/fr\/produit\/camera-de-recul-perfectview-cam35-2-0-noire\/"]}]},{"@type":"ImageObject","inLanguage":"fr-FR","@id":"https:\/\/shop.bantam.ch\/fr\/produit\/camera-de-recul-perfectview-cam35-2-0-noire\/#primaryimage","url":"https:\/\/shop.bantam.ch\/wp-content\/uploads\/2025\/03\/Movera-L-9975805100.png","contentUrl":"https:\/\/shop.bantam.ch\/wp-content\/uploads\/2025\/03\/Movera-L-9975805100.png","width":640,"height":640},{"@type":"BreadcrumbList","@id":"https:\/\/shop.bantam.ch\/fr\/produit\/camera-de-recul-perfectview-cam35-2-0-noire\/#breadcrumb","itemListElement":[{"@type":"ListItem","position":1,"name":"Accueil","item":"https:\/\/shop.bantam.ch\/fr\/"},{"@type":"ListItem","position":2,"name":"Boutique","item":"https:\/\/shop.bantam.ch\/fr\/boutique\/"},{"@type":"ListItem","position":3,"name":"Cam\u00e9ra de recul PerfectView CAM35 2.0 noire"}]},{"@type":"WebSite","@id":"https:\/\/shop.bantam.ch\/fr\/#website","url":"https:\/\/shop.bantam.ch\/fr\/","name":"Bantam Wankm\u00fcller SA","description":"","publisher":{"@id":"https:\/\/shop.bantam.ch\/fr\/#organization"},"inLanguage":"fr-FR"},{"@type":"Organization","@id":"https:\/\/shop.bantam.ch\/fr\/#organization","name":"Bantam Wankm\u00fcller SA","url":"https:\/\/shop.bantam.ch\/fr\/","logo":{"@type":"ImageObject","inLanguage":"fr-FR","@id":"https:\/\/shop.bantam.ch\/fr\/#\/schema\/logo\/image\/","url":"https:\/\/shop.bantam.ch\/wp-content\/uploads\/2022\/12\/bantam-logo.png","contentUrl":"https:\/\/shop.bantam.ch\/wp-content\/uploads\/2022\/12\/bantam-logo.png","width":320,"height":71,"caption":"Bantam Wankm\u00fcller SA"},"image":{"@id":"https:\/\/shop.bantam.ch\/fr\/#\/schema\/logo\/image\/"}}]}},"_links":{"self":[{"href":"https:\/\/shop.bantam.ch\/fr\/wp-json\/wp\/v2\/product\/216762","targetHints":{"allow":["GET"]}}],"collection":[{"href":"https:\/\/shop.bantam.ch\/fr\/wp-json\/wp\/v2\/product"}],"about":[{"href":"https:\/\/shop.bantam.ch\/fr\/wp-json\/wp\/v2\/types\/product"}],"wp:featuredmedia":[{"embeddable":true,"href":"https:\/\/shop.bantam.ch\/fr\/wp-json\/wp\/v2\/media\/216760"}],"wp:attachment":[{"href":"https:\/\/shop.bantam.ch\/fr\/wp-json\/wp\/v2\/media?parent=216762"}],"wp:term":[{"taxonomy":"product_featured_cat","embeddable":true,"href":"https:\/\/shop.bantam.ch\/fr\/wp-json\/wp\/v2\/product_featured_cat?post=216762"},{"taxonomy":"product_brand","embeddable":true,"href":"https:\/\/shop.bantam.ch\/fr\/wp-json\/wp\/v2\/product_brand?post=216762"},{"taxonomy":"product_cat","embeddable":true,"href":"https:\/\/shop.bantam.ch\/fr\/wp-json\/wp\/v2\/product_cat?post=216762"},{"taxonomy":"product_tag","embeddable":true,"href":"https:\/\/shop.bantam.ch\/fr\/wp-json\/wp\/v2\/product_tag?post=216762"}],"curies":[{"name":"wp","href":"https:\/\/api.w.org\/{rel}","templated":true}]}}