{"id":216698,"date":"2025-03-14T17:03:30","date_gmt":"2025-03-14T16:03:30","guid":{"rendered":"https:\/\/shop.bantam.ch\/produit\/systeme-satellite-as4-60-skew-gps-ultrawhite\/"},"modified":"2026-04-19T02:09:27","modified_gmt":"2026-04-19T00:09:27","slug":"systeme-satellite-as4-60-skew-gps-ultrawhite","status":"publish","type":"product","link":"https:\/\/shop.bantam.ch\/fr\/produit\/systeme-satellite-as4-60-skew-gps-ultrawhite\/","title":{"rendered":"Syst\u00e8me satellite AS4@ 60 SKEW \/ GPS Ultrawhite"},"content":{"rendered":"<p>AS4@ SKEW avec garantie \u00e0 vie. La r\u00e9f\u00e9rence en mati\u00e8re de fiabilit\u00e9. L&rsquo;AS4 offre une garantie \u00e0 vie et est synonyme de qualit\u00e9 haut de gamme. Elle est consid\u00e9r\u00e9e comme l&rsquo;antenne la plus rapide, la plus silencieuse et la moins gourmande en \u00e9nergie. La principale diff\u00e9rence avec l&rsquo;AS2 r\u00e9side dans la vitesse de rotation. L&rsquo;AS4 HD est \u00e9quip\u00e9e de s\u00e9rie du syst\u00e8me ALDEN SKEWmatic, qui optimise la r\u00e9ception sur les bords des zones de couverture gr\u00e2ce \u00e0 AutoSKEW et au GPS. Ces syst\u00e8mes satellites enti\u00e8rement automatis\u00e9s disposent d&rsquo;unit\u00e9s de rotation tr\u00e8s rapides et maximisent la port\u00e9e pour une r\u00e9ception parfaite. L&rsquo;AS4 est livr\u00e9 avec une antenne WiFi 5G\/4G s\u00e9par\u00e9e et compl\u00e8te, qui prend en charge la norme 5G compl\u00e8te.Tailles 60 et 80, en couleur \u00ab blanc \u00bb.<\/p>\n<ul>\n<li>Garantie \u00e0 vie<\/li>\n<li>Qualit\u00e9 haut de gamme<\/li>\n<li>Alignement remarquablement rapide<\/li>\n<\/ul>\n","protected":false},"excerpt":{"rendered":"<p>AS4@ SKEW avec garantie \u00e0 vie. La r\u00e9f\u00e9rence en mati\u00e8re de fiabilit\u00e9. L&rsquo;AS4 offre une garantie \u00e0 vie et est synonyme de qualit\u00e9 haut de gamme. Elle est consid\u00e9r\u00e9e comme l&rsquo;antenne la plus rapide, la plus silencieuse et la moins gourmande en \u00e9nergie. La principale diff\u00e9rence avec l&rsquo;AS2 r\u00e9side dans la vitesse de rotation. L&rsquo;AS4 [&hellip;]<\/p>\n","protected":false},"featured_media":216694,"template":"","meta":{"_acf_changed":false},"product_featured_cat":[],"product_brand":[],"product_cat":[4529],"product_tag":[],"class_list":{"0":"post-216698","1":"product","2":"type-product","3":"status-publish","4":"has-post-thumbnail","6":"product_cat-systemes-complets-de-satellites-et-televiseurs","8":"first","9":"instock","10":"taxable","11":"shipping-taxable","12":"purchasable","13":"product-type-variable"},"acf":[],"yoast_head":"<!-- This site is optimized with the Yoast SEO plugin v27.4 - https:\/\/yoast.com\/product\/yoast-seo-wordpress\/ -->\n<title>Syst\u00e8me satellite AS4@ 60 SKEW \/ GPS Ultrawhite - Bantam Wankm\u00fcller SA<\/title>\n<meta name=\"robots\" content=\"index, follow, max-snippet:-1, max-image-preview:large, max-video-preview:-1\" \/>\n<link rel=\"canonical\" href=\"https:\/\/shop.bantam.ch\/fr\/produit\/systeme-satellite-as4-60-skew-gps-ultrawhite\/\" \/>\n<meta property=\"og:locale\" content=\"fr_FR\" \/>\n<meta property=\"og:type\" content=\"article\" \/>\n<meta property=\"og:title\" content=\"Syst\u00e8me satellite AS4@ 60 SKEW \/ GPS Ultrawhite - Bantam Wankm\u00fcller SA\" \/>\n<meta property=\"og:description\" content=\"AS4@ SKEW avec garantie \u00e0 vie. La r\u00e9f\u00e9rence en mati\u00e8re de fiabilit\u00e9. L&rsquo;AS4 offre une garantie \u00e0 vie et est synonyme de qualit\u00e9 haut de gamme. Elle est consid\u00e9r\u00e9e comme l&rsquo;antenne la plus rapide, la plus silencieuse et la moins gourmande en \u00e9nergie. La principale diff\u00e9rence avec l&rsquo;AS2 r\u00e9side dans la vitesse de rotation. L&rsquo;AS4 [&hellip;]\" \/>\n<meta property=\"og:url\" content=\"https:\/\/shop.bantam.ch\/fr\/produit\/systeme-satellite-as4-60-skew-gps-ultrawhite\/\" \/>\n<meta property=\"og:site_name\" content=\"Bantam Wankm\u00fcller SA\" \/>\n<meta property=\"article:modified_time\" content=\"2026-04-19T00:09:27+00:00\" \/>\n<meta name=\"twitter:card\" content=\"summary_large_image\" \/>\n<meta name=\"twitter:label1\" content=\"Dur\u00e9e de lecture estim\u00e9e\" \/>\n\t<meta name=\"twitter:data1\" content=\"1 minute\" \/>\n<script type=\"application\/ld+json\" class=\"yoast-schema-graph\">{\"@context\":\"https:\\\/\\\/schema.org\",\"@graph\":[{\"@type\":\"WebPage\",\"@id\":\"https:\\\/\\\/shop.bantam.ch\\\/fr\\\/produit\\\/systeme-satellite-as4-60-skew-gps-ultrawhite\\\/\",\"url\":\"https:\\\/\\\/shop.bantam.ch\\\/fr\\\/produit\\\/systeme-satellite-as4-60-skew-gps-ultrawhite\\\/\",\"name\":\"Syst\u00e8me satellite AS4@ 60 SKEW \\\/ GPS Ultrawhite - Bantam Wankm\u00fcller SA\",\"isPartOf\":{\"@id\":\"https:\\\/\\\/shop.bantam.ch\\\/fr\\\/#website\"},\"primaryImageOfPage\":{\"@id\":\"https:\\\/\\\/shop.bantam.ch\\\/fr\\\/produit\\\/systeme-satellite-as4-60-skew-gps-ultrawhite\\\/#primaryimage\"},\"image\":{\"@id\":\"https:\\\/\\\/shop.bantam.ch\\\/fr\\\/produit\\\/systeme-satellite-as4-60-skew-gps-ultrawhite\\\/#primaryimage\"},\"thumbnailUrl\":\"https:\\\/\\\/shop.bantam.ch\\\/wp-content\\\/uploads\\\/2025\\\/03\\\/Movera-L-0107177100.png\",\"datePublished\":\"2025-03-14T16:03:30+00:00\",\"dateModified\":\"2026-04-19T00:09:27+00:00\",\"breadcrumb\":{\"@id\":\"https:\\\/\\\/shop.bantam.ch\\\/fr\\\/produit\\\/systeme-satellite-as4-60-skew-gps-ultrawhite\\\/#breadcrumb\"},\"inLanguage\":\"fr-FR\",\"potentialAction\":[{\"@type\":\"ReadAction\",\"target\":[\"https:\\\/\\\/shop.bantam.ch\\\/fr\\\/produit\\\/systeme-satellite-as4-60-skew-gps-ultrawhite\\\/\"]}]},{\"@type\":\"ImageObject\",\"inLanguage\":\"fr-FR\",\"@id\":\"https:\\\/\\\/shop.bantam.ch\\\/fr\\\/produit\\\/systeme-satellite-as4-60-skew-gps-ultrawhite\\\/#primaryimage\",\"url\":\"https:\\\/\\\/shop.bantam.ch\\\/wp-content\\\/uploads\\\/2025\\\/03\\\/Movera-L-0107177100.png\",\"contentUrl\":\"https:\\\/\\\/shop.bantam.ch\\\/wp-content\\\/uploads\\\/2025\\\/03\\\/Movera-L-0107177100.png\",\"width\":640,\"height\":640},{\"@type\":\"BreadcrumbList\",\"@id\":\"https:\\\/\\\/shop.bantam.ch\\\/fr\\\/produit\\\/systeme-satellite-as4-60-skew-gps-ultrawhite\\\/#breadcrumb\",\"itemListElement\":[{\"@type\":\"ListItem\",\"position\":1,\"name\":\"Accueil\",\"item\":\"https:\\\/\\\/shop.bantam.ch\\\/fr\\\/\"},{\"@type\":\"ListItem\",\"position\":2,\"name\":\"Boutique\",\"item\":\"https:\\\/\\\/shop.bantam.ch\\\/fr\\\/boutique\\\/\"},{\"@type\":\"ListItem\",\"position\":3,\"name\":\"Syst\u00e8me satellite AS4@ 60 SKEW \\\/ GPS Ultrawhite\"}]},{\"@type\":\"WebSite\",\"@id\":\"https:\\\/\\\/shop.bantam.ch\\\/fr\\\/#website\",\"url\":\"https:\\\/\\\/shop.bantam.ch\\\/fr\\\/\",\"name\":\"Bantam Wankm\u00fcller SA\",\"description\":\"\",\"publisher\":{\"@id\":\"https:\\\/\\\/shop.bantam.ch\\\/fr\\\/#organization\"},\"inLanguage\":\"fr-FR\"},{\"@type\":\"Organization\",\"@id\":\"https:\\\/\\\/shop.bantam.ch\\\/fr\\\/#organization\",\"name\":\"Bantam Wankm\u00fcller SA\",\"url\":\"https:\\\/\\\/shop.bantam.ch\\\/fr\\\/\",\"logo\":{\"@type\":\"ImageObject\",\"inLanguage\":\"fr-FR\",\"@id\":\"https:\\\/\\\/shop.bantam.ch\\\/fr\\\/#\\\/schema\\\/logo\\\/image\\\/\",\"url\":\"https:\\\/\\\/shop.bantam.ch\\\/wp-content\\\/uploads\\\/2022\\\/12\\\/bantam-logo.png\",\"contentUrl\":\"https:\\\/\\\/shop.bantam.ch\\\/wp-content\\\/uploads\\\/2022\\\/12\\\/bantam-logo.png\",\"width\":320,\"height\":71,\"caption\":\"Bantam Wankm\u00fcller SA\"},\"image\":{\"@id\":\"https:\\\/\\\/shop.bantam.ch\\\/fr\\\/#\\\/schema\\\/logo\\\/image\\\/\"}}]}<\/script>\n<!-- \/ Yoast SEO plugin. -->","yoast_head_json":{"title":"Syst\u00e8me satellite AS4@ 60 SKEW \/ GPS Ultrawhite - Bantam Wankm\u00fcller SA","robots":{"index":"index","follow":"follow","max-snippet":"max-snippet:-1","max-image-preview":"max-image-preview:large","max-video-preview":"max-video-preview:-1"},"canonical":"https:\/\/shop.bantam.ch\/fr\/produit\/systeme-satellite-as4-60-skew-gps-ultrawhite\/","og_locale":"fr_FR","og_type":"article","og_title":"Syst\u00e8me satellite AS4@ 60 SKEW \/ GPS Ultrawhite - Bantam Wankm\u00fcller SA","og_description":"AS4@ SKEW avec garantie \u00e0 vie. La r\u00e9f\u00e9rence en mati\u00e8re de fiabilit\u00e9. L&rsquo;AS4 offre une garantie \u00e0 vie et est synonyme de qualit\u00e9 haut de gamme. Elle est consid\u00e9r\u00e9e comme l&rsquo;antenne la plus rapide, la plus silencieuse et la moins gourmande en \u00e9nergie. La principale diff\u00e9rence avec l&rsquo;AS2 r\u00e9side dans la vitesse de rotation. L&rsquo;AS4 [&hellip;]","og_url":"https:\/\/shop.bantam.ch\/fr\/produit\/systeme-satellite-as4-60-skew-gps-ultrawhite\/","og_site_name":"Bantam Wankm\u00fcller SA","article_modified_time":"2026-04-19T00:09:27+00:00","twitter_card":"summary_large_image","twitter_misc":{"Dur\u00e9e de lecture estim\u00e9e":"1 minute"},"schema":{"@context":"https:\/\/schema.org","@graph":[{"@type":"WebPage","@id":"https:\/\/shop.bantam.ch\/fr\/produit\/systeme-satellite-as4-60-skew-gps-ultrawhite\/","url":"https:\/\/shop.bantam.ch\/fr\/produit\/systeme-satellite-as4-60-skew-gps-ultrawhite\/","name":"Syst\u00e8me satellite AS4@ 60 SKEW \/ GPS Ultrawhite - Bantam Wankm\u00fcller SA","isPartOf":{"@id":"https:\/\/shop.bantam.ch\/fr\/#website"},"primaryImageOfPage":{"@id":"https:\/\/shop.bantam.ch\/fr\/produit\/systeme-satellite-as4-60-skew-gps-ultrawhite\/#primaryimage"},"image":{"@id":"https:\/\/shop.bantam.ch\/fr\/produit\/systeme-satellite-as4-60-skew-gps-ultrawhite\/#primaryimage"},"thumbnailUrl":"https:\/\/shop.bantam.ch\/wp-content\/uploads\/2025\/03\/Movera-L-0107177100.png","datePublished":"2025-03-14T16:03:30+00:00","dateModified":"2026-04-19T00:09:27+00:00","breadcrumb":{"@id":"https:\/\/shop.bantam.ch\/fr\/produit\/systeme-satellite-as4-60-skew-gps-ultrawhite\/#breadcrumb"},"inLanguage":"fr-FR","potentialAction":[{"@type":"ReadAction","target":["https:\/\/shop.bantam.ch\/fr\/produit\/systeme-satellite-as4-60-skew-gps-ultrawhite\/"]}]},{"@type":"ImageObject","inLanguage":"fr-FR","@id":"https:\/\/shop.bantam.ch\/fr\/produit\/systeme-satellite-as4-60-skew-gps-ultrawhite\/#primaryimage","url":"https:\/\/shop.bantam.ch\/wp-content\/uploads\/2025\/03\/Movera-L-0107177100.png","contentUrl":"https:\/\/shop.bantam.ch\/wp-content\/uploads\/2025\/03\/Movera-L-0107177100.png","width":640,"height":640},{"@type":"BreadcrumbList","@id":"https:\/\/shop.bantam.ch\/fr\/produit\/systeme-satellite-as4-60-skew-gps-ultrawhite\/#breadcrumb","itemListElement":[{"@type":"ListItem","position":1,"name":"Accueil","item":"https:\/\/shop.bantam.ch\/fr\/"},{"@type":"ListItem","position":2,"name":"Boutique","item":"https:\/\/shop.bantam.ch\/fr\/boutique\/"},{"@type":"ListItem","position":3,"name":"Syst\u00e8me satellite AS4@ 60 SKEW \/ GPS Ultrawhite"}]},{"@type":"WebSite","@id":"https:\/\/shop.bantam.ch\/fr\/#website","url":"https:\/\/shop.bantam.ch\/fr\/","name":"Bantam Wankm\u00fcller SA","description":"","publisher":{"@id":"https:\/\/shop.bantam.ch\/fr\/#organization"},"inLanguage":"fr-FR"},{"@type":"Organization","@id":"https:\/\/shop.bantam.ch\/fr\/#organization","name":"Bantam Wankm\u00fcller SA","url":"https:\/\/shop.bantam.ch\/fr\/","logo":{"@type":"ImageObject","inLanguage":"fr-FR","@id":"https:\/\/shop.bantam.ch\/fr\/#\/schema\/logo\/image\/","url":"https:\/\/shop.bantam.ch\/wp-content\/uploads\/2022\/12\/bantam-logo.png","contentUrl":"https:\/\/shop.bantam.ch\/wp-content\/uploads\/2022\/12\/bantam-logo.png","width":320,"height":71,"caption":"Bantam Wankm\u00fcller SA"},"image":{"@id":"https:\/\/shop.bantam.ch\/fr\/#\/schema\/logo\/image\/"}}]}},"_links":{"self":[{"href":"https:\/\/shop.bantam.ch\/fr\/wp-json\/wp\/v2\/product\/216698","targetHints":{"allow":["GET"]}}],"collection":[{"href":"https:\/\/shop.bantam.ch\/fr\/wp-json\/wp\/v2\/product"}],"about":[{"href":"https:\/\/shop.bantam.ch\/fr\/wp-json\/wp\/v2\/types\/product"}],"wp:featuredmedia":[{"embeddable":true,"href":"https:\/\/shop.bantam.ch\/fr\/wp-json\/wp\/v2\/media\/216694"}],"wp:attachment":[{"href":"https:\/\/shop.bantam.ch\/fr\/wp-json\/wp\/v2\/media?parent=216698"}],"wp:term":[{"taxonomy":"product_featured_cat","embeddable":true,"href":"https:\/\/shop.bantam.ch\/fr\/wp-json\/wp\/v2\/product_featured_cat?post=216698"},{"taxonomy":"product_brand","embeddable":true,"href":"https:\/\/shop.bantam.ch\/fr\/wp-json\/wp\/v2\/product_brand?post=216698"},{"taxonomy":"product_cat","embeddable":true,"href":"https:\/\/shop.bantam.ch\/fr\/wp-json\/wp\/v2\/product_cat?post=216698"},{"taxonomy":"product_tag","embeddable":true,"href":"https:\/\/shop.bantam.ch\/fr\/wp-json\/wp\/v2\/product_tag?post=216698"}],"curies":[{"name":"wp","href":"https:\/\/api.w.org\/{rel}","templated":true}]}}