{"id":216580,"date":"2025-03-14T17:00:38","date_gmt":"2025-03-14T16:00:38","guid":{"rendered":"https:\/\/shop.bantam.ch\/produit\/amplificateur-4-canaux-pa-4-2-x-45-w-2-x-80-w\/"},"modified":"2026-04-18T23:34:37","modified_gmt":"2026-04-18T21:34:37","slug":"amplificateur-4-canaux-pa-4-2-x-45-w-2-x-80-w","status":"publish","type":"product","link":"https:\/\/shop.bantam.ch\/fr\/produit\/amplificateur-4-canaux-pa-4-2-x-45-w-2-x-80-w\/","title":{"rendered":"Amplificateur 4 canaux PA 4 2 x 45 W + 2 x 80 W"},"content":{"rendered":"<p>Ultra-compacts, flexibles et puissants &#8211; les nouveaux amplificateurs PA sont les successeurs de la s\u00e9rie d&rsquo;amplificateurs MICRO d&rsquo;ETON, plusieurs fois prim\u00e9e. Le mod\u00e8le PA 4 \u00e0 4 canaux est un d\u00e9veloppement enti\u00e8rement nouveau et se concentre sur une performance optimale avec une taille tr\u00e8s r\u00e9duite pour la meilleure int\u00e9gration possible. Petit, plus petit, PA &#8211; avec des dimensions minimales de 128 x 100 x 45 mm, le 4 canaux peut \u00eatre int\u00e9gr\u00e9 de mani\u00e8re flexible dans chaque v\u00e9hicule. Des circuits imprim\u00e9s multicouches, des composants \u00e9lectroniques de haute qualit\u00e9 et une finition de premi\u00e8re classe constituent la base de la technologie d&rsquo;amplification avanc\u00e9e de classe D utilis\u00e9e, qui pr\u00e9sente un rendement \u00e9lev\u00e9 et assure un son de pointe \u00e0 tous les niveaux &#8211; avec une r\u00e9solution fine, sans distorsion, avec une distorsion harmonique sensationnellement faible et un contr\u00f4le total.<br \/>\nLe PA 4 offre une \u00e9lectronique de pointe dans un bo\u00eetier monobloc en aluminium moul\u00e9 sous pression avec une finition anodis\u00e9e mate en bronze. La plaque sup\u00e9rieure avec le logo ETON est amovible. Sous la plaque sup\u00e9rieure se cachent de nombreuses possibilit\u00e9s de r\u00e9glage : filtres passe-haut et passe-bas de 12 dB\/oct, r\u00e9glage de la tension d&rsquo;entr\u00e9e de haut niveau et de la r\u00e9sistance d&rsquo;entr\u00e9e de haut niveau (EPS Load) ainsi que du gain. Le PA 4 impressionne par de nombreuses autres subtilit\u00e9s de conception, par exemple l&rsquo;outil de r\u00e9glage int\u00e9gr\u00e9 dans le dissipateur thermique pour les fonctions de filtrage et le gain. Des connecteurs amovibles pour le courant et le signal audio et des pieds de montage variables compl\u00e8tent l&rsquo;\u00e9quipement. Les amplificateurs de puissance PA sont empilables.<\/p>\n<p>Caract\u00e9ristiques principales :<\/p>\n<ul>\n<li>Nouvelle technologie d&rsquo;amplification avanc\u00e9e de classe D<\/li>\n<li>Bo\u00eetier en aluminium moul\u00e9 sous pression de tr\u00e8s haute qualit\u00e9, nouvellement con\u00e7u, en finition Gunmetal Grey matt avec plaque sup\u00e9rieure amovible en aluminium frais\u00e9<\/li>\n<li>Filtres passe-haut 12 dB\/oct. et passe-bas 12 dB\/oct. r\u00e9glables<\/li>\n<li>Fonction Auto-Sense On (SIG \/ DC )<\/li>\n<li>Capable de start-stop<\/li>\n<li>Gain r\u00e9glable 6 V &#8211; 0,45 V<\/li>\n<li>R\u00e9sistance d&rsquo;entr\u00e9e de haut niveau r\u00e9glable (EPS Load) par paire de canaux : 10 \/ 150 \/ 600 ohms<\/li>\n<li>Tension de signal d&rsquo;entr\u00e9e de haut niveau r\u00e9glable par paire de canaux : 1 &#8211; 15 V \/ 15 &#8211; 40 V<\/li>\n<li>4 entr\u00e9es de haut niveau, 4 entr\u00e9es de bas niveau (RCA)<\/li>\n<li>Fiches de raccordement amovibles pour le courant et le signal audio<\/li>\n<li>Pieds de montage variables pour une installation rapide et facile<\/li>\n<li>Amplificateurs empilables<\/li>\n<li>Outil de r\u00e9glage int\u00e9gr\u00e9<\/li>\n<\/ul>\n<p>Caract\u00e9ristiques techniques :<\/p>\n<ul>\n<li>Puissance sous 4 ohms : CH1\/2 : 2 x 45 watts \u00fa CH3\/4 : 2 x 80 watts<\/li>\n<li>Puissance sous 2 ohms : CH1\/2 : &#8211; \u00fa CH3\/4 : 2 x 140 Watt<\/li>\n<li>Puissance sous 4 ohms bridg\u00e9 : CH1\/2 : &#8211; \u00fa CH3\/4 : 1 x 280 watts<\/li>\n<li>Rapport signal\/bruit : 78 dB<\/li>\n<li>Facteur d&rsquo;att\u00e9nuation \u00e0 4 ohms : &gt;65<\/li>\n<li>THD+N : 0,01 % @ 5W 1 kHz<\/li>\n<li>Filtre actif passe-haut : CH1\/2 &amp; CH3\/4 : 50 Hz &#8211; 5 kHz<\/li>\n<li>Filtre actif passe-bas : CH1\/2 &amp; CH3\/4 : 50 Hz &#8211; 5 kHz<\/li>\n<li>Dimensions (L x l x H) : 128 x 100 x 45 mm<\/li>\n<\/ul>\n","protected":false},"excerpt":{"rendered":"<p>Ultra-compacts, flexibles et puissants &#8211; les nouveaux amplificateurs PA sont les successeurs de la s\u00e9rie d&rsquo;amplificateurs MICRO d&rsquo;ETON, plusieurs fois prim\u00e9e. Le mod\u00e8le PA 4 \u00e0 4 canaux est un d\u00e9veloppement enti\u00e8rement nouveau et se concentre sur une performance optimale avec une taille tr\u00e8s r\u00e9duite pour la meilleure int\u00e9gration possible. Petit, plus petit, PA &#8211; [&hellip;]<\/p>\n","protected":false},"featured_media":216578,"template":"","meta":{"_acf_changed":false},"product_featured_cat":[],"product_brand":[],"product_cat":[4503],"product_tag":[],"class_list":{"0":"post-216580","1":"product","2":"type-product","3":"status-publish","4":"has-post-thumbnail","6":"product_cat-accessoires-audio","8":"first","9":"instock","10":"taxable","11":"shipping-taxable","12":"purchasable","13":"product-type-simple"},"acf":[],"yoast_head":"<!-- This site is optimized with the Yoast SEO plugin v27.4 - https:\/\/yoast.com\/product\/yoast-seo-wordpress\/ -->\n<title>Amplificateur 4 canaux PA 4 2 x 45 W + 2 x 80 W - Bantam Wankm\u00fcller SA<\/title>\n<meta name=\"robots\" content=\"index, follow, max-snippet:-1, max-image-preview:large, max-video-preview:-1\" \/>\n<link rel=\"canonical\" href=\"https:\/\/shop.bantam.ch\/fr\/produit\/amplificateur-4-canaux-pa-4-2-x-45-w-2-x-80-w\/\" \/>\n<meta property=\"og:locale\" content=\"fr_FR\" \/>\n<meta property=\"og:type\" content=\"article\" \/>\n<meta property=\"og:title\" content=\"Amplificateur 4 canaux PA 4 2 x 45 W + 2 x 80 W - Bantam Wankm\u00fcller SA\" \/>\n<meta property=\"og:description\" content=\"Ultra-compacts, flexibles et puissants &#8211; les nouveaux amplificateurs PA sont les successeurs de la s\u00e9rie d&rsquo;amplificateurs MICRO d&rsquo;ETON, plusieurs fois prim\u00e9e. Le mod\u00e8le PA 4 \u00e0 4 canaux est un d\u00e9veloppement enti\u00e8rement nouveau et se concentre sur une performance optimale avec une taille tr\u00e8s r\u00e9duite pour la meilleure int\u00e9gration possible. Petit, plus petit, PA &#8211; [&hellip;]\" \/>\n<meta property=\"og:url\" content=\"https:\/\/shop.bantam.ch\/fr\/produit\/amplificateur-4-canaux-pa-4-2-x-45-w-2-x-80-w\/\" \/>\n<meta property=\"og:site_name\" content=\"Bantam Wankm\u00fcller SA\" \/>\n<meta property=\"article:modified_time\" content=\"2026-04-18T21:34:37+00:00\" \/>\n<meta name=\"twitter:card\" content=\"summary_large_image\" \/>\n<meta name=\"twitter:label1\" content=\"Dur\u00e9e de lecture estim\u00e9e\" \/>\n\t<meta name=\"twitter:data1\" content=\"2 minutes\" \/>\n<script type=\"application\/ld+json\" class=\"yoast-schema-graph\">{\"@context\":\"https:\\\/\\\/schema.org\",\"@graph\":[{\"@type\":\"WebPage\",\"@id\":\"https:\\\/\\\/shop.bantam.ch\\\/fr\\\/produit\\\/amplificateur-4-canaux-pa-4-2-x-45-w-2-x-80-w\\\/\",\"url\":\"https:\\\/\\\/shop.bantam.ch\\\/fr\\\/produit\\\/amplificateur-4-canaux-pa-4-2-x-45-w-2-x-80-w\\\/\",\"name\":\"Amplificateur 4 canaux PA 4 2 x 45 W + 2 x 80 W - Bantam Wankm\u00fcller SA\",\"isPartOf\":{\"@id\":\"https:\\\/\\\/shop.bantam.ch\\\/fr\\\/#website\"},\"primaryImageOfPage\":{\"@id\":\"https:\\\/\\\/shop.bantam.ch\\\/fr\\\/produit\\\/amplificateur-4-canaux-pa-4-2-x-45-w-2-x-80-w\\\/#primaryimage\"},\"image\":{\"@id\":\"https:\\\/\\\/shop.bantam.ch\\\/fr\\\/produit\\\/amplificateur-4-canaux-pa-4-2-x-45-w-2-x-80-w\\\/#primaryimage\"},\"thumbnailUrl\":\"https:\\\/\\\/shop.bantam.ch\\\/wp-content\\\/uploads\\\/2025\\\/03\\\/Movera-L-9975763100.png\",\"datePublished\":\"2025-03-14T16:00:38+00:00\",\"dateModified\":\"2026-04-18T21:34:37+00:00\",\"breadcrumb\":{\"@id\":\"https:\\\/\\\/shop.bantam.ch\\\/fr\\\/produit\\\/amplificateur-4-canaux-pa-4-2-x-45-w-2-x-80-w\\\/#breadcrumb\"},\"inLanguage\":\"fr-FR\",\"potentialAction\":[{\"@type\":\"ReadAction\",\"target\":[\"https:\\\/\\\/shop.bantam.ch\\\/fr\\\/produit\\\/amplificateur-4-canaux-pa-4-2-x-45-w-2-x-80-w\\\/\"]}]},{\"@type\":\"ImageObject\",\"inLanguage\":\"fr-FR\",\"@id\":\"https:\\\/\\\/shop.bantam.ch\\\/fr\\\/produit\\\/amplificateur-4-canaux-pa-4-2-x-45-w-2-x-80-w\\\/#primaryimage\",\"url\":\"https:\\\/\\\/shop.bantam.ch\\\/wp-content\\\/uploads\\\/2025\\\/03\\\/Movera-L-9975763100.png\",\"contentUrl\":\"https:\\\/\\\/shop.bantam.ch\\\/wp-content\\\/uploads\\\/2025\\\/03\\\/Movera-L-9975763100.png\",\"width\":640,\"height\":476},{\"@type\":\"BreadcrumbList\",\"@id\":\"https:\\\/\\\/shop.bantam.ch\\\/fr\\\/produit\\\/amplificateur-4-canaux-pa-4-2-x-45-w-2-x-80-w\\\/#breadcrumb\",\"itemListElement\":[{\"@type\":\"ListItem\",\"position\":1,\"name\":\"Accueil\",\"item\":\"https:\\\/\\\/shop.bantam.ch\\\/fr\\\/\"},{\"@type\":\"ListItem\",\"position\":2,\"name\":\"Boutique\",\"item\":\"https:\\\/\\\/shop.bantam.ch\\\/fr\\\/boutique\\\/\"},{\"@type\":\"ListItem\",\"position\":3,\"name\":\"Amplificateur 4 canaux PA 4 2 x 45 W + 2 x 80 W\"}]},{\"@type\":\"WebSite\",\"@id\":\"https:\\\/\\\/shop.bantam.ch\\\/fr\\\/#website\",\"url\":\"https:\\\/\\\/shop.bantam.ch\\\/fr\\\/\",\"name\":\"Bantam Wankm\u00fcller SA\",\"description\":\"\",\"publisher\":{\"@id\":\"https:\\\/\\\/shop.bantam.ch\\\/fr\\\/#organization\"},\"inLanguage\":\"fr-FR\"},{\"@type\":\"Organization\",\"@id\":\"https:\\\/\\\/shop.bantam.ch\\\/fr\\\/#organization\",\"name\":\"Bantam Wankm\u00fcller SA\",\"url\":\"https:\\\/\\\/shop.bantam.ch\\\/fr\\\/\",\"logo\":{\"@type\":\"ImageObject\",\"inLanguage\":\"fr-FR\",\"@id\":\"https:\\\/\\\/shop.bantam.ch\\\/fr\\\/#\\\/schema\\\/logo\\\/image\\\/\",\"url\":\"https:\\\/\\\/shop.bantam.ch\\\/wp-content\\\/uploads\\\/2022\\\/12\\\/bantam-logo.png\",\"contentUrl\":\"https:\\\/\\\/shop.bantam.ch\\\/wp-content\\\/uploads\\\/2022\\\/12\\\/bantam-logo.png\",\"width\":320,\"height\":71,\"caption\":\"Bantam Wankm\u00fcller SA\"},\"image\":{\"@id\":\"https:\\\/\\\/shop.bantam.ch\\\/fr\\\/#\\\/schema\\\/logo\\\/image\\\/\"}}]}<\/script>\n<!-- \/ Yoast SEO plugin. -->","yoast_head_json":{"title":"Amplificateur 4 canaux PA 4 2 x 45 W + 2 x 80 W - Bantam Wankm\u00fcller SA","robots":{"index":"index","follow":"follow","max-snippet":"max-snippet:-1","max-image-preview":"max-image-preview:large","max-video-preview":"max-video-preview:-1"},"canonical":"https:\/\/shop.bantam.ch\/fr\/produit\/amplificateur-4-canaux-pa-4-2-x-45-w-2-x-80-w\/","og_locale":"fr_FR","og_type":"article","og_title":"Amplificateur 4 canaux PA 4 2 x 45 W + 2 x 80 W - Bantam Wankm\u00fcller SA","og_description":"Ultra-compacts, flexibles et puissants &#8211; les nouveaux amplificateurs PA sont les successeurs de la s\u00e9rie d&rsquo;amplificateurs MICRO d&rsquo;ETON, plusieurs fois prim\u00e9e. Le mod\u00e8le PA 4 \u00e0 4 canaux est un d\u00e9veloppement enti\u00e8rement nouveau et se concentre sur une performance optimale avec une taille tr\u00e8s r\u00e9duite pour la meilleure int\u00e9gration possible. Petit, plus petit, PA &#8211; [&hellip;]","og_url":"https:\/\/shop.bantam.ch\/fr\/produit\/amplificateur-4-canaux-pa-4-2-x-45-w-2-x-80-w\/","og_site_name":"Bantam Wankm\u00fcller SA","article_modified_time":"2026-04-18T21:34:37+00:00","twitter_card":"summary_large_image","twitter_misc":{"Dur\u00e9e de lecture estim\u00e9e":"2 minutes"},"schema":{"@context":"https:\/\/schema.org","@graph":[{"@type":"WebPage","@id":"https:\/\/shop.bantam.ch\/fr\/produit\/amplificateur-4-canaux-pa-4-2-x-45-w-2-x-80-w\/","url":"https:\/\/shop.bantam.ch\/fr\/produit\/amplificateur-4-canaux-pa-4-2-x-45-w-2-x-80-w\/","name":"Amplificateur 4 canaux PA 4 2 x 45 W + 2 x 80 W - Bantam Wankm\u00fcller SA","isPartOf":{"@id":"https:\/\/shop.bantam.ch\/fr\/#website"},"primaryImageOfPage":{"@id":"https:\/\/shop.bantam.ch\/fr\/produit\/amplificateur-4-canaux-pa-4-2-x-45-w-2-x-80-w\/#primaryimage"},"image":{"@id":"https:\/\/shop.bantam.ch\/fr\/produit\/amplificateur-4-canaux-pa-4-2-x-45-w-2-x-80-w\/#primaryimage"},"thumbnailUrl":"https:\/\/shop.bantam.ch\/wp-content\/uploads\/2025\/03\/Movera-L-9975763100.png","datePublished":"2025-03-14T16:00:38+00:00","dateModified":"2026-04-18T21:34:37+00:00","breadcrumb":{"@id":"https:\/\/shop.bantam.ch\/fr\/produit\/amplificateur-4-canaux-pa-4-2-x-45-w-2-x-80-w\/#breadcrumb"},"inLanguage":"fr-FR","potentialAction":[{"@type":"ReadAction","target":["https:\/\/shop.bantam.ch\/fr\/produit\/amplificateur-4-canaux-pa-4-2-x-45-w-2-x-80-w\/"]}]},{"@type":"ImageObject","inLanguage":"fr-FR","@id":"https:\/\/shop.bantam.ch\/fr\/produit\/amplificateur-4-canaux-pa-4-2-x-45-w-2-x-80-w\/#primaryimage","url":"https:\/\/shop.bantam.ch\/wp-content\/uploads\/2025\/03\/Movera-L-9975763100.png","contentUrl":"https:\/\/shop.bantam.ch\/wp-content\/uploads\/2025\/03\/Movera-L-9975763100.png","width":640,"height":476},{"@type":"BreadcrumbList","@id":"https:\/\/shop.bantam.ch\/fr\/produit\/amplificateur-4-canaux-pa-4-2-x-45-w-2-x-80-w\/#breadcrumb","itemListElement":[{"@type":"ListItem","position":1,"name":"Accueil","item":"https:\/\/shop.bantam.ch\/fr\/"},{"@type":"ListItem","position":2,"name":"Boutique","item":"https:\/\/shop.bantam.ch\/fr\/boutique\/"},{"@type":"ListItem","position":3,"name":"Amplificateur 4 canaux PA 4 2 x 45 W + 2 x 80 W"}]},{"@type":"WebSite","@id":"https:\/\/shop.bantam.ch\/fr\/#website","url":"https:\/\/shop.bantam.ch\/fr\/","name":"Bantam Wankm\u00fcller SA","description":"","publisher":{"@id":"https:\/\/shop.bantam.ch\/fr\/#organization"},"inLanguage":"fr-FR"},{"@type":"Organization","@id":"https:\/\/shop.bantam.ch\/fr\/#organization","name":"Bantam Wankm\u00fcller SA","url":"https:\/\/shop.bantam.ch\/fr\/","logo":{"@type":"ImageObject","inLanguage":"fr-FR","@id":"https:\/\/shop.bantam.ch\/fr\/#\/schema\/logo\/image\/","url":"https:\/\/shop.bantam.ch\/wp-content\/uploads\/2022\/12\/bantam-logo.png","contentUrl":"https:\/\/shop.bantam.ch\/wp-content\/uploads\/2022\/12\/bantam-logo.png","width":320,"height":71,"caption":"Bantam Wankm\u00fcller SA"},"image":{"@id":"https:\/\/shop.bantam.ch\/fr\/#\/schema\/logo\/image\/"}}]}},"_links":{"self":[{"href":"https:\/\/shop.bantam.ch\/fr\/wp-json\/wp\/v2\/product\/216580","targetHints":{"allow":["GET"]}}],"collection":[{"href":"https:\/\/shop.bantam.ch\/fr\/wp-json\/wp\/v2\/product"}],"about":[{"href":"https:\/\/shop.bantam.ch\/fr\/wp-json\/wp\/v2\/types\/product"}],"wp:featuredmedia":[{"embeddable":true,"href":"https:\/\/shop.bantam.ch\/fr\/wp-json\/wp\/v2\/media\/216578"}],"wp:attachment":[{"href":"https:\/\/shop.bantam.ch\/fr\/wp-json\/wp\/v2\/media?parent=216580"}],"wp:term":[{"taxonomy":"product_featured_cat","embeddable":true,"href":"https:\/\/shop.bantam.ch\/fr\/wp-json\/wp\/v2\/product_featured_cat?post=216580"},{"taxonomy":"product_brand","embeddable":true,"href":"https:\/\/shop.bantam.ch\/fr\/wp-json\/wp\/v2\/product_brand?post=216580"},{"taxonomy":"product_cat","embeddable":true,"href":"https:\/\/shop.bantam.ch\/fr\/wp-json\/wp\/v2\/product_cat?post=216580"},{"taxonomy":"product_tag","embeddable":true,"href":"https:\/\/shop.bantam.ch\/fr\/wp-json\/wp\/v2\/product_tag?post=216580"}],"curies":[{"name":"wp","href":"https:\/\/api.w.org\/{rel}","templated":true}]}}