{"id":216576,"date":"2025-03-14T17:00:32","date_gmt":"2025-03-14T16:00:32","guid":{"rendered":"https:\/\/shop.bantam.ch\/produit\/systeme-de-sonorisation-pra-10\/"},"modified":"2026-04-21T23:36:06","modified_gmt":"2026-04-21T21:36:06","slug":"systeme-de-sonorisation-pra-10","status":"publish","type":"product","link":"https:\/\/shop.bantam.ch\/fr\/produit\/systeme-de-sonorisation-pra-10\/","title":{"rendered":"Syst\u00e8me de sonorisation PRA 10"},"content":{"rendered":"<p>Le syst\u00e8me ETON 10 cm \/ 4 \u00bb \u00bb de la s\u00e9rie PRA convainc par son son chaud et plein, ses voix pleines et son incroyable profondeur d&rsquo;espace ! Gr\u00e2ce \u00e0 la nouvelle technologie de membrane PRA, il est possible de faire l&rsquo;exp\u00e9rience d&rsquo;un son de pointe dans la cat\u00e9gorie d&rsquo;entr\u00e9e de gamme : La membrane papier-fibre de verre \u00e0 nervures rigides est une autre \u00e9tape importante d&rsquo;ETON dans le d\u00e9veloppement des membranes. La membrane est particuli\u00e8rement l\u00e9g\u00e8re et rigide &#8211; les conditions pour un haut-parleur exceptionnel. La rigidit\u00e9 des nervures garantit un maximum de r\u00e9sistance \u00e0 la torsion. Cela assure une reproduction des basses ultra dynamique et puissante &#8211; extr\u00eamement pr\u00e9cise et au point ! Le haut-parleur PRA 10 dispose d&rsquo;un saladier m\u00e9tallique typique d&rsquo;ETON, rigide et optimis\u00e9 en termes de flux, avec un design \u00e0 double armature. Un puissant aimant en ferrite avec un grand noyau polaire assure l&rsquo;impulsion et la dynamique n\u00e9cessaires. Gr\u00e2ce \u00e0 la technologie 3 ohms, le PRA 10 est particuli\u00e8rement efficace, m\u00eame en combinaison avec des t\u00eates de r\u00e9seau sans amplificateur suppl\u00e9mentaire. Les woofers\/m\u00e9diums ont \u00e9t\u00e9 sp\u00e9cialement d\u00e9velopp\u00e9s et r\u00e9gl\u00e9s pour \u00eatre utilis\u00e9s sans composants d&rsquo;aiguillage suppl\u00e9mentaires, ce qui augmente l&rsquo;efficacit\u00e9 et le rendement. En combinaison avec les tweeters \u00e0 d\u00f4me en aluminium de 25 mm (1\u00ab \u00bb), on obtient une combinaison parfaite pour la reproduction des d\u00e9tails les plus fins &#8211; pr\u00e9cis et remplissant l&rsquo;espace. Le r\u00e9glage adapt\u00e9 aux longues distances et le facteur de plaisir n\u00e9cessaire font du PRA 10 un haut-parleur facile \u00e0 installer et d&rsquo;un rapport qualit\u00e9-prix impressionnant ! Syst\u00e8me de composants \u00e0 2 voies de 10 cm pour l&rsquo;installation dans des camping-cars enti\u00e8rement int\u00e9gr\u00e9s, aimant puissant en ferrite, membrane en papier et fibre de verre renforc\u00e9e par des nervures, son chaud et plein, reproduction pr\u00e9cise et puissante des basses, imp\u00e9dance de 3 ohms pour un rendement \u00e9lev\u00e9, 80 watts, grille de protection GR 10 disponible en option.<br \/>\nCaract\u00e9ristiques principales :<\/p>\n<ul>\n<li>Membrane en papier-fibre de verre nouvellement d\u00e9velopp\u00e9e et rigidifi\u00e9e par des nervures.<\/li>\n<li>Saladier m\u00e9tallique rev\u00eatu par poudre avec ouvertures d&rsquo;a\u00e9ration<\/li>\n<li>Puissant aimant en ferrite avec grand per\u00e7age du noyau polaire<\/li>\n<li>Imp\u00e9dance de 3 ohms pour un rendement particuli\u00e8rement \u00e9lev\u00e9<\/li>\n<li>Tweeter \u00e0 d\u00f4me en aluminium de 25 mm (1\u00ab \u00bb) avec une suspension en tissu.<\/li>\n<\/ul>\n<p>Donn\u00e9es techniques :<\/p>\n<ul>\n<li>Puissance nominale\/musicale : 50 W RMS\/80 W<\/li>\n<li>Imp\u00e9dance : 3 ohms<\/li>\n<li>Pression sonore : 90 dB<\/li>\n<li>\u00f8 d&rsquo;encastrement : 91 mm<\/li>\n<li>Profondeur d&rsquo;encastrement : 45 mm<\/li>\n<\/ul>\n","protected":false},"excerpt":{"rendered":"<p>Le syst\u00e8me ETON 10 cm \/ 4 \u00bb \u00bb de la s\u00e9rie PRA convainc par son son chaud et plein, ses voix pleines et son incroyable profondeur d&rsquo;espace ! Gr\u00e2ce \u00e0 la nouvelle technologie de membrane PRA, il est possible de faire l&rsquo;exp\u00e9rience d&rsquo;un son de pointe dans la cat\u00e9gorie d&rsquo;entr\u00e9e de gamme : La [&hellip;]<\/p>\n","protected":false},"featured_media":216574,"template":"","meta":{"_acf_changed":false},"product_featured_cat":[],"product_brand":[],"product_cat":[4499],"product_tag":[],"class_list":{"0":"post-216576","1":"product","2":"type-product","3":"status-publish","4":"has-post-thumbnail","6":"product_cat-haut-parleurs","8":"first","9":"instock","10":"taxable","11":"shipping-taxable","12":"purchasable","13":"product-type-simple"},"acf":[],"yoast_head":"<!-- This site is optimized with the Yoast SEO plugin v27.4 - https:\/\/yoast.com\/product\/yoast-seo-wordpress\/ -->\n<title>Syst\u00e8me de sonorisation PRA 10 - Bantam Wankm\u00fcller SA<\/title>\n<meta name=\"robots\" content=\"index, follow, max-snippet:-1, max-image-preview:large, max-video-preview:-1\" \/>\n<link rel=\"canonical\" href=\"https:\/\/shop.bantam.ch\/fr\/produit\/systeme-de-sonorisation-pra-10\/\" \/>\n<meta property=\"og:locale\" content=\"fr_FR\" \/>\n<meta property=\"og:type\" content=\"article\" \/>\n<meta property=\"og:title\" content=\"Syst\u00e8me de sonorisation PRA 10 - Bantam Wankm\u00fcller SA\" \/>\n<meta property=\"og:description\" content=\"Le syst\u00e8me ETON 10 cm \/ 4 \u00bb \u00bb de la s\u00e9rie PRA convainc par son son chaud et plein, ses voix pleines et son incroyable profondeur d&rsquo;espace ! Gr\u00e2ce \u00e0 la nouvelle technologie de membrane PRA, il est possible de faire l&rsquo;exp\u00e9rience d&rsquo;un son de pointe dans la cat\u00e9gorie d&rsquo;entr\u00e9e de gamme : La [&hellip;]\" \/>\n<meta property=\"og:url\" content=\"https:\/\/shop.bantam.ch\/fr\/produit\/systeme-de-sonorisation-pra-10\/\" \/>\n<meta property=\"og:site_name\" content=\"Bantam Wankm\u00fcller SA\" \/>\n<meta property=\"article:modified_time\" content=\"2026-04-21T21:36:06+00:00\" \/>\n<meta name=\"twitter:card\" content=\"summary_large_image\" \/>\n<meta name=\"twitter:label1\" content=\"Dur\u00e9e de lecture estim\u00e9e\" \/>\n\t<meta name=\"twitter:data1\" content=\"2 minutes\" \/>\n<script type=\"application\/ld+json\" class=\"yoast-schema-graph\">{\"@context\":\"https:\\\/\\\/schema.org\",\"@graph\":[{\"@type\":\"WebPage\",\"@id\":\"https:\\\/\\\/shop.bantam.ch\\\/fr\\\/produit\\\/systeme-de-sonorisation-pra-10\\\/\",\"url\":\"https:\\\/\\\/shop.bantam.ch\\\/fr\\\/produit\\\/systeme-de-sonorisation-pra-10\\\/\",\"name\":\"Syst\u00e8me de sonorisation PRA 10 - Bantam Wankm\u00fcller SA\",\"isPartOf\":{\"@id\":\"https:\\\/\\\/shop.bantam.ch\\\/fr\\\/#website\"},\"primaryImageOfPage\":{\"@id\":\"https:\\\/\\\/shop.bantam.ch\\\/fr\\\/produit\\\/systeme-de-sonorisation-pra-10\\\/#primaryimage\"},\"image\":{\"@id\":\"https:\\\/\\\/shop.bantam.ch\\\/fr\\\/produit\\\/systeme-de-sonorisation-pra-10\\\/#primaryimage\"},\"thumbnailUrl\":\"https:\\\/\\\/shop.bantam.ch\\\/wp-content\\\/uploads\\\/2025\\\/03\\\/Movera-L-9975762100.png\",\"datePublished\":\"2025-03-14T16:00:32+00:00\",\"dateModified\":\"2026-04-21T21:36:06+00:00\",\"breadcrumb\":{\"@id\":\"https:\\\/\\\/shop.bantam.ch\\\/fr\\\/produit\\\/systeme-de-sonorisation-pra-10\\\/#breadcrumb\"},\"inLanguage\":\"fr-FR\",\"potentialAction\":[{\"@type\":\"ReadAction\",\"target\":[\"https:\\\/\\\/shop.bantam.ch\\\/fr\\\/produit\\\/systeme-de-sonorisation-pra-10\\\/\"]}]},{\"@type\":\"ImageObject\",\"inLanguage\":\"fr-FR\",\"@id\":\"https:\\\/\\\/shop.bantam.ch\\\/fr\\\/produit\\\/systeme-de-sonorisation-pra-10\\\/#primaryimage\",\"url\":\"https:\\\/\\\/shop.bantam.ch\\\/wp-content\\\/uploads\\\/2025\\\/03\\\/Movera-L-9975762100.png\",\"contentUrl\":\"https:\\\/\\\/shop.bantam.ch\\\/wp-content\\\/uploads\\\/2025\\\/03\\\/Movera-L-9975762100.png\",\"width\":640,\"height\":477},{\"@type\":\"BreadcrumbList\",\"@id\":\"https:\\\/\\\/shop.bantam.ch\\\/fr\\\/produit\\\/systeme-de-sonorisation-pra-10\\\/#breadcrumb\",\"itemListElement\":[{\"@type\":\"ListItem\",\"position\":1,\"name\":\"Accueil\",\"item\":\"https:\\\/\\\/shop.bantam.ch\\\/fr\\\/\"},{\"@type\":\"ListItem\",\"position\":2,\"name\":\"Boutique\",\"item\":\"https:\\\/\\\/shop.bantam.ch\\\/fr\\\/boutique\\\/\"},{\"@type\":\"ListItem\",\"position\":3,\"name\":\"Syst\u00e8me de sonorisation PRA 10\"}]},{\"@type\":\"WebSite\",\"@id\":\"https:\\\/\\\/shop.bantam.ch\\\/fr\\\/#website\",\"url\":\"https:\\\/\\\/shop.bantam.ch\\\/fr\\\/\",\"name\":\"Bantam Wankm\u00fcller SA\",\"description\":\"\",\"publisher\":{\"@id\":\"https:\\\/\\\/shop.bantam.ch\\\/fr\\\/#organization\"},\"inLanguage\":\"fr-FR\"},{\"@type\":\"Organization\",\"@id\":\"https:\\\/\\\/shop.bantam.ch\\\/fr\\\/#organization\",\"name\":\"Bantam Wankm\u00fcller SA\",\"url\":\"https:\\\/\\\/shop.bantam.ch\\\/fr\\\/\",\"logo\":{\"@type\":\"ImageObject\",\"inLanguage\":\"fr-FR\",\"@id\":\"https:\\\/\\\/shop.bantam.ch\\\/fr\\\/#\\\/schema\\\/logo\\\/image\\\/\",\"url\":\"https:\\\/\\\/shop.bantam.ch\\\/wp-content\\\/uploads\\\/2022\\\/12\\\/bantam-logo.png\",\"contentUrl\":\"https:\\\/\\\/shop.bantam.ch\\\/wp-content\\\/uploads\\\/2022\\\/12\\\/bantam-logo.png\",\"width\":320,\"height\":71,\"caption\":\"Bantam Wankm\u00fcller SA\"},\"image\":{\"@id\":\"https:\\\/\\\/shop.bantam.ch\\\/fr\\\/#\\\/schema\\\/logo\\\/image\\\/\"}}]}<\/script>\n<!-- \/ Yoast SEO plugin. -->","yoast_head_json":{"title":"Syst\u00e8me de sonorisation PRA 10 - Bantam Wankm\u00fcller SA","robots":{"index":"index","follow":"follow","max-snippet":"max-snippet:-1","max-image-preview":"max-image-preview:large","max-video-preview":"max-video-preview:-1"},"canonical":"https:\/\/shop.bantam.ch\/fr\/produit\/systeme-de-sonorisation-pra-10\/","og_locale":"fr_FR","og_type":"article","og_title":"Syst\u00e8me de sonorisation PRA 10 - Bantam Wankm\u00fcller SA","og_description":"Le syst\u00e8me ETON 10 cm \/ 4 \u00bb \u00bb de la s\u00e9rie PRA convainc par son son chaud et plein, ses voix pleines et son incroyable profondeur d&rsquo;espace ! Gr\u00e2ce \u00e0 la nouvelle technologie de membrane PRA, il est possible de faire l&rsquo;exp\u00e9rience d&rsquo;un son de pointe dans la cat\u00e9gorie d&rsquo;entr\u00e9e de gamme : La [&hellip;]","og_url":"https:\/\/shop.bantam.ch\/fr\/produit\/systeme-de-sonorisation-pra-10\/","og_site_name":"Bantam Wankm\u00fcller SA","article_modified_time":"2026-04-21T21:36:06+00:00","twitter_card":"summary_large_image","twitter_misc":{"Dur\u00e9e de lecture estim\u00e9e":"2 minutes"},"schema":{"@context":"https:\/\/schema.org","@graph":[{"@type":"WebPage","@id":"https:\/\/shop.bantam.ch\/fr\/produit\/systeme-de-sonorisation-pra-10\/","url":"https:\/\/shop.bantam.ch\/fr\/produit\/systeme-de-sonorisation-pra-10\/","name":"Syst\u00e8me de sonorisation PRA 10 - Bantam Wankm\u00fcller SA","isPartOf":{"@id":"https:\/\/shop.bantam.ch\/fr\/#website"},"primaryImageOfPage":{"@id":"https:\/\/shop.bantam.ch\/fr\/produit\/systeme-de-sonorisation-pra-10\/#primaryimage"},"image":{"@id":"https:\/\/shop.bantam.ch\/fr\/produit\/systeme-de-sonorisation-pra-10\/#primaryimage"},"thumbnailUrl":"https:\/\/shop.bantam.ch\/wp-content\/uploads\/2025\/03\/Movera-L-9975762100.png","datePublished":"2025-03-14T16:00:32+00:00","dateModified":"2026-04-21T21:36:06+00:00","breadcrumb":{"@id":"https:\/\/shop.bantam.ch\/fr\/produit\/systeme-de-sonorisation-pra-10\/#breadcrumb"},"inLanguage":"fr-FR","potentialAction":[{"@type":"ReadAction","target":["https:\/\/shop.bantam.ch\/fr\/produit\/systeme-de-sonorisation-pra-10\/"]}]},{"@type":"ImageObject","inLanguage":"fr-FR","@id":"https:\/\/shop.bantam.ch\/fr\/produit\/systeme-de-sonorisation-pra-10\/#primaryimage","url":"https:\/\/shop.bantam.ch\/wp-content\/uploads\/2025\/03\/Movera-L-9975762100.png","contentUrl":"https:\/\/shop.bantam.ch\/wp-content\/uploads\/2025\/03\/Movera-L-9975762100.png","width":640,"height":477},{"@type":"BreadcrumbList","@id":"https:\/\/shop.bantam.ch\/fr\/produit\/systeme-de-sonorisation-pra-10\/#breadcrumb","itemListElement":[{"@type":"ListItem","position":1,"name":"Accueil","item":"https:\/\/shop.bantam.ch\/fr\/"},{"@type":"ListItem","position":2,"name":"Boutique","item":"https:\/\/shop.bantam.ch\/fr\/boutique\/"},{"@type":"ListItem","position":3,"name":"Syst\u00e8me de sonorisation PRA 10"}]},{"@type":"WebSite","@id":"https:\/\/shop.bantam.ch\/fr\/#website","url":"https:\/\/shop.bantam.ch\/fr\/","name":"Bantam Wankm\u00fcller SA","description":"","publisher":{"@id":"https:\/\/shop.bantam.ch\/fr\/#organization"},"inLanguage":"fr-FR"},{"@type":"Organization","@id":"https:\/\/shop.bantam.ch\/fr\/#organization","name":"Bantam Wankm\u00fcller SA","url":"https:\/\/shop.bantam.ch\/fr\/","logo":{"@type":"ImageObject","inLanguage":"fr-FR","@id":"https:\/\/shop.bantam.ch\/fr\/#\/schema\/logo\/image\/","url":"https:\/\/shop.bantam.ch\/wp-content\/uploads\/2022\/12\/bantam-logo.png","contentUrl":"https:\/\/shop.bantam.ch\/wp-content\/uploads\/2022\/12\/bantam-logo.png","width":320,"height":71,"caption":"Bantam Wankm\u00fcller SA"},"image":{"@id":"https:\/\/shop.bantam.ch\/fr\/#\/schema\/logo\/image\/"}}]}},"_links":{"self":[{"href":"https:\/\/shop.bantam.ch\/fr\/wp-json\/wp\/v2\/product\/216576","targetHints":{"allow":["GET"]}}],"collection":[{"href":"https:\/\/shop.bantam.ch\/fr\/wp-json\/wp\/v2\/product"}],"about":[{"href":"https:\/\/shop.bantam.ch\/fr\/wp-json\/wp\/v2\/types\/product"}],"wp:featuredmedia":[{"embeddable":true,"href":"https:\/\/shop.bantam.ch\/fr\/wp-json\/wp\/v2\/media\/216574"}],"wp:attachment":[{"href":"https:\/\/shop.bantam.ch\/fr\/wp-json\/wp\/v2\/media?parent=216576"}],"wp:term":[{"taxonomy":"product_featured_cat","embeddable":true,"href":"https:\/\/shop.bantam.ch\/fr\/wp-json\/wp\/v2\/product_featured_cat?post=216576"},{"taxonomy":"product_brand","embeddable":true,"href":"https:\/\/shop.bantam.ch\/fr\/wp-json\/wp\/v2\/product_brand?post=216576"},{"taxonomy":"product_cat","embeddable":true,"href":"https:\/\/shop.bantam.ch\/fr\/wp-json\/wp\/v2\/product_cat?post=216576"},{"taxonomy":"product_tag","embeddable":true,"href":"https:\/\/shop.bantam.ch\/fr\/wp-json\/wp\/v2\/product_tag?post=216576"}],"curies":[{"name":"wp","href":"https:\/\/api.w.org\/{rel}","templated":true}]}}