{"id":216562,"date":"2025-03-14T17:00:14","date_gmt":"2025-03-14T16:00:14","guid":{"rendered":"https:\/\/shop.bantam.ch\/produit\/gestion-de-lalimentation-cable-noir-inclus\/"},"modified":"2026-04-18T23:34:30","modified_gmt":"2026-04-18T21:34:30","slug":"gestion-de-lalimentation-cable-noir-inclus","status":"publish","type":"product","link":"https:\/\/shop.bantam.ch\/fr\/produit\/gestion-de-lalimentation-cable-noir-inclus\/","title":{"rendered":"Gestion de l&rsquo;alimentation, c\u00e2ble noir inclus"},"content":{"rendered":"<p>Une installation \u00e9lectrique simple et encore plus d&rsquo;autonomie ! Le Clesana Power-Management combine les fonctions d&rsquo;un relais et d&rsquo;un chargeur DC\/DC. En combinaison avec une batterie d&rsquo;appoint, le Clesana C1 s&rsquo;installe rapidement et facilement avec le Clesana Power-Management gr\u00e2ce aux c\u00e2bles pr\u00e9-assembl\u00e9s. L&rsquo;entr\u00e9e de commande permet de lib\u00e9rer le flux de courant provenant de la batterie d&rsquo;appoint lors de l&rsquo;utilisation du Clesana C1. Lorsque le Clesana C1 est en veille, la batterie d&rsquo;appoint est charg\u00e9e avec un courant de charge de 2 A via le Clesana Power-Management. La commande s&rsquo;effectue tr\u00e8s simplement via un c\u00e2ble 12 V permanent-plus. M\u00eame en cas de panne de la batterie de bord, le Clesana C1 peut encore \u00eatre aliment\u00e9 par la batterie d&rsquo;appoint.<\/p>\n","protected":false},"excerpt":{"rendered":"<p>Une installation \u00e9lectrique simple et encore plus d&rsquo;autonomie ! Le Clesana Power-Management combine les fonctions d&rsquo;un relais et d&rsquo;un chargeur DC\/DC. En combinaison avec une batterie d&rsquo;appoint, le Clesana C1 s&rsquo;installe rapidement et facilement avec le Clesana Power-Management gr\u00e2ce aux c\u00e2bles pr\u00e9-assembl\u00e9s. L&rsquo;entr\u00e9e de commande permet de lib\u00e9rer le flux de courant provenant de la [&hellip;]<\/p>\n","protected":false},"featured_media":216554,"template":"","meta":{"_acf_changed":false},"product_featured_cat":[],"product_brand":[],"product_cat":[5155],"product_tag":[],"class_list":{"0":"post-216562","1":"product","2":"type-product","3":"status-publish","4":"has-post-thumbnail","6":"product_cat-autres-accessoires-pour-les-toilettes-de-camping","8":"first","9":"instock","10":"taxable","11":"shipping-taxable","12":"purchasable","13":"product-type-simple"},"acf":[],"yoast_head":"<!-- This site is optimized with the Yoast SEO plugin v27.4 - https:\/\/yoast.com\/product\/yoast-seo-wordpress\/ -->\n<title>Gestion de l&#039;alimentation, c\u00e2ble noir inclus - Bantam Wankm\u00fcller SA<\/title>\n<meta name=\"robots\" content=\"index, follow, max-snippet:-1, max-image-preview:large, max-video-preview:-1\" \/>\n<link rel=\"canonical\" href=\"https:\/\/shop.bantam.ch\/fr\/produit\/gestion-de-lalimentation-cable-noir-inclus\/\" \/>\n<meta property=\"og:locale\" content=\"fr_FR\" \/>\n<meta property=\"og:type\" content=\"article\" \/>\n<meta property=\"og:title\" content=\"Gestion de l&#039;alimentation, c\u00e2ble noir inclus - Bantam Wankm\u00fcller SA\" \/>\n<meta property=\"og:description\" content=\"Une installation \u00e9lectrique simple et encore plus d&rsquo;autonomie ! Le Clesana Power-Management combine les fonctions d&rsquo;un relais et d&rsquo;un chargeur DC\/DC. En combinaison avec une batterie d&rsquo;appoint, le Clesana C1 s&rsquo;installe rapidement et facilement avec le Clesana Power-Management gr\u00e2ce aux c\u00e2bles pr\u00e9-assembl\u00e9s. L&rsquo;entr\u00e9e de commande permet de lib\u00e9rer le flux de courant provenant de la [&hellip;]\" \/>\n<meta property=\"og:url\" content=\"https:\/\/shop.bantam.ch\/fr\/produit\/gestion-de-lalimentation-cable-noir-inclus\/\" \/>\n<meta property=\"og:site_name\" content=\"Bantam Wankm\u00fcller SA\" \/>\n<meta property=\"article:modified_time\" content=\"2026-04-18T21:34:30+00:00\" \/>\n<meta name=\"twitter:card\" content=\"summary_large_image\" \/>\n<meta name=\"twitter:label1\" content=\"Dur\u00e9e de lecture estim\u00e9e\" \/>\n\t<meta name=\"twitter:data1\" content=\"1 minute\" \/>\n<script type=\"application\/ld+json\" class=\"yoast-schema-graph\">{\"@context\":\"https:\\\/\\\/schema.org\",\"@graph\":[{\"@type\":\"WebPage\",\"@id\":\"https:\\\/\\\/shop.bantam.ch\\\/fr\\\/produit\\\/gestion-de-lalimentation-cable-noir-inclus\\\/\",\"url\":\"https:\\\/\\\/shop.bantam.ch\\\/fr\\\/produit\\\/gestion-de-lalimentation-cable-noir-inclus\\\/\",\"name\":\"Gestion de l'alimentation, c\u00e2ble noir inclus - Bantam Wankm\u00fcller SA\",\"isPartOf\":{\"@id\":\"https:\\\/\\\/shop.bantam.ch\\\/fr\\\/#website\"},\"primaryImageOfPage\":{\"@id\":\"https:\\\/\\\/shop.bantam.ch\\\/fr\\\/produit\\\/gestion-de-lalimentation-cable-noir-inclus\\\/#primaryimage\"},\"image\":{\"@id\":\"https:\\\/\\\/shop.bantam.ch\\\/fr\\\/produit\\\/gestion-de-lalimentation-cable-noir-inclus\\\/#primaryimage\"},\"thumbnailUrl\":\"https:\\\/\\\/shop.bantam.ch\\\/wp-content\\\/uploads\\\/2025\\\/03\\\/Movera-L-9975746100.png\",\"datePublished\":\"2025-03-14T16:00:14+00:00\",\"dateModified\":\"2026-04-18T21:34:30+00:00\",\"breadcrumb\":{\"@id\":\"https:\\\/\\\/shop.bantam.ch\\\/fr\\\/produit\\\/gestion-de-lalimentation-cable-noir-inclus\\\/#breadcrumb\"},\"inLanguage\":\"fr-FR\",\"potentialAction\":[{\"@type\":\"ReadAction\",\"target\":[\"https:\\\/\\\/shop.bantam.ch\\\/fr\\\/produit\\\/gestion-de-lalimentation-cable-noir-inclus\\\/\"]}]},{\"@type\":\"ImageObject\",\"inLanguage\":\"fr-FR\",\"@id\":\"https:\\\/\\\/shop.bantam.ch\\\/fr\\\/produit\\\/gestion-de-lalimentation-cable-noir-inclus\\\/#primaryimage\",\"url\":\"https:\\\/\\\/shop.bantam.ch\\\/wp-content\\\/uploads\\\/2025\\\/03\\\/Movera-L-9975746100.png\",\"contentUrl\":\"https:\\\/\\\/shop.bantam.ch\\\/wp-content\\\/uploads\\\/2025\\\/03\\\/Movera-L-9975746100.png\",\"width\":640,\"height\":427},{\"@type\":\"BreadcrumbList\",\"@id\":\"https:\\\/\\\/shop.bantam.ch\\\/fr\\\/produit\\\/gestion-de-lalimentation-cable-noir-inclus\\\/#breadcrumb\",\"itemListElement\":[{\"@type\":\"ListItem\",\"position\":1,\"name\":\"Accueil\",\"item\":\"https:\\\/\\\/shop.bantam.ch\\\/fr\\\/\"},{\"@type\":\"ListItem\",\"position\":2,\"name\":\"Boutique\",\"item\":\"https:\\\/\\\/shop.bantam.ch\\\/fr\\\/boutique\\\/\"},{\"@type\":\"ListItem\",\"position\":3,\"name\":\"Gestion de l&#8217;alimentation, c\u00e2ble noir inclus\"}]},{\"@type\":\"WebSite\",\"@id\":\"https:\\\/\\\/shop.bantam.ch\\\/fr\\\/#website\",\"url\":\"https:\\\/\\\/shop.bantam.ch\\\/fr\\\/\",\"name\":\"Bantam Wankm\u00fcller SA\",\"description\":\"\",\"publisher\":{\"@id\":\"https:\\\/\\\/shop.bantam.ch\\\/fr\\\/#organization\"},\"inLanguage\":\"fr-FR\"},{\"@type\":\"Organization\",\"@id\":\"https:\\\/\\\/shop.bantam.ch\\\/fr\\\/#organization\",\"name\":\"Bantam Wankm\u00fcller SA\",\"url\":\"https:\\\/\\\/shop.bantam.ch\\\/fr\\\/\",\"logo\":{\"@type\":\"ImageObject\",\"inLanguage\":\"fr-FR\",\"@id\":\"https:\\\/\\\/shop.bantam.ch\\\/fr\\\/#\\\/schema\\\/logo\\\/image\\\/\",\"url\":\"https:\\\/\\\/shop.bantam.ch\\\/wp-content\\\/uploads\\\/2022\\\/12\\\/bantam-logo.png\",\"contentUrl\":\"https:\\\/\\\/shop.bantam.ch\\\/wp-content\\\/uploads\\\/2022\\\/12\\\/bantam-logo.png\",\"width\":320,\"height\":71,\"caption\":\"Bantam Wankm\u00fcller SA\"},\"image\":{\"@id\":\"https:\\\/\\\/shop.bantam.ch\\\/fr\\\/#\\\/schema\\\/logo\\\/image\\\/\"}}]}<\/script>\n<!-- \/ Yoast SEO plugin. -->","yoast_head_json":{"title":"Gestion de l'alimentation, c\u00e2ble noir inclus - Bantam Wankm\u00fcller SA","robots":{"index":"index","follow":"follow","max-snippet":"max-snippet:-1","max-image-preview":"max-image-preview:large","max-video-preview":"max-video-preview:-1"},"canonical":"https:\/\/shop.bantam.ch\/fr\/produit\/gestion-de-lalimentation-cable-noir-inclus\/","og_locale":"fr_FR","og_type":"article","og_title":"Gestion de l'alimentation, c\u00e2ble noir inclus - Bantam Wankm\u00fcller SA","og_description":"Une installation \u00e9lectrique simple et encore plus d&rsquo;autonomie ! Le Clesana Power-Management combine les fonctions d&rsquo;un relais et d&rsquo;un chargeur DC\/DC. En combinaison avec une batterie d&rsquo;appoint, le Clesana C1 s&rsquo;installe rapidement et facilement avec le Clesana Power-Management gr\u00e2ce aux c\u00e2bles pr\u00e9-assembl\u00e9s. L&rsquo;entr\u00e9e de commande permet de lib\u00e9rer le flux de courant provenant de la [&hellip;]","og_url":"https:\/\/shop.bantam.ch\/fr\/produit\/gestion-de-lalimentation-cable-noir-inclus\/","og_site_name":"Bantam Wankm\u00fcller SA","article_modified_time":"2026-04-18T21:34:30+00:00","twitter_card":"summary_large_image","twitter_misc":{"Dur\u00e9e de lecture estim\u00e9e":"1 minute"},"schema":{"@context":"https:\/\/schema.org","@graph":[{"@type":"WebPage","@id":"https:\/\/shop.bantam.ch\/fr\/produit\/gestion-de-lalimentation-cable-noir-inclus\/","url":"https:\/\/shop.bantam.ch\/fr\/produit\/gestion-de-lalimentation-cable-noir-inclus\/","name":"Gestion de l'alimentation, c\u00e2ble noir inclus - Bantam Wankm\u00fcller SA","isPartOf":{"@id":"https:\/\/shop.bantam.ch\/fr\/#website"},"primaryImageOfPage":{"@id":"https:\/\/shop.bantam.ch\/fr\/produit\/gestion-de-lalimentation-cable-noir-inclus\/#primaryimage"},"image":{"@id":"https:\/\/shop.bantam.ch\/fr\/produit\/gestion-de-lalimentation-cable-noir-inclus\/#primaryimage"},"thumbnailUrl":"https:\/\/shop.bantam.ch\/wp-content\/uploads\/2025\/03\/Movera-L-9975746100.png","datePublished":"2025-03-14T16:00:14+00:00","dateModified":"2026-04-18T21:34:30+00:00","breadcrumb":{"@id":"https:\/\/shop.bantam.ch\/fr\/produit\/gestion-de-lalimentation-cable-noir-inclus\/#breadcrumb"},"inLanguage":"fr-FR","potentialAction":[{"@type":"ReadAction","target":["https:\/\/shop.bantam.ch\/fr\/produit\/gestion-de-lalimentation-cable-noir-inclus\/"]}]},{"@type":"ImageObject","inLanguage":"fr-FR","@id":"https:\/\/shop.bantam.ch\/fr\/produit\/gestion-de-lalimentation-cable-noir-inclus\/#primaryimage","url":"https:\/\/shop.bantam.ch\/wp-content\/uploads\/2025\/03\/Movera-L-9975746100.png","contentUrl":"https:\/\/shop.bantam.ch\/wp-content\/uploads\/2025\/03\/Movera-L-9975746100.png","width":640,"height":427},{"@type":"BreadcrumbList","@id":"https:\/\/shop.bantam.ch\/fr\/produit\/gestion-de-lalimentation-cable-noir-inclus\/#breadcrumb","itemListElement":[{"@type":"ListItem","position":1,"name":"Accueil","item":"https:\/\/shop.bantam.ch\/fr\/"},{"@type":"ListItem","position":2,"name":"Boutique","item":"https:\/\/shop.bantam.ch\/fr\/boutique\/"},{"@type":"ListItem","position":3,"name":"Gestion de l&#8217;alimentation, c\u00e2ble noir inclus"}]},{"@type":"WebSite","@id":"https:\/\/shop.bantam.ch\/fr\/#website","url":"https:\/\/shop.bantam.ch\/fr\/","name":"Bantam Wankm\u00fcller SA","description":"","publisher":{"@id":"https:\/\/shop.bantam.ch\/fr\/#organization"},"inLanguage":"fr-FR"},{"@type":"Organization","@id":"https:\/\/shop.bantam.ch\/fr\/#organization","name":"Bantam Wankm\u00fcller SA","url":"https:\/\/shop.bantam.ch\/fr\/","logo":{"@type":"ImageObject","inLanguage":"fr-FR","@id":"https:\/\/shop.bantam.ch\/fr\/#\/schema\/logo\/image\/","url":"https:\/\/shop.bantam.ch\/wp-content\/uploads\/2022\/12\/bantam-logo.png","contentUrl":"https:\/\/shop.bantam.ch\/wp-content\/uploads\/2022\/12\/bantam-logo.png","width":320,"height":71,"caption":"Bantam Wankm\u00fcller SA"},"image":{"@id":"https:\/\/shop.bantam.ch\/fr\/#\/schema\/logo\/image\/"}}]}},"_links":{"self":[{"href":"https:\/\/shop.bantam.ch\/fr\/wp-json\/wp\/v2\/product\/216562","targetHints":{"allow":["GET"]}}],"collection":[{"href":"https:\/\/shop.bantam.ch\/fr\/wp-json\/wp\/v2\/product"}],"about":[{"href":"https:\/\/shop.bantam.ch\/fr\/wp-json\/wp\/v2\/types\/product"}],"wp:featuredmedia":[{"embeddable":true,"href":"https:\/\/shop.bantam.ch\/fr\/wp-json\/wp\/v2\/media\/216554"}],"wp:attachment":[{"href":"https:\/\/shop.bantam.ch\/fr\/wp-json\/wp\/v2\/media?parent=216562"}],"wp:term":[{"taxonomy":"product_featured_cat","embeddable":true,"href":"https:\/\/shop.bantam.ch\/fr\/wp-json\/wp\/v2\/product_featured_cat?post=216562"},{"taxonomy":"product_brand","embeddable":true,"href":"https:\/\/shop.bantam.ch\/fr\/wp-json\/wp\/v2\/product_brand?post=216562"},{"taxonomy":"product_cat","embeddable":true,"href":"https:\/\/shop.bantam.ch\/fr\/wp-json\/wp\/v2\/product_cat?post=216562"},{"taxonomy":"product_tag","embeddable":true,"href":"https:\/\/shop.bantam.ch\/fr\/wp-json\/wp\/v2\/product_tag?post=216562"}],"curies":[{"name":"wp","href":"https:\/\/api.w.org\/{rel}","templated":true}]}}