{"id":216516,"date":"2025-03-14T16:59:18","date_gmt":"2025-03-14T15:59:18","guid":{"rendered":"https:\/\/shop.bantam.ch\/produit\/support-tv-slim-mount-160-noir\/"},"modified":"2026-04-18T23:34:23","modified_gmt":"2026-04-18T21:34:23","slug":"support-tv-slim-mount-160-noir","status":"publish","type":"product","link":"https:\/\/shop.bantam.ch\/fr\/produit\/support-tv-slim-mount-160-noir\/","title":{"rendered":"Support TV Slim Mount 160 noir"},"content":{"rendered":"<p>Notre ligne modulaire SLIM MOUNT offre une flexibilit\u00e9 et une adaptabilit\u00e9 maximales. Avec des plaques de base identiques pour le c\u00f4t\u00e9 mur et le c\u00f4t\u00e9 t\u00e9l\u00e9, vous pouvez \u00e0 tout moment ajouter des \u00e9l\u00e9ments au syst\u00e8me. Cette modularit\u00e9 garantit une solution \u00e0 l&rsquo;\u00e9preuve du temps. D\u00e9velopp\u00e9e en Allemagne, la ligne SLIM MOUNT convainc par sa qualit\u00e9 sup\u00e9rieure et est prot\u00e9g\u00e9e par des brevets. Le montage ultraplat assure un aspect \u00e9l\u00e9gant avec une distance minimale au mur. Universelle, elle supporte les normes VESA 100 x 100 et 200 x 100 pour les t\u00e9l\u00e9viseurs de 19 \u00e0 40 pouces. Le m\u00e9canisme de rotation innovant permet un positionnement pr\u00e9cis de l&rsquo;\u00e9cran &#8211; pour un aspect et une fonctionnalit\u00e9 parfaits.<\/p>\n","protected":false},"excerpt":{"rendered":"<p>Notre ligne modulaire SLIM MOUNT offre une flexibilit\u00e9 et une adaptabilit\u00e9 maximales. Avec des plaques de base identiques pour le c\u00f4t\u00e9 mur et le c\u00f4t\u00e9 t\u00e9l\u00e9, vous pouvez \u00e0 tout moment ajouter des \u00e9l\u00e9ments au syst\u00e8me. Cette modularit\u00e9 garantit une solution \u00e0 l&rsquo;\u00e9preuve du temps. D\u00e9velopp\u00e9e en Allemagne, la ligne SLIM MOUNT convainc par sa [&hellip;]<\/p>\n","protected":false},"featured_media":216514,"template":"","meta":{"_acf_changed":false},"product_featured_cat":[],"product_brand":[],"product_cat":[4985],"product_tag":[],"class_list":{"0":"post-216516","1":"product","2":"type-product","3":"status-publish","4":"has-post-thumbnail","6":"product_cat-supports-tv","8":"first","9":"instock","10":"taxable","11":"shipping-taxable","12":"purchasable","13":"product-type-simple"},"acf":[],"yoast_head":"<!-- This site is optimized with the Yoast SEO plugin v27.4 - https:\/\/yoast.com\/product\/yoast-seo-wordpress\/ -->\n<title>Support TV Slim Mount 160 noir - Bantam Wankm\u00fcller SA<\/title>\n<meta name=\"robots\" content=\"index, follow, max-snippet:-1, max-image-preview:large, max-video-preview:-1\" \/>\n<link rel=\"canonical\" href=\"https:\/\/shop.bantam.ch\/fr\/produit\/support-tv-slim-mount-160-noir\/\" \/>\n<meta property=\"og:locale\" content=\"fr_FR\" \/>\n<meta property=\"og:type\" content=\"article\" \/>\n<meta property=\"og:title\" content=\"Support TV Slim Mount 160 noir - Bantam Wankm\u00fcller SA\" \/>\n<meta property=\"og:description\" content=\"Notre ligne modulaire SLIM MOUNT offre une flexibilit\u00e9 et une adaptabilit\u00e9 maximales. Avec des plaques de base identiques pour le c\u00f4t\u00e9 mur et le c\u00f4t\u00e9 t\u00e9l\u00e9, vous pouvez \u00e0 tout moment ajouter des \u00e9l\u00e9ments au syst\u00e8me. Cette modularit\u00e9 garantit une solution \u00e0 l&rsquo;\u00e9preuve du temps. D\u00e9velopp\u00e9e en Allemagne, la ligne SLIM MOUNT convainc par sa [&hellip;]\" \/>\n<meta property=\"og:url\" content=\"https:\/\/shop.bantam.ch\/fr\/produit\/support-tv-slim-mount-160-noir\/\" \/>\n<meta property=\"og:site_name\" content=\"Bantam Wankm\u00fcller SA\" \/>\n<meta property=\"article:modified_time\" content=\"2026-04-18T21:34:23+00:00\" \/>\n<meta name=\"twitter:card\" content=\"summary_large_image\" \/>\n<meta name=\"twitter:label1\" content=\"Dur\u00e9e de lecture estim\u00e9e\" \/>\n\t<meta name=\"twitter:data1\" content=\"1 minute\" \/>\n<script type=\"application\/ld+json\" class=\"yoast-schema-graph\">{\"@context\":\"https:\\\/\\\/schema.org\",\"@graph\":[{\"@type\":\"WebPage\",\"@id\":\"https:\\\/\\\/shop.bantam.ch\\\/fr\\\/produit\\\/support-tv-slim-mount-160-noir\\\/\",\"url\":\"https:\\\/\\\/shop.bantam.ch\\\/fr\\\/produit\\\/support-tv-slim-mount-160-noir\\\/\",\"name\":\"Support TV Slim Mount 160 noir - Bantam Wankm\u00fcller SA\",\"isPartOf\":{\"@id\":\"https:\\\/\\\/shop.bantam.ch\\\/fr\\\/#website\"},\"primaryImageOfPage\":{\"@id\":\"https:\\\/\\\/shop.bantam.ch\\\/fr\\\/produit\\\/support-tv-slim-mount-160-noir\\\/#primaryimage\"},\"image\":{\"@id\":\"https:\\\/\\\/shop.bantam.ch\\\/fr\\\/produit\\\/support-tv-slim-mount-160-noir\\\/#primaryimage\"},\"thumbnailUrl\":\"https:\\\/\\\/shop.bantam.ch\\\/wp-content\\\/uploads\\\/2025\\\/03\\\/Movera-L-9975709100.jpg\",\"datePublished\":\"2025-03-14T15:59:18+00:00\",\"dateModified\":\"2026-04-18T21:34:23+00:00\",\"breadcrumb\":{\"@id\":\"https:\\\/\\\/shop.bantam.ch\\\/fr\\\/produit\\\/support-tv-slim-mount-160-noir\\\/#breadcrumb\"},\"inLanguage\":\"fr-FR\",\"potentialAction\":[{\"@type\":\"ReadAction\",\"target\":[\"https:\\\/\\\/shop.bantam.ch\\\/fr\\\/produit\\\/support-tv-slim-mount-160-noir\\\/\"]}]},{\"@type\":\"ImageObject\",\"inLanguage\":\"fr-FR\",\"@id\":\"https:\\\/\\\/shop.bantam.ch\\\/fr\\\/produit\\\/support-tv-slim-mount-160-noir\\\/#primaryimage\",\"url\":\"https:\\\/\\\/shop.bantam.ch\\\/wp-content\\\/uploads\\\/2025\\\/03\\\/Movera-L-9975709100.jpg\",\"contentUrl\":\"https:\\\/\\\/shop.bantam.ch\\\/wp-content\\\/uploads\\\/2025\\\/03\\\/Movera-L-9975709100.jpg\",\"width\":640,\"height\":640},{\"@type\":\"BreadcrumbList\",\"@id\":\"https:\\\/\\\/shop.bantam.ch\\\/fr\\\/produit\\\/support-tv-slim-mount-160-noir\\\/#breadcrumb\",\"itemListElement\":[{\"@type\":\"ListItem\",\"position\":1,\"name\":\"Accueil\",\"item\":\"https:\\\/\\\/shop.bantam.ch\\\/fr\\\/\"},{\"@type\":\"ListItem\",\"position\":2,\"name\":\"Boutique\",\"item\":\"https:\\\/\\\/shop.bantam.ch\\\/fr\\\/boutique\\\/\"},{\"@type\":\"ListItem\",\"position\":3,\"name\":\"Support TV Slim Mount 160 noir\"}]},{\"@type\":\"WebSite\",\"@id\":\"https:\\\/\\\/shop.bantam.ch\\\/fr\\\/#website\",\"url\":\"https:\\\/\\\/shop.bantam.ch\\\/fr\\\/\",\"name\":\"Bantam Wankm\u00fcller SA\",\"description\":\"\",\"publisher\":{\"@id\":\"https:\\\/\\\/shop.bantam.ch\\\/fr\\\/#organization\"},\"inLanguage\":\"fr-FR\"},{\"@type\":\"Organization\",\"@id\":\"https:\\\/\\\/shop.bantam.ch\\\/fr\\\/#organization\",\"name\":\"Bantam Wankm\u00fcller SA\",\"url\":\"https:\\\/\\\/shop.bantam.ch\\\/fr\\\/\",\"logo\":{\"@type\":\"ImageObject\",\"inLanguage\":\"fr-FR\",\"@id\":\"https:\\\/\\\/shop.bantam.ch\\\/fr\\\/#\\\/schema\\\/logo\\\/image\\\/\",\"url\":\"https:\\\/\\\/shop.bantam.ch\\\/wp-content\\\/uploads\\\/2022\\\/12\\\/bantam-logo.png\",\"contentUrl\":\"https:\\\/\\\/shop.bantam.ch\\\/wp-content\\\/uploads\\\/2022\\\/12\\\/bantam-logo.png\",\"width\":320,\"height\":71,\"caption\":\"Bantam Wankm\u00fcller SA\"},\"image\":{\"@id\":\"https:\\\/\\\/shop.bantam.ch\\\/fr\\\/#\\\/schema\\\/logo\\\/image\\\/\"}}]}<\/script>\n<!-- \/ Yoast SEO plugin. -->","yoast_head_json":{"title":"Support TV Slim Mount 160 noir - Bantam Wankm\u00fcller SA","robots":{"index":"index","follow":"follow","max-snippet":"max-snippet:-1","max-image-preview":"max-image-preview:large","max-video-preview":"max-video-preview:-1"},"canonical":"https:\/\/shop.bantam.ch\/fr\/produit\/support-tv-slim-mount-160-noir\/","og_locale":"fr_FR","og_type":"article","og_title":"Support TV Slim Mount 160 noir - Bantam Wankm\u00fcller SA","og_description":"Notre ligne modulaire SLIM MOUNT offre une flexibilit\u00e9 et une adaptabilit\u00e9 maximales. Avec des plaques de base identiques pour le c\u00f4t\u00e9 mur et le c\u00f4t\u00e9 t\u00e9l\u00e9, vous pouvez \u00e0 tout moment ajouter des \u00e9l\u00e9ments au syst\u00e8me. Cette modularit\u00e9 garantit une solution \u00e0 l&rsquo;\u00e9preuve du temps. D\u00e9velopp\u00e9e en Allemagne, la ligne SLIM MOUNT convainc par sa [&hellip;]","og_url":"https:\/\/shop.bantam.ch\/fr\/produit\/support-tv-slim-mount-160-noir\/","og_site_name":"Bantam Wankm\u00fcller SA","article_modified_time":"2026-04-18T21:34:23+00:00","twitter_card":"summary_large_image","twitter_misc":{"Dur\u00e9e de lecture estim\u00e9e":"1 minute"},"schema":{"@context":"https:\/\/schema.org","@graph":[{"@type":"WebPage","@id":"https:\/\/shop.bantam.ch\/fr\/produit\/support-tv-slim-mount-160-noir\/","url":"https:\/\/shop.bantam.ch\/fr\/produit\/support-tv-slim-mount-160-noir\/","name":"Support TV Slim Mount 160 noir - Bantam Wankm\u00fcller SA","isPartOf":{"@id":"https:\/\/shop.bantam.ch\/fr\/#website"},"primaryImageOfPage":{"@id":"https:\/\/shop.bantam.ch\/fr\/produit\/support-tv-slim-mount-160-noir\/#primaryimage"},"image":{"@id":"https:\/\/shop.bantam.ch\/fr\/produit\/support-tv-slim-mount-160-noir\/#primaryimage"},"thumbnailUrl":"https:\/\/shop.bantam.ch\/wp-content\/uploads\/2025\/03\/Movera-L-9975709100.jpg","datePublished":"2025-03-14T15:59:18+00:00","dateModified":"2026-04-18T21:34:23+00:00","breadcrumb":{"@id":"https:\/\/shop.bantam.ch\/fr\/produit\/support-tv-slim-mount-160-noir\/#breadcrumb"},"inLanguage":"fr-FR","potentialAction":[{"@type":"ReadAction","target":["https:\/\/shop.bantam.ch\/fr\/produit\/support-tv-slim-mount-160-noir\/"]}]},{"@type":"ImageObject","inLanguage":"fr-FR","@id":"https:\/\/shop.bantam.ch\/fr\/produit\/support-tv-slim-mount-160-noir\/#primaryimage","url":"https:\/\/shop.bantam.ch\/wp-content\/uploads\/2025\/03\/Movera-L-9975709100.jpg","contentUrl":"https:\/\/shop.bantam.ch\/wp-content\/uploads\/2025\/03\/Movera-L-9975709100.jpg","width":640,"height":640},{"@type":"BreadcrumbList","@id":"https:\/\/shop.bantam.ch\/fr\/produit\/support-tv-slim-mount-160-noir\/#breadcrumb","itemListElement":[{"@type":"ListItem","position":1,"name":"Accueil","item":"https:\/\/shop.bantam.ch\/fr\/"},{"@type":"ListItem","position":2,"name":"Boutique","item":"https:\/\/shop.bantam.ch\/fr\/boutique\/"},{"@type":"ListItem","position":3,"name":"Support TV Slim Mount 160 noir"}]},{"@type":"WebSite","@id":"https:\/\/shop.bantam.ch\/fr\/#website","url":"https:\/\/shop.bantam.ch\/fr\/","name":"Bantam Wankm\u00fcller SA","description":"","publisher":{"@id":"https:\/\/shop.bantam.ch\/fr\/#organization"},"inLanguage":"fr-FR"},{"@type":"Organization","@id":"https:\/\/shop.bantam.ch\/fr\/#organization","name":"Bantam Wankm\u00fcller SA","url":"https:\/\/shop.bantam.ch\/fr\/","logo":{"@type":"ImageObject","inLanguage":"fr-FR","@id":"https:\/\/shop.bantam.ch\/fr\/#\/schema\/logo\/image\/","url":"https:\/\/shop.bantam.ch\/wp-content\/uploads\/2022\/12\/bantam-logo.png","contentUrl":"https:\/\/shop.bantam.ch\/wp-content\/uploads\/2022\/12\/bantam-logo.png","width":320,"height":71,"caption":"Bantam Wankm\u00fcller SA"},"image":{"@id":"https:\/\/shop.bantam.ch\/fr\/#\/schema\/logo\/image\/"}}]}},"_links":{"self":[{"href":"https:\/\/shop.bantam.ch\/fr\/wp-json\/wp\/v2\/product\/216516","targetHints":{"allow":["GET"]}}],"collection":[{"href":"https:\/\/shop.bantam.ch\/fr\/wp-json\/wp\/v2\/product"}],"about":[{"href":"https:\/\/shop.bantam.ch\/fr\/wp-json\/wp\/v2\/types\/product"}],"wp:featuredmedia":[{"embeddable":true,"href":"https:\/\/shop.bantam.ch\/fr\/wp-json\/wp\/v2\/media\/216514"}],"wp:attachment":[{"href":"https:\/\/shop.bantam.ch\/fr\/wp-json\/wp\/v2\/media?parent=216516"}],"wp:term":[{"taxonomy":"product_featured_cat","embeddable":true,"href":"https:\/\/shop.bantam.ch\/fr\/wp-json\/wp\/v2\/product_featured_cat?post=216516"},{"taxonomy":"product_brand","embeddable":true,"href":"https:\/\/shop.bantam.ch\/fr\/wp-json\/wp\/v2\/product_brand?post=216516"},{"taxonomy":"product_cat","embeddable":true,"href":"https:\/\/shop.bantam.ch\/fr\/wp-json\/wp\/v2\/product_cat?post=216516"},{"taxonomy":"product_tag","embeddable":true,"href":"https:\/\/shop.bantam.ch\/fr\/wp-json\/wp\/v2\/product_tag?post=216516"}],"curies":[{"name":"wp","href":"https:\/\/api.w.org\/{rel}","templated":true}]}}