{"id":216480,"date":"2025-03-14T16:58:29","date_gmt":"2025-03-14T15:58:29","guid":{"rendered":"https:\/\/shop.bantam.ch\/produit\/televiseur-alphatronics-k-24-w\/"},"modified":"2026-05-02T23:26:54","modified_gmt":"2026-05-02T21:26:54","slug":"televiseur-alphatronics-k-24-w","status":"publish","type":"product","link":"https:\/\/shop.bantam.ch\/fr\/produit\/televiseur-alphatronics-k-24-w\/","title":{"rendered":"T\u00e9l\u00e9viseur alphatronics K-24 W"},"content":{"rendered":"<p>Bienvenue dans le monde du streaming avec notre ligne K. Faites l&rsquo;exp\u00e9rience d&rsquo;un divertissement simple et moderne avec des fonctions \u00e9prouv\u00e9es et une utilisation intuitive dans un bo\u00eetier robuste. Nous avons d\u00e9lib\u00e9r\u00e9ment renonc\u00e9 \u00e0 un lecteur DVD pour faire de la place aux technologies de streaming innovantes. Plongez dans l&rsquo;avenir de la t\u00e9l\u00e9vision avec la nouvelle g\u00e9n\u00e9ration de webOS Hub. Nos t\u00e9l\u00e9viseurs offrent l&rsquo;enregistrement PVR, le timeshift, Apple AirPlay et la prise en charge de Matter. Profitez d&rsquo;une diffusion en continu transparente et d&rsquo;un contr\u00f4le total de la maison intelligente avec Apple HomeKit. Ne manquez plus aucun moment gr\u00e2ce \u00e0 l&rsquo;enregistrement PVR et contr\u00f4lez votre divertissement t\u00e9l\u00e9visuel de mani\u00e8re flexible avec Timeshift. Profitez de la t\u00e9l\u00e9vision au plus haut niveau, en tout confort et \u00e0 l&rsquo;\u00e9preuve du temps.<\/p>\n","protected":false},"excerpt":{"rendered":"<p>Bienvenue dans le monde du streaming avec notre ligne K. Faites l&rsquo;exp\u00e9rience d&rsquo;un divertissement simple et moderne avec des fonctions \u00e9prouv\u00e9es et une utilisation intuitive dans un bo\u00eetier robuste. Nous avons d\u00e9lib\u00e9r\u00e9ment renonc\u00e9 \u00e0 un lecteur DVD pour faire de la place aux technologies de streaming innovantes. Plongez dans l&rsquo;avenir de la t\u00e9l\u00e9vision avec la [&hellip;]<\/p>\n","protected":false},"featured_media":216476,"template":"","meta":{"_acf_changed":false},"product_featured_cat":[],"product_brand":[],"product_cat":[4505],"product_tag":[],"class_list":{"0":"post-216480","1":"product","2":"type-product","3":"status-publish","4":"has-post-thumbnail","6":"product_cat-televiseurs","8":"first","9":"instock","10":"taxable","11":"shipping-taxable","12":"purchasable","13":"product-type-simple"},"acf":[],"yoast_head":"<!-- This site is optimized with the Yoast SEO plugin v27.5 - https:\/\/yoast.com\/product\/yoast-seo-wordpress\/ -->\n<title>T\u00e9l\u00e9viseur alphatronics K-24 W - Bantam<\/title>\n<meta name=\"robots\" content=\"index, follow, max-snippet:-1, max-image-preview:large, max-video-preview:-1\" \/>\n<link rel=\"canonical\" href=\"https:\/\/shop.bantam.ch\/fr\/produit\/televiseur-alphatronics-k-24-w\/\" \/>\n<meta property=\"og:locale\" content=\"fr_FR\" \/>\n<meta property=\"og:type\" content=\"article\" \/>\n<meta property=\"og:title\" content=\"T\u00e9l\u00e9viseur alphatronics K-24 W - Bantam\" \/>\n<meta property=\"og:description\" content=\"Bienvenue dans le monde du streaming avec notre ligne K. Faites l&rsquo;exp\u00e9rience d&rsquo;un divertissement simple et moderne avec des fonctions \u00e9prouv\u00e9es et une utilisation intuitive dans un bo\u00eetier robuste. Nous avons d\u00e9lib\u00e9r\u00e9ment renonc\u00e9 \u00e0 un lecteur DVD pour faire de la place aux technologies de streaming innovantes. Plongez dans l&rsquo;avenir de la t\u00e9l\u00e9vision avec la [&hellip;]\" \/>\n<meta property=\"og:url\" content=\"https:\/\/shop.bantam.ch\/fr\/produit\/televiseur-alphatronics-k-24-w\/\" \/>\n<meta property=\"og:site_name\" content=\"Bantam\" \/>\n<meta property=\"article:modified_time\" content=\"2026-05-02T21:26:54+00:00\" \/>\n<meta name=\"twitter:card\" content=\"summary_large_image\" \/>\n<meta name=\"twitter:label1\" content=\"Dur\u00e9e de lecture estim\u00e9e\" \/>\n\t<meta name=\"twitter:data1\" content=\"1 minute\" \/>\n<script type=\"application\/ld+json\" class=\"yoast-schema-graph\">{\"@context\":\"https:\\\/\\\/schema.org\",\"@graph\":[{\"@type\":\"WebPage\",\"@id\":\"https:\\\/\\\/shop.bantam.ch\\\/fr\\\/produit\\\/televiseur-alphatronics-k-24-w\\\/\",\"url\":\"https:\\\/\\\/shop.bantam.ch\\\/fr\\\/produit\\\/televiseur-alphatronics-k-24-w\\\/\",\"name\":\"T\u00e9l\u00e9viseur alphatronics K-24 W - Bantam\",\"isPartOf\":{\"@id\":\"https:\\\/\\\/shop.bantam.ch\\\/fr\\\/#website\"},\"primaryImageOfPage\":{\"@id\":\"https:\\\/\\\/shop.bantam.ch\\\/fr\\\/produit\\\/televiseur-alphatronics-k-24-w\\\/#primaryimage\"},\"image\":{\"@id\":\"https:\\\/\\\/shop.bantam.ch\\\/fr\\\/produit\\\/televiseur-alphatronics-k-24-w\\\/#primaryimage\"},\"thumbnailUrl\":\"https:\\\/\\\/shop.bantam.ch\\\/wp-content\\\/uploads\\\/2025\\\/03\\\/Movera-L-9975702100.jpg\",\"datePublished\":\"2025-03-14T15:58:29+00:00\",\"dateModified\":\"2026-05-02T21:26:54+00:00\",\"breadcrumb\":{\"@id\":\"https:\\\/\\\/shop.bantam.ch\\\/fr\\\/produit\\\/televiseur-alphatronics-k-24-w\\\/#breadcrumb\"},\"inLanguage\":\"fr-FR\",\"potentialAction\":[{\"@type\":\"ReadAction\",\"target\":[\"https:\\\/\\\/shop.bantam.ch\\\/fr\\\/produit\\\/televiseur-alphatronics-k-24-w\\\/\"]}]},{\"@type\":\"ImageObject\",\"inLanguage\":\"fr-FR\",\"@id\":\"https:\\\/\\\/shop.bantam.ch\\\/fr\\\/produit\\\/televiseur-alphatronics-k-24-w\\\/#primaryimage\",\"url\":\"https:\\\/\\\/shop.bantam.ch\\\/wp-content\\\/uploads\\\/2025\\\/03\\\/Movera-L-9975702100.jpg\",\"contentUrl\":\"https:\\\/\\\/shop.bantam.ch\\\/wp-content\\\/uploads\\\/2025\\\/03\\\/Movera-L-9975702100.jpg\",\"width\":640,\"height\":640},{\"@type\":\"BreadcrumbList\",\"@id\":\"https:\\\/\\\/shop.bantam.ch\\\/fr\\\/produit\\\/televiseur-alphatronics-k-24-w\\\/#breadcrumb\",\"itemListElement\":[{\"@type\":\"ListItem\",\"position\":1,\"name\":\"Accueil\",\"item\":\"https:\\\/\\\/shop.bantam.ch\\\/fr\\\/\"},{\"@type\":\"ListItem\",\"position\":2,\"name\":\"Boutique\",\"item\":\"https:\\\/\\\/shop.bantam.ch\\\/fr\\\/boutique\\\/\"},{\"@type\":\"ListItem\",\"position\":3,\"name\":\"T\u00e9l\u00e9viseur alphatronics K-24 W\"}]},{\"@type\":\"WebSite\",\"@id\":\"https:\\\/\\\/shop.bantam.ch\\\/fr\\\/#website\",\"url\":\"https:\\\/\\\/shop.bantam.ch\\\/fr\\\/\",\"name\":\"Bantam\",\"description\":\"\",\"publisher\":{\"@id\":\"https:\\\/\\\/shop.bantam.ch\\\/fr\\\/#organization\"},\"inLanguage\":\"fr-FR\"},{\"@type\":\"Organization\",\"@id\":\"https:\\\/\\\/shop.bantam.ch\\\/fr\\\/#organization\",\"name\":\"Bantam\",\"url\":\"https:\\\/\\\/shop.bantam.ch\\\/fr\\\/\",\"logo\":{\"@type\":\"ImageObject\",\"inLanguage\":\"fr-FR\",\"@id\":\"https:\\\/\\\/shop.bantam.ch\\\/fr\\\/#\\\/schema\\\/logo\\\/image\\\/\",\"url\":\"https:\\\/\\\/shop.bantam.ch\\\/wp-content\\\/uploads\\\/2022\\\/12\\\/bantam-logo.png\",\"contentUrl\":\"https:\\\/\\\/shop.bantam.ch\\\/wp-content\\\/uploads\\\/2022\\\/12\\\/bantam-logo.png\",\"width\":320,\"height\":71,\"caption\":\"Bantam\"},\"image\":{\"@id\":\"https:\\\/\\\/shop.bantam.ch\\\/fr\\\/#\\\/schema\\\/logo\\\/image\\\/\"}}]}<\/script>\n<!-- \/ Yoast SEO plugin. -->","yoast_head_json":{"title":"T\u00e9l\u00e9viseur alphatronics K-24 W - Bantam","robots":{"index":"index","follow":"follow","max-snippet":"max-snippet:-1","max-image-preview":"max-image-preview:large","max-video-preview":"max-video-preview:-1"},"canonical":"https:\/\/shop.bantam.ch\/fr\/produit\/televiseur-alphatronics-k-24-w\/","og_locale":"fr_FR","og_type":"article","og_title":"T\u00e9l\u00e9viseur alphatronics K-24 W - Bantam","og_description":"Bienvenue dans le monde du streaming avec notre ligne K. Faites l&rsquo;exp\u00e9rience d&rsquo;un divertissement simple et moderne avec des fonctions \u00e9prouv\u00e9es et une utilisation intuitive dans un bo\u00eetier robuste. Nous avons d\u00e9lib\u00e9r\u00e9ment renonc\u00e9 \u00e0 un lecteur DVD pour faire de la place aux technologies de streaming innovantes. Plongez dans l&rsquo;avenir de la t\u00e9l\u00e9vision avec la [&hellip;]","og_url":"https:\/\/shop.bantam.ch\/fr\/produit\/televiseur-alphatronics-k-24-w\/","og_site_name":"Bantam","article_modified_time":"2026-05-02T21:26:54+00:00","twitter_card":"summary_large_image","twitter_misc":{"Dur\u00e9e de lecture estim\u00e9e":"1 minute"},"schema":{"@context":"https:\/\/schema.org","@graph":[{"@type":"WebPage","@id":"https:\/\/shop.bantam.ch\/fr\/produit\/televiseur-alphatronics-k-24-w\/","url":"https:\/\/shop.bantam.ch\/fr\/produit\/televiseur-alphatronics-k-24-w\/","name":"T\u00e9l\u00e9viseur alphatronics K-24 W - Bantam","isPartOf":{"@id":"https:\/\/shop.bantam.ch\/fr\/#website"},"primaryImageOfPage":{"@id":"https:\/\/shop.bantam.ch\/fr\/produit\/televiseur-alphatronics-k-24-w\/#primaryimage"},"image":{"@id":"https:\/\/shop.bantam.ch\/fr\/produit\/televiseur-alphatronics-k-24-w\/#primaryimage"},"thumbnailUrl":"https:\/\/shop.bantam.ch\/wp-content\/uploads\/2025\/03\/Movera-L-9975702100.jpg","datePublished":"2025-03-14T15:58:29+00:00","dateModified":"2026-05-02T21:26:54+00:00","breadcrumb":{"@id":"https:\/\/shop.bantam.ch\/fr\/produit\/televiseur-alphatronics-k-24-w\/#breadcrumb"},"inLanguage":"fr-FR","potentialAction":[{"@type":"ReadAction","target":["https:\/\/shop.bantam.ch\/fr\/produit\/televiseur-alphatronics-k-24-w\/"]}]},{"@type":"ImageObject","inLanguage":"fr-FR","@id":"https:\/\/shop.bantam.ch\/fr\/produit\/televiseur-alphatronics-k-24-w\/#primaryimage","url":"https:\/\/shop.bantam.ch\/wp-content\/uploads\/2025\/03\/Movera-L-9975702100.jpg","contentUrl":"https:\/\/shop.bantam.ch\/wp-content\/uploads\/2025\/03\/Movera-L-9975702100.jpg","width":640,"height":640},{"@type":"BreadcrumbList","@id":"https:\/\/shop.bantam.ch\/fr\/produit\/televiseur-alphatronics-k-24-w\/#breadcrumb","itemListElement":[{"@type":"ListItem","position":1,"name":"Accueil","item":"https:\/\/shop.bantam.ch\/fr\/"},{"@type":"ListItem","position":2,"name":"Boutique","item":"https:\/\/shop.bantam.ch\/fr\/boutique\/"},{"@type":"ListItem","position":3,"name":"T\u00e9l\u00e9viseur alphatronics K-24 W"}]},{"@type":"WebSite","@id":"https:\/\/shop.bantam.ch\/fr\/#website","url":"https:\/\/shop.bantam.ch\/fr\/","name":"Bantam","description":"","publisher":{"@id":"https:\/\/shop.bantam.ch\/fr\/#organization"},"inLanguage":"fr-FR"},{"@type":"Organization","@id":"https:\/\/shop.bantam.ch\/fr\/#organization","name":"Bantam","url":"https:\/\/shop.bantam.ch\/fr\/","logo":{"@type":"ImageObject","inLanguage":"fr-FR","@id":"https:\/\/shop.bantam.ch\/fr\/#\/schema\/logo\/image\/","url":"https:\/\/shop.bantam.ch\/wp-content\/uploads\/2022\/12\/bantam-logo.png","contentUrl":"https:\/\/shop.bantam.ch\/wp-content\/uploads\/2022\/12\/bantam-logo.png","width":320,"height":71,"caption":"Bantam"},"image":{"@id":"https:\/\/shop.bantam.ch\/fr\/#\/schema\/logo\/image\/"}}]}},"_links":{"self":[{"href":"https:\/\/shop.bantam.ch\/fr\/wp-json\/wp\/v2\/product\/216480","targetHints":{"allow":["GET"]}}],"collection":[{"href":"https:\/\/shop.bantam.ch\/fr\/wp-json\/wp\/v2\/product"}],"about":[{"href":"https:\/\/shop.bantam.ch\/fr\/wp-json\/wp\/v2\/types\/product"}],"wp:featuredmedia":[{"embeddable":true,"href":"https:\/\/shop.bantam.ch\/fr\/wp-json\/wp\/v2\/media\/216476"}],"wp:attachment":[{"href":"https:\/\/shop.bantam.ch\/fr\/wp-json\/wp\/v2\/media?parent=216480"}],"wp:term":[{"taxonomy":"product_featured_cat","embeddable":true,"href":"https:\/\/shop.bantam.ch\/fr\/wp-json\/wp\/v2\/product_featured_cat?post=216480"},{"taxonomy":"product_brand","embeddable":true,"href":"https:\/\/shop.bantam.ch\/fr\/wp-json\/wp\/v2\/product_brand?post=216480"},{"taxonomy":"product_cat","embeddable":true,"href":"https:\/\/shop.bantam.ch\/fr\/wp-json\/wp\/v2\/product_cat?post=216480"},{"taxonomy":"product_tag","embeddable":true,"href":"https:\/\/shop.bantam.ch\/fr\/wp-json\/wp\/v2\/product_tag?post=216480"}],"curies":[{"name":"wp","href":"https:\/\/api.w.org\/{rel}","templated":true}]}}