{"id":216444,"date":"2025-03-14T16:57:48","date_gmt":"2025-03-14T15:57:48","guid":{"rendered":"https:\/\/shop.bantam.ch\/produit\/camera-de-recul-cam360-ahdhd-noire\/"},"modified":"2026-04-17T23:30:50","modified_gmt":"2026-04-17T21:30:50","slug":"camera-de-recul-cam360-ahdhd-noire","status":"publish","type":"product","link":"https:\/\/shop.bantam.ch\/fr\/produit\/camera-de-recul-cam360-ahdhd-noire\/","title":{"rendered":"Cam\u00e9ra de recul CAM360 AHDHD noire"},"content":{"rendered":"<p>Le syst\u00e8me de cam\u00e9ras se compose de quatre cam\u00e9ras grand angle de 190\u00b0, situ\u00e9es \u00e0 l&rsquo;avant, \u00e0 l&rsquo;arri\u00e8re, ainsi que sur les c\u00f4t\u00e9s gauche et droit du v\u00e9hicule. Le syst\u00e8me vid\u00e9o affiche un graphique du v\u00e9hicule sur l&rsquo;\u00e9cran du moniteur connect\u00e9, qui peut \u00eatre personnalis\u00e9. Un processeur vid\u00e9o combine les images enregistr\u00e9es en une vue panoramique \u00e0 360\u00b0 montrant l&rsquo;environnement du v\u00e9hicule. Le syst\u00e8me de cam\u00e9ra peut afficher les images de la cam\u00e9ra en 2D, en 3D ou de mani\u00e8re combin\u00e9e. La vue 2D affiche les images de la cam\u00e9ra dans une perspective de surveillance, chaque image de la cam\u00e9ra \u00e9tant affich\u00e9e s\u00e9par\u00e9ment. L&rsquo;affichage 3D pr\u00e9sente les images de la cam\u00e9ra sous forme de vue panoramique combin\u00e9e ou individuellement dans une perspective fisheye ou \u00e0 vol d&rsquo;oiseau. Les quatre cam\u00e9ras cr\u00e9ent une cam\u00e9ra virtuelle qui se d\u00e9place autour du v\u00e9hicule en fonction des r\u00e9glages effectu\u00e9s et des signaux de d\u00e9clenchement. Le syst\u00e8me de cam\u00e9ras est \u00e9quip\u00e9 d&rsquo;une fonction de d\u00e9tection des pi\u00e9tons dans les zones de chevauchement des images des cam\u00e9ras aux coins du v\u00e9hicule afin de contribuer au niveau de s\u00e9curit\u00e9. Le syst\u00e8me de cam\u00e9ras est activ\u00e9 lorsque le v\u00e9hicule est d\u00e9marr\u00e9. Selon les r\u00e9glages, certaines cam\u00e9ras peuvent \u00eatre activ\u00e9es par des signaux de d\u00e9clenchement, par exemple l&rsquo;utilisation d&rsquo;un clignotant ou la marche arri\u00e8re.<br \/>\nL&rsquo;unit\u00e9 de contr\u00f4le offre plusieurs fonctions, comme :<\/p>\n<ul>\n<li>Un \u00e9cran partag\u00e9 permanent ou un \u00e9cran partag\u00e9 d\u00e9clench\u00e9 par un signal de commande.<\/li>\n<li>Mode plein \u00e9cran automatique pour la cam\u00e9ra de recul comme fonction de r\u00e9troviseur<\/li>\n<li>Un mode plein \u00e9cran permanent pour la vue panoramique \u00e0 360\u00b0.<\/li>\n<li>Les vid\u00e9os des cam\u00e9ras peuvent \u00eatre enregistr\u00e9es selon le principe de la m\u00e9moire tampon circulaire et lues au sein du syst\u00e8me de cam\u00e9ras. Lorsqu&rsquo;un enregistrement se termine, la s\u00e9quence d&rsquo;enregistrement suivante commence automatiquement. La dur\u00e9e de la s\u00e9quence d&rsquo;enregistrement peut \u00eatre adapt\u00e9e. Lorsque la m\u00e9moire est pleine, le fichier le plus ancien est automatiquement \u00e9cras\u00e9. Les vid\u00e9os peuvent \u00eatre lues sur un moniteur Dometic, un moniteur externe ou via un ordinateur avec les cartes SD. Pour lire des vid\u00e9os sur un ordinateur, le cache de la carte SD du contr\u00f4leur doit \u00eatre facilement accessible et le format vid\u00e9o H.264 doit \u00eatre pris en charge par l&rsquo;ordinateur.<\/li>\n<\/ul>\n<p>Contenu de la livraison : y compris CAM360AHDHD, quatre cam\u00e9ras et un ordinateur h\u00f4te. C\u00e2ble syst\u00e8me non inclus.<\/p>\n","protected":false},"excerpt":{"rendered":"<p>Le syst\u00e8me de cam\u00e9ras se compose de quatre cam\u00e9ras grand angle de 190\u00b0, situ\u00e9es \u00e0 l&rsquo;avant, \u00e0 l&rsquo;arri\u00e8re, ainsi que sur les c\u00f4t\u00e9s gauche et droit du v\u00e9hicule. Le syst\u00e8me vid\u00e9o affiche un graphique du v\u00e9hicule sur l&rsquo;\u00e9cran du moniteur connect\u00e9, qui peut \u00eatre personnalis\u00e9. Un processeur vid\u00e9o combine les images enregistr\u00e9es en une vue [&hellip;]<\/p>\n","protected":false},"featured_media":216442,"template":"","meta":{"_acf_changed":false},"product_featured_cat":[],"product_brand":[],"product_cat":[5001],"product_tag":[],"class_list":{"0":"post-216444","1":"product","2":"type-product","3":"status-publish","4":"has-post-thumbnail","6":"product_cat-cameras","8":"first","9":"instock","10":"taxable","11":"shipping-taxable","12":"purchasable","13":"product-type-simple"},"acf":[],"yoast_head":"<!-- This site is optimized with the Yoast SEO plugin v27.4 - https:\/\/yoast.com\/product\/yoast-seo-wordpress\/ -->\n<title>Cam\u00e9ra de recul CAM360 AHDHD noire - Bantam Wankm\u00fcller SA<\/title>\n<meta name=\"robots\" content=\"index, follow, max-snippet:-1, max-image-preview:large, max-video-preview:-1\" \/>\n<link rel=\"canonical\" href=\"https:\/\/shop.bantam.ch\/fr\/produit\/camera-de-recul-cam360-ahdhd-noire\/\" \/>\n<meta property=\"og:locale\" content=\"fr_FR\" \/>\n<meta property=\"og:type\" content=\"article\" \/>\n<meta property=\"og:title\" content=\"Cam\u00e9ra de recul CAM360 AHDHD noire - Bantam Wankm\u00fcller SA\" \/>\n<meta property=\"og:description\" content=\"Le syst\u00e8me de cam\u00e9ras se compose de quatre cam\u00e9ras grand angle de 190\u00b0, situ\u00e9es \u00e0 l&rsquo;avant, \u00e0 l&rsquo;arri\u00e8re, ainsi que sur les c\u00f4t\u00e9s gauche et droit du v\u00e9hicule. Le syst\u00e8me vid\u00e9o affiche un graphique du v\u00e9hicule sur l&rsquo;\u00e9cran du moniteur connect\u00e9, qui peut \u00eatre personnalis\u00e9. Un processeur vid\u00e9o combine les images enregistr\u00e9es en une vue [&hellip;]\" \/>\n<meta property=\"og:url\" content=\"https:\/\/shop.bantam.ch\/fr\/produit\/camera-de-recul-cam360-ahdhd-noire\/\" \/>\n<meta property=\"og:site_name\" content=\"Bantam Wankm\u00fcller SA\" \/>\n<meta property=\"article:modified_time\" content=\"2026-04-17T21:30:50+00:00\" \/>\n<meta name=\"twitter:card\" content=\"summary_large_image\" \/>\n<meta name=\"twitter:label1\" content=\"Dur\u00e9e de lecture estim\u00e9e\" \/>\n\t<meta name=\"twitter:data1\" content=\"2 minutes\" \/>\n<script type=\"application\/ld+json\" class=\"yoast-schema-graph\">{\"@context\":\"https:\\\/\\\/schema.org\",\"@graph\":[{\"@type\":\"WebPage\",\"@id\":\"https:\\\/\\\/shop.bantam.ch\\\/fr\\\/produit\\\/camera-de-recul-cam360-ahdhd-noire\\\/\",\"url\":\"https:\\\/\\\/shop.bantam.ch\\\/fr\\\/produit\\\/camera-de-recul-cam360-ahdhd-noire\\\/\",\"name\":\"Cam\u00e9ra de recul CAM360 AHDHD noire - Bantam Wankm\u00fcller SA\",\"isPartOf\":{\"@id\":\"https:\\\/\\\/shop.bantam.ch\\\/fr\\\/#website\"},\"primaryImageOfPage\":{\"@id\":\"https:\\\/\\\/shop.bantam.ch\\\/fr\\\/produit\\\/camera-de-recul-cam360-ahdhd-noire\\\/#primaryimage\"},\"image\":{\"@id\":\"https:\\\/\\\/shop.bantam.ch\\\/fr\\\/produit\\\/camera-de-recul-cam360-ahdhd-noire\\\/#primaryimage\"},\"thumbnailUrl\":\"https:\\\/\\\/shop.bantam.ch\\\/wp-content\\\/uploads\\\/2025\\\/03\\\/Movera-L-9975689100.jpg\",\"datePublished\":\"2025-03-14T15:57:48+00:00\",\"dateModified\":\"2026-04-17T21:30:50+00:00\",\"breadcrumb\":{\"@id\":\"https:\\\/\\\/shop.bantam.ch\\\/fr\\\/produit\\\/camera-de-recul-cam360-ahdhd-noire\\\/#breadcrumb\"},\"inLanguage\":\"fr-FR\",\"potentialAction\":[{\"@type\":\"ReadAction\",\"target\":[\"https:\\\/\\\/shop.bantam.ch\\\/fr\\\/produit\\\/camera-de-recul-cam360-ahdhd-noire\\\/\"]}]},{\"@type\":\"ImageObject\",\"inLanguage\":\"fr-FR\",\"@id\":\"https:\\\/\\\/shop.bantam.ch\\\/fr\\\/produit\\\/camera-de-recul-cam360-ahdhd-noire\\\/#primaryimage\",\"url\":\"https:\\\/\\\/shop.bantam.ch\\\/wp-content\\\/uploads\\\/2025\\\/03\\\/Movera-L-9975689100.jpg\",\"contentUrl\":\"https:\\\/\\\/shop.bantam.ch\\\/wp-content\\\/uploads\\\/2025\\\/03\\\/Movera-L-9975689100.jpg\",\"width\":640,\"height\":640},{\"@type\":\"BreadcrumbList\",\"@id\":\"https:\\\/\\\/shop.bantam.ch\\\/fr\\\/produit\\\/camera-de-recul-cam360-ahdhd-noire\\\/#breadcrumb\",\"itemListElement\":[{\"@type\":\"ListItem\",\"position\":1,\"name\":\"Accueil\",\"item\":\"https:\\\/\\\/shop.bantam.ch\\\/fr\\\/\"},{\"@type\":\"ListItem\",\"position\":2,\"name\":\"Boutique\",\"item\":\"https:\\\/\\\/shop.bantam.ch\\\/fr\\\/boutique\\\/\"},{\"@type\":\"ListItem\",\"position\":3,\"name\":\"Cam\u00e9ra de recul CAM360 AHDHD noire\"}]},{\"@type\":\"WebSite\",\"@id\":\"https:\\\/\\\/shop.bantam.ch\\\/fr\\\/#website\",\"url\":\"https:\\\/\\\/shop.bantam.ch\\\/fr\\\/\",\"name\":\"Bantam Wankm\u00fcller SA\",\"description\":\"\",\"publisher\":{\"@id\":\"https:\\\/\\\/shop.bantam.ch\\\/fr\\\/#organization\"},\"inLanguage\":\"fr-FR\"},{\"@type\":\"Organization\",\"@id\":\"https:\\\/\\\/shop.bantam.ch\\\/fr\\\/#organization\",\"name\":\"Bantam Wankm\u00fcller SA\",\"url\":\"https:\\\/\\\/shop.bantam.ch\\\/fr\\\/\",\"logo\":{\"@type\":\"ImageObject\",\"inLanguage\":\"fr-FR\",\"@id\":\"https:\\\/\\\/shop.bantam.ch\\\/fr\\\/#\\\/schema\\\/logo\\\/image\\\/\",\"url\":\"https:\\\/\\\/shop.bantam.ch\\\/wp-content\\\/uploads\\\/2022\\\/12\\\/bantam-logo.png\",\"contentUrl\":\"https:\\\/\\\/shop.bantam.ch\\\/wp-content\\\/uploads\\\/2022\\\/12\\\/bantam-logo.png\",\"width\":320,\"height\":71,\"caption\":\"Bantam Wankm\u00fcller SA\"},\"image\":{\"@id\":\"https:\\\/\\\/shop.bantam.ch\\\/fr\\\/#\\\/schema\\\/logo\\\/image\\\/\"}}]}<\/script>\n<!-- \/ Yoast SEO plugin. -->","yoast_head_json":{"title":"Cam\u00e9ra de recul CAM360 AHDHD noire - Bantam Wankm\u00fcller SA","robots":{"index":"index","follow":"follow","max-snippet":"max-snippet:-1","max-image-preview":"max-image-preview:large","max-video-preview":"max-video-preview:-1"},"canonical":"https:\/\/shop.bantam.ch\/fr\/produit\/camera-de-recul-cam360-ahdhd-noire\/","og_locale":"fr_FR","og_type":"article","og_title":"Cam\u00e9ra de recul CAM360 AHDHD noire - Bantam Wankm\u00fcller SA","og_description":"Le syst\u00e8me de cam\u00e9ras se compose de quatre cam\u00e9ras grand angle de 190\u00b0, situ\u00e9es \u00e0 l&rsquo;avant, \u00e0 l&rsquo;arri\u00e8re, ainsi que sur les c\u00f4t\u00e9s gauche et droit du v\u00e9hicule. Le syst\u00e8me vid\u00e9o affiche un graphique du v\u00e9hicule sur l&rsquo;\u00e9cran du moniteur connect\u00e9, qui peut \u00eatre personnalis\u00e9. Un processeur vid\u00e9o combine les images enregistr\u00e9es en une vue [&hellip;]","og_url":"https:\/\/shop.bantam.ch\/fr\/produit\/camera-de-recul-cam360-ahdhd-noire\/","og_site_name":"Bantam Wankm\u00fcller SA","article_modified_time":"2026-04-17T21:30:50+00:00","twitter_card":"summary_large_image","twitter_misc":{"Dur\u00e9e de lecture estim\u00e9e":"2 minutes"},"schema":{"@context":"https:\/\/schema.org","@graph":[{"@type":"WebPage","@id":"https:\/\/shop.bantam.ch\/fr\/produit\/camera-de-recul-cam360-ahdhd-noire\/","url":"https:\/\/shop.bantam.ch\/fr\/produit\/camera-de-recul-cam360-ahdhd-noire\/","name":"Cam\u00e9ra de recul CAM360 AHDHD noire - Bantam Wankm\u00fcller SA","isPartOf":{"@id":"https:\/\/shop.bantam.ch\/fr\/#website"},"primaryImageOfPage":{"@id":"https:\/\/shop.bantam.ch\/fr\/produit\/camera-de-recul-cam360-ahdhd-noire\/#primaryimage"},"image":{"@id":"https:\/\/shop.bantam.ch\/fr\/produit\/camera-de-recul-cam360-ahdhd-noire\/#primaryimage"},"thumbnailUrl":"https:\/\/shop.bantam.ch\/wp-content\/uploads\/2025\/03\/Movera-L-9975689100.jpg","datePublished":"2025-03-14T15:57:48+00:00","dateModified":"2026-04-17T21:30:50+00:00","breadcrumb":{"@id":"https:\/\/shop.bantam.ch\/fr\/produit\/camera-de-recul-cam360-ahdhd-noire\/#breadcrumb"},"inLanguage":"fr-FR","potentialAction":[{"@type":"ReadAction","target":["https:\/\/shop.bantam.ch\/fr\/produit\/camera-de-recul-cam360-ahdhd-noire\/"]}]},{"@type":"ImageObject","inLanguage":"fr-FR","@id":"https:\/\/shop.bantam.ch\/fr\/produit\/camera-de-recul-cam360-ahdhd-noire\/#primaryimage","url":"https:\/\/shop.bantam.ch\/wp-content\/uploads\/2025\/03\/Movera-L-9975689100.jpg","contentUrl":"https:\/\/shop.bantam.ch\/wp-content\/uploads\/2025\/03\/Movera-L-9975689100.jpg","width":640,"height":640},{"@type":"BreadcrumbList","@id":"https:\/\/shop.bantam.ch\/fr\/produit\/camera-de-recul-cam360-ahdhd-noire\/#breadcrumb","itemListElement":[{"@type":"ListItem","position":1,"name":"Accueil","item":"https:\/\/shop.bantam.ch\/fr\/"},{"@type":"ListItem","position":2,"name":"Boutique","item":"https:\/\/shop.bantam.ch\/fr\/boutique\/"},{"@type":"ListItem","position":3,"name":"Cam\u00e9ra de recul CAM360 AHDHD noire"}]},{"@type":"WebSite","@id":"https:\/\/shop.bantam.ch\/fr\/#website","url":"https:\/\/shop.bantam.ch\/fr\/","name":"Bantam Wankm\u00fcller SA","description":"","publisher":{"@id":"https:\/\/shop.bantam.ch\/fr\/#organization"},"inLanguage":"fr-FR"},{"@type":"Organization","@id":"https:\/\/shop.bantam.ch\/fr\/#organization","name":"Bantam Wankm\u00fcller SA","url":"https:\/\/shop.bantam.ch\/fr\/","logo":{"@type":"ImageObject","inLanguage":"fr-FR","@id":"https:\/\/shop.bantam.ch\/fr\/#\/schema\/logo\/image\/","url":"https:\/\/shop.bantam.ch\/wp-content\/uploads\/2022\/12\/bantam-logo.png","contentUrl":"https:\/\/shop.bantam.ch\/wp-content\/uploads\/2022\/12\/bantam-logo.png","width":320,"height":71,"caption":"Bantam Wankm\u00fcller SA"},"image":{"@id":"https:\/\/shop.bantam.ch\/fr\/#\/schema\/logo\/image\/"}}]}},"_links":{"self":[{"href":"https:\/\/shop.bantam.ch\/fr\/wp-json\/wp\/v2\/product\/216444","targetHints":{"allow":["GET"]}}],"collection":[{"href":"https:\/\/shop.bantam.ch\/fr\/wp-json\/wp\/v2\/product"}],"about":[{"href":"https:\/\/shop.bantam.ch\/fr\/wp-json\/wp\/v2\/types\/product"}],"wp:featuredmedia":[{"embeddable":true,"href":"https:\/\/shop.bantam.ch\/fr\/wp-json\/wp\/v2\/media\/216442"}],"wp:attachment":[{"href":"https:\/\/shop.bantam.ch\/fr\/wp-json\/wp\/v2\/media?parent=216444"}],"wp:term":[{"taxonomy":"product_featured_cat","embeddable":true,"href":"https:\/\/shop.bantam.ch\/fr\/wp-json\/wp\/v2\/product_featured_cat?post=216444"},{"taxonomy":"product_brand","embeddable":true,"href":"https:\/\/shop.bantam.ch\/fr\/wp-json\/wp\/v2\/product_brand?post=216444"},{"taxonomy":"product_cat","embeddable":true,"href":"https:\/\/shop.bantam.ch\/fr\/wp-json\/wp\/v2\/product_cat?post=216444"},{"taxonomy":"product_tag","embeddable":true,"href":"https:\/\/shop.bantam.ch\/fr\/wp-json\/wp\/v2\/product_tag?post=216444"}],"curies":[{"name":"wp","href":"https:\/\/api.w.org\/{rel}","templated":true}]}}