{"id":216424,"date":"2025-03-14T16:57:11","date_gmt":"2025-03-14T15:57:11","guid":{"rendered":"https:\/\/shop.bantam.ch\/produit\/barbecue-a-gaz-carri-chef-50-bbq-grill2braai-dome-version-30-mbar\/"},"modified":"2026-04-19T23:39:37","modified_gmt":"2026-04-19T21:39:37","slug":"barbecue-a-gaz-carri-chef-50-bbq-grill2braai-dome-version-30-mbar","status":"publish","type":"product","link":"https:\/\/shop.bantam.ch\/fr\/produit\/barbecue-a-gaz-carri-chef-50-bbq-grill2braai-dome-version-30-mbar\/","title":{"rendered":"Barbecue \u00e0 gaz Carri Chef 50 \/ BBQ + Grill2Braai + D\u00f4me &#8211; Version 30 mbar."},"content":{"rendered":"<p>Barbecue \u00e0 gaz compact et r\u00e9chaud \u00e0 gaz en version 30 mbar, parfait pour une utilisation avec une prise de gaz de camping-car. Facile \u00e0 monter et peu encombrant, il se range ais\u00e9ment (sac de transport inclus). Br\u00fbleur puissant en acier inoxydable de 3,7 kW avec allumage pi\u00e9zo. Utilisation polyvalente : peut servir de barbecue avec grille ou plaque de cuisson, ainsi que de r\u00e9chaud \u00e0 gaz avec support pour casserole (tous les accessoires sont inclus). De nombreux autres embouts sont disponibles en option. Couvercle en acier \u00e9maill\u00e9 avec d\u00e9flecteur de chaleur, fentes de ventilation et thermom\u00e8tre, pouvant \u00e9galement servir de pare-vent.<\/p>\n<p>Nettoyage facile gr\u00e2ce \u00e0 une cuve \u00e0 graisse amovible en acier \u00e9maill\u00e9.<\/p>\n","protected":false},"excerpt":{"rendered":"<p>Barbecue \u00e0 gaz compact et r\u00e9chaud \u00e0 gaz en version 30 mbar, parfait pour une utilisation avec une prise de gaz de camping-car. Facile \u00e0 monter et peu encombrant, il se range ais\u00e9ment (sac de transport inclus). Br\u00fbleur puissant en acier inoxydable de 3,7 kW avec allumage pi\u00e9zo. Utilisation polyvalente : peut servir de barbecue [&hellip;]<\/p>\n","protected":false},"featured_media":216422,"template":"","meta":{"_acf_changed":false},"product_featured_cat":[94,5297],"product_brand":[3668],"product_cat":[4279],"product_tag":[],"class_list":{"0":"post-216424","1":"product","2":"type-product","3":"status-publish","4":"has-post-thumbnail","6":"product_featured_cat-promotions-etagnieres","7":"product_featured_cat-sonderangebote-hindelbank-fr","8":"product_brand-cadac","9":"product_cat-barbecues-a-gaz","11":"first","12":"instock","13":"sale","14":"taxable","15":"shipping-taxable","16":"purchasable","17":"product-type-simple"},"acf":[],"yoast_head":"<!-- This site is optimized with the Yoast SEO plugin v27.4 - https:\/\/yoast.com\/product\/yoast-seo-wordpress\/ -->\n<title>Barbecue \u00e0 gaz Carri Chef 50 \/ BBQ + Grill2Braai + D\u00f4me - Version 30 mbar. - Bantam Wankm\u00fcller SA<\/title>\n<meta name=\"robots\" content=\"index, follow, max-snippet:-1, max-image-preview:large, max-video-preview:-1\" \/>\n<link rel=\"canonical\" href=\"https:\/\/shop.bantam.ch\/fr\/produit\/barbecue-a-gaz-carri-chef-50-bbq-grill2braai-dome-version-30-mbar\/\" \/>\n<meta property=\"og:locale\" content=\"fr_FR\" \/>\n<meta property=\"og:type\" content=\"article\" \/>\n<meta property=\"og:title\" content=\"Barbecue \u00e0 gaz Carri Chef 50 \/ BBQ + Grill2Braai + D\u00f4me - Version 30 mbar. - Bantam Wankm\u00fcller SA\" \/>\n<meta property=\"og:description\" content=\"Barbecue \u00e0 gaz compact et r\u00e9chaud \u00e0 gaz en version 30 mbar, parfait pour une utilisation avec une prise de gaz de camping-car. Facile \u00e0 monter et peu encombrant, il se range ais\u00e9ment (sac de transport inclus). Br\u00fbleur puissant en acier inoxydable de 3,7 kW avec allumage pi\u00e9zo. Utilisation polyvalente : peut servir de barbecue [&hellip;]\" \/>\n<meta property=\"og:url\" content=\"https:\/\/shop.bantam.ch\/fr\/produit\/barbecue-a-gaz-carri-chef-50-bbq-grill2braai-dome-version-30-mbar\/\" \/>\n<meta property=\"og:site_name\" content=\"Bantam Wankm\u00fcller SA\" \/>\n<meta property=\"article:modified_time\" content=\"2026-04-19T21:39:37+00:00\" \/>\n<meta property=\"og:image\" content=\"https:\/\/shop.bantam.ch\/wp-content\/uploads\/2025\/03\/Cadac-Camping-Gasgrill-Carri-Chef-30mbar.jpg\" \/>\n\t<meta property=\"og:image:width\" content=\"562\" \/>\n\t<meta property=\"og:image:height\" content=\"1500\" \/>\n\t<meta property=\"og:image:type\" content=\"image\/jpeg\" \/>\n<meta name=\"twitter:card\" content=\"summary_large_image\" \/>\n<meta name=\"twitter:label1\" content=\"Dur\u00e9e de lecture estim\u00e9e\" \/>\n\t<meta name=\"twitter:data1\" content=\"1 minute\" \/>\n<script type=\"application\/ld+json\" class=\"yoast-schema-graph\">{\"@context\":\"https:\\\/\\\/schema.org\",\"@graph\":[{\"@type\":\"WebPage\",\"@id\":\"https:\\\/\\\/shop.bantam.ch\\\/fr\\\/produit\\\/barbecue-a-gaz-carri-chef-50-bbq-grill2braai-dome-version-30-mbar\\\/\",\"url\":\"https:\\\/\\\/shop.bantam.ch\\\/fr\\\/produit\\\/barbecue-a-gaz-carri-chef-50-bbq-grill2braai-dome-version-30-mbar\\\/\",\"name\":\"Barbecue \u00e0 gaz Carri Chef 50 \\\/ BBQ + Grill2Braai + D\u00f4me - Version 30 mbar. - Bantam Wankm\u00fcller SA\",\"isPartOf\":{\"@id\":\"https:\\\/\\\/shop.bantam.ch\\\/fr\\\/#website\"},\"primaryImageOfPage\":{\"@id\":\"https:\\\/\\\/shop.bantam.ch\\\/fr\\\/produit\\\/barbecue-a-gaz-carri-chef-50-bbq-grill2braai-dome-version-30-mbar\\\/#primaryimage\"},\"image\":{\"@id\":\"https:\\\/\\\/shop.bantam.ch\\\/fr\\\/produit\\\/barbecue-a-gaz-carri-chef-50-bbq-grill2braai-dome-version-30-mbar\\\/#primaryimage\"},\"thumbnailUrl\":\"https:\\\/\\\/shop.bantam.ch\\\/wp-content\\\/uploads\\\/2025\\\/03\\\/Cadac-Camping-Gasgrill-Carri-Chef-30mbar.jpg\",\"datePublished\":\"2025-03-14T15:57:11+00:00\",\"dateModified\":\"2026-04-19T21:39:37+00:00\",\"breadcrumb\":{\"@id\":\"https:\\\/\\\/shop.bantam.ch\\\/fr\\\/produit\\\/barbecue-a-gaz-carri-chef-50-bbq-grill2braai-dome-version-30-mbar\\\/#breadcrumb\"},\"inLanguage\":\"fr-FR\",\"potentialAction\":[{\"@type\":\"ReadAction\",\"target\":[\"https:\\\/\\\/shop.bantam.ch\\\/fr\\\/produit\\\/barbecue-a-gaz-carri-chef-50-bbq-grill2braai-dome-version-30-mbar\\\/\"]}]},{\"@type\":\"ImageObject\",\"inLanguage\":\"fr-FR\",\"@id\":\"https:\\\/\\\/shop.bantam.ch\\\/fr\\\/produit\\\/barbecue-a-gaz-carri-chef-50-bbq-grill2braai-dome-version-30-mbar\\\/#primaryimage\",\"url\":\"https:\\\/\\\/shop.bantam.ch\\\/wp-content\\\/uploads\\\/2025\\\/03\\\/Cadac-Camping-Gasgrill-Carri-Chef-30mbar.jpg\",\"contentUrl\":\"https:\\\/\\\/shop.bantam.ch\\\/wp-content\\\/uploads\\\/2025\\\/03\\\/Cadac-Camping-Gasgrill-Carri-Chef-30mbar.jpg\",\"width\":562,\"height\":1500},{\"@type\":\"BreadcrumbList\",\"@id\":\"https:\\\/\\\/shop.bantam.ch\\\/fr\\\/produit\\\/barbecue-a-gaz-carri-chef-50-bbq-grill2braai-dome-version-30-mbar\\\/#breadcrumb\",\"itemListElement\":[{\"@type\":\"ListItem\",\"position\":1,\"name\":\"Accueil\",\"item\":\"https:\\\/\\\/shop.bantam.ch\\\/fr\\\/\"},{\"@type\":\"ListItem\",\"position\":2,\"name\":\"Boutique\",\"item\":\"https:\\\/\\\/shop.bantam.ch\\\/fr\\\/boutique\\\/\"},{\"@type\":\"ListItem\",\"position\":3,\"name\":\"Barbecue \u00e0 gaz Carri Chef 50 \\\/ BBQ + Grill2Braai + D\u00f4me &#8211; Version 30 mbar.\"}]},{\"@type\":\"WebSite\",\"@id\":\"https:\\\/\\\/shop.bantam.ch\\\/fr\\\/#website\",\"url\":\"https:\\\/\\\/shop.bantam.ch\\\/fr\\\/\",\"name\":\"Bantam Wankm\u00fcller SA\",\"description\":\"\",\"publisher\":{\"@id\":\"https:\\\/\\\/shop.bantam.ch\\\/fr\\\/#organization\"},\"inLanguage\":\"fr-FR\"},{\"@type\":\"Organization\",\"@id\":\"https:\\\/\\\/shop.bantam.ch\\\/fr\\\/#organization\",\"name\":\"Bantam Wankm\u00fcller SA\",\"url\":\"https:\\\/\\\/shop.bantam.ch\\\/fr\\\/\",\"logo\":{\"@type\":\"ImageObject\",\"inLanguage\":\"fr-FR\",\"@id\":\"https:\\\/\\\/shop.bantam.ch\\\/fr\\\/#\\\/schema\\\/logo\\\/image\\\/\",\"url\":\"https:\\\/\\\/shop.bantam.ch\\\/wp-content\\\/uploads\\\/2022\\\/12\\\/bantam-logo.png\",\"contentUrl\":\"https:\\\/\\\/shop.bantam.ch\\\/wp-content\\\/uploads\\\/2022\\\/12\\\/bantam-logo.png\",\"width\":320,\"height\":71,\"caption\":\"Bantam Wankm\u00fcller SA\"},\"image\":{\"@id\":\"https:\\\/\\\/shop.bantam.ch\\\/fr\\\/#\\\/schema\\\/logo\\\/image\\\/\"}}]}<\/script>\n<!-- \/ Yoast SEO plugin. -->","yoast_head_json":{"title":"Barbecue \u00e0 gaz Carri Chef 50 \/ BBQ + Grill2Braai + D\u00f4me - Version 30 mbar. - Bantam Wankm\u00fcller SA","robots":{"index":"index","follow":"follow","max-snippet":"max-snippet:-1","max-image-preview":"max-image-preview:large","max-video-preview":"max-video-preview:-1"},"canonical":"https:\/\/shop.bantam.ch\/fr\/produit\/barbecue-a-gaz-carri-chef-50-bbq-grill2braai-dome-version-30-mbar\/","og_locale":"fr_FR","og_type":"article","og_title":"Barbecue \u00e0 gaz Carri Chef 50 \/ BBQ + Grill2Braai + D\u00f4me - Version 30 mbar. - Bantam Wankm\u00fcller SA","og_description":"Barbecue \u00e0 gaz compact et r\u00e9chaud \u00e0 gaz en version 30 mbar, parfait pour une utilisation avec une prise de gaz de camping-car. Facile \u00e0 monter et peu encombrant, il se range ais\u00e9ment (sac de transport inclus). Br\u00fbleur puissant en acier inoxydable de 3,7 kW avec allumage pi\u00e9zo. Utilisation polyvalente : peut servir de barbecue [&hellip;]","og_url":"https:\/\/shop.bantam.ch\/fr\/produit\/barbecue-a-gaz-carri-chef-50-bbq-grill2braai-dome-version-30-mbar\/","og_site_name":"Bantam Wankm\u00fcller SA","article_modified_time":"2026-04-19T21:39:37+00:00","og_image":[{"width":562,"height":1500,"url":"https:\/\/shop.bantam.ch\/wp-content\/uploads\/2025\/03\/Cadac-Camping-Gasgrill-Carri-Chef-30mbar.jpg","type":"image\/jpeg"}],"twitter_card":"summary_large_image","twitter_misc":{"Dur\u00e9e de lecture estim\u00e9e":"1 minute"},"schema":{"@context":"https:\/\/schema.org","@graph":[{"@type":"WebPage","@id":"https:\/\/shop.bantam.ch\/fr\/produit\/barbecue-a-gaz-carri-chef-50-bbq-grill2braai-dome-version-30-mbar\/","url":"https:\/\/shop.bantam.ch\/fr\/produit\/barbecue-a-gaz-carri-chef-50-bbq-grill2braai-dome-version-30-mbar\/","name":"Barbecue \u00e0 gaz Carri Chef 50 \/ BBQ + Grill2Braai + D\u00f4me - Version 30 mbar. - Bantam Wankm\u00fcller SA","isPartOf":{"@id":"https:\/\/shop.bantam.ch\/fr\/#website"},"primaryImageOfPage":{"@id":"https:\/\/shop.bantam.ch\/fr\/produit\/barbecue-a-gaz-carri-chef-50-bbq-grill2braai-dome-version-30-mbar\/#primaryimage"},"image":{"@id":"https:\/\/shop.bantam.ch\/fr\/produit\/barbecue-a-gaz-carri-chef-50-bbq-grill2braai-dome-version-30-mbar\/#primaryimage"},"thumbnailUrl":"https:\/\/shop.bantam.ch\/wp-content\/uploads\/2025\/03\/Cadac-Camping-Gasgrill-Carri-Chef-30mbar.jpg","datePublished":"2025-03-14T15:57:11+00:00","dateModified":"2026-04-19T21:39:37+00:00","breadcrumb":{"@id":"https:\/\/shop.bantam.ch\/fr\/produit\/barbecue-a-gaz-carri-chef-50-bbq-grill2braai-dome-version-30-mbar\/#breadcrumb"},"inLanguage":"fr-FR","potentialAction":[{"@type":"ReadAction","target":["https:\/\/shop.bantam.ch\/fr\/produit\/barbecue-a-gaz-carri-chef-50-bbq-grill2braai-dome-version-30-mbar\/"]}]},{"@type":"ImageObject","inLanguage":"fr-FR","@id":"https:\/\/shop.bantam.ch\/fr\/produit\/barbecue-a-gaz-carri-chef-50-bbq-grill2braai-dome-version-30-mbar\/#primaryimage","url":"https:\/\/shop.bantam.ch\/wp-content\/uploads\/2025\/03\/Cadac-Camping-Gasgrill-Carri-Chef-30mbar.jpg","contentUrl":"https:\/\/shop.bantam.ch\/wp-content\/uploads\/2025\/03\/Cadac-Camping-Gasgrill-Carri-Chef-30mbar.jpg","width":562,"height":1500},{"@type":"BreadcrumbList","@id":"https:\/\/shop.bantam.ch\/fr\/produit\/barbecue-a-gaz-carri-chef-50-bbq-grill2braai-dome-version-30-mbar\/#breadcrumb","itemListElement":[{"@type":"ListItem","position":1,"name":"Accueil","item":"https:\/\/shop.bantam.ch\/fr\/"},{"@type":"ListItem","position":2,"name":"Boutique","item":"https:\/\/shop.bantam.ch\/fr\/boutique\/"},{"@type":"ListItem","position":3,"name":"Barbecue \u00e0 gaz Carri Chef 50 \/ BBQ + Grill2Braai + D\u00f4me &#8211; Version 30 mbar."}]},{"@type":"WebSite","@id":"https:\/\/shop.bantam.ch\/fr\/#website","url":"https:\/\/shop.bantam.ch\/fr\/","name":"Bantam Wankm\u00fcller SA","description":"","publisher":{"@id":"https:\/\/shop.bantam.ch\/fr\/#organization"},"inLanguage":"fr-FR"},{"@type":"Organization","@id":"https:\/\/shop.bantam.ch\/fr\/#organization","name":"Bantam Wankm\u00fcller SA","url":"https:\/\/shop.bantam.ch\/fr\/","logo":{"@type":"ImageObject","inLanguage":"fr-FR","@id":"https:\/\/shop.bantam.ch\/fr\/#\/schema\/logo\/image\/","url":"https:\/\/shop.bantam.ch\/wp-content\/uploads\/2022\/12\/bantam-logo.png","contentUrl":"https:\/\/shop.bantam.ch\/wp-content\/uploads\/2022\/12\/bantam-logo.png","width":320,"height":71,"caption":"Bantam Wankm\u00fcller SA"},"image":{"@id":"https:\/\/shop.bantam.ch\/fr\/#\/schema\/logo\/image\/"}}]}},"_links":{"self":[{"href":"https:\/\/shop.bantam.ch\/fr\/wp-json\/wp\/v2\/product\/216424","targetHints":{"allow":["GET"]}}],"collection":[{"href":"https:\/\/shop.bantam.ch\/fr\/wp-json\/wp\/v2\/product"}],"about":[{"href":"https:\/\/shop.bantam.ch\/fr\/wp-json\/wp\/v2\/types\/product"}],"wp:featuredmedia":[{"embeddable":true,"href":"https:\/\/shop.bantam.ch\/fr\/wp-json\/wp\/v2\/media\/216422"}],"wp:attachment":[{"href":"https:\/\/shop.bantam.ch\/fr\/wp-json\/wp\/v2\/media?parent=216424"}],"wp:term":[{"taxonomy":"product_featured_cat","embeddable":true,"href":"https:\/\/shop.bantam.ch\/fr\/wp-json\/wp\/v2\/product_featured_cat?post=216424"},{"taxonomy":"product_brand","embeddable":true,"href":"https:\/\/shop.bantam.ch\/fr\/wp-json\/wp\/v2\/product_brand?post=216424"},{"taxonomy":"product_cat","embeddable":true,"href":"https:\/\/shop.bantam.ch\/fr\/wp-json\/wp\/v2\/product_cat?post=216424"},{"taxonomy":"product_tag","embeddable":true,"href":"https:\/\/shop.bantam.ch\/fr\/wp-json\/wp\/v2\/product_tag?post=216424"}],"curies":[{"name":"wp","href":"https:\/\/api.w.org\/{rel}","templated":true}]}}