{"id":216314,"date":"2025-03-14T16:54:28","date_gmt":"2025-03-14T15:54:28","guid":{"rendered":"https:\/\/shop.bantam.ch\/produit\/four-ovn-0250-sans-gril\/"},"modified":"2026-04-23T23:31:57","modified_gmt":"2026-04-23T21:31:57","slug":"four-ovn-0250-sans-gril","status":"publish","type":"product","link":"https:\/\/shop.bantam.ch\/fr\/produit\/four-ovn-0250-sans-gril\/","title":{"rendered":"Four OVN 0250 sans gril"},"content":{"rendered":"<ul>\n<li>Nettoyage facile gr\u00e2ce aux \u00e9l\u00e9ments de br\u00fbleur cach\u00e9s et aux surfaces lisses<\/li>\n<li>Capacit\u00e9 de 25 l pour la taille d&rsquo;un four traditionnel de 20 litres<\/li>\n<li>Le design \u00e9l\u00e9gant s&rsquo;accorde avec les r\u00e9frig\u00e9rateurs de la nouvelle s\u00e9rie 10 de Dometic<\/li>\n<li>Entretien sans probl\u00e8me &#8211; la porte du four peut \u00eatre retir\u00e9e<\/li>\n<li>Aucune restriction de montage &#8211; la ventilation interne et externe est possible<\/li>\n<li>Utilisation pratique et auto-explicative<\/li>\n<\/ul>\n","protected":false},"excerpt":{"rendered":"<p>Nettoyage facile gr\u00e2ce aux \u00e9l\u00e9ments de br\u00fbleur cach\u00e9s et aux surfaces lisses Capacit\u00e9 de 25 l pour la taille d&rsquo;un four traditionnel de 20 litres Le design \u00e9l\u00e9gant s&rsquo;accorde avec les r\u00e9frig\u00e9rateurs de la nouvelle s\u00e9rie 10 de Dometic Entretien sans probl\u00e8me &#8211; la porte du four peut \u00eatre retir\u00e9e Aucune restriction de montage &#8211; [&hellip;]<\/p>\n","protected":false},"featured_media":216304,"template":"","meta":{"_acf_changed":false},"product_featured_cat":[],"product_brand":[],"product_cat":[3995],"product_tag":[],"class_list":{"0":"post-216314","1":"product","2":"type-product","3":"status-publish","4":"has-post-thumbnail","6":"product_cat-fours-et-cuisinieres-a-gaz","8":"first","9":"instock","10":"taxable","11":"shipping-taxable","12":"purchasable","13":"product-type-simple"},"acf":[],"yoast_head":"<!-- This site is optimized with the Yoast SEO plugin v27.4 - https:\/\/yoast.com\/product\/yoast-seo-wordpress\/ -->\n<title>Four OVN 0250 sans gril - Bantam Wankm\u00fcller SA<\/title>\n<meta name=\"robots\" content=\"index, follow, max-snippet:-1, max-image-preview:large, max-video-preview:-1\" \/>\n<link rel=\"canonical\" href=\"https:\/\/shop.bantam.ch\/fr\/produit\/four-ovn-0250-sans-gril\/\" \/>\n<meta property=\"og:locale\" content=\"fr_FR\" \/>\n<meta property=\"og:type\" content=\"article\" \/>\n<meta property=\"og:title\" content=\"Four OVN 0250 sans gril - Bantam Wankm\u00fcller SA\" \/>\n<meta property=\"og:description\" content=\"Nettoyage facile gr\u00e2ce aux \u00e9l\u00e9ments de br\u00fbleur cach\u00e9s et aux surfaces lisses Capacit\u00e9 de 25 l pour la taille d&rsquo;un four traditionnel de 20 litres Le design \u00e9l\u00e9gant s&rsquo;accorde avec les r\u00e9frig\u00e9rateurs de la nouvelle s\u00e9rie 10 de Dometic Entretien sans probl\u00e8me &#8211; la porte du four peut \u00eatre retir\u00e9e Aucune restriction de montage &#8211; [&hellip;]\" \/>\n<meta property=\"og:url\" content=\"https:\/\/shop.bantam.ch\/fr\/produit\/four-ovn-0250-sans-gril\/\" \/>\n<meta property=\"og:site_name\" content=\"Bantam Wankm\u00fcller SA\" \/>\n<meta property=\"article:modified_time\" content=\"2026-04-23T21:31:57+00:00\" \/>\n<meta name=\"twitter:card\" content=\"summary_large_image\" \/>\n<script type=\"application\/ld+json\" class=\"yoast-schema-graph\">{\"@context\":\"https:\\\/\\\/schema.org\",\"@graph\":[{\"@type\":\"WebPage\",\"@id\":\"https:\\\/\\\/shop.bantam.ch\\\/fr\\\/produit\\\/four-ovn-0250-sans-gril\\\/\",\"url\":\"https:\\\/\\\/shop.bantam.ch\\\/fr\\\/produit\\\/four-ovn-0250-sans-gril\\\/\",\"name\":\"Four OVN 0250 sans gril - Bantam Wankm\u00fcller SA\",\"isPartOf\":{\"@id\":\"https:\\\/\\\/shop.bantam.ch\\\/fr\\\/#website\"},\"primaryImageOfPage\":{\"@id\":\"https:\\\/\\\/shop.bantam.ch\\\/fr\\\/produit\\\/four-ovn-0250-sans-gril\\\/#primaryimage\"},\"image\":{\"@id\":\"https:\\\/\\\/shop.bantam.ch\\\/fr\\\/produit\\\/four-ovn-0250-sans-gril\\\/#primaryimage\"},\"thumbnailUrl\":\"https:\\\/\\\/shop.bantam.ch\\\/wp-content\\\/uploads\\\/2025\\\/03\\\/Movera-L-9975654100.jpg\",\"datePublished\":\"2025-03-14T15:54:28+00:00\",\"dateModified\":\"2026-04-23T21:31:57+00:00\",\"breadcrumb\":{\"@id\":\"https:\\\/\\\/shop.bantam.ch\\\/fr\\\/produit\\\/four-ovn-0250-sans-gril\\\/#breadcrumb\"},\"inLanguage\":\"fr-FR\",\"potentialAction\":[{\"@type\":\"ReadAction\",\"target\":[\"https:\\\/\\\/shop.bantam.ch\\\/fr\\\/produit\\\/four-ovn-0250-sans-gril\\\/\"]}]},{\"@type\":\"ImageObject\",\"inLanguage\":\"fr-FR\",\"@id\":\"https:\\\/\\\/shop.bantam.ch\\\/fr\\\/produit\\\/four-ovn-0250-sans-gril\\\/#primaryimage\",\"url\":\"https:\\\/\\\/shop.bantam.ch\\\/wp-content\\\/uploads\\\/2025\\\/03\\\/Movera-L-9975654100.jpg\",\"contentUrl\":\"https:\\\/\\\/shop.bantam.ch\\\/wp-content\\\/uploads\\\/2025\\\/03\\\/Movera-L-9975654100.jpg\",\"width\":640,\"height\":640},{\"@type\":\"BreadcrumbList\",\"@id\":\"https:\\\/\\\/shop.bantam.ch\\\/fr\\\/produit\\\/four-ovn-0250-sans-gril\\\/#breadcrumb\",\"itemListElement\":[{\"@type\":\"ListItem\",\"position\":1,\"name\":\"Accueil\",\"item\":\"https:\\\/\\\/shop.bantam.ch\\\/fr\\\/\"},{\"@type\":\"ListItem\",\"position\":2,\"name\":\"Boutique\",\"item\":\"https:\\\/\\\/shop.bantam.ch\\\/fr\\\/boutique\\\/\"},{\"@type\":\"ListItem\",\"position\":3,\"name\":\"Four OVN 0250 sans gril\"}]},{\"@type\":\"WebSite\",\"@id\":\"https:\\\/\\\/shop.bantam.ch\\\/fr\\\/#website\",\"url\":\"https:\\\/\\\/shop.bantam.ch\\\/fr\\\/\",\"name\":\"Bantam Wankm\u00fcller SA\",\"description\":\"\",\"publisher\":{\"@id\":\"https:\\\/\\\/shop.bantam.ch\\\/fr\\\/#organization\"},\"inLanguage\":\"fr-FR\"},{\"@type\":\"Organization\",\"@id\":\"https:\\\/\\\/shop.bantam.ch\\\/fr\\\/#organization\",\"name\":\"Bantam Wankm\u00fcller SA\",\"url\":\"https:\\\/\\\/shop.bantam.ch\\\/fr\\\/\",\"logo\":{\"@type\":\"ImageObject\",\"inLanguage\":\"fr-FR\",\"@id\":\"https:\\\/\\\/shop.bantam.ch\\\/fr\\\/#\\\/schema\\\/logo\\\/image\\\/\",\"url\":\"https:\\\/\\\/shop.bantam.ch\\\/wp-content\\\/uploads\\\/2022\\\/12\\\/bantam-logo.png\",\"contentUrl\":\"https:\\\/\\\/shop.bantam.ch\\\/wp-content\\\/uploads\\\/2022\\\/12\\\/bantam-logo.png\",\"width\":320,\"height\":71,\"caption\":\"Bantam Wankm\u00fcller SA\"},\"image\":{\"@id\":\"https:\\\/\\\/shop.bantam.ch\\\/fr\\\/#\\\/schema\\\/logo\\\/image\\\/\"}}]}<\/script>\n<!-- \/ Yoast SEO plugin. -->","yoast_head_json":{"title":"Four OVN 0250 sans gril - Bantam Wankm\u00fcller SA","robots":{"index":"index","follow":"follow","max-snippet":"max-snippet:-1","max-image-preview":"max-image-preview:large","max-video-preview":"max-video-preview:-1"},"canonical":"https:\/\/shop.bantam.ch\/fr\/produit\/four-ovn-0250-sans-gril\/","og_locale":"fr_FR","og_type":"article","og_title":"Four OVN 0250 sans gril - Bantam Wankm\u00fcller SA","og_description":"Nettoyage facile gr\u00e2ce aux \u00e9l\u00e9ments de br\u00fbleur cach\u00e9s et aux surfaces lisses Capacit\u00e9 de 25 l pour la taille d&rsquo;un four traditionnel de 20 litres Le design \u00e9l\u00e9gant s&rsquo;accorde avec les r\u00e9frig\u00e9rateurs de la nouvelle s\u00e9rie 10 de Dometic Entretien sans probl\u00e8me &#8211; la porte du four peut \u00eatre retir\u00e9e Aucune restriction de montage &#8211; [&hellip;]","og_url":"https:\/\/shop.bantam.ch\/fr\/produit\/four-ovn-0250-sans-gril\/","og_site_name":"Bantam Wankm\u00fcller SA","article_modified_time":"2026-04-23T21:31:57+00:00","twitter_card":"summary_large_image","schema":{"@context":"https:\/\/schema.org","@graph":[{"@type":"WebPage","@id":"https:\/\/shop.bantam.ch\/fr\/produit\/four-ovn-0250-sans-gril\/","url":"https:\/\/shop.bantam.ch\/fr\/produit\/four-ovn-0250-sans-gril\/","name":"Four OVN 0250 sans gril - Bantam Wankm\u00fcller SA","isPartOf":{"@id":"https:\/\/shop.bantam.ch\/fr\/#website"},"primaryImageOfPage":{"@id":"https:\/\/shop.bantam.ch\/fr\/produit\/four-ovn-0250-sans-gril\/#primaryimage"},"image":{"@id":"https:\/\/shop.bantam.ch\/fr\/produit\/four-ovn-0250-sans-gril\/#primaryimage"},"thumbnailUrl":"https:\/\/shop.bantam.ch\/wp-content\/uploads\/2025\/03\/Movera-L-9975654100.jpg","datePublished":"2025-03-14T15:54:28+00:00","dateModified":"2026-04-23T21:31:57+00:00","breadcrumb":{"@id":"https:\/\/shop.bantam.ch\/fr\/produit\/four-ovn-0250-sans-gril\/#breadcrumb"},"inLanguage":"fr-FR","potentialAction":[{"@type":"ReadAction","target":["https:\/\/shop.bantam.ch\/fr\/produit\/four-ovn-0250-sans-gril\/"]}]},{"@type":"ImageObject","inLanguage":"fr-FR","@id":"https:\/\/shop.bantam.ch\/fr\/produit\/four-ovn-0250-sans-gril\/#primaryimage","url":"https:\/\/shop.bantam.ch\/wp-content\/uploads\/2025\/03\/Movera-L-9975654100.jpg","contentUrl":"https:\/\/shop.bantam.ch\/wp-content\/uploads\/2025\/03\/Movera-L-9975654100.jpg","width":640,"height":640},{"@type":"BreadcrumbList","@id":"https:\/\/shop.bantam.ch\/fr\/produit\/four-ovn-0250-sans-gril\/#breadcrumb","itemListElement":[{"@type":"ListItem","position":1,"name":"Accueil","item":"https:\/\/shop.bantam.ch\/fr\/"},{"@type":"ListItem","position":2,"name":"Boutique","item":"https:\/\/shop.bantam.ch\/fr\/boutique\/"},{"@type":"ListItem","position":3,"name":"Four OVN 0250 sans gril"}]},{"@type":"WebSite","@id":"https:\/\/shop.bantam.ch\/fr\/#website","url":"https:\/\/shop.bantam.ch\/fr\/","name":"Bantam Wankm\u00fcller SA","description":"","publisher":{"@id":"https:\/\/shop.bantam.ch\/fr\/#organization"},"inLanguage":"fr-FR"},{"@type":"Organization","@id":"https:\/\/shop.bantam.ch\/fr\/#organization","name":"Bantam Wankm\u00fcller SA","url":"https:\/\/shop.bantam.ch\/fr\/","logo":{"@type":"ImageObject","inLanguage":"fr-FR","@id":"https:\/\/shop.bantam.ch\/fr\/#\/schema\/logo\/image\/","url":"https:\/\/shop.bantam.ch\/wp-content\/uploads\/2022\/12\/bantam-logo.png","contentUrl":"https:\/\/shop.bantam.ch\/wp-content\/uploads\/2022\/12\/bantam-logo.png","width":320,"height":71,"caption":"Bantam Wankm\u00fcller SA"},"image":{"@id":"https:\/\/shop.bantam.ch\/fr\/#\/schema\/logo\/image\/"}}]}},"_links":{"self":[{"href":"https:\/\/shop.bantam.ch\/fr\/wp-json\/wp\/v2\/product\/216314","targetHints":{"allow":["GET"]}}],"collection":[{"href":"https:\/\/shop.bantam.ch\/fr\/wp-json\/wp\/v2\/product"}],"about":[{"href":"https:\/\/shop.bantam.ch\/fr\/wp-json\/wp\/v2\/types\/product"}],"wp:featuredmedia":[{"embeddable":true,"href":"https:\/\/shop.bantam.ch\/fr\/wp-json\/wp\/v2\/media\/216304"}],"wp:attachment":[{"href":"https:\/\/shop.bantam.ch\/fr\/wp-json\/wp\/v2\/media?parent=216314"}],"wp:term":[{"taxonomy":"product_featured_cat","embeddable":true,"href":"https:\/\/shop.bantam.ch\/fr\/wp-json\/wp\/v2\/product_featured_cat?post=216314"},{"taxonomy":"product_brand","embeddable":true,"href":"https:\/\/shop.bantam.ch\/fr\/wp-json\/wp\/v2\/product_brand?post=216314"},{"taxonomy":"product_cat","embeddable":true,"href":"https:\/\/shop.bantam.ch\/fr\/wp-json\/wp\/v2\/product_cat?post=216314"},{"taxonomy":"product_tag","embeddable":true,"href":"https:\/\/shop.bantam.ch\/fr\/wp-json\/wp\/v2\/product_tag?post=216314"}],"curies":[{"name":"wp","href":"https:\/\/api.w.org\/{rel}","templated":true}]}}