{"id":216210,"date":"2025-03-14T16:52:26","date_gmt":"2025-03-14T15:52:26","guid":{"rendered":"https:\/\/shop.bantam.ch\/produit\/plaque-de-cuisson-nervuree-maria-r-avec-cadre-noir\/"},"modified":"2026-04-23T23:31:50","modified_gmt":"2026-04-23T21:31:50","slug":"plaque-de-cuisson-nervuree-maria-r-avec-cadre-noir","status":"publish","type":"product","link":"https:\/\/shop.bantam.ch\/fr\/produit\/plaque-de-cuisson-nervuree-maria-r-avec-cadre-noir\/","title":{"rendered":"Plaque de cuisson nervur\u00e9e MARIA-R avec cadre noir"},"content":{"rendered":"<p>La plaque de cuisson nervur\u00e9e en aluminium moul\u00e9 sous pression et recouverte de t\u00e9flon est livr\u00e9e compl\u00e8te avec un cadre pour la fixer sur le r\u00e9chaud. Elle est compatible avec les mod\u00e8les FO600 et les mod\u00e8les \u00e0 2 br\u00fbleurs des s\u00e9ries 5326, 2002 et 200. Veuillez noter : Ne convient pas aux versions color\u00e9es et non \u00e9maill\u00e9es.<\/p>\n","protected":false},"excerpt":{"rendered":"<p>La plaque de cuisson nervur\u00e9e en aluminium moul\u00e9 sous pression et recouverte de t\u00e9flon est livr\u00e9e compl\u00e8te avec un cadre pour la fixer sur le r\u00e9chaud. Elle est compatible avec les mod\u00e8les FO600 et les mod\u00e8les \u00e0 2 br\u00fbleurs des s\u00e9ries 5326, 2002 et 200. Veuillez noter : Ne convient pas aux versions color\u00e9es et [&hellip;]<\/p>\n","protected":false},"featured_media":216208,"template":"","meta":{"_acf_changed":false},"product_featured_cat":[],"product_brand":[],"product_cat":[4341],"product_tag":[],"class_list":{"0":"post-216210","1":"product","2":"type-product","3":"status-publish","4":"has-post-thumbnail","6":"product_cat-accessoires-pour-rechaud","8":"first","9":"instock","10":"taxable","11":"shipping-taxable","12":"purchasable","13":"product-type-simple"},"acf":[],"yoast_head":"<!-- This site is optimized with the Yoast SEO plugin v27.4 - https:\/\/yoast.com\/product\/yoast-seo-wordpress\/ -->\n<title>Plaque de cuisson nervur\u00e9e MARIA-R avec cadre noir - Bantam Wankm\u00fcller SA<\/title>\n<meta name=\"robots\" content=\"index, follow, max-snippet:-1, max-image-preview:large, max-video-preview:-1\" \/>\n<link rel=\"canonical\" href=\"https:\/\/shop.bantam.ch\/fr\/produit\/plaque-de-cuisson-nervuree-maria-r-avec-cadre-noir\/\" \/>\n<meta property=\"og:locale\" content=\"fr_FR\" \/>\n<meta property=\"og:type\" content=\"article\" \/>\n<meta property=\"og:title\" content=\"Plaque de cuisson nervur\u00e9e MARIA-R avec cadre noir - Bantam Wankm\u00fcller SA\" \/>\n<meta property=\"og:description\" content=\"La plaque de cuisson nervur\u00e9e en aluminium moul\u00e9 sous pression et recouverte de t\u00e9flon est livr\u00e9e compl\u00e8te avec un cadre pour la fixer sur le r\u00e9chaud. Elle est compatible avec les mod\u00e8les FO600 et les mod\u00e8les \u00e0 2 br\u00fbleurs des s\u00e9ries 5326, 2002 et 200. Veuillez noter : Ne convient pas aux versions color\u00e9es et [&hellip;]\" \/>\n<meta property=\"og:url\" content=\"https:\/\/shop.bantam.ch\/fr\/produit\/plaque-de-cuisson-nervuree-maria-r-avec-cadre-noir\/\" \/>\n<meta property=\"og:site_name\" content=\"Bantam Wankm\u00fcller SA\" \/>\n<meta property=\"article:modified_time\" content=\"2026-04-23T21:31:50+00:00\" \/>\n<meta name=\"twitter:card\" content=\"summary_large_image\" \/>\n<script type=\"application\/ld+json\" class=\"yoast-schema-graph\">{\"@context\":\"https:\\\/\\\/schema.org\",\"@graph\":[{\"@type\":\"WebPage\",\"@id\":\"https:\\\/\\\/shop.bantam.ch\\\/fr\\\/produit\\\/plaque-de-cuisson-nervuree-maria-r-avec-cadre-noir\\\/\",\"url\":\"https:\\\/\\\/shop.bantam.ch\\\/fr\\\/produit\\\/plaque-de-cuisson-nervuree-maria-r-avec-cadre-noir\\\/\",\"name\":\"Plaque de cuisson nervur\u00e9e MARIA-R avec cadre noir - Bantam Wankm\u00fcller SA\",\"isPartOf\":{\"@id\":\"https:\\\/\\\/shop.bantam.ch\\\/fr\\\/#website\"},\"primaryImageOfPage\":{\"@id\":\"https:\\\/\\\/shop.bantam.ch\\\/fr\\\/produit\\\/plaque-de-cuisson-nervuree-maria-r-avec-cadre-noir\\\/#primaryimage\"},\"image\":{\"@id\":\"https:\\\/\\\/shop.bantam.ch\\\/fr\\\/produit\\\/plaque-de-cuisson-nervuree-maria-r-avec-cadre-noir\\\/#primaryimage\"},\"thumbnailUrl\":\"https:\\\/\\\/shop.bantam.ch\\\/wp-content\\\/uploads\\\/2025\\\/03\\\/Movera-L-9975635100.jpg\",\"datePublished\":\"2025-03-14T15:52:26+00:00\",\"dateModified\":\"2026-04-23T21:31:50+00:00\",\"breadcrumb\":{\"@id\":\"https:\\\/\\\/shop.bantam.ch\\\/fr\\\/produit\\\/plaque-de-cuisson-nervuree-maria-r-avec-cadre-noir\\\/#breadcrumb\"},\"inLanguage\":\"fr-FR\",\"potentialAction\":[{\"@type\":\"ReadAction\",\"target\":[\"https:\\\/\\\/shop.bantam.ch\\\/fr\\\/produit\\\/plaque-de-cuisson-nervuree-maria-r-avec-cadre-noir\\\/\"]}]},{\"@type\":\"ImageObject\",\"inLanguage\":\"fr-FR\",\"@id\":\"https:\\\/\\\/shop.bantam.ch\\\/fr\\\/produit\\\/plaque-de-cuisson-nervuree-maria-r-avec-cadre-noir\\\/#primaryimage\",\"url\":\"https:\\\/\\\/shop.bantam.ch\\\/wp-content\\\/uploads\\\/2025\\\/03\\\/Movera-L-9975635100.jpg\",\"contentUrl\":\"https:\\\/\\\/shop.bantam.ch\\\/wp-content\\\/uploads\\\/2025\\\/03\\\/Movera-L-9975635100.jpg\",\"width\":640,\"height\":640},{\"@type\":\"BreadcrumbList\",\"@id\":\"https:\\\/\\\/shop.bantam.ch\\\/fr\\\/produit\\\/plaque-de-cuisson-nervuree-maria-r-avec-cadre-noir\\\/#breadcrumb\",\"itemListElement\":[{\"@type\":\"ListItem\",\"position\":1,\"name\":\"Accueil\",\"item\":\"https:\\\/\\\/shop.bantam.ch\\\/fr\\\/\"},{\"@type\":\"ListItem\",\"position\":2,\"name\":\"Boutique\",\"item\":\"https:\\\/\\\/shop.bantam.ch\\\/fr\\\/boutique\\\/\"},{\"@type\":\"ListItem\",\"position\":3,\"name\":\"Plaque de cuisson nervur\u00e9e MARIA-R avec cadre noir\"}]},{\"@type\":\"WebSite\",\"@id\":\"https:\\\/\\\/shop.bantam.ch\\\/fr\\\/#website\",\"url\":\"https:\\\/\\\/shop.bantam.ch\\\/fr\\\/\",\"name\":\"Bantam Wankm\u00fcller SA\",\"description\":\"\",\"publisher\":{\"@id\":\"https:\\\/\\\/shop.bantam.ch\\\/fr\\\/#organization\"},\"inLanguage\":\"fr-FR\"},{\"@type\":\"Organization\",\"@id\":\"https:\\\/\\\/shop.bantam.ch\\\/fr\\\/#organization\",\"name\":\"Bantam Wankm\u00fcller SA\",\"url\":\"https:\\\/\\\/shop.bantam.ch\\\/fr\\\/\",\"logo\":{\"@type\":\"ImageObject\",\"inLanguage\":\"fr-FR\",\"@id\":\"https:\\\/\\\/shop.bantam.ch\\\/fr\\\/#\\\/schema\\\/logo\\\/image\\\/\",\"url\":\"https:\\\/\\\/shop.bantam.ch\\\/wp-content\\\/uploads\\\/2022\\\/12\\\/bantam-logo.png\",\"contentUrl\":\"https:\\\/\\\/shop.bantam.ch\\\/wp-content\\\/uploads\\\/2022\\\/12\\\/bantam-logo.png\",\"width\":320,\"height\":71,\"caption\":\"Bantam Wankm\u00fcller SA\"},\"image\":{\"@id\":\"https:\\\/\\\/shop.bantam.ch\\\/fr\\\/#\\\/schema\\\/logo\\\/image\\\/\"}}]}<\/script>\n<!-- \/ Yoast SEO plugin. -->","yoast_head_json":{"title":"Plaque de cuisson nervur\u00e9e MARIA-R avec cadre noir - Bantam Wankm\u00fcller SA","robots":{"index":"index","follow":"follow","max-snippet":"max-snippet:-1","max-image-preview":"max-image-preview:large","max-video-preview":"max-video-preview:-1"},"canonical":"https:\/\/shop.bantam.ch\/fr\/produit\/plaque-de-cuisson-nervuree-maria-r-avec-cadre-noir\/","og_locale":"fr_FR","og_type":"article","og_title":"Plaque de cuisson nervur\u00e9e MARIA-R avec cadre noir - Bantam Wankm\u00fcller SA","og_description":"La plaque de cuisson nervur\u00e9e en aluminium moul\u00e9 sous pression et recouverte de t\u00e9flon est livr\u00e9e compl\u00e8te avec un cadre pour la fixer sur le r\u00e9chaud. Elle est compatible avec les mod\u00e8les FO600 et les mod\u00e8les \u00e0 2 br\u00fbleurs des s\u00e9ries 5326, 2002 et 200. Veuillez noter : Ne convient pas aux versions color\u00e9es et [&hellip;]","og_url":"https:\/\/shop.bantam.ch\/fr\/produit\/plaque-de-cuisson-nervuree-maria-r-avec-cadre-noir\/","og_site_name":"Bantam Wankm\u00fcller SA","article_modified_time":"2026-04-23T21:31:50+00:00","twitter_card":"summary_large_image","schema":{"@context":"https:\/\/schema.org","@graph":[{"@type":"WebPage","@id":"https:\/\/shop.bantam.ch\/fr\/produit\/plaque-de-cuisson-nervuree-maria-r-avec-cadre-noir\/","url":"https:\/\/shop.bantam.ch\/fr\/produit\/plaque-de-cuisson-nervuree-maria-r-avec-cadre-noir\/","name":"Plaque de cuisson nervur\u00e9e MARIA-R avec cadre noir - Bantam Wankm\u00fcller SA","isPartOf":{"@id":"https:\/\/shop.bantam.ch\/fr\/#website"},"primaryImageOfPage":{"@id":"https:\/\/shop.bantam.ch\/fr\/produit\/plaque-de-cuisson-nervuree-maria-r-avec-cadre-noir\/#primaryimage"},"image":{"@id":"https:\/\/shop.bantam.ch\/fr\/produit\/plaque-de-cuisson-nervuree-maria-r-avec-cadre-noir\/#primaryimage"},"thumbnailUrl":"https:\/\/shop.bantam.ch\/wp-content\/uploads\/2025\/03\/Movera-L-9975635100.jpg","datePublished":"2025-03-14T15:52:26+00:00","dateModified":"2026-04-23T21:31:50+00:00","breadcrumb":{"@id":"https:\/\/shop.bantam.ch\/fr\/produit\/plaque-de-cuisson-nervuree-maria-r-avec-cadre-noir\/#breadcrumb"},"inLanguage":"fr-FR","potentialAction":[{"@type":"ReadAction","target":["https:\/\/shop.bantam.ch\/fr\/produit\/plaque-de-cuisson-nervuree-maria-r-avec-cadre-noir\/"]}]},{"@type":"ImageObject","inLanguage":"fr-FR","@id":"https:\/\/shop.bantam.ch\/fr\/produit\/plaque-de-cuisson-nervuree-maria-r-avec-cadre-noir\/#primaryimage","url":"https:\/\/shop.bantam.ch\/wp-content\/uploads\/2025\/03\/Movera-L-9975635100.jpg","contentUrl":"https:\/\/shop.bantam.ch\/wp-content\/uploads\/2025\/03\/Movera-L-9975635100.jpg","width":640,"height":640},{"@type":"BreadcrumbList","@id":"https:\/\/shop.bantam.ch\/fr\/produit\/plaque-de-cuisson-nervuree-maria-r-avec-cadre-noir\/#breadcrumb","itemListElement":[{"@type":"ListItem","position":1,"name":"Accueil","item":"https:\/\/shop.bantam.ch\/fr\/"},{"@type":"ListItem","position":2,"name":"Boutique","item":"https:\/\/shop.bantam.ch\/fr\/boutique\/"},{"@type":"ListItem","position":3,"name":"Plaque de cuisson nervur\u00e9e MARIA-R avec cadre noir"}]},{"@type":"WebSite","@id":"https:\/\/shop.bantam.ch\/fr\/#website","url":"https:\/\/shop.bantam.ch\/fr\/","name":"Bantam Wankm\u00fcller SA","description":"","publisher":{"@id":"https:\/\/shop.bantam.ch\/fr\/#organization"},"inLanguage":"fr-FR"},{"@type":"Organization","@id":"https:\/\/shop.bantam.ch\/fr\/#organization","name":"Bantam Wankm\u00fcller SA","url":"https:\/\/shop.bantam.ch\/fr\/","logo":{"@type":"ImageObject","inLanguage":"fr-FR","@id":"https:\/\/shop.bantam.ch\/fr\/#\/schema\/logo\/image\/","url":"https:\/\/shop.bantam.ch\/wp-content\/uploads\/2022\/12\/bantam-logo.png","contentUrl":"https:\/\/shop.bantam.ch\/wp-content\/uploads\/2022\/12\/bantam-logo.png","width":320,"height":71,"caption":"Bantam Wankm\u00fcller SA"},"image":{"@id":"https:\/\/shop.bantam.ch\/fr\/#\/schema\/logo\/image\/"}}]}},"_links":{"self":[{"href":"https:\/\/shop.bantam.ch\/fr\/wp-json\/wp\/v2\/product\/216210","targetHints":{"allow":["GET"]}}],"collection":[{"href":"https:\/\/shop.bantam.ch\/fr\/wp-json\/wp\/v2\/product"}],"about":[{"href":"https:\/\/shop.bantam.ch\/fr\/wp-json\/wp\/v2\/types\/product"}],"wp:featuredmedia":[{"embeddable":true,"href":"https:\/\/shop.bantam.ch\/fr\/wp-json\/wp\/v2\/media\/216208"}],"wp:attachment":[{"href":"https:\/\/shop.bantam.ch\/fr\/wp-json\/wp\/v2\/media?parent=216210"}],"wp:term":[{"taxonomy":"product_featured_cat","embeddable":true,"href":"https:\/\/shop.bantam.ch\/fr\/wp-json\/wp\/v2\/product_featured_cat?post=216210"},{"taxonomy":"product_brand","embeddable":true,"href":"https:\/\/shop.bantam.ch\/fr\/wp-json\/wp\/v2\/product_brand?post=216210"},{"taxonomy":"product_cat","embeddable":true,"href":"https:\/\/shop.bantam.ch\/fr\/wp-json\/wp\/v2\/product_cat?post=216210"},{"taxonomy":"product_tag","embeddable":true,"href":"https:\/\/shop.bantam.ch\/fr\/wp-json\/wp\/v2\/product_tag?post=216210"}],"curies":[{"name":"wp","href":"https:\/\/api.w.org\/{rel}","templated":true}]}}