{"id":216056,"date":"2025-03-14T16:48:17","date_gmt":"2025-03-14T15:48:17","guid":{"rendered":"https:\/\/shop.bantam.ch\/produit\/koch-spulkombination-thetford-serie-353-links-waschbecken-links\/"},"modified":"2026-04-17T23:30:36","modified_gmt":"2026-04-17T21:30:36","slug":"koch-spulkombination-thetford-serie-353-links-waschbecken-links","status":"publish","type":"product","link":"https:\/\/shop.bantam.ch\/fr\/produit\/koch-spulkombination-thetford-serie-353-links-waschbecken-links\/","title":{"rendered":"Koch-\/Sp\u00fclkombination THETFORD Serie 353 links Waschbecken links"},"content":{"rendered":"<p>La qualit\u00e9 et la disposition ergonomique de cette gamme ont fait leurs preuves au fil des ans. Une table de cuisson rectangulaire en acier inoxydable, facile \u00e0 nettoyer et dot\u00e9e de supports de casseroles amovibles. Vous pouvez parfaitement la combiner avec l&rsquo;\u00e9vier rectangulaire assorti de la Basic Line 34.<\/p>\n","protected":false},"excerpt":{"rendered":"<p>La qualit\u00e9 et la disposition ergonomique de cette gamme ont fait leurs preuves au fil des ans. Une table de cuisson rectangulaire en acier inoxydable, facile \u00e0 nettoyer et dot\u00e9e de supports de casseroles amovibles. Vous pouvez parfaitement la combiner avec l&rsquo;\u00e9vier rectangulaire assorti de la Basic Line 34.<\/p>\n","protected":false},"featured_media":216054,"template":"","meta":{"_acf_changed":false},"product_featured_cat":[],"product_brand":[],"product_cat":[4311],"product_tag":[],"class_list":{"0":"post-216056","1":"product","2":"type-product","3":"status-publish","4":"has-post-thumbnail","6":"product_cat-plaques-de-cuisson-a-gaz","8":"first","9":"instock","10":"taxable","11":"shipping-taxable","12":"purchasable","13":"product-type-simple"},"acf":[],"yoast_head":"<!-- This site is optimized with the Yoast SEO plugin v27.4 - https:\/\/yoast.com\/product\/yoast-seo-wordpress\/ -->\n<title>Koch-\/Sp\u00fclkombination THETFORD Serie 353 links Waschbecken links - Bantam Wankm\u00fcller SA<\/title>\n<meta name=\"robots\" content=\"index, follow, max-snippet:-1, max-image-preview:large, max-video-preview:-1\" \/>\n<link rel=\"canonical\" href=\"https:\/\/shop.bantam.ch\/fr\/produit\/koch-spulkombination-thetford-serie-353-links-waschbecken-links\/\" \/>\n<meta property=\"og:locale\" content=\"fr_FR\" \/>\n<meta property=\"og:type\" content=\"article\" \/>\n<meta property=\"og:title\" content=\"Koch-\/Sp\u00fclkombination THETFORD Serie 353 links Waschbecken links - Bantam Wankm\u00fcller SA\" \/>\n<meta property=\"og:description\" content=\"La qualit\u00e9 et la disposition ergonomique de cette gamme ont fait leurs preuves au fil des ans. Une table de cuisson rectangulaire en acier inoxydable, facile \u00e0 nettoyer et dot\u00e9e de supports de casseroles amovibles. Vous pouvez parfaitement la combiner avec l&rsquo;\u00e9vier rectangulaire assorti de la Basic Line 34.\" \/>\n<meta property=\"og:url\" content=\"https:\/\/shop.bantam.ch\/fr\/produit\/koch-spulkombination-thetford-serie-353-links-waschbecken-links\/\" \/>\n<meta property=\"og:site_name\" content=\"Bantam Wankm\u00fcller SA\" \/>\n<meta property=\"article:modified_time\" content=\"2026-04-17T21:30:36+00:00\" \/>\n<meta name=\"twitter:card\" content=\"summary_large_image\" \/>\n<script type=\"application\/ld+json\" class=\"yoast-schema-graph\">{\"@context\":\"https:\\\/\\\/schema.org\",\"@graph\":[{\"@type\":\"WebPage\",\"@id\":\"https:\\\/\\\/shop.bantam.ch\\\/fr\\\/produit\\\/koch-spulkombination-thetford-serie-353-links-waschbecken-links\\\/\",\"url\":\"https:\\\/\\\/shop.bantam.ch\\\/fr\\\/produit\\\/koch-spulkombination-thetford-serie-353-links-waschbecken-links\\\/\",\"name\":\"Koch-\\\/Sp\u00fclkombination THETFORD Serie 353 links Waschbecken links - Bantam Wankm\u00fcller SA\",\"isPartOf\":{\"@id\":\"https:\\\/\\\/shop.bantam.ch\\\/fr\\\/#website\"},\"primaryImageOfPage\":{\"@id\":\"https:\\\/\\\/shop.bantam.ch\\\/fr\\\/produit\\\/koch-spulkombination-thetford-serie-353-links-waschbecken-links\\\/#primaryimage\"},\"image\":{\"@id\":\"https:\\\/\\\/shop.bantam.ch\\\/fr\\\/produit\\\/koch-spulkombination-thetford-serie-353-links-waschbecken-links\\\/#primaryimage\"},\"thumbnailUrl\":\"https:\\\/\\\/shop.bantam.ch\\\/wp-content\\\/uploads\\\/2025\\\/03\\\/Movera-L-9975592100.jpg\",\"datePublished\":\"2025-03-14T15:48:17+00:00\",\"dateModified\":\"2026-04-17T21:30:36+00:00\",\"breadcrumb\":{\"@id\":\"https:\\\/\\\/shop.bantam.ch\\\/fr\\\/produit\\\/koch-spulkombination-thetford-serie-353-links-waschbecken-links\\\/#breadcrumb\"},\"inLanguage\":\"fr-FR\",\"potentialAction\":[{\"@type\":\"ReadAction\",\"target\":[\"https:\\\/\\\/shop.bantam.ch\\\/fr\\\/produit\\\/koch-spulkombination-thetford-serie-353-links-waschbecken-links\\\/\"]}]},{\"@type\":\"ImageObject\",\"inLanguage\":\"fr-FR\",\"@id\":\"https:\\\/\\\/shop.bantam.ch\\\/fr\\\/produit\\\/koch-spulkombination-thetford-serie-353-links-waschbecken-links\\\/#primaryimage\",\"url\":\"https:\\\/\\\/shop.bantam.ch\\\/wp-content\\\/uploads\\\/2025\\\/03\\\/Movera-L-9975592100.jpg\",\"contentUrl\":\"https:\\\/\\\/shop.bantam.ch\\\/wp-content\\\/uploads\\\/2025\\\/03\\\/Movera-L-9975592100.jpg\",\"width\":640,\"height\":640},{\"@type\":\"BreadcrumbList\",\"@id\":\"https:\\\/\\\/shop.bantam.ch\\\/fr\\\/produit\\\/koch-spulkombination-thetford-serie-353-links-waschbecken-links\\\/#breadcrumb\",\"itemListElement\":[{\"@type\":\"ListItem\",\"position\":1,\"name\":\"Accueil\",\"item\":\"https:\\\/\\\/shop.bantam.ch\\\/fr\\\/\"},{\"@type\":\"ListItem\",\"position\":2,\"name\":\"Boutique\",\"item\":\"https:\\\/\\\/shop.bantam.ch\\\/fr\\\/boutique\\\/\"},{\"@type\":\"ListItem\",\"position\":3,\"name\":\"Koch-\\\/Sp\u00fclkombination THETFORD Serie 353 links Waschbecken links\"}]},{\"@type\":\"WebSite\",\"@id\":\"https:\\\/\\\/shop.bantam.ch\\\/fr\\\/#website\",\"url\":\"https:\\\/\\\/shop.bantam.ch\\\/fr\\\/\",\"name\":\"Bantam Wankm\u00fcller SA\",\"description\":\"\",\"publisher\":{\"@id\":\"https:\\\/\\\/shop.bantam.ch\\\/fr\\\/#organization\"},\"inLanguage\":\"fr-FR\"},{\"@type\":\"Organization\",\"@id\":\"https:\\\/\\\/shop.bantam.ch\\\/fr\\\/#organization\",\"name\":\"Bantam Wankm\u00fcller SA\",\"url\":\"https:\\\/\\\/shop.bantam.ch\\\/fr\\\/\",\"logo\":{\"@type\":\"ImageObject\",\"inLanguage\":\"fr-FR\",\"@id\":\"https:\\\/\\\/shop.bantam.ch\\\/fr\\\/#\\\/schema\\\/logo\\\/image\\\/\",\"url\":\"https:\\\/\\\/shop.bantam.ch\\\/wp-content\\\/uploads\\\/2022\\\/12\\\/bantam-logo.png\",\"contentUrl\":\"https:\\\/\\\/shop.bantam.ch\\\/wp-content\\\/uploads\\\/2022\\\/12\\\/bantam-logo.png\",\"width\":320,\"height\":71,\"caption\":\"Bantam Wankm\u00fcller SA\"},\"image\":{\"@id\":\"https:\\\/\\\/shop.bantam.ch\\\/fr\\\/#\\\/schema\\\/logo\\\/image\\\/\"}}]}<\/script>\n<!-- \/ Yoast SEO plugin. -->","yoast_head_json":{"title":"Koch-\/Sp\u00fclkombination THETFORD Serie 353 links Waschbecken links - Bantam Wankm\u00fcller SA","robots":{"index":"index","follow":"follow","max-snippet":"max-snippet:-1","max-image-preview":"max-image-preview:large","max-video-preview":"max-video-preview:-1"},"canonical":"https:\/\/shop.bantam.ch\/fr\/produit\/koch-spulkombination-thetford-serie-353-links-waschbecken-links\/","og_locale":"fr_FR","og_type":"article","og_title":"Koch-\/Sp\u00fclkombination THETFORD Serie 353 links Waschbecken links - Bantam Wankm\u00fcller SA","og_description":"La qualit\u00e9 et la disposition ergonomique de cette gamme ont fait leurs preuves au fil des ans. Une table de cuisson rectangulaire en acier inoxydable, facile \u00e0 nettoyer et dot\u00e9e de supports de casseroles amovibles. Vous pouvez parfaitement la combiner avec l&rsquo;\u00e9vier rectangulaire assorti de la Basic Line 34.","og_url":"https:\/\/shop.bantam.ch\/fr\/produit\/koch-spulkombination-thetford-serie-353-links-waschbecken-links\/","og_site_name":"Bantam Wankm\u00fcller SA","article_modified_time":"2026-04-17T21:30:36+00:00","twitter_card":"summary_large_image","schema":{"@context":"https:\/\/schema.org","@graph":[{"@type":"WebPage","@id":"https:\/\/shop.bantam.ch\/fr\/produit\/koch-spulkombination-thetford-serie-353-links-waschbecken-links\/","url":"https:\/\/shop.bantam.ch\/fr\/produit\/koch-spulkombination-thetford-serie-353-links-waschbecken-links\/","name":"Koch-\/Sp\u00fclkombination THETFORD Serie 353 links Waschbecken links - Bantam Wankm\u00fcller SA","isPartOf":{"@id":"https:\/\/shop.bantam.ch\/fr\/#website"},"primaryImageOfPage":{"@id":"https:\/\/shop.bantam.ch\/fr\/produit\/koch-spulkombination-thetford-serie-353-links-waschbecken-links\/#primaryimage"},"image":{"@id":"https:\/\/shop.bantam.ch\/fr\/produit\/koch-spulkombination-thetford-serie-353-links-waschbecken-links\/#primaryimage"},"thumbnailUrl":"https:\/\/shop.bantam.ch\/wp-content\/uploads\/2025\/03\/Movera-L-9975592100.jpg","datePublished":"2025-03-14T15:48:17+00:00","dateModified":"2026-04-17T21:30:36+00:00","breadcrumb":{"@id":"https:\/\/shop.bantam.ch\/fr\/produit\/koch-spulkombination-thetford-serie-353-links-waschbecken-links\/#breadcrumb"},"inLanguage":"fr-FR","potentialAction":[{"@type":"ReadAction","target":["https:\/\/shop.bantam.ch\/fr\/produit\/koch-spulkombination-thetford-serie-353-links-waschbecken-links\/"]}]},{"@type":"ImageObject","inLanguage":"fr-FR","@id":"https:\/\/shop.bantam.ch\/fr\/produit\/koch-spulkombination-thetford-serie-353-links-waschbecken-links\/#primaryimage","url":"https:\/\/shop.bantam.ch\/wp-content\/uploads\/2025\/03\/Movera-L-9975592100.jpg","contentUrl":"https:\/\/shop.bantam.ch\/wp-content\/uploads\/2025\/03\/Movera-L-9975592100.jpg","width":640,"height":640},{"@type":"BreadcrumbList","@id":"https:\/\/shop.bantam.ch\/fr\/produit\/koch-spulkombination-thetford-serie-353-links-waschbecken-links\/#breadcrumb","itemListElement":[{"@type":"ListItem","position":1,"name":"Accueil","item":"https:\/\/shop.bantam.ch\/fr\/"},{"@type":"ListItem","position":2,"name":"Boutique","item":"https:\/\/shop.bantam.ch\/fr\/boutique\/"},{"@type":"ListItem","position":3,"name":"Koch-\/Sp\u00fclkombination THETFORD Serie 353 links Waschbecken links"}]},{"@type":"WebSite","@id":"https:\/\/shop.bantam.ch\/fr\/#website","url":"https:\/\/shop.bantam.ch\/fr\/","name":"Bantam Wankm\u00fcller SA","description":"","publisher":{"@id":"https:\/\/shop.bantam.ch\/fr\/#organization"},"inLanguage":"fr-FR"},{"@type":"Organization","@id":"https:\/\/shop.bantam.ch\/fr\/#organization","name":"Bantam Wankm\u00fcller SA","url":"https:\/\/shop.bantam.ch\/fr\/","logo":{"@type":"ImageObject","inLanguage":"fr-FR","@id":"https:\/\/shop.bantam.ch\/fr\/#\/schema\/logo\/image\/","url":"https:\/\/shop.bantam.ch\/wp-content\/uploads\/2022\/12\/bantam-logo.png","contentUrl":"https:\/\/shop.bantam.ch\/wp-content\/uploads\/2022\/12\/bantam-logo.png","width":320,"height":71,"caption":"Bantam Wankm\u00fcller SA"},"image":{"@id":"https:\/\/shop.bantam.ch\/fr\/#\/schema\/logo\/image\/"}}]}},"_links":{"self":[{"href":"https:\/\/shop.bantam.ch\/fr\/wp-json\/wp\/v2\/product\/216056","targetHints":{"allow":["GET"]}}],"collection":[{"href":"https:\/\/shop.bantam.ch\/fr\/wp-json\/wp\/v2\/product"}],"about":[{"href":"https:\/\/shop.bantam.ch\/fr\/wp-json\/wp\/v2\/types\/product"}],"wp:featuredmedia":[{"embeddable":true,"href":"https:\/\/shop.bantam.ch\/fr\/wp-json\/wp\/v2\/media\/216054"}],"wp:attachment":[{"href":"https:\/\/shop.bantam.ch\/fr\/wp-json\/wp\/v2\/media?parent=216056"}],"wp:term":[{"taxonomy":"product_featured_cat","embeddable":true,"href":"https:\/\/shop.bantam.ch\/fr\/wp-json\/wp\/v2\/product_featured_cat?post=216056"},{"taxonomy":"product_brand","embeddable":true,"href":"https:\/\/shop.bantam.ch\/fr\/wp-json\/wp\/v2\/product_brand?post=216056"},{"taxonomy":"product_cat","embeddable":true,"href":"https:\/\/shop.bantam.ch\/fr\/wp-json\/wp\/v2\/product_cat?post=216056"},{"taxonomy":"product_tag","embeddable":true,"href":"https:\/\/shop.bantam.ch\/fr\/wp-json\/wp\/v2\/product_tag?post=216056"}],"curies":[{"name":"wp","href":"https:\/\/api.w.org\/{rel}","templated":true}]}}