{"id":215964,"date":"2025-03-14T16:46:40","date_gmt":"2025-03-14T15:46:40","guid":{"rendered":"https:\/\/shop.bantam.ch\/produit\/lenkrad-interface-zenec-fur-fiat-ducato-ii-serie-8-ab-baujahr-q3-2021-fur-xzent-und-zenec\/"},"modified":"2026-04-18T23:33:34","modified_gmt":"2026-04-18T21:33:34","slug":"lenkrad-interface-zenec-fur-fiat-ducato-ii-serie-8-ab-baujahr-q3-2021-fur-xzent-und-zenec","status":"publish","type":"product","link":"https:\/\/shop.bantam.ch\/fr\/produit\/lenkrad-interface-zenec-fur-fiat-ducato-ii-serie-8-ab-baujahr-q3-2021-fur-xzent-und-zenec\/","title":{"rendered":"Lenkrad Interface ZENEC f\u00fcr Fiat Ducato II Serie 8 ab Baujahr Q3 2021 f\u00fcr XZENT und ZENEC"},"content":{"rendered":"<p>Interface au volant &#8211; pour FIAT Ducato III, \u00e0 partir de la s\u00e9rie 8 avec pr\u00e9paration radio \u00e0 partir de Q3 2021 pour la commande \u00e0 distance du volant et avec support des touches du t\u00e9l\u00e9phone. COMPATIBILIT\u00c9 AVEC LE V\u00c9HICULE :&nbsp;<br \/>\nFIAT Ducato III (s\u00e9rie 8, s\u00e9rie 9, s\u00e9rie 2) Tous les mod\u00e8les avec pr\u00e9paration radio \u00e0 partir de Q3 2021<br \/>\nCITRO\u00cbN Jumper II (s\u00e9rie 2) Tous les mod\u00e8les avec pr\u00e9paration radio \u00e0 partir de Q3 2024<br \/>\nPEUGEOT Boxer II (s\u00e9rie 2) Tous les mod\u00e8les avec pr\u00e9paration radio \u00e0 partir du Q3 2024<br \/>\nOPEL Movano C (s\u00e9rie 2) Tous les mod\u00e8les avec pr\u00e9paration radio \u00e0 partir de Q3 2024<\/p>\n<p>Contenu de la livraison : c\u00e2ble de connexion radio universel inclus<\/p>\n","protected":false},"excerpt":{"rendered":"<p>Interface au volant &#8211; pour FIAT Ducato III, \u00e0 partir de la s\u00e9rie 8 avec pr\u00e9paration radio \u00e0 partir de Q3 2021 pour la commande \u00e0 distance du volant et avec support des touches du t\u00e9l\u00e9phone. COMPATIBILIT\u00c9 AVEC LE V\u00c9HICULE :&nbsp; FIAT Ducato III (s\u00e9rie 8, s\u00e9rie 9, s\u00e9rie 2) Tous les mod\u00e8les avec pr\u00e9paration [&hellip;]<\/p>\n","protected":false},"featured_media":215962,"template":"","meta":{"_acf_changed":false},"product_featured_cat":[],"product_brand":[],"product_cat":[4521],"product_tag":[],"class_list":{"0":"post-215964","1":"product","2":"type-product","3":"status-publish","4":"has-post-thumbnail","6":"product_cat-accessoires-pour-radios-et-moniceiver","8":"first","9":"instock","10":"taxable","11":"shipping-taxable","12":"purchasable","13":"product-type-simple"},"acf":[],"yoast_head":"<!-- This site is optimized with the Yoast SEO plugin v27.4 - https:\/\/yoast.com\/product\/yoast-seo-wordpress\/ -->\n<title>Lenkrad Interface ZENEC f\u00fcr Fiat Ducato II Serie 8 ab Baujahr Q3 2021 f\u00fcr XZENT und ZENEC - Bantam Wankm\u00fcller SA<\/title>\n<meta name=\"robots\" content=\"index, follow, max-snippet:-1, max-image-preview:large, max-video-preview:-1\" \/>\n<link rel=\"canonical\" href=\"https:\/\/shop.bantam.ch\/fr\/produit\/lenkrad-interface-zenec-fur-fiat-ducato-ii-serie-8-ab-baujahr-q3-2021-fur-xzent-und-zenec\/\" \/>\n<meta property=\"og:locale\" content=\"fr_FR\" \/>\n<meta property=\"og:type\" content=\"article\" \/>\n<meta property=\"og:title\" content=\"Lenkrad Interface ZENEC f\u00fcr Fiat Ducato II Serie 8 ab Baujahr Q3 2021 f\u00fcr XZENT und ZENEC - Bantam Wankm\u00fcller SA\" \/>\n<meta property=\"og:description\" content=\"Interface au volant &#8211; pour FIAT Ducato III, \u00e0 partir de la s\u00e9rie 8 avec pr\u00e9paration radio \u00e0 partir de Q3 2021 pour la commande \u00e0 distance du volant et avec support des touches du t\u00e9l\u00e9phone. COMPATIBILIT\u00c9 AVEC LE V\u00c9HICULE :&nbsp; FIAT Ducato III (s\u00e9rie 8, s\u00e9rie 9, s\u00e9rie 2) Tous les mod\u00e8les avec pr\u00e9paration [&hellip;]\" \/>\n<meta property=\"og:url\" content=\"https:\/\/shop.bantam.ch\/fr\/produit\/lenkrad-interface-zenec-fur-fiat-ducato-ii-serie-8-ab-baujahr-q3-2021-fur-xzent-und-zenec\/\" \/>\n<meta property=\"og:site_name\" content=\"Bantam Wankm\u00fcller SA\" \/>\n<meta property=\"article:modified_time\" content=\"2026-04-18T21:33:34+00:00\" \/>\n<meta name=\"twitter:card\" content=\"summary_large_image\" \/>\n<meta name=\"twitter:label1\" content=\"Dur\u00e9e de lecture estim\u00e9e\" \/>\n\t<meta name=\"twitter:data1\" content=\"1 minute\" \/>\n<script type=\"application\/ld+json\" class=\"yoast-schema-graph\">{\"@context\":\"https:\\\/\\\/schema.org\",\"@graph\":[{\"@type\":\"WebPage\",\"@id\":\"https:\\\/\\\/shop.bantam.ch\\\/fr\\\/produit\\\/lenkrad-interface-zenec-fur-fiat-ducato-ii-serie-8-ab-baujahr-q3-2021-fur-xzent-und-zenec\\\/\",\"url\":\"https:\\\/\\\/shop.bantam.ch\\\/fr\\\/produit\\\/lenkrad-interface-zenec-fur-fiat-ducato-ii-serie-8-ab-baujahr-q3-2021-fur-xzent-und-zenec\\\/\",\"name\":\"Lenkrad Interface ZENEC f\u00fcr Fiat Ducato II Serie 8 ab Baujahr Q3 2021 f\u00fcr XZENT und ZENEC - Bantam Wankm\u00fcller SA\",\"isPartOf\":{\"@id\":\"https:\\\/\\\/shop.bantam.ch\\\/fr\\\/#website\"},\"primaryImageOfPage\":{\"@id\":\"https:\\\/\\\/shop.bantam.ch\\\/fr\\\/produit\\\/lenkrad-interface-zenec-fur-fiat-ducato-ii-serie-8-ab-baujahr-q3-2021-fur-xzent-und-zenec\\\/#primaryimage\"},\"image\":{\"@id\":\"https:\\\/\\\/shop.bantam.ch\\\/fr\\\/produit\\\/lenkrad-interface-zenec-fur-fiat-ducato-ii-serie-8-ab-baujahr-q3-2021-fur-xzent-und-zenec\\\/#primaryimage\"},\"thumbnailUrl\":\"https:\\\/\\\/shop.bantam.ch\\\/wp-content\\\/uploads\\\/2025\\\/03\\\/Movera-L-9975573100.jpg\",\"datePublished\":\"2025-03-14T15:46:40+00:00\",\"dateModified\":\"2026-04-18T21:33:34+00:00\",\"breadcrumb\":{\"@id\":\"https:\\\/\\\/shop.bantam.ch\\\/fr\\\/produit\\\/lenkrad-interface-zenec-fur-fiat-ducato-ii-serie-8-ab-baujahr-q3-2021-fur-xzent-und-zenec\\\/#breadcrumb\"},\"inLanguage\":\"fr-FR\",\"potentialAction\":[{\"@type\":\"ReadAction\",\"target\":[\"https:\\\/\\\/shop.bantam.ch\\\/fr\\\/produit\\\/lenkrad-interface-zenec-fur-fiat-ducato-ii-serie-8-ab-baujahr-q3-2021-fur-xzent-und-zenec\\\/\"]}]},{\"@type\":\"ImageObject\",\"inLanguage\":\"fr-FR\",\"@id\":\"https:\\\/\\\/shop.bantam.ch\\\/fr\\\/produit\\\/lenkrad-interface-zenec-fur-fiat-ducato-ii-serie-8-ab-baujahr-q3-2021-fur-xzent-und-zenec\\\/#primaryimage\",\"url\":\"https:\\\/\\\/shop.bantam.ch\\\/wp-content\\\/uploads\\\/2025\\\/03\\\/Movera-L-9975573100.jpg\",\"contentUrl\":\"https:\\\/\\\/shop.bantam.ch\\\/wp-content\\\/uploads\\\/2025\\\/03\\\/Movera-L-9975573100.jpg\",\"width\":640,\"height\":480},{\"@type\":\"BreadcrumbList\",\"@id\":\"https:\\\/\\\/shop.bantam.ch\\\/fr\\\/produit\\\/lenkrad-interface-zenec-fur-fiat-ducato-ii-serie-8-ab-baujahr-q3-2021-fur-xzent-und-zenec\\\/#breadcrumb\",\"itemListElement\":[{\"@type\":\"ListItem\",\"position\":1,\"name\":\"Accueil\",\"item\":\"https:\\\/\\\/shop.bantam.ch\\\/fr\\\/\"},{\"@type\":\"ListItem\",\"position\":2,\"name\":\"Boutique\",\"item\":\"https:\\\/\\\/shop.bantam.ch\\\/fr\\\/boutique\\\/\"},{\"@type\":\"ListItem\",\"position\":3,\"name\":\"Lenkrad Interface ZENEC f\u00fcr Fiat Ducato II Serie 8 ab Baujahr Q3 2021 f\u00fcr XZENT und ZENEC\"}]},{\"@type\":\"WebSite\",\"@id\":\"https:\\\/\\\/shop.bantam.ch\\\/fr\\\/#website\",\"url\":\"https:\\\/\\\/shop.bantam.ch\\\/fr\\\/\",\"name\":\"Bantam Wankm\u00fcller SA\",\"description\":\"\",\"publisher\":{\"@id\":\"https:\\\/\\\/shop.bantam.ch\\\/fr\\\/#organization\"},\"inLanguage\":\"fr-FR\"},{\"@type\":\"Organization\",\"@id\":\"https:\\\/\\\/shop.bantam.ch\\\/fr\\\/#organization\",\"name\":\"Bantam Wankm\u00fcller SA\",\"url\":\"https:\\\/\\\/shop.bantam.ch\\\/fr\\\/\",\"logo\":{\"@type\":\"ImageObject\",\"inLanguage\":\"fr-FR\",\"@id\":\"https:\\\/\\\/shop.bantam.ch\\\/fr\\\/#\\\/schema\\\/logo\\\/image\\\/\",\"url\":\"https:\\\/\\\/shop.bantam.ch\\\/wp-content\\\/uploads\\\/2022\\\/12\\\/bantam-logo.png\",\"contentUrl\":\"https:\\\/\\\/shop.bantam.ch\\\/wp-content\\\/uploads\\\/2022\\\/12\\\/bantam-logo.png\",\"width\":320,\"height\":71,\"caption\":\"Bantam Wankm\u00fcller SA\"},\"image\":{\"@id\":\"https:\\\/\\\/shop.bantam.ch\\\/fr\\\/#\\\/schema\\\/logo\\\/image\\\/\"}}]}<\/script>\n<!-- \/ Yoast SEO plugin. -->","yoast_head_json":{"title":"Lenkrad Interface ZENEC f\u00fcr Fiat Ducato II Serie 8 ab Baujahr Q3 2021 f\u00fcr XZENT und ZENEC - Bantam Wankm\u00fcller SA","robots":{"index":"index","follow":"follow","max-snippet":"max-snippet:-1","max-image-preview":"max-image-preview:large","max-video-preview":"max-video-preview:-1"},"canonical":"https:\/\/shop.bantam.ch\/fr\/produit\/lenkrad-interface-zenec-fur-fiat-ducato-ii-serie-8-ab-baujahr-q3-2021-fur-xzent-und-zenec\/","og_locale":"fr_FR","og_type":"article","og_title":"Lenkrad Interface ZENEC f\u00fcr Fiat Ducato II Serie 8 ab Baujahr Q3 2021 f\u00fcr XZENT und ZENEC - Bantam Wankm\u00fcller SA","og_description":"Interface au volant &#8211; pour FIAT Ducato III, \u00e0 partir de la s\u00e9rie 8 avec pr\u00e9paration radio \u00e0 partir de Q3 2021 pour la commande \u00e0 distance du volant et avec support des touches du t\u00e9l\u00e9phone. COMPATIBILIT\u00c9 AVEC LE V\u00c9HICULE :&nbsp; FIAT Ducato III (s\u00e9rie 8, s\u00e9rie 9, s\u00e9rie 2) Tous les mod\u00e8les avec pr\u00e9paration [&hellip;]","og_url":"https:\/\/shop.bantam.ch\/fr\/produit\/lenkrad-interface-zenec-fur-fiat-ducato-ii-serie-8-ab-baujahr-q3-2021-fur-xzent-und-zenec\/","og_site_name":"Bantam Wankm\u00fcller SA","article_modified_time":"2026-04-18T21:33:34+00:00","twitter_card":"summary_large_image","twitter_misc":{"Dur\u00e9e de lecture estim\u00e9e":"1 minute"},"schema":{"@context":"https:\/\/schema.org","@graph":[{"@type":"WebPage","@id":"https:\/\/shop.bantam.ch\/fr\/produit\/lenkrad-interface-zenec-fur-fiat-ducato-ii-serie-8-ab-baujahr-q3-2021-fur-xzent-und-zenec\/","url":"https:\/\/shop.bantam.ch\/fr\/produit\/lenkrad-interface-zenec-fur-fiat-ducato-ii-serie-8-ab-baujahr-q3-2021-fur-xzent-und-zenec\/","name":"Lenkrad Interface ZENEC f\u00fcr Fiat Ducato II Serie 8 ab Baujahr Q3 2021 f\u00fcr XZENT und ZENEC - Bantam Wankm\u00fcller SA","isPartOf":{"@id":"https:\/\/shop.bantam.ch\/fr\/#website"},"primaryImageOfPage":{"@id":"https:\/\/shop.bantam.ch\/fr\/produit\/lenkrad-interface-zenec-fur-fiat-ducato-ii-serie-8-ab-baujahr-q3-2021-fur-xzent-und-zenec\/#primaryimage"},"image":{"@id":"https:\/\/shop.bantam.ch\/fr\/produit\/lenkrad-interface-zenec-fur-fiat-ducato-ii-serie-8-ab-baujahr-q3-2021-fur-xzent-und-zenec\/#primaryimage"},"thumbnailUrl":"https:\/\/shop.bantam.ch\/wp-content\/uploads\/2025\/03\/Movera-L-9975573100.jpg","datePublished":"2025-03-14T15:46:40+00:00","dateModified":"2026-04-18T21:33:34+00:00","breadcrumb":{"@id":"https:\/\/shop.bantam.ch\/fr\/produit\/lenkrad-interface-zenec-fur-fiat-ducato-ii-serie-8-ab-baujahr-q3-2021-fur-xzent-und-zenec\/#breadcrumb"},"inLanguage":"fr-FR","potentialAction":[{"@type":"ReadAction","target":["https:\/\/shop.bantam.ch\/fr\/produit\/lenkrad-interface-zenec-fur-fiat-ducato-ii-serie-8-ab-baujahr-q3-2021-fur-xzent-und-zenec\/"]}]},{"@type":"ImageObject","inLanguage":"fr-FR","@id":"https:\/\/shop.bantam.ch\/fr\/produit\/lenkrad-interface-zenec-fur-fiat-ducato-ii-serie-8-ab-baujahr-q3-2021-fur-xzent-und-zenec\/#primaryimage","url":"https:\/\/shop.bantam.ch\/wp-content\/uploads\/2025\/03\/Movera-L-9975573100.jpg","contentUrl":"https:\/\/shop.bantam.ch\/wp-content\/uploads\/2025\/03\/Movera-L-9975573100.jpg","width":640,"height":480},{"@type":"BreadcrumbList","@id":"https:\/\/shop.bantam.ch\/fr\/produit\/lenkrad-interface-zenec-fur-fiat-ducato-ii-serie-8-ab-baujahr-q3-2021-fur-xzent-und-zenec\/#breadcrumb","itemListElement":[{"@type":"ListItem","position":1,"name":"Accueil","item":"https:\/\/shop.bantam.ch\/fr\/"},{"@type":"ListItem","position":2,"name":"Boutique","item":"https:\/\/shop.bantam.ch\/fr\/boutique\/"},{"@type":"ListItem","position":3,"name":"Lenkrad Interface ZENEC f\u00fcr Fiat Ducato II Serie 8 ab Baujahr Q3 2021 f\u00fcr XZENT und ZENEC"}]},{"@type":"WebSite","@id":"https:\/\/shop.bantam.ch\/fr\/#website","url":"https:\/\/shop.bantam.ch\/fr\/","name":"Bantam Wankm\u00fcller SA","description":"","publisher":{"@id":"https:\/\/shop.bantam.ch\/fr\/#organization"},"inLanguage":"fr-FR"},{"@type":"Organization","@id":"https:\/\/shop.bantam.ch\/fr\/#organization","name":"Bantam Wankm\u00fcller SA","url":"https:\/\/shop.bantam.ch\/fr\/","logo":{"@type":"ImageObject","inLanguage":"fr-FR","@id":"https:\/\/shop.bantam.ch\/fr\/#\/schema\/logo\/image\/","url":"https:\/\/shop.bantam.ch\/wp-content\/uploads\/2022\/12\/bantam-logo.png","contentUrl":"https:\/\/shop.bantam.ch\/wp-content\/uploads\/2022\/12\/bantam-logo.png","width":320,"height":71,"caption":"Bantam Wankm\u00fcller SA"},"image":{"@id":"https:\/\/shop.bantam.ch\/fr\/#\/schema\/logo\/image\/"}}]}},"_links":{"self":[{"href":"https:\/\/shop.bantam.ch\/fr\/wp-json\/wp\/v2\/product\/215964","targetHints":{"allow":["GET"]}}],"collection":[{"href":"https:\/\/shop.bantam.ch\/fr\/wp-json\/wp\/v2\/product"}],"about":[{"href":"https:\/\/shop.bantam.ch\/fr\/wp-json\/wp\/v2\/types\/product"}],"wp:featuredmedia":[{"embeddable":true,"href":"https:\/\/shop.bantam.ch\/fr\/wp-json\/wp\/v2\/media\/215962"}],"wp:attachment":[{"href":"https:\/\/shop.bantam.ch\/fr\/wp-json\/wp\/v2\/media?parent=215964"}],"wp:term":[{"taxonomy":"product_featured_cat","embeddable":true,"href":"https:\/\/shop.bantam.ch\/fr\/wp-json\/wp\/v2\/product_featured_cat?post=215964"},{"taxonomy":"product_brand","embeddable":true,"href":"https:\/\/shop.bantam.ch\/fr\/wp-json\/wp\/v2\/product_brand?post=215964"},{"taxonomy":"product_cat","embeddable":true,"href":"https:\/\/shop.bantam.ch\/fr\/wp-json\/wp\/v2\/product_cat?post=215964"},{"taxonomy":"product_tag","embeddable":true,"href":"https:\/\/shop.bantam.ch\/fr\/wp-json\/wp\/v2\/product_tag?post=215964"}],"curies":[{"name":"wp","href":"https:\/\/api.w.org\/{rel}","templated":true}]}}