{"id":215946,"date":"2025-03-14T16:46:21","date_gmt":"2025-03-14T15:46:21","guid":{"rendered":"https:\/\/shop.bantam.ch\/produit\/gaskocher-primus-mimer-duo-2\/"},"modified":"2026-04-21T23:34:53","modified_gmt":"2026-04-21T21:34:53","slug":"gaskocher-primus-mimer-duo-2","status":"publish","type":"product","link":"https:\/\/shop.bantam.ch\/fr\/produit\/gaskocher-primus-mimer-duo-2\/","title":{"rendered":"Gaskocher Primus Mimer Duo"},"content":{"rendered":"<p>Robuste, fiable et toujours pr\u00eat \u00e0 l&#8217;emploi, ce r\u00e9chaud \u00e0 visser convient bien aux grandes casseroles gr\u00e2ce \u00e0 sa large flamme.<\/p>\n<ul>\n<li>Ce r\u00e9chaud est robuste et durable, il ne comporte pas de parties rabattables, il est tr\u00e8s facile \u00e0 utiliser et peut \u00eatre transmis de g\u00e9n\u00e9ration en g\u00e9n\u00e9ration.<\/li>\n<li>Gr\u00e2ce \u00e0 sa large flamme, il chauffe parfaitement les grandes casseroles pour cuisiner pour 1 \u00e0 3 personnes.<\/li>\n<li>Les supports de casseroles statiques \u00e0 4 points assurent une stabilit\u00e9 suppl\u00e9mentaire et une protection contre le vent et conviennent \u00e0 toute une s\u00e9rie de tailles de casseroles diff\u00e9rentes.<\/li>\n<li>Disponible avec valve duo pour les cartouches \u00e0 vis et les valves de cartouches non filet\u00e9es<\/li>\n<\/ul>\n<p>Livraison : sans cartouche de gaz<\/p>\n","protected":false},"excerpt":{"rendered":"<p>Robuste, fiable et toujours pr\u00eat \u00e0 l&#8217;emploi, ce r\u00e9chaud \u00e0 visser convient bien aux grandes casseroles gr\u00e2ce \u00e0 sa large flamme. Ce r\u00e9chaud est robuste et durable, il ne comporte pas de parties rabattables, il est tr\u00e8s facile \u00e0 utiliser et peut \u00eatre transmis de g\u00e9n\u00e9ration en g\u00e9n\u00e9ration. Gr\u00e2ce \u00e0 sa large flamme, il chauffe [&hellip;]<\/p>\n","protected":false},"featured_media":215938,"template":"","meta":{"_acf_changed":false},"product_featured_cat":[],"product_brand":[],"product_cat":[4279],"product_tag":[],"class_list":{"0":"post-215946","1":"product","2":"type-product","3":"status-publish","4":"has-post-thumbnail","6":"product_cat-barbecues-a-gaz","8":"first","9":"instock","10":"taxable","11":"shipping-taxable","12":"purchasable","13":"product-type-simple"},"acf":[],"yoast_head":"<!-- This site is optimized with the Yoast SEO plugin v27.4 - https:\/\/yoast.com\/product\/yoast-seo-wordpress\/ -->\n<title>Gaskocher Primus Mimer Duo - Bantam Wankm\u00fcller SA<\/title>\n<meta name=\"robots\" content=\"index, follow, max-snippet:-1, max-image-preview:large, max-video-preview:-1\" \/>\n<link rel=\"canonical\" href=\"https:\/\/shop.bantam.ch\/fr\/produit\/gaskocher-primus-mimer-duo-2\/\" \/>\n<meta property=\"og:locale\" content=\"fr_FR\" \/>\n<meta property=\"og:type\" content=\"article\" \/>\n<meta property=\"og:title\" content=\"Gaskocher Primus Mimer Duo - Bantam Wankm\u00fcller SA\" \/>\n<meta property=\"og:description\" content=\"Robuste, fiable et toujours pr\u00eat \u00e0 l&#8217;emploi, ce r\u00e9chaud \u00e0 visser convient bien aux grandes casseroles gr\u00e2ce \u00e0 sa large flamme. Ce r\u00e9chaud est robuste et durable, il ne comporte pas de parties rabattables, il est tr\u00e8s facile \u00e0 utiliser et peut \u00eatre transmis de g\u00e9n\u00e9ration en g\u00e9n\u00e9ration. Gr\u00e2ce \u00e0 sa large flamme, il chauffe [&hellip;]\" \/>\n<meta property=\"og:url\" content=\"https:\/\/shop.bantam.ch\/fr\/produit\/gaskocher-primus-mimer-duo-2\/\" \/>\n<meta property=\"og:site_name\" content=\"Bantam Wankm\u00fcller SA\" \/>\n<meta property=\"article:modified_time\" content=\"2026-04-21T21:34:53+00:00\" \/>\n<meta name=\"twitter:card\" content=\"summary_large_image\" \/>\n<meta name=\"twitter:label1\" content=\"Dur\u00e9e de lecture estim\u00e9e\" \/>\n\t<meta name=\"twitter:data1\" content=\"1 minute\" \/>\n<script type=\"application\/ld+json\" class=\"yoast-schema-graph\">{\"@context\":\"https:\\\/\\\/schema.org\",\"@graph\":[{\"@type\":\"WebPage\",\"@id\":\"https:\\\/\\\/shop.bantam.ch\\\/fr\\\/produit\\\/gaskocher-primus-mimer-duo-2\\\/\",\"url\":\"https:\\\/\\\/shop.bantam.ch\\\/fr\\\/produit\\\/gaskocher-primus-mimer-duo-2\\\/\",\"name\":\"Gaskocher Primus Mimer Duo - Bantam Wankm\u00fcller SA\",\"isPartOf\":{\"@id\":\"https:\\\/\\\/shop.bantam.ch\\\/fr\\\/#website\"},\"primaryImageOfPage\":{\"@id\":\"https:\\\/\\\/shop.bantam.ch\\\/fr\\\/produit\\\/gaskocher-primus-mimer-duo-2\\\/#primaryimage\"},\"image\":{\"@id\":\"https:\\\/\\\/shop.bantam.ch\\\/fr\\\/produit\\\/gaskocher-primus-mimer-duo-2\\\/#primaryimage\"},\"thumbnailUrl\":\"https:\\\/\\\/shop.bantam.ch\\\/wp-content\\\/uploads\\\/2025\\\/03\\\/Movera-L-9975559100.png\",\"datePublished\":\"2025-03-14T15:46:21+00:00\",\"dateModified\":\"2026-04-21T21:34:53+00:00\",\"breadcrumb\":{\"@id\":\"https:\\\/\\\/shop.bantam.ch\\\/fr\\\/produit\\\/gaskocher-primus-mimer-duo-2\\\/#breadcrumb\"},\"inLanguage\":\"fr-FR\",\"potentialAction\":[{\"@type\":\"ReadAction\",\"target\":[\"https:\\\/\\\/shop.bantam.ch\\\/fr\\\/produit\\\/gaskocher-primus-mimer-duo-2\\\/\"]}]},{\"@type\":\"ImageObject\",\"inLanguage\":\"fr-FR\",\"@id\":\"https:\\\/\\\/shop.bantam.ch\\\/fr\\\/produit\\\/gaskocher-primus-mimer-duo-2\\\/#primaryimage\",\"url\":\"https:\\\/\\\/shop.bantam.ch\\\/wp-content\\\/uploads\\\/2025\\\/03\\\/Movera-L-9975559100.png\",\"contentUrl\":\"https:\\\/\\\/shop.bantam.ch\\\/wp-content\\\/uploads\\\/2025\\\/03\\\/Movera-L-9975559100.png\",\"width\":640,\"height\":822},{\"@type\":\"BreadcrumbList\",\"@id\":\"https:\\\/\\\/shop.bantam.ch\\\/fr\\\/produit\\\/gaskocher-primus-mimer-duo-2\\\/#breadcrumb\",\"itemListElement\":[{\"@type\":\"ListItem\",\"position\":1,\"name\":\"Accueil\",\"item\":\"https:\\\/\\\/shop.bantam.ch\\\/fr\\\/\"},{\"@type\":\"ListItem\",\"position\":2,\"name\":\"Boutique\",\"item\":\"https:\\\/\\\/shop.bantam.ch\\\/fr\\\/boutique\\\/\"},{\"@type\":\"ListItem\",\"position\":3,\"name\":\"Gaskocher Primus Mimer Duo\"}]},{\"@type\":\"WebSite\",\"@id\":\"https:\\\/\\\/shop.bantam.ch\\\/fr\\\/#website\",\"url\":\"https:\\\/\\\/shop.bantam.ch\\\/fr\\\/\",\"name\":\"Bantam Wankm\u00fcller SA\",\"description\":\"\",\"publisher\":{\"@id\":\"https:\\\/\\\/shop.bantam.ch\\\/fr\\\/#organization\"},\"inLanguage\":\"fr-FR\"},{\"@type\":\"Organization\",\"@id\":\"https:\\\/\\\/shop.bantam.ch\\\/fr\\\/#organization\",\"name\":\"Bantam Wankm\u00fcller SA\",\"url\":\"https:\\\/\\\/shop.bantam.ch\\\/fr\\\/\",\"logo\":{\"@type\":\"ImageObject\",\"inLanguage\":\"fr-FR\",\"@id\":\"https:\\\/\\\/shop.bantam.ch\\\/fr\\\/#\\\/schema\\\/logo\\\/image\\\/\",\"url\":\"https:\\\/\\\/shop.bantam.ch\\\/wp-content\\\/uploads\\\/2022\\\/12\\\/bantam-logo.png\",\"contentUrl\":\"https:\\\/\\\/shop.bantam.ch\\\/wp-content\\\/uploads\\\/2022\\\/12\\\/bantam-logo.png\",\"width\":320,\"height\":71,\"caption\":\"Bantam Wankm\u00fcller SA\"},\"image\":{\"@id\":\"https:\\\/\\\/shop.bantam.ch\\\/fr\\\/#\\\/schema\\\/logo\\\/image\\\/\"}}]}<\/script>\n<!-- \/ Yoast SEO plugin. -->","yoast_head_json":{"title":"Gaskocher Primus Mimer Duo - Bantam Wankm\u00fcller SA","robots":{"index":"index","follow":"follow","max-snippet":"max-snippet:-1","max-image-preview":"max-image-preview:large","max-video-preview":"max-video-preview:-1"},"canonical":"https:\/\/shop.bantam.ch\/fr\/produit\/gaskocher-primus-mimer-duo-2\/","og_locale":"fr_FR","og_type":"article","og_title":"Gaskocher Primus Mimer Duo - Bantam Wankm\u00fcller SA","og_description":"Robuste, fiable et toujours pr\u00eat \u00e0 l&#8217;emploi, ce r\u00e9chaud \u00e0 visser convient bien aux grandes casseroles gr\u00e2ce \u00e0 sa large flamme. Ce r\u00e9chaud est robuste et durable, il ne comporte pas de parties rabattables, il est tr\u00e8s facile \u00e0 utiliser et peut \u00eatre transmis de g\u00e9n\u00e9ration en g\u00e9n\u00e9ration. Gr\u00e2ce \u00e0 sa large flamme, il chauffe [&hellip;]","og_url":"https:\/\/shop.bantam.ch\/fr\/produit\/gaskocher-primus-mimer-duo-2\/","og_site_name":"Bantam Wankm\u00fcller SA","article_modified_time":"2026-04-21T21:34:53+00:00","twitter_card":"summary_large_image","twitter_misc":{"Dur\u00e9e de lecture estim\u00e9e":"1 minute"},"schema":{"@context":"https:\/\/schema.org","@graph":[{"@type":"WebPage","@id":"https:\/\/shop.bantam.ch\/fr\/produit\/gaskocher-primus-mimer-duo-2\/","url":"https:\/\/shop.bantam.ch\/fr\/produit\/gaskocher-primus-mimer-duo-2\/","name":"Gaskocher Primus Mimer Duo - Bantam Wankm\u00fcller SA","isPartOf":{"@id":"https:\/\/shop.bantam.ch\/fr\/#website"},"primaryImageOfPage":{"@id":"https:\/\/shop.bantam.ch\/fr\/produit\/gaskocher-primus-mimer-duo-2\/#primaryimage"},"image":{"@id":"https:\/\/shop.bantam.ch\/fr\/produit\/gaskocher-primus-mimer-duo-2\/#primaryimage"},"thumbnailUrl":"https:\/\/shop.bantam.ch\/wp-content\/uploads\/2025\/03\/Movera-L-9975559100.png","datePublished":"2025-03-14T15:46:21+00:00","dateModified":"2026-04-21T21:34:53+00:00","breadcrumb":{"@id":"https:\/\/shop.bantam.ch\/fr\/produit\/gaskocher-primus-mimer-duo-2\/#breadcrumb"},"inLanguage":"fr-FR","potentialAction":[{"@type":"ReadAction","target":["https:\/\/shop.bantam.ch\/fr\/produit\/gaskocher-primus-mimer-duo-2\/"]}]},{"@type":"ImageObject","inLanguage":"fr-FR","@id":"https:\/\/shop.bantam.ch\/fr\/produit\/gaskocher-primus-mimer-duo-2\/#primaryimage","url":"https:\/\/shop.bantam.ch\/wp-content\/uploads\/2025\/03\/Movera-L-9975559100.png","contentUrl":"https:\/\/shop.bantam.ch\/wp-content\/uploads\/2025\/03\/Movera-L-9975559100.png","width":640,"height":822},{"@type":"BreadcrumbList","@id":"https:\/\/shop.bantam.ch\/fr\/produit\/gaskocher-primus-mimer-duo-2\/#breadcrumb","itemListElement":[{"@type":"ListItem","position":1,"name":"Accueil","item":"https:\/\/shop.bantam.ch\/fr\/"},{"@type":"ListItem","position":2,"name":"Boutique","item":"https:\/\/shop.bantam.ch\/fr\/boutique\/"},{"@type":"ListItem","position":3,"name":"Gaskocher Primus Mimer Duo"}]},{"@type":"WebSite","@id":"https:\/\/shop.bantam.ch\/fr\/#website","url":"https:\/\/shop.bantam.ch\/fr\/","name":"Bantam Wankm\u00fcller SA","description":"","publisher":{"@id":"https:\/\/shop.bantam.ch\/fr\/#organization"},"inLanguage":"fr-FR"},{"@type":"Organization","@id":"https:\/\/shop.bantam.ch\/fr\/#organization","name":"Bantam Wankm\u00fcller SA","url":"https:\/\/shop.bantam.ch\/fr\/","logo":{"@type":"ImageObject","inLanguage":"fr-FR","@id":"https:\/\/shop.bantam.ch\/fr\/#\/schema\/logo\/image\/","url":"https:\/\/shop.bantam.ch\/wp-content\/uploads\/2022\/12\/bantam-logo.png","contentUrl":"https:\/\/shop.bantam.ch\/wp-content\/uploads\/2022\/12\/bantam-logo.png","width":320,"height":71,"caption":"Bantam Wankm\u00fcller SA"},"image":{"@id":"https:\/\/shop.bantam.ch\/fr\/#\/schema\/logo\/image\/"}}]}},"_links":{"self":[{"href":"https:\/\/shop.bantam.ch\/fr\/wp-json\/wp\/v2\/product\/215946","targetHints":{"allow":["GET"]}}],"collection":[{"href":"https:\/\/shop.bantam.ch\/fr\/wp-json\/wp\/v2\/product"}],"about":[{"href":"https:\/\/shop.bantam.ch\/fr\/wp-json\/wp\/v2\/types\/product"}],"wp:featuredmedia":[{"embeddable":true,"href":"https:\/\/shop.bantam.ch\/fr\/wp-json\/wp\/v2\/media\/215938"}],"wp:attachment":[{"href":"https:\/\/shop.bantam.ch\/fr\/wp-json\/wp\/v2\/media?parent=215946"}],"wp:term":[{"taxonomy":"product_featured_cat","embeddable":true,"href":"https:\/\/shop.bantam.ch\/fr\/wp-json\/wp\/v2\/product_featured_cat?post=215946"},{"taxonomy":"product_brand","embeddable":true,"href":"https:\/\/shop.bantam.ch\/fr\/wp-json\/wp\/v2\/product_brand?post=215946"},{"taxonomy":"product_cat","embeddable":true,"href":"https:\/\/shop.bantam.ch\/fr\/wp-json\/wp\/v2\/product_cat?post=215946"},{"taxonomy":"product_tag","embeddable":true,"href":"https:\/\/shop.bantam.ch\/fr\/wp-json\/wp\/v2\/product_tag?post=215946"}],"curies":[{"name":"wp","href":"https:\/\/api.w.org\/{rel}","templated":true}]}}