{"id":215936,"date":"2025-03-14T16:46:13","date_gmt":"2025-03-14T15:46:13","guid":{"rendered":"https:\/\/shop.bantam.ch\/produit\/gaskocher-primus-mimer-duo\/"},"modified":"2026-04-21T23:34:53","modified_gmt":"2026-04-21T21:34:53","slug":"gaskocher-primus-mimer-duo","status":"publish","type":"product","link":"https:\/\/shop.bantam.ch\/fr\/produit\/gaskocher-primus-mimer-duo\/","title":{"rendered":"Gaskocher Primus Mimer Duo"},"content":{"rendered":"<p>Une combinaison unique : super l\u00e9ger, extr\u00eamement robuste et tr\u00e8s compact, gr\u00e2ce \u00e0 une construction pliable ing\u00e9nieuse. Convient m\u00eame parfaitement aux grandes casseroles.<\/p>\n<ul>\n<li>R\u00e9chaud l\u00e9ger pour le backpacking<\/li>\n<li>Les supports de casseroles sont pliables. Le r\u00e9chaud est ainsi super compact et se glisse dans n&rsquo;importe quel sac, m\u00eame le plus petit.<\/li>\n<li>Soupape r\u00e9glable pour un r\u00e9glage pr\u00e9cis de la flamme<\/li>\n<li>Flamme centr\u00e9e et pointue, tr\u00e8s r\u00e9sistante au vent<\/li>\n<\/ul>\n<p>Livraison : sans cartouche de gaz, sac de rangement pratique inclus (nylon)<\/p>\n","protected":false},"excerpt":{"rendered":"<p>Une combinaison unique : super l\u00e9ger, extr\u00eamement robuste et tr\u00e8s compact, gr\u00e2ce \u00e0 une construction pliable ing\u00e9nieuse. Convient m\u00eame parfaitement aux grandes casseroles. R\u00e9chaud l\u00e9ger pour le backpacking Les supports de casseroles sont pliables. Le r\u00e9chaud est ainsi super compact et se glisse dans n&rsquo;importe quel sac, m\u00eame le plus petit. Soupape r\u00e9glable pour un [&hellip;]<\/p>\n","protected":false},"featured_media":215928,"template":"","meta":{"_acf_changed":false},"product_featured_cat":[],"product_brand":[],"product_cat":[4279],"product_tag":[],"class_list":{"0":"post-215936","1":"product","2":"type-product","3":"status-publish","4":"has-post-thumbnail","6":"product_cat-barbecues-a-gaz","8":"first","9":"instock","10":"taxable","11":"shipping-taxable","12":"purchasable","13":"product-type-simple"},"acf":[],"yoast_head":"<!-- This site is optimized with the Yoast SEO plugin v27.4 - https:\/\/yoast.com\/product\/yoast-seo-wordpress\/ -->\n<title>Gaskocher Primus Mimer Duo - Bantam Wankm\u00fcller SA<\/title>\n<meta name=\"robots\" content=\"index, follow, max-snippet:-1, max-image-preview:large, max-video-preview:-1\" \/>\n<link rel=\"canonical\" href=\"https:\/\/shop.bantam.ch\/fr\/produit\/gaskocher-primus-mimer-duo\/\" \/>\n<meta property=\"og:locale\" content=\"fr_FR\" \/>\n<meta property=\"og:type\" content=\"article\" \/>\n<meta property=\"og:title\" content=\"Gaskocher Primus Mimer Duo - Bantam Wankm\u00fcller SA\" \/>\n<meta property=\"og:description\" content=\"Une combinaison unique : super l\u00e9ger, extr\u00eamement robuste et tr\u00e8s compact, gr\u00e2ce \u00e0 une construction pliable ing\u00e9nieuse. Convient m\u00eame parfaitement aux grandes casseroles. R\u00e9chaud l\u00e9ger pour le backpacking Les supports de casseroles sont pliables. Le r\u00e9chaud est ainsi super compact et se glisse dans n&rsquo;importe quel sac, m\u00eame le plus petit. Soupape r\u00e9glable pour un [&hellip;]\" \/>\n<meta property=\"og:url\" content=\"https:\/\/shop.bantam.ch\/fr\/produit\/gaskocher-primus-mimer-duo\/\" \/>\n<meta property=\"og:site_name\" content=\"Bantam Wankm\u00fcller SA\" \/>\n<meta property=\"article:modified_time\" content=\"2026-04-21T21:34:53+00:00\" \/>\n<meta name=\"twitter:card\" content=\"summary_large_image\" \/>\n<script type=\"application\/ld+json\" class=\"yoast-schema-graph\">{\"@context\":\"https:\\\/\\\/schema.org\",\"@graph\":[{\"@type\":\"WebPage\",\"@id\":\"https:\\\/\\\/shop.bantam.ch\\\/fr\\\/produit\\\/gaskocher-primus-mimer-duo\\\/\",\"url\":\"https:\\\/\\\/shop.bantam.ch\\\/fr\\\/produit\\\/gaskocher-primus-mimer-duo\\\/\",\"name\":\"Gaskocher Primus Mimer Duo - Bantam Wankm\u00fcller SA\",\"isPartOf\":{\"@id\":\"https:\\\/\\\/shop.bantam.ch\\\/fr\\\/#website\"},\"primaryImageOfPage\":{\"@id\":\"https:\\\/\\\/shop.bantam.ch\\\/fr\\\/produit\\\/gaskocher-primus-mimer-duo\\\/#primaryimage\"},\"image\":{\"@id\":\"https:\\\/\\\/shop.bantam.ch\\\/fr\\\/produit\\\/gaskocher-primus-mimer-duo\\\/#primaryimage\"},\"thumbnailUrl\":\"https:\\\/\\\/shop.bantam.ch\\\/wp-content\\\/uploads\\\/2025\\\/03\\\/Movera-L-9975558100.png\",\"datePublished\":\"2025-03-14T15:46:13+00:00\",\"dateModified\":\"2026-04-21T21:34:53+00:00\",\"breadcrumb\":{\"@id\":\"https:\\\/\\\/shop.bantam.ch\\\/fr\\\/produit\\\/gaskocher-primus-mimer-duo\\\/#breadcrumb\"},\"inLanguage\":\"fr-FR\",\"potentialAction\":[{\"@type\":\"ReadAction\",\"target\":[\"https:\\\/\\\/shop.bantam.ch\\\/fr\\\/produit\\\/gaskocher-primus-mimer-duo\\\/\"]}]},{\"@type\":\"ImageObject\",\"inLanguage\":\"fr-FR\",\"@id\":\"https:\\\/\\\/shop.bantam.ch\\\/fr\\\/produit\\\/gaskocher-primus-mimer-duo\\\/#primaryimage\",\"url\":\"https:\\\/\\\/shop.bantam.ch\\\/wp-content\\\/uploads\\\/2025\\\/03\\\/Movera-L-9975558100.png\",\"contentUrl\":\"https:\\\/\\\/shop.bantam.ch\\\/wp-content\\\/uploads\\\/2025\\\/03\\\/Movera-L-9975558100.png\",\"width\":640,\"height\":853},{\"@type\":\"BreadcrumbList\",\"@id\":\"https:\\\/\\\/shop.bantam.ch\\\/fr\\\/produit\\\/gaskocher-primus-mimer-duo\\\/#breadcrumb\",\"itemListElement\":[{\"@type\":\"ListItem\",\"position\":1,\"name\":\"Accueil\",\"item\":\"https:\\\/\\\/shop.bantam.ch\\\/fr\\\/\"},{\"@type\":\"ListItem\",\"position\":2,\"name\":\"Boutique\",\"item\":\"https:\\\/\\\/shop.bantam.ch\\\/fr\\\/boutique\\\/\"},{\"@type\":\"ListItem\",\"position\":3,\"name\":\"Gaskocher Primus Mimer Duo\"}]},{\"@type\":\"WebSite\",\"@id\":\"https:\\\/\\\/shop.bantam.ch\\\/fr\\\/#website\",\"url\":\"https:\\\/\\\/shop.bantam.ch\\\/fr\\\/\",\"name\":\"Bantam Wankm\u00fcller SA\",\"description\":\"\",\"publisher\":{\"@id\":\"https:\\\/\\\/shop.bantam.ch\\\/fr\\\/#organization\"},\"inLanguage\":\"fr-FR\"},{\"@type\":\"Organization\",\"@id\":\"https:\\\/\\\/shop.bantam.ch\\\/fr\\\/#organization\",\"name\":\"Bantam Wankm\u00fcller SA\",\"url\":\"https:\\\/\\\/shop.bantam.ch\\\/fr\\\/\",\"logo\":{\"@type\":\"ImageObject\",\"inLanguage\":\"fr-FR\",\"@id\":\"https:\\\/\\\/shop.bantam.ch\\\/fr\\\/#\\\/schema\\\/logo\\\/image\\\/\",\"url\":\"https:\\\/\\\/shop.bantam.ch\\\/wp-content\\\/uploads\\\/2022\\\/12\\\/bantam-logo.png\",\"contentUrl\":\"https:\\\/\\\/shop.bantam.ch\\\/wp-content\\\/uploads\\\/2022\\\/12\\\/bantam-logo.png\",\"width\":320,\"height\":71,\"caption\":\"Bantam Wankm\u00fcller SA\"},\"image\":{\"@id\":\"https:\\\/\\\/shop.bantam.ch\\\/fr\\\/#\\\/schema\\\/logo\\\/image\\\/\"}}]}<\/script>\n<!-- \/ Yoast SEO plugin. -->","yoast_head_json":{"title":"Gaskocher Primus Mimer Duo - Bantam Wankm\u00fcller SA","robots":{"index":"index","follow":"follow","max-snippet":"max-snippet:-1","max-image-preview":"max-image-preview:large","max-video-preview":"max-video-preview:-1"},"canonical":"https:\/\/shop.bantam.ch\/fr\/produit\/gaskocher-primus-mimer-duo\/","og_locale":"fr_FR","og_type":"article","og_title":"Gaskocher Primus Mimer Duo - Bantam Wankm\u00fcller SA","og_description":"Une combinaison unique : super l\u00e9ger, extr\u00eamement robuste et tr\u00e8s compact, gr\u00e2ce \u00e0 une construction pliable ing\u00e9nieuse. Convient m\u00eame parfaitement aux grandes casseroles. R\u00e9chaud l\u00e9ger pour le backpacking Les supports de casseroles sont pliables. Le r\u00e9chaud est ainsi super compact et se glisse dans n&rsquo;importe quel sac, m\u00eame le plus petit. Soupape r\u00e9glable pour un [&hellip;]","og_url":"https:\/\/shop.bantam.ch\/fr\/produit\/gaskocher-primus-mimer-duo\/","og_site_name":"Bantam Wankm\u00fcller SA","article_modified_time":"2026-04-21T21:34:53+00:00","twitter_card":"summary_large_image","schema":{"@context":"https:\/\/schema.org","@graph":[{"@type":"WebPage","@id":"https:\/\/shop.bantam.ch\/fr\/produit\/gaskocher-primus-mimer-duo\/","url":"https:\/\/shop.bantam.ch\/fr\/produit\/gaskocher-primus-mimer-duo\/","name":"Gaskocher Primus Mimer Duo - Bantam Wankm\u00fcller SA","isPartOf":{"@id":"https:\/\/shop.bantam.ch\/fr\/#website"},"primaryImageOfPage":{"@id":"https:\/\/shop.bantam.ch\/fr\/produit\/gaskocher-primus-mimer-duo\/#primaryimage"},"image":{"@id":"https:\/\/shop.bantam.ch\/fr\/produit\/gaskocher-primus-mimer-duo\/#primaryimage"},"thumbnailUrl":"https:\/\/shop.bantam.ch\/wp-content\/uploads\/2025\/03\/Movera-L-9975558100.png","datePublished":"2025-03-14T15:46:13+00:00","dateModified":"2026-04-21T21:34:53+00:00","breadcrumb":{"@id":"https:\/\/shop.bantam.ch\/fr\/produit\/gaskocher-primus-mimer-duo\/#breadcrumb"},"inLanguage":"fr-FR","potentialAction":[{"@type":"ReadAction","target":["https:\/\/shop.bantam.ch\/fr\/produit\/gaskocher-primus-mimer-duo\/"]}]},{"@type":"ImageObject","inLanguage":"fr-FR","@id":"https:\/\/shop.bantam.ch\/fr\/produit\/gaskocher-primus-mimer-duo\/#primaryimage","url":"https:\/\/shop.bantam.ch\/wp-content\/uploads\/2025\/03\/Movera-L-9975558100.png","contentUrl":"https:\/\/shop.bantam.ch\/wp-content\/uploads\/2025\/03\/Movera-L-9975558100.png","width":640,"height":853},{"@type":"BreadcrumbList","@id":"https:\/\/shop.bantam.ch\/fr\/produit\/gaskocher-primus-mimer-duo\/#breadcrumb","itemListElement":[{"@type":"ListItem","position":1,"name":"Accueil","item":"https:\/\/shop.bantam.ch\/fr\/"},{"@type":"ListItem","position":2,"name":"Boutique","item":"https:\/\/shop.bantam.ch\/fr\/boutique\/"},{"@type":"ListItem","position":3,"name":"Gaskocher Primus Mimer Duo"}]},{"@type":"WebSite","@id":"https:\/\/shop.bantam.ch\/fr\/#website","url":"https:\/\/shop.bantam.ch\/fr\/","name":"Bantam Wankm\u00fcller SA","description":"","publisher":{"@id":"https:\/\/shop.bantam.ch\/fr\/#organization"},"inLanguage":"fr-FR"},{"@type":"Organization","@id":"https:\/\/shop.bantam.ch\/fr\/#organization","name":"Bantam Wankm\u00fcller SA","url":"https:\/\/shop.bantam.ch\/fr\/","logo":{"@type":"ImageObject","inLanguage":"fr-FR","@id":"https:\/\/shop.bantam.ch\/fr\/#\/schema\/logo\/image\/","url":"https:\/\/shop.bantam.ch\/wp-content\/uploads\/2022\/12\/bantam-logo.png","contentUrl":"https:\/\/shop.bantam.ch\/wp-content\/uploads\/2022\/12\/bantam-logo.png","width":320,"height":71,"caption":"Bantam Wankm\u00fcller SA"},"image":{"@id":"https:\/\/shop.bantam.ch\/fr\/#\/schema\/logo\/image\/"}}]}},"_links":{"self":[{"href":"https:\/\/shop.bantam.ch\/fr\/wp-json\/wp\/v2\/product\/215936","targetHints":{"allow":["GET"]}}],"collection":[{"href":"https:\/\/shop.bantam.ch\/fr\/wp-json\/wp\/v2\/product"}],"about":[{"href":"https:\/\/shop.bantam.ch\/fr\/wp-json\/wp\/v2\/types\/product"}],"wp:featuredmedia":[{"embeddable":true,"href":"https:\/\/shop.bantam.ch\/fr\/wp-json\/wp\/v2\/media\/215928"}],"wp:attachment":[{"href":"https:\/\/shop.bantam.ch\/fr\/wp-json\/wp\/v2\/media?parent=215936"}],"wp:term":[{"taxonomy":"product_featured_cat","embeddable":true,"href":"https:\/\/shop.bantam.ch\/fr\/wp-json\/wp\/v2\/product_featured_cat?post=215936"},{"taxonomy":"product_brand","embeddable":true,"href":"https:\/\/shop.bantam.ch\/fr\/wp-json\/wp\/v2\/product_brand?post=215936"},{"taxonomy":"product_cat","embeddable":true,"href":"https:\/\/shop.bantam.ch\/fr\/wp-json\/wp\/v2\/product_cat?post=215936"},{"taxonomy":"product_tag","embeddable":true,"href":"https:\/\/shop.bantam.ch\/fr\/wp-json\/wp\/v2\/product_tag?post=215936"}],"curies":[{"name":"wp","href":"https:\/\/api.w.org\/{rel}","templated":true}]}}