{"id":215916,"date":"2025-03-14T16:45:57","date_gmt":"2025-03-14T15:45:57","guid":{"rendered":"https:\/\/shop.bantam.ch\/produit\/televiseur-k22w-22-pouces-noir\/"},"modified":"2026-05-10T23:29:06","modified_gmt":"2026-05-10T21:29:06","slug":"televiseur-k22w-22-pouces-noir","status":"publish","type":"product","link":"https:\/\/shop.bantam.ch\/fr\/produit\/televiseur-k22w-22-pouces-noir\/","title":{"rendered":"T\u00e9l\u00e9viseur K22W 22 pouces noir"},"content":{"rendered":"<p>La ligne K+ d&rsquo;alphatronics repr\u00e9sente la porte parfaite vers le monde du streaming. Malgr\u00e9 sa construction robuste, cette s\u00e9rie de mod\u00e8les abrite une multitude de fonctions innovantes. On a d\u00e9lib\u00e9r\u00e9ment renonc\u00e9 au lecteur DVD traditionnel pour ouvrir la voie au divertissement de demain : le streaming. Au c\u0153ur de ces appareils se trouve un syst\u00e8me d&rsquo;exploitation qui brille par une offre riche d&rsquo;applications issues du Content Store et une interface utilisateur conviviale. Pour maintenir l&rsquo;exigence d&rsquo;innovation, des mises \u00e0 jour OTA permanentes sont fournies, de sorte que les utilisateurs peuvent toujours profiter des fonctions les plus r\u00e9centes. Sur le plan technique, ils sont \u00e9quip\u00e9s d&rsquo;un triple tuner (DVB-S\/S2, DVB-T\/T2, DVB-C), de HbbTV, de CI+, de deux ports USB, de deux interfaces HDMI\u2122, de Bluetooth\u00ae 5.0 et d&rsquo;une connexion par ondes lumineuses (SPIDF\/Toslink), ce qui permet \u00e9galement de les coupler avec des barres de son num\u00e9riques ou des appareils auditifs. Bien entendu, elles disposent \u00e9galement des standards alphatronics \u00e9prouv\u00e9s, dont une tension d&rsquo;entr\u00e9e de 10,5-30V DC, une protection contre l&rsquo;inversion de polarit\u00e9, un interrupteur physique marche\/arr\u00eat et une \u00e9lectronique prot\u00e9g\u00e9e contre la corrosion. L&rsquo;antenne DVB-T AN5 est incluse dans chaque achat et ceux qui souhaitent am\u00e9liorer l&rsquo;exp\u00e9rience d&rsquo;utilisation peuvent facilement ajouter la t\u00e9l\u00e9commande \u00ab Magic Remote \u00bb.&nbsp;Syst\u00e8me d&rsquo;exploitation : webOS Hub.<\/p>\n","protected":false},"excerpt":{"rendered":"<p>La ligne K+ d&rsquo;alphatronics repr\u00e9sente la porte parfaite vers le monde du streaming. Malgr\u00e9 sa construction robuste, cette s\u00e9rie de mod\u00e8les abrite une multitude de fonctions innovantes. On a d\u00e9lib\u00e9r\u00e9ment renonc\u00e9 au lecteur DVD traditionnel pour ouvrir la voie au divertissement de demain : le streaming. Au c\u0153ur de ces appareils se trouve un syst\u00e8me [&hellip;]<\/p>\n","protected":false},"featured_media":215912,"template":"","meta":{"_acf_changed":false},"product_featured_cat":[],"product_brand":[],"product_cat":[4505],"product_tag":[],"class_list":{"0":"post-215916","1":"product","2":"type-product","3":"status-publish","4":"has-post-thumbnail","6":"product_cat-televiseurs","8":"first","9":"instock","10":"taxable","11":"shipping-taxable","12":"purchasable","13":"product-type-simple"},"acf":[],"yoast_head":"<!-- This site is optimized with the Yoast SEO plugin v27.5 - https:\/\/yoast.com\/product\/yoast-seo-wordpress\/ -->\n<title>T\u00e9l\u00e9viseur K22W 22 pouces noir - Bantam<\/title>\n<meta name=\"robots\" content=\"index, follow, max-snippet:-1, max-image-preview:large, max-video-preview:-1\" \/>\n<link rel=\"canonical\" href=\"https:\/\/shop.bantam.ch\/fr\/produit\/televiseur-k22w-22-pouces-noir\/\" \/>\n<meta property=\"og:locale\" content=\"fr_FR\" \/>\n<meta property=\"og:type\" content=\"article\" \/>\n<meta property=\"og:title\" content=\"T\u00e9l\u00e9viseur K22W 22 pouces noir - Bantam\" \/>\n<meta property=\"og:description\" content=\"La ligne K+ d&rsquo;alphatronics repr\u00e9sente la porte parfaite vers le monde du streaming. Malgr\u00e9 sa construction robuste, cette s\u00e9rie de mod\u00e8les abrite une multitude de fonctions innovantes. On a d\u00e9lib\u00e9r\u00e9ment renonc\u00e9 au lecteur DVD traditionnel pour ouvrir la voie au divertissement de demain : le streaming. Au c\u0153ur de ces appareils se trouve un syst\u00e8me [&hellip;]\" \/>\n<meta property=\"og:url\" content=\"https:\/\/shop.bantam.ch\/fr\/produit\/televiseur-k22w-22-pouces-noir\/\" \/>\n<meta property=\"og:site_name\" content=\"Bantam\" \/>\n<meta property=\"article:modified_time\" content=\"2026-05-10T21:29:06+00:00\" \/>\n<meta name=\"twitter:card\" content=\"summary_large_image\" \/>\n<meta name=\"twitter:label1\" content=\"Dur\u00e9e de lecture estim\u00e9e\" \/>\n\t<meta name=\"twitter:data1\" content=\"1 minute\" \/>\n<script type=\"application\/ld+json\" class=\"yoast-schema-graph\">{\"@context\":\"https:\\\/\\\/schema.org\",\"@graph\":[{\"@type\":\"WebPage\",\"@id\":\"https:\\\/\\\/shop.bantam.ch\\\/fr\\\/produit\\\/televiseur-k22w-22-pouces-noir\\\/\",\"url\":\"https:\\\/\\\/shop.bantam.ch\\\/fr\\\/produit\\\/televiseur-k22w-22-pouces-noir\\\/\",\"name\":\"T\u00e9l\u00e9viseur K22W 22 pouces noir - Bantam\",\"isPartOf\":{\"@id\":\"https:\\\/\\\/shop.bantam.ch\\\/fr\\\/#website\"},\"primaryImageOfPage\":{\"@id\":\"https:\\\/\\\/shop.bantam.ch\\\/fr\\\/produit\\\/televiseur-k22w-22-pouces-noir\\\/#primaryimage\"},\"image\":{\"@id\":\"https:\\\/\\\/shop.bantam.ch\\\/fr\\\/produit\\\/televiseur-k22w-22-pouces-noir\\\/#primaryimage\"},\"thumbnailUrl\":\"https:\\\/\\\/shop.bantam.ch\\\/wp-content\\\/uploads\\\/2025\\\/03\\\/Movera-L-9975528100.jpg\",\"datePublished\":\"2025-03-14T15:45:57+00:00\",\"dateModified\":\"2026-05-10T21:29:06+00:00\",\"breadcrumb\":{\"@id\":\"https:\\\/\\\/shop.bantam.ch\\\/fr\\\/produit\\\/televiseur-k22w-22-pouces-noir\\\/#breadcrumb\"},\"inLanguage\":\"fr-FR\",\"potentialAction\":[{\"@type\":\"ReadAction\",\"target\":[\"https:\\\/\\\/shop.bantam.ch\\\/fr\\\/produit\\\/televiseur-k22w-22-pouces-noir\\\/\"]}]},{\"@type\":\"ImageObject\",\"inLanguage\":\"fr-FR\",\"@id\":\"https:\\\/\\\/shop.bantam.ch\\\/fr\\\/produit\\\/televiseur-k22w-22-pouces-noir\\\/#primaryimage\",\"url\":\"https:\\\/\\\/shop.bantam.ch\\\/wp-content\\\/uploads\\\/2025\\\/03\\\/Movera-L-9975528100.jpg\",\"contentUrl\":\"https:\\\/\\\/shop.bantam.ch\\\/wp-content\\\/uploads\\\/2025\\\/03\\\/Movera-L-9975528100.jpg\",\"width\":630,\"height\":662},{\"@type\":\"BreadcrumbList\",\"@id\":\"https:\\\/\\\/shop.bantam.ch\\\/fr\\\/produit\\\/televiseur-k22w-22-pouces-noir\\\/#breadcrumb\",\"itemListElement\":[{\"@type\":\"ListItem\",\"position\":1,\"name\":\"Accueil\",\"item\":\"https:\\\/\\\/shop.bantam.ch\\\/fr\\\/\"},{\"@type\":\"ListItem\",\"position\":2,\"name\":\"Boutique\",\"item\":\"https:\\\/\\\/shop.bantam.ch\\\/fr\\\/boutique\\\/\"},{\"@type\":\"ListItem\",\"position\":3,\"name\":\"T\u00e9l\u00e9viseur K22W 22 pouces noir\"}]},{\"@type\":\"WebSite\",\"@id\":\"https:\\\/\\\/shop.bantam.ch\\\/fr\\\/#website\",\"url\":\"https:\\\/\\\/shop.bantam.ch\\\/fr\\\/\",\"name\":\"Bantam\",\"description\":\"\",\"publisher\":{\"@id\":\"https:\\\/\\\/shop.bantam.ch\\\/fr\\\/#organization\"},\"inLanguage\":\"fr-FR\"},{\"@type\":\"Organization\",\"@id\":\"https:\\\/\\\/shop.bantam.ch\\\/fr\\\/#organization\",\"name\":\"Bantam\",\"url\":\"https:\\\/\\\/shop.bantam.ch\\\/fr\\\/\",\"logo\":{\"@type\":\"ImageObject\",\"inLanguage\":\"fr-FR\",\"@id\":\"https:\\\/\\\/shop.bantam.ch\\\/fr\\\/#\\\/schema\\\/logo\\\/image\\\/\",\"url\":\"https:\\\/\\\/shop.bantam.ch\\\/wp-content\\\/uploads\\\/2022\\\/12\\\/bantam-logo.png\",\"contentUrl\":\"https:\\\/\\\/shop.bantam.ch\\\/wp-content\\\/uploads\\\/2022\\\/12\\\/bantam-logo.png\",\"width\":320,\"height\":71,\"caption\":\"Bantam\"},\"image\":{\"@id\":\"https:\\\/\\\/shop.bantam.ch\\\/fr\\\/#\\\/schema\\\/logo\\\/image\\\/\"}}]}<\/script>\n<!-- \/ Yoast SEO plugin. -->","yoast_head_json":{"title":"T\u00e9l\u00e9viseur K22W 22 pouces noir - Bantam","robots":{"index":"index","follow":"follow","max-snippet":"max-snippet:-1","max-image-preview":"max-image-preview:large","max-video-preview":"max-video-preview:-1"},"canonical":"https:\/\/shop.bantam.ch\/fr\/produit\/televiseur-k22w-22-pouces-noir\/","og_locale":"fr_FR","og_type":"article","og_title":"T\u00e9l\u00e9viseur K22W 22 pouces noir - Bantam","og_description":"La ligne K+ d&rsquo;alphatronics repr\u00e9sente la porte parfaite vers le monde du streaming. Malgr\u00e9 sa construction robuste, cette s\u00e9rie de mod\u00e8les abrite une multitude de fonctions innovantes. On a d\u00e9lib\u00e9r\u00e9ment renonc\u00e9 au lecteur DVD traditionnel pour ouvrir la voie au divertissement de demain : le streaming. Au c\u0153ur de ces appareils se trouve un syst\u00e8me [&hellip;]","og_url":"https:\/\/shop.bantam.ch\/fr\/produit\/televiseur-k22w-22-pouces-noir\/","og_site_name":"Bantam","article_modified_time":"2026-05-10T21:29:06+00:00","twitter_card":"summary_large_image","twitter_misc":{"Dur\u00e9e de lecture estim\u00e9e":"1 minute"},"schema":{"@context":"https:\/\/schema.org","@graph":[{"@type":"WebPage","@id":"https:\/\/shop.bantam.ch\/fr\/produit\/televiseur-k22w-22-pouces-noir\/","url":"https:\/\/shop.bantam.ch\/fr\/produit\/televiseur-k22w-22-pouces-noir\/","name":"T\u00e9l\u00e9viseur K22W 22 pouces noir - Bantam","isPartOf":{"@id":"https:\/\/shop.bantam.ch\/fr\/#website"},"primaryImageOfPage":{"@id":"https:\/\/shop.bantam.ch\/fr\/produit\/televiseur-k22w-22-pouces-noir\/#primaryimage"},"image":{"@id":"https:\/\/shop.bantam.ch\/fr\/produit\/televiseur-k22w-22-pouces-noir\/#primaryimage"},"thumbnailUrl":"https:\/\/shop.bantam.ch\/wp-content\/uploads\/2025\/03\/Movera-L-9975528100.jpg","datePublished":"2025-03-14T15:45:57+00:00","dateModified":"2026-05-10T21:29:06+00:00","breadcrumb":{"@id":"https:\/\/shop.bantam.ch\/fr\/produit\/televiseur-k22w-22-pouces-noir\/#breadcrumb"},"inLanguage":"fr-FR","potentialAction":[{"@type":"ReadAction","target":["https:\/\/shop.bantam.ch\/fr\/produit\/televiseur-k22w-22-pouces-noir\/"]}]},{"@type":"ImageObject","inLanguage":"fr-FR","@id":"https:\/\/shop.bantam.ch\/fr\/produit\/televiseur-k22w-22-pouces-noir\/#primaryimage","url":"https:\/\/shop.bantam.ch\/wp-content\/uploads\/2025\/03\/Movera-L-9975528100.jpg","contentUrl":"https:\/\/shop.bantam.ch\/wp-content\/uploads\/2025\/03\/Movera-L-9975528100.jpg","width":630,"height":662},{"@type":"BreadcrumbList","@id":"https:\/\/shop.bantam.ch\/fr\/produit\/televiseur-k22w-22-pouces-noir\/#breadcrumb","itemListElement":[{"@type":"ListItem","position":1,"name":"Accueil","item":"https:\/\/shop.bantam.ch\/fr\/"},{"@type":"ListItem","position":2,"name":"Boutique","item":"https:\/\/shop.bantam.ch\/fr\/boutique\/"},{"@type":"ListItem","position":3,"name":"T\u00e9l\u00e9viseur K22W 22 pouces noir"}]},{"@type":"WebSite","@id":"https:\/\/shop.bantam.ch\/fr\/#website","url":"https:\/\/shop.bantam.ch\/fr\/","name":"Bantam","description":"","publisher":{"@id":"https:\/\/shop.bantam.ch\/fr\/#organization"},"inLanguage":"fr-FR"},{"@type":"Organization","@id":"https:\/\/shop.bantam.ch\/fr\/#organization","name":"Bantam","url":"https:\/\/shop.bantam.ch\/fr\/","logo":{"@type":"ImageObject","inLanguage":"fr-FR","@id":"https:\/\/shop.bantam.ch\/fr\/#\/schema\/logo\/image\/","url":"https:\/\/shop.bantam.ch\/wp-content\/uploads\/2022\/12\/bantam-logo.png","contentUrl":"https:\/\/shop.bantam.ch\/wp-content\/uploads\/2022\/12\/bantam-logo.png","width":320,"height":71,"caption":"Bantam"},"image":{"@id":"https:\/\/shop.bantam.ch\/fr\/#\/schema\/logo\/image\/"}}]}},"_links":{"self":[{"href":"https:\/\/shop.bantam.ch\/fr\/wp-json\/wp\/v2\/product\/215916","targetHints":{"allow":["GET"]}}],"collection":[{"href":"https:\/\/shop.bantam.ch\/fr\/wp-json\/wp\/v2\/product"}],"about":[{"href":"https:\/\/shop.bantam.ch\/fr\/wp-json\/wp\/v2\/types\/product"}],"wp:featuredmedia":[{"embeddable":true,"href":"https:\/\/shop.bantam.ch\/fr\/wp-json\/wp\/v2\/media\/215912"}],"wp:attachment":[{"href":"https:\/\/shop.bantam.ch\/fr\/wp-json\/wp\/v2\/media?parent=215916"}],"wp:term":[{"taxonomy":"product_featured_cat","embeddable":true,"href":"https:\/\/shop.bantam.ch\/fr\/wp-json\/wp\/v2\/product_featured_cat?post=215916"},{"taxonomy":"product_brand","embeddable":true,"href":"https:\/\/shop.bantam.ch\/fr\/wp-json\/wp\/v2\/product_brand?post=215916"},{"taxonomy":"product_cat","embeddable":true,"href":"https:\/\/shop.bantam.ch\/fr\/wp-json\/wp\/v2\/product_cat?post=215916"},{"taxonomy":"product_tag","embeddable":true,"href":"https:\/\/shop.bantam.ch\/fr\/wp-json\/wp\/v2\/product_tag?post=215916"}],"curies":[{"name":"wp","href":"https:\/\/api.w.org\/{rel}","templated":true}]}}