{"id":215890,"date":"2025-03-14T16:45:32","date_gmt":"2025-03-14T15:45:32","guid":{"rendered":"https:\/\/shop.bantam.ch\/produit\/set-de-camping-tox-l-boxx-mini-39-pieces\/"},"modified":"2026-04-19T23:36:26","modified_gmt":"2026-04-19T21:36:26","slug":"set-de-camping-tox-l-boxx-mini-39-pieces","status":"publish","type":"product","link":"https:\/\/shop.bantam.ch\/fr\/produit\/set-de-camping-tox-l-boxx-mini-39-pieces\/","title":{"rendered":"Set de camping TOX L-Boxx Mini 39 pi\u00e8ces"},"content":{"rendered":"<p>Tout ce dont vous avez besoin pour s\u00e9curiser votre tente, dans la L-BOXX Mini pratique et divisible individuellement en 6 compartiments pour un rangement confortable dans vos bagages. Le kit de camping convient pour s\u00e9curiser les tentes, les pavillons, les stores, les filets de volley-ball, les trampolines ou les b\u00e2ches et peut \u00eatre utilis\u00e9 de mani\u00e8re polyvalente. Vous pouvez \u00e9galement utiliser les gants de montage confortables pour de multiples activit\u00e9s autour du camping. Les vis de tente galvanis\u00e9es pr\u00e9sentent l&rsquo;avantage, par rapport aux piquets ordinaires, d&rsquo;offrir une fixation plus solide, de ne pas devoir \u00eatre enfonc\u00e9es p\u00e9niblement et d&rsquo;\u00e9viter les accidents dus aux tr\u00e9buchements gr\u00e2ce \u00e0 leur fixation affleurante dans le sol. Les rondelles blanches en plastique assurent en outre une bonne visibilit\u00e9 et prot\u00e8gent les boucles contre les dommages dus aux frottements. Utilisez les vis 8&#215;220 mm pour des ancrages au sol plus profonds dans des sols pierreux, argileux ou avec des racines, et les vis 8&#215;160 mm pour des charges moins importantes et des \u0153illets plus petits. Les piquets de camping \u00e0 visser peuvent \u00eatre viss\u00e9s et d\u00e9viss\u00e9s facilement et rapidement \u00e0 l&rsquo;aide d&rsquo;une visseuse sans fil (ou \u00e0 la main) avec l&#8217;embout TX40 appropri\u00e9 &#8211; cela permet d&rsquo;\u00e9conomiser du temps et de l&rsquo;\u00e9nergie !<br \/>\nLe set de camping TOX est livr\u00e9 avec 18 vis \u00e0 t\u00eate plate 8&#215;160 mm (8 pi\u00e8ces) et 8&#215;220 mm (10 pi\u00e8ces), 18 rondelles blanches en plastique \u00d835 mm, 2 embouts TX40, 1 paire de gants de montage taille 9 et 1x L-BOXX Mini.<br \/>\nLa cheville rouge \u00e0 usage g\u00e9n\u00e9ral a fait la r\u00e9putation de TOX : l&rsquo;entreprise est leader dans le domaine des chevilles \u00e0 usage g\u00e9n\u00e9ral. La gamme compl\u00e8te est r\u00e9solument ax\u00e9e sur les besoins des clients et des utilisateurs finaux. La marque TOX est synonyme de produits innovants et de solutions comp\u00e9tentes dans le domaine de la technique de fixation.<br \/>\n&nbsp;<\/p>\n","protected":false},"excerpt":{"rendered":"<p>Tout ce dont vous avez besoin pour s\u00e9curiser votre tente, dans la L-BOXX Mini pratique et divisible individuellement en 6 compartiments pour un rangement confortable dans vos bagages. Le kit de camping convient pour s\u00e9curiser les tentes, les pavillons, les stores, les filets de volley-ball, les trampolines ou les b\u00e2ches et peut \u00eatre utilis\u00e9 de [&hellip;]<\/p>\n","protected":false},"featured_media":215880,"template":"","meta":{"_acf_changed":false},"product_featured_cat":[],"product_brand":[],"product_cat":[4253],"product_tag":[],"class_list":{"0":"post-215890","1":"product","2":"type-product","3":"status-publish","4":"has-post-thumbnail","6":"product_cat-accessoires-de-montage","8":"first","9":"instock","10":"taxable","11":"shipping-taxable","12":"purchasable","13":"product-type-simple"},"acf":[],"yoast_head":"<!-- This site is optimized with the Yoast SEO plugin v27.4 - https:\/\/yoast.com\/product\/yoast-seo-wordpress\/ -->\n<title>Set de camping TOX L-Boxx Mini 39 pi\u00e8ces - Bantam Wankm\u00fcller SA<\/title>\n<meta name=\"robots\" content=\"index, follow, max-snippet:-1, max-image-preview:large, max-video-preview:-1\" \/>\n<link rel=\"canonical\" href=\"https:\/\/shop.bantam.ch\/fr\/produit\/set-de-camping-tox-l-boxx-mini-39-pieces\/\" \/>\n<meta property=\"og:locale\" content=\"fr_FR\" \/>\n<meta property=\"og:type\" content=\"article\" \/>\n<meta property=\"og:title\" content=\"Set de camping TOX L-Boxx Mini 39 pi\u00e8ces - Bantam Wankm\u00fcller SA\" \/>\n<meta property=\"og:description\" content=\"Tout ce dont vous avez besoin pour s\u00e9curiser votre tente, dans la L-BOXX Mini pratique et divisible individuellement en 6 compartiments pour un rangement confortable dans vos bagages. Le kit de camping convient pour s\u00e9curiser les tentes, les pavillons, les stores, les filets de volley-ball, les trampolines ou les b\u00e2ches et peut \u00eatre utilis\u00e9 de [&hellip;]\" \/>\n<meta property=\"og:url\" content=\"https:\/\/shop.bantam.ch\/fr\/produit\/set-de-camping-tox-l-boxx-mini-39-pieces\/\" \/>\n<meta property=\"og:site_name\" content=\"Bantam Wankm\u00fcller SA\" \/>\n<meta property=\"article:modified_time\" content=\"2026-04-19T21:36:26+00:00\" \/>\n<meta name=\"twitter:card\" content=\"summary_large_image\" \/>\n<meta name=\"twitter:label1\" content=\"Dur\u00e9e de lecture estim\u00e9e\" \/>\n\t<meta name=\"twitter:data1\" content=\"2 minutes\" \/>\n<script type=\"application\/ld+json\" class=\"yoast-schema-graph\">{\"@context\":\"https:\\\/\\\/schema.org\",\"@graph\":[{\"@type\":\"WebPage\",\"@id\":\"https:\\\/\\\/shop.bantam.ch\\\/fr\\\/produit\\\/set-de-camping-tox-l-boxx-mini-39-pieces\\\/\",\"url\":\"https:\\\/\\\/shop.bantam.ch\\\/fr\\\/produit\\\/set-de-camping-tox-l-boxx-mini-39-pieces\\\/\",\"name\":\"Set de camping TOX L-Boxx Mini 39 pi\u00e8ces - Bantam Wankm\u00fcller SA\",\"isPartOf\":{\"@id\":\"https:\\\/\\\/shop.bantam.ch\\\/fr\\\/#website\"},\"primaryImageOfPage\":{\"@id\":\"https:\\\/\\\/shop.bantam.ch\\\/fr\\\/produit\\\/set-de-camping-tox-l-boxx-mini-39-pieces\\\/#primaryimage\"},\"image\":{\"@id\":\"https:\\\/\\\/shop.bantam.ch\\\/fr\\\/produit\\\/set-de-camping-tox-l-boxx-mini-39-pieces\\\/#primaryimage\"},\"thumbnailUrl\":\"https:\\\/\\\/shop.bantam.ch\\\/wp-content\\\/uploads\\\/2025\\\/03\\\/Movera-L-9971483100.jpg\",\"datePublished\":\"2025-03-14T15:45:32+00:00\",\"dateModified\":\"2026-04-19T21:36:26+00:00\",\"breadcrumb\":{\"@id\":\"https:\\\/\\\/shop.bantam.ch\\\/fr\\\/produit\\\/set-de-camping-tox-l-boxx-mini-39-pieces\\\/#breadcrumb\"},\"inLanguage\":\"fr-FR\",\"potentialAction\":[{\"@type\":\"ReadAction\",\"target\":[\"https:\\\/\\\/shop.bantam.ch\\\/fr\\\/produit\\\/set-de-camping-tox-l-boxx-mini-39-pieces\\\/\"]}]},{\"@type\":\"ImageObject\",\"inLanguage\":\"fr-FR\",\"@id\":\"https:\\\/\\\/shop.bantam.ch\\\/fr\\\/produit\\\/set-de-camping-tox-l-boxx-mini-39-pieces\\\/#primaryimage\",\"url\":\"https:\\\/\\\/shop.bantam.ch\\\/wp-content\\\/uploads\\\/2025\\\/03\\\/Movera-L-9971483100.jpg\",\"contentUrl\":\"https:\\\/\\\/shop.bantam.ch\\\/wp-content\\\/uploads\\\/2025\\\/03\\\/Movera-L-9971483100.jpg\",\"width\":640,\"height\":640},{\"@type\":\"BreadcrumbList\",\"@id\":\"https:\\\/\\\/shop.bantam.ch\\\/fr\\\/produit\\\/set-de-camping-tox-l-boxx-mini-39-pieces\\\/#breadcrumb\",\"itemListElement\":[{\"@type\":\"ListItem\",\"position\":1,\"name\":\"Accueil\",\"item\":\"https:\\\/\\\/shop.bantam.ch\\\/fr\\\/\"},{\"@type\":\"ListItem\",\"position\":2,\"name\":\"Boutique\",\"item\":\"https:\\\/\\\/shop.bantam.ch\\\/fr\\\/boutique\\\/\"},{\"@type\":\"ListItem\",\"position\":3,\"name\":\"Set de camping TOX L-Boxx Mini 39 pi\u00e8ces\"}]},{\"@type\":\"WebSite\",\"@id\":\"https:\\\/\\\/shop.bantam.ch\\\/fr\\\/#website\",\"url\":\"https:\\\/\\\/shop.bantam.ch\\\/fr\\\/\",\"name\":\"Bantam Wankm\u00fcller SA\",\"description\":\"\",\"publisher\":{\"@id\":\"https:\\\/\\\/shop.bantam.ch\\\/fr\\\/#organization\"},\"inLanguage\":\"fr-FR\"},{\"@type\":\"Organization\",\"@id\":\"https:\\\/\\\/shop.bantam.ch\\\/fr\\\/#organization\",\"name\":\"Bantam Wankm\u00fcller SA\",\"url\":\"https:\\\/\\\/shop.bantam.ch\\\/fr\\\/\",\"logo\":{\"@type\":\"ImageObject\",\"inLanguage\":\"fr-FR\",\"@id\":\"https:\\\/\\\/shop.bantam.ch\\\/fr\\\/#\\\/schema\\\/logo\\\/image\\\/\",\"url\":\"https:\\\/\\\/shop.bantam.ch\\\/wp-content\\\/uploads\\\/2022\\\/12\\\/bantam-logo.png\",\"contentUrl\":\"https:\\\/\\\/shop.bantam.ch\\\/wp-content\\\/uploads\\\/2022\\\/12\\\/bantam-logo.png\",\"width\":320,\"height\":71,\"caption\":\"Bantam Wankm\u00fcller SA\"},\"image\":{\"@id\":\"https:\\\/\\\/shop.bantam.ch\\\/fr\\\/#\\\/schema\\\/logo\\\/image\\\/\"}}]}<\/script>\n<!-- \/ Yoast SEO plugin. -->","yoast_head_json":{"title":"Set de camping TOX L-Boxx Mini 39 pi\u00e8ces - Bantam Wankm\u00fcller SA","robots":{"index":"index","follow":"follow","max-snippet":"max-snippet:-1","max-image-preview":"max-image-preview:large","max-video-preview":"max-video-preview:-1"},"canonical":"https:\/\/shop.bantam.ch\/fr\/produit\/set-de-camping-tox-l-boxx-mini-39-pieces\/","og_locale":"fr_FR","og_type":"article","og_title":"Set de camping TOX L-Boxx Mini 39 pi\u00e8ces - Bantam Wankm\u00fcller SA","og_description":"Tout ce dont vous avez besoin pour s\u00e9curiser votre tente, dans la L-BOXX Mini pratique et divisible individuellement en 6 compartiments pour un rangement confortable dans vos bagages. Le kit de camping convient pour s\u00e9curiser les tentes, les pavillons, les stores, les filets de volley-ball, les trampolines ou les b\u00e2ches et peut \u00eatre utilis\u00e9 de [&hellip;]","og_url":"https:\/\/shop.bantam.ch\/fr\/produit\/set-de-camping-tox-l-boxx-mini-39-pieces\/","og_site_name":"Bantam Wankm\u00fcller SA","article_modified_time":"2026-04-19T21:36:26+00:00","twitter_card":"summary_large_image","twitter_misc":{"Dur\u00e9e de lecture estim\u00e9e":"2 minutes"},"schema":{"@context":"https:\/\/schema.org","@graph":[{"@type":"WebPage","@id":"https:\/\/shop.bantam.ch\/fr\/produit\/set-de-camping-tox-l-boxx-mini-39-pieces\/","url":"https:\/\/shop.bantam.ch\/fr\/produit\/set-de-camping-tox-l-boxx-mini-39-pieces\/","name":"Set de camping TOX L-Boxx Mini 39 pi\u00e8ces - Bantam Wankm\u00fcller SA","isPartOf":{"@id":"https:\/\/shop.bantam.ch\/fr\/#website"},"primaryImageOfPage":{"@id":"https:\/\/shop.bantam.ch\/fr\/produit\/set-de-camping-tox-l-boxx-mini-39-pieces\/#primaryimage"},"image":{"@id":"https:\/\/shop.bantam.ch\/fr\/produit\/set-de-camping-tox-l-boxx-mini-39-pieces\/#primaryimage"},"thumbnailUrl":"https:\/\/shop.bantam.ch\/wp-content\/uploads\/2025\/03\/Movera-L-9971483100.jpg","datePublished":"2025-03-14T15:45:32+00:00","dateModified":"2026-04-19T21:36:26+00:00","breadcrumb":{"@id":"https:\/\/shop.bantam.ch\/fr\/produit\/set-de-camping-tox-l-boxx-mini-39-pieces\/#breadcrumb"},"inLanguage":"fr-FR","potentialAction":[{"@type":"ReadAction","target":["https:\/\/shop.bantam.ch\/fr\/produit\/set-de-camping-tox-l-boxx-mini-39-pieces\/"]}]},{"@type":"ImageObject","inLanguage":"fr-FR","@id":"https:\/\/shop.bantam.ch\/fr\/produit\/set-de-camping-tox-l-boxx-mini-39-pieces\/#primaryimage","url":"https:\/\/shop.bantam.ch\/wp-content\/uploads\/2025\/03\/Movera-L-9971483100.jpg","contentUrl":"https:\/\/shop.bantam.ch\/wp-content\/uploads\/2025\/03\/Movera-L-9971483100.jpg","width":640,"height":640},{"@type":"BreadcrumbList","@id":"https:\/\/shop.bantam.ch\/fr\/produit\/set-de-camping-tox-l-boxx-mini-39-pieces\/#breadcrumb","itemListElement":[{"@type":"ListItem","position":1,"name":"Accueil","item":"https:\/\/shop.bantam.ch\/fr\/"},{"@type":"ListItem","position":2,"name":"Boutique","item":"https:\/\/shop.bantam.ch\/fr\/boutique\/"},{"@type":"ListItem","position":3,"name":"Set de camping TOX L-Boxx Mini 39 pi\u00e8ces"}]},{"@type":"WebSite","@id":"https:\/\/shop.bantam.ch\/fr\/#website","url":"https:\/\/shop.bantam.ch\/fr\/","name":"Bantam Wankm\u00fcller SA","description":"","publisher":{"@id":"https:\/\/shop.bantam.ch\/fr\/#organization"},"inLanguage":"fr-FR"},{"@type":"Organization","@id":"https:\/\/shop.bantam.ch\/fr\/#organization","name":"Bantam Wankm\u00fcller SA","url":"https:\/\/shop.bantam.ch\/fr\/","logo":{"@type":"ImageObject","inLanguage":"fr-FR","@id":"https:\/\/shop.bantam.ch\/fr\/#\/schema\/logo\/image\/","url":"https:\/\/shop.bantam.ch\/wp-content\/uploads\/2022\/12\/bantam-logo.png","contentUrl":"https:\/\/shop.bantam.ch\/wp-content\/uploads\/2022\/12\/bantam-logo.png","width":320,"height":71,"caption":"Bantam Wankm\u00fcller SA"},"image":{"@id":"https:\/\/shop.bantam.ch\/fr\/#\/schema\/logo\/image\/"}}]}},"_links":{"self":[{"href":"https:\/\/shop.bantam.ch\/fr\/wp-json\/wp\/v2\/product\/215890","targetHints":{"allow":["GET"]}}],"collection":[{"href":"https:\/\/shop.bantam.ch\/fr\/wp-json\/wp\/v2\/product"}],"about":[{"href":"https:\/\/shop.bantam.ch\/fr\/wp-json\/wp\/v2\/types\/product"}],"wp:featuredmedia":[{"embeddable":true,"href":"https:\/\/shop.bantam.ch\/fr\/wp-json\/wp\/v2\/media\/215880"}],"wp:attachment":[{"href":"https:\/\/shop.bantam.ch\/fr\/wp-json\/wp\/v2\/media?parent=215890"}],"wp:term":[{"taxonomy":"product_featured_cat","embeddable":true,"href":"https:\/\/shop.bantam.ch\/fr\/wp-json\/wp\/v2\/product_featured_cat?post=215890"},{"taxonomy":"product_brand","embeddable":true,"href":"https:\/\/shop.bantam.ch\/fr\/wp-json\/wp\/v2\/product_brand?post=215890"},{"taxonomy":"product_cat","embeddable":true,"href":"https:\/\/shop.bantam.ch\/fr\/wp-json\/wp\/v2\/product_cat?post=215890"},{"taxonomy":"product_tag","embeddable":true,"href":"https:\/\/shop.bantam.ch\/fr\/wp-json\/wp\/v2\/product_tag?post=215890"}],"curies":[{"name":"wp","href":"https:\/\/api.w.org\/{rel}","templated":true}]}}