{"id":215878,"date":"2025-03-14T16:45:24","date_gmt":"2025-03-14T15:45:24","guid":{"rendered":"https:\/\/shop.bantam.ch\/produit\/boite-de-camping-en-cuir-mini-tox-l-boxx\/"},"modified":"2026-04-21T23:34:45","modified_gmt":"2026-04-21T21:34:45","slug":"boite-de-camping-en-cuir-mini-tox-l-boxx","status":"publish","type":"product","link":"https:\/\/shop.bantam.ch\/fr\/produit\/boite-de-camping-en-cuir-mini-tox-l-boxx\/","title":{"rendered":"Bo\u00eete de camping en cuir mini TOX L-BOXX"},"content":{"rendered":"<p>Alternative d&#8217;emballage compacte et \u00e9conomique pour les petits assortiments jusqu&rsquo;\u00e0 1,5 kg.&nbsp;<br \/>\nGarantit l&rsquo;absence de m\u00e9lange : divisible en jusqu&rsquo;\u00e0 six compartiments gr\u00e2ce aux s\u00e9parateurs utilisables individuellement et affleurant le couvercle.<br \/>\nLes BOXX sont empilables les unes sur les autres, encliquetables gr\u00e2ce \u00e0 un syst\u00e8me de clic et peuvent \u00eatre transport\u00e9es ensembles sans probl\u00e8me.<br \/>\nLe couvercle transparent permet de voir rapidement le niveau de remplissage et le contenu de la BOXX.<br \/>\nFabriqu\u00e9e en plastique de qualit\u00e9 alimentaire : convient donc \u00e9galement comme bo\u00eete \u00e0 lunch pour le casse-cro\u00fbte bien m\u00e9rit\u00e9.<br \/>\nFacile \u00e0 nettoyer car elle passe au lave-vaisselle.<br \/>\n&nbsp;<\/p>\n","protected":false},"excerpt":{"rendered":"<p>Alternative d&#8217;emballage compacte et \u00e9conomique pour les petits assortiments jusqu&rsquo;\u00e0 1,5 kg.&nbsp; Garantit l&rsquo;absence de m\u00e9lange : divisible en jusqu&rsquo;\u00e0 six compartiments gr\u00e2ce aux s\u00e9parateurs utilisables individuellement et affleurant le couvercle. Les BOXX sont empilables les unes sur les autres, encliquetables gr\u00e2ce \u00e0 un syst\u00e8me de clic et peuvent \u00eatre transport\u00e9es ensembles sans probl\u00e8me. Le [&hellip;]<\/p>\n","protected":false},"featured_media":215868,"template":"","meta":{"_acf_changed":false},"product_featured_cat":[],"product_brand":[],"product_cat":[4253],"product_tag":[],"class_list":{"0":"post-215878","1":"product","2":"type-product","3":"status-publish","4":"has-post-thumbnail","6":"product_cat-accessoires-de-montage","8":"first","9":"instock","10":"taxable","11":"shipping-taxable","12":"purchasable","13":"product-type-simple"},"acf":[],"yoast_head":"<!-- This site is optimized with the Yoast SEO plugin v27.4 - https:\/\/yoast.com\/product\/yoast-seo-wordpress\/ -->\n<title>Bo\u00eete de camping en cuir mini TOX L-BOXX - Bantam Wankm\u00fcller SA<\/title>\n<meta name=\"robots\" content=\"index, follow, max-snippet:-1, max-image-preview:large, max-video-preview:-1\" \/>\n<link rel=\"canonical\" href=\"https:\/\/shop.bantam.ch\/fr\/produit\/boite-de-camping-en-cuir-mini-tox-l-boxx\/\" \/>\n<meta property=\"og:locale\" content=\"fr_FR\" \/>\n<meta property=\"og:type\" content=\"article\" \/>\n<meta property=\"og:title\" content=\"Bo\u00eete de camping en cuir mini TOX L-BOXX - Bantam Wankm\u00fcller SA\" \/>\n<meta property=\"og:description\" content=\"Alternative d&#8217;emballage compacte et \u00e9conomique pour les petits assortiments jusqu&rsquo;\u00e0 1,5 kg.&nbsp; Garantit l&rsquo;absence de m\u00e9lange : divisible en jusqu&rsquo;\u00e0 six compartiments gr\u00e2ce aux s\u00e9parateurs utilisables individuellement et affleurant le couvercle. Les BOXX sont empilables les unes sur les autres, encliquetables gr\u00e2ce \u00e0 un syst\u00e8me de clic et peuvent \u00eatre transport\u00e9es ensembles sans probl\u00e8me. Le [&hellip;]\" \/>\n<meta property=\"og:url\" content=\"https:\/\/shop.bantam.ch\/fr\/produit\/boite-de-camping-en-cuir-mini-tox-l-boxx\/\" \/>\n<meta property=\"og:site_name\" content=\"Bantam Wankm\u00fcller SA\" \/>\n<meta property=\"article:modified_time\" content=\"2026-04-21T21:34:45+00:00\" \/>\n<meta name=\"twitter:card\" content=\"summary_large_image\" \/>\n<meta name=\"twitter:label1\" content=\"Dur\u00e9e de lecture estim\u00e9e\" \/>\n\t<meta name=\"twitter:data1\" content=\"1 minute\" \/>\n<script type=\"application\/ld+json\" class=\"yoast-schema-graph\">{\"@context\":\"https:\\\/\\\/schema.org\",\"@graph\":[{\"@type\":\"WebPage\",\"@id\":\"https:\\\/\\\/shop.bantam.ch\\\/fr\\\/produit\\\/boite-de-camping-en-cuir-mini-tox-l-boxx\\\/\",\"url\":\"https:\\\/\\\/shop.bantam.ch\\\/fr\\\/produit\\\/boite-de-camping-en-cuir-mini-tox-l-boxx\\\/\",\"name\":\"Bo\u00eete de camping en cuir mini TOX L-BOXX - Bantam Wankm\u00fcller SA\",\"isPartOf\":{\"@id\":\"https:\\\/\\\/shop.bantam.ch\\\/fr\\\/#website\"},\"primaryImageOfPage\":{\"@id\":\"https:\\\/\\\/shop.bantam.ch\\\/fr\\\/produit\\\/boite-de-camping-en-cuir-mini-tox-l-boxx\\\/#primaryimage\"},\"image\":{\"@id\":\"https:\\\/\\\/shop.bantam.ch\\\/fr\\\/produit\\\/boite-de-camping-en-cuir-mini-tox-l-boxx\\\/#primaryimage\"},\"thumbnailUrl\":\"https:\\\/\\\/shop.bantam.ch\\\/wp-content\\\/uploads\\\/2025\\\/03\\\/Movera-L-9971484100.jpg\",\"datePublished\":\"2025-03-14T15:45:24+00:00\",\"dateModified\":\"2026-04-21T21:34:45+00:00\",\"breadcrumb\":{\"@id\":\"https:\\\/\\\/shop.bantam.ch\\\/fr\\\/produit\\\/boite-de-camping-en-cuir-mini-tox-l-boxx\\\/#breadcrumb\"},\"inLanguage\":\"fr-FR\",\"potentialAction\":[{\"@type\":\"ReadAction\",\"target\":[\"https:\\\/\\\/shop.bantam.ch\\\/fr\\\/produit\\\/boite-de-camping-en-cuir-mini-tox-l-boxx\\\/\"]}]},{\"@type\":\"ImageObject\",\"inLanguage\":\"fr-FR\",\"@id\":\"https:\\\/\\\/shop.bantam.ch\\\/fr\\\/produit\\\/boite-de-camping-en-cuir-mini-tox-l-boxx\\\/#primaryimage\",\"url\":\"https:\\\/\\\/shop.bantam.ch\\\/wp-content\\\/uploads\\\/2025\\\/03\\\/Movera-L-9971484100.jpg\",\"contentUrl\":\"https:\\\/\\\/shop.bantam.ch\\\/wp-content\\\/uploads\\\/2025\\\/03\\\/Movera-L-9971484100.jpg\",\"width\":640,\"height\":640},{\"@type\":\"BreadcrumbList\",\"@id\":\"https:\\\/\\\/shop.bantam.ch\\\/fr\\\/produit\\\/boite-de-camping-en-cuir-mini-tox-l-boxx\\\/#breadcrumb\",\"itemListElement\":[{\"@type\":\"ListItem\",\"position\":1,\"name\":\"Accueil\",\"item\":\"https:\\\/\\\/shop.bantam.ch\\\/fr\\\/\"},{\"@type\":\"ListItem\",\"position\":2,\"name\":\"Boutique\",\"item\":\"https:\\\/\\\/shop.bantam.ch\\\/fr\\\/boutique\\\/\"},{\"@type\":\"ListItem\",\"position\":3,\"name\":\"Bo\u00eete de camping en cuir mini TOX L-BOXX\"}]},{\"@type\":\"WebSite\",\"@id\":\"https:\\\/\\\/shop.bantam.ch\\\/fr\\\/#website\",\"url\":\"https:\\\/\\\/shop.bantam.ch\\\/fr\\\/\",\"name\":\"Bantam Wankm\u00fcller SA\",\"description\":\"\",\"publisher\":{\"@id\":\"https:\\\/\\\/shop.bantam.ch\\\/fr\\\/#organization\"},\"inLanguage\":\"fr-FR\"},{\"@type\":\"Organization\",\"@id\":\"https:\\\/\\\/shop.bantam.ch\\\/fr\\\/#organization\",\"name\":\"Bantam Wankm\u00fcller SA\",\"url\":\"https:\\\/\\\/shop.bantam.ch\\\/fr\\\/\",\"logo\":{\"@type\":\"ImageObject\",\"inLanguage\":\"fr-FR\",\"@id\":\"https:\\\/\\\/shop.bantam.ch\\\/fr\\\/#\\\/schema\\\/logo\\\/image\\\/\",\"url\":\"https:\\\/\\\/shop.bantam.ch\\\/wp-content\\\/uploads\\\/2022\\\/12\\\/bantam-logo.png\",\"contentUrl\":\"https:\\\/\\\/shop.bantam.ch\\\/wp-content\\\/uploads\\\/2022\\\/12\\\/bantam-logo.png\",\"width\":320,\"height\":71,\"caption\":\"Bantam Wankm\u00fcller SA\"},\"image\":{\"@id\":\"https:\\\/\\\/shop.bantam.ch\\\/fr\\\/#\\\/schema\\\/logo\\\/image\\\/\"}}]}<\/script>\n<!-- \/ Yoast SEO plugin. -->","yoast_head_json":{"title":"Bo\u00eete de camping en cuir mini TOX L-BOXX - Bantam Wankm\u00fcller SA","robots":{"index":"index","follow":"follow","max-snippet":"max-snippet:-1","max-image-preview":"max-image-preview:large","max-video-preview":"max-video-preview:-1"},"canonical":"https:\/\/shop.bantam.ch\/fr\/produit\/boite-de-camping-en-cuir-mini-tox-l-boxx\/","og_locale":"fr_FR","og_type":"article","og_title":"Bo\u00eete de camping en cuir mini TOX L-BOXX - Bantam Wankm\u00fcller SA","og_description":"Alternative d&#8217;emballage compacte et \u00e9conomique pour les petits assortiments jusqu&rsquo;\u00e0 1,5 kg.&nbsp; Garantit l&rsquo;absence de m\u00e9lange : divisible en jusqu&rsquo;\u00e0 six compartiments gr\u00e2ce aux s\u00e9parateurs utilisables individuellement et affleurant le couvercle. Les BOXX sont empilables les unes sur les autres, encliquetables gr\u00e2ce \u00e0 un syst\u00e8me de clic et peuvent \u00eatre transport\u00e9es ensembles sans probl\u00e8me. Le [&hellip;]","og_url":"https:\/\/shop.bantam.ch\/fr\/produit\/boite-de-camping-en-cuir-mini-tox-l-boxx\/","og_site_name":"Bantam Wankm\u00fcller SA","article_modified_time":"2026-04-21T21:34:45+00:00","twitter_card":"summary_large_image","twitter_misc":{"Dur\u00e9e de lecture estim\u00e9e":"1 minute"},"schema":{"@context":"https:\/\/schema.org","@graph":[{"@type":"WebPage","@id":"https:\/\/shop.bantam.ch\/fr\/produit\/boite-de-camping-en-cuir-mini-tox-l-boxx\/","url":"https:\/\/shop.bantam.ch\/fr\/produit\/boite-de-camping-en-cuir-mini-tox-l-boxx\/","name":"Bo\u00eete de camping en cuir mini TOX L-BOXX - Bantam Wankm\u00fcller SA","isPartOf":{"@id":"https:\/\/shop.bantam.ch\/fr\/#website"},"primaryImageOfPage":{"@id":"https:\/\/shop.bantam.ch\/fr\/produit\/boite-de-camping-en-cuir-mini-tox-l-boxx\/#primaryimage"},"image":{"@id":"https:\/\/shop.bantam.ch\/fr\/produit\/boite-de-camping-en-cuir-mini-tox-l-boxx\/#primaryimage"},"thumbnailUrl":"https:\/\/shop.bantam.ch\/wp-content\/uploads\/2025\/03\/Movera-L-9971484100.jpg","datePublished":"2025-03-14T15:45:24+00:00","dateModified":"2026-04-21T21:34:45+00:00","breadcrumb":{"@id":"https:\/\/shop.bantam.ch\/fr\/produit\/boite-de-camping-en-cuir-mini-tox-l-boxx\/#breadcrumb"},"inLanguage":"fr-FR","potentialAction":[{"@type":"ReadAction","target":["https:\/\/shop.bantam.ch\/fr\/produit\/boite-de-camping-en-cuir-mini-tox-l-boxx\/"]}]},{"@type":"ImageObject","inLanguage":"fr-FR","@id":"https:\/\/shop.bantam.ch\/fr\/produit\/boite-de-camping-en-cuir-mini-tox-l-boxx\/#primaryimage","url":"https:\/\/shop.bantam.ch\/wp-content\/uploads\/2025\/03\/Movera-L-9971484100.jpg","contentUrl":"https:\/\/shop.bantam.ch\/wp-content\/uploads\/2025\/03\/Movera-L-9971484100.jpg","width":640,"height":640},{"@type":"BreadcrumbList","@id":"https:\/\/shop.bantam.ch\/fr\/produit\/boite-de-camping-en-cuir-mini-tox-l-boxx\/#breadcrumb","itemListElement":[{"@type":"ListItem","position":1,"name":"Accueil","item":"https:\/\/shop.bantam.ch\/fr\/"},{"@type":"ListItem","position":2,"name":"Boutique","item":"https:\/\/shop.bantam.ch\/fr\/boutique\/"},{"@type":"ListItem","position":3,"name":"Bo\u00eete de camping en cuir mini TOX L-BOXX"}]},{"@type":"WebSite","@id":"https:\/\/shop.bantam.ch\/fr\/#website","url":"https:\/\/shop.bantam.ch\/fr\/","name":"Bantam Wankm\u00fcller SA","description":"","publisher":{"@id":"https:\/\/shop.bantam.ch\/fr\/#organization"},"inLanguage":"fr-FR"},{"@type":"Organization","@id":"https:\/\/shop.bantam.ch\/fr\/#organization","name":"Bantam Wankm\u00fcller SA","url":"https:\/\/shop.bantam.ch\/fr\/","logo":{"@type":"ImageObject","inLanguage":"fr-FR","@id":"https:\/\/shop.bantam.ch\/fr\/#\/schema\/logo\/image\/","url":"https:\/\/shop.bantam.ch\/wp-content\/uploads\/2022\/12\/bantam-logo.png","contentUrl":"https:\/\/shop.bantam.ch\/wp-content\/uploads\/2022\/12\/bantam-logo.png","width":320,"height":71,"caption":"Bantam Wankm\u00fcller SA"},"image":{"@id":"https:\/\/shop.bantam.ch\/fr\/#\/schema\/logo\/image\/"}}]}},"_links":{"self":[{"href":"https:\/\/shop.bantam.ch\/fr\/wp-json\/wp\/v2\/product\/215878","targetHints":{"allow":["GET"]}}],"collection":[{"href":"https:\/\/shop.bantam.ch\/fr\/wp-json\/wp\/v2\/product"}],"about":[{"href":"https:\/\/shop.bantam.ch\/fr\/wp-json\/wp\/v2\/types\/product"}],"wp:featuredmedia":[{"embeddable":true,"href":"https:\/\/shop.bantam.ch\/fr\/wp-json\/wp\/v2\/media\/215868"}],"wp:attachment":[{"href":"https:\/\/shop.bantam.ch\/fr\/wp-json\/wp\/v2\/media?parent=215878"}],"wp:term":[{"taxonomy":"product_featured_cat","embeddable":true,"href":"https:\/\/shop.bantam.ch\/fr\/wp-json\/wp\/v2\/product_featured_cat?post=215878"},{"taxonomy":"product_brand","embeddable":true,"href":"https:\/\/shop.bantam.ch\/fr\/wp-json\/wp\/v2\/product_brand?post=215878"},{"taxonomy":"product_cat","embeddable":true,"href":"https:\/\/shop.bantam.ch\/fr\/wp-json\/wp\/v2\/product_cat?post=215878"},{"taxonomy":"product_tag","embeddable":true,"href":"https:\/\/shop.bantam.ch\/fr\/wp-json\/wp\/v2\/product_tag?post=215878"}],"curies":[{"name":"wp","href":"https:\/\/api.w.org\/{rel}","templated":true}]}}