{"id":215866,"date":"2025-03-14T16:45:16","date_gmt":"2025-03-14T15:45:16","guid":{"rendered":"https:\/\/shop.bantam.ch\/produit\/kit-de-haubanage-tox-6-x-vis-a-tete-plate-cable-de-tension-rondelle-speciale-1-x-l-box-embout-tx40\/"},"modified":"2026-04-19T23:36:25","modified_gmt":"2026-04-19T21:36:25","slug":"kit-de-haubanage-tox-6-x-vis-a-tete-plate-cable-de-tension-rondelle-speciale-1-x-l-box-embout-tx40","status":"publish","type":"product","link":"https:\/\/shop.bantam.ch\/fr\/produit\/kit-de-haubanage-tox-6-x-vis-a-tete-plate-cable-de-tension-rondelle-speciale-1-x-l-box-embout-tx40\/","title":{"rendered":"Kit de haubanage TOX 6 x vis \u00e0 t\u00eate plate, c\u00e2ble de tension, rondelle sp\u00e9ciale 1 x L-Box, embout TX40"},"content":{"rendered":"<p>Tout ce dont vous avez besoin pour s\u00e9curiser votre tente, votre auvent ou votre store, dans la L-BOXX Mini pratique pour un rangement confortable dans vos bagages.<br \/>\nLes vis de tente galvanis\u00e9es offrent une forte tenue, ne doivent pas \u00eatre enfonc\u00e9es p\u00e9niblement et \u00e9vitent les accidents dus aux tr\u00e9buchements gr\u00e2ce \u00e0 leur fixation affleurante. Des rondelles assorties en plastique blanc prot\u00e8gent les boucles contre les dommages et assurent une bonne visibilit\u00e9 avec les cordons de tente r\u00e9fl\u00e9chissants (y compris tendeur \u00e0 trois trous en aluminium et languette pour piquet). Les longues vis conviennent pour des ancrages profonds au sol avec une grande capacit\u00e9 de charge dans des sols enracin\u00e9s, pierreux, gel\u00e9s ou argileux. Les L-BOXX Mini et Micro se clipsent l&rsquo;une \u00e0 l&rsquo;autre et peuvent \u00eatre facilement transport\u00e9es ensemble.<br \/>\nLe kit de haubanage pour camping est livr\u00e9 avec 6 vis de tente 8&#215;220 mm, 6 cordons de tente noirs ou r\u00e9fl\u00e9chissants (\u00d8 4 mm ; longueur 4 m), y compris tendeur \u00e0 trois trous en aluminium + languette pour piquet, 6 rondelles blanches en plastique \u00d8 35 mm, 1 embout TX40 dans la L-BOXX Mini encliquetable.<br \/>\nLa cheville rouge \u00e0 usage g\u00e9n\u00e9ral a fait la r\u00e9putation de TOX : l&rsquo;entreprise est leader dans le domaine des chevilles \u00e0 usage g\u00e9n\u00e9ral. La gamme compl\u00e8te est r\u00e9solument ax\u00e9e sur les besoins des clients et des utilisateurs finaux. La marque TOX est synonyme de produits innovants et de solutions comp\u00e9tentes dans le domaine de la technique de fixation.<br \/>\n&nbsp;<\/p>\n","protected":false},"excerpt":{"rendered":"<p>Tout ce dont vous avez besoin pour s\u00e9curiser votre tente, votre auvent ou votre store, dans la L-BOXX Mini pratique pour un rangement confortable dans vos bagages. Les vis de tente galvanis\u00e9es offrent une forte tenue, ne doivent pas \u00eatre enfonc\u00e9es p\u00e9niblement et \u00e9vitent les accidents dus aux tr\u00e9buchements gr\u00e2ce \u00e0 leur fixation affleurante. Des [&hellip;]<\/p>\n","protected":false},"featured_media":215858,"template":"","meta":{"_acf_changed":false},"product_featured_cat":[],"product_brand":[],"product_cat":[4253],"product_tag":[],"class_list":{"0":"post-215866","1":"product","2":"type-product","3":"status-publish","4":"has-post-thumbnail","6":"product_cat-accessoires-de-montage","8":"first","9":"instock","10":"taxable","11":"shipping-taxable","12":"purchasable","13":"product-type-simple"},"acf":[],"yoast_head":"<!-- This site is optimized with the Yoast SEO plugin v27.4 - https:\/\/yoast.com\/product\/yoast-seo-wordpress\/ -->\n<title>Kit de haubanage TOX 6 x vis \u00e0 t\u00eate plate, c\u00e2ble de tension, rondelle sp\u00e9ciale 1 x L-Box, embout TX40 - Bantam Wankm\u00fcller SA<\/title>\n<meta name=\"robots\" content=\"index, follow, max-snippet:-1, max-image-preview:large, max-video-preview:-1\" \/>\n<link rel=\"canonical\" href=\"https:\/\/shop.bantam.ch\/fr\/produit\/kit-de-haubanage-tox-6-x-vis-a-tete-plate-cable-de-tension-rondelle-speciale-1-x-l-box-embout-tx40\/\" \/>\n<meta property=\"og:locale\" content=\"fr_FR\" \/>\n<meta property=\"og:type\" content=\"article\" \/>\n<meta property=\"og:title\" content=\"Kit de haubanage TOX 6 x vis \u00e0 t\u00eate plate, c\u00e2ble de tension, rondelle sp\u00e9ciale 1 x L-Box, embout TX40 - Bantam Wankm\u00fcller SA\" \/>\n<meta property=\"og:description\" content=\"Tout ce dont vous avez besoin pour s\u00e9curiser votre tente, votre auvent ou votre store, dans la L-BOXX Mini pratique pour un rangement confortable dans vos bagages. Les vis de tente galvanis\u00e9es offrent une forte tenue, ne doivent pas \u00eatre enfonc\u00e9es p\u00e9niblement et \u00e9vitent les accidents dus aux tr\u00e9buchements gr\u00e2ce \u00e0 leur fixation affleurante. Des [&hellip;]\" \/>\n<meta property=\"og:url\" content=\"https:\/\/shop.bantam.ch\/fr\/produit\/kit-de-haubanage-tox-6-x-vis-a-tete-plate-cable-de-tension-rondelle-speciale-1-x-l-box-embout-tx40\/\" \/>\n<meta property=\"og:site_name\" content=\"Bantam Wankm\u00fcller SA\" \/>\n<meta property=\"article:modified_time\" content=\"2026-04-19T21:36:25+00:00\" \/>\n<meta name=\"twitter:card\" content=\"summary_large_image\" \/>\n<meta name=\"twitter:label1\" content=\"Dur\u00e9e de lecture estim\u00e9e\" \/>\n\t<meta name=\"twitter:data1\" content=\"1 minute\" \/>\n<script type=\"application\/ld+json\" class=\"yoast-schema-graph\">{\"@context\":\"https:\\\/\\\/schema.org\",\"@graph\":[{\"@type\":\"WebPage\",\"@id\":\"https:\\\/\\\/shop.bantam.ch\\\/fr\\\/produit\\\/kit-de-haubanage-tox-6-x-vis-a-tete-plate-cable-de-tension-rondelle-speciale-1-x-l-box-embout-tx40\\\/\",\"url\":\"https:\\\/\\\/shop.bantam.ch\\\/fr\\\/produit\\\/kit-de-haubanage-tox-6-x-vis-a-tete-plate-cable-de-tension-rondelle-speciale-1-x-l-box-embout-tx40\\\/\",\"name\":\"Kit de haubanage TOX 6 x vis \u00e0 t\u00eate plate, c\u00e2ble de tension, rondelle sp\u00e9ciale 1 x L-Box, embout TX40 - Bantam Wankm\u00fcller SA\",\"isPartOf\":{\"@id\":\"https:\\\/\\\/shop.bantam.ch\\\/fr\\\/#website\"},\"primaryImageOfPage\":{\"@id\":\"https:\\\/\\\/shop.bantam.ch\\\/fr\\\/produit\\\/kit-de-haubanage-tox-6-x-vis-a-tete-plate-cable-de-tension-rondelle-speciale-1-x-l-box-embout-tx40\\\/#primaryimage\"},\"image\":{\"@id\":\"https:\\\/\\\/shop.bantam.ch\\\/fr\\\/produit\\\/kit-de-haubanage-tox-6-x-vis-a-tete-plate-cable-de-tension-rondelle-speciale-1-x-l-box-embout-tx40\\\/#primaryimage\"},\"thumbnailUrl\":\"https:\\\/\\\/shop.bantam.ch\\\/wp-content\\\/uploads\\\/2025\\\/03\\\/Movera-L-9971485100.jpg\",\"datePublished\":\"2025-03-14T15:45:16+00:00\",\"dateModified\":\"2026-04-19T21:36:25+00:00\",\"breadcrumb\":{\"@id\":\"https:\\\/\\\/shop.bantam.ch\\\/fr\\\/produit\\\/kit-de-haubanage-tox-6-x-vis-a-tete-plate-cable-de-tension-rondelle-speciale-1-x-l-box-embout-tx40\\\/#breadcrumb\"},\"inLanguage\":\"fr-FR\",\"potentialAction\":[{\"@type\":\"ReadAction\",\"target\":[\"https:\\\/\\\/shop.bantam.ch\\\/fr\\\/produit\\\/kit-de-haubanage-tox-6-x-vis-a-tete-plate-cable-de-tension-rondelle-speciale-1-x-l-box-embout-tx40\\\/\"]}]},{\"@type\":\"ImageObject\",\"inLanguage\":\"fr-FR\",\"@id\":\"https:\\\/\\\/shop.bantam.ch\\\/fr\\\/produit\\\/kit-de-haubanage-tox-6-x-vis-a-tete-plate-cable-de-tension-rondelle-speciale-1-x-l-box-embout-tx40\\\/#primaryimage\",\"url\":\"https:\\\/\\\/shop.bantam.ch\\\/wp-content\\\/uploads\\\/2025\\\/03\\\/Movera-L-9971485100.jpg\",\"contentUrl\":\"https:\\\/\\\/shop.bantam.ch\\\/wp-content\\\/uploads\\\/2025\\\/03\\\/Movera-L-9971485100.jpg\",\"width\":640,\"height\":640},{\"@type\":\"BreadcrumbList\",\"@id\":\"https:\\\/\\\/shop.bantam.ch\\\/fr\\\/produit\\\/kit-de-haubanage-tox-6-x-vis-a-tete-plate-cable-de-tension-rondelle-speciale-1-x-l-box-embout-tx40\\\/#breadcrumb\",\"itemListElement\":[{\"@type\":\"ListItem\",\"position\":1,\"name\":\"Accueil\",\"item\":\"https:\\\/\\\/shop.bantam.ch\\\/fr\\\/\"},{\"@type\":\"ListItem\",\"position\":2,\"name\":\"Boutique\",\"item\":\"https:\\\/\\\/shop.bantam.ch\\\/fr\\\/boutique\\\/\"},{\"@type\":\"ListItem\",\"position\":3,\"name\":\"Kit de haubanage TOX 6 x vis \u00e0 t\u00eate plate, c\u00e2ble de tension, rondelle sp\u00e9ciale 1 x L-Box, embout TX40\"}]},{\"@type\":\"WebSite\",\"@id\":\"https:\\\/\\\/shop.bantam.ch\\\/fr\\\/#website\",\"url\":\"https:\\\/\\\/shop.bantam.ch\\\/fr\\\/\",\"name\":\"Bantam Wankm\u00fcller SA\",\"description\":\"\",\"publisher\":{\"@id\":\"https:\\\/\\\/shop.bantam.ch\\\/fr\\\/#organization\"},\"inLanguage\":\"fr-FR\"},{\"@type\":\"Organization\",\"@id\":\"https:\\\/\\\/shop.bantam.ch\\\/fr\\\/#organization\",\"name\":\"Bantam Wankm\u00fcller SA\",\"url\":\"https:\\\/\\\/shop.bantam.ch\\\/fr\\\/\",\"logo\":{\"@type\":\"ImageObject\",\"inLanguage\":\"fr-FR\",\"@id\":\"https:\\\/\\\/shop.bantam.ch\\\/fr\\\/#\\\/schema\\\/logo\\\/image\\\/\",\"url\":\"https:\\\/\\\/shop.bantam.ch\\\/wp-content\\\/uploads\\\/2022\\\/12\\\/bantam-logo.png\",\"contentUrl\":\"https:\\\/\\\/shop.bantam.ch\\\/wp-content\\\/uploads\\\/2022\\\/12\\\/bantam-logo.png\",\"width\":320,\"height\":71,\"caption\":\"Bantam Wankm\u00fcller SA\"},\"image\":{\"@id\":\"https:\\\/\\\/shop.bantam.ch\\\/fr\\\/#\\\/schema\\\/logo\\\/image\\\/\"}}]}<\/script>\n<!-- \/ Yoast SEO plugin. -->","yoast_head_json":{"title":"Kit de haubanage TOX 6 x vis \u00e0 t\u00eate plate, c\u00e2ble de tension, rondelle sp\u00e9ciale 1 x L-Box, embout TX40 - Bantam Wankm\u00fcller SA","robots":{"index":"index","follow":"follow","max-snippet":"max-snippet:-1","max-image-preview":"max-image-preview:large","max-video-preview":"max-video-preview:-1"},"canonical":"https:\/\/shop.bantam.ch\/fr\/produit\/kit-de-haubanage-tox-6-x-vis-a-tete-plate-cable-de-tension-rondelle-speciale-1-x-l-box-embout-tx40\/","og_locale":"fr_FR","og_type":"article","og_title":"Kit de haubanage TOX 6 x vis \u00e0 t\u00eate plate, c\u00e2ble de tension, rondelle sp\u00e9ciale 1 x L-Box, embout TX40 - Bantam Wankm\u00fcller SA","og_description":"Tout ce dont vous avez besoin pour s\u00e9curiser votre tente, votre auvent ou votre store, dans la L-BOXX Mini pratique pour un rangement confortable dans vos bagages. Les vis de tente galvanis\u00e9es offrent une forte tenue, ne doivent pas \u00eatre enfonc\u00e9es p\u00e9niblement et \u00e9vitent les accidents dus aux tr\u00e9buchements gr\u00e2ce \u00e0 leur fixation affleurante. Des [&hellip;]","og_url":"https:\/\/shop.bantam.ch\/fr\/produit\/kit-de-haubanage-tox-6-x-vis-a-tete-plate-cable-de-tension-rondelle-speciale-1-x-l-box-embout-tx40\/","og_site_name":"Bantam Wankm\u00fcller SA","article_modified_time":"2026-04-19T21:36:25+00:00","twitter_card":"summary_large_image","twitter_misc":{"Dur\u00e9e de lecture estim\u00e9e":"1 minute"},"schema":{"@context":"https:\/\/schema.org","@graph":[{"@type":"WebPage","@id":"https:\/\/shop.bantam.ch\/fr\/produit\/kit-de-haubanage-tox-6-x-vis-a-tete-plate-cable-de-tension-rondelle-speciale-1-x-l-box-embout-tx40\/","url":"https:\/\/shop.bantam.ch\/fr\/produit\/kit-de-haubanage-tox-6-x-vis-a-tete-plate-cable-de-tension-rondelle-speciale-1-x-l-box-embout-tx40\/","name":"Kit de haubanage TOX 6 x vis \u00e0 t\u00eate plate, c\u00e2ble de tension, rondelle sp\u00e9ciale 1 x L-Box, embout TX40 - Bantam Wankm\u00fcller SA","isPartOf":{"@id":"https:\/\/shop.bantam.ch\/fr\/#website"},"primaryImageOfPage":{"@id":"https:\/\/shop.bantam.ch\/fr\/produit\/kit-de-haubanage-tox-6-x-vis-a-tete-plate-cable-de-tension-rondelle-speciale-1-x-l-box-embout-tx40\/#primaryimage"},"image":{"@id":"https:\/\/shop.bantam.ch\/fr\/produit\/kit-de-haubanage-tox-6-x-vis-a-tete-plate-cable-de-tension-rondelle-speciale-1-x-l-box-embout-tx40\/#primaryimage"},"thumbnailUrl":"https:\/\/shop.bantam.ch\/wp-content\/uploads\/2025\/03\/Movera-L-9971485100.jpg","datePublished":"2025-03-14T15:45:16+00:00","dateModified":"2026-04-19T21:36:25+00:00","breadcrumb":{"@id":"https:\/\/shop.bantam.ch\/fr\/produit\/kit-de-haubanage-tox-6-x-vis-a-tete-plate-cable-de-tension-rondelle-speciale-1-x-l-box-embout-tx40\/#breadcrumb"},"inLanguage":"fr-FR","potentialAction":[{"@type":"ReadAction","target":["https:\/\/shop.bantam.ch\/fr\/produit\/kit-de-haubanage-tox-6-x-vis-a-tete-plate-cable-de-tension-rondelle-speciale-1-x-l-box-embout-tx40\/"]}]},{"@type":"ImageObject","inLanguage":"fr-FR","@id":"https:\/\/shop.bantam.ch\/fr\/produit\/kit-de-haubanage-tox-6-x-vis-a-tete-plate-cable-de-tension-rondelle-speciale-1-x-l-box-embout-tx40\/#primaryimage","url":"https:\/\/shop.bantam.ch\/wp-content\/uploads\/2025\/03\/Movera-L-9971485100.jpg","contentUrl":"https:\/\/shop.bantam.ch\/wp-content\/uploads\/2025\/03\/Movera-L-9971485100.jpg","width":640,"height":640},{"@type":"BreadcrumbList","@id":"https:\/\/shop.bantam.ch\/fr\/produit\/kit-de-haubanage-tox-6-x-vis-a-tete-plate-cable-de-tension-rondelle-speciale-1-x-l-box-embout-tx40\/#breadcrumb","itemListElement":[{"@type":"ListItem","position":1,"name":"Accueil","item":"https:\/\/shop.bantam.ch\/fr\/"},{"@type":"ListItem","position":2,"name":"Boutique","item":"https:\/\/shop.bantam.ch\/fr\/boutique\/"},{"@type":"ListItem","position":3,"name":"Kit de haubanage TOX 6 x vis \u00e0 t\u00eate plate, c\u00e2ble de tension, rondelle sp\u00e9ciale 1 x L-Box, embout TX40"}]},{"@type":"WebSite","@id":"https:\/\/shop.bantam.ch\/fr\/#website","url":"https:\/\/shop.bantam.ch\/fr\/","name":"Bantam Wankm\u00fcller SA","description":"","publisher":{"@id":"https:\/\/shop.bantam.ch\/fr\/#organization"},"inLanguage":"fr-FR"},{"@type":"Organization","@id":"https:\/\/shop.bantam.ch\/fr\/#organization","name":"Bantam Wankm\u00fcller SA","url":"https:\/\/shop.bantam.ch\/fr\/","logo":{"@type":"ImageObject","inLanguage":"fr-FR","@id":"https:\/\/shop.bantam.ch\/fr\/#\/schema\/logo\/image\/","url":"https:\/\/shop.bantam.ch\/wp-content\/uploads\/2022\/12\/bantam-logo.png","contentUrl":"https:\/\/shop.bantam.ch\/wp-content\/uploads\/2022\/12\/bantam-logo.png","width":320,"height":71,"caption":"Bantam Wankm\u00fcller SA"},"image":{"@id":"https:\/\/shop.bantam.ch\/fr\/#\/schema\/logo\/image\/"}}]}},"_links":{"self":[{"href":"https:\/\/shop.bantam.ch\/fr\/wp-json\/wp\/v2\/product\/215866","targetHints":{"allow":["GET"]}}],"collection":[{"href":"https:\/\/shop.bantam.ch\/fr\/wp-json\/wp\/v2\/product"}],"about":[{"href":"https:\/\/shop.bantam.ch\/fr\/wp-json\/wp\/v2\/types\/product"}],"wp:featuredmedia":[{"embeddable":true,"href":"https:\/\/shop.bantam.ch\/fr\/wp-json\/wp\/v2\/media\/215858"}],"wp:attachment":[{"href":"https:\/\/shop.bantam.ch\/fr\/wp-json\/wp\/v2\/media?parent=215866"}],"wp:term":[{"taxonomy":"product_featured_cat","embeddable":true,"href":"https:\/\/shop.bantam.ch\/fr\/wp-json\/wp\/v2\/product_featured_cat?post=215866"},{"taxonomy":"product_brand","embeddable":true,"href":"https:\/\/shop.bantam.ch\/fr\/wp-json\/wp\/v2\/product_brand?post=215866"},{"taxonomy":"product_cat","embeddable":true,"href":"https:\/\/shop.bantam.ch\/fr\/wp-json\/wp\/v2\/product_cat?post=215866"},{"taxonomy":"product_tag","embeddable":true,"href":"https:\/\/shop.bantam.ch\/fr\/wp-json\/wp\/v2\/product_tag?post=215866"}],"curies":[{"name":"wp","href":"https:\/\/api.w.org\/{rel}","templated":true}]}}