{"id":215856,"date":"2025-03-14T16:45:09","date_gmt":"2025-03-14T15:45:09","guid":{"rendered":"https:\/\/shop.bantam.ch\/produit\/kamera-caratec-safety-cs115b-fur-3-bremsleuchte-hymer-sunlight-carado-und-roadcar\/"},"modified":"2026-04-17T23:29:54","modified_gmt":"2026-04-17T21:29:54","slug":"kamera-caratec-safety-cs115b-fur-3-bremsleuchte-hymer-sunlight-carado-und-roadcar","status":"publish","type":"product","link":"https:\/\/shop.bantam.ch\/fr\/produit\/kamera-caratec-safety-cs115b-fur-3-bremsleuchte-hymer-sunlight-carado-und-roadcar\/","title":{"rendered":"Kamera Caratec Safety CS115B f\u00fcr 3. Bremsleuchte Hymer, Sunlight, Carado und RoadCar"},"content":{"rendered":"<p>Caratec Safety CS115B.2 Cam\u00e9ra grand angle pour troisi\u00e8me feu stop. Sp\u00e9cialement con\u00e7u pour les v\u00e9hicules par exemple adapt\u00e9s \u00e0 Hymer, Carado, Sunlight et RoadCar avec c\u00e2ble de cam\u00e9ra pr\u00e9install\u00e9 avec prise verte ou 4 p\u00f4les.<\/p>\n","protected":false},"excerpt":{"rendered":"<p>Caratec Safety CS115B.2 Cam\u00e9ra grand angle pour troisi\u00e8me feu stop. Sp\u00e9cialement con\u00e7u pour les v\u00e9hicules par exemple adapt\u00e9s \u00e0 Hymer, Carado, Sunlight et RoadCar avec c\u00e2ble de cam\u00e9ra pr\u00e9install\u00e9 avec prise verte ou 4 p\u00f4les.<\/p>\n","protected":false},"featured_media":215850,"template":"","meta":{"_acf_changed":false},"product_featured_cat":[],"product_brand":[],"product_cat":[5001],"product_tag":[],"class_list":{"0":"post-215856","1":"product","2":"type-product","3":"status-publish","4":"has-post-thumbnail","6":"product_cat-cameras","8":"first","9":"instock","10":"taxable","11":"shipping-taxable","12":"purchasable","13":"product-type-simple"},"acf":[],"yoast_head":"<!-- This site is optimized with the Yoast SEO plugin v27.4 - https:\/\/yoast.com\/product\/yoast-seo-wordpress\/ -->\n<title>Kamera Caratec Safety CS115B f\u00fcr 3. Bremsleuchte Hymer, Sunlight, Carado und RoadCar - Bantam Wankm\u00fcller SA<\/title>\n<meta name=\"robots\" content=\"index, follow, max-snippet:-1, max-image-preview:large, max-video-preview:-1\" \/>\n<link rel=\"canonical\" href=\"https:\/\/shop.bantam.ch\/fr\/produit\/kamera-caratec-safety-cs115b-fur-3-bremsleuchte-hymer-sunlight-carado-und-roadcar\/\" \/>\n<meta property=\"og:locale\" content=\"fr_FR\" \/>\n<meta property=\"og:type\" content=\"article\" \/>\n<meta property=\"og:title\" content=\"Kamera Caratec Safety CS115B f\u00fcr 3. Bremsleuchte Hymer, Sunlight, Carado und RoadCar - Bantam Wankm\u00fcller SA\" \/>\n<meta property=\"og:description\" content=\"Caratec Safety CS115B.2 Cam\u00e9ra grand angle pour troisi\u00e8me feu stop. Sp\u00e9cialement con\u00e7u pour les v\u00e9hicules par exemple adapt\u00e9s \u00e0 Hymer, Carado, Sunlight et RoadCar avec c\u00e2ble de cam\u00e9ra pr\u00e9install\u00e9 avec prise verte ou 4 p\u00f4les.\" \/>\n<meta property=\"og:url\" content=\"https:\/\/shop.bantam.ch\/fr\/produit\/kamera-caratec-safety-cs115b-fur-3-bremsleuchte-hymer-sunlight-carado-und-roadcar\/\" \/>\n<meta property=\"og:site_name\" content=\"Bantam Wankm\u00fcller SA\" \/>\n<meta property=\"article:modified_time\" content=\"2026-04-17T21:29:54+00:00\" \/>\n<meta name=\"twitter:card\" content=\"summary_large_image\" \/>\n<script type=\"application\/ld+json\" class=\"yoast-schema-graph\">{\"@context\":\"https:\\\/\\\/schema.org\",\"@graph\":[{\"@type\":\"WebPage\",\"@id\":\"https:\\\/\\\/shop.bantam.ch\\\/fr\\\/produit\\\/kamera-caratec-safety-cs115b-fur-3-bremsleuchte-hymer-sunlight-carado-und-roadcar\\\/\",\"url\":\"https:\\\/\\\/shop.bantam.ch\\\/fr\\\/produit\\\/kamera-caratec-safety-cs115b-fur-3-bremsleuchte-hymer-sunlight-carado-und-roadcar\\\/\",\"name\":\"Kamera Caratec Safety CS115B f\u00fcr 3. Bremsleuchte Hymer, Sunlight, Carado und RoadCar - Bantam Wankm\u00fcller SA\",\"isPartOf\":{\"@id\":\"https:\\\/\\\/shop.bantam.ch\\\/fr\\\/#website\"},\"primaryImageOfPage\":{\"@id\":\"https:\\\/\\\/shop.bantam.ch\\\/fr\\\/produit\\\/kamera-caratec-safety-cs115b-fur-3-bremsleuchte-hymer-sunlight-carado-und-roadcar\\\/#primaryimage\"},\"image\":{\"@id\":\"https:\\\/\\\/shop.bantam.ch\\\/fr\\\/produit\\\/kamera-caratec-safety-cs115b-fur-3-bremsleuchte-hymer-sunlight-carado-und-roadcar\\\/#primaryimage\"},\"thumbnailUrl\":\"https:\\\/\\\/shop.bantam.ch\\\/wp-content\\\/uploads\\\/2025\\\/03\\\/Movera-L-9975553100.png\",\"datePublished\":\"2025-03-14T15:45:09+00:00\",\"dateModified\":\"2026-04-17T21:29:54+00:00\",\"breadcrumb\":{\"@id\":\"https:\\\/\\\/shop.bantam.ch\\\/fr\\\/produit\\\/kamera-caratec-safety-cs115b-fur-3-bremsleuchte-hymer-sunlight-carado-und-roadcar\\\/#breadcrumb\"},\"inLanguage\":\"fr-FR\",\"potentialAction\":[{\"@type\":\"ReadAction\",\"target\":[\"https:\\\/\\\/shop.bantam.ch\\\/fr\\\/produit\\\/kamera-caratec-safety-cs115b-fur-3-bremsleuchte-hymer-sunlight-carado-und-roadcar\\\/\"]}]},{\"@type\":\"ImageObject\",\"inLanguage\":\"fr-FR\",\"@id\":\"https:\\\/\\\/shop.bantam.ch\\\/fr\\\/produit\\\/kamera-caratec-safety-cs115b-fur-3-bremsleuchte-hymer-sunlight-carado-und-roadcar\\\/#primaryimage\",\"url\":\"https:\\\/\\\/shop.bantam.ch\\\/wp-content\\\/uploads\\\/2025\\\/03\\\/Movera-L-9975553100.png\",\"contentUrl\":\"https:\\\/\\\/shop.bantam.ch\\\/wp-content\\\/uploads\\\/2025\\\/03\\\/Movera-L-9975553100.png\",\"width\":640,\"height\":640},{\"@type\":\"BreadcrumbList\",\"@id\":\"https:\\\/\\\/shop.bantam.ch\\\/fr\\\/produit\\\/kamera-caratec-safety-cs115b-fur-3-bremsleuchte-hymer-sunlight-carado-und-roadcar\\\/#breadcrumb\",\"itemListElement\":[{\"@type\":\"ListItem\",\"position\":1,\"name\":\"Accueil\",\"item\":\"https:\\\/\\\/shop.bantam.ch\\\/fr\\\/\"},{\"@type\":\"ListItem\",\"position\":2,\"name\":\"Boutique\",\"item\":\"https:\\\/\\\/shop.bantam.ch\\\/fr\\\/boutique\\\/\"},{\"@type\":\"ListItem\",\"position\":3,\"name\":\"Kamera Caratec Safety CS115B f\u00fcr 3. Bremsleuchte Hymer, Sunlight, Carado und RoadCar\"}]},{\"@type\":\"WebSite\",\"@id\":\"https:\\\/\\\/shop.bantam.ch\\\/fr\\\/#website\",\"url\":\"https:\\\/\\\/shop.bantam.ch\\\/fr\\\/\",\"name\":\"Bantam Wankm\u00fcller SA\",\"description\":\"\",\"publisher\":{\"@id\":\"https:\\\/\\\/shop.bantam.ch\\\/fr\\\/#organization\"},\"inLanguage\":\"fr-FR\"},{\"@type\":\"Organization\",\"@id\":\"https:\\\/\\\/shop.bantam.ch\\\/fr\\\/#organization\",\"name\":\"Bantam Wankm\u00fcller SA\",\"url\":\"https:\\\/\\\/shop.bantam.ch\\\/fr\\\/\",\"logo\":{\"@type\":\"ImageObject\",\"inLanguage\":\"fr-FR\",\"@id\":\"https:\\\/\\\/shop.bantam.ch\\\/fr\\\/#\\\/schema\\\/logo\\\/image\\\/\",\"url\":\"https:\\\/\\\/shop.bantam.ch\\\/wp-content\\\/uploads\\\/2022\\\/12\\\/bantam-logo.png\",\"contentUrl\":\"https:\\\/\\\/shop.bantam.ch\\\/wp-content\\\/uploads\\\/2022\\\/12\\\/bantam-logo.png\",\"width\":320,\"height\":71,\"caption\":\"Bantam Wankm\u00fcller SA\"},\"image\":{\"@id\":\"https:\\\/\\\/shop.bantam.ch\\\/fr\\\/#\\\/schema\\\/logo\\\/image\\\/\"}}]}<\/script>\n<!-- \/ Yoast SEO plugin. -->","yoast_head_json":{"title":"Kamera Caratec Safety CS115B f\u00fcr 3. Bremsleuchte Hymer, Sunlight, Carado und RoadCar - Bantam Wankm\u00fcller SA","robots":{"index":"index","follow":"follow","max-snippet":"max-snippet:-1","max-image-preview":"max-image-preview:large","max-video-preview":"max-video-preview:-1"},"canonical":"https:\/\/shop.bantam.ch\/fr\/produit\/kamera-caratec-safety-cs115b-fur-3-bremsleuchte-hymer-sunlight-carado-und-roadcar\/","og_locale":"fr_FR","og_type":"article","og_title":"Kamera Caratec Safety CS115B f\u00fcr 3. Bremsleuchte Hymer, Sunlight, Carado und RoadCar - Bantam Wankm\u00fcller SA","og_description":"Caratec Safety CS115B.2 Cam\u00e9ra grand angle pour troisi\u00e8me feu stop. Sp\u00e9cialement con\u00e7u pour les v\u00e9hicules par exemple adapt\u00e9s \u00e0 Hymer, Carado, Sunlight et RoadCar avec c\u00e2ble de cam\u00e9ra pr\u00e9install\u00e9 avec prise verte ou 4 p\u00f4les.","og_url":"https:\/\/shop.bantam.ch\/fr\/produit\/kamera-caratec-safety-cs115b-fur-3-bremsleuchte-hymer-sunlight-carado-und-roadcar\/","og_site_name":"Bantam Wankm\u00fcller SA","article_modified_time":"2026-04-17T21:29:54+00:00","twitter_card":"summary_large_image","schema":{"@context":"https:\/\/schema.org","@graph":[{"@type":"WebPage","@id":"https:\/\/shop.bantam.ch\/fr\/produit\/kamera-caratec-safety-cs115b-fur-3-bremsleuchte-hymer-sunlight-carado-und-roadcar\/","url":"https:\/\/shop.bantam.ch\/fr\/produit\/kamera-caratec-safety-cs115b-fur-3-bremsleuchte-hymer-sunlight-carado-und-roadcar\/","name":"Kamera Caratec Safety CS115B f\u00fcr 3. Bremsleuchte Hymer, Sunlight, Carado und RoadCar - Bantam Wankm\u00fcller SA","isPartOf":{"@id":"https:\/\/shop.bantam.ch\/fr\/#website"},"primaryImageOfPage":{"@id":"https:\/\/shop.bantam.ch\/fr\/produit\/kamera-caratec-safety-cs115b-fur-3-bremsleuchte-hymer-sunlight-carado-und-roadcar\/#primaryimage"},"image":{"@id":"https:\/\/shop.bantam.ch\/fr\/produit\/kamera-caratec-safety-cs115b-fur-3-bremsleuchte-hymer-sunlight-carado-und-roadcar\/#primaryimage"},"thumbnailUrl":"https:\/\/shop.bantam.ch\/wp-content\/uploads\/2025\/03\/Movera-L-9975553100.png","datePublished":"2025-03-14T15:45:09+00:00","dateModified":"2026-04-17T21:29:54+00:00","breadcrumb":{"@id":"https:\/\/shop.bantam.ch\/fr\/produit\/kamera-caratec-safety-cs115b-fur-3-bremsleuchte-hymer-sunlight-carado-und-roadcar\/#breadcrumb"},"inLanguage":"fr-FR","potentialAction":[{"@type":"ReadAction","target":["https:\/\/shop.bantam.ch\/fr\/produit\/kamera-caratec-safety-cs115b-fur-3-bremsleuchte-hymer-sunlight-carado-und-roadcar\/"]}]},{"@type":"ImageObject","inLanguage":"fr-FR","@id":"https:\/\/shop.bantam.ch\/fr\/produit\/kamera-caratec-safety-cs115b-fur-3-bremsleuchte-hymer-sunlight-carado-und-roadcar\/#primaryimage","url":"https:\/\/shop.bantam.ch\/wp-content\/uploads\/2025\/03\/Movera-L-9975553100.png","contentUrl":"https:\/\/shop.bantam.ch\/wp-content\/uploads\/2025\/03\/Movera-L-9975553100.png","width":640,"height":640},{"@type":"BreadcrumbList","@id":"https:\/\/shop.bantam.ch\/fr\/produit\/kamera-caratec-safety-cs115b-fur-3-bremsleuchte-hymer-sunlight-carado-und-roadcar\/#breadcrumb","itemListElement":[{"@type":"ListItem","position":1,"name":"Accueil","item":"https:\/\/shop.bantam.ch\/fr\/"},{"@type":"ListItem","position":2,"name":"Boutique","item":"https:\/\/shop.bantam.ch\/fr\/boutique\/"},{"@type":"ListItem","position":3,"name":"Kamera Caratec Safety CS115B f\u00fcr 3. Bremsleuchte Hymer, Sunlight, Carado und RoadCar"}]},{"@type":"WebSite","@id":"https:\/\/shop.bantam.ch\/fr\/#website","url":"https:\/\/shop.bantam.ch\/fr\/","name":"Bantam Wankm\u00fcller SA","description":"","publisher":{"@id":"https:\/\/shop.bantam.ch\/fr\/#organization"},"inLanguage":"fr-FR"},{"@type":"Organization","@id":"https:\/\/shop.bantam.ch\/fr\/#organization","name":"Bantam Wankm\u00fcller SA","url":"https:\/\/shop.bantam.ch\/fr\/","logo":{"@type":"ImageObject","inLanguage":"fr-FR","@id":"https:\/\/shop.bantam.ch\/fr\/#\/schema\/logo\/image\/","url":"https:\/\/shop.bantam.ch\/wp-content\/uploads\/2022\/12\/bantam-logo.png","contentUrl":"https:\/\/shop.bantam.ch\/wp-content\/uploads\/2022\/12\/bantam-logo.png","width":320,"height":71,"caption":"Bantam Wankm\u00fcller SA"},"image":{"@id":"https:\/\/shop.bantam.ch\/fr\/#\/schema\/logo\/image\/"}}]}},"_links":{"self":[{"href":"https:\/\/shop.bantam.ch\/fr\/wp-json\/wp\/v2\/product\/215856","targetHints":{"allow":["GET"]}}],"collection":[{"href":"https:\/\/shop.bantam.ch\/fr\/wp-json\/wp\/v2\/product"}],"about":[{"href":"https:\/\/shop.bantam.ch\/fr\/wp-json\/wp\/v2\/types\/product"}],"wp:featuredmedia":[{"embeddable":true,"href":"https:\/\/shop.bantam.ch\/fr\/wp-json\/wp\/v2\/media\/215850"}],"wp:attachment":[{"href":"https:\/\/shop.bantam.ch\/fr\/wp-json\/wp\/v2\/media?parent=215856"}],"wp:term":[{"taxonomy":"product_featured_cat","embeddable":true,"href":"https:\/\/shop.bantam.ch\/fr\/wp-json\/wp\/v2\/product_featured_cat?post=215856"},{"taxonomy":"product_brand","embeddable":true,"href":"https:\/\/shop.bantam.ch\/fr\/wp-json\/wp\/v2\/product_brand?post=215856"},{"taxonomy":"product_cat","embeddable":true,"href":"https:\/\/shop.bantam.ch\/fr\/wp-json\/wp\/v2\/product_cat?post=215856"},{"taxonomy":"product_tag","embeddable":true,"href":"https:\/\/shop.bantam.ch\/fr\/wp-json\/wp\/v2\/product_tag?post=215856"}],"curies":[{"name":"wp","href":"https:\/\/api.w.org\/{rel}","templated":true}]}}