{"id":215796,"date":"2025-03-14T16:43:46","date_gmt":"2025-03-14T15:43:46","guid":{"rendered":"https:\/\/shop.bantam.ch\/produit\/isabella-isafloor-perfore-50-x-50-cm-couleur-couleur-noire\/"},"modified":"2026-04-17T23:29:39","modified_gmt":"2026-04-17T21:29:39","slug":"isabella-isafloor-perfore-50-x-50-cm-couleur-couleur-noire","status":"publish","type":"product","link":"https:\/\/shop.bantam.ch\/fr\/produit\/isabella-isafloor-perfore-50-x-50-cm-couleur-couleur-noire\/","title":{"rendered":"Isabella IsaFloor perfor\u00e9 50 x 50 cm couleur Couleur noire"},"content":{"rendered":"<p>Vous souhaitez poser un carrelage, mais un sol ferm\u00e9 n&rsquo;est pas autoris\u00e9 sur le camping ? Alors, l&rsquo;Open Floor Tile d&rsquo;Isabella est la solution. Vous avez ainsi une surface plane devant votre store ou sous le store et l&rsquo;herbe peut encore respirer.<br \/>\nLes dalles de tente sont r\u00e9sistantes aux intemp\u00e9ries, faciles \u00e0 maintenir propres et forment une surface plane pour votre tapis de tente Isabella. Les dalles se clipsent facilement entre elles, ce qui vous permet de poser le sol super rapidement. Compl\u00e9tez votre tapis Isabella Floor avec les seuils et les coins assortis.<\/p>\n<p>Caract\u00e9ristiques du produit<\/p>\n<ul>\n<li>Syst\u00e8me de clic tr\u00e8s simple, de sorte que vous avez le sol en un clin d&rsquo;\u0153il.<\/li>\n<li>Aucun outil n\u00e9cessaire<\/li>\n<li>Tr\u00e8s utile si vous restez quelque part pendant une p\u00e9riode prolong\u00e9e<\/li>\n<li>Facile \u00e0 nettoyer<\/li>\n<li>Facile \u00e0 d\u00e9couper<\/li>\n<li>Est super \u00e9l\u00e9gant dans votre auvent<\/li>\n<li>Combinable de mani\u00e8re variable avec nos panneaux ferm\u00e9s IsaFloor et toutes les parties frontales et lat\u00e9rales<\/li>\n<\/ul>\n<p>Mat\u00e9riau:<br \/>\n100 % plastique<\/p>\n","protected":false},"excerpt":{"rendered":"<p>Vous souhaitez poser un carrelage, mais un sol ferm\u00e9 n&rsquo;est pas autoris\u00e9 sur le camping ? Alors, l&rsquo;Open Floor Tile d&rsquo;Isabella est la solution. Vous avez ainsi une surface plane devant votre store ou sous le store et l&rsquo;herbe peut encore respirer. Les dalles de tente sont r\u00e9sistantes aux intemp\u00e9ries, faciles \u00e0 maintenir propres et [&hellip;]<\/p>\n","protected":false},"featured_media":215794,"template":"","meta":{"_acf_changed":false},"product_featured_cat":[],"product_brand":[],"product_cat":[4261],"product_tag":[],"class_list":{"0":"post-215796","1":"product","2":"type-product","3":"status-publish","4":"has-post-thumbnail","6":"product_cat-tapis-de-tente-et-planchers","8":"first","9":"instock","10":"taxable","11":"shipping-taxable","12":"purchasable","13":"product-type-simple"},"acf":[],"yoast_head":"<!-- This site is optimized with the Yoast SEO plugin v27.4 - https:\/\/yoast.com\/product\/yoast-seo-wordpress\/ -->\n<title>Isabella IsaFloor perfor\u00e9 50 x 50 cm couleur Couleur noire - Bantam Wankm\u00fcller SA<\/title>\n<meta name=\"robots\" content=\"index, follow, max-snippet:-1, max-image-preview:large, max-video-preview:-1\" \/>\n<link rel=\"canonical\" href=\"https:\/\/shop.bantam.ch\/fr\/produit\/isabella-isafloor-perfore-50-x-50-cm-couleur-couleur-noire\/\" \/>\n<meta property=\"og:locale\" content=\"fr_FR\" \/>\n<meta property=\"og:type\" content=\"article\" \/>\n<meta property=\"og:title\" content=\"Isabella IsaFloor perfor\u00e9 50 x 50 cm couleur Couleur noire - Bantam Wankm\u00fcller SA\" \/>\n<meta property=\"og:description\" content=\"Vous souhaitez poser un carrelage, mais un sol ferm\u00e9 n&rsquo;est pas autoris\u00e9 sur le camping ? Alors, l&rsquo;Open Floor Tile d&rsquo;Isabella est la solution. Vous avez ainsi une surface plane devant votre store ou sous le store et l&rsquo;herbe peut encore respirer. Les dalles de tente sont r\u00e9sistantes aux intemp\u00e9ries, faciles \u00e0 maintenir propres et [&hellip;]\" \/>\n<meta property=\"og:url\" content=\"https:\/\/shop.bantam.ch\/fr\/produit\/isabella-isafloor-perfore-50-x-50-cm-couleur-couleur-noire\/\" \/>\n<meta property=\"og:site_name\" content=\"Bantam Wankm\u00fcller SA\" \/>\n<meta property=\"article:modified_time\" content=\"2026-04-17T21:29:39+00:00\" \/>\n<meta name=\"twitter:card\" content=\"summary_large_image\" \/>\n<meta name=\"twitter:label1\" content=\"Dur\u00e9e de lecture estim\u00e9e\" \/>\n\t<meta name=\"twitter:data1\" content=\"1 minute\" \/>\n<script type=\"application\/ld+json\" class=\"yoast-schema-graph\">{\"@context\":\"https:\\\/\\\/schema.org\",\"@graph\":[{\"@type\":\"WebPage\",\"@id\":\"https:\\\/\\\/shop.bantam.ch\\\/fr\\\/produit\\\/isabella-isafloor-perfore-50-x-50-cm-couleur-couleur-noire\\\/\",\"url\":\"https:\\\/\\\/shop.bantam.ch\\\/fr\\\/produit\\\/isabella-isafloor-perfore-50-x-50-cm-couleur-couleur-noire\\\/\",\"name\":\"Isabella IsaFloor perfor\u00e9 50 x 50 cm couleur Couleur noire - Bantam Wankm\u00fcller SA\",\"isPartOf\":{\"@id\":\"https:\\\/\\\/shop.bantam.ch\\\/fr\\\/#website\"},\"primaryImageOfPage\":{\"@id\":\"https:\\\/\\\/shop.bantam.ch\\\/fr\\\/produit\\\/isabella-isafloor-perfore-50-x-50-cm-couleur-couleur-noire\\\/#primaryimage\"},\"image\":{\"@id\":\"https:\\\/\\\/shop.bantam.ch\\\/fr\\\/produit\\\/isabella-isafloor-perfore-50-x-50-cm-couleur-couleur-noire\\\/#primaryimage\"},\"thumbnailUrl\":\"https:\\\/\\\/shop.bantam.ch\\\/wp-content\\\/uploads\\\/2025\\\/03\\\/Movera-L-9971482100.jpg\",\"datePublished\":\"2025-03-14T15:43:46+00:00\",\"dateModified\":\"2026-04-17T21:29:39+00:00\",\"breadcrumb\":{\"@id\":\"https:\\\/\\\/shop.bantam.ch\\\/fr\\\/produit\\\/isabella-isafloor-perfore-50-x-50-cm-couleur-couleur-noire\\\/#breadcrumb\"},\"inLanguage\":\"fr-FR\",\"potentialAction\":[{\"@type\":\"ReadAction\",\"target\":[\"https:\\\/\\\/shop.bantam.ch\\\/fr\\\/produit\\\/isabella-isafloor-perfore-50-x-50-cm-couleur-couleur-noire\\\/\"]}]},{\"@type\":\"ImageObject\",\"inLanguage\":\"fr-FR\",\"@id\":\"https:\\\/\\\/shop.bantam.ch\\\/fr\\\/produit\\\/isabella-isafloor-perfore-50-x-50-cm-couleur-couleur-noire\\\/#primaryimage\",\"url\":\"https:\\\/\\\/shop.bantam.ch\\\/wp-content\\\/uploads\\\/2025\\\/03\\\/Movera-L-9971482100.jpg\",\"contentUrl\":\"https:\\\/\\\/shop.bantam.ch\\\/wp-content\\\/uploads\\\/2025\\\/03\\\/Movera-L-9971482100.jpg\",\"width\":640,\"height\":640},{\"@type\":\"BreadcrumbList\",\"@id\":\"https:\\\/\\\/shop.bantam.ch\\\/fr\\\/produit\\\/isabella-isafloor-perfore-50-x-50-cm-couleur-couleur-noire\\\/#breadcrumb\",\"itemListElement\":[{\"@type\":\"ListItem\",\"position\":1,\"name\":\"Accueil\",\"item\":\"https:\\\/\\\/shop.bantam.ch\\\/fr\\\/\"},{\"@type\":\"ListItem\",\"position\":2,\"name\":\"Boutique\",\"item\":\"https:\\\/\\\/shop.bantam.ch\\\/fr\\\/boutique\\\/\"},{\"@type\":\"ListItem\",\"position\":3,\"name\":\"Isabella IsaFloor perfor\u00e9 50 x 50 cm couleur Couleur noire\"}]},{\"@type\":\"WebSite\",\"@id\":\"https:\\\/\\\/shop.bantam.ch\\\/fr\\\/#website\",\"url\":\"https:\\\/\\\/shop.bantam.ch\\\/fr\\\/\",\"name\":\"Bantam Wankm\u00fcller SA\",\"description\":\"\",\"publisher\":{\"@id\":\"https:\\\/\\\/shop.bantam.ch\\\/fr\\\/#organization\"},\"inLanguage\":\"fr-FR\"},{\"@type\":\"Organization\",\"@id\":\"https:\\\/\\\/shop.bantam.ch\\\/fr\\\/#organization\",\"name\":\"Bantam Wankm\u00fcller SA\",\"url\":\"https:\\\/\\\/shop.bantam.ch\\\/fr\\\/\",\"logo\":{\"@type\":\"ImageObject\",\"inLanguage\":\"fr-FR\",\"@id\":\"https:\\\/\\\/shop.bantam.ch\\\/fr\\\/#\\\/schema\\\/logo\\\/image\\\/\",\"url\":\"https:\\\/\\\/shop.bantam.ch\\\/wp-content\\\/uploads\\\/2022\\\/12\\\/bantam-logo.png\",\"contentUrl\":\"https:\\\/\\\/shop.bantam.ch\\\/wp-content\\\/uploads\\\/2022\\\/12\\\/bantam-logo.png\",\"width\":320,\"height\":71,\"caption\":\"Bantam Wankm\u00fcller SA\"},\"image\":{\"@id\":\"https:\\\/\\\/shop.bantam.ch\\\/fr\\\/#\\\/schema\\\/logo\\\/image\\\/\"}}]}<\/script>\n<!-- \/ Yoast SEO plugin. -->","yoast_head_json":{"title":"Isabella IsaFloor perfor\u00e9 50 x 50 cm couleur Couleur noire - Bantam Wankm\u00fcller SA","robots":{"index":"index","follow":"follow","max-snippet":"max-snippet:-1","max-image-preview":"max-image-preview:large","max-video-preview":"max-video-preview:-1"},"canonical":"https:\/\/shop.bantam.ch\/fr\/produit\/isabella-isafloor-perfore-50-x-50-cm-couleur-couleur-noire\/","og_locale":"fr_FR","og_type":"article","og_title":"Isabella IsaFloor perfor\u00e9 50 x 50 cm couleur Couleur noire - Bantam Wankm\u00fcller SA","og_description":"Vous souhaitez poser un carrelage, mais un sol ferm\u00e9 n&rsquo;est pas autoris\u00e9 sur le camping ? Alors, l&rsquo;Open Floor Tile d&rsquo;Isabella est la solution. Vous avez ainsi une surface plane devant votre store ou sous le store et l&rsquo;herbe peut encore respirer. Les dalles de tente sont r\u00e9sistantes aux intemp\u00e9ries, faciles \u00e0 maintenir propres et [&hellip;]","og_url":"https:\/\/shop.bantam.ch\/fr\/produit\/isabella-isafloor-perfore-50-x-50-cm-couleur-couleur-noire\/","og_site_name":"Bantam Wankm\u00fcller SA","article_modified_time":"2026-04-17T21:29:39+00:00","twitter_card":"summary_large_image","twitter_misc":{"Dur\u00e9e de lecture estim\u00e9e":"1 minute"},"schema":{"@context":"https:\/\/schema.org","@graph":[{"@type":"WebPage","@id":"https:\/\/shop.bantam.ch\/fr\/produit\/isabella-isafloor-perfore-50-x-50-cm-couleur-couleur-noire\/","url":"https:\/\/shop.bantam.ch\/fr\/produit\/isabella-isafloor-perfore-50-x-50-cm-couleur-couleur-noire\/","name":"Isabella IsaFloor perfor\u00e9 50 x 50 cm couleur Couleur noire - Bantam Wankm\u00fcller SA","isPartOf":{"@id":"https:\/\/shop.bantam.ch\/fr\/#website"},"primaryImageOfPage":{"@id":"https:\/\/shop.bantam.ch\/fr\/produit\/isabella-isafloor-perfore-50-x-50-cm-couleur-couleur-noire\/#primaryimage"},"image":{"@id":"https:\/\/shop.bantam.ch\/fr\/produit\/isabella-isafloor-perfore-50-x-50-cm-couleur-couleur-noire\/#primaryimage"},"thumbnailUrl":"https:\/\/shop.bantam.ch\/wp-content\/uploads\/2025\/03\/Movera-L-9971482100.jpg","datePublished":"2025-03-14T15:43:46+00:00","dateModified":"2026-04-17T21:29:39+00:00","breadcrumb":{"@id":"https:\/\/shop.bantam.ch\/fr\/produit\/isabella-isafloor-perfore-50-x-50-cm-couleur-couleur-noire\/#breadcrumb"},"inLanguage":"fr-FR","potentialAction":[{"@type":"ReadAction","target":["https:\/\/shop.bantam.ch\/fr\/produit\/isabella-isafloor-perfore-50-x-50-cm-couleur-couleur-noire\/"]}]},{"@type":"ImageObject","inLanguage":"fr-FR","@id":"https:\/\/shop.bantam.ch\/fr\/produit\/isabella-isafloor-perfore-50-x-50-cm-couleur-couleur-noire\/#primaryimage","url":"https:\/\/shop.bantam.ch\/wp-content\/uploads\/2025\/03\/Movera-L-9971482100.jpg","contentUrl":"https:\/\/shop.bantam.ch\/wp-content\/uploads\/2025\/03\/Movera-L-9971482100.jpg","width":640,"height":640},{"@type":"BreadcrumbList","@id":"https:\/\/shop.bantam.ch\/fr\/produit\/isabella-isafloor-perfore-50-x-50-cm-couleur-couleur-noire\/#breadcrumb","itemListElement":[{"@type":"ListItem","position":1,"name":"Accueil","item":"https:\/\/shop.bantam.ch\/fr\/"},{"@type":"ListItem","position":2,"name":"Boutique","item":"https:\/\/shop.bantam.ch\/fr\/boutique\/"},{"@type":"ListItem","position":3,"name":"Isabella IsaFloor perfor\u00e9 50 x 50 cm couleur Couleur noire"}]},{"@type":"WebSite","@id":"https:\/\/shop.bantam.ch\/fr\/#website","url":"https:\/\/shop.bantam.ch\/fr\/","name":"Bantam Wankm\u00fcller SA","description":"","publisher":{"@id":"https:\/\/shop.bantam.ch\/fr\/#organization"},"inLanguage":"fr-FR"},{"@type":"Organization","@id":"https:\/\/shop.bantam.ch\/fr\/#organization","name":"Bantam Wankm\u00fcller SA","url":"https:\/\/shop.bantam.ch\/fr\/","logo":{"@type":"ImageObject","inLanguage":"fr-FR","@id":"https:\/\/shop.bantam.ch\/fr\/#\/schema\/logo\/image\/","url":"https:\/\/shop.bantam.ch\/wp-content\/uploads\/2022\/12\/bantam-logo.png","contentUrl":"https:\/\/shop.bantam.ch\/wp-content\/uploads\/2022\/12\/bantam-logo.png","width":320,"height":71,"caption":"Bantam Wankm\u00fcller SA"},"image":{"@id":"https:\/\/shop.bantam.ch\/fr\/#\/schema\/logo\/image\/"}}]}},"_links":{"self":[{"href":"https:\/\/shop.bantam.ch\/fr\/wp-json\/wp\/v2\/product\/215796","targetHints":{"allow":["GET"]}}],"collection":[{"href":"https:\/\/shop.bantam.ch\/fr\/wp-json\/wp\/v2\/product"}],"about":[{"href":"https:\/\/shop.bantam.ch\/fr\/wp-json\/wp\/v2\/types\/product"}],"wp:featuredmedia":[{"embeddable":true,"href":"https:\/\/shop.bantam.ch\/fr\/wp-json\/wp\/v2\/media\/215794"}],"wp:attachment":[{"href":"https:\/\/shop.bantam.ch\/fr\/wp-json\/wp\/v2\/media?parent=215796"}],"wp:term":[{"taxonomy":"product_featured_cat","embeddable":true,"href":"https:\/\/shop.bantam.ch\/fr\/wp-json\/wp\/v2\/product_featured_cat?post=215796"},{"taxonomy":"product_brand","embeddable":true,"href":"https:\/\/shop.bantam.ch\/fr\/wp-json\/wp\/v2\/product_brand?post=215796"},{"taxonomy":"product_cat","embeddable":true,"href":"https:\/\/shop.bantam.ch\/fr\/wp-json\/wp\/v2\/product_cat?post=215796"},{"taxonomy":"product_tag","embeddable":true,"href":"https:\/\/shop.bantam.ch\/fr\/wp-json\/wp\/v2\/product_tag?post=215796"}],"curies":[{"name":"wp","href":"https:\/\/api.w.org\/{rel}","templated":true}]}}