{"id":215730,"date":"2025-03-14T16:42:39","date_gmt":"2025-03-14T15:42:39","guid":{"rendered":"https:\/\/shop.bantam.ch\/produit\/combine-evier-cuisiniere-encastre-can-2-plaques-de-cuisson-evier-a-droite\/"},"modified":"2026-04-22T23:29:26","modified_gmt":"2026-04-22T21:29:26","slug":"combine-evier-cuisiniere-encastre-can-2-plaques-de-cuisson-evier-a-droite","status":"publish","type":"product","link":"https:\/\/shop.bantam.ch\/fr\/produit\/combine-evier-cuisiniere-encastre-can-2-plaques-de-cuisson-evier-a-droite\/","title":{"rendered":"Combin\u00e9 \u00e9vier\/cuisini\u00e8re encastr\u00e9 CAN 2 plaques de cuisson \u00e9vier \u00e0 droite"},"content":{"rendered":"<p>Combinaison \u00e9vier-cuisini\u00e8re 2 br\u00fbleurs avec cuvette ronde. Allumage Piezo. Charni\u00e8res encastr\u00e9es. Couvercle en verre autobloquant. Attention&nbsp;: Robinet d\u2019eau en option !<\/p>\n<p>Plaques de cuisson : 2<br \/>\nAllumage \u00e9lectronique<br \/>\nPuissance : 1 x 1 kW \/ 1 x 1,9 kW<br \/>\nConsommation de gaz : 200 g\/h pour les deux r\u00e9chauds<br \/>\nDimensions ext\u00e9rieures : 76,5 x 35,5 cm (l x p)<br \/>\nProfondeur de montage : 15 cm<br \/>\nDimension de montage : 73 x 32 cm (l x p)<\/p>\n","protected":false},"excerpt":{"rendered":"<p>Combinaison \u00e9vier-cuisini\u00e8re 2 br\u00fbleurs avec cuvette ronde. Allumage Piezo. Charni\u00e8res encastr\u00e9es. Couvercle en verre autobloquant. Attention&nbsp;: Robinet d\u2019eau en option ! Plaques de cuisson : 2 Allumage \u00e9lectronique Puissance : 1 x 1 kW \/ 1 x 1,9 kW Consommation de gaz : 200 g\/h pour les deux r\u00e9chauds Dimensions ext\u00e9rieures : 76,5 x 35,5 [&hellip;]<\/p>\n","protected":false},"featured_media":215726,"template":"","meta":{"_acf_changed":false},"product_featured_cat":[],"product_brand":[],"product_cat":[4313],"product_tag":[],"class_list":{"0":"post-215730","1":"product","2":"type-product","3":"status-publish","4":"has-post-thumbnail","6":"product_cat-combinaisons-cuisine-evier","8":"first","9":"instock","10":"taxable","11":"shipping-taxable","12":"purchasable","13":"product-type-simple"},"acf":[],"yoast_head":"<!-- This site is optimized with the Yoast SEO plugin v27.4 - https:\/\/yoast.com\/product\/yoast-seo-wordpress\/ -->\n<title>Combin\u00e9 \u00e9vier\/cuisini\u00e8re encastr\u00e9 CAN 2 plaques de cuisson \u00e9vier \u00e0 droite - Bantam Wankm\u00fcller SA<\/title>\n<meta name=\"robots\" content=\"index, follow, max-snippet:-1, max-image-preview:large, max-video-preview:-1\" \/>\n<link rel=\"canonical\" href=\"https:\/\/shop.bantam.ch\/fr\/produit\/combine-evier-cuisiniere-encastre-can-2-plaques-de-cuisson-evier-a-droite\/\" \/>\n<meta property=\"og:locale\" content=\"fr_FR\" \/>\n<meta property=\"og:type\" content=\"article\" \/>\n<meta property=\"og:title\" content=\"Combin\u00e9 \u00e9vier\/cuisini\u00e8re encastr\u00e9 CAN 2 plaques de cuisson \u00e9vier \u00e0 droite - Bantam Wankm\u00fcller SA\" \/>\n<meta property=\"og:description\" content=\"Combinaison \u00e9vier-cuisini\u00e8re 2 br\u00fbleurs avec cuvette ronde. Allumage Piezo. Charni\u00e8res encastr\u00e9es. Couvercle en verre autobloquant. Attention&nbsp;: Robinet d\u2019eau en option ! Plaques de cuisson : 2 Allumage \u00e9lectronique Puissance : 1 x 1 kW \/ 1 x 1,9 kW Consommation de gaz : 200 g\/h pour les deux r\u00e9chauds Dimensions ext\u00e9rieures : 76,5 x 35,5 [&hellip;]\" \/>\n<meta property=\"og:url\" content=\"https:\/\/shop.bantam.ch\/fr\/produit\/combine-evier-cuisiniere-encastre-can-2-plaques-de-cuisson-evier-a-droite\/\" \/>\n<meta property=\"og:site_name\" content=\"Bantam Wankm\u00fcller SA\" \/>\n<meta property=\"article:modified_time\" content=\"2026-04-22T21:29:26+00:00\" \/>\n<meta name=\"twitter:card\" content=\"summary_large_image\" \/>\n<script type=\"application\/ld+json\" class=\"yoast-schema-graph\">{\"@context\":\"https:\\\/\\\/schema.org\",\"@graph\":[{\"@type\":\"WebPage\",\"@id\":\"https:\\\/\\\/shop.bantam.ch\\\/fr\\\/produit\\\/combine-evier-cuisiniere-encastre-can-2-plaques-de-cuisson-evier-a-droite\\\/\",\"url\":\"https:\\\/\\\/shop.bantam.ch\\\/fr\\\/produit\\\/combine-evier-cuisiniere-encastre-can-2-plaques-de-cuisson-evier-a-droite\\\/\",\"name\":\"Combin\u00e9 \u00e9vier\\\/cuisini\u00e8re encastr\u00e9 CAN 2 plaques de cuisson \u00e9vier \u00e0 droite - Bantam Wankm\u00fcller SA\",\"isPartOf\":{\"@id\":\"https:\\\/\\\/shop.bantam.ch\\\/fr\\\/#website\"},\"primaryImageOfPage\":{\"@id\":\"https:\\\/\\\/shop.bantam.ch\\\/fr\\\/produit\\\/combine-evier-cuisiniere-encastre-can-2-plaques-de-cuisson-evier-a-droite\\\/#primaryimage\"},\"image\":{\"@id\":\"https:\\\/\\\/shop.bantam.ch\\\/fr\\\/produit\\\/combine-evier-cuisiniere-encastre-can-2-plaques-de-cuisson-evier-a-droite\\\/#primaryimage\"},\"thumbnailUrl\":\"https:\\\/\\\/shop.bantam.ch\\\/wp-content\\\/uploads\\\/2025\\\/03\\\/Movera-L-9975524100.jpg\",\"datePublished\":\"2025-03-14T15:42:39+00:00\",\"dateModified\":\"2026-04-22T21:29:26+00:00\",\"breadcrumb\":{\"@id\":\"https:\\\/\\\/shop.bantam.ch\\\/fr\\\/produit\\\/combine-evier-cuisiniere-encastre-can-2-plaques-de-cuisson-evier-a-droite\\\/#breadcrumb\"},\"inLanguage\":\"fr-FR\",\"potentialAction\":[{\"@type\":\"ReadAction\",\"target\":[\"https:\\\/\\\/shop.bantam.ch\\\/fr\\\/produit\\\/combine-evier-cuisiniere-encastre-can-2-plaques-de-cuisson-evier-a-droite\\\/\"]}]},{\"@type\":\"ImageObject\",\"inLanguage\":\"fr-FR\",\"@id\":\"https:\\\/\\\/shop.bantam.ch\\\/fr\\\/produit\\\/combine-evier-cuisiniere-encastre-can-2-plaques-de-cuisson-evier-a-droite\\\/#primaryimage\",\"url\":\"https:\\\/\\\/shop.bantam.ch\\\/wp-content\\\/uploads\\\/2025\\\/03\\\/Movera-L-9975524100.jpg\",\"contentUrl\":\"https:\\\/\\\/shop.bantam.ch\\\/wp-content\\\/uploads\\\/2025\\\/03\\\/Movera-L-9975524100.jpg\",\"width\":640,\"height\":532},{\"@type\":\"BreadcrumbList\",\"@id\":\"https:\\\/\\\/shop.bantam.ch\\\/fr\\\/produit\\\/combine-evier-cuisiniere-encastre-can-2-plaques-de-cuisson-evier-a-droite\\\/#breadcrumb\",\"itemListElement\":[{\"@type\":\"ListItem\",\"position\":1,\"name\":\"Accueil\",\"item\":\"https:\\\/\\\/shop.bantam.ch\\\/fr\\\/\"},{\"@type\":\"ListItem\",\"position\":2,\"name\":\"Boutique\",\"item\":\"https:\\\/\\\/shop.bantam.ch\\\/fr\\\/boutique\\\/\"},{\"@type\":\"ListItem\",\"position\":3,\"name\":\"Combin\u00e9 \u00e9vier\\\/cuisini\u00e8re encastr\u00e9 CAN 2 plaques de cuisson \u00e9vier \u00e0 droite\"}]},{\"@type\":\"WebSite\",\"@id\":\"https:\\\/\\\/shop.bantam.ch\\\/fr\\\/#website\",\"url\":\"https:\\\/\\\/shop.bantam.ch\\\/fr\\\/\",\"name\":\"Bantam Wankm\u00fcller SA\",\"description\":\"\",\"publisher\":{\"@id\":\"https:\\\/\\\/shop.bantam.ch\\\/fr\\\/#organization\"},\"inLanguage\":\"fr-FR\"},{\"@type\":\"Organization\",\"@id\":\"https:\\\/\\\/shop.bantam.ch\\\/fr\\\/#organization\",\"name\":\"Bantam Wankm\u00fcller SA\",\"url\":\"https:\\\/\\\/shop.bantam.ch\\\/fr\\\/\",\"logo\":{\"@type\":\"ImageObject\",\"inLanguage\":\"fr-FR\",\"@id\":\"https:\\\/\\\/shop.bantam.ch\\\/fr\\\/#\\\/schema\\\/logo\\\/image\\\/\",\"url\":\"https:\\\/\\\/shop.bantam.ch\\\/wp-content\\\/uploads\\\/2022\\\/12\\\/bantam-logo.png\",\"contentUrl\":\"https:\\\/\\\/shop.bantam.ch\\\/wp-content\\\/uploads\\\/2022\\\/12\\\/bantam-logo.png\",\"width\":320,\"height\":71,\"caption\":\"Bantam Wankm\u00fcller SA\"},\"image\":{\"@id\":\"https:\\\/\\\/shop.bantam.ch\\\/fr\\\/#\\\/schema\\\/logo\\\/image\\\/\"}}]}<\/script>\n<!-- \/ Yoast SEO plugin. -->","yoast_head_json":{"title":"Combin\u00e9 \u00e9vier\/cuisini\u00e8re encastr\u00e9 CAN 2 plaques de cuisson \u00e9vier \u00e0 droite - Bantam Wankm\u00fcller SA","robots":{"index":"index","follow":"follow","max-snippet":"max-snippet:-1","max-image-preview":"max-image-preview:large","max-video-preview":"max-video-preview:-1"},"canonical":"https:\/\/shop.bantam.ch\/fr\/produit\/combine-evier-cuisiniere-encastre-can-2-plaques-de-cuisson-evier-a-droite\/","og_locale":"fr_FR","og_type":"article","og_title":"Combin\u00e9 \u00e9vier\/cuisini\u00e8re encastr\u00e9 CAN 2 plaques de cuisson \u00e9vier \u00e0 droite - Bantam Wankm\u00fcller SA","og_description":"Combinaison \u00e9vier-cuisini\u00e8re 2 br\u00fbleurs avec cuvette ronde. Allumage Piezo. Charni\u00e8res encastr\u00e9es. Couvercle en verre autobloquant. Attention&nbsp;: Robinet d\u2019eau en option ! Plaques de cuisson : 2 Allumage \u00e9lectronique Puissance : 1 x 1 kW \/ 1 x 1,9 kW Consommation de gaz : 200 g\/h pour les deux r\u00e9chauds Dimensions ext\u00e9rieures : 76,5 x 35,5 [&hellip;]","og_url":"https:\/\/shop.bantam.ch\/fr\/produit\/combine-evier-cuisiniere-encastre-can-2-plaques-de-cuisson-evier-a-droite\/","og_site_name":"Bantam Wankm\u00fcller SA","article_modified_time":"2026-04-22T21:29:26+00:00","twitter_card":"summary_large_image","schema":{"@context":"https:\/\/schema.org","@graph":[{"@type":"WebPage","@id":"https:\/\/shop.bantam.ch\/fr\/produit\/combine-evier-cuisiniere-encastre-can-2-plaques-de-cuisson-evier-a-droite\/","url":"https:\/\/shop.bantam.ch\/fr\/produit\/combine-evier-cuisiniere-encastre-can-2-plaques-de-cuisson-evier-a-droite\/","name":"Combin\u00e9 \u00e9vier\/cuisini\u00e8re encastr\u00e9 CAN 2 plaques de cuisson \u00e9vier \u00e0 droite - Bantam Wankm\u00fcller SA","isPartOf":{"@id":"https:\/\/shop.bantam.ch\/fr\/#website"},"primaryImageOfPage":{"@id":"https:\/\/shop.bantam.ch\/fr\/produit\/combine-evier-cuisiniere-encastre-can-2-plaques-de-cuisson-evier-a-droite\/#primaryimage"},"image":{"@id":"https:\/\/shop.bantam.ch\/fr\/produit\/combine-evier-cuisiniere-encastre-can-2-plaques-de-cuisson-evier-a-droite\/#primaryimage"},"thumbnailUrl":"https:\/\/shop.bantam.ch\/wp-content\/uploads\/2025\/03\/Movera-L-9975524100.jpg","datePublished":"2025-03-14T15:42:39+00:00","dateModified":"2026-04-22T21:29:26+00:00","breadcrumb":{"@id":"https:\/\/shop.bantam.ch\/fr\/produit\/combine-evier-cuisiniere-encastre-can-2-plaques-de-cuisson-evier-a-droite\/#breadcrumb"},"inLanguage":"fr-FR","potentialAction":[{"@type":"ReadAction","target":["https:\/\/shop.bantam.ch\/fr\/produit\/combine-evier-cuisiniere-encastre-can-2-plaques-de-cuisson-evier-a-droite\/"]}]},{"@type":"ImageObject","inLanguage":"fr-FR","@id":"https:\/\/shop.bantam.ch\/fr\/produit\/combine-evier-cuisiniere-encastre-can-2-plaques-de-cuisson-evier-a-droite\/#primaryimage","url":"https:\/\/shop.bantam.ch\/wp-content\/uploads\/2025\/03\/Movera-L-9975524100.jpg","contentUrl":"https:\/\/shop.bantam.ch\/wp-content\/uploads\/2025\/03\/Movera-L-9975524100.jpg","width":640,"height":532},{"@type":"BreadcrumbList","@id":"https:\/\/shop.bantam.ch\/fr\/produit\/combine-evier-cuisiniere-encastre-can-2-plaques-de-cuisson-evier-a-droite\/#breadcrumb","itemListElement":[{"@type":"ListItem","position":1,"name":"Accueil","item":"https:\/\/shop.bantam.ch\/fr\/"},{"@type":"ListItem","position":2,"name":"Boutique","item":"https:\/\/shop.bantam.ch\/fr\/boutique\/"},{"@type":"ListItem","position":3,"name":"Combin\u00e9 \u00e9vier\/cuisini\u00e8re encastr\u00e9 CAN 2 plaques de cuisson \u00e9vier \u00e0 droite"}]},{"@type":"WebSite","@id":"https:\/\/shop.bantam.ch\/fr\/#website","url":"https:\/\/shop.bantam.ch\/fr\/","name":"Bantam Wankm\u00fcller SA","description":"","publisher":{"@id":"https:\/\/shop.bantam.ch\/fr\/#organization"},"inLanguage":"fr-FR"},{"@type":"Organization","@id":"https:\/\/shop.bantam.ch\/fr\/#organization","name":"Bantam Wankm\u00fcller SA","url":"https:\/\/shop.bantam.ch\/fr\/","logo":{"@type":"ImageObject","inLanguage":"fr-FR","@id":"https:\/\/shop.bantam.ch\/fr\/#\/schema\/logo\/image\/","url":"https:\/\/shop.bantam.ch\/wp-content\/uploads\/2022\/12\/bantam-logo.png","contentUrl":"https:\/\/shop.bantam.ch\/wp-content\/uploads\/2022\/12\/bantam-logo.png","width":320,"height":71,"caption":"Bantam Wankm\u00fcller SA"},"image":{"@id":"https:\/\/shop.bantam.ch\/fr\/#\/schema\/logo\/image\/"}}]}},"_links":{"self":[{"href":"https:\/\/shop.bantam.ch\/fr\/wp-json\/wp\/v2\/product\/215730","targetHints":{"allow":["GET"]}}],"collection":[{"href":"https:\/\/shop.bantam.ch\/fr\/wp-json\/wp\/v2\/product"}],"about":[{"href":"https:\/\/shop.bantam.ch\/fr\/wp-json\/wp\/v2\/types\/product"}],"wp:featuredmedia":[{"embeddable":true,"href":"https:\/\/shop.bantam.ch\/fr\/wp-json\/wp\/v2\/media\/215726"}],"wp:attachment":[{"href":"https:\/\/shop.bantam.ch\/fr\/wp-json\/wp\/v2\/media?parent=215730"}],"wp:term":[{"taxonomy":"product_featured_cat","embeddable":true,"href":"https:\/\/shop.bantam.ch\/fr\/wp-json\/wp\/v2\/product_featured_cat?post=215730"},{"taxonomy":"product_brand","embeddable":true,"href":"https:\/\/shop.bantam.ch\/fr\/wp-json\/wp\/v2\/product_brand?post=215730"},{"taxonomy":"product_cat","embeddable":true,"href":"https:\/\/shop.bantam.ch\/fr\/wp-json\/wp\/v2\/product_cat?post=215730"},{"taxonomy":"product_tag","embeddable":true,"href":"https:\/\/shop.bantam.ch\/fr\/wp-json\/wp\/v2\/product_tag?post=215730"}],"curies":[{"name":"wp","href":"https:\/\/api.w.org\/{rel}","templated":true}]}}