{"id":215724,"date":"2025-03-14T16:42:32","date_gmt":"2025-03-14T15:42:32","guid":{"rendered":"https:\/\/shop.bantam.ch\/produit\/evier-cuisiniere-integres-can-1-plaque-de-cuisson-evier-gauche-avec-couvercle-en-verre-joint-et-ecoulement\/"},"modified":"2026-04-22T23:29:21","modified_gmt":"2026-04-22T21:29:21","slug":"evier-cuisiniere-integres-can-1-plaque-de-cuisson-evier-gauche-avec-couvercle-en-verre-joint-et-ecoulement","status":"publish","type":"product","link":"https:\/\/shop.bantam.ch\/fr\/produit\/evier-cuisiniere-integres-can-1-plaque-de-cuisson-evier-gauche-avec-couvercle-en-verre-joint-et-ecoulement\/","title":{"rendered":"\u00c9vier\/cuisini\u00e8re int\u00e9gr\u00e9s CAN 1 plaque de cuisson \u00e9vier gauche avec couvercle en verre, Joint et \u00e9coulement"},"content":{"rendered":"<p>Combinaison \u00e9vier\/cuisini\u00e8re INOX 1 flamme avec couvercle en verre, \u00e9vier \u00e0 gauche.<\/p>\n<ul>\n<li>Allumage \u00e9lectronique : oui<\/li>\n<li>Consommation de gaz (g\/h): 127<\/li>\n<li>Dimensions ext\u00e9rieures (cm)&nbsp;: 530 x 340<\/li>\n<li>Dimension de montage : 515 x 325<\/li>\n<li>Profondeur de montage (mm) : 150<br \/>\n\t&nbsp;<\/li>\n<\/ul>\n","protected":false},"excerpt":{"rendered":"<p>Combinaison \u00e9vier\/cuisini\u00e8re INOX 1 flamme avec couvercle en verre, \u00e9vier \u00e0 gauche. Allumage \u00e9lectronique : oui Consommation de gaz (g\/h): 127 Dimensions ext\u00e9rieures (cm)&nbsp;: 530 x 340 Dimension de montage : 515 x 325 Profondeur de montage (mm) : 150 &nbsp;<\/p>\n","protected":false},"featured_media":215722,"template":"","meta":{"_acf_changed":false},"product_featured_cat":[],"product_brand":[],"product_cat":[4313],"product_tag":[],"class_list":{"0":"post-215724","1":"product","2":"type-product","3":"status-publish","4":"has-post-thumbnail","6":"product_cat-combinaisons-cuisine-evier","8":"first","9":"instock","10":"taxable","11":"shipping-taxable","12":"purchasable","13":"product-type-simple"},"acf":[],"yoast_head":"<!-- This site is optimized with the Yoast SEO plugin v27.4 - https:\/\/yoast.com\/product\/yoast-seo-wordpress\/ -->\n<title>\u00c9vier\/cuisini\u00e8re int\u00e9gr\u00e9s CAN 1 plaque de cuisson \u00e9vier gauche avec couvercle en verre, Joint et \u00e9coulement - Bantam Wankm\u00fcller SA<\/title>\n<meta name=\"robots\" content=\"index, follow, max-snippet:-1, max-image-preview:large, max-video-preview:-1\" \/>\n<link rel=\"canonical\" href=\"https:\/\/shop.bantam.ch\/fr\/produit\/evier-cuisiniere-integres-can-1-plaque-de-cuisson-evier-gauche-avec-couvercle-en-verre-joint-et-ecoulement\/\" \/>\n<meta property=\"og:locale\" content=\"fr_FR\" \/>\n<meta property=\"og:type\" content=\"article\" \/>\n<meta property=\"og:title\" content=\"\u00c9vier\/cuisini\u00e8re int\u00e9gr\u00e9s CAN 1 plaque de cuisson \u00e9vier gauche avec couvercle en verre, Joint et \u00e9coulement - Bantam Wankm\u00fcller SA\" \/>\n<meta property=\"og:description\" content=\"Combinaison \u00e9vier\/cuisini\u00e8re INOX 1 flamme avec couvercle en verre, \u00e9vier \u00e0 gauche. Allumage \u00e9lectronique : oui Consommation de gaz (g\/h): 127 Dimensions ext\u00e9rieures (cm)&nbsp;: 530 x 340 Dimension de montage : 515 x 325 Profondeur de montage (mm) : 150 &nbsp;\" \/>\n<meta property=\"og:url\" content=\"https:\/\/shop.bantam.ch\/fr\/produit\/evier-cuisiniere-integres-can-1-plaque-de-cuisson-evier-gauche-avec-couvercle-en-verre-joint-et-ecoulement\/\" \/>\n<meta property=\"og:site_name\" content=\"Bantam Wankm\u00fcller SA\" \/>\n<meta property=\"article:modified_time\" content=\"2026-04-22T21:29:21+00:00\" \/>\n<meta name=\"twitter:card\" content=\"summary_large_image\" \/>\n<script type=\"application\/ld+json\" class=\"yoast-schema-graph\">{\"@context\":\"https:\\\/\\\/schema.org\",\"@graph\":[{\"@type\":\"WebPage\",\"@id\":\"https:\\\/\\\/shop.bantam.ch\\\/fr\\\/produit\\\/evier-cuisiniere-integres-can-1-plaque-de-cuisson-evier-gauche-avec-couvercle-en-verre-joint-et-ecoulement\\\/\",\"url\":\"https:\\\/\\\/shop.bantam.ch\\\/fr\\\/produit\\\/evier-cuisiniere-integres-can-1-plaque-de-cuisson-evier-gauche-avec-couvercle-en-verre-joint-et-ecoulement\\\/\",\"name\":\"\u00c9vier\\\/cuisini\u00e8re int\u00e9gr\u00e9s CAN 1 plaque de cuisson \u00e9vier gauche avec couvercle en verre, Joint et \u00e9coulement - Bantam Wankm\u00fcller SA\",\"isPartOf\":{\"@id\":\"https:\\\/\\\/shop.bantam.ch\\\/fr\\\/#website\"},\"primaryImageOfPage\":{\"@id\":\"https:\\\/\\\/shop.bantam.ch\\\/fr\\\/produit\\\/evier-cuisiniere-integres-can-1-plaque-de-cuisson-evier-gauche-avec-couvercle-en-verre-joint-et-ecoulement\\\/#primaryimage\"},\"image\":{\"@id\":\"https:\\\/\\\/shop.bantam.ch\\\/fr\\\/produit\\\/evier-cuisiniere-integres-can-1-plaque-de-cuisson-evier-gauche-avec-couvercle-en-verre-joint-et-ecoulement\\\/#primaryimage\"},\"thumbnailUrl\":\"https:\\\/\\\/shop.bantam.ch\\\/wp-content\\\/uploads\\\/2025\\\/03\\\/Movera-L-9975523100.jpg\",\"datePublished\":\"2025-03-14T15:42:32+00:00\",\"dateModified\":\"2026-04-22T21:29:21+00:00\",\"breadcrumb\":{\"@id\":\"https:\\\/\\\/shop.bantam.ch\\\/fr\\\/produit\\\/evier-cuisiniere-integres-can-1-plaque-de-cuisson-evier-gauche-avec-couvercle-en-verre-joint-et-ecoulement\\\/#breadcrumb\"},\"inLanguage\":\"fr-FR\",\"potentialAction\":[{\"@type\":\"ReadAction\",\"target\":[\"https:\\\/\\\/shop.bantam.ch\\\/fr\\\/produit\\\/evier-cuisiniere-integres-can-1-plaque-de-cuisson-evier-gauche-avec-couvercle-en-verre-joint-et-ecoulement\\\/\"]}]},{\"@type\":\"ImageObject\",\"inLanguage\":\"fr-FR\",\"@id\":\"https:\\\/\\\/shop.bantam.ch\\\/fr\\\/produit\\\/evier-cuisiniere-integres-can-1-plaque-de-cuisson-evier-gauche-avec-couvercle-en-verre-joint-et-ecoulement\\\/#primaryimage\",\"url\":\"https:\\\/\\\/shop.bantam.ch\\\/wp-content\\\/uploads\\\/2025\\\/03\\\/Movera-L-9975523100.jpg\",\"contentUrl\":\"https:\\\/\\\/shop.bantam.ch\\\/wp-content\\\/uploads\\\/2025\\\/03\\\/Movera-L-9975523100.jpg\",\"width\":640,\"height\":506},{\"@type\":\"BreadcrumbList\",\"@id\":\"https:\\\/\\\/shop.bantam.ch\\\/fr\\\/produit\\\/evier-cuisiniere-integres-can-1-plaque-de-cuisson-evier-gauche-avec-couvercle-en-verre-joint-et-ecoulement\\\/#breadcrumb\",\"itemListElement\":[{\"@type\":\"ListItem\",\"position\":1,\"name\":\"Accueil\",\"item\":\"https:\\\/\\\/shop.bantam.ch\\\/fr\\\/\"},{\"@type\":\"ListItem\",\"position\":2,\"name\":\"Boutique\",\"item\":\"https:\\\/\\\/shop.bantam.ch\\\/fr\\\/boutique\\\/\"},{\"@type\":\"ListItem\",\"position\":3,\"name\":\"\u00c9vier\\\/cuisini\u00e8re int\u00e9gr\u00e9s CAN 1 plaque de cuisson \u00e9vier gauche avec couvercle en verre, Joint et \u00e9coulement\"}]},{\"@type\":\"WebSite\",\"@id\":\"https:\\\/\\\/shop.bantam.ch\\\/fr\\\/#website\",\"url\":\"https:\\\/\\\/shop.bantam.ch\\\/fr\\\/\",\"name\":\"Bantam Wankm\u00fcller SA\",\"description\":\"\",\"publisher\":{\"@id\":\"https:\\\/\\\/shop.bantam.ch\\\/fr\\\/#organization\"},\"inLanguage\":\"fr-FR\"},{\"@type\":\"Organization\",\"@id\":\"https:\\\/\\\/shop.bantam.ch\\\/fr\\\/#organization\",\"name\":\"Bantam Wankm\u00fcller SA\",\"url\":\"https:\\\/\\\/shop.bantam.ch\\\/fr\\\/\",\"logo\":{\"@type\":\"ImageObject\",\"inLanguage\":\"fr-FR\",\"@id\":\"https:\\\/\\\/shop.bantam.ch\\\/fr\\\/#\\\/schema\\\/logo\\\/image\\\/\",\"url\":\"https:\\\/\\\/shop.bantam.ch\\\/wp-content\\\/uploads\\\/2022\\\/12\\\/bantam-logo.png\",\"contentUrl\":\"https:\\\/\\\/shop.bantam.ch\\\/wp-content\\\/uploads\\\/2022\\\/12\\\/bantam-logo.png\",\"width\":320,\"height\":71,\"caption\":\"Bantam Wankm\u00fcller SA\"},\"image\":{\"@id\":\"https:\\\/\\\/shop.bantam.ch\\\/fr\\\/#\\\/schema\\\/logo\\\/image\\\/\"}}]}<\/script>\n<!-- \/ Yoast SEO plugin. -->","yoast_head_json":{"title":"\u00c9vier\/cuisini\u00e8re int\u00e9gr\u00e9s CAN 1 plaque de cuisson \u00e9vier gauche avec couvercle en verre, Joint et \u00e9coulement - Bantam Wankm\u00fcller SA","robots":{"index":"index","follow":"follow","max-snippet":"max-snippet:-1","max-image-preview":"max-image-preview:large","max-video-preview":"max-video-preview:-1"},"canonical":"https:\/\/shop.bantam.ch\/fr\/produit\/evier-cuisiniere-integres-can-1-plaque-de-cuisson-evier-gauche-avec-couvercle-en-verre-joint-et-ecoulement\/","og_locale":"fr_FR","og_type":"article","og_title":"\u00c9vier\/cuisini\u00e8re int\u00e9gr\u00e9s CAN 1 plaque de cuisson \u00e9vier gauche avec couvercle en verre, Joint et \u00e9coulement - Bantam Wankm\u00fcller SA","og_description":"Combinaison \u00e9vier\/cuisini\u00e8re INOX 1 flamme avec couvercle en verre, \u00e9vier \u00e0 gauche. Allumage \u00e9lectronique : oui Consommation de gaz (g\/h): 127 Dimensions ext\u00e9rieures (cm)&nbsp;: 530 x 340 Dimension de montage : 515 x 325 Profondeur de montage (mm) : 150 &nbsp;","og_url":"https:\/\/shop.bantam.ch\/fr\/produit\/evier-cuisiniere-integres-can-1-plaque-de-cuisson-evier-gauche-avec-couvercle-en-verre-joint-et-ecoulement\/","og_site_name":"Bantam Wankm\u00fcller SA","article_modified_time":"2026-04-22T21:29:21+00:00","twitter_card":"summary_large_image","schema":{"@context":"https:\/\/schema.org","@graph":[{"@type":"WebPage","@id":"https:\/\/shop.bantam.ch\/fr\/produit\/evier-cuisiniere-integres-can-1-plaque-de-cuisson-evier-gauche-avec-couvercle-en-verre-joint-et-ecoulement\/","url":"https:\/\/shop.bantam.ch\/fr\/produit\/evier-cuisiniere-integres-can-1-plaque-de-cuisson-evier-gauche-avec-couvercle-en-verre-joint-et-ecoulement\/","name":"\u00c9vier\/cuisini\u00e8re int\u00e9gr\u00e9s CAN 1 plaque de cuisson \u00e9vier gauche avec couvercle en verre, Joint et \u00e9coulement - Bantam Wankm\u00fcller SA","isPartOf":{"@id":"https:\/\/shop.bantam.ch\/fr\/#website"},"primaryImageOfPage":{"@id":"https:\/\/shop.bantam.ch\/fr\/produit\/evier-cuisiniere-integres-can-1-plaque-de-cuisson-evier-gauche-avec-couvercle-en-verre-joint-et-ecoulement\/#primaryimage"},"image":{"@id":"https:\/\/shop.bantam.ch\/fr\/produit\/evier-cuisiniere-integres-can-1-plaque-de-cuisson-evier-gauche-avec-couvercle-en-verre-joint-et-ecoulement\/#primaryimage"},"thumbnailUrl":"https:\/\/shop.bantam.ch\/wp-content\/uploads\/2025\/03\/Movera-L-9975523100.jpg","datePublished":"2025-03-14T15:42:32+00:00","dateModified":"2026-04-22T21:29:21+00:00","breadcrumb":{"@id":"https:\/\/shop.bantam.ch\/fr\/produit\/evier-cuisiniere-integres-can-1-plaque-de-cuisson-evier-gauche-avec-couvercle-en-verre-joint-et-ecoulement\/#breadcrumb"},"inLanguage":"fr-FR","potentialAction":[{"@type":"ReadAction","target":["https:\/\/shop.bantam.ch\/fr\/produit\/evier-cuisiniere-integres-can-1-plaque-de-cuisson-evier-gauche-avec-couvercle-en-verre-joint-et-ecoulement\/"]}]},{"@type":"ImageObject","inLanguage":"fr-FR","@id":"https:\/\/shop.bantam.ch\/fr\/produit\/evier-cuisiniere-integres-can-1-plaque-de-cuisson-evier-gauche-avec-couvercle-en-verre-joint-et-ecoulement\/#primaryimage","url":"https:\/\/shop.bantam.ch\/wp-content\/uploads\/2025\/03\/Movera-L-9975523100.jpg","contentUrl":"https:\/\/shop.bantam.ch\/wp-content\/uploads\/2025\/03\/Movera-L-9975523100.jpg","width":640,"height":506},{"@type":"BreadcrumbList","@id":"https:\/\/shop.bantam.ch\/fr\/produit\/evier-cuisiniere-integres-can-1-plaque-de-cuisson-evier-gauche-avec-couvercle-en-verre-joint-et-ecoulement\/#breadcrumb","itemListElement":[{"@type":"ListItem","position":1,"name":"Accueil","item":"https:\/\/shop.bantam.ch\/fr\/"},{"@type":"ListItem","position":2,"name":"Boutique","item":"https:\/\/shop.bantam.ch\/fr\/boutique\/"},{"@type":"ListItem","position":3,"name":"\u00c9vier\/cuisini\u00e8re int\u00e9gr\u00e9s CAN 1 plaque de cuisson \u00e9vier gauche avec couvercle en verre, Joint et \u00e9coulement"}]},{"@type":"WebSite","@id":"https:\/\/shop.bantam.ch\/fr\/#website","url":"https:\/\/shop.bantam.ch\/fr\/","name":"Bantam Wankm\u00fcller SA","description":"","publisher":{"@id":"https:\/\/shop.bantam.ch\/fr\/#organization"},"inLanguage":"fr-FR"},{"@type":"Organization","@id":"https:\/\/shop.bantam.ch\/fr\/#organization","name":"Bantam Wankm\u00fcller SA","url":"https:\/\/shop.bantam.ch\/fr\/","logo":{"@type":"ImageObject","inLanguage":"fr-FR","@id":"https:\/\/shop.bantam.ch\/fr\/#\/schema\/logo\/image\/","url":"https:\/\/shop.bantam.ch\/wp-content\/uploads\/2022\/12\/bantam-logo.png","contentUrl":"https:\/\/shop.bantam.ch\/wp-content\/uploads\/2022\/12\/bantam-logo.png","width":320,"height":71,"caption":"Bantam Wankm\u00fcller SA"},"image":{"@id":"https:\/\/shop.bantam.ch\/fr\/#\/schema\/logo\/image\/"}}]}},"_links":{"self":[{"href":"https:\/\/shop.bantam.ch\/fr\/wp-json\/wp\/v2\/product\/215724","targetHints":{"allow":["GET"]}}],"collection":[{"href":"https:\/\/shop.bantam.ch\/fr\/wp-json\/wp\/v2\/product"}],"about":[{"href":"https:\/\/shop.bantam.ch\/fr\/wp-json\/wp\/v2\/types\/product"}],"wp:featuredmedia":[{"embeddable":true,"href":"https:\/\/shop.bantam.ch\/fr\/wp-json\/wp\/v2\/media\/215722"}],"wp:attachment":[{"href":"https:\/\/shop.bantam.ch\/fr\/wp-json\/wp\/v2\/media?parent=215724"}],"wp:term":[{"taxonomy":"product_featured_cat","embeddable":true,"href":"https:\/\/shop.bantam.ch\/fr\/wp-json\/wp\/v2\/product_featured_cat?post=215724"},{"taxonomy":"product_brand","embeddable":true,"href":"https:\/\/shop.bantam.ch\/fr\/wp-json\/wp\/v2\/product_brand?post=215724"},{"taxonomy":"product_cat","embeddable":true,"href":"https:\/\/shop.bantam.ch\/fr\/wp-json\/wp\/v2\/product_cat?post=215724"},{"taxonomy":"product_tag","embeddable":true,"href":"https:\/\/shop.bantam.ch\/fr\/wp-json\/wp\/v2\/product_tag?post=215724"}],"curies":[{"name":"wp","href":"https:\/\/api.w.org\/{rel}","templated":true}]}}