{"id":215720,"date":"2025-03-14T16:42:25","date_gmt":"2025-03-14T15:42:25","guid":{"rendered":"https:\/\/shop.bantam.ch\/produit\/sac-isotherme-omnia-avec-accumulateur-de-froid\/"},"modified":"2026-04-18T23:32:44","modified_gmt":"2026-04-18T21:32:44","slug":"sac-isotherme-omnia-avec-accumulateur-de-froid","status":"publish","type":"product","link":"https:\/\/shop.bantam.ch\/fr\/produit\/sac-isotherme-omnia-avec-accumulateur-de-froid\/","title":{"rendered":"Sac isotherme OMNIA avec accumulateur de froid"},"content":{"rendered":"<p>Sac isotherme pratique et attrayant avec poign\u00e9e. Con\u00e7ue sur mesure pour l&rsquo;Omnia-Aluform Classic. Batterie de refroidissement de forme adapt\u00e9e incluse.<\/p>\n<p>Placez la batterie de refroidissement au cong\u00e9lateur pendant 12 heures avant de l&rsquo;utiliser. Le sac isotherme peut contenir jusqu&rsquo;\u00e0 trois moules Aluform Classic (2L). Pr\u00e9parer les repas \u00e0 la maison. Verser dans les moules en aluminium. Placer au cong\u00e9lateur. Emporter les moules en aluminium dans le sac isotherme. D\u00e9congeler dans le four Omnia.<\/p>\n<p>&nbsp;<\/p>\n<p>Mat\u00e9riau :<br \/>\nExt\u00e9rieur : polypropyl\u00e8ne (PP) avec laminage en aluminium<br \/>\nIsolation : mousse de poly\u00e9thyl\u00e8ne<br \/>\nDoublure int\u00e9rieure : poly\u00e9thyl\u00e8ne ac\u00e9tate de vinyle lisse (PEVA)<\/p>\n","protected":false},"excerpt":{"rendered":"<p>Sac isotherme pratique et attrayant avec poign\u00e9e. Con\u00e7ue sur mesure pour l&rsquo;Omnia-Aluform Classic. Batterie de refroidissement de forme adapt\u00e9e incluse. Placez la batterie de refroidissement au cong\u00e9lateur pendant 12 heures avant de l&rsquo;utiliser. Le sac isotherme peut contenir jusqu&rsquo;\u00e0 trois moules Aluform Classic (2L). Pr\u00e9parer les repas \u00e0 la maison. Verser dans les moules en [&hellip;]<\/p>\n","protected":false},"featured_media":215718,"template":"","meta":{"_acf_changed":false},"product_featured_cat":[],"product_brand":[],"product_cat":[4337],"product_tag":[],"class_list":{"0":"post-215720","1":"product","2":"type-product","3":"status-publish","4":"has-post-thumbnail","6":"product_cat-accessoires-pour-ustensiles-de-cuisson","8":"first","9":"instock","10":"taxable","11":"shipping-taxable","12":"purchasable","13":"product-type-simple"},"acf":[],"yoast_head":"<!-- This site is optimized with the Yoast SEO plugin v27.4 - https:\/\/yoast.com\/product\/yoast-seo-wordpress\/ -->\n<title>Sac isotherme OMNIA avec accumulateur de froid - Bantam Wankm\u00fcller SA<\/title>\n<meta name=\"robots\" content=\"index, follow, max-snippet:-1, max-image-preview:large, max-video-preview:-1\" \/>\n<link rel=\"canonical\" href=\"https:\/\/shop.bantam.ch\/fr\/produit\/sac-isotherme-omnia-avec-accumulateur-de-froid\/\" \/>\n<meta property=\"og:locale\" content=\"fr_FR\" \/>\n<meta property=\"og:type\" content=\"article\" \/>\n<meta property=\"og:title\" content=\"Sac isotherme OMNIA avec accumulateur de froid - Bantam Wankm\u00fcller SA\" \/>\n<meta property=\"og:description\" content=\"Sac isotherme pratique et attrayant avec poign\u00e9e. Con\u00e7ue sur mesure pour l&rsquo;Omnia-Aluform Classic. Batterie de refroidissement de forme adapt\u00e9e incluse. Placez la batterie de refroidissement au cong\u00e9lateur pendant 12 heures avant de l&rsquo;utiliser. Le sac isotherme peut contenir jusqu&rsquo;\u00e0 trois moules Aluform Classic (2L). Pr\u00e9parer les repas \u00e0 la maison. Verser dans les moules en [&hellip;]\" \/>\n<meta property=\"og:url\" content=\"https:\/\/shop.bantam.ch\/fr\/produit\/sac-isotherme-omnia-avec-accumulateur-de-froid\/\" \/>\n<meta property=\"og:site_name\" content=\"Bantam Wankm\u00fcller SA\" \/>\n<meta property=\"article:modified_time\" content=\"2026-04-18T21:32:44+00:00\" \/>\n<meta name=\"twitter:card\" content=\"summary_large_image\" \/>\n<meta name=\"twitter:label1\" content=\"Dur\u00e9e de lecture estim\u00e9e\" \/>\n\t<meta name=\"twitter:data1\" content=\"1 minute\" \/>\n<script type=\"application\/ld+json\" class=\"yoast-schema-graph\">{\"@context\":\"https:\\\/\\\/schema.org\",\"@graph\":[{\"@type\":\"WebPage\",\"@id\":\"https:\\\/\\\/shop.bantam.ch\\\/fr\\\/produit\\\/sac-isotherme-omnia-avec-accumulateur-de-froid\\\/\",\"url\":\"https:\\\/\\\/shop.bantam.ch\\\/fr\\\/produit\\\/sac-isotherme-omnia-avec-accumulateur-de-froid\\\/\",\"name\":\"Sac isotherme OMNIA avec accumulateur de froid - Bantam Wankm\u00fcller SA\",\"isPartOf\":{\"@id\":\"https:\\\/\\\/shop.bantam.ch\\\/fr\\\/#website\"},\"primaryImageOfPage\":{\"@id\":\"https:\\\/\\\/shop.bantam.ch\\\/fr\\\/produit\\\/sac-isotherme-omnia-avec-accumulateur-de-froid\\\/#primaryimage\"},\"image\":{\"@id\":\"https:\\\/\\\/shop.bantam.ch\\\/fr\\\/produit\\\/sac-isotherme-omnia-avec-accumulateur-de-froid\\\/#primaryimage\"},\"thumbnailUrl\":\"https:\\\/\\\/shop.bantam.ch\\\/wp-content\\\/uploads\\\/2025\\\/03\\\/Movera-L-9975522100.jpg\",\"datePublished\":\"2025-03-14T15:42:25+00:00\",\"dateModified\":\"2026-04-18T21:32:44+00:00\",\"breadcrumb\":{\"@id\":\"https:\\\/\\\/shop.bantam.ch\\\/fr\\\/produit\\\/sac-isotherme-omnia-avec-accumulateur-de-froid\\\/#breadcrumb\"},\"inLanguage\":\"fr-FR\",\"potentialAction\":[{\"@type\":\"ReadAction\",\"target\":[\"https:\\\/\\\/shop.bantam.ch\\\/fr\\\/produit\\\/sac-isotherme-omnia-avec-accumulateur-de-froid\\\/\"]}]},{\"@type\":\"ImageObject\",\"inLanguage\":\"fr-FR\",\"@id\":\"https:\\\/\\\/shop.bantam.ch\\\/fr\\\/produit\\\/sac-isotherme-omnia-avec-accumulateur-de-froid\\\/#primaryimage\",\"url\":\"https:\\\/\\\/shop.bantam.ch\\\/wp-content\\\/uploads\\\/2025\\\/03\\\/Movera-L-9975522100.jpg\",\"contentUrl\":\"https:\\\/\\\/shop.bantam.ch\\\/wp-content\\\/uploads\\\/2025\\\/03\\\/Movera-L-9975522100.jpg\",\"width\":640,\"height\":570},{\"@type\":\"BreadcrumbList\",\"@id\":\"https:\\\/\\\/shop.bantam.ch\\\/fr\\\/produit\\\/sac-isotherme-omnia-avec-accumulateur-de-froid\\\/#breadcrumb\",\"itemListElement\":[{\"@type\":\"ListItem\",\"position\":1,\"name\":\"Accueil\",\"item\":\"https:\\\/\\\/shop.bantam.ch\\\/fr\\\/\"},{\"@type\":\"ListItem\",\"position\":2,\"name\":\"Boutique\",\"item\":\"https:\\\/\\\/shop.bantam.ch\\\/fr\\\/boutique\\\/\"},{\"@type\":\"ListItem\",\"position\":3,\"name\":\"Sac isotherme OMNIA avec accumulateur de froid\"}]},{\"@type\":\"WebSite\",\"@id\":\"https:\\\/\\\/shop.bantam.ch\\\/fr\\\/#website\",\"url\":\"https:\\\/\\\/shop.bantam.ch\\\/fr\\\/\",\"name\":\"Bantam Wankm\u00fcller SA\",\"description\":\"\",\"publisher\":{\"@id\":\"https:\\\/\\\/shop.bantam.ch\\\/fr\\\/#organization\"},\"inLanguage\":\"fr-FR\"},{\"@type\":\"Organization\",\"@id\":\"https:\\\/\\\/shop.bantam.ch\\\/fr\\\/#organization\",\"name\":\"Bantam Wankm\u00fcller SA\",\"url\":\"https:\\\/\\\/shop.bantam.ch\\\/fr\\\/\",\"logo\":{\"@type\":\"ImageObject\",\"inLanguage\":\"fr-FR\",\"@id\":\"https:\\\/\\\/shop.bantam.ch\\\/fr\\\/#\\\/schema\\\/logo\\\/image\\\/\",\"url\":\"https:\\\/\\\/shop.bantam.ch\\\/wp-content\\\/uploads\\\/2022\\\/12\\\/bantam-logo.png\",\"contentUrl\":\"https:\\\/\\\/shop.bantam.ch\\\/wp-content\\\/uploads\\\/2022\\\/12\\\/bantam-logo.png\",\"width\":320,\"height\":71,\"caption\":\"Bantam Wankm\u00fcller SA\"},\"image\":{\"@id\":\"https:\\\/\\\/shop.bantam.ch\\\/fr\\\/#\\\/schema\\\/logo\\\/image\\\/\"}}]}<\/script>\n<!-- \/ Yoast SEO plugin. -->","yoast_head_json":{"title":"Sac isotherme OMNIA avec accumulateur de froid - Bantam Wankm\u00fcller SA","robots":{"index":"index","follow":"follow","max-snippet":"max-snippet:-1","max-image-preview":"max-image-preview:large","max-video-preview":"max-video-preview:-1"},"canonical":"https:\/\/shop.bantam.ch\/fr\/produit\/sac-isotherme-omnia-avec-accumulateur-de-froid\/","og_locale":"fr_FR","og_type":"article","og_title":"Sac isotherme OMNIA avec accumulateur de froid - Bantam Wankm\u00fcller SA","og_description":"Sac isotherme pratique et attrayant avec poign\u00e9e. Con\u00e7ue sur mesure pour l&rsquo;Omnia-Aluform Classic. Batterie de refroidissement de forme adapt\u00e9e incluse. Placez la batterie de refroidissement au cong\u00e9lateur pendant 12 heures avant de l&rsquo;utiliser. Le sac isotherme peut contenir jusqu&rsquo;\u00e0 trois moules Aluform Classic (2L). Pr\u00e9parer les repas \u00e0 la maison. Verser dans les moules en [&hellip;]","og_url":"https:\/\/shop.bantam.ch\/fr\/produit\/sac-isotherme-omnia-avec-accumulateur-de-froid\/","og_site_name":"Bantam Wankm\u00fcller SA","article_modified_time":"2026-04-18T21:32:44+00:00","twitter_card":"summary_large_image","twitter_misc":{"Dur\u00e9e de lecture estim\u00e9e":"1 minute"},"schema":{"@context":"https:\/\/schema.org","@graph":[{"@type":"WebPage","@id":"https:\/\/shop.bantam.ch\/fr\/produit\/sac-isotherme-omnia-avec-accumulateur-de-froid\/","url":"https:\/\/shop.bantam.ch\/fr\/produit\/sac-isotherme-omnia-avec-accumulateur-de-froid\/","name":"Sac isotherme OMNIA avec accumulateur de froid - Bantam Wankm\u00fcller SA","isPartOf":{"@id":"https:\/\/shop.bantam.ch\/fr\/#website"},"primaryImageOfPage":{"@id":"https:\/\/shop.bantam.ch\/fr\/produit\/sac-isotherme-omnia-avec-accumulateur-de-froid\/#primaryimage"},"image":{"@id":"https:\/\/shop.bantam.ch\/fr\/produit\/sac-isotherme-omnia-avec-accumulateur-de-froid\/#primaryimage"},"thumbnailUrl":"https:\/\/shop.bantam.ch\/wp-content\/uploads\/2025\/03\/Movera-L-9975522100.jpg","datePublished":"2025-03-14T15:42:25+00:00","dateModified":"2026-04-18T21:32:44+00:00","breadcrumb":{"@id":"https:\/\/shop.bantam.ch\/fr\/produit\/sac-isotherme-omnia-avec-accumulateur-de-froid\/#breadcrumb"},"inLanguage":"fr-FR","potentialAction":[{"@type":"ReadAction","target":["https:\/\/shop.bantam.ch\/fr\/produit\/sac-isotherme-omnia-avec-accumulateur-de-froid\/"]}]},{"@type":"ImageObject","inLanguage":"fr-FR","@id":"https:\/\/shop.bantam.ch\/fr\/produit\/sac-isotherme-omnia-avec-accumulateur-de-froid\/#primaryimage","url":"https:\/\/shop.bantam.ch\/wp-content\/uploads\/2025\/03\/Movera-L-9975522100.jpg","contentUrl":"https:\/\/shop.bantam.ch\/wp-content\/uploads\/2025\/03\/Movera-L-9975522100.jpg","width":640,"height":570},{"@type":"BreadcrumbList","@id":"https:\/\/shop.bantam.ch\/fr\/produit\/sac-isotherme-omnia-avec-accumulateur-de-froid\/#breadcrumb","itemListElement":[{"@type":"ListItem","position":1,"name":"Accueil","item":"https:\/\/shop.bantam.ch\/fr\/"},{"@type":"ListItem","position":2,"name":"Boutique","item":"https:\/\/shop.bantam.ch\/fr\/boutique\/"},{"@type":"ListItem","position":3,"name":"Sac isotherme OMNIA avec accumulateur de froid"}]},{"@type":"WebSite","@id":"https:\/\/shop.bantam.ch\/fr\/#website","url":"https:\/\/shop.bantam.ch\/fr\/","name":"Bantam Wankm\u00fcller SA","description":"","publisher":{"@id":"https:\/\/shop.bantam.ch\/fr\/#organization"},"inLanguage":"fr-FR"},{"@type":"Organization","@id":"https:\/\/shop.bantam.ch\/fr\/#organization","name":"Bantam Wankm\u00fcller SA","url":"https:\/\/shop.bantam.ch\/fr\/","logo":{"@type":"ImageObject","inLanguage":"fr-FR","@id":"https:\/\/shop.bantam.ch\/fr\/#\/schema\/logo\/image\/","url":"https:\/\/shop.bantam.ch\/wp-content\/uploads\/2022\/12\/bantam-logo.png","contentUrl":"https:\/\/shop.bantam.ch\/wp-content\/uploads\/2022\/12\/bantam-logo.png","width":320,"height":71,"caption":"Bantam Wankm\u00fcller SA"},"image":{"@id":"https:\/\/shop.bantam.ch\/fr\/#\/schema\/logo\/image\/"}}]}},"_links":{"self":[{"href":"https:\/\/shop.bantam.ch\/fr\/wp-json\/wp\/v2\/product\/215720","targetHints":{"allow":["GET"]}}],"collection":[{"href":"https:\/\/shop.bantam.ch\/fr\/wp-json\/wp\/v2\/product"}],"about":[{"href":"https:\/\/shop.bantam.ch\/fr\/wp-json\/wp\/v2\/types\/product"}],"wp:featuredmedia":[{"embeddable":true,"href":"https:\/\/shop.bantam.ch\/fr\/wp-json\/wp\/v2\/media\/215718"}],"wp:attachment":[{"href":"https:\/\/shop.bantam.ch\/fr\/wp-json\/wp\/v2\/media?parent=215720"}],"wp:term":[{"taxonomy":"product_featured_cat","embeddable":true,"href":"https:\/\/shop.bantam.ch\/fr\/wp-json\/wp\/v2\/product_featured_cat?post=215720"},{"taxonomy":"product_brand","embeddable":true,"href":"https:\/\/shop.bantam.ch\/fr\/wp-json\/wp\/v2\/product_brand?post=215720"},{"taxonomy":"product_cat","embeddable":true,"href":"https:\/\/shop.bantam.ch\/fr\/wp-json\/wp\/v2\/product_cat?post=215720"},{"taxonomy":"product_tag","embeddable":true,"href":"https:\/\/shop.bantam.ch\/fr\/wp-json\/wp\/v2\/product_tag?post=215720"}],"curies":[{"name":"wp","href":"https:\/\/api.w.org\/{rel}","templated":true}]}}