{"id":215678,"date":"2025-03-14T16:41:22","date_gmt":"2025-03-14T15:41:22","guid":{"rendered":"https:\/\/shop.bantam.ch\/produit\/climatiseur-de-toit-telair-silent-3-8100h-conditionneur\/"},"modified":"2026-04-18T23:32:36","modified_gmt":"2026-04-18T21:32:36","slug":"climatiseur-de-toit-telair-silent-3-8100h-conditionneur","status":"publish","type":"product","link":"https:\/\/shop.bantam.ch\/fr\/produit\/climatiseur-de-toit-telair-silent-3-8100h-conditionneur\/","title":{"rendered":"Climatiseur de toit TELAIR Silent 3 8100H Conditionneur"},"content":{"rendered":"<p>Contient tout ce qu&rsquo;un syst\u00e8me de climatisation respectueux de l&rsquo;environnement devrait avoir : Faible effet de serre (GWP 676) gr\u00e2ce \u00e0 l&rsquo;utilisation de gaz r\u00e9frig\u00e9rant R32. Ainsi, 70% de r\u00e9duction de l&rsquo;impact environnemental. Silencieuse. L\u00e9g\u00e8ret\u00e9 de l&rsquo;appareil. Facile \u00e0 installer.<br \/>\nLes deux mod\u00e8les sont \u00e9quip\u00e9s d&rsquo;un chauffage par pompe \u00e0 chaleur. La t\u00e9l\u00e9commande avec minuterie permet de commander les fonctions froid, chaud, ventilation et mode automatique.<br \/>\nLe mod\u00e8le Silent Plus 5900H peut \u00eatre aliment\u00e9 par un inverseur sinuso\u00efdal pur de 1500 W minimum. Il est ainsi possible de refroidir ou de chauffer en roulant sur batterie. Le diffuseur int\u00e9rieur est super-plat avec ses 4,2 cm et se monte facilement. L&rsquo;\u00e9cran bleu clair multifonctionnel et les lampes LED s&rsquo;allument et s&rsquo;\u00e9teignent facilement gr\u00e2ce \u00e0 la t\u00e9l\u00e9commande avec lampe de poche incluse.<\/p>\n<p>Comprend tout ce qu&rsquo;un climatiseur \u00e9cologique devrait avoir : Faible effet de serre (GWP 676) gr\u00e2ce \u00e0 l&rsquo;utilisation de gaz r\u00e9frig\u00e9rant R32. Ainsi, 70 % de r\u00e9duction de l&rsquo;impact environnemental. Silencieuse. L\u00e9g\u00e8ret\u00e9 de l&rsquo;appareil. Facile \u00e0 installer. Les deux mod\u00e8les sont \u00e9quip\u00e9s d&rsquo;un chauffage par pompe \u00e0 chaleur. La t\u00e9l\u00e9commande avec minuterie permet de commander les fonctions froid, chaud, ventilation et mode automatique.<\/p>\n<ul>\n<li>Puissance de refroidissement : 1100 W<\/li>\n<li>Dimensions ext\u00e9rieures (L x H x P) : 980 x 240 x 650 mm<\/li>\n<\/ul>\n","protected":false},"excerpt":{"rendered":"<p>Contient tout ce qu&rsquo;un syst\u00e8me de climatisation respectueux de l&rsquo;environnement devrait avoir : Faible effet de serre (GWP 676) gr\u00e2ce \u00e0 l&rsquo;utilisation de gaz r\u00e9frig\u00e9rant R32. Ainsi, 70% de r\u00e9duction de l&rsquo;impact environnemental. Silencieuse. L\u00e9g\u00e8ret\u00e9 de l&rsquo;appareil. Facile \u00e0 installer. Les deux mod\u00e8les sont \u00e9quip\u00e9s d&rsquo;un chauffage par pompe \u00e0 chaleur. La t\u00e9l\u00e9commande avec minuterie [&hellip;]<\/p>\n","protected":false},"featured_media":215672,"template":"","meta":{"_acf_changed":false},"product_featured_cat":[],"product_brand":[],"product_cat":[4089],"product_tag":[],"class_list":{"0":"post-215678","1":"product","2":"type-product","3":"status-publish","4":"has-post-thumbnail","6":"product_cat-climatisations","8":"first","9":"instock","10":"taxable","11":"shipping-taxable","12":"purchasable","13":"product-type-simple"},"acf":[],"yoast_head":"<!-- This site is optimized with the Yoast SEO plugin v27.4 - https:\/\/yoast.com\/product\/yoast-seo-wordpress\/ -->\n<title>Climatiseur de toit TELAIR Silent 3 8100H Conditionneur - Bantam Wankm\u00fcller SA<\/title>\n<meta name=\"robots\" content=\"index, follow, max-snippet:-1, max-image-preview:large, max-video-preview:-1\" \/>\n<link rel=\"canonical\" href=\"https:\/\/shop.bantam.ch\/fr\/produit\/climatiseur-de-toit-telair-silent-3-8100h-conditionneur\/\" \/>\n<meta property=\"og:locale\" content=\"fr_FR\" \/>\n<meta property=\"og:type\" content=\"article\" \/>\n<meta property=\"og:title\" content=\"Climatiseur de toit TELAIR Silent 3 8100H Conditionneur - Bantam Wankm\u00fcller SA\" \/>\n<meta property=\"og:description\" content=\"Contient tout ce qu&rsquo;un syst\u00e8me de climatisation respectueux de l&rsquo;environnement devrait avoir : Faible effet de serre (GWP 676) gr\u00e2ce \u00e0 l&rsquo;utilisation de gaz r\u00e9frig\u00e9rant R32. Ainsi, 70% de r\u00e9duction de l&rsquo;impact environnemental. Silencieuse. L\u00e9g\u00e8ret\u00e9 de l&rsquo;appareil. Facile \u00e0 installer. Les deux mod\u00e8les sont \u00e9quip\u00e9s d&rsquo;un chauffage par pompe \u00e0 chaleur. La t\u00e9l\u00e9commande avec minuterie [&hellip;]\" \/>\n<meta property=\"og:url\" content=\"https:\/\/shop.bantam.ch\/fr\/produit\/climatiseur-de-toit-telair-silent-3-8100h-conditionneur\/\" \/>\n<meta property=\"og:site_name\" content=\"Bantam Wankm\u00fcller SA\" \/>\n<meta property=\"article:modified_time\" content=\"2026-04-18T21:32:36+00:00\" \/>\n<meta name=\"twitter:card\" content=\"summary_large_image\" \/>\n<meta name=\"twitter:label1\" content=\"Dur\u00e9e de lecture estim\u00e9e\" \/>\n\t<meta name=\"twitter:data1\" content=\"1 minute\" \/>\n<script type=\"application\/ld+json\" class=\"yoast-schema-graph\">{\"@context\":\"https:\\\/\\\/schema.org\",\"@graph\":[{\"@type\":\"WebPage\",\"@id\":\"https:\\\/\\\/shop.bantam.ch\\\/fr\\\/produit\\\/climatiseur-de-toit-telair-silent-3-8100h-conditionneur\\\/\",\"url\":\"https:\\\/\\\/shop.bantam.ch\\\/fr\\\/produit\\\/climatiseur-de-toit-telair-silent-3-8100h-conditionneur\\\/\",\"name\":\"Climatiseur de toit TELAIR Silent 3 8100H Conditionneur - Bantam Wankm\u00fcller SA\",\"isPartOf\":{\"@id\":\"https:\\\/\\\/shop.bantam.ch\\\/fr\\\/#website\"},\"primaryImageOfPage\":{\"@id\":\"https:\\\/\\\/shop.bantam.ch\\\/fr\\\/produit\\\/climatiseur-de-toit-telair-silent-3-8100h-conditionneur\\\/#primaryimage\"},\"image\":{\"@id\":\"https:\\\/\\\/shop.bantam.ch\\\/fr\\\/produit\\\/climatiseur-de-toit-telair-silent-3-8100h-conditionneur\\\/#primaryimage\"},\"thumbnailUrl\":\"https:\\\/\\\/shop.bantam.ch\\\/wp-content\\\/uploads\\\/2025\\\/03\\\/Movera-L-9975513100.jpg\",\"datePublished\":\"2025-03-14T15:41:22+00:00\",\"dateModified\":\"2026-04-18T21:32:36+00:00\",\"breadcrumb\":{\"@id\":\"https:\\\/\\\/shop.bantam.ch\\\/fr\\\/produit\\\/climatiseur-de-toit-telair-silent-3-8100h-conditionneur\\\/#breadcrumb\"},\"inLanguage\":\"fr-FR\",\"potentialAction\":[{\"@type\":\"ReadAction\",\"target\":[\"https:\\\/\\\/shop.bantam.ch\\\/fr\\\/produit\\\/climatiseur-de-toit-telair-silent-3-8100h-conditionneur\\\/\"]}]},{\"@type\":\"ImageObject\",\"inLanguage\":\"fr-FR\",\"@id\":\"https:\\\/\\\/shop.bantam.ch\\\/fr\\\/produit\\\/climatiseur-de-toit-telair-silent-3-8100h-conditionneur\\\/#primaryimage\",\"url\":\"https:\\\/\\\/shop.bantam.ch\\\/wp-content\\\/uploads\\\/2025\\\/03\\\/Movera-L-9975513100.jpg\",\"contentUrl\":\"https:\\\/\\\/shop.bantam.ch\\\/wp-content\\\/uploads\\\/2025\\\/03\\\/Movera-L-9975513100.jpg\",\"width\":640,\"height\":324},{\"@type\":\"BreadcrumbList\",\"@id\":\"https:\\\/\\\/shop.bantam.ch\\\/fr\\\/produit\\\/climatiseur-de-toit-telair-silent-3-8100h-conditionneur\\\/#breadcrumb\",\"itemListElement\":[{\"@type\":\"ListItem\",\"position\":1,\"name\":\"Accueil\",\"item\":\"https:\\\/\\\/shop.bantam.ch\\\/fr\\\/\"},{\"@type\":\"ListItem\",\"position\":2,\"name\":\"Boutique\",\"item\":\"https:\\\/\\\/shop.bantam.ch\\\/fr\\\/boutique\\\/\"},{\"@type\":\"ListItem\",\"position\":3,\"name\":\"Climatiseur de toit TELAIR Silent 3 8100H Conditionneur\"}]},{\"@type\":\"WebSite\",\"@id\":\"https:\\\/\\\/shop.bantam.ch\\\/fr\\\/#website\",\"url\":\"https:\\\/\\\/shop.bantam.ch\\\/fr\\\/\",\"name\":\"Bantam Wankm\u00fcller SA\",\"description\":\"\",\"publisher\":{\"@id\":\"https:\\\/\\\/shop.bantam.ch\\\/fr\\\/#organization\"},\"inLanguage\":\"fr-FR\"},{\"@type\":\"Organization\",\"@id\":\"https:\\\/\\\/shop.bantam.ch\\\/fr\\\/#organization\",\"name\":\"Bantam Wankm\u00fcller SA\",\"url\":\"https:\\\/\\\/shop.bantam.ch\\\/fr\\\/\",\"logo\":{\"@type\":\"ImageObject\",\"inLanguage\":\"fr-FR\",\"@id\":\"https:\\\/\\\/shop.bantam.ch\\\/fr\\\/#\\\/schema\\\/logo\\\/image\\\/\",\"url\":\"https:\\\/\\\/shop.bantam.ch\\\/wp-content\\\/uploads\\\/2022\\\/12\\\/bantam-logo.png\",\"contentUrl\":\"https:\\\/\\\/shop.bantam.ch\\\/wp-content\\\/uploads\\\/2022\\\/12\\\/bantam-logo.png\",\"width\":320,\"height\":71,\"caption\":\"Bantam Wankm\u00fcller SA\"},\"image\":{\"@id\":\"https:\\\/\\\/shop.bantam.ch\\\/fr\\\/#\\\/schema\\\/logo\\\/image\\\/\"}}]}<\/script>\n<!-- \/ Yoast SEO plugin. -->","yoast_head_json":{"title":"Climatiseur de toit TELAIR Silent 3 8100H Conditionneur - Bantam Wankm\u00fcller SA","robots":{"index":"index","follow":"follow","max-snippet":"max-snippet:-1","max-image-preview":"max-image-preview:large","max-video-preview":"max-video-preview:-1"},"canonical":"https:\/\/shop.bantam.ch\/fr\/produit\/climatiseur-de-toit-telair-silent-3-8100h-conditionneur\/","og_locale":"fr_FR","og_type":"article","og_title":"Climatiseur de toit TELAIR Silent 3 8100H Conditionneur - Bantam Wankm\u00fcller SA","og_description":"Contient tout ce qu&rsquo;un syst\u00e8me de climatisation respectueux de l&rsquo;environnement devrait avoir : Faible effet de serre (GWP 676) gr\u00e2ce \u00e0 l&rsquo;utilisation de gaz r\u00e9frig\u00e9rant R32. Ainsi, 70% de r\u00e9duction de l&rsquo;impact environnemental. Silencieuse. L\u00e9g\u00e8ret\u00e9 de l&rsquo;appareil. Facile \u00e0 installer. Les deux mod\u00e8les sont \u00e9quip\u00e9s d&rsquo;un chauffage par pompe \u00e0 chaleur. La t\u00e9l\u00e9commande avec minuterie [&hellip;]","og_url":"https:\/\/shop.bantam.ch\/fr\/produit\/climatiseur-de-toit-telair-silent-3-8100h-conditionneur\/","og_site_name":"Bantam Wankm\u00fcller SA","article_modified_time":"2026-04-18T21:32:36+00:00","twitter_card":"summary_large_image","twitter_misc":{"Dur\u00e9e de lecture estim\u00e9e":"1 minute"},"schema":{"@context":"https:\/\/schema.org","@graph":[{"@type":"WebPage","@id":"https:\/\/shop.bantam.ch\/fr\/produit\/climatiseur-de-toit-telair-silent-3-8100h-conditionneur\/","url":"https:\/\/shop.bantam.ch\/fr\/produit\/climatiseur-de-toit-telair-silent-3-8100h-conditionneur\/","name":"Climatiseur de toit TELAIR Silent 3 8100H Conditionneur - Bantam Wankm\u00fcller SA","isPartOf":{"@id":"https:\/\/shop.bantam.ch\/fr\/#website"},"primaryImageOfPage":{"@id":"https:\/\/shop.bantam.ch\/fr\/produit\/climatiseur-de-toit-telair-silent-3-8100h-conditionneur\/#primaryimage"},"image":{"@id":"https:\/\/shop.bantam.ch\/fr\/produit\/climatiseur-de-toit-telair-silent-3-8100h-conditionneur\/#primaryimage"},"thumbnailUrl":"https:\/\/shop.bantam.ch\/wp-content\/uploads\/2025\/03\/Movera-L-9975513100.jpg","datePublished":"2025-03-14T15:41:22+00:00","dateModified":"2026-04-18T21:32:36+00:00","breadcrumb":{"@id":"https:\/\/shop.bantam.ch\/fr\/produit\/climatiseur-de-toit-telair-silent-3-8100h-conditionneur\/#breadcrumb"},"inLanguage":"fr-FR","potentialAction":[{"@type":"ReadAction","target":["https:\/\/shop.bantam.ch\/fr\/produit\/climatiseur-de-toit-telair-silent-3-8100h-conditionneur\/"]}]},{"@type":"ImageObject","inLanguage":"fr-FR","@id":"https:\/\/shop.bantam.ch\/fr\/produit\/climatiseur-de-toit-telair-silent-3-8100h-conditionneur\/#primaryimage","url":"https:\/\/shop.bantam.ch\/wp-content\/uploads\/2025\/03\/Movera-L-9975513100.jpg","contentUrl":"https:\/\/shop.bantam.ch\/wp-content\/uploads\/2025\/03\/Movera-L-9975513100.jpg","width":640,"height":324},{"@type":"BreadcrumbList","@id":"https:\/\/shop.bantam.ch\/fr\/produit\/climatiseur-de-toit-telair-silent-3-8100h-conditionneur\/#breadcrumb","itemListElement":[{"@type":"ListItem","position":1,"name":"Accueil","item":"https:\/\/shop.bantam.ch\/fr\/"},{"@type":"ListItem","position":2,"name":"Boutique","item":"https:\/\/shop.bantam.ch\/fr\/boutique\/"},{"@type":"ListItem","position":3,"name":"Climatiseur de toit TELAIR Silent 3 8100H Conditionneur"}]},{"@type":"WebSite","@id":"https:\/\/shop.bantam.ch\/fr\/#website","url":"https:\/\/shop.bantam.ch\/fr\/","name":"Bantam Wankm\u00fcller SA","description":"","publisher":{"@id":"https:\/\/shop.bantam.ch\/fr\/#organization"},"inLanguage":"fr-FR"},{"@type":"Organization","@id":"https:\/\/shop.bantam.ch\/fr\/#organization","name":"Bantam Wankm\u00fcller SA","url":"https:\/\/shop.bantam.ch\/fr\/","logo":{"@type":"ImageObject","inLanguage":"fr-FR","@id":"https:\/\/shop.bantam.ch\/fr\/#\/schema\/logo\/image\/","url":"https:\/\/shop.bantam.ch\/wp-content\/uploads\/2022\/12\/bantam-logo.png","contentUrl":"https:\/\/shop.bantam.ch\/wp-content\/uploads\/2022\/12\/bantam-logo.png","width":320,"height":71,"caption":"Bantam Wankm\u00fcller SA"},"image":{"@id":"https:\/\/shop.bantam.ch\/fr\/#\/schema\/logo\/image\/"}}]}},"_links":{"self":[{"href":"https:\/\/shop.bantam.ch\/fr\/wp-json\/wp\/v2\/product\/215678","targetHints":{"allow":["GET"]}}],"collection":[{"href":"https:\/\/shop.bantam.ch\/fr\/wp-json\/wp\/v2\/product"}],"about":[{"href":"https:\/\/shop.bantam.ch\/fr\/wp-json\/wp\/v2\/types\/product"}],"wp:featuredmedia":[{"embeddable":true,"href":"https:\/\/shop.bantam.ch\/fr\/wp-json\/wp\/v2\/media\/215672"}],"wp:attachment":[{"href":"https:\/\/shop.bantam.ch\/fr\/wp-json\/wp\/v2\/media?parent=215678"}],"wp:term":[{"taxonomy":"product_featured_cat","embeddable":true,"href":"https:\/\/shop.bantam.ch\/fr\/wp-json\/wp\/v2\/product_featured_cat?post=215678"},{"taxonomy":"product_brand","embeddable":true,"href":"https:\/\/shop.bantam.ch\/fr\/wp-json\/wp\/v2\/product_brand?post=215678"},{"taxonomy":"product_cat","embeddable":true,"href":"https:\/\/shop.bantam.ch\/fr\/wp-json\/wp\/v2\/product_cat?post=215678"},{"taxonomy":"product_tag","embeddable":true,"href":"https:\/\/shop.bantam.ch\/fr\/wp-json\/wp\/v2\/product_tag?post=215678"}],"curies":[{"name":"wp","href":"https:\/\/api.w.org\/{rel}","templated":true}]}}