{"id":215574,"date":"2025-03-14T16:38:47","date_gmt":"2025-03-14T15:38:47","guid":{"rendered":"https:\/\/shop.bantam.ch\/produit\/auvent-outwell-touring-abri\/"},"modified":"2026-04-18T23:32:29","modified_gmt":"2026-04-18T21:32:29","slug":"auvent-outwell-touring-abri","status":"publish","type":"product","link":"https:\/\/shop.bantam.ch\/fr\/produit\/auvent-outwell-touring-abri\/","title":{"rendered":"Auvent Outwell Touring Abri"},"content":{"rendered":"<p>Vous allez adorer la protection flexible contre les \u00e9l\u00e9ments qu&rsquo;offre l&rsquo;abri Outwell Touring Shelter pour la vie en plein air. L\u00e9ger et peu encombrant, il s&rsquo;adapte aux vans de 175 \u00e0 200 cm de hauteur et offre un espace de vie confortable en tourn\u00e9e ou comme base pour les aventures en plein air. La coupe inclin\u00e9e vers l&rsquo;avant maximise l&rsquo;espace pour la t\u00eate. Les parois lat\u00e9rales, y compris les fen\u00eatres, prot\u00e8gent bien contre le vent et la pluie et, en cas de fort soleil, les parois peuvent \u00eatre enroul\u00e9es vers le haut. Vous appr\u00e9cierez \u00e9galement le confort du syst\u00e8me Outwell Hook Track, qui vous permet de suspendre en toute s\u00e9curit\u00e9 et \u00e0 port\u00e9e de main vos \u00e9clairages, v\u00eatements et autres objets l\u00e9gers. L&rsquo;auvent s&rsquo;adapte \u00e0 diff\u00e9rents rails d&rsquo;auvent gr\u00e2ce au profil\u00e9 \u00e0 double jonc.<\/p>\n<ul>\n<li>Auvent universel pour camping-cars, minibus et caravanes.<\/li>\n<li>Cr\u00e9e un bel espace ombrag\u00e9 \u00e0 c\u00f4t\u00e9 du v\u00e9hicule<\/li>\n<li>Parois lat\u00e9rales enroulables<\/li>\n<li>Pour VW T5\/T6\/T6.1 (Multivan, Caravelle, Transporter, California), MB W639\/W447 (V-Class, Vito, Marco Polo) et v\u00e9hicules similaires<\/li>\n<li>Grandes vitres teint\u00e9es<\/li>\n<li>Barres en acier robustes pour un maximum d&rsquo;espace pour la t\u00eate<\/li>\n<li>S&rsquo;installe et s&rsquo;enl\u00e8ve facilement et rapidement<\/li>\n<li>Cordes de haubanage lumineuses d\u00e9j\u00e0 mont\u00e9es pour plus de confort et un montage rapide<\/li>\n<li>Points d&rsquo;ancrage r\u00e9glables pour un montage flexible de la tente<\/li>\n<li>Longueur de fixation au toit: 250 cm<\/li>\n<li>Diam\u00e8tre du bourrelet: 7 mm \/ 5 mm<\/li>\n<\/ul>\n<p>D\u00e9tail des ic\u00f4nes:<\/p>\n<ul>\n<li>Outtex\u00ae 4000 Select est un mat\u00e9riau r\u00e9sistant et de haute qualit\u00e9 en polyester pur et offre toutes les caract\u00e9ristiques essentielles que les campeurs attendent pour leur quotidien au camping. Il est ignifug\u00e9 et dispose d&rsquo;une enduction PU.<\/li>\n<li>Mat\u00e9riau conforme aux derni\u00e8res directives relatives aux mat\u00e9riaux de tente<\/li>\n<li>Protection suppl\u00e9mentaire pour toutes les coutures, le ruban adh\u00e9sif emp\u00eache l&rsquo;eau de p\u00e9n\u00e9trer.<\/li>\n<li>Syst\u00e8me Power Stability d&rsquo;Outwell : notre syst\u00e8me de tiges en acier stable permet d&rsquo;avoir plus d&rsquo;espace pour la t\u00eate et plus de place dans la tente.<\/li>\n<li>Des rails strat\u00e9giquement bien plac\u00e9s permettent d&rsquo;installer des crochets sp\u00e9ciaux sur lesquels on peut fixer des c\u00e2bles et des accessoires l\u00e9gers.<\/li>\n<li>Offre une option adapt\u00e9e \u00e0 toutes les barres d&rsquo;auvent de camping-cars.<\/li>\n<li>Sac avec sangles permettant de transporter la tente sur de courtes distances.<\/li>\n<\/ul>\n<p>Entretien:<br \/>\nVeuillez noter que les rayons UV (ultraviolets) endommagent votre tente si elle est expos\u00e9e directement au soleil pendant une p\u00e9riode prolong\u00e9e. Le tissu Outtex\u00ae a une dur\u00e9e de vie nettement plus longue que les tissus de tente normaux en nylon. Les produits Outwell sont con\u00e7us pour une utilisation en camping, g\u00e9n\u00e9ralement de 2 \u00e0 5 semaines par an. Ils ne sont pas con\u00e7us pour une utilisation permanente et ne devraient \u00eatre utilis\u00e9s que comme produits de camping. Le camping \u00e0 proximit\u00e9 de la mer ou d&rsquo;un lac peut accentuer les effets des rayons UV. Cela vaut \u00e9galement pour les perches et les pi\u00e8ces m\u00e9talliques.<\/p>\n<p>Mat\u00e9riel:<br \/>\n100 % polyester<\/p>\n<p>Contenu de la livraison:<br \/>\nTapis de sol de la tente non inclus<\/p>\n","protected":false},"excerpt":{"rendered":"<p>Vous allez adorer la protection flexible contre les \u00e9l\u00e9ments qu&rsquo;offre l&rsquo;abri Outwell Touring Shelter pour la vie en plein air. L\u00e9ger et peu encombrant, il s&rsquo;adapte aux vans de 175 \u00e0 200 cm de hauteur et offre un espace de vie confortable en tourn\u00e9e ou comme base pour les aventures en plein air. La coupe [&hellip;]<\/p>\n","protected":false},"featured_media":215564,"template":"","meta":{"_acf_changed":false},"product_featured_cat":[],"product_brand":[],"product_cat":[4251],"product_tag":[],"class_list":{"0":"post-215574","1":"product","2":"type-product","3":"status-publish","4":"has-post-thumbnail","6":"product_cat-voile-dombrage-pour-camping-cars","8":"first","9":"instock","10":"taxable","11":"shipping-taxable","12":"purchasable","13":"product-type-simple"},"acf":[],"yoast_head":"<!-- This site is optimized with the Yoast SEO plugin v27.4 - https:\/\/yoast.com\/product\/yoast-seo-wordpress\/ -->\n<title>Auvent Outwell Touring Abri - Bantam Wankm\u00fcller SA<\/title>\n<meta name=\"robots\" content=\"index, follow, max-snippet:-1, max-image-preview:large, max-video-preview:-1\" \/>\n<link rel=\"canonical\" href=\"https:\/\/shop.bantam.ch\/fr\/produit\/auvent-outwell-touring-abri\/\" \/>\n<meta property=\"og:locale\" content=\"fr_FR\" \/>\n<meta property=\"og:type\" content=\"article\" \/>\n<meta property=\"og:title\" content=\"Auvent Outwell Touring Abri - Bantam Wankm\u00fcller SA\" \/>\n<meta property=\"og:description\" content=\"Vous allez adorer la protection flexible contre les \u00e9l\u00e9ments qu&rsquo;offre l&rsquo;abri Outwell Touring Shelter pour la vie en plein air. L\u00e9ger et peu encombrant, il s&rsquo;adapte aux vans de 175 \u00e0 200 cm de hauteur et offre un espace de vie confortable en tourn\u00e9e ou comme base pour les aventures en plein air. La coupe [&hellip;]\" \/>\n<meta property=\"og:url\" content=\"https:\/\/shop.bantam.ch\/fr\/produit\/auvent-outwell-touring-abri\/\" \/>\n<meta property=\"og:site_name\" content=\"Bantam Wankm\u00fcller SA\" \/>\n<meta property=\"article:modified_time\" content=\"2026-04-18T21:32:29+00:00\" \/>\n<meta name=\"twitter:card\" content=\"summary_large_image\" \/>\n<meta name=\"twitter:label1\" content=\"Dur\u00e9e de lecture estim\u00e9e\" \/>\n\t<meta name=\"twitter:data1\" content=\"3 minutes\" \/>\n<script type=\"application\/ld+json\" class=\"yoast-schema-graph\">{\"@context\":\"https:\\\/\\\/schema.org\",\"@graph\":[{\"@type\":\"WebPage\",\"@id\":\"https:\\\/\\\/shop.bantam.ch\\\/fr\\\/produit\\\/auvent-outwell-touring-abri\\\/\",\"url\":\"https:\\\/\\\/shop.bantam.ch\\\/fr\\\/produit\\\/auvent-outwell-touring-abri\\\/\",\"name\":\"Auvent Outwell Touring Abri - Bantam Wankm\u00fcller SA\",\"isPartOf\":{\"@id\":\"https:\\\/\\\/shop.bantam.ch\\\/fr\\\/#website\"},\"primaryImageOfPage\":{\"@id\":\"https:\\\/\\\/shop.bantam.ch\\\/fr\\\/produit\\\/auvent-outwell-touring-abri\\\/#primaryimage\"},\"image\":{\"@id\":\"https:\\\/\\\/shop.bantam.ch\\\/fr\\\/produit\\\/auvent-outwell-touring-abri\\\/#primaryimage\"},\"thumbnailUrl\":\"https:\\\/\\\/shop.bantam.ch\\\/wp-content\\\/uploads\\\/2025\\\/03\\\/Movera-L-9971465100.jpg\",\"datePublished\":\"2025-03-14T15:38:47+00:00\",\"dateModified\":\"2026-04-18T21:32:29+00:00\",\"breadcrumb\":{\"@id\":\"https:\\\/\\\/shop.bantam.ch\\\/fr\\\/produit\\\/auvent-outwell-touring-abri\\\/#breadcrumb\"},\"inLanguage\":\"fr-FR\",\"potentialAction\":[{\"@type\":\"ReadAction\",\"target\":[\"https:\\\/\\\/shop.bantam.ch\\\/fr\\\/produit\\\/auvent-outwell-touring-abri\\\/\"]}]},{\"@type\":\"ImageObject\",\"inLanguage\":\"fr-FR\",\"@id\":\"https:\\\/\\\/shop.bantam.ch\\\/fr\\\/produit\\\/auvent-outwell-touring-abri\\\/#primaryimage\",\"url\":\"https:\\\/\\\/shop.bantam.ch\\\/wp-content\\\/uploads\\\/2025\\\/03\\\/Movera-L-9971465100.jpg\",\"contentUrl\":\"https:\\\/\\\/shop.bantam.ch\\\/wp-content\\\/uploads\\\/2025\\\/03\\\/Movera-L-9971465100.jpg\",\"width\":640,\"height\":360},{\"@type\":\"BreadcrumbList\",\"@id\":\"https:\\\/\\\/shop.bantam.ch\\\/fr\\\/produit\\\/auvent-outwell-touring-abri\\\/#breadcrumb\",\"itemListElement\":[{\"@type\":\"ListItem\",\"position\":1,\"name\":\"Accueil\",\"item\":\"https:\\\/\\\/shop.bantam.ch\\\/fr\\\/\"},{\"@type\":\"ListItem\",\"position\":2,\"name\":\"Boutique\",\"item\":\"https:\\\/\\\/shop.bantam.ch\\\/fr\\\/boutique\\\/\"},{\"@type\":\"ListItem\",\"position\":3,\"name\":\"Auvent Outwell Touring Abri\"}]},{\"@type\":\"WebSite\",\"@id\":\"https:\\\/\\\/shop.bantam.ch\\\/fr\\\/#website\",\"url\":\"https:\\\/\\\/shop.bantam.ch\\\/fr\\\/\",\"name\":\"Bantam Wankm\u00fcller SA\",\"description\":\"\",\"publisher\":{\"@id\":\"https:\\\/\\\/shop.bantam.ch\\\/fr\\\/#organization\"},\"inLanguage\":\"fr-FR\"},{\"@type\":\"Organization\",\"@id\":\"https:\\\/\\\/shop.bantam.ch\\\/fr\\\/#organization\",\"name\":\"Bantam Wankm\u00fcller SA\",\"url\":\"https:\\\/\\\/shop.bantam.ch\\\/fr\\\/\",\"logo\":{\"@type\":\"ImageObject\",\"inLanguage\":\"fr-FR\",\"@id\":\"https:\\\/\\\/shop.bantam.ch\\\/fr\\\/#\\\/schema\\\/logo\\\/image\\\/\",\"url\":\"https:\\\/\\\/shop.bantam.ch\\\/wp-content\\\/uploads\\\/2022\\\/12\\\/bantam-logo.png\",\"contentUrl\":\"https:\\\/\\\/shop.bantam.ch\\\/wp-content\\\/uploads\\\/2022\\\/12\\\/bantam-logo.png\",\"width\":320,\"height\":71,\"caption\":\"Bantam Wankm\u00fcller SA\"},\"image\":{\"@id\":\"https:\\\/\\\/shop.bantam.ch\\\/fr\\\/#\\\/schema\\\/logo\\\/image\\\/\"}}]}<\/script>\n<!-- \/ Yoast SEO plugin. -->","yoast_head_json":{"title":"Auvent Outwell Touring Abri - Bantam Wankm\u00fcller SA","robots":{"index":"index","follow":"follow","max-snippet":"max-snippet:-1","max-image-preview":"max-image-preview:large","max-video-preview":"max-video-preview:-1"},"canonical":"https:\/\/shop.bantam.ch\/fr\/produit\/auvent-outwell-touring-abri\/","og_locale":"fr_FR","og_type":"article","og_title":"Auvent Outwell Touring Abri - Bantam Wankm\u00fcller SA","og_description":"Vous allez adorer la protection flexible contre les \u00e9l\u00e9ments qu&rsquo;offre l&rsquo;abri Outwell Touring Shelter pour la vie en plein air. L\u00e9ger et peu encombrant, il s&rsquo;adapte aux vans de 175 \u00e0 200 cm de hauteur et offre un espace de vie confortable en tourn\u00e9e ou comme base pour les aventures en plein air. La coupe [&hellip;]","og_url":"https:\/\/shop.bantam.ch\/fr\/produit\/auvent-outwell-touring-abri\/","og_site_name":"Bantam Wankm\u00fcller SA","article_modified_time":"2026-04-18T21:32:29+00:00","twitter_card":"summary_large_image","twitter_misc":{"Dur\u00e9e de lecture estim\u00e9e":"3 minutes"},"schema":{"@context":"https:\/\/schema.org","@graph":[{"@type":"WebPage","@id":"https:\/\/shop.bantam.ch\/fr\/produit\/auvent-outwell-touring-abri\/","url":"https:\/\/shop.bantam.ch\/fr\/produit\/auvent-outwell-touring-abri\/","name":"Auvent Outwell Touring Abri - Bantam Wankm\u00fcller SA","isPartOf":{"@id":"https:\/\/shop.bantam.ch\/fr\/#website"},"primaryImageOfPage":{"@id":"https:\/\/shop.bantam.ch\/fr\/produit\/auvent-outwell-touring-abri\/#primaryimage"},"image":{"@id":"https:\/\/shop.bantam.ch\/fr\/produit\/auvent-outwell-touring-abri\/#primaryimage"},"thumbnailUrl":"https:\/\/shop.bantam.ch\/wp-content\/uploads\/2025\/03\/Movera-L-9971465100.jpg","datePublished":"2025-03-14T15:38:47+00:00","dateModified":"2026-04-18T21:32:29+00:00","breadcrumb":{"@id":"https:\/\/shop.bantam.ch\/fr\/produit\/auvent-outwell-touring-abri\/#breadcrumb"},"inLanguage":"fr-FR","potentialAction":[{"@type":"ReadAction","target":["https:\/\/shop.bantam.ch\/fr\/produit\/auvent-outwell-touring-abri\/"]}]},{"@type":"ImageObject","inLanguage":"fr-FR","@id":"https:\/\/shop.bantam.ch\/fr\/produit\/auvent-outwell-touring-abri\/#primaryimage","url":"https:\/\/shop.bantam.ch\/wp-content\/uploads\/2025\/03\/Movera-L-9971465100.jpg","contentUrl":"https:\/\/shop.bantam.ch\/wp-content\/uploads\/2025\/03\/Movera-L-9971465100.jpg","width":640,"height":360},{"@type":"BreadcrumbList","@id":"https:\/\/shop.bantam.ch\/fr\/produit\/auvent-outwell-touring-abri\/#breadcrumb","itemListElement":[{"@type":"ListItem","position":1,"name":"Accueil","item":"https:\/\/shop.bantam.ch\/fr\/"},{"@type":"ListItem","position":2,"name":"Boutique","item":"https:\/\/shop.bantam.ch\/fr\/boutique\/"},{"@type":"ListItem","position":3,"name":"Auvent Outwell Touring Abri"}]},{"@type":"WebSite","@id":"https:\/\/shop.bantam.ch\/fr\/#website","url":"https:\/\/shop.bantam.ch\/fr\/","name":"Bantam Wankm\u00fcller SA","description":"","publisher":{"@id":"https:\/\/shop.bantam.ch\/fr\/#organization"},"inLanguage":"fr-FR"},{"@type":"Organization","@id":"https:\/\/shop.bantam.ch\/fr\/#organization","name":"Bantam Wankm\u00fcller SA","url":"https:\/\/shop.bantam.ch\/fr\/","logo":{"@type":"ImageObject","inLanguage":"fr-FR","@id":"https:\/\/shop.bantam.ch\/fr\/#\/schema\/logo\/image\/","url":"https:\/\/shop.bantam.ch\/wp-content\/uploads\/2022\/12\/bantam-logo.png","contentUrl":"https:\/\/shop.bantam.ch\/wp-content\/uploads\/2022\/12\/bantam-logo.png","width":320,"height":71,"caption":"Bantam Wankm\u00fcller SA"},"image":{"@id":"https:\/\/shop.bantam.ch\/fr\/#\/schema\/logo\/image\/"}}]}},"_links":{"self":[{"href":"https:\/\/shop.bantam.ch\/fr\/wp-json\/wp\/v2\/product\/215574","targetHints":{"allow":["GET"]}}],"collection":[{"href":"https:\/\/shop.bantam.ch\/fr\/wp-json\/wp\/v2\/product"}],"about":[{"href":"https:\/\/shop.bantam.ch\/fr\/wp-json\/wp\/v2\/types\/product"}],"wp:featuredmedia":[{"embeddable":true,"href":"https:\/\/shop.bantam.ch\/fr\/wp-json\/wp\/v2\/media\/215564"}],"wp:attachment":[{"href":"https:\/\/shop.bantam.ch\/fr\/wp-json\/wp\/v2\/media?parent=215574"}],"wp:term":[{"taxonomy":"product_featured_cat","embeddable":true,"href":"https:\/\/shop.bantam.ch\/fr\/wp-json\/wp\/v2\/product_featured_cat?post=215574"},{"taxonomy":"product_brand","embeddable":true,"href":"https:\/\/shop.bantam.ch\/fr\/wp-json\/wp\/v2\/product_brand?post=215574"},{"taxonomy":"product_cat","embeddable":true,"href":"https:\/\/shop.bantam.ch\/fr\/wp-json\/wp\/v2\/product_cat?post=215574"},{"taxonomy":"product_tag","embeddable":true,"href":"https:\/\/shop.bantam.ch\/fr\/wp-json\/wp\/v2\/product_tag?post=215574"}],"curies":[{"name":"wp","href":"https:\/\/api.w.org\/{rel}","templated":true}]}}