{"id":215530,"date":"2025-03-14T16:37:48","date_gmt":"2025-03-14T15:37:48","guid":{"rendered":"https:\/\/shop.bantam.ch\/produit\/cartouche-de-gaz-power-gas-450g-version-ch\/"},"modified":"2026-04-18T23:32:22","modified_gmt":"2026-04-18T21:32:22","slug":"cartouche-de-gaz-power-gas-450g-version-ch","status":"publish","type":"product","link":"https:\/\/shop.bantam.ch\/fr\/produit\/cartouche-de-gaz-power-gas-450g-version-ch\/","title":{"rendered":"Cartouche de gaz Power Gas 450g version CH"},"content":{"rendered":"<p>Power Gas est notre m\u00e9lange le plus polyvalent et offre une puissance fiable du printemps \u00e0 l&rsquo;automne. M\u00eame \u00e0 des temp\u00e9ratures inf\u00e9rieures au point de cong\u00e9lation, la pression est suffisante pour qu&rsquo;un r\u00e9chaud \u00e0 gaz s&rsquo;allume. Sa polyvalence fait du Power Gas le premier choix pour les situations o\u00f9 tu ne sais pas \u00e0 quoi t&rsquo;attendre.<\/p>\n<p>Power Gas est notre m\u00e9lange le plus polyvalent et offre une performance fiable du printemps \u00e0 l&rsquo;automne. M\u00eame \u00e0 des temp\u00e9ratures inf\u00e9rieures \u00e0 z\u00e9ro, la pression est suffisante pour allumer un r\u00e9chaud \u00e0 gaz. Sa polyvalence fait du Power Gas le premier choix pour les situations o\u00f9 tu ne sais pas \u00e0 quoi t&rsquo;attendre.<\/p>\n","protected":false},"excerpt":{"rendered":"<p>Power Gas est notre m\u00e9lange le plus polyvalent et offre une puissance fiable du printemps \u00e0 l&rsquo;automne. M\u00eame \u00e0 des temp\u00e9ratures inf\u00e9rieures au point de cong\u00e9lation, la pression est suffisante pour qu&rsquo;un r\u00e9chaud \u00e0 gaz s&rsquo;allume. Sa polyvalence fait du Power Gas le premier choix pour les situations o\u00f9 tu ne sais pas \u00e0 quoi [&hellip;]<\/p>\n","protected":false},"featured_media":215528,"template":"","meta":{"_acf_changed":false},"product_featured_cat":[],"product_brand":[],"product_cat":[4483],"product_tag":[],"class_list":{"0":"post-215530","1":"product","2":"type-product","3":"status-publish","4":"has-post-thumbnail","6":"product_cat-cartouches-de-gaz","8":"first","9":"instock","10":"taxable","11":"shipping-taxable","12":"purchasable","13":"product-type-simple"},"acf":[],"yoast_head":"<!-- This site is optimized with the Yoast SEO plugin v27.4 - https:\/\/yoast.com\/product\/yoast-seo-wordpress\/ -->\n<title>Cartouche de gaz Power Gas 450g version CH - Bantam Wankm\u00fcller SA<\/title>\n<meta name=\"robots\" content=\"index, follow, max-snippet:-1, max-image-preview:large, max-video-preview:-1\" \/>\n<link rel=\"canonical\" href=\"https:\/\/shop.bantam.ch\/fr\/produit\/cartouche-de-gaz-power-gas-450g-version-ch\/\" \/>\n<meta property=\"og:locale\" content=\"fr_FR\" \/>\n<meta property=\"og:type\" content=\"article\" \/>\n<meta property=\"og:title\" content=\"Cartouche de gaz Power Gas 450g version CH - Bantam Wankm\u00fcller SA\" \/>\n<meta property=\"og:description\" content=\"Power Gas est notre m\u00e9lange le plus polyvalent et offre une puissance fiable du printemps \u00e0 l&rsquo;automne. M\u00eame \u00e0 des temp\u00e9ratures inf\u00e9rieures au point de cong\u00e9lation, la pression est suffisante pour qu&rsquo;un r\u00e9chaud \u00e0 gaz s&rsquo;allume. Sa polyvalence fait du Power Gas le premier choix pour les situations o\u00f9 tu ne sais pas \u00e0 quoi [&hellip;]\" \/>\n<meta property=\"og:url\" content=\"https:\/\/shop.bantam.ch\/fr\/produit\/cartouche-de-gaz-power-gas-450g-version-ch\/\" \/>\n<meta property=\"og:site_name\" content=\"Bantam Wankm\u00fcller SA\" \/>\n<meta property=\"article:modified_time\" content=\"2026-04-18T21:32:22+00:00\" \/>\n<meta name=\"twitter:card\" content=\"summary_large_image\" \/>\n<meta name=\"twitter:label1\" content=\"Dur\u00e9e de lecture estim\u00e9e\" \/>\n\t<meta name=\"twitter:data1\" content=\"1 minute\" \/>\n<script type=\"application\/ld+json\" class=\"yoast-schema-graph\">{\"@context\":\"https:\\\/\\\/schema.org\",\"@graph\":[{\"@type\":\"WebPage\",\"@id\":\"https:\\\/\\\/shop.bantam.ch\\\/fr\\\/produit\\\/cartouche-de-gaz-power-gas-450g-version-ch\\\/\",\"url\":\"https:\\\/\\\/shop.bantam.ch\\\/fr\\\/produit\\\/cartouche-de-gaz-power-gas-450g-version-ch\\\/\",\"name\":\"Cartouche de gaz Power Gas 450g version CH - Bantam Wankm\u00fcller SA\",\"isPartOf\":{\"@id\":\"https:\\\/\\\/shop.bantam.ch\\\/fr\\\/#website\"},\"primaryImageOfPage\":{\"@id\":\"https:\\\/\\\/shop.bantam.ch\\\/fr\\\/produit\\\/cartouche-de-gaz-power-gas-450g-version-ch\\\/#primaryimage\"},\"image\":{\"@id\":\"https:\\\/\\\/shop.bantam.ch\\\/fr\\\/produit\\\/cartouche-de-gaz-power-gas-450g-version-ch\\\/#primaryimage\"},\"thumbnailUrl\":\"https:\\\/\\\/shop.bantam.ch\\\/wp-content\\\/uploads\\\/2025\\\/03\\\/Movera-L-9975476100.jpg\",\"datePublished\":\"2025-03-14T15:37:48+00:00\",\"dateModified\":\"2026-04-18T21:32:22+00:00\",\"breadcrumb\":{\"@id\":\"https:\\\/\\\/shop.bantam.ch\\\/fr\\\/produit\\\/cartouche-de-gaz-power-gas-450g-version-ch\\\/#breadcrumb\"},\"inLanguage\":\"fr-FR\",\"potentialAction\":[{\"@type\":\"ReadAction\",\"target\":[\"https:\\\/\\\/shop.bantam.ch\\\/fr\\\/produit\\\/cartouche-de-gaz-power-gas-450g-version-ch\\\/\"]}]},{\"@type\":\"ImageObject\",\"inLanguage\":\"fr-FR\",\"@id\":\"https:\\\/\\\/shop.bantam.ch\\\/fr\\\/produit\\\/cartouche-de-gaz-power-gas-450g-version-ch\\\/#primaryimage\",\"url\":\"https:\\\/\\\/shop.bantam.ch\\\/wp-content\\\/uploads\\\/2025\\\/03\\\/Movera-L-9975476100.jpg\",\"contentUrl\":\"https:\\\/\\\/shop.bantam.ch\\\/wp-content\\\/uploads\\\/2025\\\/03\\\/Movera-L-9975476100.jpg\",\"width\":640,\"height\":569},{\"@type\":\"BreadcrumbList\",\"@id\":\"https:\\\/\\\/shop.bantam.ch\\\/fr\\\/produit\\\/cartouche-de-gaz-power-gas-450g-version-ch\\\/#breadcrumb\",\"itemListElement\":[{\"@type\":\"ListItem\",\"position\":1,\"name\":\"Accueil\",\"item\":\"https:\\\/\\\/shop.bantam.ch\\\/fr\\\/\"},{\"@type\":\"ListItem\",\"position\":2,\"name\":\"Boutique\",\"item\":\"https:\\\/\\\/shop.bantam.ch\\\/fr\\\/boutique\\\/\"},{\"@type\":\"ListItem\",\"position\":3,\"name\":\"Cartouche de gaz Power Gas 450g version CH\"}]},{\"@type\":\"WebSite\",\"@id\":\"https:\\\/\\\/shop.bantam.ch\\\/fr\\\/#website\",\"url\":\"https:\\\/\\\/shop.bantam.ch\\\/fr\\\/\",\"name\":\"Bantam Wankm\u00fcller SA\",\"description\":\"\",\"publisher\":{\"@id\":\"https:\\\/\\\/shop.bantam.ch\\\/fr\\\/#organization\"},\"inLanguage\":\"fr-FR\"},{\"@type\":\"Organization\",\"@id\":\"https:\\\/\\\/shop.bantam.ch\\\/fr\\\/#organization\",\"name\":\"Bantam Wankm\u00fcller SA\",\"url\":\"https:\\\/\\\/shop.bantam.ch\\\/fr\\\/\",\"logo\":{\"@type\":\"ImageObject\",\"inLanguage\":\"fr-FR\",\"@id\":\"https:\\\/\\\/shop.bantam.ch\\\/fr\\\/#\\\/schema\\\/logo\\\/image\\\/\",\"url\":\"https:\\\/\\\/shop.bantam.ch\\\/wp-content\\\/uploads\\\/2022\\\/12\\\/bantam-logo.png\",\"contentUrl\":\"https:\\\/\\\/shop.bantam.ch\\\/wp-content\\\/uploads\\\/2022\\\/12\\\/bantam-logo.png\",\"width\":320,\"height\":71,\"caption\":\"Bantam Wankm\u00fcller SA\"},\"image\":{\"@id\":\"https:\\\/\\\/shop.bantam.ch\\\/fr\\\/#\\\/schema\\\/logo\\\/image\\\/\"}}]}<\/script>\n<!-- \/ Yoast SEO plugin. -->","yoast_head_json":{"title":"Cartouche de gaz Power Gas 450g version CH - Bantam Wankm\u00fcller SA","robots":{"index":"index","follow":"follow","max-snippet":"max-snippet:-1","max-image-preview":"max-image-preview:large","max-video-preview":"max-video-preview:-1"},"canonical":"https:\/\/shop.bantam.ch\/fr\/produit\/cartouche-de-gaz-power-gas-450g-version-ch\/","og_locale":"fr_FR","og_type":"article","og_title":"Cartouche de gaz Power Gas 450g version CH - Bantam Wankm\u00fcller SA","og_description":"Power Gas est notre m\u00e9lange le plus polyvalent et offre une puissance fiable du printemps \u00e0 l&rsquo;automne. M\u00eame \u00e0 des temp\u00e9ratures inf\u00e9rieures au point de cong\u00e9lation, la pression est suffisante pour qu&rsquo;un r\u00e9chaud \u00e0 gaz s&rsquo;allume. Sa polyvalence fait du Power Gas le premier choix pour les situations o\u00f9 tu ne sais pas \u00e0 quoi [&hellip;]","og_url":"https:\/\/shop.bantam.ch\/fr\/produit\/cartouche-de-gaz-power-gas-450g-version-ch\/","og_site_name":"Bantam Wankm\u00fcller SA","article_modified_time":"2026-04-18T21:32:22+00:00","twitter_card":"summary_large_image","twitter_misc":{"Dur\u00e9e de lecture estim\u00e9e":"1 minute"},"schema":{"@context":"https:\/\/schema.org","@graph":[{"@type":"WebPage","@id":"https:\/\/shop.bantam.ch\/fr\/produit\/cartouche-de-gaz-power-gas-450g-version-ch\/","url":"https:\/\/shop.bantam.ch\/fr\/produit\/cartouche-de-gaz-power-gas-450g-version-ch\/","name":"Cartouche de gaz Power Gas 450g version CH - Bantam Wankm\u00fcller SA","isPartOf":{"@id":"https:\/\/shop.bantam.ch\/fr\/#website"},"primaryImageOfPage":{"@id":"https:\/\/shop.bantam.ch\/fr\/produit\/cartouche-de-gaz-power-gas-450g-version-ch\/#primaryimage"},"image":{"@id":"https:\/\/shop.bantam.ch\/fr\/produit\/cartouche-de-gaz-power-gas-450g-version-ch\/#primaryimage"},"thumbnailUrl":"https:\/\/shop.bantam.ch\/wp-content\/uploads\/2025\/03\/Movera-L-9975476100.jpg","datePublished":"2025-03-14T15:37:48+00:00","dateModified":"2026-04-18T21:32:22+00:00","breadcrumb":{"@id":"https:\/\/shop.bantam.ch\/fr\/produit\/cartouche-de-gaz-power-gas-450g-version-ch\/#breadcrumb"},"inLanguage":"fr-FR","potentialAction":[{"@type":"ReadAction","target":["https:\/\/shop.bantam.ch\/fr\/produit\/cartouche-de-gaz-power-gas-450g-version-ch\/"]}]},{"@type":"ImageObject","inLanguage":"fr-FR","@id":"https:\/\/shop.bantam.ch\/fr\/produit\/cartouche-de-gaz-power-gas-450g-version-ch\/#primaryimage","url":"https:\/\/shop.bantam.ch\/wp-content\/uploads\/2025\/03\/Movera-L-9975476100.jpg","contentUrl":"https:\/\/shop.bantam.ch\/wp-content\/uploads\/2025\/03\/Movera-L-9975476100.jpg","width":640,"height":569},{"@type":"BreadcrumbList","@id":"https:\/\/shop.bantam.ch\/fr\/produit\/cartouche-de-gaz-power-gas-450g-version-ch\/#breadcrumb","itemListElement":[{"@type":"ListItem","position":1,"name":"Accueil","item":"https:\/\/shop.bantam.ch\/fr\/"},{"@type":"ListItem","position":2,"name":"Boutique","item":"https:\/\/shop.bantam.ch\/fr\/boutique\/"},{"@type":"ListItem","position":3,"name":"Cartouche de gaz Power Gas 450g version CH"}]},{"@type":"WebSite","@id":"https:\/\/shop.bantam.ch\/fr\/#website","url":"https:\/\/shop.bantam.ch\/fr\/","name":"Bantam Wankm\u00fcller SA","description":"","publisher":{"@id":"https:\/\/shop.bantam.ch\/fr\/#organization"},"inLanguage":"fr-FR"},{"@type":"Organization","@id":"https:\/\/shop.bantam.ch\/fr\/#organization","name":"Bantam Wankm\u00fcller SA","url":"https:\/\/shop.bantam.ch\/fr\/","logo":{"@type":"ImageObject","inLanguage":"fr-FR","@id":"https:\/\/shop.bantam.ch\/fr\/#\/schema\/logo\/image\/","url":"https:\/\/shop.bantam.ch\/wp-content\/uploads\/2022\/12\/bantam-logo.png","contentUrl":"https:\/\/shop.bantam.ch\/wp-content\/uploads\/2022\/12\/bantam-logo.png","width":320,"height":71,"caption":"Bantam Wankm\u00fcller SA"},"image":{"@id":"https:\/\/shop.bantam.ch\/fr\/#\/schema\/logo\/image\/"}}]}},"_links":{"self":[{"href":"https:\/\/shop.bantam.ch\/fr\/wp-json\/wp\/v2\/product\/215530","targetHints":{"allow":["GET"]}}],"collection":[{"href":"https:\/\/shop.bantam.ch\/fr\/wp-json\/wp\/v2\/product"}],"about":[{"href":"https:\/\/shop.bantam.ch\/fr\/wp-json\/wp\/v2\/types\/product"}],"wp:featuredmedia":[{"embeddable":true,"href":"https:\/\/shop.bantam.ch\/fr\/wp-json\/wp\/v2\/media\/215528"}],"wp:attachment":[{"href":"https:\/\/shop.bantam.ch\/fr\/wp-json\/wp\/v2\/media?parent=215530"}],"wp:term":[{"taxonomy":"product_featured_cat","embeddable":true,"href":"https:\/\/shop.bantam.ch\/fr\/wp-json\/wp\/v2\/product_featured_cat?post=215530"},{"taxonomy":"product_brand","embeddable":true,"href":"https:\/\/shop.bantam.ch\/fr\/wp-json\/wp\/v2\/product_brand?post=215530"},{"taxonomy":"product_cat","embeddable":true,"href":"https:\/\/shop.bantam.ch\/fr\/wp-json\/wp\/v2\/product_cat?post=215530"},{"taxonomy":"product_tag","embeddable":true,"href":"https:\/\/shop.bantam.ch\/fr\/wp-json\/wp\/v2\/product_tag?post=215530"}],"curies":[{"name":"wp","href":"https:\/\/api.w.org\/{rel}","templated":true}]}}