{"id":215326,"date":"2025-03-14T16:33:05","date_gmt":"2025-03-14T15:33:05","guid":{"rendered":"https:\/\/shop.bantam.ch\/produit\/recharge-duo-family-avec-parfum-fraicheur-pour-series-6-et-hanger\/"},"modified":"2026-05-02T23:24:41","modified_gmt":"2026-05-02T21:24:41","slug":"recharge-duo-family-avec-parfum-fraicheur-pour-series-6-et-hanger","status":"publish","type":"product","link":"https:\/\/shop.bantam.ch\/fr\/produit\/recharge-duo-family-avec-parfum-fraicheur-pour-series-6-et-hanger\/","title":{"rendered":"Recharge Duo Family avec parfum fra\u00eecheur pour Series 6 et Hanger"},"content":{"rendered":"<p>Recharge Duo Family avec parfum fra\u00eecheur pour Series 6 et HangerRecharge pour les d\u00e9shumidificateurs Absodry Series 6 et Absodry Hanger avec deux sachets de 600 g au parfum frais. Une charge suffit pour 1 \u00e0 3 mois, selon le taux d&rsquo;humidit\u00e9 de l&rsquo;air.<\/p>\n","protected":false},"excerpt":{"rendered":"<p>Recharge Duo Family avec parfum fra\u00eecheur pour Series 6 et HangerRecharge pour les d\u00e9shumidificateurs Absodry Series 6 et Absodry Hanger avec deux sachets de 600 g au parfum frais. Une charge suffit pour 1 \u00e0 3 mois, selon le taux d&rsquo;humidit\u00e9 de l&rsquo;air.<\/p>\n","protected":false},"featured_media":215324,"template":"","meta":{"_acf_changed":false},"product_featured_cat":[],"product_brand":[],"product_cat":[4007],"product_tag":[],"class_list":{"0":"post-215326","1":"product","2":"type-product","3":"status-publish","4":"has-post-thumbnail","6":"product_cat-deshumidificateurs","8":"first","9":"instock","10":"taxable","11":"shipping-taxable","12":"purchasable","13":"product-type-simple"},"acf":[],"yoast_head":"<!-- This site is optimized with the Yoast SEO plugin v27.5 - https:\/\/yoast.com\/product\/yoast-seo-wordpress\/ -->\n<title>Recharge Duo Family avec parfum fra\u00eecheur pour Series 6 et Hanger - Bantam<\/title>\n<meta name=\"robots\" content=\"index, follow, max-snippet:-1, max-image-preview:large, max-video-preview:-1\" \/>\n<link rel=\"canonical\" href=\"https:\/\/shop.bantam.ch\/fr\/produit\/recharge-duo-family-avec-parfum-fraicheur-pour-series-6-et-hanger\/\" \/>\n<meta property=\"og:locale\" content=\"fr_FR\" \/>\n<meta property=\"og:type\" content=\"article\" \/>\n<meta property=\"og:title\" content=\"Recharge Duo Family avec parfum fra\u00eecheur pour Series 6 et Hanger - Bantam\" \/>\n<meta property=\"og:description\" content=\"Recharge Duo Family avec parfum fra\u00eecheur pour Series 6 et HangerRecharge pour les d\u00e9shumidificateurs Absodry Series 6 et Absodry Hanger avec deux sachets de 600 g au parfum frais. Une charge suffit pour 1 \u00e0 3 mois, selon le taux d&rsquo;humidit\u00e9 de l&rsquo;air.\" \/>\n<meta property=\"og:url\" content=\"https:\/\/shop.bantam.ch\/fr\/produit\/recharge-duo-family-avec-parfum-fraicheur-pour-series-6-et-hanger\/\" \/>\n<meta property=\"og:site_name\" content=\"Bantam\" \/>\n<meta property=\"article:modified_time\" content=\"2026-05-02T21:24:41+00:00\" \/>\n<meta name=\"twitter:card\" content=\"summary_large_image\" \/>\n<script type=\"application\/ld+json\" class=\"yoast-schema-graph\">{\"@context\":\"https:\\\/\\\/schema.org\",\"@graph\":[{\"@type\":\"WebPage\",\"@id\":\"https:\\\/\\\/shop.bantam.ch\\\/fr\\\/produit\\\/recharge-duo-family-avec-parfum-fraicheur-pour-series-6-et-hanger\\\/\",\"url\":\"https:\\\/\\\/shop.bantam.ch\\\/fr\\\/produit\\\/recharge-duo-family-avec-parfum-fraicheur-pour-series-6-et-hanger\\\/\",\"name\":\"Recharge Duo Family avec parfum fra\u00eecheur pour Series 6 et Hanger - Bantam\",\"isPartOf\":{\"@id\":\"https:\\\/\\\/shop.bantam.ch\\\/fr\\\/#website\"},\"primaryImageOfPage\":{\"@id\":\"https:\\\/\\\/shop.bantam.ch\\\/fr\\\/produit\\\/recharge-duo-family-avec-parfum-fraicheur-pour-series-6-et-hanger\\\/#primaryimage\"},\"image\":{\"@id\":\"https:\\\/\\\/shop.bantam.ch\\\/fr\\\/produit\\\/recharge-duo-family-avec-parfum-fraicheur-pour-series-6-et-hanger\\\/#primaryimage\"},\"thumbnailUrl\":\"https:\\\/\\\/shop.bantam.ch\\\/wp-content\\\/uploads\\\/2025\\\/03\\\/Movera-L-9966282100.jpg\",\"datePublished\":\"2025-03-14T15:33:05+00:00\",\"dateModified\":\"2026-05-02T21:24:41+00:00\",\"breadcrumb\":{\"@id\":\"https:\\\/\\\/shop.bantam.ch\\\/fr\\\/produit\\\/recharge-duo-family-avec-parfum-fraicheur-pour-series-6-et-hanger\\\/#breadcrumb\"},\"inLanguage\":\"fr-FR\",\"potentialAction\":[{\"@type\":\"ReadAction\",\"target\":[\"https:\\\/\\\/shop.bantam.ch\\\/fr\\\/produit\\\/recharge-duo-family-avec-parfum-fraicheur-pour-series-6-et-hanger\\\/\"]}]},{\"@type\":\"ImageObject\",\"inLanguage\":\"fr-FR\",\"@id\":\"https:\\\/\\\/shop.bantam.ch\\\/fr\\\/produit\\\/recharge-duo-family-avec-parfum-fraicheur-pour-series-6-et-hanger\\\/#primaryimage\",\"url\":\"https:\\\/\\\/shop.bantam.ch\\\/wp-content\\\/uploads\\\/2025\\\/03\\\/Movera-L-9966282100.jpg\",\"contentUrl\":\"https:\\\/\\\/shop.bantam.ch\\\/wp-content\\\/uploads\\\/2025\\\/03\\\/Movera-L-9966282100.jpg\",\"width\":640,\"height\":594},{\"@type\":\"BreadcrumbList\",\"@id\":\"https:\\\/\\\/shop.bantam.ch\\\/fr\\\/produit\\\/recharge-duo-family-avec-parfum-fraicheur-pour-series-6-et-hanger\\\/#breadcrumb\",\"itemListElement\":[{\"@type\":\"ListItem\",\"position\":1,\"name\":\"Accueil\",\"item\":\"https:\\\/\\\/shop.bantam.ch\\\/fr\\\/\"},{\"@type\":\"ListItem\",\"position\":2,\"name\":\"Boutique\",\"item\":\"https:\\\/\\\/shop.bantam.ch\\\/fr\\\/boutique\\\/\"},{\"@type\":\"ListItem\",\"position\":3,\"name\":\"Recharge Duo Family avec parfum fra\u00eecheur pour Series 6 et Hanger\"}]},{\"@type\":\"WebSite\",\"@id\":\"https:\\\/\\\/shop.bantam.ch\\\/fr\\\/#website\",\"url\":\"https:\\\/\\\/shop.bantam.ch\\\/fr\\\/\",\"name\":\"Bantam\",\"description\":\"\",\"publisher\":{\"@id\":\"https:\\\/\\\/shop.bantam.ch\\\/fr\\\/#organization\"},\"inLanguage\":\"fr-FR\"},{\"@type\":\"Organization\",\"@id\":\"https:\\\/\\\/shop.bantam.ch\\\/fr\\\/#organization\",\"name\":\"Bantam\",\"url\":\"https:\\\/\\\/shop.bantam.ch\\\/fr\\\/\",\"logo\":{\"@type\":\"ImageObject\",\"inLanguage\":\"fr-FR\",\"@id\":\"https:\\\/\\\/shop.bantam.ch\\\/fr\\\/#\\\/schema\\\/logo\\\/image\\\/\",\"url\":\"https:\\\/\\\/shop.bantam.ch\\\/wp-content\\\/uploads\\\/2022\\\/12\\\/bantam-logo.png\",\"contentUrl\":\"https:\\\/\\\/shop.bantam.ch\\\/wp-content\\\/uploads\\\/2022\\\/12\\\/bantam-logo.png\",\"width\":320,\"height\":71,\"caption\":\"Bantam\"},\"image\":{\"@id\":\"https:\\\/\\\/shop.bantam.ch\\\/fr\\\/#\\\/schema\\\/logo\\\/image\\\/\"}}]}<\/script>\n<!-- \/ Yoast SEO plugin. -->","yoast_head_json":{"title":"Recharge Duo Family avec parfum fra\u00eecheur pour Series 6 et Hanger - Bantam","robots":{"index":"index","follow":"follow","max-snippet":"max-snippet:-1","max-image-preview":"max-image-preview:large","max-video-preview":"max-video-preview:-1"},"canonical":"https:\/\/shop.bantam.ch\/fr\/produit\/recharge-duo-family-avec-parfum-fraicheur-pour-series-6-et-hanger\/","og_locale":"fr_FR","og_type":"article","og_title":"Recharge Duo Family avec parfum fra\u00eecheur pour Series 6 et Hanger - Bantam","og_description":"Recharge Duo Family avec parfum fra\u00eecheur pour Series 6 et HangerRecharge pour les d\u00e9shumidificateurs Absodry Series 6 et Absodry Hanger avec deux sachets de 600 g au parfum frais. Une charge suffit pour 1 \u00e0 3 mois, selon le taux d&rsquo;humidit\u00e9 de l&rsquo;air.","og_url":"https:\/\/shop.bantam.ch\/fr\/produit\/recharge-duo-family-avec-parfum-fraicheur-pour-series-6-et-hanger\/","og_site_name":"Bantam","article_modified_time":"2026-05-02T21:24:41+00:00","twitter_card":"summary_large_image","schema":{"@context":"https:\/\/schema.org","@graph":[{"@type":"WebPage","@id":"https:\/\/shop.bantam.ch\/fr\/produit\/recharge-duo-family-avec-parfum-fraicheur-pour-series-6-et-hanger\/","url":"https:\/\/shop.bantam.ch\/fr\/produit\/recharge-duo-family-avec-parfum-fraicheur-pour-series-6-et-hanger\/","name":"Recharge Duo Family avec parfum fra\u00eecheur pour Series 6 et Hanger - Bantam","isPartOf":{"@id":"https:\/\/shop.bantam.ch\/fr\/#website"},"primaryImageOfPage":{"@id":"https:\/\/shop.bantam.ch\/fr\/produit\/recharge-duo-family-avec-parfum-fraicheur-pour-series-6-et-hanger\/#primaryimage"},"image":{"@id":"https:\/\/shop.bantam.ch\/fr\/produit\/recharge-duo-family-avec-parfum-fraicheur-pour-series-6-et-hanger\/#primaryimage"},"thumbnailUrl":"https:\/\/shop.bantam.ch\/wp-content\/uploads\/2025\/03\/Movera-L-9966282100.jpg","datePublished":"2025-03-14T15:33:05+00:00","dateModified":"2026-05-02T21:24:41+00:00","breadcrumb":{"@id":"https:\/\/shop.bantam.ch\/fr\/produit\/recharge-duo-family-avec-parfum-fraicheur-pour-series-6-et-hanger\/#breadcrumb"},"inLanguage":"fr-FR","potentialAction":[{"@type":"ReadAction","target":["https:\/\/shop.bantam.ch\/fr\/produit\/recharge-duo-family-avec-parfum-fraicheur-pour-series-6-et-hanger\/"]}]},{"@type":"ImageObject","inLanguage":"fr-FR","@id":"https:\/\/shop.bantam.ch\/fr\/produit\/recharge-duo-family-avec-parfum-fraicheur-pour-series-6-et-hanger\/#primaryimage","url":"https:\/\/shop.bantam.ch\/wp-content\/uploads\/2025\/03\/Movera-L-9966282100.jpg","contentUrl":"https:\/\/shop.bantam.ch\/wp-content\/uploads\/2025\/03\/Movera-L-9966282100.jpg","width":640,"height":594},{"@type":"BreadcrumbList","@id":"https:\/\/shop.bantam.ch\/fr\/produit\/recharge-duo-family-avec-parfum-fraicheur-pour-series-6-et-hanger\/#breadcrumb","itemListElement":[{"@type":"ListItem","position":1,"name":"Accueil","item":"https:\/\/shop.bantam.ch\/fr\/"},{"@type":"ListItem","position":2,"name":"Boutique","item":"https:\/\/shop.bantam.ch\/fr\/boutique\/"},{"@type":"ListItem","position":3,"name":"Recharge Duo Family avec parfum fra\u00eecheur pour Series 6 et Hanger"}]},{"@type":"WebSite","@id":"https:\/\/shop.bantam.ch\/fr\/#website","url":"https:\/\/shop.bantam.ch\/fr\/","name":"Bantam","description":"","publisher":{"@id":"https:\/\/shop.bantam.ch\/fr\/#organization"},"inLanguage":"fr-FR"},{"@type":"Organization","@id":"https:\/\/shop.bantam.ch\/fr\/#organization","name":"Bantam","url":"https:\/\/shop.bantam.ch\/fr\/","logo":{"@type":"ImageObject","inLanguage":"fr-FR","@id":"https:\/\/shop.bantam.ch\/fr\/#\/schema\/logo\/image\/","url":"https:\/\/shop.bantam.ch\/wp-content\/uploads\/2022\/12\/bantam-logo.png","contentUrl":"https:\/\/shop.bantam.ch\/wp-content\/uploads\/2022\/12\/bantam-logo.png","width":320,"height":71,"caption":"Bantam"},"image":{"@id":"https:\/\/shop.bantam.ch\/fr\/#\/schema\/logo\/image\/"}}]}},"_links":{"self":[{"href":"https:\/\/shop.bantam.ch\/fr\/wp-json\/wp\/v2\/product\/215326","targetHints":{"allow":["GET"]}}],"collection":[{"href":"https:\/\/shop.bantam.ch\/fr\/wp-json\/wp\/v2\/product"}],"about":[{"href":"https:\/\/shop.bantam.ch\/fr\/wp-json\/wp\/v2\/types\/product"}],"wp:featuredmedia":[{"embeddable":true,"href":"https:\/\/shop.bantam.ch\/fr\/wp-json\/wp\/v2\/media\/215324"}],"wp:attachment":[{"href":"https:\/\/shop.bantam.ch\/fr\/wp-json\/wp\/v2\/media?parent=215326"}],"wp:term":[{"taxonomy":"product_featured_cat","embeddable":true,"href":"https:\/\/shop.bantam.ch\/fr\/wp-json\/wp\/v2\/product_featured_cat?post=215326"},{"taxonomy":"product_brand","embeddable":true,"href":"https:\/\/shop.bantam.ch\/fr\/wp-json\/wp\/v2\/product_brand?post=215326"},{"taxonomy":"product_cat","embeddable":true,"href":"https:\/\/shop.bantam.ch\/fr\/wp-json\/wp\/v2\/product_cat?post=215326"},{"taxonomy":"product_tag","embeddable":true,"href":"https:\/\/shop.bantam.ch\/fr\/wp-json\/wp\/v2\/product_tag?post=215326"}],"curies":[{"name":"wp","href":"https:\/\/api.w.org\/{rel}","templated":true}]}}