{"id":215318,"date":"2025-03-14T16:32:51","date_gmt":"2025-03-14T15:32:51","guid":{"rendered":"https:\/\/shop.bantam.ch\/produit\/deshumidificateur-duo-family-hanger-pour-armoires\/"},"modified":"2026-05-02T23:24:41","modified_gmt":"2026-05-02T21:24:41","slug":"deshumidificateur-duo-family-hanger-pour-armoires","status":"publish","type":"product","link":"https:\/\/shop.bantam.ch\/fr\/produit\/deshumidificateur-duo-family-hanger-pour-armoires\/","title":{"rendered":"D\u00e9shumidificateur Duo Family Hanger pour armoires"},"content":{"rendered":"<p>ABSODRY\u00ae DUO FAMILY Hanger est un d\u00e9shumidificateur \u00e9l\u00e9gant pour les armoires \u00e0 v\u00eatements. Il assure un climat optimal dans l&rsquo;armoire pour que le linge reste frais le plus longtemps possible et pour \u00e9viter les odeurs de moisi.<\/p>\n<p>Le d\u00e9shumidificateur du fabricant su\u00e9dois Everbrand Sweden utilise des sacs de granul\u00e9s absorbant l&rsquo;humidit\u00e9 pour \u00e9liminer l&rsquo;exc\u00e8s d&rsquo;humidit\u00e9. Le chlorure de calcium contenu dans un sac en non-tiss\u00e9 extrait l&rsquo;humidit\u00e9 de l&rsquo;air, qui est recueillie dans le r\u00e9servoir d&rsquo;eau, et ce sans bruit, sans \u00e9lectricit\u00e9 et sans odeurs. Une charge suffit pour 1 \u00e0 3 mois, selon le taux d&rsquo;humidit\u00e9 de l&rsquo;air. Les sachets de granul\u00e9s vides peuvent \u00eatre facilement jet\u00e9s avec les ordures m\u00e9nag\u00e8res.<\/p>\n<p>Le bo\u00eetier est compos\u00e9 \u00e0 96 % de granul\u00e9s plastiques recycl\u00e9s et l&#8217;emballage \u00e0 88 % de mat\u00e9riaux recycl\u00e9s.<\/p>\n","protected":false},"excerpt":{"rendered":"<p>ABSODRY\u00ae DUO FAMILY Hanger est un d\u00e9shumidificateur \u00e9l\u00e9gant pour les armoires \u00e0 v\u00eatements. Il assure un climat optimal dans l&rsquo;armoire pour que le linge reste frais le plus longtemps possible et pour \u00e9viter les odeurs de moisi. Le d\u00e9shumidificateur du fabricant su\u00e9dois Everbrand Sweden utilise des sacs de granul\u00e9s absorbant l&rsquo;humidit\u00e9 pour \u00e9liminer l&rsquo;exc\u00e8s d&rsquo;humidit\u00e9. [&hellip;]<\/p>\n","protected":false},"featured_media":215314,"template":"","meta":{"_acf_changed":false},"product_featured_cat":[],"product_brand":[],"product_cat":[4007],"product_tag":[],"class_list":{"0":"post-215318","1":"product","2":"type-product","3":"status-publish","4":"has-post-thumbnail","6":"product_cat-deshumidificateurs","8":"first","9":"instock","10":"taxable","11":"shipping-taxable","12":"purchasable","13":"product-type-simple"},"acf":[],"yoast_head":"<!-- This site is optimized with the Yoast SEO plugin v27.5 - https:\/\/yoast.com\/product\/yoast-seo-wordpress\/ -->\n<title>D\u00e9shumidificateur Duo Family Hanger pour armoires - Bantam<\/title>\n<meta name=\"robots\" content=\"index, follow, max-snippet:-1, max-image-preview:large, max-video-preview:-1\" \/>\n<link rel=\"canonical\" href=\"https:\/\/shop.bantam.ch\/fr\/produit\/deshumidificateur-duo-family-hanger-pour-armoires\/\" \/>\n<meta property=\"og:locale\" content=\"fr_FR\" \/>\n<meta property=\"og:type\" content=\"article\" \/>\n<meta property=\"og:title\" content=\"D\u00e9shumidificateur Duo Family Hanger pour armoires - Bantam\" \/>\n<meta property=\"og:description\" content=\"ABSODRY\u00ae DUO FAMILY Hanger est un d\u00e9shumidificateur \u00e9l\u00e9gant pour les armoires \u00e0 v\u00eatements. Il assure un climat optimal dans l&rsquo;armoire pour que le linge reste frais le plus longtemps possible et pour \u00e9viter les odeurs de moisi. Le d\u00e9shumidificateur du fabricant su\u00e9dois Everbrand Sweden utilise des sacs de granul\u00e9s absorbant l&rsquo;humidit\u00e9 pour \u00e9liminer l&rsquo;exc\u00e8s d&rsquo;humidit\u00e9. [&hellip;]\" \/>\n<meta property=\"og:url\" content=\"https:\/\/shop.bantam.ch\/fr\/produit\/deshumidificateur-duo-family-hanger-pour-armoires\/\" \/>\n<meta property=\"og:site_name\" content=\"Bantam\" \/>\n<meta property=\"article:modified_time\" content=\"2026-05-02T21:24:41+00:00\" \/>\n<meta name=\"twitter:card\" content=\"summary_large_image\" \/>\n<meta name=\"twitter:label1\" content=\"Dur\u00e9e de lecture estim\u00e9e\" \/>\n\t<meta name=\"twitter:data1\" content=\"1 minute\" \/>\n<script type=\"application\/ld+json\" class=\"yoast-schema-graph\">{\"@context\":\"https:\\\/\\\/schema.org\",\"@graph\":[{\"@type\":\"WebPage\",\"@id\":\"https:\\\/\\\/shop.bantam.ch\\\/fr\\\/produit\\\/deshumidificateur-duo-family-hanger-pour-armoires\\\/\",\"url\":\"https:\\\/\\\/shop.bantam.ch\\\/fr\\\/produit\\\/deshumidificateur-duo-family-hanger-pour-armoires\\\/\",\"name\":\"D\u00e9shumidificateur Duo Family Hanger pour armoires - Bantam\",\"isPartOf\":{\"@id\":\"https:\\\/\\\/shop.bantam.ch\\\/fr\\\/#website\"},\"primaryImageOfPage\":{\"@id\":\"https:\\\/\\\/shop.bantam.ch\\\/fr\\\/produit\\\/deshumidificateur-duo-family-hanger-pour-armoires\\\/#primaryimage\"},\"image\":{\"@id\":\"https:\\\/\\\/shop.bantam.ch\\\/fr\\\/produit\\\/deshumidificateur-duo-family-hanger-pour-armoires\\\/#primaryimage\"},\"thumbnailUrl\":\"https:\\\/\\\/shop.bantam.ch\\\/wp-content\\\/uploads\\\/2025\\\/03\\\/Movera-L-9966279100.jpg\",\"datePublished\":\"2025-03-14T15:32:51+00:00\",\"dateModified\":\"2026-05-02T21:24:41+00:00\",\"breadcrumb\":{\"@id\":\"https:\\\/\\\/shop.bantam.ch\\\/fr\\\/produit\\\/deshumidificateur-duo-family-hanger-pour-armoires\\\/#breadcrumb\"},\"inLanguage\":\"fr-FR\",\"potentialAction\":[{\"@type\":\"ReadAction\",\"target\":[\"https:\\\/\\\/shop.bantam.ch\\\/fr\\\/produit\\\/deshumidificateur-duo-family-hanger-pour-armoires\\\/\"]}]},{\"@type\":\"ImageObject\",\"inLanguage\":\"fr-FR\",\"@id\":\"https:\\\/\\\/shop.bantam.ch\\\/fr\\\/produit\\\/deshumidificateur-duo-family-hanger-pour-armoires\\\/#primaryimage\",\"url\":\"https:\\\/\\\/shop.bantam.ch\\\/wp-content\\\/uploads\\\/2025\\\/03\\\/Movera-L-9966279100.jpg\",\"contentUrl\":\"https:\\\/\\\/shop.bantam.ch\\\/wp-content\\\/uploads\\\/2025\\\/03\\\/Movera-L-9966279100.jpg\",\"width\":640,\"height\":1103},{\"@type\":\"BreadcrumbList\",\"@id\":\"https:\\\/\\\/shop.bantam.ch\\\/fr\\\/produit\\\/deshumidificateur-duo-family-hanger-pour-armoires\\\/#breadcrumb\",\"itemListElement\":[{\"@type\":\"ListItem\",\"position\":1,\"name\":\"Accueil\",\"item\":\"https:\\\/\\\/shop.bantam.ch\\\/fr\\\/\"},{\"@type\":\"ListItem\",\"position\":2,\"name\":\"Boutique\",\"item\":\"https:\\\/\\\/shop.bantam.ch\\\/fr\\\/boutique\\\/\"},{\"@type\":\"ListItem\",\"position\":3,\"name\":\"D\u00e9shumidificateur Duo Family Hanger pour armoires\"}]},{\"@type\":\"WebSite\",\"@id\":\"https:\\\/\\\/shop.bantam.ch\\\/fr\\\/#website\",\"url\":\"https:\\\/\\\/shop.bantam.ch\\\/fr\\\/\",\"name\":\"Bantam\",\"description\":\"\",\"publisher\":{\"@id\":\"https:\\\/\\\/shop.bantam.ch\\\/fr\\\/#organization\"},\"inLanguage\":\"fr-FR\"},{\"@type\":\"Organization\",\"@id\":\"https:\\\/\\\/shop.bantam.ch\\\/fr\\\/#organization\",\"name\":\"Bantam\",\"url\":\"https:\\\/\\\/shop.bantam.ch\\\/fr\\\/\",\"logo\":{\"@type\":\"ImageObject\",\"inLanguage\":\"fr-FR\",\"@id\":\"https:\\\/\\\/shop.bantam.ch\\\/fr\\\/#\\\/schema\\\/logo\\\/image\\\/\",\"url\":\"https:\\\/\\\/shop.bantam.ch\\\/wp-content\\\/uploads\\\/2022\\\/12\\\/bantam-logo.png\",\"contentUrl\":\"https:\\\/\\\/shop.bantam.ch\\\/wp-content\\\/uploads\\\/2022\\\/12\\\/bantam-logo.png\",\"width\":320,\"height\":71,\"caption\":\"Bantam\"},\"image\":{\"@id\":\"https:\\\/\\\/shop.bantam.ch\\\/fr\\\/#\\\/schema\\\/logo\\\/image\\\/\"}}]}<\/script>\n<!-- \/ Yoast SEO plugin. -->","yoast_head_json":{"title":"D\u00e9shumidificateur Duo Family Hanger pour armoires - Bantam","robots":{"index":"index","follow":"follow","max-snippet":"max-snippet:-1","max-image-preview":"max-image-preview:large","max-video-preview":"max-video-preview:-1"},"canonical":"https:\/\/shop.bantam.ch\/fr\/produit\/deshumidificateur-duo-family-hanger-pour-armoires\/","og_locale":"fr_FR","og_type":"article","og_title":"D\u00e9shumidificateur Duo Family Hanger pour armoires - Bantam","og_description":"ABSODRY\u00ae DUO FAMILY Hanger est un d\u00e9shumidificateur \u00e9l\u00e9gant pour les armoires \u00e0 v\u00eatements. Il assure un climat optimal dans l&rsquo;armoire pour que le linge reste frais le plus longtemps possible et pour \u00e9viter les odeurs de moisi. Le d\u00e9shumidificateur du fabricant su\u00e9dois Everbrand Sweden utilise des sacs de granul\u00e9s absorbant l&rsquo;humidit\u00e9 pour \u00e9liminer l&rsquo;exc\u00e8s d&rsquo;humidit\u00e9. [&hellip;]","og_url":"https:\/\/shop.bantam.ch\/fr\/produit\/deshumidificateur-duo-family-hanger-pour-armoires\/","og_site_name":"Bantam","article_modified_time":"2026-05-02T21:24:41+00:00","twitter_card":"summary_large_image","twitter_misc":{"Dur\u00e9e de lecture estim\u00e9e":"1 minute"},"schema":{"@context":"https:\/\/schema.org","@graph":[{"@type":"WebPage","@id":"https:\/\/shop.bantam.ch\/fr\/produit\/deshumidificateur-duo-family-hanger-pour-armoires\/","url":"https:\/\/shop.bantam.ch\/fr\/produit\/deshumidificateur-duo-family-hanger-pour-armoires\/","name":"D\u00e9shumidificateur Duo Family Hanger pour armoires - Bantam","isPartOf":{"@id":"https:\/\/shop.bantam.ch\/fr\/#website"},"primaryImageOfPage":{"@id":"https:\/\/shop.bantam.ch\/fr\/produit\/deshumidificateur-duo-family-hanger-pour-armoires\/#primaryimage"},"image":{"@id":"https:\/\/shop.bantam.ch\/fr\/produit\/deshumidificateur-duo-family-hanger-pour-armoires\/#primaryimage"},"thumbnailUrl":"https:\/\/shop.bantam.ch\/wp-content\/uploads\/2025\/03\/Movera-L-9966279100.jpg","datePublished":"2025-03-14T15:32:51+00:00","dateModified":"2026-05-02T21:24:41+00:00","breadcrumb":{"@id":"https:\/\/shop.bantam.ch\/fr\/produit\/deshumidificateur-duo-family-hanger-pour-armoires\/#breadcrumb"},"inLanguage":"fr-FR","potentialAction":[{"@type":"ReadAction","target":["https:\/\/shop.bantam.ch\/fr\/produit\/deshumidificateur-duo-family-hanger-pour-armoires\/"]}]},{"@type":"ImageObject","inLanguage":"fr-FR","@id":"https:\/\/shop.bantam.ch\/fr\/produit\/deshumidificateur-duo-family-hanger-pour-armoires\/#primaryimage","url":"https:\/\/shop.bantam.ch\/wp-content\/uploads\/2025\/03\/Movera-L-9966279100.jpg","contentUrl":"https:\/\/shop.bantam.ch\/wp-content\/uploads\/2025\/03\/Movera-L-9966279100.jpg","width":640,"height":1103},{"@type":"BreadcrumbList","@id":"https:\/\/shop.bantam.ch\/fr\/produit\/deshumidificateur-duo-family-hanger-pour-armoires\/#breadcrumb","itemListElement":[{"@type":"ListItem","position":1,"name":"Accueil","item":"https:\/\/shop.bantam.ch\/fr\/"},{"@type":"ListItem","position":2,"name":"Boutique","item":"https:\/\/shop.bantam.ch\/fr\/boutique\/"},{"@type":"ListItem","position":3,"name":"D\u00e9shumidificateur Duo Family Hanger pour armoires"}]},{"@type":"WebSite","@id":"https:\/\/shop.bantam.ch\/fr\/#website","url":"https:\/\/shop.bantam.ch\/fr\/","name":"Bantam","description":"","publisher":{"@id":"https:\/\/shop.bantam.ch\/fr\/#organization"},"inLanguage":"fr-FR"},{"@type":"Organization","@id":"https:\/\/shop.bantam.ch\/fr\/#organization","name":"Bantam","url":"https:\/\/shop.bantam.ch\/fr\/","logo":{"@type":"ImageObject","inLanguage":"fr-FR","@id":"https:\/\/shop.bantam.ch\/fr\/#\/schema\/logo\/image\/","url":"https:\/\/shop.bantam.ch\/wp-content\/uploads\/2022\/12\/bantam-logo.png","contentUrl":"https:\/\/shop.bantam.ch\/wp-content\/uploads\/2022\/12\/bantam-logo.png","width":320,"height":71,"caption":"Bantam"},"image":{"@id":"https:\/\/shop.bantam.ch\/fr\/#\/schema\/logo\/image\/"}}]}},"_links":{"self":[{"href":"https:\/\/shop.bantam.ch\/fr\/wp-json\/wp\/v2\/product\/215318","targetHints":{"allow":["GET"]}}],"collection":[{"href":"https:\/\/shop.bantam.ch\/fr\/wp-json\/wp\/v2\/product"}],"about":[{"href":"https:\/\/shop.bantam.ch\/fr\/wp-json\/wp\/v2\/types\/product"}],"wp:featuredmedia":[{"embeddable":true,"href":"https:\/\/shop.bantam.ch\/fr\/wp-json\/wp\/v2\/media\/215314"}],"wp:attachment":[{"href":"https:\/\/shop.bantam.ch\/fr\/wp-json\/wp\/v2\/media?parent=215318"}],"wp:term":[{"taxonomy":"product_featured_cat","embeddable":true,"href":"https:\/\/shop.bantam.ch\/fr\/wp-json\/wp\/v2\/product_featured_cat?post=215318"},{"taxonomy":"product_brand","embeddable":true,"href":"https:\/\/shop.bantam.ch\/fr\/wp-json\/wp\/v2\/product_brand?post=215318"},{"taxonomy":"product_cat","embeddable":true,"href":"https:\/\/shop.bantam.ch\/fr\/wp-json\/wp\/v2\/product_cat?post=215318"},{"taxonomy":"product_tag","embeddable":true,"href":"https:\/\/shop.bantam.ch\/fr\/wp-json\/wp\/v2\/product_tag?post=215318"}],"curies":[{"name":"wp","href":"https:\/\/api.w.org\/{rel}","templated":true}]}}