{"id":214981,"date":"2025-03-14T16:22:54","date_gmt":"2025-03-14T15:22:54","guid":{"rendered":"https:\/\/shop.bantam.ch\/produit\/glaciere-a-compresseur-antarion-avec-batterie\/"},"modified":"2026-04-19T02:01:42","modified_gmt":"2026-04-19T00:01:42","slug":"glaciere-a-compresseur-antarion-avec-batterie","status":"publish","type":"product","link":"https:\/\/shop.bantam.ch\/fr\/produit\/glaciere-a-compresseur-antarion-avec-batterie\/","title":{"rendered":"Glaci\u00e8re \u00e0 compresseur Antarion avec batterie"},"content":{"rendered":"<p>Les r\u00e9frig\u00e9rateurs portables d&rsquo;Antarion sont \u00e9quip\u00e9s d&rsquo;un compresseur qui assure une excellente capacit\u00e9 de r\u00e9frig\u00e9ration.<br \/>\nLa poign\u00e9e t\u00e9lescopique et les deux roues les rendent faciles \u00e0 utiliser et robustes. Ils peuvent accueillir une batterie au lithium amovible qui permet une autonomie allant jusqu&rsquo;\u00e0 6 heures. La batterie peut \u00eatre recharg\u00e9e via une prise 12 V ou une fiche secteur.<\/p>\n<\/p>\n<p>-indicateur LED avec port USB 5 V &#8211; 1 A.<\/p>\n<p>-transformateur 12 \/ 24 V \/ 230 V et pile au lithium inclus.<\/p>\n<p>-Pile au lithium pour glaci\u00e8re \u00e0 compresseur : Capacit\u00e9 de la batterie : 15,6 Ah \/ 173,6 Wh. Dimensions : 132 x 90 x 78 cm. Poids 1,05 kg<\/p>\n","protected":false},"excerpt":{"rendered":"<p>Les r\u00e9frig\u00e9rateurs portables d&rsquo;Antarion sont \u00e9quip\u00e9s d&rsquo;un compresseur qui assure une excellente capacit\u00e9 de r\u00e9frig\u00e9ration. La poign\u00e9e t\u00e9lescopique et les deux roues les rendent faciles \u00e0 utiliser et robustes. Ils peuvent accueillir une batterie au lithium amovible qui permet une autonomie allant jusqu&rsquo;\u00e0 6 heures. La batterie peut \u00eatre recharg\u00e9e via une prise 12 V [&hellip;]<\/p>\n","protected":false},"featured_media":214973,"template":"","meta":{"_acf_changed":false},"product_featured_cat":[],"product_brand":[],"product_cat":[4545],"product_tag":[],"class_list":{"0":"post-214981","1":"product","2":"type-product","3":"status-publish","4":"has-post-thumbnail","6":"product_cat-glacieres-a-compression","8":"first","9":"instock","10":"taxable","11":"shipping-taxable","12":"purchasable","13":"product-type-variable"},"acf":[],"yoast_head":"<!-- This site is optimized with the Yoast SEO plugin v27.4 - https:\/\/yoast.com\/product\/yoast-seo-wordpress\/ -->\n<title>Glaci\u00e8re \u00e0 compresseur Antarion avec batterie - Bantam Wankm\u00fcller SA<\/title>\n<meta name=\"robots\" content=\"index, follow, max-snippet:-1, max-image-preview:large, max-video-preview:-1\" \/>\n<link rel=\"canonical\" href=\"https:\/\/shop.bantam.ch\/fr\/produit\/glaciere-a-compresseur-antarion-avec-batterie\/\" \/>\n<meta property=\"og:locale\" content=\"fr_FR\" \/>\n<meta property=\"og:type\" content=\"article\" \/>\n<meta property=\"og:title\" content=\"Glaci\u00e8re \u00e0 compresseur Antarion avec batterie - Bantam Wankm\u00fcller SA\" \/>\n<meta property=\"og:description\" content=\"Les r\u00e9frig\u00e9rateurs portables d&rsquo;Antarion sont \u00e9quip\u00e9s d&rsquo;un compresseur qui assure une excellente capacit\u00e9 de r\u00e9frig\u00e9ration. La poign\u00e9e t\u00e9lescopique et les deux roues les rendent faciles \u00e0 utiliser et robustes. Ils peuvent accueillir une batterie au lithium amovible qui permet une autonomie allant jusqu&rsquo;\u00e0 6 heures. La batterie peut \u00eatre recharg\u00e9e via une prise 12 V [&hellip;]\" \/>\n<meta property=\"og:url\" content=\"https:\/\/shop.bantam.ch\/fr\/produit\/glaciere-a-compresseur-antarion-avec-batterie\/\" \/>\n<meta property=\"og:site_name\" content=\"Bantam Wankm\u00fcller SA\" \/>\n<meta property=\"article:modified_time\" content=\"2026-04-19T00:01:42+00:00\" \/>\n<meta name=\"twitter:card\" content=\"summary_large_image\" \/>\n<script type=\"application\/ld+json\" class=\"yoast-schema-graph\">{\"@context\":\"https:\\\/\\\/schema.org\",\"@graph\":[{\"@type\":\"WebPage\",\"@id\":\"https:\\\/\\\/shop.bantam.ch\\\/fr\\\/produit\\\/glaciere-a-compresseur-antarion-avec-batterie\\\/\",\"url\":\"https:\\\/\\\/shop.bantam.ch\\\/fr\\\/produit\\\/glaciere-a-compresseur-antarion-avec-batterie\\\/\",\"name\":\"Glaci\u00e8re \u00e0 compresseur Antarion avec batterie - Bantam Wankm\u00fcller SA\",\"isPartOf\":{\"@id\":\"https:\\\/\\\/shop.bantam.ch\\\/fr\\\/#website\"},\"primaryImageOfPage\":{\"@id\":\"https:\\\/\\\/shop.bantam.ch\\\/fr\\\/produit\\\/glaciere-a-compresseur-antarion-avec-batterie\\\/#primaryimage\"},\"image\":{\"@id\":\"https:\\\/\\\/shop.bantam.ch\\\/fr\\\/produit\\\/glaciere-a-compresseur-antarion-avec-batterie\\\/#primaryimage\"},\"thumbnailUrl\":\"https:\\\/\\\/shop.bantam.ch\\\/wp-content\\\/uploads\\\/2025\\\/03\\\/Movera-L-9962873100.png\",\"datePublished\":\"2025-03-14T15:22:54+00:00\",\"dateModified\":\"2026-04-19T00:01:42+00:00\",\"breadcrumb\":{\"@id\":\"https:\\\/\\\/shop.bantam.ch\\\/fr\\\/produit\\\/glaciere-a-compresseur-antarion-avec-batterie\\\/#breadcrumb\"},\"inLanguage\":\"fr-FR\",\"potentialAction\":[{\"@type\":\"ReadAction\",\"target\":[\"https:\\\/\\\/shop.bantam.ch\\\/fr\\\/produit\\\/glaciere-a-compresseur-antarion-avec-batterie\\\/\"]}]},{\"@type\":\"ImageObject\",\"inLanguage\":\"fr-FR\",\"@id\":\"https:\\\/\\\/shop.bantam.ch\\\/fr\\\/produit\\\/glaciere-a-compresseur-antarion-avec-batterie\\\/#primaryimage\",\"url\":\"https:\\\/\\\/shop.bantam.ch\\\/wp-content\\\/uploads\\\/2025\\\/03\\\/Movera-L-9962873100.png\",\"contentUrl\":\"https:\\\/\\\/shop.bantam.ch\\\/wp-content\\\/uploads\\\/2025\\\/03\\\/Movera-L-9962873100.png\",\"width\":640,\"height\":426},{\"@type\":\"BreadcrumbList\",\"@id\":\"https:\\\/\\\/shop.bantam.ch\\\/fr\\\/produit\\\/glaciere-a-compresseur-antarion-avec-batterie\\\/#breadcrumb\",\"itemListElement\":[{\"@type\":\"ListItem\",\"position\":1,\"name\":\"Accueil\",\"item\":\"https:\\\/\\\/shop.bantam.ch\\\/fr\\\/\"},{\"@type\":\"ListItem\",\"position\":2,\"name\":\"Boutique\",\"item\":\"https:\\\/\\\/shop.bantam.ch\\\/fr\\\/boutique\\\/\"},{\"@type\":\"ListItem\",\"position\":3,\"name\":\"Glaci\u00e8re \u00e0 compresseur Antarion avec batterie\"}]},{\"@type\":\"WebSite\",\"@id\":\"https:\\\/\\\/shop.bantam.ch\\\/fr\\\/#website\",\"url\":\"https:\\\/\\\/shop.bantam.ch\\\/fr\\\/\",\"name\":\"Bantam Wankm\u00fcller SA\",\"description\":\"\",\"publisher\":{\"@id\":\"https:\\\/\\\/shop.bantam.ch\\\/fr\\\/#organization\"},\"inLanguage\":\"fr-FR\"},{\"@type\":\"Organization\",\"@id\":\"https:\\\/\\\/shop.bantam.ch\\\/fr\\\/#organization\",\"name\":\"Bantam Wankm\u00fcller SA\",\"url\":\"https:\\\/\\\/shop.bantam.ch\\\/fr\\\/\",\"logo\":{\"@type\":\"ImageObject\",\"inLanguage\":\"fr-FR\",\"@id\":\"https:\\\/\\\/shop.bantam.ch\\\/fr\\\/#\\\/schema\\\/logo\\\/image\\\/\",\"url\":\"https:\\\/\\\/shop.bantam.ch\\\/wp-content\\\/uploads\\\/2022\\\/12\\\/bantam-logo.png\",\"contentUrl\":\"https:\\\/\\\/shop.bantam.ch\\\/wp-content\\\/uploads\\\/2022\\\/12\\\/bantam-logo.png\",\"width\":320,\"height\":71,\"caption\":\"Bantam Wankm\u00fcller SA\"},\"image\":{\"@id\":\"https:\\\/\\\/shop.bantam.ch\\\/fr\\\/#\\\/schema\\\/logo\\\/image\\\/\"}}]}<\/script>\n<!-- \/ Yoast SEO plugin. -->","yoast_head_json":{"title":"Glaci\u00e8re \u00e0 compresseur Antarion avec batterie - Bantam Wankm\u00fcller SA","robots":{"index":"index","follow":"follow","max-snippet":"max-snippet:-1","max-image-preview":"max-image-preview:large","max-video-preview":"max-video-preview:-1"},"canonical":"https:\/\/shop.bantam.ch\/fr\/produit\/glaciere-a-compresseur-antarion-avec-batterie\/","og_locale":"fr_FR","og_type":"article","og_title":"Glaci\u00e8re \u00e0 compresseur Antarion avec batterie - Bantam Wankm\u00fcller SA","og_description":"Les r\u00e9frig\u00e9rateurs portables d&rsquo;Antarion sont \u00e9quip\u00e9s d&rsquo;un compresseur qui assure une excellente capacit\u00e9 de r\u00e9frig\u00e9ration. La poign\u00e9e t\u00e9lescopique et les deux roues les rendent faciles \u00e0 utiliser et robustes. Ils peuvent accueillir une batterie au lithium amovible qui permet une autonomie allant jusqu&rsquo;\u00e0 6 heures. La batterie peut \u00eatre recharg\u00e9e via une prise 12 V [&hellip;]","og_url":"https:\/\/shop.bantam.ch\/fr\/produit\/glaciere-a-compresseur-antarion-avec-batterie\/","og_site_name":"Bantam Wankm\u00fcller SA","article_modified_time":"2026-04-19T00:01:42+00:00","twitter_card":"summary_large_image","schema":{"@context":"https:\/\/schema.org","@graph":[{"@type":"WebPage","@id":"https:\/\/shop.bantam.ch\/fr\/produit\/glaciere-a-compresseur-antarion-avec-batterie\/","url":"https:\/\/shop.bantam.ch\/fr\/produit\/glaciere-a-compresseur-antarion-avec-batterie\/","name":"Glaci\u00e8re \u00e0 compresseur Antarion avec batterie - Bantam Wankm\u00fcller SA","isPartOf":{"@id":"https:\/\/shop.bantam.ch\/fr\/#website"},"primaryImageOfPage":{"@id":"https:\/\/shop.bantam.ch\/fr\/produit\/glaciere-a-compresseur-antarion-avec-batterie\/#primaryimage"},"image":{"@id":"https:\/\/shop.bantam.ch\/fr\/produit\/glaciere-a-compresseur-antarion-avec-batterie\/#primaryimage"},"thumbnailUrl":"https:\/\/shop.bantam.ch\/wp-content\/uploads\/2025\/03\/Movera-L-9962873100.png","datePublished":"2025-03-14T15:22:54+00:00","dateModified":"2026-04-19T00:01:42+00:00","breadcrumb":{"@id":"https:\/\/shop.bantam.ch\/fr\/produit\/glaciere-a-compresseur-antarion-avec-batterie\/#breadcrumb"},"inLanguage":"fr-FR","potentialAction":[{"@type":"ReadAction","target":["https:\/\/shop.bantam.ch\/fr\/produit\/glaciere-a-compresseur-antarion-avec-batterie\/"]}]},{"@type":"ImageObject","inLanguage":"fr-FR","@id":"https:\/\/shop.bantam.ch\/fr\/produit\/glaciere-a-compresseur-antarion-avec-batterie\/#primaryimage","url":"https:\/\/shop.bantam.ch\/wp-content\/uploads\/2025\/03\/Movera-L-9962873100.png","contentUrl":"https:\/\/shop.bantam.ch\/wp-content\/uploads\/2025\/03\/Movera-L-9962873100.png","width":640,"height":426},{"@type":"BreadcrumbList","@id":"https:\/\/shop.bantam.ch\/fr\/produit\/glaciere-a-compresseur-antarion-avec-batterie\/#breadcrumb","itemListElement":[{"@type":"ListItem","position":1,"name":"Accueil","item":"https:\/\/shop.bantam.ch\/fr\/"},{"@type":"ListItem","position":2,"name":"Boutique","item":"https:\/\/shop.bantam.ch\/fr\/boutique\/"},{"@type":"ListItem","position":3,"name":"Glaci\u00e8re \u00e0 compresseur Antarion avec batterie"}]},{"@type":"WebSite","@id":"https:\/\/shop.bantam.ch\/fr\/#website","url":"https:\/\/shop.bantam.ch\/fr\/","name":"Bantam Wankm\u00fcller SA","description":"","publisher":{"@id":"https:\/\/shop.bantam.ch\/fr\/#organization"},"inLanguage":"fr-FR"},{"@type":"Organization","@id":"https:\/\/shop.bantam.ch\/fr\/#organization","name":"Bantam Wankm\u00fcller SA","url":"https:\/\/shop.bantam.ch\/fr\/","logo":{"@type":"ImageObject","inLanguage":"fr-FR","@id":"https:\/\/shop.bantam.ch\/fr\/#\/schema\/logo\/image\/","url":"https:\/\/shop.bantam.ch\/wp-content\/uploads\/2022\/12\/bantam-logo.png","contentUrl":"https:\/\/shop.bantam.ch\/wp-content\/uploads\/2022\/12\/bantam-logo.png","width":320,"height":71,"caption":"Bantam Wankm\u00fcller SA"},"image":{"@id":"https:\/\/shop.bantam.ch\/fr\/#\/schema\/logo\/image\/"}}]}},"_links":{"self":[{"href":"https:\/\/shop.bantam.ch\/fr\/wp-json\/wp\/v2\/product\/214981","targetHints":{"allow":["GET"]}}],"collection":[{"href":"https:\/\/shop.bantam.ch\/fr\/wp-json\/wp\/v2\/product"}],"about":[{"href":"https:\/\/shop.bantam.ch\/fr\/wp-json\/wp\/v2\/types\/product"}],"wp:featuredmedia":[{"embeddable":true,"href":"https:\/\/shop.bantam.ch\/fr\/wp-json\/wp\/v2\/media\/214973"}],"wp:attachment":[{"href":"https:\/\/shop.bantam.ch\/fr\/wp-json\/wp\/v2\/media?parent=214981"}],"wp:term":[{"taxonomy":"product_featured_cat","embeddable":true,"href":"https:\/\/shop.bantam.ch\/fr\/wp-json\/wp\/v2\/product_featured_cat?post=214981"},{"taxonomy":"product_brand","embeddable":true,"href":"https:\/\/shop.bantam.ch\/fr\/wp-json\/wp\/v2\/product_brand?post=214981"},{"taxonomy":"product_cat","embeddable":true,"href":"https:\/\/shop.bantam.ch\/fr\/wp-json\/wp\/v2\/product_cat?post=214981"},{"taxonomy":"product_tag","embeddable":true,"href":"https:\/\/shop.bantam.ch\/fr\/wp-json\/wp\/v2\/product_tag?post=214981"}],"curies":[{"name":"wp","href":"https:\/\/api.w.org\/{rel}","templated":true}]}}