{"id":214935,"date":"2025-03-14T16:22:05","date_gmt":"2025-03-14T15:22:05","guid":{"rendered":"https:\/\/shop.bantam.ch\/produit\/glaciere-mr040f-12-230-v-40-l\/"},"modified":"2026-05-02T23:23:43","modified_gmt":"2026-05-02T21:23:43","slug":"glaciere-mr040f-12-230-v-40-l","status":"publish","type":"product","link":"https:\/\/shop.bantam.ch\/fr\/produit\/glaciere-mr040f-12-230-v-40-l\/","title":{"rendered":"Glaci\u00e8re MR040F 12 &#8211; 230 V 40 l"},"content":{"rendered":"<p>La nouvelle glaci\u00e8re Engel MR 040 offre un chiller pratique \u00e0 la place d&rsquo;un compartiment fra\u00eecheur classique !<br \/>\nLa temp\u00e9rature peut \u00eatre r\u00e9gl\u00e9e en continu et l&rsquo;appareil peut \u00eatre utilis\u00e9 aussi bien comme glaci\u00e8re que comme cong\u00e9lateur. La nouvelle fonction innovante No &#8211; Frost emp\u00eache la formation d&rsquo;eau de condensation et, gr\u00e2ce au nouveau syst\u00e8me \u00e9lectronique, elle ne n\u00e9cessite pas de courant de d\u00e9marrage plus \u00e9lev\u00e9, est nettement plus silencieuse et consomme encore nettement moins d&rsquo;\u00e9lectricit\u00e9 !<br \/>\nTout cela fait de la nouvelle glaci\u00e8re Engel un compagnon irrempla\u00e7able lors de votre tour du monde !<br \/>\nLa glaci\u00e8re se compose d&rsquo;un bo\u00eetier en plastique robuste et de la technologie \u00e9prouv\u00e9e d&rsquo;ENGEL. Les poign\u00e9es pratiques sont amovibles et le couvercle peut \u00eatre fix\u00e9 sur les deux c\u00f4t\u00e9s.<br \/>\npeut \u00eatre utilis\u00e9. La pratique MR040F est un partenaire fiable, que ce soit dans le domaine du camping ou de la marine, lors d&rsquo;aventures tout-terrain ou dans la vie de tous les jours.<\/p>\n<ul>\n<li>R\u00e9frig\u00e9ration normale et cong\u00e9lation<\/li>\n<li>Consommation \u00e9lectrique extr\u00eamement faible<\/li>\n<li>Facilit\u00e9 d&rsquo;utilisation<\/li>\n<li>Grande robustesse et longue dur\u00e9e de vie<\/li>\n<li>100% sans entretien<\/li>\n<li>Nettoyage facile gr\u00e2ce aux surfaces lisses<\/li>\n<li>Fonctionnement complet m\u00eame par des temp\u00e9ratures ext\u00e9rieures sup\u00e9rieures \u00e0 50 \u00b0C<\/li>\n<li>Adapt\u00e9 \u00e0 l&rsquo;\u00e9nergie solaire<\/li>\n<\/ul>\n","protected":false},"excerpt":{"rendered":"<p>La nouvelle glaci\u00e8re Engel MR 040 offre un chiller pratique \u00e0 la place d&rsquo;un compartiment fra\u00eecheur classique ! La temp\u00e9rature peut \u00eatre r\u00e9gl\u00e9e en continu et l&rsquo;appareil peut \u00eatre utilis\u00e9 aussi bien comme glaci\u00e8re que comme cong\u00e9lateur. La nouvelle fonction innovante No &#8211; Frost emp\u00eache la formation d&rsquo;eau de condensation et, gr\u00e2ce au nouveau syst\u00e8me [&hellip;]<\/p>\n","protected":false},"featured_media":214929,"template":"","meta":{"_acf_changed":false},"product_featured_cat":[],"product_brand":[],"product_cat":[4545],"product_tag":[],"class_list":{"0":"post-214935","1":"product","2":"type-product","3":"status-publish","4":"has-post-thumbnail","6":"product_cat-glacieres-a-compression","8":"first","9":"instock","10":"taxable","11":"shipping-taxable","12":"purchasable","13":"product-type-simple"},"acf":[],"yoast_head":"<!-- This site is optimized with the Yoast SEO plugin v27.5 - https:\/\/yoast.com\/product\/yoast-seo-wordpress\/ -->\n<title>Glaci\u00e8re MR040F 12 - 230 V 40 l - Bantam<\/title>\n<meta name=\"robots\" content=\"index, follow, max-snippet:-1, max-image-preview:large, max-video-preview:-1\" \/>\n<link rel=\"canonical\" href=\"https:\/\/shop.bantam.ch\/fr\/produit\/glaciere-mr040f-12-230-v-40-l\/\" \/>\n<meta property=\"og:locale\" content=\"fr_FR\" \/>\n<meta property=\"og:type\" content=\"article\" \/>\n<meta property=\"og:title\" content=\"Glaci\u00e8re MR040F 12 - 230 V 40 l - Bantam\" \/>\n<meta property=\"og:description\" content=\"La nouvelle glaci\u00e8re Engel MR 040 offre un chiller pratique \u00e0 la place d&rsquo;un compartiment fra\u00eecheur classique ! La temp\u00e9rature peut \u00eatre r\u00e9gl\u00e9e en continu et l&rsquo;appareil peut \u00eatre utilis\u00e9 aussi bien comme glaci\u00e8re que comme cong\u00e9lateur. La nouvelle fonction innovante No &#8211; Frost emp\u00eache la formation d&rsquo;eau de condensation et, gr\u00e2ce au nouveau syst\u00e8me [&hellip;]\" \/>\n<meta property=\"og:url\" content=\"https:\/\/shop.bantam.ch\/fr\/produit\/glaciere-mr040f-12-230-v-40-l\/\" \/>\n<meta property=\"og:site_name\" content=\"Bantam\" \/>\n<meta property=\"article:modified_time\" content=\"2026-05-02T21:23:43+00:00\" \/>\n<meta name=\"twitter:card\" content=\"summary_large_image\" \/>\n<meta name=\"twitter:label1\" content=\"Dur\u00e9e de lecture estim\u00e9e\" \/>\n\t<meta name=\"twitter:data1\" content=\"1 minute\" \/>\n<script type=\"application\/ld+json\" class=\"yoast-schema-graph\">{\"@context\":\"https:\\\/\\\/schema.org\",\"@graph\":[{\"@type\":\"WebPage\",\"@id\":\"https:\\\/\\\/shop.bantam.ch\\\/fr\\\/produit\\\/glaciere-mr040f-12-230-v-40-l\\\/\",\"url\":\"https:\\\/\\\/shop.bantam.ch\\\/fr\\\/produit\\\/glaciere-mr040f-12-230-v-40-l\\\/\",\"name\":\"Glaci\u00e8re MR040F 12 - 230 V 40 l - Bantam\",\"isPartOf\":{\"@id\":\"https:\\\/\\\/shop.bantam.ch\\\/fr\\\/#website\"},\"primaryImageOfPage\":{\"@id\":\"https:\\\/\\\/shop.bantam.ch\\\/fr\\\/produit\\\/glaciere-mr040f-12-230-v-40-l\\\/#primaryimage\"},\"image\":{\"@id\":\"https:\\\/\\\/shop.bantam.ch\\\/fr\\\/produit\\\/glaciere-mr040f-12-230-v-40-l\\\/#primaryimage\"},\"thumbnailUrl\":\"https:\\\/\\\/shop.bantam.ch\\\/wp-content\\\/uploads\\\/2025\\\/03\\\/Movera-L-9962666100.jpg\",\"datePublished\":\"2025-03-14T15:22:05+00:00\",\"dateModified\":\"2026-05-02T21:23:43+00:00\",\"breadcrumb\":{\"@id\":\"https:\\\/\\\/shop.bantam.ch\\\/fr\\\/produit\\\/glaciere-mr040f-12-230-v-40-l\\\/#breadcrumb\"},\"inLanguage\":\"fr-FR\",\"potentialAction\":[{\"@type\":\"ReadAction\",\"target\":[\"https:\\\/\\\/shop.bantam.ch\\\/fr\\\/produit\\\/glaciere-mr040f-12-230-v-40-l\\\/\"]}]},{\"@type\":\"ImageObject\",\"inLanguage\":\"fr-FR\",\"@id\":\"https:\\\/\\\/shop.bantam.ch\\\/fr\\\/produit\\\/glaciere-mr040f-12-230-v-40-l\\\/#primaryimage\",\"url\":\"https:\\\/\\\/shop.bantam.ch\\\/wp-content\\\/uploads\\\/2025\\\/03\\\/Movera-L-9962666100.jpg\",\"contentUrl\":\"https:\\\/\\\/shop.bantam.ch\\\/wp-content\\\/uploads\\\/2025\\\/03\\\/Movera-L-9962666100.jpg\",\"width\":640,\"height\":546},{\"@type\":\"BreadcrumbList\",\"@id\":\"https:\\\/\\\/shop.bantam.ch\\\/fr\\\/produit\\\/glaciere-mr040f-12-230-v-40-l\\\/#breadcrumb\",\"itemListElement\":[{\"@type\":\"ListItem\",\"position\":1,\"name\":\"Accueil\",\"item\":\"https:\\\/\\\/shop.bantam.ch\\\/fr\\\/\"},{\"@type\":\"ListItem\",\"position\":2,\"name\":\"Boutique\",\"item\":\"https:\\\/\\\/shop.bantam.ch\\\/fr\\\/boutique\\\/\"},{\"@type\":\"ListItem\",\"position\":3,\"name\":\"Glaci\u00e8re MR040F 12 &#8211; 230 V 40 l\"}]},{\"@type\":\"WebSite\",\"@id\":\"https:\\\/\\\/shop.bantam.ch\\\/fr\\\/#website\",\"url\":\"https:\\\/\\\/shop.bantam.ch\\\/fr\\\/\",\"name\":\"Bantam\",\"description\":\"\",\"publisher\":{\"@id\":\"https:\\\/\\\/shop.bantam.ch\\\/fr\\\/#organization\"},\"inLanguage\":\"fr-FR\"},{\"@type\":\"Organization\",\"@id\":\"https:\\\/\\\/shop.bantam.ch\\\/fr\\\/#organization\",\"name\":\"Bantam\",\"url\":\"https:\\\/\\\/shop.bantam.ch\\\/fr\\\/\",\"logo\":{\"@type\":\"ImageObject\",\"inLanguage\":\"fr-FR\",\"@id\":\"https:\\\/\\\/shop.bantam.ch\\\/fr\\\/#\\\/schema\\\/logo\\\/image\\\/\",\"url\":\"https:\\\/\\\/shop.bantam.ch\\\/wp-content\\\/uploads\\\/2022\\\/12\\\/bantam-logo.png\",\"contentUrl\":\"https:\\\/\\\/shop.bantam.ch\\\/wp-content\\\/uploads\\\/2022\\\/12\\\/bantam-logo.png\",\"width\":320,\"height\":71,\"caption\":\"Bantam\"},\"image\":{\"@id\":\"https:\\\/\\\/shop.bantam.ch\\\/fr\\\/#\\\/schema\\\/logo\\\/image\\\/\"}}]}<\/script>\n<!-- \/ Yoast SEO plugin. -->","yoast_head_json":{"title":"Glaci\u00e8re MR040F 12 - 230 V 40 l - Bantam","robots":{"index":"index","follow":"follow","max-snippet":"max-snippet:-1","max-image-preview":"max-image-preview:large","max-video-preview":"max-video-preview:-1"},"canonical":"https:\/\/shop.bantam.ch\/fr\/produit\/glaciere-mr040f-12-230-v-40-l\/","og_locale":"fr_FR","og_type":"article","og_title":"Glaci\u00e8re MR040F 12 - 230 V 40 l - Bantam","og_description":"La nouvelle glaci\u00e8re Engel MR 040 offre un chiller pratique \u00e0 la place d&rsquo;un compartiment fra\u00eecheur classique ! La temp\u00e9rature peut \u00eatre r\u00e9gl\u00e9e en continu et l&rsquo;appareil peut \u00eatre utilis\u00e9 aussi bien comme glaci\u00e8re que comme cong\u00e9lateur. La nouvelle fonction innovante No &#8211; Frost emp\u00eache la formation d&rsquo;eau de condensation et, gr\u00e2ce au nouveau syst\u00e8me [&hellip;]","og_url":"https:\/\/shop.bantam.ch\/fr\/produit\/glaciere-mr040f-12-230-v-40-l\/","og_site_name":"Bantam","article_modified_time":"2026-05-02T21:23:43+00:00","twitter_card":"summary_large_image","twitter_misc":{"Dur\u00e9e de lecture estim\u00e9e":"1 minute"},"schema":{"@context":"https:\/\/schema.org","@graph":[{"@type":"WebPage","@id":"https:\/\/shop.bantam.ch\/fr\/produit\/glaciere-mr040f-12-230-v-40-l\/","url":"https:\/\/shop.bantam.ch\/fr\/produit\/glaciere-mr040f-12-230-v-40-l\/","name":"Glaci\u00e8re MR040F 12 - 230 V 40 l - Bantam","isPartOf":{"@id":"https:\/\/shop.bantam.ch\/fr\/#website"},"primaryImageOfPage":{"@id":"https:\/\/shop.bantam.ch\/fr\/produit\/glaciere-mr040f-12-230-v-40-l\/#primaryimage"},"image":{"@id":"https:\/\/shop.bantam.ch\/fr\/produit\/glaciere-mr040f-12-230-v-40-l\/#primaryimage"},"thumbnailUrl":"https:\/\/shop.bantam.ch\/wp-content\/uploads\/2025\/03\/Movera-L-9962666100.jpg","datePublished":"2025-03-14T15:22:05+00:00","dateModified":"2026-05-02T21:23:43+00:00","breadcrumb":{"@id":"https:\/\/shop.bantam.ch\/fr\/produit\/glaciere-mr040f-12-230-v-40-l\/#breadcrumb"},"inLanguage":"fr-FR","potentialAction":[{"@type":"ReadAction","target":["https:\/\/shop.bantam.ch\/fr\/produit\/glaciere-mr040f-12-230-v-40-l\/"]}]},{"@type":"ImageObject","inLanguage":"fr-FR","@id":"https:\/\/shop.bantam.ch\/fr\/produit\/glaciere-mr040f-12-230-v-40-l\/#primaryimage","url":"https:\/\/shop.bantam.ch\/wp-content\/uploads\/2025\/03\/Movera-L-9962666100.jpg","contentUrl":"https:\/\/shop.bantam.ch\/wp-content\/uploads\/2025\/03\/Movera-L-9962666100.jpg","width":640,"height":546},{"@type":"BreadcrumbList","@id":"https:\/\/shop.bantam.ch\/fr\/produit\/glaciere-mr040f-12-230-v-40-l\/#breadcrumb","itemListElement":[{"@type":"ListItem","position":1,"name":"Accueil","item":"https:\/\/shop.bantam.ch\/fr\/"},{"@type":"ListItem","position":2,"name":"Boutique","item":"https:\/\/shop.bantam.ch\/fr\/boutique\/"},{"@type":"ListItem","position":3,"name":"Glaci\u00e8re MR040F 12 &#8211; 230 V 40 l"}]},{"@type":"WebSite","@id":"https:\/\/shop.bantam.ch\/fr\/#website","url":"https:\/\/shop.bantam.ch\/fr\/","name":"Bantam","description":"","publisher":{"@id":"https:\/\/shop.bantam.ch\/fr\/#organization"},"inLanguage":"fr-FR"},{"@type":"Organization","@id":"https:\/\/shop.bantam.ch\/fr\/#organization","name":"Bantam","url":"https:\/\/shop.bantam.ch\/fr\/","logo":{"@type":"ImageObject","inLanguage":"fr-FR","@id":"https:\/\/shop.bantam.ch\/fr\/#\/schema\/logo\/image\/","url":"https:\/\/shop.bantam.ch\/wp-content\/uploads\/2022\/12\/bantam-logo.png","contentUrl":"https:\/\/shop.bantam.ch\/wp-content\/uploads\/2022\/12\/bantam-logo.png","width":320,"height":71,"caption":"Bantam"},"image":{"@id":"https:\/\/shop.bantam.ch\/fr\/#\/schema\/logo\/image\/"}}]}},"_links":{"self":[{"href":"https:\/\/shop.bantam.ch\/fr\/wp-json\/wp\/v2\/product\/214935","targetHints":{"allow":["GET"]}}],"collection":[{"href":"https:\/\/shop.bantam.ch\/fr\/wp-json\/wp\/v2\/product"}],"about":[{"href":"https:\/\/shop.bantam.ch\/fr\/wp-json\/wp\/v2\/types\/product"}],"wp:featuredmedia":[{"embeddable":true,"href":"https:\/\/shop.bantam.ch\/fr\/wp-json\/wp\/v2\/media\/214929"}],"wp:attachment":[{"href":"https:\/\/shop.bantam.ch\/fr\/wp-json\/wp\/v2\/media?parent=214935"}],"wp:term":[{"taxonomy":"product_featured_cat","embeddable":true,"href":"https:\/\/shop.bantam.ch\/fr\/wp-json\/wp\/v2\/product_featured_cat?post=214935"},{"taxonomy":"product_brand","embeddable":true,"href":"https:\/\/shop.bantam.ch\/fr\/wp-json\/wp\/v2\/product_brand?post=214935"},{"taxonomy":"product_cat","embeddable":true,"href":"https:\/\/shop.bantam.ch\/fr\/wp-json\/wp\/v2\/product_cat?post=214935"},{"taxonomy":"product_tag","embeddable":true,"href":"https:\/\/shop.bantam.ch\/fr\/wp-json\/wp\/v2\/product_tag?post=214935"}],"curies":[{"name":"wp","href":"https:\/\/api.w.org\/{rel}","templated":true}]}}