{"id":214827,"date":"2025-03-14T16:19:21","date_gmt":"2025-03-14T15:19:21","guid":{"rendered":"https:\/\/shop.bantam.ch\/produit\/kit-solaire-nl-da\/"},"modified":"2026-05-02T01:54:02","modified_gmt":"2026-05-01T23:54:02","slug":"kit-solaire-nl-da","status":"publish","type":"product","link":"https:\/\/shop.bantam.ch\/fr\/produit\/kit-solaire-nl-da\/","title":{"rendered":"Kit solaire NL DA"},"content":{"rendered":"<p>Kit complet comprenant tous les \u00e9l\u00e9ments n\u00e9cessaires \u00e0 l&rsquo;installation d&rsquo;un panneau solaire NL DUAL AIR dans un v\u00e9hicule de tourisme. Pour une installation rapide et facile, les profil\u00e9s de spoiler et les c\u00e2bles de raccordement enfichables sont d\u00e9j\u00e0 pr\u00e9mont\u00e9s sur les modules solaires DUAL AIR. Des c\u00e2bles int\u00e9rieurs (6 m) sont \u00e9galement fournis, ainsi que le kit de travers\u00e9e de toit MC4 \u00e0 coller. Des clips de maintien embo\u00eetables ainsi que des bornes Wago et un connecteur EBL sont fournis pour alimenter en \u00e9lectricit\u00e9 solaire les v\u00e9hicules du groupe Hymer (p. ex. B\u00fcrstner, Dethleffs, LMC, Carado) et de nombreux autres. Le r\u00e9gulateur MPP (NL SR 400 MPP) peut supporter jusqu&rsquo;\u00e0 400Wp, dispose d&rsquo;une commande de temp\u00e9rature et peut \u00e9galement \u00eatre compl\u00e9t\u00e9 en option par un affichage \u00e0 distance (NL SF) et\/ou un module Bluetooth pour l&rsquo;affichage de l&rsquo;application. Un kit de colle est n\u00e9cessaire pour le coller. S&rsquo;il n&rsquo;est pas disponible, il suffit de commander le kit de collage NL Solar.<\/p>\n","protected":false},"excerpt":{"rendered":"<p>Kit complet comprenant tous les \u00e9l\u00e9ments n\u00e9cessaires \u00e0 l&rsquo;installation d&rsquo;un panneau solaire NL DUAL AIR dans un v\u00e9hicule de tourisme. Pour une installation rapide et facile, les profil\u00e9s de spoiler et les c\u00e2bles de raccordement enfichables sont d\u00e9j\u00e0 pr\u00e9mont\u00e9s sur les modules solaires DUAL AIR. Des c\u00e2bles int\u00e9rieurs (6 m) sont \u00e9galement fournis, ainsi que [&hellip;]<\/p>\n","protected":false},"featured_media":214817,"template":"","meta":{"_acf_changed":false},"product_featured_cat":[],"product_brand":[],"product_cat":[4879],"product_tag":[],"class_list":{"0":"post-214827","1":"product","2":"type-product","3":"status-publish","4":"has-post-thumbnail","6":"product_cat-kits-solaires","8":"first","9":"instock","10":"taxable","11":"shipping-taxable","12":"purchasable","13":"product-type-variable"},"acf":[],"yoast_head":"<!-- This site is optimized with the Yoast SEO plugin v27.5 - https:\/\/yoast.com\/product\/yoast-seo-wordpress\/ -->\n<title>Kit solaire NL DA - Bantam<\/title>\n<meta name=\"robots\" content=\"index, follow, max-snippet:-1, max-image-preview:large, max-video-preview:-1\" \/>\n<link rel=\"canonical\" href=\"https:\/\/shop.bantam.ch\/fr\/produit\/kit-solaire-nl-da\/\" \/>\n<meta property=\"og:locale\" content=\"fr_FR\" \/>\n<meta property=\"og:type\" content=\"article\" \/>\n<meta property=\"og:title\" content=\"Kit solaire NL DA - Bantam\" \/>\n<meta property=\"og:description\" content=\"Kit complet comprenant tous les \u00e9l\u00e9ments n\u00e9cessaires \u00e0 l&rsquo;installation d&rsquo;un panneau solaire NL DUAL AIR dans un v\u00e9hicule de tourisme. Pour une installation rapide et facile, les profil\u00e9s de spoiler et les c\u00e2bles de raccordement enfichables sont d\u00e9j\u00e0 pr\u00e9mont\u00e9s sur les modules solaires DUAL AIR. Des c\u00e2bles int\u00e9rieurs (6 m) sont \u00e9galement fournis, ainsi que [&hellip;]\" \/>\n<meta property=\"og:url\" content=\"https:\/\/shop.bantam.ch\/fr\/produit\/kit-solaire-nl-da\/\" \/>\n<meta property=\"og:site_name\" content=\"Bantam\" \/>\n<meta property=\"article:modified_time\" content=\"2026-05-01T23:54:02+00:00\" \/>\n<meta name=\"twitter:card\" content=\"summary_large_image\" \/>\n<meta name=\"twitter:label1\" content=\"Dur\u00e9e de lecture estim\u00e9e\" \/>\n\t<meta name=\"twitter:data1\" content=\"1 minute\" \/>\n<script type=\"application\/ld+json\" class=\"yoast-schema-graph\">{\"@context\":\"https:\\\/\\\/schema.org\",\"@graph\":[{\"@type\":\"WebPage\",\"@id\":\"https:\\\/\\\/shop.bantam.ch\\\/fr\\\/produit\\\/kit-solaire-nl-da\\\/\",\"url\":\"https:\\\/\\\/shop.bantam.ch\\\/fr\\\/produit\\\/kit-solaire-nl-da\\\/\",\"name\":\"Kit solaire NL DA - Bantam\",\"isPartOf\":{\"@id\":\"https:\\\/\\\/shop.bantam.ch\\\/fr\\\/#website\"},\"primaryImageOfPage\":{\"@id\":\"https:\\\/\\\/shop.bantam.ch\\\/fr\\\/produit\\\/kit-solaire-nl-da\\\/#primaryimage\"},\"image\":{\"@id\":\"https:\\\/\\\/shop.bantam.ch\\\/fr\\\/produit\\\/kit-solaire-nl-da\\\/#primaryimage\"},\"thumbnailUrl\":\"https:\\\/\\\/shop.bantam.ch\\\/wp-content\\\/uploads\\\/2025\\\/03\\\/Movera-L-0107241100.jpg\",\"datePublished\":\"2025-03-14T15:19:21+00:00\",\"dateModified\":\"2026-05-01T23:54:02+00:00\",\"breadcrumb\":{\"@id\":\"https:\\\/\\\/shop.bantam.ch\\\/fr\\\/produit\\\/kit-solaire-nl-da\\\/#breadcrumb\"},\"inLanguage\":\"fr-FR\",\"potentialAction\":[{\"@type\":\"ReadAction\",\"target\":[\"https:\\\/\\\/shop.bantam.ch\\\/fr\\\/produit\\\/kit-solaire-nl-da\\\/\"]}]},{\"@type\":\"ImageObject\",\"inLanguage\":\"fr-FR\",\"@id\":\"https:\\\/\\\/shop.bantam.ch\\\/fr\\\/produit\\\/kit-solaire-nl-da\\\/#primaryimage\",\"url\":\"https:\\\/\\\/shop.bantam.ch\\\/wp-content\\\/uploads\\\/2025\\\/03\\\/Movera-L-0107241100.jpg\",\"contentUrl\":\"https:\\\/\\\/shop.bantam.ch\\\/wp-content\\\/uploads\\\/2025\\\/03\\\/Movera-L-0107241100.jpg\",\"width\":640,\"height\":360},{\"@type\":\"BreadcrumbList\",\"@id\":\"https:\\\/\\\/shop.bantam.ch\\\/fr\\\/produit\\\/kit-solaire-nl-da\\\/#breadcrumb\",\"itemListElement\":[{\"@type\":\"ListItem\",\"position\":1,\"name\":\"Accueil\",\"item\":\"https:\\\/\\\/shop.bantam.ch\\\/fr\\\/\"},{\"@type\":\"ListItem\",\"position\":2,\"name\":\"Boutique\",\"item\":\"https:\\\/\\\/shop.bantam.ch\\\/fr\\\/boutique\\\/\"},{\"@type\":\"ListItem\",\"position\":3,\"name\":\"Kit solaire NL DA\"}]},{\"@type\":\"WebSite\",\"@id\":\"https:\\\/\\\/shop.bantam.ch\\\/fr\\\/#website\",\"url\":\"https:\\\/\\\/shop.bantam.ch\\\/fr\\\/\",\"name\":\"Bantam\",\"description\":\"\",\"publisher\":{\"@id\":\"https:\\\/\\\/shop.bantam.ch\\\/fr\\\/#organization\"},\"inLanguage\":\"fr-FR\"},{\"@type\":\"Organization\",\"@id\":\"https:\\\/\\\/shop.bantam.ch\\\/fr\\\/#organization\",\"name\":\"Bantam\",\"url\":\"https:\\\/\\\/shop.bantam.ch\\\/fr\\\/\",\"logo\":{\"@type\":\"ImageObject\",\"inLanguage\":\"fr-FR\",\"@id\":\"https:\\\/\\\/shop.bantam.ch\\\/fr\\\/#\\\/schema\\\/logo\\\/image\\\/\",\"url\":\"https:\\\/\\\/shop.bantam.ch\\\/wp-content\\\/uploads\\\/2022\\\/12\\\/bantam-logo.png\",\"contentUrl\":\"https:\\\/\\\/shop.bantam.ch\\\/wp-content\\\/uploads\\\/2022\\\/12\\\/bantam-logo.png\",\"width\":320,\"height\":71,\"caption\":\"Bantam\"},\"image\":{\"@id\":\"https:\\\/\\\/shop.bantam.ch\\\/fr\\\/#\\\/schema\\\/logo\\\/image\\\/\"}}]}<\/script>\n<!-- \/ Yoast SEO plugin. -->","yoast_head_json":{"title":"Kit solaire NL DA - Bantam","robots":{"index":"index","follow":"follow","max-snippet":"max-snippet:-1","max-image-preview":"max-image-preview:large","max-video-preview":"max-video-preview:-1"},"canonical":"https:\/\/shop.bantam.ch\/fr\/produit\/kit-solaire-nl-da\/","og_locale":"fr_FR","og_type":"article","og_title":"Kit solaire NL DA - Bantam","og_description":"Kit complet comprenant tous les \u00e9l\u00e9ments n\u00e9cessaires \u00e0 l&rsquo;installation d&rsquo;un panneau solaire NL DUAL AIR dans un v\u00e9hicule de tourisme. Pour une installation rapide et facile, les profil\u00e9s de spoiler et les c\u00e2bles de raccordement enfichables sont d\u00e9j\u00e0 pr\u00e9mont\u00e9s sur les modules solaires DUAL AIR. Des c\u00e2bles int\u00e9rieurs (6 m) sont \u00e9galement fournis, ainsi que [&hellip;]","og_url":"https:\/\/shop.bantam.ch\/fr\/produit\/kit-solaire-nl-da\/","og_site_name":"Bantam","article_modified_time":"2026-05-01T23:54:02+00:00","twitter_card":"summary_large_image","twitter_misc":{"Dur\u00e9e de lecture estim\u00e9e":"1 minute"},"schema":{"@context":"https:\/\/schema.org","@graph":[{"@type":"WebPage","@id":"https:\/\/shop.bantam.ch\/fr\/produit\/kit-solaire-nl-da\/","url":"https:\/\/shop.bantam.ch\/fr\/produit\/kit-solaire-nl-da\/","name":"Kit solaire NL DA - Bantam","isPartOf":{"@id":"https:\/\/shop.bantam.ch\/fr\/#website"},"primaryImageOfPage":{"@id":"https:\/\/shop.bantam.ch\/fr\/produit\/kit-solaire-nl-da\/#primaryimage"},"image":{"@id":"https:\/\/shop.bantam.ch\/fr\/produit\/kit-solaire-nl-da\/#primaryimage"},"thumbnailUrl":"https:\/\/shop.bantam.ch\/wp-content\/uploads\/2025\/03\/Movera-L-0107241100.jpg","datePublished":"2025-03-14T15:19:21+00:00","dateModified":"2026-05-01T23:54:02+00:00","breadcrumb":{"@id":"https:\/\/shop.bantam.ch\/fr\/produit\/kit-solaire-nl-da\/#breadcrumb"},"inLanguage":"fr-FR","potentialAction":[{"@type":"ReadAction","target":["https:\/\/shop.bantam.ch\/fr\/produit\/kit-solaire-nl-da\/"]}]},{"@type":"ImageObject","inLanguage":"fr-FR","@id":"https:\/\/shop.bantam.ch\/fr\/produit\/kit-solaire-nl-da\/#primaryimage","url":"https:\/\/shop.bantam.ch\/wp-content\/uploads\/2025\/03\/Movera-L-0107241100.jpg","contentUrl":"https:\/\/shop.bantam.ch\/wp-content\/uploads\/2025\/03\/Movera-L-0107241100.jpg","width":640,"height":360},{"@type":"BreadcrumbList","@id":"https:\/\/shop.bantam.ch\/fr\/produit\/kit-solaire-nl-da\/#breadcrumb","itemListElement":[{"@type":"ListItem","position":1,"name":"Accueil","item":"https:\/\/shop.bantam.ch\/fr\/"},{"@type":"ListItem","position":2,"name":"Boutique","item":"https:\/\/shop.bantam.ch\/fr\/boutique\/"},{"@type":"ListItem","position":3,"name":"Kit solaire NL DA"}]},{"@type":"WebSite","@id":"https:\/\/shop.bantam.ch\/fr\/#website","url":"https:\/\/shop.bantam.ch\/fr\/","name":"Bantam","description":"","publisher":{"@id":"https:\/\/shop.bantam.ch\/fr\/#organization"},"inLanguage":"fr-FR"},{"@type":"Organization","@id":"https:\/\/shop.bantam.ch\/fr\/#organization","name":"Bantam","url":"https:\/\/shop.bantam.ch\/fr\/","logo":{"@type":"ImageObject","inLanguage":"fr-FR","@id":"https:\/\/shop.bantam.ch\/fr\/#\/schema\/logo\/image\/","url":"https:\/\/shop.bantam.ch\/wp-content\/uploads\/2022\/12\/bantam-logo.png","contentUrl":"https:\/\/shop.bantam.ch\/wp-content\/uploads\/2022\/12\/bantam-logo.png","width":320,"height":71,"caption":"Bantam"},"image":{"@id":"https:\/\/shop.bantam.ch\/fr\/#\/schema\/logo\/image\/"}}]}},"_links":{"self":[{"href":"https:\/\/shop.bantam.ch\/fr\/wp-json\/wp\/v2\/product\/214827","targetHints":{"allow":["GET"]}}],"collection":[{"href":"https:\/\/shop.bantam.ch\/fr\/wp-json\/wp\/v2\/product"}],"about":[{"href":"https:\/\/shop.bantam.ch\/fr\/wp-json\/wp\/v2\/types\/product"}],"wp:featuredmedia":[{"embeddable":true,"href":"https:\/\/shop.bantam.ch\/fr\/wp-json\/wp\/v2\/media\/214817"}],"wp:attachment":[{"href":"https:\/\/shop.bantam.ch\/fr\/wp-json\/wp\/v2\/media?parent=214827"}],"wp:term":[{"taxonomy":"product_featured_cat","embeddable":true,"href":"https:\/\/shop.bantam.ch\/fr\/wp-json\/wp\/v2\/product_featured_cat?post=214827"},{"taxonomy":"product_brand","embeddable":true,"href":"https:\/\/shop.bantam.ch\/fr\/wp-json\/wp\/v2\/product_brand?post=214827"},{"taxonomy":"product_cat","embeddable":true,"href":"https:\/\/shop.bantam.ch\/fr\/wp-json\/wp\/v2\/product_cat?post=214827"},{"taxonomy":"product_tag","embeddable":true,"href":"https:\/\/shop.bantam.ch\/fr\/wp-json\/wp\/v2\/product_tag?post=214827"}],"curies":[{"name":"wp","href":"https:\/\/api.w.org\/{rel}","templated":true}]}}