{"id":214785,"date":"2025-03-14T16:16:04","date_gmt":"2025-03-14T15:16:04","guid":{"rendered":"https:\/\/shop.bantam.ch\/produit\/panneau-solaire-plat\/"},"modified":"2026-04-22T02:04:23","modified_gmt":"2026-04-22T00:04:23","slug":"panneau-solaire-plat","status":"publish","type":"product","link":"https:\/\/shop.bantam.ch\/fr\/produit\/panneau-solaire-plat\/","title":{"rendered":"Panneau solaire plat"},"content":{"rendered":"<p>Modules plats de haute qualit\u00e9 \u00e0 coller directement sur le toit du v\u00e9hicule. Lorsqu&rsquo;ils sont coll\u00e9s sur toute leur surface, les modules monocristallins sont praticables sans probl\u00e8me. Gr\u00e2ce \u00e0 l&rsquo;utilisation d&rsquo;un rev\u00eatement de film renforc\u00e9 et extr\u00eamement r\u00e9sistant aux UV, les modules solaires NL FLAT TYPE sont \u00e0 la pointe de la comparaison qualit\u00e9\/prix\/performance. Ces modules plats, sp\u00e9cialement con\u00e7us pour les v\u00e9hicules de tourisme, sont \u00e9quip\u00e9s de cellules monocristallines \u00e0 haut rendement.<br \/>\nLa bo\u00eete de jonction est extr\u00eamement plate et praticable. Les c\u00e2bles de raccordement (3 m) sont munis de connecteurs MC4 et sont pr\u00eats \u00e0 \u00eatre enfich\u00e9s dans la travers\u00e9e de toit NL Solar-MC4.<\/p>\n","protected":false},"excerpt":{"rendered":"<p>Modules plats de haute qualit\u00e9 \u00e0 coller directement sur le toit du v\u00e9hicule. Lorsqu&rsquo;ils sont coll\u00e9s sur toute leur surface, les modules monocristallins sont praticables sans probl\u00e8me. Gr\u00e2ce \u00e0 l&rsquo;utilisation d&rsquo;un rev\u00eatement de film renforc\u00e9 et extr\u00eamement r\u00e9sistant aux UV, les modules solaires NL FLAT TYPE sont \u00e0 la pointe de la comparaison qualit\u00e9\/prix\/performance. Ces [&hellip;]<\/p>\n","protected":false},"featured_media":214783,"template":"","meta":{"_acf_changed":false},"product_featured_cat":[],"product_brand":[],"product_cat":[4883],"product_tag":[],"class_list":{"0":"post-214785","1":"product","2":"type-product","3":"status-publish","4":"has-post-thumbnail","6":"product_cat-modules-solaires","8":"first","9":"instock","10":"taxable","11":"shipping-taxable","12":"purchasable","13":"product-type-variable"},"acf":[],"yoast_head":"<!-- This site is optimized with the Yoast SEO plugin v27.4 - https:\/\/yoast.com\/product\/yoast-seo-wordpress\/ -->\n<title>Panneau solaire plat - Bantam Wankm\u00fcller SA<\/title>\n<meta name=\"robots\" content=\"index, follow, max-snippet:-1, max-image-preview:large, max-video-preview:-1\" \/>\n<link rel=\"canonical\" href=\"https:\/\/shop.bantam.ch\/fr\/produit\/panneau-solaire-plat\/\" \/>\n<meta property=\"og:locale\" content=\"fr_FR\" \/>\n<meta property=\"og:type\" content=\"article\" \/>\n<meta property=\"og:title\" content=\"Panneau solaire plat - Bantam Wankm\u00fcller SA\" \/>\n<meta property=\"og:description\" content=\"Modules plats de haute qualit\u00e9 \u00e0 coller directement sur le toit du v\u00e9hicule. Lorsqu&rsquo;ils sont coll\u00e9s sur toute leur surface, les modules monocristallins sont praticables sans probl\u00e8me. Gr\u00e2ce \u00e0 l&rsquo;utilisation d&rsquo;un rev\u00eatement de film renforc\u00e9 et extr\u00eamement r\u00e9sistant aux UV, les modules solaires NL FLAT TYPE sont \u00e0 la pointe de la comparaison qualit\u00e9\/prix\/performance. Ces [&hellip;]\" \/>\n<meta property=\"og:url\" content=\"https:\/\/shop.bantam.ch\/fr\/produit\/panneau-solaire-plat\/\" \/>\n<meta property=\"og:site_name\" content=\"Bantam Wankm\u00fcller SA\" \/>\n<meta property=\"article:modified_time\" content=\"2026-04-22T00:04:23+00:00\" \/>\n<meta name=\"twitter:card\" content=\"summary_large_image\" \/>\n<meta name=\"twitter:label1\" content=\"Dur\u00e9e de lecture estim\u00e9e\" \/>\n\t<meta name=\"twitter:data1\" content=\"1 minute\" \/>\n<script type=\"application\/ld+json\" class=\"yoast-schema-graph\">{\"@context\":\"https:\\\/\\\/schema.org\",\"@graph\":[{\"@type\":\"WebPage\",\"@id\":\"https:\\\/\\\/shop.bantam.ch\\\/fr\\\/produit\\\/panneau-solaire-plat\\\/\",\"url\":\"https:\\\/\\\/shop.bantam.ch\\\/fr\\\/produit\\\/panneau-solaire-plat\\\/\",\"name\":\"Panneau solaire plat - Bantam Wankm\u00fcller SA\",\"isPartOf\":{\"@id\":\"https:\\\/\\\/shop.bantam.ch\\\/fr\\\/#website\"},\"primaryImageOfPage\":{\"@id\":\"https:\\\/\\\/shop.bantam.ch\\\/fr\\\/produit\\\/panneau-solaire-plat\\\/#primaryimage\"},\"image\":{\"@id\":\"https:\\\/\\\/shop.bantam.ch\\\/fr\\\/produit\\\/panneau-solaire-plat\\\/#primaryimage\"},\"thumbnailUrl\":\"https:\\\/\\\/shop.bantam.ch\\\/wp-content\\\/uploads\\\/2025\\\/03\\\/Movera-L-9962840100.jpg\",\"datePublished\":\"2025-03-14T15:16:04+00:00\",\"dateModified\":\"2026-04-22T00:04:23+00:00\",\"breadcrumb\":{\"@id\":\"https:\\\/\\\/shop.bantam.ch\\\/fr\\\/produit\\\/panneau-solaire-plat\\\/#breadcrumb\"},\"inLanguage\":\"fr-FR\",\"potentialAction\":[{\"@type\":\"ReadAction\",\"target\":[\"https:\\\/\\\/shop.bantam.ch\\\/fr\\\/produit\\\/panneau-solaire-plat\\\/\"]}]},{\"@type\":\"ImageObject\",\"inLanguage\":\"fr-FR\",\"@id\":\"https:\\\/\\\/shop.bantam.ch\\\/fr\\\/produit\\\/panneau-solaire-plat\\\/#primaryimage\",\"url\":\"https:\\\/\\\/shop.bantam.ch\\\/wp-content\\\/uploads\\\/2025\\\/03\\\/Movera-L-9962840100.jpg\",\"contentUrl\":\"https:\\\/\\\/shop.bantam.ch\\\/wp-content\\\/uploads\\\/2025\\\/03\\\/Movera-L-9962840100.jpg\",\"width\":640,\"height\":1006},{\"@type\":\"BreadcrumbList\",\"@id\":\"https:\\\/\\\/shop.bantam.ch\\\/fr\\\/produit\\\/panneau-solaire-plat\\\/#breadcrumb\",\"itemListElement\":[{\"@type\":\"ListItem\",\"position\":1,\"name\":\"Accueil\",\"item\":\"https:\\\/\\\/shop.bantam.ch\\\/fr\\\/\"},{\"@type\":\"ListItem\",\"position\":2,\"name\":\"Boutique\",\"item\":\"https:\\\/\\\/shop.bantam.ch\\\/fr\\\/boutique\\\/\"},{\"@type\":\"ListItem\",\"position\":3,\"name\":\"Panneau solaire plat\"}]},{\"@type\":\"WebSite\",\"@id\":\"https:\\\/\\\/shop.bantam.ch\\\/fr\\\/#website\",\"url\":\"https:\\\/\\\/shop.bantam.ch\\\/fr\\\/\",\"name\":\"Bantam Wankm\u00fcller SA\",\"description\":\"\",\"publisher\":{\"@id\":\"https:\\\/\\\/shop.bantam.ch\\\/fr\\\/#organization\"},\"inLanguage\":\"fr-FR\"},{\"@type\":\"Organization\",\"@id\":\"https:\\\/\\\/shop.bantam.ch\\\/fr\\\/#organization\",\"name\":\"Bantam Wankm\u00fcller SA\",\"url\":\"https:\\\/\\\/shop.bantam.ch\\\/fr\\\/\",\"logo\":{\"@type\":\"ImageObject\",\"inLanguage\":\"fr-FR\",\"@id\":\"https:\\\/\\\/shop.bantam.ch\\\/fr\\\/#\\\/schema\\\/logo\\\/image\\\/\",\"url\":\"https:\\\/\\\/shop.bantam.ch\\\/wp-content\\\/uploads\\\/2022\\\/12\\\/bantam-logo.png\",\"contentUrl\":\"https:\\\/\\\/shop.bantam.ch\\\/wp-content\\\/uploads\\\/2022\\\/12\\\/bantam-logo.png\",\"width\":320,\"height\":71,\"caption\":\"Bantam Wankm\u00fcller SA\"},\"image\":{\"@id\":\"https:\\\/\\\/shop.bantam.ch\\\/fr\\\/#\\\/schema\\\/logo\\\/image\\\/\"}}]}<\/script>\n<!-- \/ Yoast SEO plugin. -->","yoast_head_json":{"title":"Panneau solaire plat - Bantam Wankm\u00fcller SA","robots":{"index":"index","follow":"follow","max-snippet":"max-snippet:-1","max-image-preview":"max-image-preview:large","max-video-preview":"max-video-preview:-1"},"canonical":"https:\/\/shop.bantam.ch\/fr\/produit\/panneau-solaire-plat\/","og_locale":"fr_FR","og_type":"article","og_title":"Panneau solaire plat - Bantam Wankm\u00fcller SA","og_description":"Modules plats de haute qualit\u00e9 \u00e0 coller directement sur le toit du v\u00e9hicule. Lorsqu&rsquo;ils sont coll\u00e9s sur toute leur surface, les modules monocristallins sont praticables sans probl\u00e8me. Gr\u00e2ce \u00e0 l&rsquo;utilisation d&rsquo;un rev\u00eatement de film renforc\u00e9 et extr\u00eamement r\u00e9sistant aux UV, les modules solaires NL FLAT TYPE sont \u00e0 la pointe de la comparaison qualit\u00e9\/prix\/performance. Ces [&hellip;]","og_url":"https:\/\/shop.bantam.ch\/fr\/produit\/panneau-solaire-plat\/","og_site_name":"Bantam Wankm\u00fcller SA","article_modified_time":"2026-04-22T00:04:23+00:00","twitter_card":"summary_large_image","twitter_misc":{"Dur\u00e9e de lecture estim\u00e9e":"1 minute"},"schema":{"@context":"https:\/\/schema.org","@graph":[{"@type":"WebPage","@id":"https:\/\/shop.bantam.ch\/fr\/produit\/panneau-solaire-plat\/","url":"https:\/\/shop.bantam.ch\/fr\/produit\/panneau-solaire-plat\/","name":"Panneau solaire plat - Bantam Wankm\u00fcller SA","isPartOf":{"@id":"https:\/\/shop.bantam.ch\/fr\/#website"},"primaryImageOfPage":{"@id":"https:\/\/shop.bantam.ch\/fr\/produit\/panneau-solaire-plat\/#primaryimage"},"image":{"@id":"https:\/\/shop.bantam.ch\/fr\/produit\/panneau-solaire-plat\/#primaryimage"},"thumbnailUrl":"https:\/\/shop.bantam.ch\/wp-content\/uploads\/2025\/03\/Movera-L-9962840100.jpg","datePublished":"2025-03-14T15:16:04+00:00","dateModified":"2026-04-22T00:04:23+00:00","breadcrumb":{"@id":"https:\/\/shop.bantam.ch\/fr\/produit\/panneau-solaire-plat\/#breadcrumb"},"inLanguage":"fr-FR","potentialAction":[{"@type":"ReadAction","target":["https:\/\/shop.bantam.ch\/fr\/produit\/panneau-solaire-plat\/"]}]},{"@type":"ImageObject","inLanguage":"fr-FR","@id":"https:\/\/shop.bantam.ch\/fr\/produit\/panneau-solaire-plat\/#primaryimage","url":"https:\/\/shop.bantam.ch\/wp-content\/uploads\/2025\/03\/Movera-L-9962840100.jpg","contentUrl":"https:\/\/shop.bantam.ch\/wp-content\/uploads\/2025\/03\/Movera-L-9962840100.jpg","width":640,"height":1006},{"@type":"BreadcrumbList","@id":"https:\/\/shop.bantam.ch\/fr\/produit\/panneau-solaire-plat\/#breadcrumb","itemListElement":[{"@type":"ListItem","position":1,"name":"Accueil","item":"https:\/\/shop.bantam.ch\/fr\/"},{"@type":"ListItem","position":2,"name":"Boutique","item":"https:\/\/shop.bantam.ch\/fr\/boutique\/"},{"@type":"ListItem","position":3,"name":"Panneau solaire plat"}]},{"@type":"WebSite","@id":"https:\/\/shop.bantam.ch\/fr\/#website","url":"https:\/\/shop.bantam.ch\/fr\/","name":"Bantam Wankm\u00fcller SA","description":"","publisher":{"@id":"https:\/\/shop.bantam.ch\/fr\/#organization"},"inLanguage":"fr-FR"},{"@type":"Organization","@id":"https:\/\/shop.bantam.ch\/fr\/#organization","name":"Bantam Wankm\u00fcller SA","url":"https:\/\/shop.bantam.ch\/fr\/","logo":{"@type":"ImageObject","inLanguage":"fr-FR","@id":"https:\/\/shop.bantam.ch\/fr\/#\/schema\/logo\/image\/","url":"https:\/\/shop.bantam.ch\/wp-content\/uploads\/2022\/12\/bantam-logo.png","contentUrl":"https:\/\/shop.bantam.ch\/wp-content\/uploads\/2022\/12\/bantam-logo.png","width":320,"height":71,"caption":"Bantam Wankm\u00fcller SA"},"image":{"@id":"https:\/\/shop.bantam.ch\/fr\/#\/schema\/logo\/image\/"}}]}},"_links":{"self":[{"href":"https:\/\/shop.bantam.ch\/fr\/wp-json\/wp\/v2\/product\/214785","targetHints":{"allow":["GET"]}}],"collection":[{"href":"https:\/\/shop.bantam.ch\/fr\/wp-json\/wp\/v2\/product"}],"about":[{"href":"https:\/\/shop.bantam.ch\/fr\/wp-json\/wp\/v2\/types\/product"}],"wp:featuredmedia":[{"embeddable":true,"href":"https:\/\/shop.bantam.ch\/fr\/wp-json\/wp\/v2\/media\/214783"}],"wp:attachment":[{"href":"https:\/\/shop.bantam.ch\/fr\/wp-json\/wp\/v2\/media?parent=214785"}],"wp:term":[{"taxonomy":"product_featured_cat","embeddable":true,"href":"https:\/\/shop.bantam.ch\/fr\/wp-json\/wp\/v2\/product_featured_cat?post=214785"},{"taxonomy":"product_brand","embeddable":true,"href":"https:\/\/shop.bantam.ch\/fr\/wp-json\/wp\/v2\/product_brand?post=214785"},{"taxonomy":"product_cat","embeddable":true,"href":"https:\/\/shop.bantam.ch\/fr\/wp-json\/wp\/v2\/product_cat?post=214785"},{"taxonomy":"product_tag","embeddable":true,"href":"https:\/\/shop.bantam.ch\/fr\/wp-json\/wp\/v2\/product_tag?post=214785"}],"curies":[{"name":"wp","href":"https:\/\/api.w.org\/{rel}","templated":true}]}}