{"id":214594,"date":"2025-03-14T16:10:20","date_gmt":"2025-03-14T15:10:20","guid":{"rendered":"https:\/\/shop.bantam.ch\/produit\/systeme-solaire-complet-mt-power-blackline-kit\/"},"modified":"2026-04-18T01:56:59","modified_gmt":"2026-04-17T23:56:59","slug":"systeme-solaire-complet-mt-power-blackline-kit","status":"publish","type":"product","link":"https:\/\/shop.bantam.ch\/fr\/produit\/systeme-solaire-complet-mt-power-blackline-kit\/","title":{"rendered":"Syst\u00e8me solaire complet MT Power Blackline Kit"},"content":{"rendered":"<p>Dans notre nouvelle s\u00e9rie Power Black Line, nous avons r\u00e9uni le meilleur de la s\u00e9rie Black Line et de la s\u00e9rie Power Line. Nos modules POWER Black Line disposent de 80 cellules \u00e0 haut rendement au lieu des 36 cellules habituelles et fournissent un rendement \u00e9nerg\u00e9tique \u00e9lev\u00e9 m\u00eame dans des conditions de faible luminosit\u00e9. Avec les m\u00eames dimensions que la s\u00e9rie Black Line, nous obtenons une augmentation de la puissance jusqu&rsquo;\u00e0 +25 %. De plus, nous avons int\u00e9gr\u00e9 une interconnexion bien pens\u00e9e de sorte que nous avons deux modules en un.<\/p>\n<p>\u00c9quipement des syst\u00e8mes solaires complets :<br \/>\nR\u00e9gulateur solaire Dometic MPPT SC330 \/ SC480 avec N Bus et Bluetooth,<br \/>\nKit de d\u00e9flecteur de toit, travers\u00e9e de toit, kit de c\u00e2bles<\/p>\n","protected":false},"excerpt":{"rendered":"<p>Dans notre nouvelle s\u00e9rie Power Black Line, nous avons r\u00e9uni le meilleur de la s\u00e9rie Black Line et de la s\u00e9rie Power Line. Nos modules POWER Black Line disposent de 80 cellules \u00e0 haut rendement au lieu des 36 cellules habituelles et fournissent un rendement \u00e9nerg\u00e9tique \u00e9lev\u00e9 m\u00eame dans des conditions de faible luminosit\u00e9. Avec [&hellip;]<\/p>\n","protected":false},"featured_media":214592,"template":"","meta":{"_acf_changed":false},"product_featured_cat":[],"product_brand":[],"product_cat":[4879],"product_tag":[],"class_list":{"0":"post-214594","1":"product","2":"type-product","3":"status-publish","4":"has-post-thumbnail","6":"product_cat-kits-solaires","8":"first","9":"instock","10":"taxable","11":"shipping-taxable","12":"purchasable","13":"product-type-variable"},"acf":[],"yoast_head":"<!-- This site is optimized with the Yoast SEO plugin v27.4 - https:\/\/yoast.com\/product\/yoast-seo-wordpress\/ -->\n<title>Syst\u00e8me solaire complet MT Power Blackline Kit - Bantam Wankm\u00fcller SA<\/title>\n<meta name=\"robots\" content=\"index, follow, max-snippet:-1, max-image-preview:large, max-video-preview:-1\" \/>\n<link rel=\"canonical\" href=\"https:\/\/shop.bantam.ch\/fr\/produit\/systeme-solaire-complet-mt-power-blackline-kit\/\" \/>\n<meta property=\"og:locale\" content=\"fr_FR\" \/>\n<meta property=\"og:type\" content=\"article\" \/>\n<meta property=\"og:title\" content=\"Syst\u00e8me solaire complet MT Power Blackline Kit - Bantam Wankm\u00fcller SA\" \/>\n<meta property=\"og:description\" content=\"Dans notre nouvelle s\u00e9rie Power Black Line, nous avons r\u00e9uni le meilleur de la s\u00e9rie Black Line et de la s\u00e9rie Power Line. Nos modules POWER Black Line disposent de 80 cellules \u00e0 haut rendement au lieu des 36 cellules habituelles et fournissent un rendement \u00e9nerg\u00e9tique \u00e9lev\u00e9 m\u00eame dans des conditions de faible luminosit\u00e9. Avec [&hellip;]\" \/>\n<meta property=\"og:url\" content=\"https:\/\/shop.bantam.ch\/fr\/produit\/systeme-solaire-complet-mt-power-blackline-kit\/\" \/>\n<meta property=\"og:site_name\" content=\"Bantam Wankm\u00fcller SA\" \/>\n<meta property=\"article:modified_time\" content=\"2026-04-17T23:56:59+00:00\" \/>\n<meta name=\"twitter:card\" content=\"summary_large_image\" \/>\n<meta name=\"twitter:label1\" content=\"Dur\u00e9e de lecture estim\u00e9e\" \/>\n\t<meta name=\"twitter:data1\" content=\"1 minute\" \/>\n<script type=\"application\/ld+json\" class=\"yoast-schema-graph\">{\"@context\":\"https:\\\/\\\/schema.org\",\"@graph\":[{\"@type\":\"WebPage\",\"@id\":\"https:\\\/\\\/shop.bantam.ch\\\/fr\\\/produit\\\/systeme-solaire-complet-mt-power-blackline-kit\\\/\",\"url\":\"https:\\\/\\\/shop.bantam.ch\\\/fr\\\/produit\\\/systeme-solaire-complet-mt-power-blackline-kit\\\/\",\"name\":\"Syst\u00e8me solaire complet MT Power Blackline Kit - Bantam Wankm\u00fcller SA\",\"isPartOf\":{\"@id\":\"https:\\\/\\\/shop.bantam.ch\\\/fr\\\/#website\"},\"primaryImageOfPage\":{\"@id\":\"https:\\\/\\\/shop.bantam.ch\\\/fr\\\/produit\\\/systeme-solaire-complet-mt-power-blackline-kit\\\/#primaryimage\"},\"image\":{\"@id\":\"https:\\\/\\\/shop.bantam.ch\\\/fr\\\/produit\\\/systeme-solaire-complet-mt-power-blackline-kit\\\/#primaryimage\"},\"thumbnailUrl\":\"https:\\\/\\\/shop.bantam.ch\\\/wp-content\\\/uploads\\\/2025\\\/03\\\/Movera-L-9962737100.jpg\",\"datePublished\":\"2025-03-14T15:10:20+00:00\",\"dateModified\":\"2026-04-17T23:56:59+00:00\",\"breadcrumb\":{\"@id\":\"https:\\\/\\\/shop.bantam.ch\\\/fr\\\/produit\\\/systeme-solaire-complet-mt-power-blackline-kit\\\/#breadcrumb\"},\"inLanguage\":\"fr-FR\",\"potentialAction\":[{\"@type\":\"ReadAction\",\"target\":[\"https:\\\/\\\/shop.bantam.ch\\\/fr\\\/produit\\\/systeme-solaire-complet-mt-power-blackline-kit\\\/\"]}]},{\"@type\":\"ImageObject\",\"inLanguage\":\"fr-FR\",\"@id\":\"https:\\\/\\\/shop.bantam.ch\\\/fr\\\/produit\\\/systeme-solaire-complet-mt-power-blackline-kit\\\/#primaryimage\",\"url\":\"https:\\\/\\\/shop.bantam.ch\\\/wp-content\\\/uploads\\\/2025\\\/03\\\/Movera-L-9962737100.jpg\",\"contentUrl\":\"https:\\\/\\\/shop.bantam.ch\\\/wp-content\\\/uploads\\\/2025\\\/03\\\/Movera-L-9962737100.jpg\",\"width\":640,\"height\":640},{\"@type\":\"BreadcrumbList\",\"@id\":\"https:\\\/\\\/shop.bantam.ch\\\/fr\\\/produit\\\/systeme-solaire-complet-mt-power-blackline-kit\\\/#breadcrumb\",\"itemListElement\":[{\"@type\":\"ListItem\",\"position\":1,\"name\":\"Accueil\",\"item\":\"https:\\\/\\\/shop.bantam.ch\\\/fr\\\/\"},{\"@type\":\"ListItem\",\"position\":2,\"name\":\"Boutique\",\"item\":\"https:\\\/\\\/shop.bantam.ch\\\/fr\\\/boutique\\\/\"},{\"@type\":\"ListItem\",\"position\":3,\"name\":\"Syst\u00e8me solaire complet MT Power Blackline Kit\"}]},{\"@type\":\"WebSite\",\"@id\":\"https:\\\/\\\/shop.bantam.ch\\\/fr\\\/#website\",\"url\":\"https:\\\/\\\/shop.bantam.ch\\\/fr\\\/\",\"name\":\"Bantam Wankm\u00fcller SA\",\"description\":\"\",\"publisher\":{\"@id\":\"https:\\\/\\\/shop.bantam.ch\\\/fr\\\/#organization\"},\"inLanguage\":\"fr-FR\"},{\"@type\":\"Organization\",\"@id\":\"https:\\\/\\\/shop.bantam.ch\\\/fr\\\/#organization\",\"name\":\"Bantam Wankm\u00fcller SA\",\"url\":\"https:\\\/\\\/shop.bantam.ch\\\/fr\\\/\",\"logo\":{\"@type\":\"ImageObject\",\"inLanguage\":\"fr-FR\",\"@id\":\"https:\\\/\\\/shop.bantam.ch\\\/fr\\\/#\\\/schema\\\/logo\\\/image\\\/\",\"url\":\"https:\\\/\\\/shop.bantam.ch\\\/wp-content\\\/uploads\\\/2022\\\/12\\\/bantam-logo.png\",\"contentUrl\":\"https:\\\/\\\/shop.bantam.ch\\\/wp-content\\\/uploads\\\/2022\\\/12\\\/bantam-logo.png\",\"width\":320,\"height\":71,\"caption\":\"Bantam Wankm\u00fcller SA\"},\"image\":{\"@id\":\"https:\\\/\\\/shop.bantam.ch\\\/fr\\\/#\\\/schema\\\/logo\\\/image\\\/\"}}]}<\/script>\n<!-- \/ Yoast SEO plugin. -->","yoast_head_json":{"title":"Syst\u00e8me solaire complet MT Power Blackline Kit - Bantam Wankm\u00fcller SA","robots":{"index":"index","follow":"follow","max-snippet":"max-snippet:-1","max-image-preview":"max-image-preview:large","max-video-preview":"max-video-preview:-1"},"canonical":"https:\/\/shop.bantam.ch\/fr\/produit\/systeme-solaire-complet-mt-power-blackline-kit\/","og_locale":"fr_FR","og_type":"article","og_title":"Syst\u00e8me solaire complet MT Power Blackline Kit - Bantam Wankm\u00fcller SA","og_description":"Dans notre nouvelle s\u00e9rie Power Black Line, nous avons r\u00e9uni le meilleur de la s\u00e9rie Black Line et de la s\u00e9rie Power Line. Nos modules POWER Black Line disposent de 80 cellules \u00e0 haut rendement au lieu des 36 cellules habituelles et fournissent un rendement \u00e9nerg\u00e9tique \u00e9lev\u00e9 m\u00eame dans des conditions de faible luminosit\u00e9. Avec [&hellip;]","og_url":"https:\/\/shop.bantam.ch\/fr\/produit\/systeme-solaire-complet-mt-power-blackline-kit\/","og_site_name":"Bantam Wankm\u00fcller SA","article_modified_time":"2026-04-17T23:56:59+00:00","twitter_card":"summary_large_image","twitter_misc":{"Dur\u00e9e de lecture estim\u00e9e":"1 minute"},"schema":{"@context":"https:\/\/schema.org","@graph":[{"@type":"WebPage","@id":"https:\/\/shop.bantam.ch\/fr\/produit\/systeme-solaire-complet-mt-power-blackline-kit\/","url":"https:\/\/shop.bantam.ch\/fr\/produit\/systeme-solaire-complet-mt-power-blackline-kit\/","name":"Syst\u00e8me solaire complet MT Power Blackline Kit - Bantam Wankm\u00fcller SA","isPartOf":{"@id":"https:\/\/shop.bantam.ch\/fr\/#website"},"primaryImageOfPage":{"@id":"https:\/\/shop.bantam.ch\/fr\/produit\/systeme-solaire-complet-mt-power-blackline-kit\/#primaryimage"},"image":{"@id":"https:\/\/shop.bantam.ch\/fr\/produit\/systeme-solaire-complet-mt-power-blackline-kit\/#primaryimage"},"thumbnailUrl":"https:\/\/shop.bantam.ch\/wp-content\/uploads\/2025\/03\/Movera-L-9962737100.jpg","datePublished":"2025-03-14T15:10:20+00:00","dateModified":"2026-04-17T23:56:59+00:00","breadcrumb":{"@id":"https:\/\/shop.bantam.ch\/fr\/produit\/systeme-solaire-complet-mt-power-blackline-kit\/#breadcrumb"},"inLanguage":"fr-FR","potentialAction":[{"@type":"ReadAction","target":["https:\/\/shop.bantam.ch\/fr\/produit\/systeme-solaire-complet-mt-power-blackline-kit\/"]}]},{"@type":"ImageObject","inLanguage":"fr-FR","@id":"https:\/\/shop.bantam.ch\/fr\/produit\/systeme-solaire-complet-mt-power-blackline-kit\/#primaryimage","url":"https:\/\/shop.bantam.ch\/wp-content\/uploads\/2025\/03\/Movera-L-9962737100.jpg","contentUrl":"https:\/\/shop.bantam.ch\/wp-content\/uploads\/2025\/03\/Movera-L-9962737100.jpg","width":640,"height":640},{"@type":"BreadcrumbList","@id":"https:\/\/shop.bantam.ch\/fr\/produit\/systeme-solaire-complet-mt-power-blackline-kit\/#breadcrumb","itemListElement":[{"@type":"ListItem","position":1,"name":"Accueil","item":"https:\/\/shop.bantam.ch\/fr\/"},{"@type":"ListItem","position":2,"name":"Boutique","item":"https:\/\/shop.bantam.ch\/fr\/boutique\/"},{"@type":"ListItem","position":3,"name":"Syst\u00e8me solaire complet MT Power Blackline Kit"}]},{"@type":"WebSite","@id":"https:\/\/shop.bantam.ch\/fr\/#website","url":"https:\/\/shop.bantam.ch\/fr\/","name":"Bantam Wankm\u00fcller SA","description":"","publisher":{"@id":"https:\/\/shop.bantam.ch\/fr\/#organization"},"inLanguage":"fr-FR"},{"@type":"Organization","@id":"https:\/\/shop.bantam.ch\/fr\/#organization","name":"Bantam Wankm\u00fcller SA","url":"https:\/\/shop.bantam.ch\/fr\/","logo":{"@type":"ImageObject","inLanguage":"fr-FR","@id":"https:\/\/shop.bantam.ch\/fr\/#\/schema\/logo\/image\/","url":"https:\/\/shop.bantam.ch\/wp-content\/uploads\/2022\/12\/bantam-logo.png","contentUrl":"https:\/\/shop.bantam.ch\/wp-content\/uploads\/2022\/12\/bantam-logo.png","width":320,"height":71,"caption":"Bantam Wankm\u00fcller SA"},"image":{"@id":"https:\/\/shop.bantam.ch\/fr\/#\/schema\/logo\/image\/"}}]}},"_links":{"self":[{"href":"https:\/\/shop.bantam.ch\/fr\/wp-json\/wp\/v2\/product\/214594","targetHints":{"allow":["GET"]}}],"collection":[{"href":"https:\/\/shop.bantam.ch\/fr\/wp-json\/wp\/v2\/product"}],"about":[{"href":"https:\/\/shop.bantam.ch\/fr\/wp-json\/wp\/v2\/types\/product"}],"wp:featuredmedia":[{"embeddable":true,"href":"https:\/\/shop.bantam.ch\/fr\/wp-json\/wp\/v2\/media\/214592"}],"wp:attachment":[{"href":"https:\/\/shop.bantam.ch\/fr\/wp-json\/wp\/v2\/media?parent=214594"}],"wp:term":[{"taxonomy":"product_featured_cat","embeddable":true,"href":"https:\/\/shop.bantam.ch\/fr\/wp-json\/wp\/v2\/product_featured_cat?post=214594"},{"taxonomy":"product_brand","embeddable":true,"href":"https:\/\/shop.bantam.ch\/fr\/wp-json\/wp\/v2\/product_brand?post=214594"},{"taxonomy":"product_cat","embeddable":true,"href":"https:\/\/shop.bantam.ch\/fr\/wp-json\/wp\/v2\/product_cat?post=214594"},{"taxonomy":"product_tag","embeddable":true,"href":"https:\/\/shop.bantam.ch\/fr\/wp-json\/wp\/v2\/product_tag?post=214594"}],"curies":[{"name":"wp","href":"https:\/\/api.w.org\/{rel}","templated":true}]}}