{"id":214506,"date":"2025-03-14T16:07:57","date_gmt":"2025-03-14T15:07:57","guid":{"rendered":"https:\/\/shop.bantam.ch\/produit\/booster-de-charge-mt-lb-2\/"},"modified":"2026-04-19T01:58:36","modified_gmt":"2026-04-18T23:58:36","slug":"booster-de-charge-mt-lb-2","status":"publish","type":"product","link":"https:\/\/shop.bantam.ch\/fr\/produit\/booster-de-charge-mt-lb-2\/","title":{"rendered":"Booster de charge MT &#8211; LB"},"content":{"rendered":"<p>Les nouveaux boosters Dometic B\u00fcttner de la s\u00e9rie MT LB sont des chargeurs DC puissants qui sont \u00e9galement tr\u00e8s efficaces avec les alternateurs intelligents (Euro 6). Les courants de charge \u00e9lev\u00e9s (jusqu&rsquo;\u00e0 80 A) rendent les MTLB\u0315s id\u00e9aux pour la charge rapide de batteries au lithium ou de syst\u00e8mes traditionnels de grande capacit\u00e9. La technique Buck-Booster stabilise la charge et rend les MTLB\u0315s id\u00e9ales pour tous les v\u00e9hicules o\u00f9 il est important de charger rapidement et correctement les batteries de toute technologie : LiFePO4, AGM, gel, humide. Tous les MTLB\u0315s sont \u00e9quip\u00e9s du syst\u00e8me intelligent OPTICHARGE, qui optimise les performances et le rendement des batteries d&rsquo;alimentation en s\u00e9lectionnant la courbe de charge sp\u00e9cifique \u00e0 chaque technologie et en utilisant l&rsquo;algorithme d&rsquo;analyse de l&rsquo;\u00e9tat de charge enti\u00e8rement d\u00e9velopp\u00e9 par l&rsquo;\u00e9quipe logicielle de Dometic. Le booster de charge MTLB est le seul appareil sur le march\u00e9 \u00e0 disposer d&rsquo;une connexion AUX, ce qui permet d&rsquo;int\u00e9grer le MTLB dans des v\u00e9hicules \u00e9quip\u00e9s de syst\u00e8mes de charge existants. Gr\u00e2ce au N-Bus, le booster de charge MTLB s&rsquo;int\u00e8gre parfaitement dans le r\u00e9seau N-Bus de Dometic.<\/p>\n","protected":false},"excerpt":{"rendered":"<p>Les nouveaux boosters Dometic B\u00fcttner de la s\u00e9rie MT LB sont des chargeurs DC puissants qui sont \u00e9galement tr\u00e8s efficaces avec les alternateurs intelligents (Euro 6). Les courants de charge \u00e9lev\u00e9s (jusqu&rsquo;\u00e0 80 A) rendent les MTLB\u0315s id\u00e9aux pour la charge rapide de batteries au lithium ou de syst\u00e8mes traditionnels de grande capacit\u00e9. La technique [&hellip;]<\/p>\n","protected":false},"featured_media":214504,"template":"","meta":{"_acf_changed":false},"product_featured_cat":[],"product_brand":[],"product_cat":[4909],"product_tag":[],"class_list":{"0":"post-214506","1":"product","2":"type-product","3":"status-publish","4":"has-post-thumbnail","6":"product_cat-boosters-de-charge","8":"first","9":"instock","10":"taxable","11":"shipping-taxable","12":"purchasable","13":"product-type-variable"},"acf":[],"yoast_head":"<!-- This site is optimized with the Yoast SEO plugin v27.4 - https:\/\/yoast.com\/product\/yoast-seo-wordpress\/ -->\n<title>Booster de charge MT - LB - Bantam Wankm\u00fcller SA<\/title>\n<meta name=\"robots\" content=\"index, follow, max-snippet:-1, max-image-preview:large, max-video-preview:-1\" \/>\n<link rel=\"canonical\" href=\"https:\/\/shop.bantam.ch\/fr\/produit\/booster-de-charge-mt-lb-2\/\" \/>\n<meta property=\"og:locale\" content=\"fr_FR\" \/>\n<meta property=\"og:type\" content=\"article\" \/>\n<meta property=\"og:title\" content=\"Booster de charge MT - LB - Bantam Wankm\u00fcller SA\" \/>\n<meta property=\"og:description\" content=\"Les nouveaux boosters Dometic B\u00fcttner de la s\u00e9rie MT LB sont des chargeurs DC puissants qui sont \u00e9galement tr\u00e8s efficaces avec les alternateurs intelligents (Euro 6). Les courants de charge \u00e9lev\u00e9s (jusqu&rsquo;\u00e0 80 A) rendent les MTLB\u0315s id\u00e9aux pour la charge rapide de batteries au lithium ou de syst\u00e8mes traditionnels de grande capacit\u00e9. La technique [&hellip;]\" \/>\n<meta property=\"og:url\" content=\"https:\/\/shop.bantam.ch\/fr\/produit\/booster-de-charge-mt-lb-2\/\" \/>\n<meta property=\"og:site_name\" content=\"Bantam Wankm\u00fcller SA\" \/>\n<meta property=\"article:modified_time\" content=\"2026-04-18T23:58:36+00:00\" \/>\n<meta name=\"twitter:card\" content=\"summary_large_image\" \/>\n<meta name=\"twitter:label1\" content=\"Dur\u00e9e de lecture estim\u00e9e\" \/>\n\t<meta name=\"twitter:data1\" content=\"1 minute\" \/>\n<script type=\"application\/ld+json\" class=\"yoast-schema-graph\">{\"@context\":\"https:\\\/\\\/schema.org\",\"@graph\":[{\"@type\":\"WebPage\",\"@id\":\"https:\\\/\\\/shop.bantam.ch\\\/fr\\\/produit\\\/booster-de-charge-mt-lb-2\\\/\",\"url\":\"https:\\\/\\\/shop.bantam.ch\\\/fr\\\/produit\\\/booster-de-charge-mt-lb-2\\\/\",\"name\":\"Booster de charge MT - LB - Bantam Wankm\u00fcller SA\",\"isPartOf\":{\"@id\":\"https:\\\/\\\/shop.bantam.ch\\\/fr\\\/#website\"},\"primaryImageOfPage\":{\"@id\":\"https:\\\/\\\/shop.bantam.ch\\\/fr\\\/produit\\\/booster-de-charge-mt-lb-2\\\/#primaryimage\"},\"image\":{\"@id\":\"https:\\\/\\\/shop.bantam.ch\\\/fr\\\/produit\\\/booster-de-charge-mt-lb-2\\\/#primaryimage\"},\"thumbnailUrl\":\"https:\\\/\\\/shop.bantam.ch\\\/wp-content\\\/uploads\\\/2025\\\/03\\\/Movera-L-9962719100.png\",\"datePublished\":\"2025-03-14T15:07:57+00:00\",\"dateModified\":\"2026-04-18T23:58:36+00:00\",\"breadcrumb\":{\"@id\":\"https:\\\/\\\/shop.bantam.ch\\\/fr\\\/produit\\\/booster-de-charge-mt-lb-2\\\/#breadcrumb\"},\"inLanguage\":\"fr-FR\",\"potentialAction\":[{\"@type\":\"ReadAction\",\"target\":[\"https:\\\/\\\/shop.bantam.ch\\\/fr\\\/produit\\\/booster-de-charge-mt-lb-2\\\/\"]}]},{\"@type\":\"ImageObject\",\"inLanguage\":\"fr-FR\",\"@id\":\"https:\\\/\\\/shop.bantam.ch\\\/fr\\\/produit\\\/booster-de-charge-mt-lb-2\\\/#primaryimage\",\"url\":\"https:\\\/\\\/shop.bantam.ch\\\/wp-content\\\/uploads\\\/2025\\\/03\\\/Movera-L-9962719100.png\",\"contentUrl\":\"https:\\\/\\\/shop.bantam.ch\\\/wp-content\\\/uploads\\\/2025\\\/03\\\/Movera-L-9962719100.png\",\"width\":640,\"height\":452},{\"@type\":\"BreadcrumbList\",\"@id\":\"https:\\\/\\\/shop.bantam.ch\\\/fr\\\/produit\\\/booster-de-charge-mt-lb-2\\\/#breadcrumb\",\"itemListElement\":[{\"@type\":\"ListItem\",\"position\":1,\"name\":\"Accueil\",\"item\":\"https:\\\/\\\/shop.bantam.ch\\\/fr\\\/\"},{\"@type\":\"ListItem\",\"position\":2,\"name\":\"Boutique\",\"item\":\"https:\\\/\\\/shop.bantam.ch\\\/fr\\\/boutique\\\/\"},{\"@type\":\"ListItem\",\"position\":3,\"name\":\"Booster de charge MT &#8211; LB\"}]},{\"@type\":\"WebSite\",\"@id\":\"https:\\\/\\\/shop.bantam.ch\\\/fr\\\/#website\",\"url\":\"https:\\\/\\\/shop.bantam.ch\\\/fr\\\/\",\"name\":\"Bantam Wankm\u00fcller SA\",\"description\":\"\",\"publisher\":{\"@id\":\"https:\\\/\\\/shop.bantam.ch\\\/fr\\\/#organization\"},\"inLanguage\":\"fr-FR\"},{\"@type\":\"Organization\",\"@id\":\"https:\\\/\\\/shop.bantam.ch\\\/fr\\\/#organization\",\"name\":\"Bantam Wankm\u00fcller SA\",\"url\":\"https:\\\/\\\/shop.bantam.ch\\\/fr\\\/\",\"logo\":{\"@type\":\"ImageObject\",\"inLanguage\":\"fr-FR\",\"@id\":\"https:\\\/\\\/shop.bantam.ch\\\/fr\\\/#\\\/schema\\\/logo\\\/image\\\/\",\"url\":\"https:\\\/\\\/shop.bantam.ch\\\/wp-content\\\/uploads\\\/2022\\\/12\\\/bantam-logo.png\",\"contentUrl\":\"https:\\\/\\\/shop.bantam.ch\\\/wp-content\\\/uploads\\\/2022\\\/12\\\/bantam-logo.png\",\"width\":320,\"height\":71,\"caption\":\"Bantam Wankm\u00fcller SA\"},\"image\":{\"@id\":\"https:\\\/\\\/shop.bantam.ch\\\/fr\\\/#\\\/schema\\\/logo\\\/image\\\/\"}}]}<\/script>\n<!-- \/ Yoast SEO plugin. -->","yoast_head_json":{"title":"Booster de charge MT - LB - Bantam Wankm\u00fcller SA","robots":{"index":"index","follow":"follow","max-snippet":"max-snippet:-1","max-image-preview":"max-image-preview:large","max-video-preview":"max-video-preview:-1"},"canonical":"https:\/\/shop.bantam.ch\/fr\/produit\/booster-de-charge-mt-lb-2\/","og_locale":"fr_FR","og_type":"article","og_title":"Booster de charge MT - LB - Bantam Wankm\u00fcller SA","og_description":"Les nouveaux boosters Dometic B\u00fcttner de la s\u00e9rie MT LB sont des chargeurs DC puissants qui sont \u00e9galement tr\u00e8s efficaces avec les alternateurs intelligents (Euro 6). Les courants de charge \u00e9lev\u00e9s (jusqu&rsquo;\u00e0 80 A) rendent les MTLB\u0315s id\u00e9aux pour la charge rapide de batteries au lithium ou de syst\u00e8mes traditionnels de grande capacit\u00e9. La technique [&hellip;]","og_url":"https:\/\/shop.bantam.ch\/fr\/produit\/booster-de-charge-mt-lb-2\/","og_site_name":"Bantam Wankm\u00fcller SA","article_modified_time":"2026-04-18T23:58:36+00:00","twitter_card":"summary_large_image","twitter_misc":{"Dur\u00e9e de lecture estim\u00e9e":"1 minute"},"schema":{"@context":"https:\/\/schema.org","@graph":[{"@type":"WebPage","@id":"https:\/\/shop.bantam.ch\/fr\/produit\/booster-de-charge-mt-lb-2\/","url":"https:\/\/shop.bantam.ch\/fr\/produit\/booster-de-charge-mt-lb-2\/","name":"Booster de charge MT - LB - Bantam Wankm\u00fcller SA","isPartOf":{"@id":"https:\/\/shop.bantam.ch\/fr\/#website"},"primaryImageOfPage":{"@id":"https:\/\/shop.bantam.ch\/fr\/produit\/booster-de-charge-mt-lb-2\/#primaryimage"},"image":{"@id":"https:\/\/shop.bantam.ch\/fr\/produit\/booster-de-charge-mt-lb-2\/#primaryimage"},"thumbnailUrl":"https:\/\/shop.bantam.ch\/wp-content\/uploads\/2025\/03\/Movera-L-9962719100.png","datePublished":"2025-03-14T15:07:57+00:00","dateModified":"2026-04-18T23:58:36+00:00","breadcrumb":{"@id":"https:\/\/shop.bantam.ch\/fr\/produit\/booster-de-charge-mt-lb-2\/#breadcrumb"},"inLanguage":"fr-FR","potentialAction":[{"@type":"ReadAction","target":["https:\/\/shop.bantam.ch\/fr\/produit\/booster-de-charge-mt-lb-2\/"]}]},{"@type":"ImageObject","inLanguage":"fr-FR","@id":"https:\/\/shop.bantam.ch\/fr\/produit\/booster-de-charge-mt-lb-2\/#primaryimage","url":"https:\/\/shop.bantam.ch\/wp-content\/uploads\/2025\/03\/Movera-L-9962719100.png","contentUrl":"https:\/\/shop.bantam.ch\/wp-content\/uploads\/2025\/03\/Movera-L-9962719100.png","width":640,"height":452},{"@type":"BreadcrumbList","@id":"https:\/\/shop.bantam.ch\/fr\/produit\/booster-de-charge-mt-lb-2\/#breadcrumb","itemListElement":[{"@type":"ListItem","position":1,"name":"Accueil","item":"https:\/\/shop.bantam.ch\/fr\/"},{"@type":"ListItem","position":2,"name":"Boutique","item":"https:\/\/shop.bantam.ch\/fr\/boutique\/"},{"@type":"ListItem","position":3,"name":"Booster de charge MT &#8211; LB"}]},{"@type":"WebSite","@id":"https:\/\/shop.bantam.ch\/fr\/#website","url":"https:\/\/shop.bantam.ch\/fr\/","name":"Bantam Wankm\u00fcller SA","description":"","publisher":{"@id":"https:\/\/shop.bantam.ch\/fr\/#organization"},"inLanguage":"fr-FR"},{"@type":"Organization","@id":"https:\/\/shop.bantam.ch\/fr\/#organization","name":"Bantam Wankm\u00fcller SA","url":"https:\/\/shop.bantam.ch\/fr\/","logo":{"@type":"ImageObject","inLanguage":"fr-FR","@id":"https:\/\/shop.bantam.ch\/fr\/#\/schema\/logo\/image\/","url":"https:\/\/shop.bantam.ch\/wp-content\/uploads\/2022\/12\/bantam-logo.png","contentUrl":"https:\/\/shop.bantam.ch\/wp-content\/uploads\/2022\/12\/bantam-logo.png","width":320,"height":71,"caption":"Bantam Wankm\u00fcller SA"},"image":{"@id":"https:\/\/shop.bantam.ch\/fr\/#\/schema\/logo\/image\/"}}]}},"_links":{"self":[{"href":"https:\/\/shop.bantam.ch\/fr\/wp-json\/wp\/v2\/product\/214506","targetHints":{"allow":["GET"]}}],"collection":[{"href":"https:\/\/shop.bantam.ch\/fr\/wp-json\/wp\/v2\/product"}],"about":[{"href":"https:\/\/shop.bantam.ch\/fr\/wp-json\/wp\/v2\/types\/product"}],"wp:featuredmedia":[{"embeddable":true,"href":"https:\/\/shop.bantam.ch\/fr\/wp-json\/wp\/v2\/media\/214504"}],"wp:attachment":[{"href":"https:\/\/shop.bantam.ch\/fr\/wp-json\/wp\/v2\/media?parent=214506"}],"wp:term":[{"taxonomy":"product_featured_cat","embeddable":true,"href":"https:\/\/shop.bantam.ch\/fr\/wp-json\/wp\/v2\/product_featured_cat?post=214506"},{"taxonomy":"product_brand","embeddable":true,"href":"https:\/\/shop.bantam.ch\/fr\/wp-json\/wp\/v2\/product_brand?post=214506"},{"taxonomy":"product_cat","embeddable":true,"href":"https:\/\/shop.bantam.ch\/fr\/wp-json\/wp\/v2\/product_cat?post=214506"},{"taxonomy":"product_tag","embeddable":true,"href":"https:\/\/shop.bantam.ch\/fr\/wp-json\/wp\/v2\/product_tag?post=214506"}],"curies":[{"name":"wp","href":"https:\/\/api.w.org\/{rel}","templated":true}]}}