{"id":214440,"date":"2025-03-14T16:06:17","date_gmt":"2025-03-14T15:06:17","guid":{"rendered":"https:\/\/shop.bantam.ch\/produit\/batterie-lifepo4-avec-chauffage-de-cellule\/"},"modified":"2026-05-02T01:51:14","modified_gmt":"2026-05-01T23:51:14","slug":"batterie-lifepo4-avec-chauffage-de-cellule","status":"publish","type":"product","link":"https:\/\/shop.bantam.ch\/fr\/produit\/batterie-lifepo4-avec-chauffage-de-cellule\/","title":{"rendered":"Batterie LiFePo4 avec chauffage de cellule"},"content":{"rendered":"<p>Les batteries ALDEN SOLARWATT LiFePO4 offrent une technologie de pointe et sont id\u00e9ales pour les camping-cars et les vans. Avec une protection contre les surcharges et les courts-circuits et une garantie du fabricant de 5 ans, elles garantissent une longue dur\u00e9e de vie et une grande s\u00e9curit\u00e9. Respectueuses de l&rsquo;environnement et sans m\u00e9taux lourds toxiques, elles n&rsquo;offrent en outre aucun risque d&rsquo;incendie ou d&rsquo;explosion. Gr\u00e2ce \u00e0 leur conception compacte et \u00e0 leur poids r\u00e9duit, ils sont faciles \u00e0 installer. Elles ne n\u00e9cessitent pas de cycles complets de charge ou de d\u00e9charge, ce qui les rend particuli\u00e8rement efficaces et conviviales &#8211; parfaites pour voyager en toute ind\u00e9pendance !<\/p>\n<ul>\n<li>La solution parfaite pour les camping-cars, les vans et les caravanes.<\/li>\n<li>5 ans de garantie du fabricant<\/li>\n<li>Protection contre les surcharges et les courts-circuits<\/li>\n<li>Exempt de m\u00e9taux lourds toxiques<\/li>\n<li>Aucun risque d&rsquo;incendie ou d&rsquo;explosion<\/li>\n<li>Pas de cycle complet de charge\/d\u00e9charge n\u00e9cessaire<\/li>\n<li>Compact et l\u00e9ger<\/li>\n<li>Possibilit\u00e9 de montage sous le si\u00e8ge<br \/>\n\t&nbsp;<\/li>\n<\/ul>\n","protected":false},"excerpt":{"rendered":"<p>Les batteries ALDEN SOLARWATT LiFePO4 offrent une technologie de pointe et sont id\u00e9ales pour les camping-cars et les vans. Avec une protection contre les surcharges et les courts-circuits et une garantie du fabricant de 5 ans, elles garantissent une longue dur\u00e9e de vie et une grande s\u00e9curit\u00e9. Respectueuses de l&rsquo;environnement et sans m\u00e9taux lourds toxiques, [&hellip;]<\/p>\n","protected":false},"featured_media":214438,"template":"","meta":{"_acf_changed":false},"product_featured_cat":[],"product_brand":[],"product_cat":[5113],"product_tag":[],"class_list":{"0":"post-214440","1":"product","2":"type-product","3":"status-publish","4":"has-post-thumbnail","6":"product_cat-batteries-lithium","8":"first","9":"instock","10":"taxable","11":"shipping-taxable","12":"purchasable","13":"product-type-variable"},"acf":[],"yoast_head":"<!-- This site is optimized with the Yoast SEO plugin v27.5 - https:\/\/yoast.com\/product\/yoast-seo-wordpress\/ -->\n<title>Batterie LiFePo4 avec chauffage de cellule - Bantam<\/title>\n<meta name=\"robots\" content=\"index, follow, max-snippet:-1, max-image-preview:large, max-video-preview:-1\" \/>\n<link rel=\"canonical\" href=\"https:\/\/shop.bantam.ch\/fr\/produit\/batterie-lifepo4-avec-chauffage-de-cellule\/\" \/>\n<meta property=\"og:locale\" content=\"fr_FR\" \/>\n<meta property=\"og:type\" content=\"article\" \/>\n<meta property=\"og:title\" content=\"Batterie LiFePo4 avec chauffage de cellule - Bantam\" \/>\n<meta property=\"og:description\" content=\"Les batteries ALDEN SOLARWATT LiFePO4 offrent une technologie de pointe et sont id\u00e9ales pour les camping-cars et les vans. Avec une protection contre les surcharges et les courts-circuits et une garantie du fabricant de 5 ans, elles garantissent une longue dur\u00e9e de vie et une grande s\u00e9curit\u00e9. Respectueuses de l&rsquo;environnement et sans m\u00e9taux lourds toxiques, [&hellip;]\" \/>\n<meta property=\"og:url\" content=\"https:\/\/shop.bantam.ch\/fr\/produit\/batterie-lifepo4-avec-chauffage-de-cellule\/\" \/>\n<meta property=\"og:site_name\" content=\"Bantam\" \/>\n<meta property=\"article:modified_time\" content=\"2026-05-01T23:51:14+00:00\" \/>\n<meta name=\"twitter:card\" content=\"summary_large_image\" \/>\n<meta name=\"twitter:label1\" content=\"Dur\u00e9e de lecture estim\u00e9e\" \/>\n\t<meta name=\"twitter:data1\" content=\"1 minute\" \/>\n<script type=\"application\/ld+json\" class=\"yoast-schema-graph\">{\"@context\":\"https:\\\/\\\/schema.org\",\"@graph\":[{\"@type\":\"WebPage\",\"@id\":\"https:\\\/\\\/shop.bantam.ch\\\/fr\\\/produit\\\/batterie-lifepo4-avec-chauffage-de-cellule\\\/\",\"url\":\"https:\\\/\\\/shop.bantam.ch\\\/fr\\\/produit\\\/batterie-lifepo4-avec-chauffage-de-cellule\\\/\",\"name\":\"Batterie LiFePo4 avec chauffage de cellule - Bantam\",\"isPartOf\":{\"@id\":\"https:\\\/\\\/shop.bantam.ch\\\/fr\\\/#website\"},\"primaryImageOfPage\":{\"@id\":\"https:\\\/\\\/shop.bantam.ch\\\/fr\\\/produit\\\/batterie-lifepo4-avec-chauffage-de-cellule\\\/#primaryimage\"},\"image\":{\"@id\":\"https:\\\/\\\/shop.bantam.ch\\\/fr\\\/produit\\\/batterie-lifepo4-avec-chauffage-de-cellule\\\/#primaryimage\"},\"thumbnailUrl\":\"https:\\\/\\\/shop.bantam.ch\\\/wp-content\\\/uploads\\\/2025\\\/03\\\/Movera-L-9962703100.png\",\"datePublished\":\"2025-03-14T15:06:17+00:00\",\"dateModified\":\"2026-05-01T23:51:14+00:00\",\"breadcrumb\":{\"@id\":\"https:\\\/\\\/shop.bantam.ch\\\/fr\\\/produit\\\/batterie-lifepo4-avec-chauffage-de-cellule\\\/#breadcrumb\"},\"inLanguage\":\"fr-FR\",\"potentialAction\":[{\"@type\":\"ReadAction\",\"target\":[\"https:\\\/\\\/shop.bantam.ch\\\/fr\\\/produit\\\/batterie-lifepo4-avec-chauffage-de-cellule\\\/\"]}]},{\"@type\":\"ImageObject\",\"inLanguage\":\"fr-FR\",\"@id\":\"https:\\\/\\\/shop.bantam.ch\\\/fr\\\/produit\\\/batterie-lifepo4-avec-chauffage-de-cellule\\\/#primaryimage\",\"url\":\"https:\\\/\\\/shop.bantam.ch\\\/wp-content\\\/uploads\\\/2025\\\/03\\\/Movera-L-9962703100.png\",\"contentUrl\":\"https:\\\/\\\/shop.bantam.ch\\\/wp-content\\\/uploads\\\/2025\\\/03\\\/Movera-L-9962703100.png\",\"width\":640,\"height\":454},{\"@type\":\"BreadcrumbList\",\"@id\":\"https:\\\/\\\/shop.bantam.ch\\\/fr\\\/produit\\\/batterie-lifepo4-avec-chauffage-de-cellule\\\/#breadcrumb\",\"itemListElement\":[{\"@type\":\"ListItem\",\"position\":1,\"name\":\"Accueil\",\"item\":\"https:\\\/\\\/shop.bantam.ch\\\/fr\\\/\"},{\"@type\":\"ListItem\",\"position\":2,\"name\":\"Boutique\",\"item\":\"https:\\\/\\\/shop.bantam.ch\\\/fr\\\/boutique\\\/\"},{\"@type\":\"ListItem\",\"position\":3,\"name\":\"Batterie LiFePo4 avec chauffage de cellule\"}]},{\"@type\":\"WebSite\",\"@id\":\"https:\\\/\\\/shop.bantam.ch\\\/fr\\\/#website\",\"url\":\"https:\\\/\\\/shop.bantam.ch\\\/fr\\\/\",\"name\":\"Bantam\",\"description\":\"\",\"publisher\":{\"@id\":\"https:\\\/\\\/shop.bantam.ch\\\/fr\\\/#organization\"},\"inLanguage\":\"fr-FR\"},{\"@type\":\"Organization\",\"@id\":\"https:\\\/\\\/shop.bantam.ch\\\/fr\\\/#organization\",\"name\":\"Bantam\",\"url\":\"https:\\\/\\\/shop.bantam.ch\\\/fr\\\/\",\"logo\":{\"@type\":\"ImageObject\",\"inLanguage\":\"fr-FR\",\"@id\":\"https:\\\/\\\/shop.bantam.ch\\\/fr\\\/#\\\/schema\\\/logo\\\/image\\\/\",\"url\":\"https:\\\/\\\/shop.bantam.ch\\\/wp-content\\\/uploads\\\/2022\\\/12\\\/bantam-logo.png\",\"contentUrl\":\"https:\\\/\\\/shop.bantam.ch\\\/wp-content\\\/uploads\\\/2022\\\/12\\\/bantam-logo.png\",\"width\":320,\"height\":71,\"caption\":\"Bantam\"},\"image\":{\"@id\":\"https:\\\/\\\/shop.bantam.ch\\\/fr\\\/#\\\/schema\\\/logo\\\/image\\\/\"}}]}<\/script>\n<!-- \/ Yoast SEO plugin. -->","yoast_head_json":{"title":"Batterie LiFePo4 avec chauffage de cellule - Bantam","robots":{"index":"index","follow":"follow","max-snippet":"max-snippet:-1","max-image-preview":"max-image-preview:large","max-video-preview":"max-video-preview:-1"},"canonical":"https:\/\/shop.bantam.ch\/fr\/produit\/batterie-lifepo4-avec-chauffage-de-cellule\/","og_locale":"fr_FR","og_type":"article","og_title":"Batterie LiFePo4 avec chauffage de cellule - Bantam","og_description":"Les batteries ALDEN SOLARWATT LiFePO4 offrent une technologie de pointe et sont id\u00e9ales pour les camping-cars et les vans. Avec une protection contre les surcharges et les courts-circuits et une garantie du fabricant de 5 ans, elles garantissent une longue dur\u00e9e de vie et une grande s\u00e9curit\u00e9. Respectueuses de l&rsquo;environnement et sans m\u00e9taux lourds toxiques, [&hellip;]","og_url":"https:\/\/shop.bantam.ch\/fr\/produit\/batterie-lifepo4-avec-chauffage-de-cellule\/","og_site_name":"Bantam","article_modified_time":"2026-05-01T23:51:14+00:00","twitter_card":"summary_large_image","twitter_misc":{"Dur\u00e9e de lecture estim\u00e9e":"1 minute"},"schema":{"@context":"https:\/\/schema.org","@graph":[{"@type":"WebPage","@id":"https:\/\/shop.bantam.ch\/fr\/produit\/batterie-lifepo4-avec-chauffage-de-cellule\/","url":"https:\/\/shop.bantam.ch\/fr\/produit\/batterie-lifepo4-avec-chauffage-de-cellule\/","name":"Batterie LiFePo4 avec chauffage de cellule - Bantam","isPartOf":{"@id":"https:\/\/shop.bantam.ch\/fr\/#website"},"primaryImageOfPage":{"@id":"https:\/\/shop.bantam.ch\/fr\/produit\/batterie-lifepo4-avec-chauffage-de-cellule\/#primaryimage"},"image":{"@id":"https:\/\/shop.bantam.ch\/fr\/produit\/batterie-lifepo4-avec-chauffage-de-cellule\/#primaryimage"},"thumbnailUrl":"https:\/\/shop.bantam.ch\/wp-content\/uploads\/2025\/03\/Movera-L-9962703100.png","datePublished":"2025-03-14T15:06:17+00:00","dateModified":"2026-05-01T23:51:14+00:00","breadcrumb":{"@id":"https:\/\/shop.bantam.ch\/fr\/produit\/batterie-lifepo4-avec-chauffage-de-cellule\/#breadcrumb"},"inLanguage":"fr-FR","potentialAction":[{"@type":"ReadAction","target":["https:\/\/shop.bantam.ch\/fr\/produit\/batterie-lifepo4-avec-chauffage-de-cellule\/"]}]},{"@type":"ImageObject","inLanguage":"fr-FR","@id":"https:\/\/shop.bantam.ch\/fr\/produit\/batterie-lifepo4-avec-chauffage-de-cellule\/#primaryimage","url":"https:\/\/shop.bantam.ch\/wp-content\/uploads\/2025\/03\/Movera-L-9962703100.png","contentUrl":"https:\/\/shop.bantam.ch\/wp-content\/uploads\/2025\/03\/Movera-L-9962703100.png","width":640,"height":454},{"@type":"BreadcrumbList","@id":"https:\/\/shop.bantam.ch\/fr\/produit\/batterie-lifepo4-avec-chauffage-de-cellule\/#breadcrumb","itemListElement":[{"@type":"ListItem","position":1,"name":"Accueil","item":"https:\/\/shop.bantam.ch\/fr\/"},{"@type":"ListItem","position":2,"name":"Boutique","item":"https:\/\/shop.bantam.ch\/fr\/boutique\/"},{"@type":"ListItem","position":3,"name":"Batterie LiFePo4 avec chauffage de cellule"}]},{"@type":"WebSite","@id":"https:\/\/shop.bantam.ch\/fr\/#website","url":"https:\/\/shop.bantam.ch\/fr\/","name":"Bantam","description":"","publisher":{"@id":"https:\/\/shop.bantam.ch\/fr\/#organization"},"inLanguage":"fr-FR"},{"@type":"Organization","@id":"https:\/\/shop.bantam.ch\/fr\/#organization","name":"Bantam","url":"https:\/\/shop.bantam.ch\/fr\/","logo":{"@type":"ImageObject","inLanguage":"fr-FR","@id":"https:\/\/shop.bantam.ch\/fr\/#\/schema\/logo\/image\/","url":"https:\/\/shop.bantam.ch\/wp-content\/uploads\/2022\/12\/bantam-logo.png","contentUrl":"https:\/\/shop.bantam.ch\/wp-content\/uploads\/2022\/12\/bantam-logo.png","width":320,"height":71,"caption":"Bantam"},"image":{"@id":"https:\/\/shop.bantam.ch\/fr\/#\/schema\/logo\/image\/"}}]}},"_links":{"self":[{"href":"https:\/\/shop.bantam.ch\/fr\/wp-json\/wp\/v2\/product\/214440","targetHints":{"allow":["GET"]}}],"collection":[{"href":"https:\/\/shop.bantam.ch\/fr\/wp-json\/wp\/v2\/product"}],"about":[{"href":"https:\/\/shop.bantam.ch\/fr\/wp-json\/wp\/v2\/types\/product"}],"wp:featuredmedia":[{"embeddable":true,"href":"https:\/\/shop.bantam.ch\/fr\/wp-json\/wp\/v2\/media\/214438"}],"wp:attachment":[{"href":"https:\/\/shop.bantam.ch\/fr\/wp-json\/wp\/v2\/media?parent=214440"}],"wp:term":[{"taxonomy":"product_featured_cat","embeddable":true,"href":"https:\/\/shop.bantam.ch\/fr\/wp-json\/wp\/v2\/product_featured_cat?post=214440"},{"taxonomy":"product_brand","embeddable":true,"href":"https:\/\/shop.bantam.ch\/fr\/wp-json\/wp\/v2\/product_brand?post=214440"},{"taxonomy":"product_cat","embeddable":true,"href":"https:\/\/shop.bantam.ch\/fr\/wp-json\/wp\/v2\/product_cat?post=214440"},{"taxonomy":"product_tag","embeddable":true,"href":"https:\/\/shop.bantam.ch\/fr\/wp-json\/wp\/v2\/product_tag?post=214440"}],"curies":[{"name":"wp","href":"https:\/\/api.w.org\/{rel}","templated":true}]}}